{"id":69572,"date":"2022-01-25T21:03:25","date_gmt":"2022-01-25T21:03:25","guid":{"rendered":"https:\/\/monatglobal.com\/es\/?page_id=67682"},"modified":"2023-01-04T16:14:51","modified_gmt":"2023-01-04T16:14:51","slug":"balance","status":"publish","type":"page","link":"https:\/\/monatglobal.com\/es\/balance\/","title":{"rendered":"MONAT Balance\u2122"},"content":{"rendered":"\n\n\t<link rel=\"stylesheet\" href=\"https:\/\/unpkg.com\/swiper\/swiper-bundle.min.css\" \/>\n<link rel=\"stylesheet\" href=\"https:\/\/monatglobal.com\/wp-content\/creative_css\/product_styles_sheet.css\" \/>\n   <!--==================================================== ECOMM SECTION ====================================================-->\n      <!--==================================================== Ecomm image ====================================================-->\n       \n      <source media=\"(max-width: 700px)\" srcset=\"https:\/\/monatglobal.com\/es\/wp-content\/uploads\/sites\/10\/2022\/01\/balance-ecomm-2022_mobile.png\" alt=\"MONAT Balance\u2122\"\/>\n      <img decoding=\"async\" src=\"https:\/\/monatglobal.com\/es\/wp-content\/uploads\/sites\/10\/2022\/01\/balance-ecomm-2022.png\" alt=\"MONAT Balance\u2122\"\/>\n         \n      <!--==================================================== Ecomm information  ====================================================-->\n         \n         <h1>MONAT Balance\u2122<\/h1>\n         \n         Nuestra tecnolog\u00eda en c\u00e1psulas contiene 12 cultivos de 5.000 millones \n         de bacterias activas de \u00e1cido l\u00e1ctico para favorecer la digesti\u00f3n, as\u00ed como la piel, el cabello y las&nbsp;u\u00f1as.\n         <p>30 C\u00e1psulas veganas<\/p>\n               <p>Precio de venta Cliente<br \/>76 \u20ac<\/p>\n               <p>Precio Cliente VIP<br \/>65 \u20ac<\/p>\n         <p>Para conocer m\u00e1s sobre MONAT Balance\u2122, ponte en contacto con tu Market Partner de&nbsp;MONAT.<\/p>\n            <a href=\"https:\/\/corp.mymonat.com\/shop\/products\/monat-balance-6000002310\/?globallanguage=es&#038;globalmarket=es\" target=\"_blank\" aria-label=\"Go to MONAT Balance\u2122 shop\" rel=\"noopener\">COMPRAR AHORA<\/a>\n   <!--==================================================== \/ECOMM SECTION  ====================================================-->\n   <!--==================================================== Benefits image ====================================================-->\n  \n    <source media=\"(max-width: 700px)\" srcset=\"https:\/\/monatglobal.com\/es\/wp-content\/uploads\/sites\/10\/2022\/01\/balance-benefits_mobile.jpg\"\/>\n      <img decoding=\"async\" src=\"https:\/\/monatglobal.com\/es\/wp-content\/uploads\/sites\/10\/2022\/01\/balance-benefits_desk.jpg\" \n      alt=\"\"\/>\n    \n   <!--==================================================== Benefits text ====================================================-->\n         <h2>BENEFICIOS<\/h2>\n         <h3>Un suplemento prebi\u00f3tico es importante para conseguir y mantener \n         un sistema inmunitario saludable y promover un tr\u00e1nsito digestivo&nbsp;saludable. <\/h3>\n         <p>Favorece la digesti\u00f3n, as\u00ed como la piel, el cabello y las&nbsp;u\u00f1as.*<\/p>\n         <!--==================================================== features image  ====================================================-->\n         <img decoding=\"async\" alt=\"\" src=\"https:\/\/monatglobal.com\/es\/wp-content\/uploads\/sites\/10\/2022\/01\/balance-features.jpg\"\/>\n      <!--==================================================== features text ====================================================-->\n            <h3>Favorece la digesti\u00f3n y contribuye al normal funcionamiento del sistema&nbsp;inmunitario.*<\/h3>\n               <p>\/ El calcio contribuye al normal funcionamiento de las enzimas digestivas para respaldar la&nbsp;digesti\u00f3n. *<\/p>\n               \/ El calcio y el zinc contribuyen al mantenimiento regular de la piel, el cabello y las u\u00f1as, as\u00ed como al \n               funcionamiento normal del sistema&nbsp;inmunitario.*\n               <p>\/ 12 cultivos de 5.000 millones de bacterias activas de \u00e1cido l\u00e1ctico.* <\/p>\n               \/ *El zinc contribuye al normal funcionamiento cognitivo, ayuda al sistema inmunitario y protege las c\u00e9lulas \n               del estr\u00e9s&nbsp;oxidativo. *\n               <br \/>\n            <p>Fragrance \/ Unwind and enjoy a coconut-forward, citrusy aroma with notes of blood orange, coconut husk, cashew nut and&nbsp;sandalwood. <\/p>\n            <p> Texture \/ Cream <\/p>\n   <!--==================================================== composition image mobile ====================================================-->\n   <img decoding=\"async\" alt=\"\" src=\"https:\/\/monatglobal.com\/es\/wp-content\/uploads\/sites\/10\/2022\/01\/balance-composition-1.jpg\"\/>\n   <!--==================================================== Why it works text ====================================================-->\n      <h2>* Nuestra f\u00f3rmula Balance ayuda al normal funcionamiento de la&nbsp;digesti\u00f3n. <\/h2>\n      <h3>La bacteria que contiene nuestra f\u00f3rmula trabaja de la misma manera en la \n      que lo hace la bacteria \u00e1cido l\u00e1ctica en el est\u00f3mago, ayudando al sistema bacteriano saludable del&nbsp;intestino.<\/h3>\n<!--==================================================== Composition section ====================================================-->\n      <img decoding=\"async\" alt=\"\" src=\"https:\/\/monatglobal.com\/es\/wp-content\/uploads\/sites\/10\/2022\/01\/balance-composition-1.jpg\"\/>\n      <img decoding=\"async\" alt=\"\" \n      src=\"https:\/\/monatglobal.com\/es\/wp-content\/uploads\/sites\/10\/2022\/01\/balance-composition-3.jpg\"\/>\n            <!--==================================================== Directions text ====================================================--> \n               <h3>Modo de uso<\/h3>\n                    <p>\/ Toma una (1) c\u00e1psula diaria junto con un vaso lleno de agua antes de tu primera&nbsp;comida.<\/p>\n            <!--==================================================== Directions video ====================================================-->\n      <p>Eye Smooth\u2122 <br \/>0:32<\/p>\n        <a href=\"https:\/\/corp.mymonat.com\/shop\/products\/monat-balance-6000002310\/?globallanguage=es&#038;globalmarket=es\" target=\"_blank\" aria-label=\"Go to MONAT Balance\u2122 shop\" rel=\"noopener\">COMPRAR AHORA<\/a>\n   <!--==================================================== Ingredients section  ====================================================-->\n      <h2>INGREDIENTES ACTIVOS CLAVE<\/h2>\n              <p>Prebi\u00f3ticos: Inulina, polvo de c\u00e1scara de&nbsp;arroz<\/p>\n        <button id=\"myBtn\" type=\"button\">VER LA LISTA DE INGREDIENTES COMPLETA <\/button>\n      <!--==================================================== Modal content  ====================================================-->\n         &times;\n         calcium oxide, inulin (chicory), glazing agent: hydroxypropyl methyl cellulose (vegetable \n         capsule shell), anti-caking agent: silicon dioxide, 5.1 % bacteria mixture (Lactobacillus acidophilus, lactobacillus \n         plantarum, bifidobacterium lactis, lactobacillus casei, lactobacillus paracasei, lactobacillus brevis, lactobacillus \n         rhamnosus, bifidobacterium breve, lactobacillus salivarius, bifidobacterium bifidum, bifidobacterium longum, \n         lactobacillus gasseri), rice hull powder (Oryza), licorice root powder (Glycyrrhiza glabra), DL-alpha-tocopheryl \n         acetate, zinc&nbsp;oxide\n   <!--==================================================== You might also like section ====================================================-->\n      <h2>PUEDE QUE TAMBI\u00c9N TE GUSTE<\/h2>\n      <!--==================================================== Slider YOU MIGHT ALSO LIKE ====================================================-->\n                <!-- Slides products-->\n                   <a href=\"\/es\/collagen\/\" aria-label=\"Go to Collagen Key\u2122 page\">\n                    <img decoding=\"async\" src=\"https:\/\/monatglobal.com\/wp-content\/uploads\/2022\/12\/Collagen-key-ecomm-2022-min.png\" alt=\"Collagen Key\u2122 \"\/>\n                    <p>Collagen Key\u2122<\/p>\n                  <\/a>\n                   <a href=\"\/es\/total-greens\/\" aria-label=\"Go to Total Greens\u2122 page\">\n                    <img decoding=\"async\" src=\"https:\/\/monatglobal.com\/wp-content\/uploads\/2022\/12\/Total-greens-ecomm-2022-min.png\" alt=\"Total Greens\u2122 \"\/>\n                    <p>Total Greens\u2122 <\/p>\n                  <\/a>\n                   <a href=\"\/es\/vegan-protein\/\" aria-label=\"Go to Prote\u00edna Vegana MONAT page\">\n                      <img decoding=\"async\" src=\"https:\/\/monatglobal.com\/wp-content\/uploads\/2022\/12\/Vegan-protein-powder-ecomm-2022-min.png\" alt=\"Prote\u00edna Vegana MONAT\"\/>\n                      <p>Prote\u00edna Vegana MONAT<\/p>\n                   <\/a>\n             <!-- If we need navigation buttons -->\n             <!-- If we need paginations -->\n  <a href=\"\/es\/wellness\/\" aria-label=\"Go to Visi \u201eWellness\" produktai\"><p>Todos los productos Wellness<\/p><\/a>\n<!--==================================================== this link has to go last for it to work   ====================================================-->\n\n","protected":false},"excerpt":{"rendered":"<p>MONAT Balance\u2122 Nuestra tecnolog\u00eda en c\u00e1psulas contiene 12 cultivos de 5.000 millones de bacterias activas de \u00e1cido l\u00e1ctico para favorecer la digesti\u00f3n, as\u00ed como la piel, el cabello y las&nbsp;u\u00f1as. 30 C\u00e1psulas veganas Precio de venta Cliente76 \u20ac Precio Cliente VIP65 \u20ac Para conocer m\u00e1s sobre MONAT Balance\u2122, ponte en contacto con tu Market Partner&hellip;<\/p>\n","protected":false},"author":31,"featured_media":67683,"parent":0,"menu_order":0,"comment_status":"closed","ping_status":"closed","template":"","meta":{"inline_featured_image":false,"om_disable_all_campaigns":false,"_monsterinsights_skip_tracking":false,"_monsterinsights_sitenote_active":false,"_monsterinsights_sitenote_note":"","_monsterinsights_sitenote_category":0,"footnotes":""},"categories":[],"tags":[],"class_list":["post-69572","page","type-page","status-publish","has-post-thumbnail","hentry"],"aioseo_notices":[],"aioseo_head":"\n\t\t<!-- All in One SEO Pro 4.9.5.2 - aioseo.com -->\n\t<meta name=\"description\" content=\"MONAT Balance\u2122 Nuestra tecnolog\u00eda en c\u00e1psulas contiene 12 cultivos de 5.000 millones de bacterias activas de \u00e1cido l\u00e1ctico para favorecer la digesti\u00f3n, as\u00ed como la piel, el cabello y las u\u00f1as. 30 C\u00e1psulas veganas Precio de venta Cliente76 \u20ac Precio Cliente VIP65 \u20ac Para conocer m\u00e1s sobre MONAT Balance\u2122, ponte en contacto con tu Market Partner\" \/>\n\t<meta name=\"robots\" content=\"max-image-preview:large\" \/>\n\t<link rel=\"canonical\" href=\"https:\/\/monatglobal.com\/es\/balance\/\" \/>\n\t<meta name=\"generator\" content=\"All in One SEO Pro (AIOSEO) 4.9.5.2\" \/>\n\t\t<meta property=\"og:locale\" content=\"en_US\" \/>\n\t\t<meta property=\"og:site_name\" content=\"MONAT Espa\u00f1a - We Are Modern Nature\u00ae\" \/>\n\t\t<meta property=\"og:type\" content=\"article\" \/>\n\t\t<meta property=\"og:title\" content=\"MONAT Balance\u2122 - MONAT Espa\u00f1a\" \/>\n\t\t<meta property=\"og:description\" content=\"MONAT Balance\u2122 Nuestra tecnolog\u00eda en c\u00e1psulas contiene 12 cultivos de 5.000 millones de bacterias activas de \u00e1cido l\u00e1ctico para favorecer la digesti\u00f3n, as\u00ed como la piel, el cabello y las u\u00f1as. 30 C\u00e1psulas veganas Precio de venta Cliente76 \u20ac Precio Cliente VIP65 \u20ac Para conocer m\u00e1s sobre MONAT Balance\u2122, ponte en contacto con tu Market Partner\" \/>\n\t\t<meta property=\"og:url\" content=\"https:\/\/monatglobal.com\/es\/balance\/\" \/>\n\t\t<meta property=\"article:published_time\" content=\"2022-01-25T21:03:25+00:00\" \/>\n\t\t<meta property=\"article:modified_time\" content=\"2023-01-04T16:14:51+00:00\" \/>\n\t\t<meta name=\"twitter:card\" content=\"summary_large_image\" \/>\n\t\t<meta name=\"twitter:title\" content=\"MONAT Balance\u2122 - MONAT Espa\u00f1a\" \/>\n\t\t<meta name=\"twitter:description\" content=\"MONAT Balance\u2122 Nuestra tecnolog\u00eda en c\u00e1psulas contiene 12 cultivos de 5.000 millones de bacterias activas de \u00e1cido l\u00e1ctico para favorecer la digesti\u00f3n, as\u00ed como la piel, el cabello y las u\u00f1as. 30 C\u00e1psulas veganas Precio de venta Cliente76 \u20ac Precio Cliente VIP65 \u20ac Para conocer m\u00e1s sobre MONAT Balance\u2122, ponte en contacto con tu Market Partner\" \/>\n\t\t<script type=\"application\/ld+json\" class=\"aioseo-schema\">\n\t\t\t{\"@context\":\"https:\\\/\\\/schema.org\",\"@graph\":[{\"@type\":\"BreadcrumbList\",\"@id\":\"https:\\\/\\\/monatglobal.com\\\/es\\\/balance\\\/#breadcrumblist\",\"itemListElement\":[{\"@type\":\"ListItem\",\"@id\":\"https:\\\/\\\/monatglobal.com\\\/es#listItem\",\"position\":1,\"name\":\"Home\",\"item\":\"https:\\\/\\\/monatglobal.com\\\/es\",\"nextItem\":{\"@type\":\"ListItem\",\"@id\":\"https:\\\/\\\/monatglobal.com\\\/es\\\/balance\\\/#listItem\",\"name\":\"MONAT Balance\\u2122\"}},{\"@type\":\"ListItem\",\"@id\":\"https:\\\/\\\/monatglobal.com\\\/es\\\/balance\\\/#listItem\",\"position\":2,\"name\":\"MONAT Balance\\u2122\",\"previousItem\":{\"@type\":\"ListItem\",\"@id\":\"https:\\\/\\\/monatglobal.com\\\/es#listItem\",\"name\":\"Home\"}}]},{\"@type\":\"Organization\",\"@id\":\"https:\\\/\\\/monatglobal.com\\\/es\\\/#organization\",\"name\":\"MONAT Espa\\u00f1a\",\"description\":\"We Are Modern Nature\\u00ae\",\"url\":\"https:\\\/\\\/monatglobal.com\\\/es\\\/\"},{\"@type\":\"WebPage\",\"@id\":\"https:\\\/\\\/monatglobal.com\\\/es\\\/balance\\\/#webpage\",\"url\":\"https:\\\/\\\/monatglobal.com\\\/es\\\/balance\\\/\",\"name\":\"MONAT Balance\\u2122 - MONAT Espa\\u00f1a\",\"description\":\"MONAT Balance\\u2122 Nuestra tecnolog\\u00eda en c\\u00e1psulas contiene 12 cultivos de 5.000 millones de bacterias activas de \\u00e1cido l\\u00e1ctico para favorecer la digesti\\u00f3n, as\\u00ed como la piel, el cabello y las u\\u00f1as. 30 C\\u00e1psulas veganas Precio de venta Cliente76 \\u20ac Precio Cliente VIP65 \\u20ac Para conocer m\\u00e1s sobre MONAT Balance\\u2122, ponte en contacto con tu Market Partner\",\"inLanguage\":\"en-US\",\"isPartOf\":{\"@id\":\"https:\\\/\\\/monatglobal.com\\\/es\\\/#website\"},\"breadcrumb\":{\"@id\":\"https:\\\/\\\/monatglobal.com\\\/es\\\/balance\\\/#breadcrumblist\"},\"image\":{\"@type\":\"ImageObject\",\"url\":\"https:\\\/\\\/monatglobal.com\\\/es\\\/wp-content\\\/uploads\\\/sites\\\/10\\\/2021\\\/01\\\/glowing-gratitude-Uk-desktop-2.png\",\"@id\":\"https:\\\/\\\/monatglobal.com\\\/es\\\/balance\\\/#mainImage\",\"width\":735,\"height\":475},\"primaryImageOfPage\":{\"@id\":\"https:\\\/\\\/monatglobal.com\\\/es\\\/balance\\\/#mainImage\"},\"datePublished\":\"2022-01-25T21:03:25+00:00\",\"dateModified\":\"2023-01-04T16:14:51+00:00\"},{\"@type\":\"WebSite\",\"@id\":\"https:\\\/\\\/monatglobal.com\\\/es\\\/#website\",\"url\":\"https:\\\/\\\/monatglobal.com\\\/es\\\/\",\"name\":\"MONAT Espa\\u00f1a\",\"description\":\"We Are Modern Nature\\u00ae\",\"inLanguage\":\"en-US\",\"publisher\":{\"@id\":\"https:\\\/\\\/monatglobal.com\\\/es\\\/#organization\"}}]}\n\t\t<\/script>\n\t\t<!-- All in One SEO Pro -->\r\n\t\t<title>MONAT Balance\u2122 - MONAT Espa\u00f1a<\/title>\n\n","aioseo_head_json":{"title":"MONAT Balance\u2122 - MONAT Espa\u00f1a","description":"MONAT Balance\u2122 Nuestra tecnolog\u00eda en c\u00e1psulas contiene 12 cultivos de 5.000 millones de bacterias activas de \u00e1cido l\u00e1ctico para favorecer la digesti\u00f3n, as\u00ed como la piel, el cabello y las u\u00f1as. 30 C\u00e1psulas veganas Precio de venta Cliente76 \u20ac Precio Cliente VIP65 \u20ac Para conocer m\u00e1s sobre MONAT Balance\u2122, ponte en contacto con tu Market Partner","canonical_url":"https:\/\/monatglobal.com\/es\/balance\/","robots":"max-image-preview:large","keywords":"","webmasterTools":{"miscellaneous":""},"schema":{"@context":"https:\/\/schema.org","@graph":[{"@type":"BreadcrumbList","@id":"https:\/\/monatglobal.com\/es\/balance\/#breadcrumblist","itemListElement":[{"@type":"ListItem","@id":"https:\/\/monatglobal.com\/es#listItem","position":1,"name":"Home","item":"https:\/\/monatglobal.com\/es","nextItem":{"@type":"ListItem","@id":"https:\/\/monatglobal.com\/es\/balance\/#listItem","name":"MONAT Balance\u2122"}},{"@type":"ListItem","@id":"https:\/\/monatglobal.com\/es\/balance\/#listItem","position":2,"name":"MONAT Balance\u2122","previousItem":{"@type":"ListItem","@id":"https:\/\/monatglobal.com\/es#listItem","name":"Home"}}]},{"@type":"Organization","@id":"https:\/\/monatglobal.com\/es\/#organization","name":"MONAT Espa\u00f1a","description":"We Are Modern Nature\u00ae","url":"https:\/\/monatglobal.com\/es\/"},{"@type":"WebPage","@id":"https:\/\/monatglobal.com\/es\/balance\/#webpage","url":"https:\/\/monatglobal.com\/es\/balance\/","name":"MONAT Balance\u2122 - MONAT Espa\u00f1a","description":"MONAT Balance\u2122 Nuestra tecnolog\u00eda en c\u00e1psulas contiene 12 cultivos de 5.000 millones de bacterias activas de \u00e1cido l\u00e1ctico para favorecer la digesti\u00f3n, as\u00ed como la piel, el cabello y las u\u00f1as. 30 C\u00e1psulas veganas Precio de venta Cliente76 \u20ac Precio Cliente VIP65 \u20ac Para conocer m\u00e1s sobre MONAT Balance\u2122, ponte en contacto con tu Market Partner","inLanguage":"en-US","isPartOf":{"@id":"https:\/\/monatglobal.com\/es\/#website"},"breadcrumb":{"@id":"https:\/\/monatglobal.com\/es\/balance\/#breadcrumblist"},"image":{"@type":"ImageObject","url":"https:\/\/monatglobal.com\/es\/wp-content\/uploads\/sites\/10\/2021\/01\/glowing-gratitude-Uk-desktop-2.png","@id":"https:\/\/monatglobal.com\/es\/balance\/#mainImage","width":735,"height":475},"primaryImageOfPage":{"@id":"https:\/\/monatglobal.com\/es\/balance\/#mainImage"},"datePublished":"2022-01-25T21:03:25+00:00","dateModified":"2023-01-04T16:14:51+00:00"},{"@type":"WebSite","@id":"https:\/\/monatglobal.com\/es\/#website","url":"https:\/\/monatglobal.com\/es\/","name":"MONAT Espa\u00f1a","description":"We Are Modern Nature\u00ae","inLanguage":"en-US","publisher":{"@id":"https:\/\/monatglobal.com\/es\/#organization"}}]},"og:locale":"en_US","og:site_name":"MONAT Espa\u00f1a - We Are Modern Nature\u00ae","og:type":"article","og:title":"MONAT Balance\u2122 - MONAT Espa\u00f1a","og:description":"MONAT Balance\u2122 Nuestra tecnolog\u00eda en c\u00e1psulas contiene 12 cultivos de 5.000 millones de bacterias activas de \u00e1cido l\u00e1ctico para favorecer la digesti\u00f3n, as\u00ed como la piel, el cabello y las u\u00f1as. 30 C\u00e1psulas veganas Precio de venta Cliente76 \u20ac Precio Cliente VIP65 \u20ac Para conocer m\u00e1s sobre MONAT Balance\u2122, ponte en contacto con tu Market Partner","og:url":"https:\/\/monatglobal.com\/es\/balance\/","article:published_time":"2022-01-25T21:03:25+00:00","article:modified_time":"2023-01-04T16:14:51+00:00","twitter:card":"summary_large_image","twitter:title":"MONAT Balance\u2122 - MONAT Espa\u00f1a","twitter:description":"MONAT Balance\u2122 Nuestra tecnolog\u00eda en c\u00e1psulas contiene 12 cultivos de 5.000 millones de bacterias activas de \u00e1cido l\u00e1ctico para favorecer la digesti\u00f3n, as\u00ed como la piel, el cabello y las u\u00f1as. 30 C\u00e1psulas veganas Precio de venta Cliente76 \u20ac Precio Cliente VIP65 \u20ac Para conocer m\u00e1s sobre MONAT Balance\u2122, ponte en contacto con tu Market Partner"},"aioseo_meta_data":{"post_id":"69572","title":null,"description":null,"keywords":null,"keyphrases":null,"primary_term":null,"canonical_url":null,"og_title":null,"og_description":null,"og_object_type":"default","og_image_type":"default","og_image_url":null,"og_image_width":null,"og_image_height":null,"og_image_custom_url":null,"og_image_custom_fields":null,"og_video":null,"og_custom_url":null,"og_article_section":null,"og_article_tags":null,"twitter_use_og":false,"twitter_card":"default","twitter_image_type":"default","twitter_image_url":null,"twitter_image_custom_url":null,"twitter_image_custom_fields":null,"twitter_title":null,"twitter_description":null,"schema":{"blockGraphs":[],"customGraphs":[],"default":{"data":{"Article":[],"Course":[],"Dataset":[],"FAQPage":[],"Movie":[],"Person":[],"Product":[],"ProductReview":[],"Car":[],"Recipe":[],"Service":[],"SoftwareApplication":[],"WebPage":[]},"graphName":"","isEnabled":true},"graphs":[]},"schema_type":"default","schema_type_options":null,"pillar_content":false,"robots_default":true,"robots_noindex":false,"robots_noarchive":false,"robots_nosnippet":false,"robots_nofollow":false,"robots_noimageindex":false,"robots_noodp":false,"robots_notranslate":false,"robots_max_snippet":null,"robots_max_videopreview":null,"robots_max_imagepreview":"large","priority":null,"frequency":null,"local_seo":null,"seo_analyzer_scan_date":"2025-08-14 17:49:37","limit_modified_date":false,"reviewed_by":null,"open_ai":null,"ai":null,"created":"2023-07-26 09:27:24","updated":"2025-08-14 17:49:37"},"aioseo_breadcrumb":"<div class=\"aioseo-breadcrumbs\"><span class=\"aioseo-breadcrumb\">\n\t<a href=\"https:\/\/monatglobal.com\/es\" title=\"Home\">Home<\/a>\n<\/span><span class=\"aioseo-breadcrumb-separator\">&raquo;<\/span><span class=\"aioseo-breadcrumb\">\n\tMONAT Balance\u2122\n<\/span><\/div>","aioseo_breadcrumb_json":[{"label":"Home","link":"https:\/\/monatglobal.com\/es"},{"label":"MONAT Balance\u2122","link":"https:\/\/monatglobal.com\/es\/balance\/"}],"_links":{"self":[{"href":"https:\/\/monatglobal.com\/es\/wp-json\/wp\/v2\/pages\/69572","targetHints":{"allow":["GET"]}}],"collection":[{"href":"https:\/\/monatglobal.com\/es\/wp-json\/wp\/v2\/pages"}],"about":[{"href":"https:\/\/monatglobal.com\/es\/wp-json\/wp\/v2\/types\/page"}],"author":[{"embeddable":true,"href":"https:\/\/monatglobal.com\/es\/wp-json\/wp\/v2\/users\/31"}],"replies":[{"embeddable":true,"href":"https:\/\/monatglobal.com\/es\/wp-json\/wp\/v2\/comments?post=69572"}],"version-history":[{"count":6,"href":"https:\/\/monatglobal.com\/es\/wp-json\/wp\/v2\/pages\/69572\/revisions"}],"predecessor-version":[{"id":71221,"href":"https:\/\/monatglobal.com\/es\/wp-json\/wp\/v2\/pages\/69572\/revisions\/71221"}],"wp:featuredmedia":[{"embeddable":true,"href":"https:\/\/monatglobal.com\/es\/wp-json\/wp\/v2\/media\/67683"}],"wp:attachment":[{"href":"https:\/\/monatglobal.com\/es\/wp-json\/wp\/v2\/media?parent=69572"}],"wp:term":[{"taxonomy":"category","embeddable":true,"href":"https:\/\/monatglobal.com\/es\/wp-json\/wp\/v2\/categories?post=69572"},{"taxonomy":"post_tag","embeddable":true,"href":"https:\/\/monatglobal.com\/es\/wp-json\/wp\/v2\/tags?post=69572"}],"curies":[{"name":"wp","href":"https:\/\/api.w.org\/{rel}","templated":true}]}}