{"id":69571,"date":"2021-11-26T14:24:33","date_gmt":"2021-11-26T14:24:33","guid":{"rendered":"https:\/\/monatglobal.com\/es\/?page_id=65854"},"modified":"2026-02-24T17:50:03","modified_gmt":"2026-02-24T17:50:03","slug":"skin-revitalizing","status":"publish","type":"page","link":"https:\/\/monatglobal.com\/es\/skin-revitalizing\/","title":{"rendered":"Skin Revitalizing Essence\u2122"},"content":{"rendered":"\n\n\t<link rel=\"stylesheet\" href=\"https:\/\/unpkg.com\/swiper\/swiper-bundle.min.css\" \/>\n<link rel=\"stylesheet\" href=\"https:\/\/monatglobal.com\/wp-content\/creative_css\/product_styles_sheet.css\" \/>\n   <!--==================================================== ECOMM SECTION ====================================================-->\n      <!--==================================================== Ecomm image ====================================================-->\n      <img decoding=\"async\" src=\"https:\/\/monatglobal.com\/es\/wp-content\/uploads\/sites\/10\/2021\/12\/Skin-Revitalizing-Essence-ecomm-2022.png\" alt=\"Skin Revitalizing Essence\u2122\" loading=\"lazy\"\/>\n      <!--==================================================== Ecomm information  ====================================================-->\n         \n         <h1>Skin<br \/>Revitalizing<br \/>Essence\u2122<\/h1>\n         \n         <p>Rejuvenecedora e hidratante<br \/> \u00c1cidos de frutas y camomila natural para perfeccionar los poros<\/p>\n         <p>120 ml \u212e 4.0 fl. oz.<\/p>\n        <!--==================================================== pricing box  ====================================================--> \n         <p>Precio de venta Cliente<br \/>00.00 \u20ac<\/p>\n         <p>Precio Cliente VIP<br \/>00.00 \u20ac<\/p>\n        <!--==================================================== pricing box  ====================================================-->  \n         <p>Para conocer m\u00e1s sobre Skin Revitalizing Essence\u2122, ponte en contacto con tu Market Partner de&nbsp;MONAT.<\/p>\n          <a href=\"\" target=\"_blank\" role=\"button\" aria-label=\"\" rel=\"noopener\"><\/a>\n   <!--==================================================== \/ECOMM SECTION  ====================================================-->\n   <!--==================================================== Benefits image ====================================================-->\n  \n    <source media=\"(max-width: 700px)\" srcset=\"https:\/\/monatglobal.com\/es\/wp-content\/uploads\/sites\/10\/2021\/12\/Skin-Revitalizing-Essence-benefits-close-up_mobile.jpg\" loading=\"lazy\"\/>\n      <img decoding=\"async\" src=\"https:\/\/monatglobal.com\/es\/wp-content\/uploads\/sites\/10\/2021\/12\/Skin-Revitalizing-Essence-benefits-close-up.jpg\" alt=\"\" loading=\"lazy\"\/>\n    \n   <!--==================================================== Benefits text ====================================================-->\n         <h2>BENEFICIOS<\/h2>\n         <h3>Un agua ligera y milagrosa que ayuda r\u00e1pidamente a hidratar y rellenar la piel, dejando un cutis m\u00e1s \n         terso, luminoso y radiante en todo tipo de&nbsp;pieles.<\/h3>\n         <!--==================================================== features image  ====================================================-->\n         <img decoding=\"async\" alt=\"\" src=\"https:\/\/monatglobal.com\/es\/wp-content\/uploads\/sites\/10\/2021\/12\/Skin-Revitalizing-Essence-features.jpg\" loading=\"lazy\"\/>\n      <!--==================================================== features text ====================================================-->\n            <h3>Caracter\u00edsticas<\/h3>\n               <p>\/ Prepara la piel para recibir los nutrientes de los productos de cuidado de la piel&nbsp;MONAT<\/p>\n               <p>\/ La piel se ve m\u00e1s luminosa y&nbsp;resplandeciente<\/p>\n               <p>\/ Los poros se ven m\u00e1s&nbsp;cerrados<\/p>\n               <p>\/ Hidrata y nutre la&nbsp;piel<\/p>\n               <p>\/ Ayuda a reducir al m\u00ednimo la aparici\u00f3n de arrugas y l\u00edneas de&nbsp;expresi\u00f3n<\/p>\n               <p>\/ La piel se siente suave y&nbsp;tersa<\/p>\n               <br \/>\n            <p>Fragrance \/ Unwind and enjoy a coconut-forward, citrusy aroma with notes of blood orange, coconut husk, cashew nut and&nbsp;sandalwood. <\/p>\n            <p> Texture \/ Cream <\/p>\n   <!--==================================================== composition image mobile ====================================================-->\n   <img decoding=\"async\" alt=\"\" src=\"https:\/\/monatglobal.com\/es\/wp-content\/uploads\/sites\/10\/2021\/12\/Skin-Revitalizing-Essence-composition-1.jpg\" loading=\"lazy\"\/>\n   <!--==================================================== Why it works text ====================================================-->\n      <h2>REJUVENECEDORA E HIDRATANTE<\/h2>\n      <h3>Esta agua con propiedades beneficiosas contiene la mezcla justa de ingredientes hidratantes, \n      efecto relleno y antiedad que alisan y suavizan para conseguir una piel m\u00e1s luminosa y&nbsp;radiante.<\/h3>\n<!--==================================================== Composition section ====================================================-->\n      <img decoding=\"async\" alt=\"\" src=\"https:\/\/monatglobal.com\/es\/wp-content\/uploads\/sites\/10\/2021\/12\/Skin-Revitalizing-Essence-composition-1.jpg\" loading=\"lazy\"\/>\n      <img decoding=\"async\" alt=\"\" \n      src=\"https:\/\/monatglobal.com\/es\/wp-content\/uploads\/sites\/10\/2021\/12\/Skin-Revitalizing-Essence-composition-3.jpg\" loading=\"lazy\"\/>\n            <!--==================================================== Directions text ====================================================--> \n               <h3>Modo de uso<\/h3>\n                    <p>\/ Usa cada d\u00eda por la ma\u00f1ana y por la&nbsp;noche<\/p>\n                    <p>\/ Despu\u00e9s de la limpieza, pon una peque\u00f1a cantidad en las manos y extiende con suavidad en el rostro, cuello y&nbsp;escote.<\/p>\n                    <p>\/ Deja que el producto se absorba completamente antes de aplicar tu s\u00e9rum o hidratante&nbsp;MONAT.<\/p>\n            <!--==================================================== Directions video ====================================================-->\n      <p>Skin Revitalizing Essence\u2122 <br \/>0:29<\/p>\n         <!--==================================================== suggestions image  ====================================================-->\n         <img decoding=\"async\" alt=\"\" src=\"https:\/\/monatglobal.com\/es\/wp-content\/uploads\/sites\/10\/2021\/12\/sunscreen-suggestion.jpg\" loading=\"lazy\"\/>\n      <!--==================================================== suggestions text ====================================================-->\n            <h3>Sugerencias<\/h3>\n               <p>\/ Aplica crema solar 15 minutos antes de salir a la&nbsp;calle.<\/p>\n      <a href=\"\" target=\"_blank\" role=\"button\" aria-label=\"\" rel=\"noopener\"><\/a>\n   <!--==================================================== Ingredients section  ====================================================-->\n      <h2>INGREDIENTES ACTIVOS CLAVE<\/h2>\n      <p>\u00c1cidos frutales naturales&nbsp;(AHAs)<\/p>\n      <p>Extracto de colubrina<\/p>\n      <p>Mezcla hidratante<\/p>\n      <p>Camomila<\/p>\n        <button id=\"myBtn\" type=\"button\">VER LA LISTA DE INGREDIENTES COMPLETA <\/button>\n      <!--==================================================== Modal content  ====================================================-->\n         &times;\n         Aqua\/Water\/Eau, Propanediol, Glycerin, Anadenanthera Colubrina Bark Extract, Chamomilla Recutita (Matricaria) Flower Extract, \n         Mangifera Indica (Mango) Pulp Extract, Musa Sapientum (Banana) Pulp Extract, Saccharum Officinarum (Sugarcane) Extract, Fructooligosaccharides, \n         Beta Vulgaris (Beet) Root Extract, Glycolic Acid, Potassium Lactate, Lactic Acid, Sodium Phytate, Citric Acid, Fragrance\/Parfum, Sodium Benzoate, \n         Potassium&nbsp;Sorbate.\n   <!--==================================================== You might also like section ====================================================-->\n      <h2>PUEDE QUE TAMBI\u00c9N TE GUSTE<\/h2>\n      <!--==================================================== Slider YOU MIGHT ALSO LIKE ====================================================-->\n          <!---->\n          <!--   -->\n                <!-- Slides products-->\n          <!--      -->\n          <!--         <a href=\"\/es\/refined-skin-scrub\/\" aria-label=\"Go to BERRY REFINED SCRUB page\">-->\n          <!--          <img decoding=\"async\" src=\"https:\/\/monatglobal.com\/wp-content\/uploads\/2022\/12\/skincare-berry-refined-scrub-ecomm-2022.png\" alt=\"BERRY REFINED SCRUB\" loading=\"lazy\"\/>-->\n          <!--          <p>BERRY REFINED SCRUB<\/p>-->\n          <!--        <\/a>-->\n          <!--      -->\n          <!--      -->\n          <!--         <a href=\"\/es\/age-control-nectar\/\" aria-label=\"Go to N\u00c9CTAR ANTI-EDAD REWIND\u2122 page\">-->\n          <!--          <img decoding=\"async\" src=\"https:\/\/monatglobal.com\/wp-content\/uploads\/2022\/12\/Rewind-Age-Control-Nectar-ecomm-min.png\" alt=\"N\u00c9CTAR ANTI-EDAD REWIND\u2122\" loading=\"lazy\"\/>-->\n          <!--          <p>N\u00c9CTAR ANTI-EDAD REWIND\u2122<\/p>-->\n          <!--        <\/a>-->\n          <!--      -->\n          <!--      -->\n          <!--         <a href=\"\/es\/eye-smooth\/\" aria-label=\"Go to EYE SMOOTH\u2122 page\">-->\n          <!--          <img decoding=\"async\" src=\"https:\/\/monatglobal.com\/wp-content\/uploads\/2022\/12\/Eye-smooth-ecomm-2022-min.png\" alt=\"EYE SMOOTH\u2122\" loading=\"lazy\"\/>-->\n          <!--          <p>EYE SMOOTH\u2122<\/p>-->\n          <!--        <\/a>-->\n          <!--      -->\n          <!--   -->\n             <!-- If we need navigation buttons -->\n          <!--   -->\n          <!--   -->\n             <!-- If we need paginations -->\n          <!--   -->\n          <!---->\n         <!--==================================================== If we need navigation buttons  ====================================================-->\n         <!--==================================================== If we need paginations  ====================================================-->\n    <a href=\"\" aria-label=\"\"><\/a>\n<!--==================================================== this link has to go last for it to work   ====================================================-->\n\n","protected":false},"excerpt":{"rendered":"<p>SkinRevitalizingEssence\u2122 Rejuvenecedora e hidratante \u00c1cidos de frutas y camomila natural para perfeccionar los poros 120 ml \u212e 4.0 fl. oz. Precio de venta Cliente00.00 \u20ac Precio Cliente VIP00.00 \u20ac Para conocer m\u00e1s sobre Skin Revitalizing Essence\u2122, ponte en contacto con tu Market Partner de&nbsp;MONAT. BENEFICIOS Un agua ligera y milagrosa que ayuda r\u00e1pidamente a hidratar&hellip;<\/p>\n","protected":false},"author":31,"featured_media":71801,"parent":0,"menu_order":0,"comment_status":"closed","ping_status":"closed","template":"","meta":{"inline_featured_image":false,"om_disable_all_campaigns":false,"_monsterinsights_skip_tracking":false,"_monsterinsights_sitenote_active":false,"_monsterinsights_sitenote_note":"","_monsterinsights_sitenote_category":0,"footnotes":""},"categories":[31],"tags":[],"class_list":["post-69571","page","type-page","status-publish","has-post-thumbnail","hentry","category-product-es"],"aioseo_notices":[],"aioseo_head":"\n\t\t<!-- All in One SEO Pro 4.9.5.2 - aioseo.com -->\n\t<meta name=\"description\" content=\"SkinRevitalizingEssence\u2122 Rejuvenecedora e hidratante \u00c1cidos de frutas y camomila natural para perfeccionar los poros 120 ml \u212e 4.0 fl. oz. Precio de venta Cliente00.00 \u20ac Precio Cliente VIP00.00 \u20ac Para conocer m\u00e1s sobre Skin Revitalizing Essence\u2122, ponte en contacto con tu Market Partner de MONAT. BENEFICIOS Un agua ligera y milagrosa que ayuda r\u00e1pidamente a hidratar\" \/>\n\t<meta name=\"robots\" content=\"max-image-preview:large\" \/>\n\t<link rel=\"canonical\" href=\"https:\/\/monatglobal.com\/es\/skin-revitalizing\/\" \/>\n\t<meta name=\"generator\" content=\"All in One SEO Pro (AIOSEO) 4.9.5.2\" \/>\n\t\t<meta property=\"og:locale\" content=\"en_US\" \/>\n\t\t<meta property=\"og:site_name\" content=\"MONAT Espa\u00f1a - We Are Modern Nature\u00ae\" \/>\n\t\t<meta property=\"og:type\" content=\"article\" \/>\n\t\t<meta property=\"og:title\" content=\"Skin Revitalizing Essence\u2122\" \/>\n\t\t<meta property=\"og:description\" content=\"SkinRevitalizingEssence\u2122 Rejuvenecedora e hidratante \u00c1cidos de frutas y camomila natural para perfeccionar los poros 120 ml \u212e 4.0 fl. oz. Precio de venta Cliente00.00 \u20ac Precio Cliente VIP00.00 \u20ac Para conocer m\u00e1s sobre Skin Revitalizing Essence\u2122, ponte en contacto con tu Market Partner de MONAT. BENEFICIOS Un agua ligera y milagrosa que ayuda r\u00e1pidamente a hidratar\" \/>\n\t\t<meta property=\"og:url\" content=\"https:\/\/monatglobal.com\/es\/skin-revitalizing\/\" \/>\n\t\t<meta property=\"article:published_time\" content=\"2021-11-26T14:24:33+00:00\" \/>\n\t\t<meta property=\"article:modified_time\" content=\"2026-02-24T17:50:03+00:00\" \/>\n\t\t<meta name=\"twitter:card\" content=\"summary_large_image\" \/>\n\t\t<meta name=\"twitter:title\" content=\"Skin Revitalizing Essence\u2122\" \/>\n\t\t<meta name=\"twitter:description\" content=\"SkinRevitalizingEssence\u2122 Rejuvenecedora e hidratante \u00c1cidos de frutas y camomila natural para perfeccionar los poros 120 ml \u212e 4.0 fl. oz. Precio de venta Cliente00.00 \u20ac Precio Cliente VIP00.00 \u20ac Para conocer m\u00e1s sobre Skin Revitalizing Essence\u2122, ponte en contacto con tu Market Partner de MONAT. BENEFICIOS Un agua ligera y milagrosa que ayuda r\u00e1pidamente a hidratar\" \/>\n\t\t<script type=\"application\/ld+json\" class=\"aioseo-schema\">\n\t\t\t{\"@context\":\"https:\\\/\\\/schema.org\",\"@graph\":[{\"@type\":\"BreadcrumbList\",\"@id\":\"https:\\\/\\\/monatglobal.com\\\/es\\\/skin-revitalizing\\\/#breadcrumblist\",\"itemListElement\":[{\"@type\":\"ListItem\",\"@id\":\"https:\\\/\\\/monatglobal.com\\\/es#listItem\",\"position\":1,\"name\":\"Home\",\"item\":\"https:\\\/\\\/monatglobal.com\\\/es\",\"nextItem\":{\"@type\":\"ListItem\",\"@id\":\"https:\\\/\\\/monatglobal.com\\\/es\\\/skin-revitalizing\\\/#listItem\",\"name\":\"Skin Revitalizing Essence\\u2122\"}},{\"@type\":\"ListItem\",\"@id\":\"https:\\\/\\\/monatglobal.com\\\/es\\\/skin-revitalizing\\\/#listItem\",\"position\":2,\"name\":\"Skin Revitalizing Essence\\u2122\",\"previousItem\":{\"@type\":\"ListItem\",\"@id\":\"https:\\\/\\\/monatglobal.com\\\/es#listItem\",\"name\":\"Home\"}}]},{\"@type\":\"Organization\",\"@id\":\"https:\\\/\\\/monatglobal.com\\\/es\\\/#organization\",\"name\":\"MONAT Espa\\u00f1a\",\"description\":\"We Are Modern Nature\\u00ae\",\"url\":\"https:\\\/\\\/monatglobal.com\\\/es\\\/\"},{\"@type\":\"WebPage\",\"@id\":\"https:\\\/\\\/monatglobal.com\\\/es\\\/skin-revitalizing\\\/#webpage\",\"url\":\"https:\\\/\\\/monatglobal.com\\\/es\\\/skin-revitalizing\\\/\",\"name\":\"Skin Revitalizing Essence\\u2122\",\"description\":\"SkinRevitalizingEssence\\u2122 Rejuvenecedora e hidratante \\u00c1cidos de frutas y camomila natural para perfeccionar los poros 120 ml \\u212e 4.0 fl. oz. Precio de venta Cliente00.00 \\u20ac Precio Cliente VIP00.00 \\u20ac Para conocer m\\u00e1s sobre Skin Revitalizing Essence\\u2122, ponte en contacto con tu Market Partner de MONAT. BENEFICIOS Un agua ligera y milagrosa que ayuda r\\u00e1pidamente a hidratar\",\"inLanguage\":\"en-US\",\"isPartOf\":{\"@id\":\"https:\\\/\\\/monatglobal.com\\\/es\\\/#website\"},\"breadcrumb\":{\"@id\":\"https:\\\/\\\/monatglobal.com\\\/es\\\/skin-revitalizing\\\/#breadcrumblist\"},\"image\":{\"@type\":\"ImageObject\",\"url\":\"https:\\\/\\\/monatglobal.com\\\/es\\\/wp-content\\\/uploads\\\/sites\\\/10\\\/2021\\\/12\\\/Skin-Revitalizing-Essence-ecomm-2022.png\",\"@id\":\"https:\\\/\\\/monatglobal.com\\\/es\\\/skin-revitalizing\\\/#mainImage\",\"width\":641,\"height\":800},\"primaryImageOfPage\":{\"@id\":\"https:\\\/\\\/monatglobal.com\\\/es\\\/skin-revitalizing\\\/#mainImage\"},\"datePublished\":\"2021-11-26T14:24:33+00:00\",\"dateModified\":\"2026-02-24T17:50:03+00:00\"},{\"@type\":\"WebSite\",\"@id\":\"https:\\\/\\\/monatglobal.com\\\/es\\\/#website\",\"url\":\"https:\\\/\\\/monatglobal.com\\\/es\\\/\",\"name\":\"MONAT Espa\\u00f1a\",\"description\":\"We Are Modern Nature\\u00ae\",\"inLanguage\":\"en-US\",\"publisher\":{\"@id\":\"https:\\\/\\\/monatglobal.com\\\/es\\\/#organization\"}}]}\n\t\t<\/script>\n\t\t<!-- All in One SEO Pro -->\r\n\t\t<title>Skin Revitalizing Essence\u2122<\/title>\n\n","aioseo_head_json":{"title":"Skin Revitalizing Essence\u2122","description":"SkinRevitalizingEssence\u2122 Rejuvenecedora e hidratante \u00c1cidos de frutas y camomila natural para perfeccionar los poros 120 ml \u212e 4.0 fl. oz. Precio de venta Cliente00.00 \u20ac Precio Cliente VIP00.00 \u20ac Para conocer m\u00e1s sobre Skin Revitalizing Essence\u2122, ponte en contacto con tu Market Partner de MONAT. BENEFICIOS Un agua ligera y milagrosa que ayuda r\u00e1pidamente a hidratar","canonical_url":"https:\/\/monatglobal.com\/es\/skin-revitalizing\/","robots":"max-image-preview:large","keywords":"","webmasterTools":{"miscellaneous":""},"schema":{"@context":"https:\/\/schema.org","@graph":[{"@type":"BreadcrumbList","@id":"https:\/\/monatglobal.com\/es\/skin-revitalizing\/#breadcrumblist","itemListElement":[{"@type":"ListItem","@id":"https:\/\/monatglobal.com\/es#listItem","position":1,"name":"Home","item":"https:\/\/monatglobal.com\/es","nextItem":{"@type":"ListItem","@id":"https:\/\/monatglobal.com\/es\/skin-revitalizing\/#listItem","name":"Skin Revitalizing Essence\u2122"}},{"@type":"ListItem","@id":"https:\/\/monatglobal.com\/es\/skin-revitalizing\/#listItem","position":2,"name":"Skin Revitalizing Essence\u2122","previousItem":{"@type":"ListItem","@id":"https:\/\/monatglobal.com\/es#listItem","name":"Home"}}]},{"@type":"Organization","@id":"https:\/\/monatglobal.com\/es\/#organization","name":"MONAT Espa\u00f1a","description":"We Are Modern Nature\u00ae","url":"https:\/\/monatglobal.com\/es\/"},{"@type":"WebPage","@id":"https:\/\/monatglobal.com\/es\/skin-revitalizing\/#webpage","url":"https:\/\/monatglobal.com\/es\/skin-revitalizing\/","name":"Skin Revitalizing Essence\u2122","description":"SkinRevitalizingEssence\u2122 Rejuvenecedora e hidratante \u00c1cidos de frutas y camomila natural para perfeccionar los poros 120 ml \u212e 4.0 fl. oz. Precio de venta Cliente00.00 \u20ac Precio Cliente VIP00.00 \u20ac Para conocer m\u00e1s sobre Skin Revitalizing Essence\u2122, ponte en contacto con tu Market Partner de MONAT. BENEFICIOS Un agua ligera y milagrosa que ayuda r\u00e1pidamente a hidratar","inLanguage":"en-US","isPartOf":{"@id":"https:\/\/monatglobal.com\/es\/#website"},"breadcrumb":{"@id":"https:\/\/monatglobal.com\/es\/skin-revitalizing\/#breadcrumblist"},"image":{"@type":"ImageObject","url":"https:\/\/monatglobal.com\/es\/wp-content\/uploads\/sites\/10\/2021\/12\/Skin-Revitalizing-Essence-ecomm-2022.png","@id":"https:\/\/monatglobal.com\/es\/skin-revitalizing\/#mainImage","width":641,"height":800},"primaryImageOfPage":{"@id":"https:\/\/monatglobal.com\/es\/skin-revitalizing\/#mainImage"},"datePublished":"2021-11-26T14:24:33+00:00","dateModified":"2026-02-24T17:50:03+00:00"},{"@type":"WebSite","@id":"https:\/\/monatglobal.com\/es\/#website","url":"https:\/\/monatglobal.com\/es\/","name":"MONAT Espa\u00f1a","description":"We Are Modern Nature\u00ae","inLanguage":"en-US","publisher":{"@id":"https:\/\/monatglobal.com\/es\/#organization"}}]},"og:locale":"en_US","og:site_name":"MONAT Espa\u00f1a - We Are Modern Nature\u00ae","og:type":"article","og:title":"Skin Revitalizing Essence\u2122","og:description":"SkinRevitalizingEssence\u2122 Rejuvenecedora e hidratante \u00c1cidos de frutas y camomila natural para perfeccionar los poros 120 ml \u212e 4.0 fl. oz. Precio de venta Cliente00.00 \u20ac Precio Cliente VIP00.00 \u20ac Para conocer m\u00e1s sobre Skin Revitalizing Essence\u2122, ponte en contacto con tu Market Partner de MONAT. BENEFICIOS Un agua ligera y milagrosa que ayuda r\u00e1pidamente a hidratar","og:url":"https:\/\/monatglobal.com\/es\/skin-revitalizing\/","article:published_time":"2021-11-26T14:24:33+00:00","article:modified_time":"2026-02-24T17:50:03+00:00","twitter:card":"summary_large_image","twitter:title":"Skin Revitalizing Essence\u2122","twitter:description":"SkinRevitalizingEssence\u2122 Rejuvenecedora e hidratante \u00c1cidos de frutas y camomila natural para perfeccionar los poros 120 ml \u212e 4.0 fl. oz. Precio de venta Cliente00.00 \u20ac Precio Cliente VIP00.00 \u20ac Para conocer m\u00e1s sobre Skin Revitalizing Essence\u2122, ponte en contacto con tu Market Partner de MONAT. BENEFICIOS Un agua ligera y milagrosa que ayuda r\u00e1pidamente a hidratar"},"aioseo_meta_data":{"post_id":"69571","title":"Skin Revitalizing Essence\u2122","description":null,"keywords":null,"keyphrases":{"focus":{"keyphrase":"","score":0,"analysis":{"keyphraseInTitle":{"score":0,"maxScore":9,"error":1}}},"additional":[]},"primary_term":null,"canonical_url":null,"og_title":null,"og_description":null,"og_object_type":"default","og_image_type":"default","og_image_url":null,"og_image_width":null,"og_image_height":null,"og_image_custom_url":null,"og_image_custom_fields":null,"og_video":"","og_custom_url":null,"og_article_section":null,"og_article_tags":null,"twitter_use_og":false,"twitter_card":"default","twitter_image_type":"default","twitter_image_url":null,"twitter_image_custom_url":null,"twitter_image_custom_fields":null,"twitter_title":null,"twitter_description":null,"schema":{"blockGraphs":[],"customGraphs":[],"default":{"data":{"Article":[],"Course":[],"Dataset":[],"FAQPage":[],"Movie":[],"Person":[],"Product":[],"ProductReview":[],"Car":[],"Recipe":[],"Service":[],"SoftwareApplication":[],"WebPage":[]},"graphName":"WebPage","isEnabled":true},"graphs":[]},"schema_type":"default","schema_type_options":null,"pillar_content":false,"robots_default":true,"robots_noindex":false,"robots_noarchive":false,"robots_nosnippet":false,"robots_nofollow":false,"robots_noimageindex":false,"robots_noodp":false,"robots_notranslate":false,"robots_max_snippet":"-1","robots_max_videopreview":"-1","robots_max_imagepreview":"large","priority":null,"frequency":"default","local_seo":null,"seo_analyzer_scan_date":"2026-02-24 18:11:22","limit_modified_date":false,"reviewed_by":"0","open_ai":null,"ai":{"faqs":[],"keyPoints":[],"titles":[],"descriptions":[],"socialPosts":{"email":[],"linkedin":[],"twitter":[],"facebook":[],"instagram":[]}},"created":"2023-07-26 09:22:15","updated":"2026-02-24 18:11:22"},"aioseo_breadcrumb":"<div class=\"aioseo-breadcrumbs\"><span class=\"aioseo-breadcrumb\">\n\t<a href=\"https:\/\/monatglobal.com\/es\" title=\"Home\">Home<\/a>\n<\/span><span class=\"aioseo-breadcrumb-separator\">&raquo;<\/span><span class=\"aioseo-breadcrumb\">\n\tSkin Revitalizing Essence\u2122\n<\/span><\/div>","aioseo_breadcrumb_json":[{"label":"Home","link":"https:\/\/monatglobal.com\/es"},{"label":"Skin Revitalizing Essence\u2122","link":"https:\/\/monatglobal.com\/es\/skin-revitalizing\/"}],"_links":{"self":[{"href":"https:\/\/monatglobal.com\/es\/wp-json\/wp\/v2\/pages\/69571","targetHints":{"allow":["GET"]}}],"collection":[{"href":"https:\/\/monatglobal.com\/es\/wp-json\/wp\/v2\/pages"}],"about":[{"href":"https:\/\/monatglobal.com\/es\/wp-json\/wp\/v2\/types\/page"}],"author":[{"embeddable":true,"href":"https:\/\/monatglobal.com\/es\/wp-json\/wp\/v2\/users\/31"}],"replies":[{"embeddable":true,"href":"https:\/\/monatglobal.com\/es\/wp-json\/wp\/v2\/comments?post=69571"}],"version-history":[{"count":25,"href":"https:\/\/monatglobal.com\/es\/wp-json\/wp\/v2\/pages\/69571\/revisions"}],"predecessor-version":[{"id":109249,"href":"https:\/\/monatglobal.com\/es\/wp-json\/wp\/v2\/pages\/69571\/revisions\/109249"}],"wp:featuredmedia":[{"embeddable":true,"href":"https:\/\/monatglobal.com\/es\/wp-json\/wp\/v2\/media\/71801"}],"wp:attachment":[{"href":"https:\/\/monatglobal.com\/es\/wp-json\/wp\/v2\/media?parent=69571"}],"wp:term":[{"taxonomy":"category","embeddable":true,"href":"https:\/\/monatglobal.com\/es\/wp-json\/wp\/v2\/categories?post=69571"},{"taxonomy":"post_tag","embeddable":true,"href":"https:\/\/monatglobal.com\/es\/wp-json\/wp\/v2\/tags?post=69571"}],"curies":[{"name":"wp","href":"https:\/\/api.w.org\/{rel}","templated":true}]}}