{"id":69569,"date":"2022-05-20T23:55:35","date_gmt":"2022-05-20T22:55:35","guid":{"rendered":"https:\/\/monatglobal.com\/es\/?page_id=68949"},"modified":"2022-12-14T20:42:58","modified_gmt":"2022-12-14T20:42:58","slug":"1500-events","status":"publish","type":"page","link":"https:\/\/monatglobal.com\/es\/1500-events\/","title":{"rendered":"\u00a11,500 eventos MONAT en 150 d\u00edas!"},"content":{"rendered":"\nTenemos 0 eventos registrados desde el primero de Junio\n            <img decoding=\"async\" src=\"https:\/\/monatglobal.com\/wp-content\/uploads\/2022\/08\/ph-center-mobile.png\">\n            <img decoding=\"async\" src=\"https:\/\/monatglobal.com\/wp-content\/uploads\/2022\/08\/ph-left.png\">\n                <p>Alcancemos los<\/p>\n                <p>1 de junio-30 de NOVIEMBRE<\/p>\n            <img decoding=\"async\" src=\"https:\/\/monatglobal.com\/wp-content\/uploads\/2022\/08\/ph-right.png\"> \n            <h2>Reun\u00edos. Aprended juntos. Compartid juntos.<\/h2>\n            <p>\u00a1Lo conseguiremos!<\/p>\n            <p>No importa si tu evento incluye a 10 personas o a 100, reg\u00edstralo para asegurar que cuenta para el GRAN objetivo. <\/p>\n            <a href=\"https:\/\/docs.google.com\/forms\/d\/1DoDAuu21DNfeJcLDJRkQ4SrTsaZ9geJzEKOqgHcVsNk\/edit?usp=sharing\" target=\"_blank\" rel=\"noopener\">Registra tu evento<\/a>\n","protected":false},"excerpt":{"rendered":"<p>Tenemos 0 eventos registrados desde el primero de Junio Alcancemos los 1 de junio-30 de NOVIEMBRE Reun\u00edos. Aprended juntos. Compartid juntos. \u00a1Lo conseguiremos! No importa si tu evento incluye a 10 personas o a 100, reg\u00edstralo para asegurar que cuenta para el GRAN objetivo. Registra tu evento<\/p>\n","protected":false},"author":31,"featured_media":69856,"parent":0,"menu_order":0,"comment_status":"closed","ping_status":"closed","template":"","meta":{"inline_featured_image":false,"om_disable_all_campaigns":false,"_monsterinsights_skip_tracking":false,"_monsterinsights_sitenote_active":false,"_monsterinsights_sitenote_note":"","_monsterinsights_sitenote_category":0,"footnotes":""},"categories":[],"tags":[],"class_list":["post-69569","page","type-page","status-publish","has-post-thumbnail","hentry"],"aioseo_notices":[],"aioseo_head":"\n\t\t<!-- All in One SEO Pro 4.9.5.2 - aioseo.com -->\n\t<meta name=\"description\" content=\"Tenemos 0 eventos registrados desde el primero de Junio Alcancemos los 1 de junio-30 de NOVIEMBRE Reun\u00edos. Aprended juntos. Compartid juntos. \u00a1Lo conseguiremos! No importa si tu evento incluye a 10 personas o a 100, reg\u00edstralo para asegurar que cuenta para el GRAN objetivo. Registra tu evento\" \/>\n\t<meta name=\"robots\" content=\"max-image-preview:large\" \/>\n\t<link rel=\"canonical\" href=\"https:\/\/monatglobal.com\/es\/1500-events\/\" \/>\n\t<meta name=\"generator\" content=\"All in One SEO Pro (AIOSEO) 4.9.5.2\" \/>\n\t\t<meta property=\"og:locale\" content=\"en_US\" \/>\n\t\t<meta property=\"og:site_name\" content=\"MONAT Espa\u00f1a - We Are Modern Nature\u00ae\" \/>\n\t\t<meta property=\"og:type\" content=\"article\" \/>\n\t\t<meta property=\"og:title\" content=\"\u00a11,500 eventos MONAT en 150 d\u00edas! - MONAT Espa\u00f1a\" \/>\n\t\t<meta property=\"og:description\" content=\"Tenemos 0 eventos registrados desde el primero de Junio Alcancemos los 1 de junio-30 de NOVIEMBRE Reun\u00edos. Aprended juntos. Compartid juntos. \u00a1Lo conseguiremos! No importa si tu evento incluye a 10 personas o a 100, reg\u00edstralo para asegurar que cuenta para el GRAN objetivo. Registra tu evento\" \/>\n\t\t<meta property=\"og:url\" content=\"https:\/\/monatglobal.com\/es\/1500-events\/\" \/>\n\t\t<meta property=\"article:published_time\" content=\"2022-05-20T22:55:35+00:00\" \/>\n\t\t<meta property=\"article:modified_time\" content=\"2022-12-14T20:42:58+00:00\" \/>\n\t\t<meta name=\"twitter:card\" content=\"summary_large_image\" \/>\n\t\t<meta name=\"twitter:title\" content=\"\u00a11,500 eventos MONAT en 150 d\u00edas! - MONAT Espa\u00f1a\" \/>\n\t\t<meta name=\"twitter:description\" content=\"Tenemos 0 eventos registrados desde el primero de Junio Alcancemos los 1 de junio-30 de NOVIEMBRE Reun\u00edos. Aprended juntos. Compartid juntos. \u00a1Lo conseguiremos! No importa si tu evento incluye a 10 personas o a 100, reg\u00edstralo para asegurar que cuenta para el GRAN objetivo. Registra tu evento\" \/>\n\t\t<script type=\"application\/ld+json\" class=\"aioseo-schema\">\n\t\t\t{\"@context\":\"https:\\\/\\\/schema.org\",\"@graph\":[{\"@type\":\"BreadcrumbList\",\"@id\":\"https:\\\/\\\/monatglobal.com\\\/es\\\/1500-events\\\/#breadcrumblist\",\"itemListElement\":[{\"@type\":\"ListItem\",\"@id\":\"https:\\\/\\\/monatglobal.com\\\/es#listItem\",\"position\":1,\"name\":\"Home\",\"item\":\"https:\\\/\\\/monatglobal.com\\\/es\",\"nextItem\":{\"@type\":\"ListItem\",\"@id\":\"https:\\\/\\\/monatglobal.com\\\/es\\\/1500-events\\\/#listItem\",\"name\":\"\\u00a11,500 eventos MONAT en 150 d\\u00edas!\"}},{\"@type\":\"ListItem\",\"@id\":\"https:\\\/\\\/monatglobal.com\\\/es\\\/1500-events\\\/#listItem\",\"position\":2,\"name\":\"\\u00a11,500 eventos MONAT en 150 d\\u00edas!\",\"previousItem\":{\"@type\":\"ListItem\",\"@id\":\"https:\\\/\\\/monatglobal.com\\\/es#listItem\",\"name\":\"Home\"}}]},{\"@type\":\"Organization\",\"@id\":\"https:\\\/\\\/monatglobal.com\\\/es\\\/#organization\",\"name\":\"MONAT Espa\\u00f1a\",\"description\":\"We Are Modern Nature\\u00ae\",\"url\":\"https:\\\/\\\/monatglobal.com\\\/es\\\/\"},{\"@type\":\"WebPage\",\"@id\":\"https:\\\/\\\/monatglobal.com\\\/es\\\/1500-events\\\/#webpage\",\"url\":\"https:\\\/\\\/monatglobal.com\\\/es\\\/1500-events\\\/\",\"name\":\"\\u00a11,500 eventos MONAT en 150 d\\u00edas! - MONAT Espa\\u00f1a\",\"description\":\"Tenemos 0 eventos registrados desde el primero de Junio Alcancemos los 1 de junio-30 de NOVIEMBRE Reun\\u00edos. Aprended juntos. Compartid juntos. \\u00a1Lo conseguiremos! No importa si tu evento incluye a 10 personas o a 100, reg\\u00edstralo para asegurar que cuenta para el GRAN objetivo. Registra tu evento\",\"inLanguage\":\"en-US\",\"isPartOf\":{\"@id\":\"https:\\\/\\\/monatglobal.com\\\/es\\\/#website\"},\"breadcrumb\":{\"@id\":\"https:\\\/\\\/monatglobal.com\\\/es\\\/1500-events\\\/#breadcrumblist\"},\"image\":{\"@type\":\"ImageObject\",\"url\":\"https:\\\/\\\/monatglobal.com\\\/es\\\/wp-content\\\/uploads\\\/sites\\\/10\\\/2022\\\/06\\\/1500-events-thumb-es.jpg\",\"@id\":\"https:\\\/\\\/monatglobal.com\\\/es\\\/1500-events\\\/#mainImage\",\"width\":636,\"height\":314},\"primaryImageOfPage\":{\"@id\":\"https:\\\/\\\/monatglobal.com\\\/es\\\/1500-events\\\/#mainImage\"},\"datePublished\":\"2022-05-20T23:55:35+01:00\",\"dateModified\":\"2022-12-14T20:42:58+00:00\"},{\"@type\":\"WebSite\",\"@id\":\"https:\\\/\\\/monatglobal.com\\\/es\\\/#website\",\"url\":\"https:\\\/\\\/monatglobal.com\\\/es\\\/\",\"name\":\"MONAT Espa\\u00f1a\",\"description\":\"We Are Modern Nature\\u00ae\",\"inLanguage\":\"en-US\",\"publisher\":{\"@id\":\"https:\\\/\\\/monatglobal.com\\\/es\\\/#organization\"}}]}\n\t\t<\/script>\n\t\t<!-- All in One SEO Pro -->\r\n\t\t<title>\u00a11,500 eventos MONAT en 150 d\u00edas! - MONAT Espa\u00f1a<\/title>\n\n","aioseo_head_json":{"title":"\u00a11,500 eventos MONAT en 150 d\u00edas! - MONAT Espa\u00f1a","description":"Tenemos 0 eventos registrados desde el primero de Junio Alcancemos los 1 de junio-30 de NOVIEMBRE Reun\u00edos. Aprended juntos. Compartid juntos. \u00a1Lo conseguiremos! No importa si tu evento incluye a 10 personas o a 100, reg\u00edstralo para asegurar que cuenta para el GRAN objetivo. Registra tu evento","canonical_url":"https:\/\/monatglobal.com\/es\/1500-events\/","robots":"max-image-preview:large","keywords":"","webmasterTools":{"miscellaneous":""},"schema":{"@context":"https:\/\/schema.org","@graph":[{"@type":"BreadcrumbList","@id":"https:\/\/monatglobal.com\/es\/1500-events\/#breadcrumblist","itemListElement":[{"@type":"ListItem","@id":"https:\/\/monatglobal.com\/es#listItem","position":1,"name":"Home","item":"https:\/\/monatglobal.com\/es","nextItem":{"@type":"ListItem","@id":"https:\/\/monatglobal.com\/es\/1500-events\/#listItem","name":"\u00a11,500 eventos MONAT en 150 d\u00edas!"}},{"@type":"ListItem","@id":"https:\/\/monatglobal.com\/es\/1500-events\/#listItem","position":2,"name":"\u00a11,500 eventos MONAT en 150 d\u00edas!","previousItem":{"@type":"ListItem","@id":"https:\/\/monatglobal.com\/es#listItem","name":"Home"}}]},{"@type":"Organization","@id":"https:\/\/monatglobal.com\/es\/#organization","name":"MONAT Espa\u00f1a","description":"We Are Modern Nature\u00ae","url":"https:\/\/monatglobal.com\/es\/"},{"@type":"WebPage","@id":"https:\/\/monatglobal.com\/es\/1500-events\/#webpage","url":"https:\/\/monatglobal.com\/es\/1500-events\/","name":"\u00a11,500 eventos MONAT en 150 d\u00edas! - MONAT Espa\u00f1a","description":"Tenemos 0 eventos registrados desde el primero de Junio Alcancemos los 1 de junio-30 de NOVIEMBRE Reun\u00edos. Aprended juntos. Compartid juntos. \u00a1Lo conseguiremos! No importa si tu evento incluye a 10 personas o a 100, reg\u00edstralo para asegurar que cuenta para el GRAN objetivo. Registra tu evento","inLanguage":"en-US","isPartOf":{"@id":"https:\/\/monatglobal.com\/es\/#website"},"breadcrumb":{"@id":"https:\/\/monatglobal.com\/es\/1500-events\/#breadcrumblist"},"image":{"@type":"ImageObject","url":"https:\/\/monatglobal.com\/es\/wp-content\/uploads\/sites\/10\/2022\/06\/1500-events-thumb-es.jpg","@id":"https:\/\/monatglobal.com\/es\/1500-events\/#mainImage","width":636,"height":314},"primaryImageOfPage":{"@id":"https:\/\/monatglobal.com\/es\/1500-events\/#mainImage"},"datePublished":"2022-05-20T23:55:35+01:00","dateModified":"2022-12-14T20:42:58+00:00"},{"@type":"WebSite","@id":"https:\/\/monatglobal.com\/es\/#website","url":"https:\/\/monatglobal.com\/es\/","name":"MONAT Espa\u00f1a","description":"We Are Modern Nature\u00ae","inLanguage":"en-US","publisher":{"@id":"https:\/\/monatglobal.com\/es\/#organization"}}]},"og:locale":"en_US","og:site_name":"MONAT Espa\u00f1a - We Are Modern Nature\u00ae","og:type":"article","og:title":"\u00a11,500 eventos MONAT en 150 d\u00edas! - MONAT Espa\u00f1a","og:description":"Tenemos 0 eventos registrados desde el primero de Junio Alcancemos los 1 de junio-30 de NOVIEMBRE Reun\u00edos. Aprended juntos. Compartid juntos. \u00a1Lo conseguiremos! No importa si tu evento incluye a 10 personas o a 100, reg\u00edstralo para asegurar que cuenta para el GRAN objetivo. Registra tu evento","og:url":"https:\/\/monatglobal.com\/es\/1500-events\/","article:published_time":"2022-05-20T22:55:35+00:00","article:modified_time":"2022-12-14T20:42:58+00:00","twitter:card":"summary_large_image","twitter:title":"\u00a11,500 eventos MONAT en 150 d\u00edas! - MONAT Espa\u00f1a","twitter:description":"Tenemos 0 eventos registrados desde el primero de Junio Alcancemos los 1 de junio-30 de NOVIEMBRE Reun\u00edos. Aprended juntos. Compartid juntos. \u00a1Lo conseguiremos! No importa si tu evento incluye a 10 personas o a 100, reg\u00edstralo para asegurar que cuenta para el GRAN objetivo. Registra tu evento"},"aioseo_meta_data":{"post_id":"69569","title":null,"description":null,"keywords":null,"keyphrases":null,"primary_term":null,"canonical_url":null,"og_title":null,"og_description":null,"og_object_type":"default","og_image_type":"default","og_image_url":null,"og_image_width":null,"og_image_height":null,"og_image_custom_url":null,"og_image_custom_fields":null,"og_video":null,"og_custom_url":null,"og_article_section":null,"og_article_tags":null,"twitter_use_og":false,"twitter_card":"default","twitter_image_type":"default","twitter_image_url":null,"twitter_image_custom_url":null,"twitter_image_custom_fields":null,"twitter_title":null,"twitter_description":null,"schema":{"blockGraphs":[],"customGraphs":[],"default":{"data":{"Article":[],"Course":[],"Dataset":[],"FAQPage":[],"Movie":[],"Person":[],"Product":[],"ProductReview":[],"Car":[],"Recipe":[],"Service":[],"SoftwareApplication":[],"WebPage":[]},"graphName":"","isEnabled":true},"graphs":[]},"schema_type":"default","schema_type_options":null,"pillar_content":false,"robots_default":true,"robots_noindex":false,"robots_noarchive":false,"robots_nosnippet":false,"robots_nofollow":false,"robots_noimageindex":false,"robots_noodp":false,"robots_notranslate":false,"robots_max_snippet":null,"robots_max_videopreview":null,"robots_max_imagepreview":"large","priority":null,"frequency":null,"local_seo":null,"seo_analyzer_scan_date":"2025-08-14 18:05:55","limit_modified_date":false,"reviewed_by":null,"open_ai":null,"ai":null,"created":"2023-07-26 09:33:43","updated":"2025-08-14 18:05:55"},"aioseo_breadcrumb":"<div class=\"aioseo-breadcrumbs\"><span class=\"aioseo-breadcrumb\">\n\t<a href=\"https:\/\/monatglobal.com\/es\" title=\"Home\">Home<\/a>\n<\/span><span class=\"aioseo-breadcrumb-separator\">&raquo;<\/span><span class=\"aioseo-breadcrumb\">\n\t\u00a11,500 eventos MONAT en 150 d\u00edas!\n<\/span><\/div>","aioseo_breadcrumb_json":[{"label":"Home","link":"https:\/\/monatglobal.com\/es"},{"label":"\u00a11,500 eventos MONAT en 150 d\u00edas!","link":"https:\/\/monatglobal.com\/es\/1500-events\/"}],"_links":{"self":[{"href":"https:\/\/monatglobal.com\/es\/wp-json\/wp\/v2\/pages\/69569","targetHints":{"allow":["GET"]}}],"collection":[{"href":"https:\/\/monatglobal.com\/es\/wp-json\/wp\/v2\/pages"}],"about":[{"href":"https:\/\/monatglobal.com\/es\/wp-json\/wp\/v2\/types\/page"}],"author":[{"embeddable":true,"href":"https:\/\/monatglobal.com\/es\/wp-json\/wp\/v2\/users\/31"}],"replies":[{"embeddable":true,"href":"https:\/\/monatglobal.com\/es\/wp-json\/wp\/v2\/comments?post=69569"}],"version-history":[{"count":11,"href":"https:\/\/monatglobal.com\/es\/wp-json\/wp\/v2\/pages\/69569\/revisions"}],"predecessor-version":[{"id":71031,"href":"https:\/\/monatglobal.com\/es\/wp-json\/wp\/v2\/pages\/69569\/revisions\/71031"}],"wp:featuredmedia":[{"embeddable":true,"href":"https:\/\/monatglobal.com\/es\/wp-json\/wp\/v2\/media\/69856"}],"wp:attachment":[{"href":"https:\/\/monatglobal.com\/es\/wp-json\/wp\/v2\/media?parent=69569"}],"wp:term":[{"taxonomy":"category","embeddable":true,"href":"https:\/\/monatglobal.com\/es\/wp-json\/wp\/v2\/categories?post=69569"},{"taxonomy":"post_tag","embeddable":true,"href":"https:\/\/monatglobal.com\/es\/wp-json\/wp\/v2\/tags?post=69569"}],"curies":[{"name":"wp","href":"https:\/\/api.w.org\/{rel}","templated":true}]}}