{"id":69315,"date":"2022-06-13T09:00:00","date_gmt":"2022-06-13T08:00:00","guid":{"rendered":"https:\/\/monatglobal.com\/?page_id=69315"},"modified":"2026-02-24T15:40:41","modified_gmt":"2026-02-24T15:40:41","slug":"smoothing-anti-frizz-spray","status":"publish","type":"page","link":"https:\/\/monatglobal.com\/es\/smoothing-anti-frizz-spray\/","title":{"rendered":"Spray Antiencrespamiento Smoothing Anti-Frizz\u2122"},"content":{"rendered":"\n<link rel=\"stylesheet\" href=\"https:\/\/unpkg.com\/swiper\/swiper-bundle.min.css\">\n<link rel=\"stylesheet\" href=\"https:\/\/monatglobal.com\/wp-content\/creative_css\/product_styles_sheet.css\">\n   <!--==================================================== ECOMM SECTION ====================================================-->\n      <!--==================================================== Ecomm image ====================================================-->\n      <img decoding=\"async\" src=\"https:\/\/monatglobal.com\/wp-content\/uploads\/2022\/05\/anti-frizz-blow-out-spray-ecomm.png\" alt=\"Spray Antiencrespamiento Smoothing Anti-Frizz\u2122 \" loading=\"lazy\">\n      <!--==================================================== Ecomm information  ====================================================-->\n         \n         <h1>Spray<br>Antiencrespamiento<\/h1>\n         <p>Smoothing Anti-Frizz\u2122<\/p>\n         <p>Alisa, suaviza y fortalece para un secado final perfecto hasta 72&nbsp;horas.<\/p>\n         <p>134 ml \u212e 4.5 fl. oz.<\/p>\n      <!--==================================================== pricing box  ====================================================-->\n         <p>Precio de venta Cliente<br>00.00 \u20ac<\/p>\n         <p>Precio Cliente VIP<br>00.00 \u20ac<\/p>\n       <!--==================================================== pricing box  ====================================================-->  \n         <p>Para conocer m\u00e1s sobre Spray Antiencrespamiento Smoothing Anti-Frizz\u2122, ponte en contacto con tu Market Partner de&nbsp;MONAT.<\/p>\n          <a href=\"\" target=\"_blank\" role=\"button\" aria-label=\"\" rel=\"noopener\"><\/a>\n   <!--==================================================== \/ECOMM SECTION  ====================================================-->\n   <!--==================================================== Benefits image ====================================================-->\n   \n      <source media=\"(max-width: 700px)\" srcset=\"https:\/\/monatglobal.com\/wp-content\/uploads\/2022\/05\/anti-frizz-blow-out-spray-benefits-mobile.jpg\" loading=\"lazy\">\n      <img decoding=\"async\" alt=\"A blonde female with damp hair applying Smoothing Anti-Frizz\u2122 Blow Out Spray.\" src=\"https:\/\/monatglobal.com\/wp-content\/uploads\/2022\/05\/anti-frizz-Blow-Out-Spray-benefits.jpg\" loading=\"lazy\">\n   \n   <!--==================================================== Benefits text ====================================================-->\n         <h2>BENEFICIOS<\/h2>\n         <h3>El multitarea de peinado perfecto para un cabello m\u00e1s liso y suave con menos&nbsp;encrespamiento.<\/h3>\n         Proporciona una protecci\u00f3n t\u00e9rmica de hasta 232 \u00b0C y preserva el color hasta 20 lavados, a la vez que minimiza las puntas \n         abiertas y el encrespamiento para conseguir peinados elegantes a prueba de&nbsp;humedad.<sup>1<\/sup>\n         <!--==================================================== features image  ====================================================-->\n         <img decoding=\"async\" alt=\"Smoothing Anti-Frizz\u2122 Blow Out Spray laying on piece of lettuce, next to different ingredients.\" src=\"https:\/\/monatglobal.com\/wp-content\/uploads\/2022\/05\/featutes-anti-frizz-Blow-Out-Spray-.jpg\" loading=\"lazy\">\n      <!--==================================================== features text ====================================================-->\n            <h3>Protecci\u00f3n duradera contra la humedad para un cabello suave y&nbsp;manejable.<\/h3>\n                <p>\/ Cabello 4 veces m\u00e1s suave y liso con menos encrespamiento y electricidad&nbsp;est\u00e1tica<sup>1<\/sup><\/p>\n                <p>\/ Fortalece el cabello y mejora la resistencia a la rotura provocada por el peinado con&nbsp;calor<sup>2<\/sup><\/p>\n                <p>\/ Elimina el encrespamiento y los cabellos sueltos hasta 72&nbsp;horas<sup>1<\/sup><\/p>\n                <p>\/ 91 % menos de puntas&nbsp;abiertas<sup>1<\/sup><\/p>\n                <p>\/ 78 % menos de encrespamiento en un&nbsp;secado<sup>1<\/sup><\/p>\n               <br>\n            <p>Fragancia \/ Preciosas flores y frutas \u00e1cidas se unen en esta aterciopelada y suntuosa fragancia con notas de ruibarbo, pera, violeta, gardenia, vainilla y madera de&nbsp;cedro. <\/p>\n            <p> Textura  \/ Espray l\u00edquido <\/p>\n   <!--==================================================== composition image mobile ====================================================-->\n   <img decoding=\"async\" alt=\"Smoothing Anti-Frizz\u2122 Blow Out Spray laying on a white sheet, next to white flowers.\" src=\"https:\/\/monatglobal.com\/wp-content\/uploads\/2022\/05\/comp1_Anti-Frizz-Blow-Out-Spray.jpg\" loading=\"lazy\">\n   <!--==================================================== Why it works text ====================================================-->\n        \n        <h3>Producto para el peinado de alto rendimiento con activos vegetales, l\u00edpidos y un biopol\u00edmero \u00fanico con base&nbsp;vegetal.<\/h3>\n        <p>Formulado para ayudar a suavizar el cabello con menos encrespamiento a la vez que protege contra las agresiones&nbsp;ambientales.<\/p>\n<!--==================================================== Composition section ====================================================-->\n      <img decoding=\"async\" alt=\"Smoothing Anti-Frizz\u2122 Blow Out Spray laying on a white sheet, next to white flowers.\" src=\"https:\/\/monatglobal.com\/wp-content\/uploads\/2022\/05\/comp1_Anti-Frizz-Blow-Out-Spray.jpg\" loading=\"lazy\">\n      <img decoding=\"async\" alt=\"A blonde female spraying her damp hair with Smoothing Anti-Frizz\u2122 Blow Out Spray, overlapping a photo of raspberries and an apple.\" src=\"https:\/\/monatglobal.com\/wp-content\/uploads\/2022\/05\/comp-3-blow-out-spray.jpg\" loading=\"lazy\">\n            <!--==================================================== Directions text ====================================================--> \n               <h3>Instrucciones<\/h3>\n               <p>\/ Agitar bien. <\/p>\n               <p>\/ Vaporiza uniformemente en el cabello&nbsp;h\u00famedo. <\/p>\n               <p>\/ Seca con el secador y peina como de&nbsp;costumbre. <\/p>\n               <p>\/ Termina con tus productos favoritos de peinado MONAT STUDIO&nbsp;ONE\u2122.<\/p>\n            <!--==================================================== Directions video ====================================================-->\n      <p>Spray Antiencrespamiento <br>Smoothing Anti-Frizz\u2122 <br> 0:57 <\/p>\n      <a href=\"\" target=\"_blank\" role=\"button\" aria-label=\"\" rel=\"noopener\"><\/a>\n   <!--==================================================== Ingredients section  ====================================================-->\n      <h2>INGREDIENTES CLAVE<\/h2>\n               <p> REJUVENIQE<sup>\u00ae<\/sup><\/p>\n               <p>Aceite de d\u00e1til del&nbsp;desierto  <\/p>\n               <p>Mezcla de aceite bot\u00e1nico y&nbsp;grasa<\/p>\n               <p>Extracto de alga&nbsp;roja<\/p>\n               <p>Extracto de corteza negra de&nbsp;abeto<\/p>\n               <p>Biopol\u00edmero vegetal <\/p>\n        <button id=\"myBtn\" type=\"button\">LISTA DE INGREDIENTES<\/button>\n      <!--==================================================== Modal content  ====================================================-->\n         \u00d7\n         <p>Aqua\/Water\/Eau, Caprylic\/Capric Triglyceride, Cetearyl Alcohol, Adansonia Digitata Oil, Mauritia Flexuosa Fruit Oil, Gardenia Taitensis Flower Extract, Moringa Oleifera Seed Oil, Cocos Nucifera (Coconut) Oil, Hypnea Musciformis Extract, Limnanthes Alba (Meadowfoam) Seed Oil, Shorea Stenoptera Seed Butter, Glycerin, Polysorbate 20, Polyglyceryl-6 Laurate, Cinnamidopropyltrimonium Chloride, Lauryl Glucoside, Myristyl Glucoside, Myristyl Myristate, Lactic Acid, Garcinia Indica Seed Butter, Ethyl Linoleate, Ethyl Oleate, Trehalose, Behentrimonium Chloride, Polyglyceryl-10 Laurate, Glycolic Acid, Balanites Roxburghii Seed Oil, Picea Mariana Bark Extract, Magnesium Aluminum Silicate, Butyrospermum Parkii (Shea) Butter, Caryocar Brasiliense Fruit Oil, Helianthus Annuus (Sunflower) Seed Oil, Glyceryl Rosinate, Sodium Lignosulfonate, Olea Europaea (Olive) Oil Unsaponifiables, Crambe Abyssinica Seed Oil, Opuntia Ficus-Indica Seed Oil, Xylitol, Caprylic Acid, Solanum Lycopersicum (Tomato) Seed Oil, Daucus Carota Sativa (Carrot) Seed Oil, Citrus Limon (Lemon) Peel Oil, Olea Europaea (Olive) Fruit Oil, Camellia Oleifera Seed Oil, Brassicamidopropyl Dimethylamine, Pouteria Sapota Seed Oil, Citrus Aurantifolia (Lime) Oil, Citrus Aurantium Bergamia (Bergamot) Fruit Oil, Sodium Levulinate, Brassica Napus Extract, Butylene Glycol, Polyglyceryl-10 Dioleate, Simmondsia Chinensis (Jojoba) Seed Extract, Glyceryl Caprylate, Polyglyceryl-10 Dipalmitate, Glyceryl Undecylenate, Polyquaternium-37, Quaternium-91, Tocopherol, Fragrance\/Parfum, Potassium Sorbate, Ethylhexylglycerin, Benzyl Alcohol, Limonene, Hydroxycitronellal,&nbsp;Linalool.<\/p>\n        <p><sup>1<\/sup> Basado en pruebas instrumentales realizadas por un laboratorio de&nbsp;terceros.<\/p>\n        <p><sup>2<\/sup> Basado en un estudio de rotura de cabello estad\u00edsticamente significativo que eval\u00faa la reducci\u00f3n de las fibras rotas tras el peinado y cepillado&nbsp;repetitivo.<\/p>\n   <!--==================================================== You might also like section ====================================================-->\n      <h2>PUEDE QUE TAMBI\u00c9N TE GUSTE<\/h2>\n      <!--==================================================== Slider YOU MIGHT ALSO LIKE ====================================================-->\n      <!---->\n      <!--   -->\n            <!--==================================================== Slides products ====================================================-->\n      <!--      -->\n      <!--         <a href=\"\/es\/smoothing-shampoo\" aria-label=\"Go to Champ\u00fa Smoothing Anti-Frizz\u2122 page\">-->\n      <!--            <img decoding=\"async\" src=\"https:\/\/monatglobal.com\/wp-content\/uploads\/2022\/12\/anti-frizz-shampoo-ecomm-min.png\" alt=\"Champ\u00fa Smoothing Anti-Frizz\u2122 \" loading=\"lazy\"\/>-->\n      <!--            <p>Champ\u00fa <br \/>Smoothing Anti-Frizz\u2122 <\/p>-->\n      <!--         <\/a>-->\n      <!--      -->\n      <!--      -->\n      <!--         <a href=\"\/es\/blow-out-cream\" aria-label=\"Go to Crema de secado con calor MONAT STUDIO ONE\u2122 page\">-->\n      <!--            <img decoding=\"async\" src=\"https:\/\/monatglobal.com\/wp-content\/uploads\/2022\/12\/blow-out-cream-e-comm-min.png\" alt=\"Crema de secado con calor MONAT STUDIO ONE\u2122 \" loading=\"lazy\"\/>-->\n      <!--            <p>Crema de secado con calor <br \/>MONAT STUDIO ONE\u2122  <\/p>-->\n      <!--         <\/a>-->\n      <!--      -->\n      <!--      -->\n      <!--         <a href=\"\/es\/control-hairspray\" aria-label=\"Go to Spray para el cabello control flexible MONAT STUDIO ONE\u2122 page\">-->\n      <!--            <img decoding=\"async\" src=\"https:\/\/monatglobal.com\/wp-content\/uploads\/2022\/12\/Flex-control-hairspray-e_comm-min.png\" loading=\"lazy\"\/>-->\n      <!--            <p>Spray para el cabello <br \/>control flexible <br \/>MONAT STUDIO ONE\u2122 <\/p>-->\n      <!--         <\/a>-->\n      <!--      -->\n      <!--   -->\n         <!--==================================================== If we need navigation buttons  ====================================================-->\n      <!--   -->\n      <!--   -->\n         <!--==================================================== If we need paginations  ====================================================-->\n      <!--   -->\n      <!---->\n         <!--==================================================== If we need navigation buttons  ====================================================-->\n         <!--==================================================== If we need paginations  ====================================================-->\n    <a href=\"\" aria-label=\"\"><\/a>\n<!--==================================================== this link has to go last for it to work   ====================================================-->\n\n\n\n<p><\/p>\n","protected":false},"excerpt":{"rendered":"<p>SprayAntiencrespamiento Smoothing Anti-Frizz\u2122 Alisa, suaviza y fortalece para un secado final perfecto hasta 72&nbsp;horas. 134 ml \u212e 4.5 fl. oz. Precio de venta Cliente00.00 \u20ac Precio Cliente VIP00.00 \u20ac Para conocer m\u00e1s sobre Spray Antiencrespamiento Smoothing Anti-Frizz\u2122, ponte en contacto con tu Market Partner de&nbsp;MONAT. BENEFICIOS El multitarea de peinado perfecto para un cabello m\u00e1s&hellip;<\/p>\n","protected":false},"author":31,"featured_media":69774,"parent":0,"menu_order":0,"comment_status":"closed","ping_status":"closed","template":"","meta":{"inline_featured_image":false,"om_disable_all_campaigns":false,"_monsterinsights_skip_tracking":false,"_monsterinsights_sitenote_active":false,"_monsterinsights_sitenote_note":"","_monsterinsights_sitenote_category":0,"footnotes":""},"categories":[31],"tags":[],"class_list":["post-69315","page","type-page","status-publish","has-post-thumbnail","hentry","category-product-es"],"aioseo_notices":[],"aioseo_head":"\n\t\t<!-- All in One SEO Pro 4.9.5.2 - aioseo.com -->\n\t<meta name=\"description\" content=\"--&gt;\" \/>\n\t<meta name=\"robots\" content=\"max-image-preview:large\" \/>\n\t<link rel=\"canonical\" href=\"https:\/\/monatglobal.com\/es\/smoothing-anti-frizz-spray\/\" \/>\n\t<meta name=\"generator\" content=\"All in One SEO Pro (AIOSEO) 4.9.5.2\" \/>\n\t\t<meta property=\"og:locale\" content=\"en_US\" \/>\n\t\t<meta property=\"og:site_name\" content=\"MONAT Espa\u00f1a - We Are Modern Nature\u00ae\" \/>\n\t\t<meta property=\"og:type\" content=\"article\" \/>\n\t\t<meta property=\"og:title\" content=\"Spray Antiencrespamiento Smoothing Anti-Frizz\u2122 - MONAT Espa\u00f1a\" \/>\n\t\t<meta property=\"og:description\" content=\"--&gt;\" \/>\n\t\t<meta property=\"og:url\" content=\"https:\/\/monatglobal.com\/es\/smoothing-anti-frizz-spray\/\" \/>\n\t\t<meta property=\"article:published_time\" content=\"2022-06-13T08:00:00+00:00\" \/>\n\t\t<meta property=\"article:modified_time\" content=\"2026-02-24T15:40:41+00:00\" \/>\n\t\t<meta name=\"twitter:card\" content=\"summary_large_image\" \/>\n\t\t<meta name=\"twitter:title\" content=\"Spray Antiencrespamiento Smoothing Anti-Frizz\u2122 - MONAT Espa\u00f1a\" \/>\n\t\t<meta name=\"twitter:description\" content=\"--&gt;\" \/>\n\t\t<script type=\"application\/ld+json\" class=\"aioseo-schema\">\n\t\t\t{\"@context\":\"https:\\\/\\\/schema.org\",\"@graph\":[{\"@type\":\"BreadcrumbList\",\"@id\":\"https:\\\/\\\/monatglobal.com\\\/es\\\/smoothing-anti-frizz-spray\\\/#breadcrumblist\",\"itemListElement\":[{\"@type\":\"ListItem\",\"@id\":\"https:\\\/\\\/monatglobal.com\\\/es#listItem\",\"position\":1,\"name\":\"Home\",\"item\":\"https:\\\/\\\/monatglobal.com\\\/es\",\"nextItem\":{\"@type\":\"ListItem\",\"@id\":\"https:\\\/\\\/monatglobal.com\\\/es\\\/smoothing-anti-frizz-spray\\\/#listItem\",\"name\":\"Spray Antiencrespamiento Smoothing Anti-Frizz\\u2122\"}},{\"@type\":\"ListItem\",\"@id\":\"https:\\\/\\\/monatglobal.com\\\/es\\\/smoothing-anti-frizz-spray\\\/#listItem\",\"position\":2,\"name\":\"Spray Antiencrespamiento Smoothing Anti-Frizz\\u2122\",\"previousItem\":{\"@type\":\"ListItem\",\"@id\":\"https:\\\/\\\/monatglobal.com\\\/es#listItem\",\"name\":\"Home\"}}]},{\"@type\":\"Organization\",\"@id\":\"https:\\\/\\\/monatglobal.com\\\/es\\\/#organization\",\"name\":\"MONAT Espa\\u00f1a\",\"description\":\"We Are Modern Nature\\u00ae\",\"url\":\"https:\\\/\\\/monatglobal.com\\\/es\\\/\"},{\"@type\":\"WebPage\",\"@id\":\"https:\\\/\\\/monatglobal.com\\\/es\\\/smoothing-anti-frizz-spray\\\/#webpage\",\"url\":\"https:\\\/\\\/monatglobal.com\\\/es\\\/smoothing-anti-frizz-spray\\\/\",\"name\":\"Spray Antiencrespamiento Smoothing Anti-Frizz\\u2122 - MONAT Espa\\u00f1a\",\"description\":\"-->\",\"inLanguage\":\"en-US\",\"isPartOf\":{\"@id\":\"https:\\\/\\\/monatglobal.com\\\/es\\\/#website\"},\"breadcrumb\":{\"@id\":\"https:\\\/\\\/monatglobal.com\\\/es\\\/smoothing-anti-frizz-spray\\\/#breadcrumblist\"},\"image\":{\"@type\":\"ImageObject\",\"url\":\"https:\\\/\\\/monatglobal.com\\\/es\\\/wp-content\\\/uploads\\\/sites\\\/10\\\/2022\\\/06\\\/anti-frizz-blow-out-spray-ecomm-2.png\",\"@id\":\"https:\\\/\\\/monatglobal.com\\\/es\\\/smoothing-anti-frizz-spray\\\/#mainImage\",\"width\":641,\"height\":800},\"primaryImageOfPage\":{\"@id\":\"https:\\\/\\\/monatglobal.com\\\/es\\\/smoothing-anti-frizz-spray\\\/#mainImage\"},\"datePublished\":\"2022-06-13T09:00:00+01:00\",\"dateModified\":\"2026-02-24T15:40:41+00:00\"},{\"@type\":\"WebSite\",\"@id\":\"https:\\\/\\\/monatglobal.com\\\/es\\\/#website\",\"url\":\"https:\\\/\\\/monatglobal.com\\\/es\\\/\",\"name\":\"MONAT Espa\\u00f1a\",\"description\":\"We Are Modern Nature\\u00ae\",\"inLanguage\":\"en-US\",\"publisher\":{\"@id\":\"https:\\\/\\\/monatglobal.com\\\/es\\\/#organization\"}}]}\n\t\t<\/script>\n\t\t<!-- All in One SEO Pro -->\r\n\t\t<title>Spray Antiencrespamiento Smoothing Anti-Frizz\u2122 - MONAT Espa\u00f1a<\/title>\n\n","aioseo_head_json":{"title":"Spray Antiencrespamiento Smoothing Anti-Frizz\u2122 - MONAT Espa\u00f1a","description":"-->","canonical_url":"https:\/\/monatglobal.com\/es\/smoothing-anti-frizz-spray\/","robots":"max-image-preview:large","keywords":"","webmasterTools":{"miscellaneous":""},"schema":{"@context":"https:\/\/schema.org","@graph":[{"@type":"BreadcrumbList","@id":"https:\/\/monatglobal.com\/es\/smoothing-anti-frizz-spray\/#breadcrumblist","itemListElement":[{"@type":"ListItem","@id":"https:\/\/monatglobal.com\/es#listItem","position":1,"name":"Home","item":"https:\/\/monatglobal.com\/es","nextItem":{"@type":"ListItem","@id":"https:\/\/monatglobal.com\/es\/smoothing-anti-frizz-spray\/#listItem","name":"Spray Antiencrespamiento Smoothing Anti-Frizz\u2122"}},{"@type":"ListItem","@id":"https:\/\/monatglobal.com\/es\/smoothing-anti-frizz-spray\/#listItem","position":2,"name":"Spray Antiencrespamiento Smoothing Anti-Frizz\u2122","previousItem":{"@type":"ListItem","@id":"https:\/\/monatglobal.com\/es#listItem","name":"Home"}}]},{"@type":"Organization","@id":"https:\/\/monatglobal.com\/es\/#organization","name":"MONAT Espa\u00f1a","description":"We Are Modern Nature\u00ae","url":"https:\/\/monatglobal.com\/es\/"},{"@type":"WebPage","@id":"https:\/\/monatglobal.com\/es\/smoothing-anti-frizz-spray\/#webpage","url":"https:\/\/monatglobal.com\/es\/smoothing-anti-frizz-spray\/","name":"Spray Antiencrespamiento Smoothing Anti-Frizz\u2122 - MONAT Espa\u00f1a","description":"-->","inLanguage":"en-US","isPartOf":{"@id":"https:\/\/monatglobal.com\/es\/#website"},"breadcrumb":{"@id":"https:\/\/monatglobal.com\/es\/smoothing-anti-frizz-spray\/#breadcrumblist"},"image":{"@type":"ImageObject","url":"https:\/\/monatglobal.com\/es\/wp-content\/uploads\/sites\/10\/2022\/06\/anti-frizz-blow-out-spray-ecomm-2.png","@id":"https:\/\/monatglobal.com\/es\/smoothing-anti-frizz-spray\/#mainImage","width":641,"height":800},"primaryImageOfPage":{"@id":"https:\/\/monatglobal.com\/es\/smoothing-anti-frizz-spray\/#mainImage"},"datePublished":"2022-06-13T09:00:00+01:00","dateModified":"2026-02-24T15:40:41+00:00"},{"@type":"WebSite","@id":"https:\/\/monatglobal.com\/es\/#website","url":"https:\/\/monatglobal.com\/es\/","name":"MONAT Espa\u00f1a","description":"We Are Modern Nature\u00ae","inLanguage":"en-US","publisher":{"@id":"https:\/\/monatglobal.com\/es\/#organization"}}]},"og:locale":"en_US","og:site_name":"MONAT Espa\u00f1a - We Are Modern Nature\u00ae","og:type":"article","og:title":"Spray Antiencrespamiento Smoothing Anti-Frizz\u2122 - MONAT Espa\u00f1a","og:description":"--&gt;","og:url":"https:\/\/monatglobal.com\/es\/smoothing-anti-frizz-spray\/","article:published_time":"2022-06-13T08:00:00+00:00","article:modified_time":"2026-02-24T15:40:41+00:00","twitter:card":"summary_large_image","twitter:title":"Spray Antiencrespamiento Smoothing Anti-Frizz\u2122 - MONAT Espa\u00f1a","twitter:description":"--&gt;"},"aioseo_meta_data":{"post_id":"69315","title":null,"description":null,"keywords":null,"keyphrases":null,"primary_term":null,"canonical_url":null,"og_title":null,"og_description":null,"og_object_type":"default","og_image_type":"default","og_image_url":null,"og_image_width":null,"og_image_height":null,"og_image_custom_url":null,"og_image_custom_fields":null,"og_video":null,"og_custom_url":null,"og_article_section":null,"og_article_tags":null,"twitter_use_og":false,"twitter_card":"default","twitter_image_type":"default","twitter_image_url":null,"twitter_image_custom_url":null,"twitter_image_custom_fields":null,"twitter_title":null,"twitter_description":null,"schema":{"blockGraphs":[],"customGraphs":[],"default":{"data":{"Article":[],"Course":[],"Dataset":[],"FAQPage":[],"Movie":[],"Person":[],"Product":[],"ProductReview":[],"Car":[],"Recipe":[],"Service":[],"SoftwareApplication":[],"WebPage":[]},"graphName":"WebPage","isEnabled":true},"graphs":[]},"schema_type":"default","schema_type_options":null,"pillar_content":false,"robots_default":true,"robots_noindex":false,"robots_noarchive":false,"robots_nosnippet":false,"robots_nofollow":false,"robots_noimageindex":false,"robots_noodp":false,"robots_notranslate":false,"robots_max_snippet":null,"robots_max_videopreview":null,"robots_max_imagepreview":"large","priority":null,"frequency":null,"local_seo":null,"seo_analyzer_scan_date":"2026-02-24 15:51:49","limit_modified_date":false,"reviewed_by":null,"open_ai":null,"ai":null,"created":"2023-07-26 09:33:43","updated":"2026-02-24 15:53:50"},"aioseo_breadcrumb":"<div class=\"aioseo-breadcrumbs\"><span class=\"aioseo-breadcrumb\">\n\t<a href=\"https:\/\/monatglobal.com\/es\" title=\"Home\">Home<\/a>\n<\/span><span class=\"aioseo-breadcrumb-separator\">&raquo;<\/span><span class=\"aioseo-breadcrumb\">\n\tSpray Antiencrespamiento Smoothing Anti-Frizz\u2122\n<\/span><\/div>","aioseo_breadcrumb_json":[{"label":"Home","link":"https:\/\/monatglobal.com\/es"},{"label":"Spray Antiencrespamiento Smoothing Anti-Frizz\u2122","link":"https:\/\/monatglobal.com\/es\/smoothing-anti-frizz-spray\/"}],"_links":{"self":[{"href":"https:\/\/monatglobal.com\/es\/wp-json\/wp\/v2\/pages\/69315","targetHints":{"allow":["GET"]}}],"collection":[{"href":"https:\/\/monatglobal.com\/es\/wp-json\/wp\/v2\/pages"}],"about":[{"href":"https:\/\/monatglobal.com\/es\/wp-json\/wp\/v2\/types\/page"}],"author":[{"embeddable":true,"href":"https:\/\/monatglobal.com\/es\/wp-json\/wp\/v2\/users\/31"}],"replies":[{"embeddable":true,"href":"https:\/\/monatglobal.com\/es\/wp-json\/wp\/v2\/comments?post=69315"}],"version-history":[{"count":33,"href":"https:\/\/monatglobal.com\/es\/wp-json\/wp\/v2\/pages\/69315\/revisions"}],"predecessor-version":[{"id":109208,"href":"https:\/\/monatglobal.com\/es\/wp-json\/wp\/v2\/pages\/69315\/revisions\/109208"}],"wp:featuredmedia":[{"embeddable":true,"href":"https:\/\/monatglobal.com\/es\/wp-json\/wp\/v2\/media\/69774"}],"wp:attachment":[{"href":"https:\/\/monatglobal.com\/es\/wp-json\/wp\/v2\/media?parent=69315"}],"wp:term":[{"taxonomy":"category","embeddable":true,"href":"https:\/\/monatglobal.com\/es\/wp-json\/wp\/v2\/categories?post=69315"},{"taxonomy":"post_tag","embeddable":true,"href":"https:\/\/monatglobal.com\/es\/wp-json\/wp\/v2\/tags?post=69315"}],"curies":[{"name":"wp","href":"https:\/\/api.w.org\/{rel}","templated":true}]}}