{"id":69305,"date":"2022-06-13T09:00:00","date_gmt":"2022-06-13T08:00:00","guid":{"rendered":"https:\/\/monatglobal.com\/?page_id=69305"},"modified":"2026-02-24T15:47:07","modified_gmt":"2026-02-24T15:47:07","slug":"smoothing-shampoo","status":"publish","type":"page","link":"https:\/\/monatglobal.com\/es\/smoothing-shampoo\/","title":{"rendered":"Champ\u00fa Smoothing Anti-Frizz\u2122"},"content":{"rendered":"\n\n\t<link rel=\"stylesheet\" href=\"https:\/\/unpkg.com\/swiper\/swiper-bundle.min.css\" \/>\n<link rel=\"stylesheet\" href=\"https:\/\/monatglobal.com\/wp-content\/creative_css\/product_styles_sheet.css\" \/>\n   <!--==================================================== ECOMM SECTION ====================================================-->\n      <!--==================================================== Ecomm image ====================================================-->\n      <img decoding=\"async\" src=\"https:\/\/monatglobal.com\/wp-content\/uploads\/2022\/05\/anti-frizz-shampoo-ecomm.png\" alt=\"Champ\u00fa Smoothing Anti-Frizz\u2122 \" loading=\"lazy\"\/>\n      <!--==================================================== Ecomm information  ====================================================-->\n         \n         <h1>Champ\u00fa<\/h1>\n         <p>Smoothing Anti-Frizz\u2122<\/p>\n         <p>Limpia delicadamente mientras elimina el encrespamiento para revelar un cabello m\u00e1s suave y&nbsp;sedoso. <\/p>\n         <p>237 ml \u212e 8 fl. oz.<\/p>\n        <!--==================================================== pricing box  ====================================================--> \n         <p>Precio de venta Cliente<br \/>00.00 \u20ac<\/p>\n         <p>Precio Cliente VIP<br \/>00.00 \u20ac<\/p>\n         <!--==================================================== pricing box  ====================================================-->\n         <p>Para conocer m\u00e1s sobre Champ\u00fa Smoothing Anti-Frizz\u2122 , ponte en contacto con tu Market Partner de&nbsp;MONAT.<\/p>\n          <a href=\"\" target=\"_blank\" role=\"button\" aria-label=\"\" rel=\"noopener\"><\/a>\n   <!--==================================================== \/ECOMM SECTION  ====================================================-->\n   <!--==================================================== Benefits image ====================================================-->\n   \n      <source media=\"(max-width: 700px)\" srcset=\"https:\/\/monatglobal.com\/wp-content\/uploads\/2022\/05\/anti-frizz-shampoo-benefits-mobilw.jpg\" loading=\"lazy\"\/>\n      <img decoding=\"async\" alt=\"A brunette woman with curly hair holding Smoothing Anti-Frizz\u2122 Shampoo.\" \n      src=\"https:\/\/monatglobal.com\/wp-content\/uploads\/2022\/05\/Smooth-Renew-Body-Lotion-benefits.jpg\" loading=\"lazy\"\/>\n   \n   <!--==================================================== Benefits text ====================================================-->\n         <h2>BENEFICIOS<\/h2>\n         <h3>La protecci\u00f3n contra la humedad empieza en la ducha con este champ\u00fa nutritivo \n         que aporta cinco veces m\u00e1s suavidad al cabello con menos encrespamiento, electricidad est\u00e1tica y cabellos sueltos \n         hasta 72&nbsp;horas.<sup>1<\/sup><\/h3>\n         <!--==================================================== features image  ====================================================-->\n         <img decoding=\"async\" alt=\"Smoothing Anti-Frizz\u2122 Shampoo laying on a tan surface, next to greenery and leaves.\" src=\"https:\/\/monatglobal.com\/wp-content\/uploads\/2022\/05\/anti-frizz-shampoo-features.jpg\" loading=\"lazy\"\/>\n      <!--==================================================== features text ====================================================-->\n            <h3>Nueva y mejorada f\u00f3rmula para controlar el&nbsp;encrespamiento. <\/h3>\n                <p>\/ Cabello cinco veces m\u00e1s&nbsp;suave <sup>1<\/sup><\/p>\n                <p>\/ Cabello tres veces m\u00e1s moldeable con menos&nbsp;roturas <sup>1, 3<\/sup><\/p>\n                <p>\/ Elimina el encrespamiento y los cabellos sueltos hasta 72&nbsp;horas <sup>1, 2<\/sup><\/p>\n                <p>\/ Complejo de l\u00edpidos antihumedad con REJUVENIQE<sup>\u00ae<\/sup> y mantecas y aceites&nbsp;tropicales<\/p>\n               <br \/>\n            <p>Fragancia  \/ Preciosas flores y frutas \u00e1cidas se unen en esta aterciopelada y suntuosa fragancia con notas de ruibarbo, pera, violeta, gardenia, vainilla y madera de&nbsp;cedro. <\/p>\n            <p> Textura  \/ Crema<\/p>\n   <!--==================================================== composition image mobile ====================================================-->\n   <img decoding=\"async\" alt=\"Smoothing Anti-Frizz\u2122 Shampoo laying on a ceramic plate, next to drops of REJUVENIQE\u00ae and Smoothing Anti-Frizz\u2122 Shampoo.\" src=\"https:\/\/monatglobal.com\/wp-content\/uploads\/2022\/05\/comp1-anti-frizz-shampoo-.jpg\" loading=\"lazy\"\/>\n   <!--==================================================== Why it works text ====================================================-->\n        \n        <h3>Este suave champ\u00fa seguro para el color elimina el encrespamiento y reduce el \n        volumen no deseado para un cabello m\u00e1s sedoso, fuerte y&nbsp;manejable. <\/h3>\n        Un champ\u00fa de alto rendimiento con activos vegetales, tensioactivos de origen natural y acondicionadores de origen \n        vegetal que limpia el cabello para dejar una melena m\u00e1s suave y lisa, con menos encrespamiento, electricidad est\u00e1tica\n        y menos cabellos&nbsp;sueltos. \n<!--==================================================== Composition section ====================================================-->\n      <img decoding=\"async\" alt=\"Smoothing Anti-Frizz\u2122 Shampoo laying on a ceramic plate, next to drops of REJUVENIQE\u00ae and Smoothing Anti-Frizz\u2122 Shampoo.\" src=\"https:\/\/monatglobal.com\/wp-content\/uploads\/2022\/05\/comp1-anti-frizz-shampoo-.jpg\" loading=\"lazy\"\/>\n      <img decoding=\"async\" alt=\"Brunette woman with curly hair holding Smoothing Anti-Frizz\u2122 Shampoo.\" src=\"https:\/\/monatglobal.com\/wp-content\/uploads\/2022\/05\/comp3-anti-frizz-shampoo-.jpg\" loading=\"lazy\"\/>\n            <!--==================================================== Directions text ====================================================--> \n               <h3>Instrucciones<\/h3>\n               <p>\/ Aplicar sobre el cabello&nbsp;mojado. <\/p>\n               <p>\/ Masajear para crear espuma durante 1 a 2&nbsp;minutos. <\/p>\n               <p>\/ Aclarar y repetir. <\/p>\n               <p>\/ Seguir con el Acondicionador profundo Smoothing Anti-Frizz\u2122 o el Tratamiento intensivo en profundidad Smoothing&nbsp;Anti-Frizz\u2122<\/p>\n            <!--==================================================== Directions video ====================================================-->\n      <p>Champ\u00fa <br \/>Smoothing Anti-Frizz\u2122 <br \/> 0:57 <\/p>\n      <a href=\"\" target=\"_blank\" role=\"button\" aria-label=\"\" rel=\"noopener\"><\/a>\n   <!--==================================================== Ingredients section  ====================================================-->\n      <h2>INGREDIENTES CLAVE<\/h2>\n               <p>REJUVATERIC AMS<sup>\u00ae<\/sup><\/p>\n               <p>Aceite de d\u00e1til del&nbsp;desierto<\/p>\n               <p>Mezcla de aceite bot\u00e1nico y&nbsp;grasa<\/p>\n               <p>Extracto de alga&nbsp;roja<\/p>\n               <p>Extracto de corteza negra de&nbsp;abeto<\/p>\n               <p>Hidratante vegetal<\/p>\n        <button id=\"myBtn\" type=\"button\">LISTA DE INGREDIENTES<\/button>\n      <!--==================================================== Modal content  ====================================================-->\n         &times;\n         <p>Aqua\/Water\/Eau, Glycerin, Sodium Lauroyl Methyl Isethionate, Lauramidopropyl Betaine, Sodium Cocoyl Isethionate, Isoamyl Laurate, Adansonia Digitata Oil, Caryocar Brasiliense Fruit Oil, Gardenia Taitensis Flower Extract, Mauritia Flexuosa Fruit Oil, Moringa Oleifera Seed Oil, Tocopherol, Citrus Aurantifolia (Lime) Oil, Citrus Aurantium Bergamia (Bergamot) Fruit Oil, Caprylic Acid, Xylitol, Citrus Limon (Lemon) Peel Oil, Daucus Carota Sativa (Carrot) Seed Oil, Triisodecyl Phosphite, Behentrimonium Chloride, Alcohol, Glyceryl Caprylate, Glyceryl Undecylenate, Hypnea Musciformis Extract, Polyglyceryl-10 Dipalmitate, Pouteria Sapota Seed Oil, Sodium Lignosulfonate, Magnesium Aluminum Silicate, Polyquaternium-37, Cocos Nucifera (Coconut) Oil, Glycolic Acid, Polyglyceryl-10 Laurate, Picea Mariana Bark Extract, Solanum Lycopersicum (Tomato) Seed Oil, Ethyl Linoleate, Ethyl Oleate, Trehalose, Lactic Acid, Helianthus Annuus (Sunflower) Seed Oil, Camellia Oleifera Seed Oil, Opuntia ficus-indica Seed Extract, Propanediol, Sodium Hydroxide, Polyglyceryl-10 Dioleate, Brassica Napus Extract, Butylene Glycol, Olea Europaea (olive) Oil Unsaponifiables, Crambe Abyssinica Seed Oil, Butyrospermum Parkii (Shea) Butter, Cocamidopropyl Hydroxysultaine, Glyceryl Rosinate, Garcinia Indica Seed Butter, Shorea Stenoptera Seed Butter, Balanites Roxburghii Seed Oil, Abyssinian\/Meadowfoamamidopropyl Hydroxysultaine, Limnanthes Alba (Meadowfoam) Seed Oil, Sodium Phytate, Brassicamidopropyl Dimethylamine, Trisodium Ethylenediamine Disuccinate, Sodium Isethionate, Polysorbate 20, Ethylhexylglycerin, Glycol Distearate, Hydroxyethyl Cetearamidopropyldimonium Chloride, PEG-120 Methyl Glucose Dioleate, Cetearyl Alcohol, Behenyl Alcohol, Polyquaternium-7, Polyquaternium-10, Sodium Chloride, Coconut Acid, Benzyl Alcohol, Acrylates Copolymer, Citric Acid, Potassium Sorbate, Sodium Levulinate, Sodium Benzoate, Fragrance (Parfum),&nbsp;Hydroxycitronellal.<\/p>\n        <p><sup>1<\/sup> Basado en pruebas instrumentales realizadas por un laboratorio de&nbsp;terceros.<\/p>\n        <sup>2<\/sup> Cuando se usa en una rutina: Champ\u00fa + Acondicionador profundo + Spray antiencrespamiento Smoothing \n        Anti-Frizz\u2122 o Champ\u00fa + Tratamiento intensivo en profundidad + Spray antiencrespamiento Smoothing Anti-Frizz\u2122 vs. un champ\u00fa sin&nbsp;acondicionador\n        <p><sup>3<\/sup> Basado en un estudio de rotura de cabello estad\u00edsticamente significativo que eval\u00faa la reducci\u00f3n de las fibras rotas tras el peinado y cepillado repetitivo.<\/p>\n   <!--==================================================== You might also like section ====================================================-->\n      <h2>PUEDE QUE TAMBI\u00c9N TE GUSTE<\/h2>\n      <!--==================================================== Slider YOU MIGHT ALSO LIKE ====================================================-->\n      <!---->\n      <!--   -->\n            <!--==================================================== Slides products ====================================================-->\n      <!--      -->\n      <!--         <a href=\"https:\/\/monatglobal.com\/es\/smoothing-deep-conditioner\" aria-label=\"Go to Acondicionador profundo Smoothing Anti-Frizz\u2122 page\">-->\n      <!--            <img decoding=\"async\" src=\"https:\/\/monatglobal.com\/wp-content\/uploads\/2022\/12\/anti-frizz-deep-conditioner-ecomm-min.png\" alt=\"Acondicionador profundo Smoothing Anti-Frizz\u2122 \" loading=\"lazy\"\/>-->\n      <!--            <p>Acondicionador profundo <br \/>Smoothing Anti-Frizz\u2122 <\/p>-->\n      <!--         <\/a>-->\n      <!--      -->\n      <!--      -->\n      <!--         <a href=\"https:\/\/monatglobal.com\/es\/smoothing-anti-frizz-treatment\" aria-label=\"Go to Tratamiento intensivo en profundidad Smoothing Anti-Frizz\u2122  page\">-->\n      <!--            <img decoding=\"async\" src=\"https:\/\/monatglobal.com\/wp-content\/uploads\/2022\/12\/anti-frizz-deep-treatment-ecomm-min.png\" alt=\"Tratamiento intensivo en profundidad Smoothing Anti-Frizz\u2122 \" loading=\"lazy\"\/>-->\n      <!--            <p>Tratamiento intensivo en profundidad <br \/>Smoothing Anti-Frizz\u2122 <\/p>-->\n      <!--         <\/a>-->\n      <!--      -->\n      <!--      -->\n      <!--         <a href=\"https:\/\/monatglobal.com\/es\/smoothing-anti-frizz-spray\" aria-label=\"Go to Spray Antiencrespamiento Smoothing Anti-Frizz\u2122 page\">-->\n      <!--            <img decoding=\"async\" src=\"https:\/\/monatglobal.com\/wp-content\/uploads\/2022\/12\/anti-frizz-blow-out-spray-ecomm-min.png\" alt=\"Spray Antiencrespamiento Smoothing Anti-Frizz\u2122 \" loading=\"lazy\"\/>-->\n      <!--            <p>Spray Antiencrespamiento <br \/>Smoothing Anti-Frizz\u2122 <\/p>-->\n      <!--         <\/a>-->\n      <!--      -->\n      <!--   -->\n         <!--==================================================== If we need navigation buttons  ====================================================-->\n      <!--   -->\n      <!--   -->\n         <!--==================================================== If we need paginations  ====================================================-->\n      <!--   -->\n      <!---->\n         <!--==================================================== If we need navigation buttons  ====================================================-->\n         <!--==================================================== If we need paginations  ====================================================-->\n    <a href=\"\" aria-label=\"\"><\/a>\n<!--==================================================== this link has to go last for it to work   ====================================================-->\n\n","protected":false},"excerpt":{"rendered":"<p>Champ\u00fa Smoothing Anti-Frizz\u2122 Limpia delicadamente mientras elimina el encrespamiento para revelar un cabello m\u00e1s suave y&nbsp;sedoso. 237 ml \u212e 8 fl. oz. Precio de venta Cliente00.00 \u20ac Precio Cliente VIP00.00 \u20ac Para conocer m\u00e1s sobre Champ\u00fa Smoothing Anti-Frizz\u2122 , ponte en contacto con tu Market Partner de&nbsp;MONAT. BENEFICIOS La protecci\u00f3n contra la humedad empieza en&hellip;<\/p>\n","protected":false},"author":31,"featured_media":69768,"parent":0,"menu_order":0,"comment_status":"closed","ping_status":"closed","template":"","meta":{"inline_featured_image":false,"om_disable_all_campaigns":false,"_monsterinsights_skip_tracking":false,"_monsterinsights_sitenote_active":false,"_monsterinsights_sitenote_note":"","_monsterinsights_sitenote_category":29,"footnotes":""},"categories":[31],"tags":[],"class_list":["post-69305","page","type-page","status-publish","has-post-thumbnail","hentry","category-product-es"],"aioseo_notices":[],"aioseo_head":"\n\t\t<!-- All in One SEO Pro 4.9.6 - aioseo.com -->\n\t<meta name=\"description\" content=\"Champ\u00fa Smoothing Anti-Frizz\u2122 Limpia delicadamente mientras elimina el encrespamiento para revelar un cabello m\u00e1s suave y sedoso. 237 ml \u212e 8 fl. oz. Precio de venta Cliente00.00 \u20ac Precio Cliente VIP00.00 \u20ac Para conocer m\u00e1s sobre Champ\u00fa Smoothing Anti-Frizz\u2122 , ponte en contacto con tu Market Partner de MONAT. BENEFICIOS La protecci\u00f3n contra la humedad empieza en\" \/>\n\t<meta name=\"robots\" content=\"max-image-preview:large\" \/>\n\t<link rel=\"canonical\" href=\"https:\/\/monatglobal.com\/es\/smoothing-shampoo\/\" \/>\n\t<meta name=\"generator\" content=\"All in One SEO Pro (AIOSEO) 4.9.6\" \/>\n\t\t<meta property=\"og:locale\" content=\"en_US\" \/>\n\t\t<meta property=\"og:site_name\" content=\"MONAT Espa\u00f1a - We Are Modern Nature\u00ae\" \/>\n\t\t<meta property=\"og:type\" content=\"article\" \/>\n\t\t<meta property=\"og:title\" content=\"Champ\u00fa Smoothing Anti-Frizz\u2122 - MONAT Espa\u00f1a\" \/>\n\t\t<meta property=\"og:description\" content=\"Champ\u00fa Smoothing Anti-Frizz\u2122 Limpia delicadamente mientras elimina el encrespamiento para revelar un cabello m\u00e1s suave y sedoso. 237 ml \u212e 8 fl. oz. Precio de venta Cliente00.00 \u20ac Precio Cliente VIP00.00 \u20ac Para conocer m\u00e1s sobre Champ\u00fa Smoothing Anti-Frizz\u2122 , ponte en contacto con tu Market Partner de MONAT. BENEFICIOS La protecci\u00f3n contra la humedad empieza en\" \/>\n\t\t<meta property=\"og:url\" content=\"https:\/\/monatglobal.com\/es\/smoothing-shampoo\/\" \/>\n\t\t<meta property=\"article:published_time\" content=\"2022-06-13T08:00:00+00:00\" \/>\n\t\t<meta property=\"article:modified_time\" content=\"2026-02-24T15:47:07+00:00\" \/>\n\t\t<meta name=\"twitter:card\" content=\"summary_large_image\" \/>\n\t\t<meta name=\"twitter:title\" content=\"Champ\u00fa Smoothing Anti-Frizz\u2122 - MONAT Espa\u00f1a\" \/>\n\t\t<meta name=\"twitter:description\" content=\"Champ\u00fa Smoothing Anti-Frizz\u2122 Limpia delicadamente mientras elimina el encrespamiento para revelar un cabello m\u00e1s suave y sedoso. 237 ml \u212e 8 fl. oz. Precio de venta Cliente00.00 \u20ac Precio Cliente VIP00.00 \u20ac Para conocer m\u00e1s sobre Champ\u00fa Smoothing Anti-Frizz\u2122 , ponte en contacto con tu Market Partner de MONAT. BENEFICIOS La protecci\u00f3n contra la humedad empieza en\" \/>\n\t\t<script type=\"application\/ld+json\" class=\"aioseo-schema\">\n\t\t\t{\"@context\":\"https:\\\/\\\/schema.org\",\"@graph\":[{\"@type\":\"BreadcrumbList\",\"@id\":\"https:\\\/\\\/monatglobal.com\\\/es\\\/smoothing-shampoo\\\/#breadcrumblist\",\"itemListElement\":[{\"@type\":\"ListItem\",\"@id\":\"https:\\\/\\\/monatglobal.com\\\/es#listItem\",\"position\":1,\"name\":\"Home\",\"item\":\"https:\\\/\\\/monatglobal.com\\\/es\",\"nextItem\":{\"@type\":\"ListItem\",\"@id\":\"https:\\\/\\\/monatglobal.com\\\/es\\\/smoothing-shampoo\\\/#listItem\",\"name\":\"Champ\\u00fa Smoothing Anti-Frizz\\u2122\"}},{\"@type\":\"ListItem\",\"@id\":\"https:\\\/\\\/monatglobal.com\\\/es\\\/smoothing-shampoo\\\/#listItem\",\"position\":2,\"name\":\"Champ\\u00fa Smoothing Anti-Frizz\\u2122\",\"previousItem\":{\"@type\":\"ListItem\",\"@id\":\"https:\\\/\\\/monatglobal.com\\\/es#listItem\",\"name\":\"Home\"}}]},{\"@type\":\"Organization\",\"@id\":\"https:\\\/\\\/monatglobal.com\\\/es\\\/#organization\",\"name\":\"MONAT Espa\\u00f1a\",\"description\":\"We Are Modern Nature\\u00ae\",\"url\":\"https:\\\/\\\/monatglobal.com\\\/es\\\/\"},{\"@type\":\"WebPage\",\"@id\":\"https:\\\/\\\/monatglobal.com\\\/es\\\/smoothing-shampoo\\\/#webpage\",\"url\":\"https:\\\/\\\/monatglobal.com\\\/es\\\/smoothing-shampoo\\\/\",\"name\":\"Champ\\u00fa Smoothing Anti-Frizz\\u2122 - MONAT Espa\\u00f1a\",\"description\":\"Champ\\u00fa Smoothing Anti-Frizz\\u2122 Limpia delicadamente mientras elimina el encrespamiento para revelar un cabello m\\u00e1s suave y sedoso. 237 ml \\u212e 8 fl. oz. Precio de venta Cliente00.00 \\u20ac Precio Cliente VIP00.00 \\u20ac Para conocer m\\u00e1s sobre Champ\\u00fa Smoothing Anti-Frizz\\u2122 , ponte en contacto con tu Market Partner de MONAT. BENEFICIOS La protecci\\u00f3n contra la humedad empieza en\",\"inLanguage\":\"en-US\",\"isPartOf\":{\"@id\":\"https:\\\/\\\/monatglobal.com\\\/es\\\/#website\"},\"breadcrumb\":{\"@id\":\"https:\\\/\\\/monatglobal.com\\\/es\\\/smoothing-shampoo\\\/#breadcrumblist\"},\"image\":{\"@type\":\"ImageObject\",\"url\":\"https:\\\/\\\/monatglobal.com\\\/es\\\/wp-content\\\/uploads\\\/sites\\\/10\\\/2022\\\/06\\\/anti-frizz-shampoo-ecomm-2.png\",\"@id\":\"https:\\\/\\\/monatglobal.com\\\/es\\\/smoothing-shampoo\\\/#mainImage\",\"width\":641,\"height\":800},\"primaryImageOfPage\":{\"@id\":\"https:\\\/\\\/monatglobal.com\\\/es\\\/smoothing-shampoo\\\/#mainImage\"},\"datePublished\":\"2022-06-13T09:00:00+01:00\",\"dateModified\":\"2026-02-24T15:47:07+00:00\"},{\"@type\":\"WebSite\",\"@id\":\"https:\\\/\\\/monatglobal.com\\\/es\\\/#website\",\"url\":\"https:\\\/\\\/monatglobal.com\\\/es\\\/\",\"name\":\"MONAT Espa\\u00f1a\",\"description\":\"We Are Modern Nature\\u00ae\",\"inLanguage\":\"en-US\",\"publisher\":{\"@id\":\"https:\\\/\\\/monatglobal.com\\\/es\\\/#organization\"}}]}\n\t\t<\/script>\n\t\t<!-- All in One SEO Pro -->\r\n\t\t<title>Champ\u00fa Smoothing Anti-Frizz\u2122 - MONAT Espa\u00f1a<\/title>\n\n","aioseo_head_json":{"title":"Champ\u00fa Smoothing Anti-Frizz\u2122 - MONAT Espa\u00f1a","description":"Champ\u00fa Smoothing Anti-Frizz\u2122 Limpia delicadamente mientras elimina el encrespamiento para revelar un cabello m\u00e1s suave y sedoso. 237 ml \u212e 8 fl. oz. Precio de venta Cliente00.00 \u20ac Precio Cliente VIP00.00 \u20ac Para conocer m\u00e1s sobre Champ\u00fa Smoothing Anti-Frizz\u2122 , ponte en contacto con tu Market Partner de MONAT. BENEFICIOS La protecci\u00f3n contra la humedad empieza en","canonical_url":"https:\/\/monatglobal.com\/es\/smoothing-shampoo\/","robots":"max-image-preview:large","keywords":"","webmasterTools":{"miscellaneous":""},"schema":{"@context":"https:\/\/schema.org","@graph":[{"@type":"BreadcrumbList","@id":"https:\/\/monatglobal.com\/es\/smoothing-shampoo\/#breadcrumblist","itemListElement":[{"@type":"ListItem","@id":"https:\/\/monatglobal.com\/es#listItem","position":1,"name":"Home","item":"https:\/\/monatglobal.com\/es","nextItem":{"@type":"ListItem","@id":"https:\/\/monatglobal.com\/es\/smoothing-shampoo\/#listItem","name":"Champ\u00fa Smoothing Anti-Frizz\u2122"}},{"@type":"ListItem","@id":"https:\/\/monatglobal.com\/es\/smoothing-shampoo\/#listItem","position":2,"name":"Champ\u00fa Smoothing Anti-Frizz\u2122","previousItem":{"@type":"ListItem","@id":"https:\/\/monatglobal.com\/es#listItem","name":"Home"}}]},{"@type":"Organization","@id":"https:\/\/monatglobal.com\/es\/#organization","name":"MONAT Espa\u00f1a","description":"We Are Modern Nature\u00ae","url":"https:\/\/monatglobal.com\/es\/"},{"@type":"WebPage","@id":"https:\/\/monatglobal.com\/es\/smoothing-shampoo\/#webpage","url":"https:\/\/monatglobal.com\/es\/smoothing-shampoo\/","name":"Champ\u00fa Smoothing Anti-Frizz\u2122 - MONAT Espa\u00f1a","description":"Champ\u00fa Smoothing Anti-Frizz\u2122 Limpia delicadamente mientras elimina el encrespamiento para revelar un cabello m\u00e1s suave y sedoso. 237 ml \u212e 8 fl. oz. Precio de venta Cliente00.00 \u20ac Precio Cliente VIP00.00 \u20ac Para conocer m\u00e1s sobre Champ\u00fa Smoothing Anti-Frizz\u2122 , ponte en contacto con tu Market Partner de MONAT. BENEFICIOS La protecci\u00f3n contra la humedad empieza en","inLanguage":"en-US","isPartOf":{"@id":"https:\/\/monatglobal.com\/es\/#website"},"breadcrumb":{"@id":"https:\/\/monatglobal.com\/es\/smoothing-shampoo\/#breadcrumblist"},"image":{"@type":"ImageObject","url":"https:\/\/monatglobal.com\/es\/wp-content\/uploads\/sites\/10\/2022\/06\/anti-frizz-shampoo-ecomm-2.png","@id":"https:\/\/monatglobal.com\/es\/smoothing-shampoo\/#mainImage","width":641,"height":800},"primaryImageOfPage":{"@id":"https:\/\/monatglobal.com\/es\/smoothing-shampoo\/#mainImage"},"datePublished":"2022-06-13T09:00:00+01:00","dateModified":"2026-02-24T15:47:07+00:00"},{"@type":"WebSite","@id":"https:\/\/monatglobal.com\/es\/#website","url":"https:\/\/monatglobal.com\/es\/","name":"MONAT Espa\u00f1a","description":"We Are Modern Nature\u00ae","inLanguage":"en-US","publisher":{"@id":"https:\/\/monatglobal.com\/es\/#organization"}}]},"og:locale":"en_US","og:site_name":"MONAT Espa\u00f1a - We Are Modern Nature\u00ae","og:type":"article","og:title":"Champ\u00fa Smoothing Anti-Frizz\u2122 - MONAT Espa\u00f1a","og:description":"Champ\u00fa Smoothing Anti-Frizz\u2122 Limpia delicadamente mientras elimina el encrespamiento para revelar un cabello m\u00e1s suave y sedoso. 237 ml \u212e 8 fl. oz. Precio de venta Cliente00.00 \u20ac Precio Cliente VIP00.00 \u20ac Para conocer m\u00e1s sobre Champ\u00fa Smoothing Anti-Frizz\u2122 , ponte en contacto con tu Market Partner de MONAT. BENEFICIOS La protecci\u00f3n contra la humedad empieza en","og:url":"https:\/\/monatglobal.com\/es\/smoothing-shampoo\/","article:published_time":"2022-06-13T08:00:00+00:00","article:modified_time":"2026-02-24T15:47:07+00:00","twitter:card":"summary_large_image","twitter:title":"Champ\u00fa Smoothing Anti-Frizz\u2122 - MONAT Espa\u00f1a","twitter:description":"Champ\u00fa Smoothing Anti-Frizz\u2122 Limpia delicadamente mientras elimina el encrespamiento para revelar un cabello m\u00e1s suave y sedoso. 237 ml \u212e 8 fl. oz. Precio de venta Cliente00.00 \u20ac Precio Cliente VIP00.00 \u20ac Para conocer m\u00e1s sobre Champ\u00fa Smoothing Anti-Frizz\u2122 , ponte en contacto con tu Market Partner de MONAT. BENEFICIOS La protecci\u00f3n contra la humedad empieza en"},"aioseo_meta_data":{"post_id":"69305","title":null,"description":null,"keywords":null,"keyphrases":null,"primary_term":null,"canonical_url":null,"og_title":null,"og_description":null,"og_object_type":"default","og_image_type":"default","og_image_url":null,"og_image_width":null,"og_image_height":null,"og_image_custom_url":null,"og_image_custom_fields":null,"og_video":null,"og_custom_url":null,"og_article_section":null,"og_article_tags":null,"twitter_use_og":false,"twitter_card":"default","twitter_image_type":"default","twitter_image_url":null,"twitter_image_custom_url":null,"twitter_image_custom_fields":null,"twitter_title":null,"twitter_description":null,"schema":{"blockGraphs":[],"customGraphs":[],"default":{"data":{"Article":[],"Course":[],"Dataset":[],"FAQPage":[],"Movie":[],"Person":[],"Product":[],"ProductReview":[],"Car":[],"Recipe":[],"Service":[],"SoftwareApplication":[],"WebPage":[]},"graphName":"WebPage","isEnabled":true},"graphs":[]},"schema_type":"default","schema_type_options":null,"pillar_content":false,"robots_default":true,"robots_noindex":false,"robots_noarchive":false,"robots_nosnippet":false,"robots_nofollow":false,"robots_noimageindex":false,"robots_noodp":false,"robots_notranslate":false,"robots_max_snippet":null,"robots_max_videopreview":null,"robots_max_imagepreview":"large","priority":null,"frequency":null,"local_seo":null,"seo_analyzer_scan_date":"2026-02-24 15:51:46","limit_modified_date":false,"reviewed_by":null,"open_ai":null,"ai":null,"created":"2023-07-26 09:33:43","updated":"2026-02-24 15:58:52"},"aioseo_breadcrumb":"<div class=\"aioseo-breadcrumbs\"><span class=\"aioseo-breadcrumb\">\n\t<a href=\"https:\/\/monatglobal.com\/es\" title=\"Home\">Home<\/a>\n<\/span><span class=\"aioseo-breadcrumb-separator\">&raquo;<\/span><span class=\"aioseo-breadcrumb\">\n\tChamp\u00fa Smoothing Anti-Frizz\u2122\n<\/span><\/div>","aioseo_breadcrumb_json":[{"label":"Home","link":"https:\/\/monatglobal.com\/es"},{"label":"Champ\u00fa Smoothing Anti-Frizz\u2122","link":"https:\/\/monatglobal.com\/es\/smoothing-shampoo\/"}],"_links":{"self":[{"href":"https:\/\/monatglobal.com\/es\/wp-json\/wp\/v2\/pages\/69305","targetHints":{"allow":["GET"]}}],"collection":[{"href":"https:\/\/monatglobal.com\/es\/wp-json\/wp\/v2\/pages"}],"about":[{"href":"https:\/\/monatglobal.com\/es\/wp-json\/wp\/v2\/types\/page"}],"author":[{"embeddable":true,"href":"https:\/\/monatglobal.com\/es\/wp-json\/wp\/v2\/users\/31"}],"replies":[{"embeddable":true,"href":"https:\/\/monatglobal.com\/es\/wp-json\/wp\/v2\/comments?post=69305"}],"version-history":[{"count":29,"href":"https:\/\/monatglobal.com\/es\/wp-json\/wp\/v2\/pages\/69305\/revisions"}],"predecessor-version":[{"id":109218,"href":"https:\/\/monatglobal.com\/es\/wp-json\/wp\/v2\/pages\/69305\/revisions\/109218"}],"wp:featuredmedia":[{"embeddable":true,"href":"https:\/\/monatglobal.com\/es\/wp-json\/wp\/v2\/media\/69768"}],"wp:attachment":[{"href":"https:\/\/monatglobal.com\/es\/wp-json\/wp\/v2\/media?parent=69305"}],"wp:term":[{"taxonomy":"category","embeddable":true,"href":"https:\/\/monatglobal.com\/es\/wp-json\/wp\/v2\/categories?post=69305"},{"taxonomy":"post_tag","embeddable":true,"href":"https:\/\/monatglobal.com\/es\/wp-json\/wp\/v2\/tags?post=69305"}],"curies":[{"name":"wp","href":"https:\/\/api.w.org\/{rel}","templated":true}]}}