{"id":69291,"date":"2022-06-13T09:00:00","date_gmt":"2022-06-13T08:00:00","guid":{"rendered":"https:\/\/monatglobal.com\/?page_id=69291"},"modified":"2026-02-24T15:36:24","modified_gmt":"2026-02-24T15:36:24","slug":"smoothing-deep-conditioner","status":"publish","type":"page","link":"https:\/\/monatglobal.com\/es\/smoothing-deep-conditioner\/","title":{"rendered":"Acondicionador profundo Smoothing Anti-Frizz\u2122"},"content":{"rendered":"\n\n\t<link rel=\"stylesheet\" href=\"https:\/\/unpkg.com\/swiper\/swiper-bundle.min.css\" \/>\n<link rel=\"stylesheet\" href=\"https:\/\/monatglobal.com\/wp-content\/creative_css\/product_styles_sheet.css\" \/>\n   <!--==================================================== ECOMM SECTION ====================================================-->\n   <p>M\u00c1S VENDIDOS<\/p>\n      <!--==================================================== Ecomm image ====================================================-->\n      <img decoding=\"async\" src=\"https:\/\/monatglobal.com\/wp-content\/uploads\/2022\/05\/anti-frizz-deep-conditioner-ecomm.png\" alt=\"Acondicionador profundo Smoothing Anti-Frizz\u2122\" loading=\"lazy\"\/>\n      <!--==================================================== Ecomm information  ====================================================-->\n         \n         <p>M\u00c1S VENDIDOS<\/p>\n         <h1>Acondicionador profundo<\/h1>\n         <p>Smoothing Anti-Frizz\u2122<\/p>\n         <p>Acondiciona con REJUVENIQE<sup>\u00ae<\/sup> ayudando a repeler la humedad para un cabello m\u00e1s sedoso y suave libre de encrespamiento.<\/p>\n         <p>178 ml \u212e 6 fl. oz.<\/p>\n       <!--==================================================== pricing box  ====================================================-->\n         <p>Precio de venta Cliente<br \/>00.00 \u20ac<\/p>\n         <p>Precio Cliente VIP<br \/>00.00 \u20ac<\/p>\n       <!--==================================================== pricing box  ====================================================-->  \n         <p>Para conocer m\u00e1s sobre Acondicionador profundo Smoothing Anti-Frizz\u2122, ponte en contacto con tu Market Partner de&nbsp;MONAT.<\/p>\n          <a href=\"\" target=\"_blank\" role=\"button\" aria-label=\"\" rel=\"noopener\"><\/a>\n   <!--==================================================== \/ECOMM SECTION  ====================================================-->\n   <!--==================================================== Benefits image ====================================================-->\n   \n      <source media=\"(max-width: 700px)\" srcset=\"https:\/\/monatglobal.com\/wp-content\/uploads\/2022\/05\/anti-frizz-deep-conditioner-benefits-mobile.jpg\" loading=\"lazy\"\/>\n      <img decoding=\"async\" alt=\"A blonde female with damp hair, standing near greenery and holding Smoothing Anti-Frizz\u2122 Deep Conditioner.\" \n      src=\"https:\/\/monatglobal.com\/wp-content\/uploads\/2022\/05\/anti-frizz-deep-conditioner-benefits.jpg\" loading=\"lazy\"\/>\n   \n   <!--==================================================== Benefits text ====================================================-->\n         <h2>BENEFICIOS<\/h2>\n          <h3>Combate el encrespamiento para un cabello m\u00e1s liso y&nbsp;suave.<\/h3>\n         <p>Este sedoso acondicionador aporta 3 veces m\u00e1s suavidad <sup>1, 2<\/sup>, m\u00e1s maleabilidad con menos encrespamiento, menos roturas y protege el color hasta 20&nbsp;lavados.<sup>1<\/sup>. <\/p>\n         <!--==================================================== features image  ====================================================-->\n         <img decoding=\"async\" alt=\"Smoothing Anti-Frizz\u2122 Deep Conditioner laying on a tan surface, next to different ingredients.\" src=\"https:\/\/monatglobal.com\/wp-content\/uploads\/2022\/05\/featutes-anti-frizz-deep-conditioner.jpg\" loading=\"lazy\"\/>\n      <!--==================================================== features text ====================================================-->\n            <h3>Control del encrespamiento de larga duraci\u00f3n con una fragancia nueva y&nbsp;mejorada.<\/h3>\n                <p>\/ Cabello 3 veces m\u00e1s liso y suave y menos encrespamiento, electricidad est\u00e1tica y cabellos&nbsp;sueltos <sup>1, 2<\/sup><\/p>\n                <p>\/ Cabello 3 veces m\u00e1s manejable con menos&nbsp;roturas <sup>1, 2, 3<\/sup><\/p>\n                <p>\/ Elimina el encrespamiento y los cabellos sueltos hasta 72&nbsp;horas <sup>1, 2<\/sup><\/p>\n                <p>\/ 7 veces menos roturas para un desenredo sin&nbsp;esfuerzo <sup>1, 2<\/sup><\/p>\n                <p>\/ Es vegano y protege el&nbsp;color<\/p>\n               <br \/>\n            <p>Fragancia  \/ Preciosas flores y frutas \u00e1cidas se unen en esta aterciopelada y suntuosa fragancia con notas de ruibarbo, pera, violeta, gardenia, vainilla y madera de&nbsp;cedro. <\/p>\n            <p> Textura  \/ Crema<\/p>\n   <!--==================================================== composition image mobile ====================================================-->\n   <img decoding=\"async\" alt=\"Smoothing Anti-Frizz\u2122 Deep Conditioner laying on a white sheet, next to white flowers.\" src=\"https:\/\/monatglobal.com\/wp-content\/uploads\/2022\/05\/comp1-anti-frizz-deep-conditioner.jpg\" loading=\"lazy\"\/>\n   <!--==================================================== Why it works text ====================================================-->\n        \n        <h3>Desp\u00eddete del encrespamiento con este ligero acondicionador que reduce el encrespamiento para cabellos finos y medios. <\/h3>\n        <p>Un acondicionador de alto rendimiento con activos vegetales, tensioactivos de origen natural y acondicionadores de origen vegetal que acondiciona el cabello para dejar una melena m\u00e1s suave y lisa, con menos encrespamiento, electricidad est\u00e1tica y menos cabellos&nbsp;sueltos. <\/p>\n<!--==================================================== Composition section ====================================================-->\n      <img decoding=\"async\" alt=\"Smoothing Anti-Frizz\u2122 Deep Conditioner laying on a white sheet, next to white flowers.\" src=\"https:\/\/monatglobal.com\/wp-content\/uploads\/2022\/05\/comp1-anti-frizz-deep-conditioner.jpg\" loading=\"lazy\"\/>\n      <img decoding=\"async\" alt=\"A blonde female with damp hair holding Smoothing Anti-Frizz\u2122 Deep Conditioner, overlapping a photo of different ingredients.\" src=\"https:\/\/monatglobal.com\/wp-content\/uploads\/2022\/05\/comp3-anti-frizz-deep-conditioner.jpg\" loading=\"lazy\"\/>\n            <!--==================================================== Directions text ====================================================--> \n               <h3>Instrucciones<\/h3>\n               <p>\/ Emulsiona para alisar el&nbsp;cabello. <\/p>\n               <p>\/ Dejar que act\u00fae durante 3 o 5&nbsp;minutos. <\/p>\n               <p>\/ Aclarar. <\/p>\n               <p>\/ Seguir con el Spray Antiencrespamiento MONAT Smoothing Anti-Frizz\u2122 o tus productos favoritos MONAT STUDIO&nbsp;ONE\u2122. <\/p>\n            <!--==================================================== Directions video ====================================================-->\n      <p>Acondicionador profundo <br \/>Smoothing Anti-Frizz\u2122 <br \/> 0:57 <\/p>\n      <a href=\"\" target=\"_blank\" role=\"button\" aria-label=\"\" rel=\"noopener\"><\/a>\n   <!--==================================================== Ingredients section  ====================================================-->\n      <h2>INGREDIENTES CLAVE<\/h2>\n               <p>REJUVENIQE<sup>\u00ae<\/sup><\/p>\n               <p>Extracto de guisante <\/p>\n               <p>Prote\u00edna vegetal <\/p>\n        <button id=\"myBtn\" type=\"button\">LISTA DE INGREDIENTES<\/button>\n      <!--==================================================== Modal content  ====================================================-->\n         &times;\n         <p>Aqua\/Water\/Eau, Cetyl Alcohol, Cetrimonium Methosulfate, Quaternium-91, Brassicamidopropyl Dimethylamine, Fragrance\/Parfum, Cetearyl Alcohol, Isoamyl Laurate, Helianthus Annuus (Sunflower) Seed Oil, Adansonia Digitata Oil, Caryocar Brasiliense Fruit Oil, Cocos Nucifera (Coconut) Oil, Gardenia Taitensis Flower Extract, Mauritia Flexuosa Fruit Oil, Moringa Oleifera Seed Oil, Citrus Aurantifolia (Lime) Oil, Citrus Aurantium Bergamia (Bergamot) Fruit Oil, Citrus Limon (Lemon) Peel Oil, Daucus Carota Sativa (Carrot) Seed Oil, Trifolium Pratense (Clover) Flower Extract, Acetyl Tetrapeptide-3, Sodium Phosphate, Tocopherol, Solanum Lycopersicum (Tomato) Seed Oil, Dextran, Camellia Oleifera Seed Oil, Disodium Phosphate, Polysorbate 60, Crambe Abyssinica Seed Oil, Pisum Sativum (Pea) Extract, Arginine HCl, Serine, Threonine, Limnanthes Alba (Meadowfoam) Seed Oil, Soy Amino Acids, Wheat Amino Acids, Cinnamidopropyltrimonium Chloride, Glycerin, Hydroxyethylcellulose, Ethylhexylglycerin, Citric Acid, Butylene Glycol, Sodium Benzoate, Potassium Sorbate, Benzyl Alcohol, Sodium Hydroxide,&nbsp;Linalool.<\/p>\n        <p><sup>1<\/sup> Basado en pruebas instrumentales realizadas por un laboratorio de&nbsp;terceros.<\/p>\n        <p><sup>2<\/sup> Rutina de Champ\u00fa y Acondicionador Smoothing Anti-Frizz\u2122 vs. un champ\u00fa sin&nbsp;acondicionador.<\/p>\n        <p><sup>3<\/sup> Basado en un estudio de rotura de cabello estad\u00edsticamente significativo que eval\u00faa la reducci\u00f3n de las fibras rotas tras el peinado y cepillado&nbsp;repetitivo.<\/p>\n   <!--==================================================== You might also like section ====================================================-->\n      <h2>PUEDE QUE TAMBI\u00c9N TE&nbsp;GUSTE<\/h2>\n      <!--==================================================== Slider YOU MIGHT ALSO LIKE ====================================================-->\n      <!---->\n      <!--   -->\n            <!--==================================================== Slides products ====================================================-->\n      <!--      -->\n      <!--         <a href=\"https:\/\/monatglobal.com\/es\/smoothing-shampoo\" aria-label=\"Go to Champ\u00fa Smoothing Anti-Frizz\u2122 page\">-->\n      <!--            <img decoding=\"async\" src=\"https:\/\/monatglobal.com\/wp-content\/uploads\/2022\/12\/anti-frizz-shampoo-ecomm-min.png\" alt=\"Champ\u00fa Smoothing Anti-Frizz\u2122\" loading=\"lazy\"\/>-->\n      <!--            <p>Champ\u00fa<br \/> Smoothing Anti-Frizz\u2122 <\/p>-->\n      <!--         <\/a>-->\n      <!--      -->\n      <!--      -->\n      <!--         <a href=\"https:\/\/monatglobal.com\/es\/smoothing-anti-frizz-spray\" aria-label=\"Go to Spray Antiencrespamiento Smoothing Anti-Frizz\u2122 page\">-->\n      <!--            <img decoding=\"async\" src=\"https:\/\/monatglobal.com\/wp-content\/uploads\/2022\/12\/anti-frizz-blow-out-spray-ecomm-min.png\" alt=\"Spray Antiencrespamiento Smoothing Anti-Frizz\u2122 \" loading=\"lazy\"\/>-->\n      <!--            <p>Spray Antiencrespamiento <br \/>Smoothing Anti-Frizz\u2122 <\/p>-->\n      <!--         <\/a>-->\n      <!--      -->\n      <!--      -->\n      <!--         <a href=\"https:\/\/monatglobal.com\/es\/blow-out-cream\" aria-label=\"Go to Crema de secado con calor MONAT STUDIO ONE\u2122 page\">-->\n      <!--            <img decoding=\"async\" src=\"https:\/\/monatglobal.com\/wp-content\/uploads\/2022\/12\/blow-out-cream-e-comm-min.png\" alt=\"Crema de secado con calor MONAT STUDIO ONE\u2122 \" loading=\"lazy\"\/>-->\n      <!--            <p>Crema de secado con calor<br \/> MONAT STUDIO ONE\u2122 <\/p>-->\n      <!--         <\/a>-->\n      <!--       -->\n      <!--   -->\n         <!--==================================================== If we need navigation buttons  ====================================================-->\n      <!--   -->\n      <!--   -->\n         <!--==================================================== If we need paginations  ====================================================-->\n      <!--   -->\n      <!---->\n         <!--==================================================== If we need navigation buttons  ====================================================-->\n         <!--==================================================== If we need paginations  ====================================================-->\n    <a href=\"\" aria-label=\"\"><\/a>\n<!--==================================================== this link has to go last for it to work   ====================================================-->\n\n","protected":false},"excerpt":{"rendered":"<p>M\u00c1S VENDIDOS M\u00c1S VENDIDOS Acondicionador profundo Smoothing Anti-Frizz\u2122 Acondiciona con REJUVENIQE\u00ae ayudando a repeler la humedad para un cabello m\u00e1s sedoso y suave libre de encrespamiento. 178 ml \u212e 6 fl. oz. Precio de venta Cliente00.00 \u20ac Precio Cliente VIP00.00 \u20ac Para conocer m\u00e1s sobre Acondicionador profundo Smoothing Anti-Frizz\u2122, ponte en contacto con tu Market&hellip;<\/p>\n","protected":false},"author":31,"featured_media":109213,"parent":0,"menu_order":0,"comment_status":"closed","ping_status":"closed","template":"","meta":{"inline_featured_image":false,"om_disable_all_campaigns":false,"_monsterinsights_skip_tracking":false,"_monsterinsights_sitenote_active":false,"_monsterinsights_sitenote_note":"","_monsterinsights_sitenote_category":0,"footnotes":""},"categories":[31],"tags":[],"class_list":["post-69291","page","type-page","status-publish","has-post-thumbnail","hentry","category-product-es"],"aioseo_notices":[],"aioseo_head":"\n\t\t<!-- All in One SEO Pro 4.9.5.2 - aioseo.com -->\n\t<meta name=\"description\" content=\"M\u00c1S VENDIDOS M\u00c1S VENDIDOS Acondicionador profundo Smoothing Anti-Frizz\u2122 Acondiciona con REJUVENIQE\u00ae ayudando a repeler la humedad para un cabello m\u00e1s sedoso y suave libre de encrespamiento. 178 ml \u212e 6 fl. oz. Precio de venta Cliente00.00 \u20ac Precio Cliente VIP00.00 \u20ac Para conocer m\u00e1s sobre Acondicionador profundo Smoothing Anti-Frizz\u2122, ponte en contacto con tu Market\" \/>\n\t<meta name=\"robots\" content=\"max-image-preview:large\" \/>\n\t<link rel=\"canonical\" href=\"https:\/\/monatglobal.com\/es\/smoothing-deep-conditioner\/\" \/>\n\t<meta name=\"generator\" content=\"All in One SEO Pro (AIOSEO) 4.9.5.2\" \/>\n\t\t<meta property=\"og:locale\" content=\"en_US\" \/>\n\t\t<meta property=\"og:site_name\" content=\"MONAT Espa\u00f1a - We Are Modern Nature\u00ae\" \/>\n\t\t<meta property=\"og:type\" content=\"article\" \/>\n\t\t<meta property=\"og:title\" content=\"Acondicionador profundo Smoothing Anti-Frizz\u2122\" \/>\n\t\t<meta property=\"og:description\" content=\"M\u00c1S VENDIDOS M\u00c1S VENDIDOS Acondicionador profundo Smoothing Anti-Frizz\u2122 Acondiciona con REJUVENIQE\u00ae ayudando a repeler la humedad para un cabello m\u00e1s sedoso y suave libre de encrespamiento. 178 ml \u212e 6 fl. oz. Precio de venta Cliente00.00 \u20ac Precio Cliente VIP00.00 \u20ac Para conocer m\u00e1s sobre Acondicionador profundo Smoothing Anti-Frizz\u2122, ponte en contacto con tu Market\" \/>\n\t\t<meta property=\"og:url\" content=\"https:\/\/monatglobal.com\/es\/smoothing-deep-conditioner\/\" \/>\n\t\t<meta property=\"article:published_time\" content=\"2022-06-13T08:00:00+00:00\" \/>\n\t\t<meta property=\"article:modified_time\" content=\"2026-02-24T15:36:24+00:00\" \/>\n\t\t<meta name=\"twitter:card\" content=\"summary_large_image\" \/>\n\t\t<meta name=\"twitter:title\" content=\"Acondicionador profundo Smoothing Anti-Frizz\u2122\" \/>\n\t\t<meta name=\"twitter:description\" content=\"M\u00c1S VENDIDOS M\u00c1S VENDIDOS Acondicionador profundo Smoothing Anti-Frizz\u2122 Acondiciona con REJUVENIQE\u00ae ayudando a repeler la humedad para un cabello m\u00e1s sedoso y suave libre de encrespamiento. 178 ml \u212e 6 fl. oz. Precio de venta Cliente00.00 \u20ac Precio Cliente VIP00.00 \u20ac Para conocer m\u00e1s sobre Acondicionador profundo Smoothing Anti-Frizz\u2122, ponte en contacto con tu Market\" \/>\n\t\t<script type=\"application\/ld+json\" class=\"aioseo-schema\">\n\t\t\t{\"@context\":\"https:\\\/\\\/schema.org\",\"@graph\":[{\"@type\":\"BreadcrumbList\",\"@id\":\"https:\\\/\\\/monatglobal.com\\\/es\\\/smoothing-deep-conditioner\\\/#breadcrumblist\",\"itemListElement\":[{\"@type\":\"ListItem\",\"@id\":\"https:\\\/\\\/monatglobal.com\\\/es#listItem\",\"position\":1,\"name\":\"Home\",\"item\":\"https:\\\/\\\/monatglobal.com\\\/es\",\"nextItem\":{\"@type\":\"ListItem\",\"@id\":\"https:\\\/\\\/monatglobal.com\\\/es\\\/smoothing-deep-conditioner\\\/#listItem\",\"name\":\"Acondicionador profundo Smoothing Anti-Frizz\\u2122\"}},{\"@type\":\"ListItem\",\"@id\":\"https:\\\/\\\/monatglobal.com\\\/es\\\/smoothing-deep-conditioner\\\/#listItem\",\"position\":2,\"name\":\"Acondicionador profundo Smoothing Anti-Frizz\\u2122\",\"previousItem\":{\"@type\":\"ListItem\",\"@id\":\"https:\\\/\\\/monatglobal.com\\\/es#listItem\",\"name\":\"Home\"}}]},{\"@type\":\"Organization\",\"@id\":\"https:\\\/\\\/monatglobal.com\\\/es\\\/#organization\",\"name\":\"MONAT Espa\\u00f1a\",\"description\":\"We Are Modern Nature\\u00ae\",\"url\":\"https:\\\/\\\/monatglobal.com\\\/es\\\/\"},{\"@type\":\"WebPage\",\"@id\":\"https:\\\/\\\/monatglobal.com\\\/es\\\/smoothing-deep-conditioner\\\/#webpage\",\"url\":\"https:\\\/\\\/monatglobal.com\\\/es\\\/smoothing-deep-conditioner\\\/\",\"name\":\"Acondicionador profundo Smoothing Anti-Frizz\\u2122\",\"description\":\"M\\u00c1S VENDIDOS M\\u00c1S VENDIDOS Acondicionador profundo Smoothing Anti-Frizz\\u2122 Acondiciona con REJUVENIQE\\u00ae ayudando a repeler la humedad para un cabello m\\u00e1s sedoso y suave libre de encrespamiento. 178 ml \\u212e 6 fl. oz. Precio de venta Cliente00.00 \\u20ac Precio Cliente VIP00.00 \\u20ac Para conocer m\\u00e1s sobre Acondicionador profundo Smoothing Anti-Frizz\\u2122, ponte en contacto con tu Market\",\"inLanguage\":\"en-US\",\"isPartOf\":{\"@id\":\"https:\\\/\\\/monatglobal.com\\\/es\\\/#website\"},\"breadcrumb\":{\"@id\":\"https:\\\/\\\/monatglobal.com\\\/es\\\/smoothing-deep-conditioner\\\/#breadcrumblist\"},\"image\":{\"@type\":\"ImageObject\",\"url\":\"https:\\\/\\\/monatglobal.com\\\/es\\\/wp-content\\\/uploads\\\/sites\\\/10\\\/2026\\\/02\\\/anti-frizz-deep-conditioner-ecomm.png\",\"@id\":\"https:\\\/\\\/monatglobal.com\\\/es\\\/smoothing-deep-conditioner\\\/#mainImage\",\"width\":641,\"height\":800},\"primaryImageOfPage\":{\"@id\":\"https:\\\/\\\/monatglobal.com\\\/es\\\/smoothing-deep-conditioner\\\/#mainImage\"},\"datePublished\":\"2022-06-13T09:00:00+01:00\",\"dateModified\":\"2026-02-24T15:36:24+00:00\"},{\"@type\":\"WebSite\",\"@id\":\"https:\\\/\\\/monatglobal.com\\\/es\\\/#website\",\"url\":\"https:\\\/\\\/monatglobal.com\\\/es\\\/\",\"name\":\"MONAT Espa\\u00f1a\",\"description\":\"We Are Modern Nature\\u00ae\",\"inLanguage\":\"en-US\",\"publisher\":{\"@id\":\"https:\\\/\\\/monatglobal.com\\\/es\\\/#organization\"}}]}\n\t\t<\/script>\n\t\t<!-- All in One SEO Pro -->\r\n\t\t<title>Acondicionador profundo Smoothing Anti-Frizz\u2122<\/title>\n\n","aioseo_head_json":{"title":"Acondicionador profundo Smoothing Anti-Frizz\u2122","description":"M\u00c1S VENDIDOS M\u00c1S VENDIDOS Acondicionador profundo Smoothing Anti-Frizz\u2122 Acondiciona con REJUVENIQE\u00ae ayudando a repeler la humedad para un cabello m\u00e1s sedoso y suave libre de encrespamiento. 178 ml \u212e 6 fl. oz. Precio de venta Cliente00.00 \u20ac Precio Cliente VIP00.00 \u20ac Para conocer m\u00e1s sobre Acondicionador profundo Smoothing Anti-Frizz\u2122, ponte en contacto con tu Market","canonical_url":"https:\/\/monatglobal.com\/es\/smoothing-deep-conditioner\/","robots":"max-image-preview:large","keywords":"","webmasterTools":{"miscellaneous":""},"schema":{"@context":"https:\/\/schema.org","@graph":[{"@type":"BreadcrumbList","@id":"https:\/\/monatglobal.com\/es\/smoothing-deep-conditioner\/#breadcrumblist","itemListElement":[{"@type":"ListItem","@id":"https:\/\/monatglobal.com\/es#listItem","position":1,"name":"Home","item":"https:\/\/monatglobal.com\/es","nextItem":{"@type":"ListItem","@id":"https:\/\/monatglobal.com\/es\/smoothing-deep-conditioner\/#listItem","name":"Acondicionador profundo Smoothing Anti-Frizz\u2122"}},{"@type":"ListItem","@id":"https:\/\/monatglobal.com\/es\/smoothing-deep-conditioner\/#listItem","position":2,"name":"Acondicionador profundo Smoothing Anti-Frizz\u2122","previousItem":{"@type":"ListItem","@id":"https:\/\/monatglobal.com\/es#listItem","name":"Home"}}]},{"@type":"Organization","@id":"https:\/\/monatglobal.com\/es\/#organization","name":"MONAT Espa\u00f1a","description":"We Are Modern Nature\u00ae","url":"https:\/\/monatglobal.com\/es\/"},{"@type":"WebPage","@id":"https:\/\/monatglobal.com\/es\/smoothing-deep-conditioner\/#webpage","url":"https:\/\/monatglobal.com\/es\/smoothing-deep-conditioner\/","name":"Acondicionador profundo Smoothing Anti-Frizz\u2122","description":"M\u00c1S VENDIDOS M\u00c1S VENDIDOS Acondicionador profundo Smoothing Anti-Frizz\u2122 Acondiciona con REJUVENIQE\u00ae ayudando a repeler la humedad para un cabello m\u00e1s sedoso y suave libre de encrespamiento. 178 ml \u212e 6 fl. oz. Precio de venta Cliente00.00 \u20ac Precio Cliente VIP00.00 \u20ac Para conocer m\u00e1s sobre Acondicionador profundo Smoothing Anti-Frizz\u2122, ponte en contacto con tu Market","inLanguage":"en-US","isPartOf":{"@id":"https:\/\/monatglobal.com\/es\/#website"},"breadcrumb":{"@id":"https:\/\/monatglobal.com\/es\/smoothing-deep-conditioner\/#breadcrumblist"},"image":{"@type":"ImageObject","url":"https:\/\/monatglobal.com\/es\/wp-content\/uploads\/sites\/10\/2026\/02\/anti-frizz-deep-conditioner-ecomm.png","@id":"https:\/\/monatglobal.com\/es\/smoothing-deep-conditioner\/#mainImage","width":641,"height":800},"primaryImageOfPage":{"@id":"https:\/\/monatglobal.com\/es\/smoothing-deep-conditioner\/#mainImage"},"datePublished":"2022-06-13T09:00:00+01:00","dateModified":"2026-02-24T15:36:24+00:00"},{"@type":"WebSite","@id":"https:\/\/monatglobal.com\/es\/#website","url":"https:\/\/monatglobal.com\/es\/","name":"MONAT Espa\u00f1a","description":"We Are Modern Nature\u00ae","inLanguage":"en-US","publisher":{"@id":"https:\/\/monatglobal.com\/es\/#organization"}}]},"og:locale":"en_US","og:site_name":"MONAT Espa\u00f1a - We Are Modern Nature\u00ae","og:type":"article","og:title":"Acondicionador profundo Smoothing Anti-Frizz\u2122","og:description":"M\u00c1S VENDIDOS M\u00c1S VENDIDOS Acondicionador profundo Smoothing Anti-Frizz\u2122 Acondiciona con REJUVENIQE\u00ae ayudando a repeler la humedad para un cabello m\u00e1s sedoso y suave libre de encrespamiento. 178 ml \u212e 6 fl. oz. Precio de venta Cliente00.00 \u20ac Precio Cliente VIP00.00 \u20ac Para conocer m\u00e1s sobre Acondicionador profundo Smoothing Anti-Frizz\u2122, ponte en contacto con tu Market","og:url":"https:\/\/monatglobal.com\/es\/smoothing-deep-conditioner\/","article:published_time":"2022-06-13T08:00:00+00:00","article:modified_time":"2026-02-24T15:36:24+00:00","twitter:card":"summary_large_image","twitter:title":"Acondicionador profundo Smoothing Anti-Frizz\u2122","twitter:description":"M\u00c1S VENDIDOS M\u00c1S VENDIDOS Acondicionador profundo Smoothing Anti-Frizz\u2122 Acondiciona con REJUVENIQE\u00ae ayudando a repeler la humedad para un cabello m\u00e1s sedoso y suave libre de encrespamiento. 178 ml \u212e 6 fl. oz. Precio de venta Cliente00.00 \u20ac Precio Cliente VIP00.00 \u20ac Para conocer m\u00e1s sobre Acondicionador profundo Smoothing Anti-Frizz\u2122, ponte en contacto con tu Market"},"aioseo_meta_data":{"post_id":"69291","title":"Acondicionador profundo Smoothing Anti-Frizz\u2122","description":null,"keywords":null,"keyphrases":{"focus":{"keyphrase":"","score":0,"analysis":{"keyphraseInTitle":{"score":0,"maxScore":9,"error":1}}},"additional":[]},"primary_term":null,"canonical_url":null,"og_title":null,"og_description":null,"og_object_type":"default","og_image_type":"default","og_image_url":null,"og_image_width":null,"og_image_height":null,"og_image_custom_url":null,"og_image_custom_fields":null,"og_video":"","og_custom_url":null,"og_article_section":null,"og_article_tags":null,"twitter_use_og":false,"twitter_card":"default","twitter_image_type":"default","twitter_image_url":null,"twitter_image_custom_url":null,"twitter_image_custom_fields":null,"twitter_title":null,"twitter_description":null,"schema":{"blockGraphs":[],"customGraphs":[],"default":{"data":{"Article":[],"Course":[],"Dataset":[],"FAQPage":[],"Movie":[],"Person":[],"Product":[],"ProductReview":[],"Car":[],"Recipe":[],"Service":[],"SoftwareApplication":[],"WebPage":[]},"graphName":"WebPage","isEnabled":true},"graphs":[]},"schema_type":"default","schema_type_options":null,"pillar_content":false,"robots_default":true,"robots_noindex":false,"robots_noarchive":false,"robots_nosnippet":false,"robots_nofollow":false,"robots_noimageindex":false,"robots_noodp":false,"robots_notranslate":false,"robots_max_snippet":"-1","robots_max_videopreview":"-1","robots_max_imagepreview":"large","priority":null,"frequency":"default","local_seo":null,"seo_analyzer_scan_date":"2026-02-24 15:51:45","limit_modified_date":false,"reviewed_by":"0","open_ai":null,"ai":{"faqs":[],"keyPoints":[],"titles":[],"descriptions":[],"socialPosts":{"email":[],"linkedin":[],"twitter":[],"facebook":[],"instagram":[]}},"created":"2023-07-26 09:33:43","updated":"2026-02-24 15:51:45"},"aioseo_breadcrumb":"<div class=\"aioseo-breadcrumbs\"><span class=\"aioseo-breadcrumb\">\n\t<a href=\"https:\/\/monatglobal.com\/es\" title=\"Home\">Home<\/a>\n<\/span><span class=\"aioseo-breadcrumb-separator\">&raquo;<\/span><span class=\"aioseo-breadcrumb\">\n\tAcondicionador profundo Smoothing Anti-Frizz\u2122\n<\/span><\/div>","aioseo_breadcrumb_json":[{"label":"Home","link":"https:\/\/monatglobal.com\/es"},{"label":"Acondicionador profundo Smoothing Anti-Frizz\u2122","link":"https:\/\/monatglobal.com\/es\/smoothing-deep-conditioner\/"}],"_links":{"self":[{"href":"https:\/\/monatglobal.com\/es\/wp-json\/wp\/v2\/pages\/69291","targetHints":{"allow":["GET"]}}],"collection":[{"href":"https:\/\/monatglobal.com\/es\/wp-json\/wp\/v2\/pages"}],"about":[{"href":"https:\/\/monatglobal.com\/es\/wp-json\/wp\/v2\/types\/page"}],"author":[{"embeddable":true,"href":"https:\/\/monatglobal.com\/es\/wp-json\/wp\/v2\/users\/31"}],"replies":[{"embeddable":true,"href":"https:\/\/monatglobal.com\/es\/wp-json\/wp\/v2\/comments?post=69291"}],"version-history":[{"count":31,"href":"https:\/\/monatglobal.com\/es\/wp-json\/wp\/v2\/pages\/69291\/revisions"}],"predecessor-version":[{"id":109215,"href":"https:\/\/monatglobal.com\/es\/wp-json\/wp\/v2\/pages\/69291\/revisions\/109215"}],"wp:featuredmedia":[{"embeddable":true,"href":"https:\/\/monatglobal.com\/es\/wp-json\/wp\/v2\/media\/109213"}],"wp:attachment":[{"href":"https:\/\/monatglobal.com\/es\/wp-json\/wp\/v2\/media?parent=69291"}],"wp:term":[{"taxonomy":"category","embeddable":true,"href":"https:\/\/monatglobal.com\/es\/wp-json\/wp\/v2\/categories?post=69291"},{"taxonomy":"post_tag","embeddable":true,"href":"https:\/\/monatglobal.com\/es\/wp-json\/wp\/v2\/tags?post=69291"}],"curies":[{"name":"wp","href":"https:\/\/api.w.org\/{rel}","templated":true}]}}