{"id":69256,"date":"2022-06-13T09:00:00","date_gmt":"2022-06-13T08:00:00","guid":{"rendered":"https:\/\/monatglobal.com\/?page_id=69256"},"modified":"2026-02-24T15:40:29","modified_gmt":"2026-02-24T15:40:29","slug":"smoothing-anti-frizz-treatment","status":"publish","type":"page","link":"https:\/\/monatglobal.com\/es\/smoothing-anti-frizz-treatment\/","title":{"rendered":"Tratamiento intensivo en profundidad Smoothing Anti-Frizz\u2122"},"content":{"rendered":"\n\n\t<link rel=\"stylesheet\" href=\"https:\/\/unpkg.com\/swiper\/swiper-bundle.min.css\" \/>\n<link rel=\"stylesheet\" href=\"https:\/\/monatglobal.com\/wp-content\/creative_css\/product_styles_sheet.css\" \/>\n   <!--==================================================== ECOMM SECTION ====================================================-->\n      <!--==================================================== Ecomm image ====================================================-->\n      <img decoding=\"async\" src=\"https:\/\/monatglobal.com\/wp-content\/uploads\/2022\/05\/anti-frizz-deep-treatment-ecomm.png\" alt=\"Tratamiento intensivo en profundidad Smoothing Anti-Frizz\u2122\" loading=\"lazy\"\/>\n      <!--==================================================== Ecomm information  ====================================================-->\n         \n         <h1>Tratamiento intensivo <br \/>en profundidad<\/h1>\n         <p>Smoothing Anti-Frizz\u2122 <\/p>\n         <p>Un rico tratamiento de uso diario que reduce el encrespamiento para cabellos medios a gruesos, incluidos los rizados y&nbsp;ondulados.<\/p>\n         <p>178 ml \u212e 6 fl. oz.<\/p>\n        <!--==================================================== pricing box  ====================================================-->\n         <p>Precio de venta Cliente<br \/>00.00 \u20ac<\/p>\n         <p>Precio Cliente VIP<br \/>00.00 \u20ac<\/p>\n        <!--==================================================== pricing box  ====================================================--> \n         <p>Para conocer m\u00e1s sobre Tratamiento intensivo en profundidad Smoothing Anti-Frizz\u2122, ponte en contacto con tu Market Partner de&nbsp;MONAT.<\/p>\n          <a href=\"\" target=\"_blank\" role=\"button\" aria-label=\"\" rel=\"noopener\"><\/a>\n   <!--==================================================== \/ECOMM SECTION  ====================================================-->\n   <!--==================================================== Benefits image ====================================================-->\n   \n      <source media=\"(max-width: 700px)\" srcset=\"https:\/\/monatglobal.com\/wp-content\/uploads\/2022\/05\/anti-frizz-Deep-Intensive-Treatment-benefits-mobile.jpg\" loading=\"lazy\"\/>\n      <img decoding=\"async\" alt=\"Brunette woman with curly hair smiling while holding Smoothing Anti-Frizz\u2122 Deep Intensive Treatment.\" \n      src=\"https:\/\/monatglobal.com\/wp-content\/uploads\/2022\/05\/anti-frizz-Deep-Intensive-Treatment-benefits.jpg\" loading=\"lazy\"\/>\n   \n   <!--==================================================== Benefits text ====================================================-->\n         <h2>BENEFICIOS<\/h2>\n         <h3>Dise\u00f1ado para un uso diario para conseguir cabellos cuatro veces m\u00e1s lisos y suaves con menos encrespamiento, electricidad est\u00e1tica y cabellos&nbsp;sueltos. <\/h3>\n         <p>Formulado con un complejo exclusivo antihumedad de MONAT y REJUVENIQE<sup>\u00ae<\/sup>, grasas tropicales y&nbsp;aceite.<\/p>\n         <!--==================================================== features image  ====================================================-->\n         <img decoding=\"async\" alt=\"Smoothing Anti-Frizz\u2122 Deep Intensive Treatment laying on a piece of lettuce, next to raspberries and a green tomato.\" src=\"https:\/\/monatglobal.com\/wp-content\/uploads\/2022\/05\/featutes-Deep-Intensive-Treatment.jpg\" loading=\"lazy\"\/>\n      <!--==================================================== features text ====================================================-->\n            <h3>Nuestra f\u00f3rmula rica e indulgente controla el encrespamiento y reduce la&nbsp;rotura.<\/h3>\n                <p>\/ Cabello 6 veces m\u00e1s liso y suave con menos encrespamiento, electricidad est\u00e1tica y cabellos&nbsp;sueltos<sup> 1, 2<\/sup><\/p>\n                <p>\/ Un 91 % menos de rotura para un cabello con un peinado m\u00e1s&nbsp;maleable<sup> 1, 3<\/sup><\/p>\n                <p>\/ Reduce el encrespamiento a la mitad incluso en cabellos&nbsp;rizados y ondulados<sup> 1, 2<\/sup><\/p>\n                <p>\/ Elimina el encrespamiento y los cabellos sueltos hasta 72&nbsp;horas<sup> 1, 2<\/sup><\/p>\n               <br \/>\n            <p>Fragancia  \/ Preciosas flores y frutas \u00e1cidas se unen en esta aterciopelada y suntuosa fragancia con notas de ruibarbo, pera, violeta, gardenia, vainilla y madera de&nbsp;cedro. <\/p>\n            <p> Textura  \/ Crema rica <\/p>\n   <!--==================================================== composition image mobile ====================================================-->\n   <img decoding=\"async\" alt=\"Smoothing Anti-Frizz\u2122 Deep Intensive Treatment laying on a ceramic plate, next to drops of REJUVENIQE\u00ae and Smoothing Anti-Frizz\u2122 Deep Intensive Treatment.\" src=\"https:\/\/monatglobal.com\/wp-content\/uploads\/2022\/05\/comp1-anti-frizz-Deep-Intensive-Treatment.jpg\" loading=\"lazy\"\/>\n   <!--==================================================== Why it works text ====================================================-->\n         <h2>Dise\u00f1ado para suavizar cabellos medios a gruesos. <\/h2>\n         <h3>Este tratamiento de rica textura alisa y suaviza el&nbsp;cabello.<\/h3>\n         <p>Ingredientes vegetales y l\u00edpidos naturales de alto rendimiento, como la manteca de illipe y la grasa de kokum, que act\u00faan conjuntamente para minimizar el encrespamiento, la electricidad est\u00e1tica y los cabellos&nbsp;sueltos.<\/p>\n<!--==================================================== Composition section ====================================================-->\n      <img decoding=\"async\" alt=\"Smoothing Anti-Frizz\u2122 Deep Intensive Treatment laying on a ceramic plate, next to drops of REJUVENIQE\u00ae and Smoothing Anti-Frizz\u2122 Deep Intensive Treatment.\" src=\"https:\/\/monatglobal.com\/wp-content\/uploads\/2022\/05\/comp1-anti-frizz-Deep-Intensive-Treatment.jpg\" loading=\"lazy\"\/>\n      <img decoding=\"async\" alt=\"A brunette woman with curly hair holding Smoothing Anti-Frizz\u2122 Deep Intensive Treatment.\" src=\"https:\/\/monatglobal.com\/wp-content\/uploads\/2022\/05\/comp3-anti-frizz-Deep-Intensive-Treatment.jpg\" loading=\"lazy\"\/>\n            <!--==================================================== Directions text ====================================================--> \n               <h3>Instrucciones<\/h3>\n               <p>\/ Emulsionar para alisar el&nbsp;cabello. <\/p>\n               <p>\/ Dejar que act\u00fae de 3 a 5&nbsp;minutos. <\/p>\n               <p>\/ Aclarar.<\/p>\n               <p>\/ Seguir con el Spray Antiencrespamiento MONAT Smoothing Anti-Frizz\u2122 o tus productos favoritos MONAT STUDIO&nbsp;ONE\u2122.<\/p>\n            <!--==================================================== Directions video ====================================================-->\n      <p>Tratamiento intensivo en profundidad <br \/>Smoothing Anti-Frizz\u2122 <br \/> 0:57 <\/p>\n      <a href=\"\" target=\"_blank\" role=\"button\" aria-label=\"\" rel=\"noopener\"><\/a>\n   <!--==================================================== Ingredients section  ====================================================-->\n      <h2>INGREDIENTES CLAVE<\/h2>\n               <p>REJUVENIQE<sup>\u00ae<\/sup><\/p>\n               <p>Manteca de illip\u00e9<\/p>\n               <p>Grasa de kokom <\/p>\n        <button id=\"myBtn\" type=\"button\">LISTA DE INGREDIENTES<\/button>\n      <!--==================================================== Modal content  ====================================================-->\n         &times;\n         <p>Aqua\/Water\/Eau, Cetyl Alcohol, Cetearyl Alcohol, Cetrimonium Methosulfate, Quaternium 91, Brassicamidopropyl Dimethylamine, Isoamyl Laurate, Fragrance\/Parfum, Cocos Nucifera (Coconut) Oil, Adansonia Digitata Oil, Caryocar Brasiliense Fruit Oil, Gardenia Taitensis Flower Extract, Mauritia Flexuosa Fruit Oil, Moringa Oleifera Seed Oil, Sodium Phosphate, Citrus Aurantifolia (Lime) Oil, Citrus Aurantium Bergamia (Bergamot) Fruit Oil, Tocopherol, Citrus Limon (Lemon) Peel Oil, Picea Mariana Bark Extract, Daucus Carota Sativa (Carrot) Seed Oil, Disodium Phosphate, Polysorbate 60, Pouteria Sapota Seed Oil, Solanum Lycopersicum (Tomato) Seed Oil, Caprylic Acid, Xylitol, Glycerin, Camellia Oleifera Seed Oil, Glyceryl Caprylate, Glyceryl Undecylenate, Hypnea Musciformis Extract, Polyglyceryl-10 Dipalmitate, Behentrimonium Chloride, Polyquaternium-37, Sodium Lignosulfonate, Crambe Abyssinica Seed Oil, Magnesium Aluminum Silicate, Glycolic Acid, Polyglyceryl-10 Laurate, Ethyl Linoleate, Ethyl Oleate, Polyglyceryl-10 Dioleate, Trehalose, Limnanthes Alba (Meadowfoam) Seed Oil, Brassica Napus Extract, Butylene Glycol, Lactic Acid, Helianthus Annuus (Sunflower) Seed Oil, Opuntia Ficus-Indica Seed Oil, Tocopheryl Acetate, Ethylhexylglycerin, Olea Europaea (Olive) Oil Unsaponifiables, Citric Acid, Cetearyl Glucoside, Hydroxyethylcellulose, Butyrospermum Parkii (Shea) Butter, Glyceryl Rosinate, Garcinia Indica Seed Butter, Shorea Stenoptera Seed Butter, Balanites Roxburghii Seed Oil, Benzyl Alcohol, Sodium Hydroxide,&nbsp;Linalool.<\/p>\n        <p><sup>1<\/sup> Basado en pruebas instrumentales realizadas por un laboratorio de&nbsp;terceros.<\/p>\n        <p><sup>2<\/sup> Tratamiento intensivo en profundidad Smoothing Anti-Frizz\u2122 vs. un champ\u00fa sin&nbsp;acondicionador<\/p>\n        <p><sup>3<\/sup> Basado en un estudio de rotura de cabello estad\u00edsticamente significativo que eval\u00faa la reducci\u00f3n de las fibras rotas tras el peinado y cepillado&nbsp;repetitivo.<\/p>\n   <!--==================================================== You might also like section ====================================================-->\n      <h2>PUEDE QUE TAMBI\u00c9N TE GUSTE<\/h2>\n      <!--==================================================== Slider YOU MIGHT ALSO LIKE ====================================================-->\n      <!---->\n      <!--   -->\n            <!--==================================================== Slides products ====================================================-->\n      <!--      -->\n      <!--         <a href=\"\/es\/smoothing-shampoo\" aria-label=\"Go to Champ\u00fa Smoothing Anti-Frizz\u2122 page\">-->\n      <!--            <img decoding=\"async\" src=\"https:\/\/monatglobal.com\/wp-content\/uploads\/2022\/12\/anti-frizz-shampoo-ecomm-min.png\" alt=\"Champ\u00fa Smoothing Anti-Frizz\u2122\" loading=\"lazy\"\/>-->\n      <!--            <p>Champ\u00fa <br \/> Smoothing Anti-Frizz\u2122<\/p>-->\n      <!--         <\/a>-->\n      <!--      -->\n      <!--      -->\n      <!--         <a href=\"\/es\/smoothing-anti-frizz-spray\" aria-label=\"Go to Spray Antiencrespamiento Smoothing Anti-Frizz\u2122 page\">-->\n      <!--            <img decoding=\"async\" src=\"https:\/\/monatglobal.com\/wp-content\/uploads\/2022\/12\/anti-frizz-blow-out-spray-ecomm-min.png\" alt=\"Spray Antiencrespamiento Smoothing Anti-Frizz\u2122\" loading=\"lazy\"\/>-->\n      <!--            <p>Spray Antiencrespamiento <br \/>Smoothing Anti-Frizz\u2122 <\/p>-->\n      <!--         <\/a>-->\n      <!--      -->\n      <!--      -->\n      <!--         <a href=\"\/es\/blow-out-cream\" aria-label=\"Go to Crema de secado con calor MONAT STUDIO ONE\u2122 page\">-->\n      <!--            <img decoding=\"async\" src=\"https:\/\/monatglobal.com\/wp-content\/uploads\/2022\/12\/blow-out-cream-e-comm-min.png\" alt=\"Crema de secado con calor MONAT STUDIO ONE\u2122 \" loading=\"lazy\"\/>-->\n      <!--            <p>Crema de secado con calor <br \/>MONAT STUDIO ONE\u2122 <\/p>-->\n      <!--         <\/a>-->\n      <!--      -->\n      <!--   -->\n         <!--==================================================== If we need navigation buttons  ====================================================-->\n      <!--   -->\n      <!--   -->\n         <!--==================================================== If we need paginations  ====================================================-->\n      <!--   -->\n      <!---->\n         <!--==================================================== If we need navigation buttons  ====================================================-->\n         <!--==================================================== If we need paginations  ====================================================-->\n    <a href=\"\" aria-label=\"\"><\/a>\n<!--==================================================== this link has to go last for it to work   ====================================================-->\n\n","protected":false},"excerpt":{"rendered":"<p>Tratamiento intensivo en profundidad Smoothing Anti-Frizz\u2122 Un rico tratamiento de uso diario que reduce el encrespamiento para cabellos medios a gruesos, incluidos los rizados y&nbsp;ondulados. 178 ml \u212e 6 fl. oz. Precio de venta Cliente00.00 \u20ac Precio Cliente VIP00.00 \u20ac Para conocer m\u00e1s sobre Tratamiento intensivo en profundidad Smoothing Anti-Frizz\u2122, ponte en contacto con tu&hellip;<\/p>\n","protected":false},"author":31,"featured_media":69772,"parent":0,"menu_order":0,"comment_status":"closed","ping_status":"closed","template":"","meta":{"inline_featured_image":false,"om_disable_all_campaigns":false,"_monsterinsights_skip_tracking":false,"_monsterinsights_sitenote_active":false,"_monsterinsights_sitenote_note":"","_monsterinsights_sitenote_category":0,"footnotes":""},"categories":[31],"tags":[],"class_list":["post-69256","page","type-page","status-publish","has-post-thumbnail","hentry","category-product-es"],"aioseo_notices":[],"aioseo_head":"\n\t\t<!-- All in One SEO Pro 4.9.5.2 - aioseo.com -->\n\t<meta name=\"description\" content=\"Tratamiento intensivo en profundidad Smoothing Anti-Frizz\u2122 Un rico tratamiento de uso diario que reduce el encrespamiento para cabellos medios a gruesos, incluidos los rizados y ondulados. 178 ml \u212e 6 fl. oz. Precio de venta Cliente00.00 \u20ac Precio Cliente VIP00.00 \u20ac Para conocer m\u00e1s sobre Tratamiento intensivo en profundidad Smoothing Anti-Frizz\u2122, ponte en contacto con tu\" \/>\n\t<meta name=\"robots\" content=\"max-image-preview:large\" \/>\n\t<link rel=\"canonical\" href=\"https:\/\/monatglobal.com\/es\/smoothing-anti-frizz-treatment\/\" \/>\n\t<meta name=\"generator\" content=\"All in One SEO Pro (AIOSEO) 4.9.5.2\" \/>\n\t\t<meta property=\"og:locale\" content=\"en_US\" \/>\n\t\t<meta property=\"og:site_name\" content=\"MONAT Espa\u00f1a - We Are Modern Nature\u00ae\" \/>\n\t\t<meta property=\"og:type\" content=\"article\" \/>\n\t\t<meta property=\"og:title\" content=\"Tratamiento intensivo en profundidad Smoothing Anti-Frizz\u2122 - MONAT Espa\u00f1a\" \/>\n\t\t<meta property=\"og:description\" content=\"Tratamiento intensivo en profundidad Smoothing Anti-Frizz\u2122 Un rico tratamiento de uso diario que reduce el encrespamiento para cabellos medios a gruesos, incluidos los rizados y ondulados. 178 ml \u212e 6 fl. oz. Precio de venta Cliente00.00 \u20ac Precio Cliente VIP00.00 \u20ac Para conocer m\u00e1s sobre Tratamiento intensivo en profundidad Smoothing Anti-Frizz\u2122, ponte en contacto con tu\" \/>\n\t\t<meta property=\"og:url\" content=\"https:\/\/monatglobal.com\/es\/smoothing-anti-frizz-treatment\/\" \/>\n\t\t<meta property=\"article:published_time\" content=\"2022-06-13T08:00:00+00:00\" \/>\n\t\t<meta property=\"article:modified_time\" content=\"2026-02-24T15:40:29+00:00\" \/>\n\t\t<meta name=\"twitter:card\" content=\"summary_large_image\" \/>\n\t\t<meta name=\"twitter:title\" content=\"Tratamiento intensivo en profundidad Smoothing Anti-Frizz\u2122 - MONAT Espa\u00f1a\" \/>\n\t\t<meta name=\"twitter:description\" content=\"Tratamiento intensivo en profundidad Smoothing Anti-Frizz\u2122 Un rico tratamiento de uso diario que reduce el encrespamiento para cabellos medios a gruesos, incluidos los rizados y ondulados. 178 ml \u212e 6 fl. oz. Precio de venta Cliente00.00 \u20ac Precio Cliente VIP00.00 \u20ac Para conocer m\u00e1s sobre Tratamiento intensivo en profundidad Smoothing Anti-Frizz\u2122, ponte en contacto con tu\" \/>\n\t\t<script type=\"application\/ld+json\" class=\"aioseo-schema\">\n\t\t\t{\"@context\":\"https:\\\/\\\/schema.org\",\"@graph\":[{\"@type\":\"BreadcrumbList\",\"@id\":\"https:\\\/\\\/monatglobal.com\\\/es\\\/smoothing-anti-frizz-treatment\\\/#breadcrumblist\",\"itemListElement\":[{\"@type\":\"ListItem\",\"@id\":\"https:\\\/\\\/monatglobal.com\\\/es#listItem\",\"position\":1,\"name\":\"Home\",\"item\":\"https:\\\/\\\/monatglobal.com\\\/es\",\"nextItem\":{\"@type\":\"ListItem\",\"@id\":\"https:\\\/\\\/monatglobal.com\\\/es\\\/smoothing-anti-frizz-treatment\\\/#listItem\",\"name\":\"Tratamiento intensivo en profundidad Smoothing Anti-Frizz\\u2122\"}},{\"@type\":\"ListItem\",\"@id\":\"https:\\\/\\\/monatglobal.com\\\/es\\\/smoothing-anti-frizz-treatment\\\/#listItem\",\"position\":2,\"name\":\"Tratamiento intensivo en profundidad Smoothing Anti-Frizz\\u2122\",\"previousItem\":{\"@type\":\"ListItem\",\"@id\":\"https:\\\/\\\/monatglobal.com\\\/es#listItem\",\"name\":\"Home\"}}]},{\"@type\":\"Organization\",\"@id\":\"https:\\\/\\\/monatglobal.com\\\/es\\\/#organization\",\"name\":\"MONAT Espa\\u00f1a\",\"description\":\"We Are Modern Nature\\u00ae\",\"url\":\"https:\\\/\\\/monatglobal.com\\\/es\\\/\"},{\"@type\":\"WebPage\",\"@id\":\"https:\\\/\\\/monatglobal.com\\\/es\\\/smoothing-anti-frizz-treatment\\\/#webpage\",\"url\":\"https:\\\/\\\/monatglobal.com\\\/es\\\/smoothing-anti-frizz-treatment\\\/\",\"name\":\"Tratamiento intensivo en profundidad Smoothing Anti-Frizz\\u2122 - MONAT Espa\\u00f1a\",\"description\":\"Tratamiento intensivo en profundidad Smoothing Anti-Frizz\\u2122 Un rico tratamiento de uso diario que reduce el encrespamiento para cabellos medios a gruesos, incluidos los rizados y ondulados. 178 ml \\u212e 6 fl. oz. Precio de venta Cliente00.00 \\u20ac Precio Cliente VIP00.00 \\u20ac Para conocer m\\u00e1s sobre Tratamiento intensivo en profundidad Smoothing Anti-Frizz\\u2122, ponte en contacto con tu\",\"inLanguage\":\"en-US\",\"isPartOf\":{\"@id\":\"https:\\\/\\\/monatglobal.com\\\/es\\\/#website\"},\"breadcrumb\":{\"@id\":\"https:\\\/\\\/monatglobal.com\\\/es\\\/smoothing-anti-frizz-treatment\\\/#breadcrumblist\"},\"image\":{\"@type\":\"ImageObject\",\"url\":\"https:\\\/\\\/monatglobal.com\\\/es\\\/wp-content\\\/uploads\\\/sites\\\/10\\\/2022\\\/06\\\/anti-frizz-deep-treatment-ecomm-2.png\",\"@id\":\"https:\\\/\\\/monatglobal.com\\\/es\\\/smoothing-anti-frizz-treatment\\\/#mainImage\",\"width\":641,\"height\":800},\"primaryImageOfPage\":{\"@id\":\"https:\\\/\\\/monatglobal.com\\\/es\\\/smoothing-anti-frizz-treatment\\\/#mainImage\"},\"datePublished\":\"2022-06-13T09:00:00+01:00\",\"dateModified\":\"2026-02-24T15:40:29+00:00\"},{\"@type\":\"WebSite\",\"@id\":\"https:\\\/\\\/monatglobal.com\\\/es\\\/#website\",\"url\":\"https:\\\/\\\/monatglobal.com\\\/es\\\/\",\"name\":\"MONAT Espa\\u00f1a\",\"description\":\"We Are Modern Nature\\u00ae\",\"inLanguage\":\"en-US\",\"publisher\":{\"@id\":\"https:\\\/\\\/monatglobal.com\\\/es\\\/#organization\"}}]}\n\t\t<\/script>\n\t\t<!-- All in One SEO Pro -->\r\n\t\t<title>Tratamiento intensivo en profundidad Smoothing Anti-Frizz\u2122 - MONAT Espa\u00f1a<\/title>\n\n","aioseo_head_json":{"title":"Tratamiento intensivo en profundidad Smoothing Anti-Frizz\u2122 - MONAT Espa\u00f1a","description":"Tratamiento intensivo en profundidad Smoothing Anti-Frizz\u2122 Un rico tratamiento de uso diario que reduce el encrespamiento para cabellos medios a gruesos, incluidos los rizados y ondulados. 178 ml \u212e 6 fl. oz. Precio de venta Cliente00.00 \u20ac Precio Cliente VIP00.00 \u20ac Para conocer m\u00e1s sobre Tratamiento intensivo en profundidad Smoothing Anti-Frizz\u2122, ponte en contacto con tu","canonical_url":"https:\/\/monatglobal.com\/es\/smoothing-anti-frizz-treatment\/","robots":"max-image-preview:large","keywords":"","webmasterTools":{"miscellaneous":""},"schema":{"@context":"https:\/\/schema.org","@graph":[{"@type":"BreadcrumbList","@id":"https:\/\/monatglobal.com\/es\/smoothing-anti-frizz-treatment\/#breadcrumblist","itemListElement":[{"@type":"ListItem","@id":"https:\/\/monatglobal.com\/es#listItem","position":1,"name":"Home","item":"https:\/\/monatglobal.com\/es","nextItem":{"@type":"ListItem","@id":"https:\/\/monatglobal.com\/es\/smoothing-anti-frizz-treatment\/#listItem","name":"Tratamiento intensivo en profundidad Smoothing Anti-Frizz\u2122"}},{"@type":"ListItem","@id":"https:\/\/monatglobal.com\/es\/smoothing-anti-frizz-treatment\/#listItem","position":2,"name":"Tratamiento intensivo en profundidad Smoothing Anti-Frizz\u2122","previousItem":{"@type":"ListItem","@id":"https:\/\/monatglobal.com\/es#listItem","name":"Home"}}]},{"@type":"Organization","@id":"https:\/\/monatglobal.com\/es\/#organization","name":"MONAT Espa\u00f1a","description":"We Are Modern Nature\u00ae","url":"https:\/\/monatglobal.com\/es\/"},{"@type":"WebPage","@id":"https:\/\/monatglobal.com\/es\/smoothing-anti-frizz-treatment\/#webpage","url":"https:\/\/monatglobal.com\/es\/smoothing-anti-frizz-treatment\/","name":"Tratamiento intensivo en profundidad Smoothing Anti-Frizz\u2122 - MONAT Espa\u00f1a","description":"Tratamiento intensivo en profundidad Smoothing Anti-Frizz\u2122 Un rico tratamiento de uso diario que reduce el encrespamiento para cabellos medios a gruesos, incluidos los rizados y ondulados. 178 ml \u212e 6 fl. oz. Precio de venta Cliente00.00 \u20ac Precio Cliente VIP00.00 \u20ac Para conocer m\u00e1s sobre Tratamiento intensivo en profundidad Smoothing Anti-Frizz\u2122, ponte en contacto con tu","inLanguage":"en-US","isPartOf":{"@id":"https:\/\/monatglobal.com\/es\/#website"},"breadcrumb":{"@id":"https:\/\/monatglobal.com\/es\/smoothing-anti-frizz-treatment\/#breadcrumblist"},"image":{"@type":"ImageObject","url":"https:\/\/monatglobal.com\/es\/wp-content\/uploads\/sites\/10\/2022\/06\/anti-frizz-deep-treatment-ecomm-2.png","@id":"https:\/\/monatglobal.com\/es\/smoothing-anti-frizz-treatment\/#mainImage","width":641,"height":800},"primaryImageOfPage":{"@id":"https:\/\/monatglobal.com\/es\/smoothing-anti-frizz-treatment\/#mainImage"},"datePublished":"2022-06-13T09:00:00+01:00","dateModified":"2026-02-24T15:40:29+00:00"},{"@type":"WebSite","@id":"https:\/\/monatglobal.com\/es\/#website","url":"https:\/\/monatglobal.com\/es\/","name":"MONAT Espa\u00f1a","description":"We Are Modern Nature\u00ae","inLanguage":"en-US","publisher":{"@id":"https:\/\/monatglobal.com\/es\/#organization"}}]},"og:locale":"en_US","og:site_name":"MONAT Espa\u00f1a - We Are Modern Nature\u00ae","og:type":"article","og:title":"Tratamiento intensivo en profundidad Smoothing Anti-Frizz\u2122 - MONAT Espa\u00f1a","og:description":"Tratamiento intensivo en profundidad Smoothing Anti-Frizz\u2122 Un rico tratamiento de uso diario que reduce el encrespamiento para cabellos medios a gruesos, incluidos los rizados y ondulados. 178 ml \u212e 6 fl. oz. Precio de venta Cliente00.00 \u20ac Precio Cliente VIP00.00 \u20ac Para conocer m\u00e1s sobre Tratamiento intensivo en profundidad Smoothing Anti-Frizz\u2122, ponte en contacto con tu","og:url":"https:\/\/monatglobal.com\/es\/smoothing-anti-frizz-treatment\/","article:published_time":"2022-06-13T08:00:00+00:00","article:modified_time":"2026-02-24T15:40:29+00:00","twitter:card":"summary_large_image","twitter:title":"Tratamiento intensivo en profundidad Smoothing Anti-Frizz\u2122 - MONAT Espa\u00f1a","twitter:description":"Tratamiento intensivo en profundidad Smoothing Anti-Frizz\u2122 Un rico tratamiento de uso diario que reduce el encrespamiento para cabellos medios a gruesos, incluidos los rizados y ondulados. 178 ml \u212e 6 fl. oz. Precio de venta Cliente00.00 \u20ac Precio Cliente VIP00.00 \u20ac Para conocer m\u00e1s sobre Tratamiento intensivo en profundidad Smoothing Anti-Frizz\u2122, ponte en contacto con tu"},"aioseo_meta_data":{"post_id":"69256","title":null,"description":null,"keywords":null,"keyphrases":null,"primary_term":null,"canonical_url":null,"og_title":null,"og_description":null,"og_object_type":"default","og_image_type":"default","og_image_url":null,"og_image_width":null,"og_image_height":null,"og_image_custom_url":null,"og_image_custom_fields":null,"og_video":null,"og_custom_url":null,"og_article_section":null,"og_article_tags":null,"twitter_use_og":false,"twitter_card":"default","twitter_image_type":"default","twitter_image_url":null,"twitter_image_custom_url":null,"twitter_image_custom_fields":null,"twitter_title":null,"twitter_description":null,"schema":{"blockGraphs":[],"customGraphs":[],"default":{"data":{"Article":[],"Course":[],"Dataset":[],"FAQPage":[],"Movie":[],"Person":[],"Product":[],"ProductReview":[],"Car":[],"Recipe":[],"Service":[],"SoftwareApplication":[],"WebPage":[]},"graphName":"WebPage","isEnabled":true},"graphs":[]},"schema_type":"default","schema_type_options":null,"pillar_content":false,"robots_default":true,"robots_noindex":false,"robots_noarchive":false,"robots_nosnippet":false,"robots_nofollow":false,"robots_noimageindex":false,"robots_noodp":false,"robots_notranslate":false,"robots_max_snippet":null,"robots_max_videopreview":null,"robots_max_imagepreview":"large","priority":null,"frequency":null,"local_seo":null,"seo_analyzer_scan_date":"2026-02-24 15:51:43","limit_modified_date":false,"reviewed_by":null,"open_ai":null,"ai":null,"created":"2023-07-26 09:33:43","updated":"2026-02-24 15:53:50"},"aioseo_breadcrumb":"<div class=\"aioseo-breadcrumbs\"><span class=\"aioseo-breadcrumb\">\n\t<a href=\"https:\/\/monatglobal.com\/es\" title=\"Home\">Home<\/a>\n<\/span><span class=\"aioseo-breadcrumb-separator\">&raquo;<\/span><span class=\"aioseo-breadcrumb\">\n\tTratamiento intensivo en profundidad Smoothing Anti-Frizz\u2122\n<\/span><\/div>","aioseo_breadcrumb_json":[{"label":"Home","link":"https:\/\/monatglobal.com\/es"},{"label":"Tratamiento intensivo en profundidad Smoothing Anti-Frizz\u2122","link":"https:\/\/monatglobal.com\/es\/smoothing-anti-frizz-treatment\/"}],"_links":{"self":[{"href":"https:\/\/monatglobal.com\/es\/wp-json\/wp\/v2\/pages\/69256","targetHints":{"allow":["GET"]}}],"collection":[{"href":"https:\/\/monatglobal.com\/es\/wp-json\/wp\/v2\/pages"}],"about":[{"href":"https:\/\/monatglobal.com\/es\/wp-json\/wp\/v2\/types\/page"}],"author":[{"embeddable":true,"href":"https:\/\/monatglobal.com\/es\/wp-json\/wp\/v2\/users\/31"}],"replies":[{"embeddable":true,"href":"https:\/\/monatglobal.com\/es\/wp-json\/wp\/v2\/comments?post=69256"}],"version-history":[{"count":24,"href":"https:\/\/monatglobal.com\/es\/wp-json\/wp\/v2\/pages\/69256\/revisions"}],"predecessor-version":[{"id":109210,"href":"https:\/\/monatglobal.com\/es\/wp-json\/wp\/v2\/pages\/69256\/revisions\/109210"}],"wp:featuredmedia":[{"embeddable":true,"href":"https:\/\/monatglobal.com\/es\/wp-json\/wp\/v2\/media\/69772"}],"wp:attachment":[{"href":"https:\/\/monatglobal.com\/es\/wp-json\/wp\/v2\/media?parent=69256"}],"wp:term":[{"taxonomy":"category","embeddable":true,"href":"https:\/\/monatglobal.com\/es\/wp-json\/wp\/v2\/categories?post=69256"},{"taxonomy":"post_tag","embeddable":true,"href":"https:\/\/monatglobal.com\/es\/wp-json\/wp\/v2\/tags?post=69256"}],"curies":[{"name":"wp","href":"https:\/\/api.w.org\/{rel}","templated":true}]}}