{"id":68363,"date":"2022-04-06T17:31:52","date_gmt":"2022-04-06T16:31:52","guid":{"rendered":"https:\/\/monatglobal.com\/es\/?page_id=68363"},"modified":"2026-02-24T16:07:24","modified_gmt":"2026-02-24T16:07:24","slug":"vinegar-rinse","status":"publish","type":"page","link":"https:\/\/monatglobal.com\/es\/vinegar-rinse\/","title":{"rendered":"Loci\u00f3n purificante de vinagre"},"content":{"rendered":"\n\n\t<link rel=\"stylesheet\" href=\"https:\/\/unpkg.com\/swiper\/swiper-bundle.min.css\" \/>\n<link rel=\"stylesheet\" href=\"https:\/\/monatglobal.com\/wp-content\/creative_css\/product_styles_sheet.css\" \/>\n   <!--==================================================== ECOMM SECTION ====================================================-->\n      <!--==================================================== Ecomm image ====================================================-->\n      <img decoding=\"async\" src=\"https:\/\/monatglobal.com\/wp-content\/uploads\/2022\/04\/Purifying-Vinegar-Rinse-ecomm.png\" alt=\"Purifying Vinegar Rinse \" loading=\"lazy\"\/>\n      <!--==================================================== Ecomm information  ====================================================-->\n         \n         <h1>Loci\u00f3n purificante <br \/>de vinagre <\/h1>\n         \n         <p>Una limpiadora ligera, similar al agua, que aporta limpieza y potencia el brillo.  <\/p>\n         <p>237 ml \u212e 8 fl. oz.<\/p>\n       <!--==================================================== pricing box  ====================================================-->     \n         <p>Precio de venta Cliente<br \/>00.00 \u20ac<\/p>\n         <p>Precio Cliente VIP<br \/>00.00 \u20ac<\/p>\n        <!--==================================================== pricing box  ====================================================--> \n         <p>Para conocer m\u00e1s sobre la Loci\u00f3n purificante de vinagre  , ponte en contacto con tu Market Partner de MONAT. <\/p>\n          <a href=\"\" target=\"_blank\" role=\"button\" aria-label=\"\" rel=\"noopener\"><\/a>\n   <!--==================================================== \/ECOMM SECTION  ====================================================-->\n   <!--==================================================== Benefits image ====================================================-->\n   \n      <source media=\"(max-width: 700px)\" srcset=\"https:\/\/monatglobal.com\/wp-content\/uploads\/2022\/04\/benefits-mobile-Purifying-Vinegar-rinse.jpg\" loading=\"lazy\"\/>\n      <img decoding=\"async\" alt=\"A brunette woman with curly hair smiling and looking to the side.\" src=\"https:\/\/monatglobal.com\/wp-content\/uploads\/2022\/04\/Purifying-Vinegar-rinse-benefits.jpg\" loading=\"lazy\"\/>\n   \n   <!--==================================================== Benefits text ====================================================-->\n         <h2>BENEFICIOS<\/h2>\n         <h3>Esta limpiadora de f\u00e1cil aplicaci\u00f3n purifica en profundidad el cabello y el cuero cabelludo. <\/h3>\n          Los emolientes naturales preservan la hidrataci\u00f3n del cabello y del cuero cabelludo a la vez que los extractos de frutas aumentan el brillo. Es el sustituto perfecto al champ\u00fa para conseguir un cabello de aspecto limpio en los d\u00edas en los que toque lavarlo.\n\n         <!--==================================================== features image  ====================================================-->\n         <img decoding=\"async\" alt=\"Purifying Vinegar Rinse sitting on a wood block next to apples, aloe vera, ginger, \n         apple cider vinegar, a vase with pampas, and a wood muddler. \" src=\"https:\/\/monatglobal.com\/wp-content\/uploads\/2022\/04\/Purifying-Vinegar-rinse-features.jpg\" loading=\"lazy\"\/>\n      <!--==================================================== features text ====================================================-->\n            <h3>Enriquecida con amino\u00e1cidos, frutas y vinagre de sidra de manzana.<\/h3>\n                <p>\/ Purifica para eliminar la acumulaci\u00f3n de productos, la suciedad y la grasa**<\/p>\n                <p>\/ Un 83 % m\u00e1s suave y liso*<\/p>\n                <p>\/ El 80% de los usuarios experimentaron una mejora en la hidrataci\u00f3n del cuero cabelludo tras un uso**<\/p>\n                <p>\/ Aumenta el brillo en un 64 %* <\/p>\n                <p>\/  Mantiene el color<\/p>\n            * Basado en pruebas instrumentales realizadas por un laboratorio de terceros.  <br \/>\n          ** Estudio de 35 mujeres con edades entre los 25 y los 55 supervisadas por un dermat\u00f3logo.  \n            <br \/>\n            <p>Fragancia \/ Una fragancia de inspiraci\u00f3n tropical con jugosas notas de higo, delicadas flores blancas y violeta mezcladas con suaves toques de vetiver, cedro y musgo. <\/p>\n            <p> Textura \/ L\u00edquida <\/p>\n   <!--==================================================== composition image mobile ====================================================-->\n   <img decoding=\"async\" alt=\"A bottle of Purifying Vinegar Rinse sitting on marble title, resting on a purple wall.\" \n   src=\"https:\/\/monatglobal.com\/wp-content\/uploads\/2022\/04\/Purifying-Vinegar-rinse-comp1.jpg\" loading=\"lazy\"\/>\n   <!--==================================================== Why it works text ====================================================-->\n      \n      <h3>El extracto de vinagre de sidra de manzana combinado con REJUVENIQE S\u2122 y otros activos saludables para el cabello en una loci\u00f3n con base de agua limpia en profundidad a la vez que mantiene la hidrataci\u00f3n, conserva el color y mejora el brillo. <\/h3>\n<!--==================================================== Composition section ====================================================-->\n      <img decoding=\"async\" alt=\"A bottle of Purifying Vinegar Rinse sitting on marble title, resting on a purple wall.\" \n      src=\"https:\/\/monatglobal.com\/wp-content\/uploads\/2022\/04\/Purifying-Vinegar-rinse-comp1.jpg\" loading=\"lazy\"\/>\n      <img decoding=\"async\" alt=\"A brunette woman with wet hair smiling and holding Purifying Vinegar Rinse, overlayed \n      on an image with different ingredients that are in Purifying Vinegar Rinse.\" \n      src=\"https:\/\/monatglobal.com\/wp-content\/uploads\/2022\/04\/Purifying-Vinegar-rinse-comp3.jpg\" loading=\"lazy\"\/>\n            <!--==================================================== Directions text ====================================================--> \n               <h3>Modo de uso<\/h3>\n                    <p>\/ Abre la boquilla gir\u00e1ndola.  <\/p>\n                    <p>\/ Aplica el producto en el cabello y cuero cabelludo mojados.  <\/p>\n                    <p>\/ Masajea para crear espuma durante 1 a 3 minutos.<\/p>\n                    <p>\/ Aclara. <\/p>\n                    <p>\/ Sigue con tu acondicionador o mascarilla de MONAT favoritos.  <\/p>\n            <!--==================================================== Directions video ====================================================-->\n      <p>Purifying Vinegar Rinse <br \/>0:00<\/p>\n      <a href=\"\" target=\"_blank\" role=\"button\" aria-label=\"\" rel=\"noopener\"><\/a>\n   <!--==================================================== Ingredients section  ====================================================-->\n      <h2>INGREDIENTES ACTIVOS CLAVE<\/h2>\n               <p>Vinagre de sidra de manzana   <\/p>\n               <p>REJUVENIQE S\u2122 <\/p>\n               <p>Zumo de hoja de aloe vera<\/p>\n               <p>Extracto de ra\u00edz de jengibre <\/p>\n               <p>Extracto de corteza negra de abeto <\/p>\n               <p> Escualeno de origen vegetal  <\/p>\n        <button id=\"myBtn\" type=\"button\">VER LA LISTA DE INGREDIENTES COMPLETA\n<\/button>\n      <!--==================================================== Modal content  ====================================================-->\n         &times;\n         Aqua\/Water\/Eau, Propanediol, Glycerin, Vinegar\/Acetum\/Vinaigre, Cetrimonium\n            Chloride, Pentylene Glycol, Sodium Cocoyl Glutamate, Adansonia Digitata Oil,\n            Caryocar Brasiliense Fruit Oil, Cocos Nucifera (Coconut) Oil, Gardenia Taitensis Flower\n            Extract, Helianthus Annuus (Sunflower) Seed Oil, Mauritia Flexuosa Fruit Oil, Moringa\n            Oleifera Seed Oil, Simmondsia Chinensis (Jojoba) Seed Extract, Citrus Aurantifolia\n            (Lime) Oil, Citrus Aurantium Bergamia (Bergamot) Fruit Oil, Zingiber Officinale (Ginger)\n            Root Extract, Camellia Oleifera Seed Oil, Olea Europaea (Olive) Fruit Oil, Citrus Limon\n            (Lemon) Peel Oil, Daucus Carota Sativa (Carrot) Seed Oil, Solanum Lycopersicum\n            (Tomato) Seed Oil, Picea Mariana Bark Extract, Crambe Abyssinica Seed Oil,\n            Hydrogenated Lecithin, Limnanthes Alba (Meadowfoam) Seed Oil, Bisabolol, Squalane,\n            Aloe Barbadensis Leaf Juice, Polyglyceryl-10 Oleate, Panthenol, Phenethyl Alcohol,\n            Polyquaternium-7, Fragrance\/Parfum, Polyglyceryl-10 Laurate, Citric Acid, Sodium\n            Benzoate, Potassium Sorbate, Caprylyl\/Capryl Glucoside.\n   <!--==================================================== You might also like section ====================================================-->\n      <h2>PUEDE QUE TAMBI\u00c9N TE GUSTE\n<\/h2>\n      <!--==================================================== Slider YOU MIGHT ALSO LIKE ====================================================-->\n      <!---->\n      <!--   -->\n            <!--==================================================== Slides products ====================================================-->\n      <!--      -->\n      <!--         <a href=\"\/es\/vinegar-shampoo\/\" aria-label=\"Go to Purifying Vinegar Shampoo  page\">-->\n      <!--            <img decoding=\"async\" src=\"https:\/\/monatglobal.com\/wp-content\/uploads\/2022\/12\/Purifying-vinegar-shampoo-ecomm-2022.png\" alt=\"Purifying Vinegar Shampoo \" loading=\"lazy\"\/>-->\n      <!--            <p>Champ\u00fa purificante de vinagre  <\/p>-->\n      <!--         <\/a>-->\n      <!--      -->\n      <!--     -->\n      <!--         <a href=\"\/es\/monat-black-shampoo-conditioner\/\" aria-label=\"Go to MONAT BLACK SHAMPOO + CONDITIONER page\">-->\n      <!--            <img decoding=\"async\" src=\"https:\/\/monatglobal.com\/wp-content\/uploads\/2022\/12\/Monat-Black-shampoo-conditioner-Ecomm.png\" alt=\"MONAT FOR MEN\u2122 Essential Body Wash\" loading=\"lazy\"\/>-->\n      <!--            <p>MONAT BLACK\u2122<br \/>Shampoo + Conditioner <\/p>-->\n      <!--         <\/a>-->\n      <!--      -->\n      <!--   -->\n         <!--==================================================== If we need navigation buttons  ====================================================-->\n      <!--   -->\n      <!--   -->\n         <!--==================================================== If we need paginations  ====================================================-->\n      <!--   -->\n      <!---->\n         <!--==================================================== If we need navigation buttons  ====================================================-->\n         <!--==================================================== If we need paginations  ====================================================-->\n    <a href=\"\" aria-label=\"\"><\/a>\n<!--==================================================== this link has to go last for it to work   ====================================================-->\n\n","protected":false},"excerpt":{"rendered":"<p>Loci\u00f3n purificante de vinagre Una limpiadora ligera, similar al agua, que aporta limpieza y potencia el brillo. 237 ml \u212e 8 fl. oz. Precio de venta Cliente00.00 \u20ac Precio Cliente VIP00.00 \u20ac Para conocer m\u00e1s sobre la Loci\u00f3n purificante de vinagre , ponte en contacto con tu Market Partner de MONAT. BENEFICIOS Esta limpiadora de&hellip;<\/p>\n","protected":false},"author":31,"featured_media":109223,"parent":0,"menu_order":0,"comment_status":"closed","ping_status":"closed","template":"","meta":{"inline_featured_image":false,"om_disable_all_campaigns":false,"_monsterinsights_skip_tracking":false,"_monsterinsights_sitenote_active":false,"_monsterinsights_sitenote_note":"","_monsterinsights_sitenote_category":0,"footnotes":""},"categories":[31],"tags":[],"class_list":["post-68363","page","type-page","status-publish","has-post-thumbnail","hentry","category-product-es"],"aioseo_notices":[],"aioseo_head":"\n\t\t<!-- All in One SEO Pro 4.9.5.2 - aioseo.com -->\n\t<meta name=\"description\" content=\"Loci\u00f3n purificante de vinagre Una limpiadora ligera, similar al agua, que aporta limpieza y potencia el brillo. 237 ml \u212e 8 fl. oz. Precio de venta Cliente00.00 \u20ac Precio Cliente VIP00.00 \u20ac Para conocer m\u00e1s sobre la Loci\u00f3n purificante de vinagre , ponte en contacto con tu Market Partner de MONAT. BENEFICIOS Esta limpiadora de\" \/>\n\t<meta name=\"robots\" content=\"max-image-preview:large\" \/>\n\t<link rel=\"canonical\" href=\"https:\/\/monatglobal.com\/es\/vinegar-rinse\/\" \/>\n\t<meta name=\"generator\" content=\"All in One SEO Pro (AIOSEO) 4.9.5.2\" \/>\n\t\t<meta property=\"og:locale\" content=\"en_US\" \/>\n\t\t<meta property=\"og:site_name\" content=\"MONAT Espa\u00f1a - We Are Modern Nature\u00ae\" \/>\n\t\t<meta property=\"og:type\" content=\"article\" \/>\n\t\t<meta property=\"og:title\" content=\"Loci\u00f3n purificante de vinagre - MONAT Espa\u00f1a\" \/>\n\t\t<meta property=\"og:description\" content=\"Loci\u00f3n purificante de vinagre Una limpiadora ligera, similar al agua, que aporta limpieza y potencia el brillo. 237 ml \u212e 8 fl. oz. Precio de venta Cliente00.00 \u20ac Precio Cliente VIP00.00 \u20ac Para conocer m\u00e1s sobre la Loci\u00f3n purificante de vinagre , ponte en contacto con tu Market Partner de MONAT. BENEFICIOS Esta limpiadora de\" \/>\n\t\t<meta property=\"og:url\" content=\"https:\/\/monatglobal.com\/es\/vinegar-rinse\/\" \/>\n\t\t<meta property=\"article:published_time\" content=\"2022-04-06T16:31:52+00:00\" \/>\n\t\t<meta property=\"article:modified_time\" content=\"2026-02-24T16:07:24+00:00\" \/>\n\t\t<meta name=\"twitter:card\" content=\"summary_large_image\" \/>\n\t\t<meta name=\"twitter:title\" content=\"Loci\u00f3n purificante de vinagre - MONAT Espa\u00f1a\" \/>\n\t\t<meta name=\"twitter:description\" content=\"Loci\u00f3n purificante de vinagre Una limpiadora ligera, similar al agua, que aporta limpieza y potencia el brillo. 237 ml \u212e 8 fl. oz. Precio de venta Cliente00.00 \u20ac Precio Cliente VIP00.00 \u20ac Para conocer m\u00e1s sobre la Loci\u00f3n purificante de vinagre , ponte en contacto con tu Market Partner de MONAT. BENEFICIOS Esta limpiadora de\" \/>\n\t\t<script type=\"application\/ld+json\" class=\"aioseo-schema\">\n\t\t\t{\"@context\":\"https:\\\/\\\/schema.org\",\"@graph\":[{\"@type\":\"BreadcrumbList\",\"@id\":\"https:\\\/\\\/monatglobal.com\\\/es\\\/vinegar-rinse\\\/#breadcrumblist\",\"itemListElement\":[{\"@type\":\"ListItem\",\"@id\":\"https:\\\/\\\/monatglobal.com\\\/es#listItem\",\"position\":1,\"name\":\"Home\",\"item\":\"https:\\\/\\\/monatglobal.com\\\/es\",\"nextItem\":{\"@type\":\"ListItem\",\"@id\":\"https:\\\/\\\/monatglobal.com\\\/es\\\/vinegar-rinse\\\/#listItem\",\"name\":\"Loci\\u00f3n purificante de vinagre\"}},{\"@type\":\"ListItem\",\"@id\":\"https:\\\/\\\/monatglobal.com\\\/es\\\/vinegar-rinse\\\/#listItem\",\"position\":2,\"name\":\"Loci\\u00f3n purificante de vinagre\",\"previousItem\":{\"@type\":\"ListItem\",\"@id\":\"https:\\\/\\\/monatglobal.com\\\/es#listItem\",\"name\":\"Home\"}}]},{\"@type\":\"Organization\",\"@id\":\"https:\\\/\\\/monatglobal.com\\\/es\\\/#organization\",\"name\":\"MONAT Espa\\u00f1a\",\"description\":\"We Are Modern Nature\\u00ae\",\"url\":\"https:\\\/\\\/monatglobal.com\\\/es\\\/\"},{\"@type\":\"WebPage\",\"@id\":\"https:\\\/\\\/monatglobal.com\\\/es\\\/vinegar-rinse\\\/#webpage\",\"url\":\"https:\\\/\\\/monatglobal.com\\\/es\\\/vinegar-rinse\\\/\",\"name\":\"Loci\\u00f3n purificante de vinagre - MONAT Espa\\u00f1a\",\"description\":\"Loci\\u00f3n purificante de vinagre Una limpiadora ligera, similar al agua, que aporta limpieza y potencia el brillo. 237 ml \\u212e 8 fl. oz. Precio de venta Cliente00.00 \\u20ac Precio Cliente VIP00.00 \\u20ac Para conocer m\\u00e1s sobre la Loci\\u00f3n purificante de vinagre , ponte en contacto con tu Market Partner de MONAT. BENEFICIOS Esta limpiadora de\",\"inLanguage\":\"en-US\",\"isPartOf\":{\"@id\":\"https:\\\/\\\/monatglobal.com\\\/es\\\/#website\"},\"breadcrumb\":{\"@id\":\"https:\\\/\\\/monatglobal.com\\\/es\\\/vinegar-rinse\\\/#breadcrumblist\"},\"image\":{\"@type\":\"ImageObject\",\"url\":\"https:\\\/\\\/monatglobal.com\\\/es\\\/wp-content\\\/uploads\\\/sites\\\/10\\\/2026\\\/02\\\/Purifying-Vinegar-Rinse-ecomm.png\",\"@id\":\"https:\\\/\\\/monatglobal.com\\\/es\\\/vinegar-rinse\\\/#mainImage\",\"width\":641,\"height\":800},\"primaryImageOfPage\":{\"@id\":\"https:\\\/\\\/monatglobal.com\\\/es\\\/vinegar-rinse\\\/#mainImage\"},\"datePublished\":\"2022-04-06T17:31:52+01:00\",\"dateModified\":\"2026-02-24T16:07:24+00:00\"},{\"@type\":\"WebSite\",\"@id\":\"https:\\\/\\\/monatglobal.com\\\/es\\\/#website\",\"url\":\"https:\\\/\\\/monatglobal.com\\\/es\\\/\",\"name\":\"MONAT Espa\\u00f1a\",\"description\":\"We Are Modern Nature\\u00ae\",\"inLanguage\":\"en-US\",\"publisher\":{\"@id\":\"https:\\\/\\\/monatglobal.com\\\/es\\\/#organization\"}}]}\n\t\t<\/script>\n\t\t<!-- All in One SEO Pro -->\r\n\t\t<title>Loci\u00f3n purificante de vinagre - MONAT Espa\u00f1a<\/title>\n\n","aioseo_head_json":{"title":"Loci\u00f3n purificante de vinagre - MONAT Espa\u00f1a","description":"Loci\u00f3n purificante de vinagre Una limpiadora ligera, similar al agua, que aporta limpieza y potencia el brillo. 237 ml \u212e 8 fl. oz. Precio de venta Cliente00.00 \u20ac Precio Cliente VIP00.00 \u20ac Para conocer m\u00e1s sobre la Loci\u00f3n purificante de vinagre , ponte en contacto con tu Market Partner de MONAT. BENEFICIOS Esta limpiadora de","canonical_url":"https:\/\/monatglobal.com\/es\/vinegar-rinse\/","robots":"max-image-preview:large","keywords":"","webmasterTools":{"miscellaneous":""},"schema":{"@context":"https:\/\/schema.org","@graph":[{"@type":"BreadcrumbList","@id":"https:\/\/monatglobal.com\/es\/vinegar-rinse\/#breadcrumblist","itemListElement":[{"@type":"ListItem","@id":"https:\/\/monatglobal.com\/es#listItem","position":1,"name":"Home","item":"https:\/\/monatglobal.com\/es","nextItem":{"@type":"ListItem","@id":"https:\/\/monatglobal.com\/es\/vinegar-rinse\/#listItem","name":"Loci\u00f3n purificante de vinagre"}},{"@type":"ListItem","@id":"https:\/\/monatglobal.com\/es\/vinegar-rinse\/#listItem","position":2,"name":"Loci\u00f3n purificante de vinagre","previousItem":{"@type":"ListItem","@id":"https:\/\/monatglobal.com\/es#listItem","name":"Home"}}]},{"@type":"Organization","@id":"https:\/\/monatglobal.com\/es\/#organization","name":"MONAT Espa\u00f1a","description":"We Are Modern Nature\u00ae","url":"https:\/\/monatglobal.com\/es\/"},{"@type":"WebPage","@id":"https:\/\/monatglobal.com\/es\/vinegar-rinse\/#webpage","url":"https:\/\/monatglobal.com\/es\/vinegar-rinse\/","name":"Loci\u00f3n purificante de vinagre - MONAT Espa\u00f1a","description":"Loci\u00f3n purificante de vinagre Una limpiadora ligera, similar al agua, que aporta limpieza y potencia el brillo. 237 ml \u212e 8 fl. oz. Precio de venta Cliente00.00 \u20ac Precio Cliente VIP00.00 \u20ac Para conocer m\u00e1s sobre la Loci\u00f3n purificante de vinagre , ponte en contacto con tu Market Partner de MONAT. BENEFICIOS Esta limpiadora de","inLanguage":"en-US","isPartOf":{"@id":"https:\/\/monatglobal.com\/es\/#website"},"breadcrumb":{"@id":"https:\/\/monatglobal.com\/es\/vinegar-rinse\/#breadcrumblist"},"image":{"@type":"ImageObject","url":"https:\/\/monatglobal.com\/es\/wp-content\/uploads\/sites\/10\/2026\/02\/Purifying-Vinegar-Rinse-ecomm.png","@id":"https:\/\/monatglobal.com\/es\/vinegar-rinse\/#mainImage","width":641,"height":800},"primaryImageOfPage":{"@id":"https:\/\/monatglobal.com\/es\/vinegar-rinse\/#mainImage"},"datePublished":"2022-04-06T17:31:52+01:00","dateModified":"2026-02-24T16:07:24+00:00"},{"@type":"WebSite","@id":"https:\/\/monatglobal.com\/es\/#website","url":"https:\/\/monatglobal.com\/es\/","name":"MONAT Espa\u00f1a","description":"We Are Modern Nature\u00ae","inLanguage":"en-US","publisher":{"@id":"https:\/\/monatglobal.com\/es\/#organization"}}]},"og:locale":"en_US","og:site_name":"MONAT Espa\u00f1a - We Are Modern Nature\u00ae","og:type":"article","og:title":"Loci\u00f3n purificante de vinagre - MONAT Espa\u00f1a","og:description":"Loci\u00f3n purificante de vinagre Una limpiadora ligera, similar al agua, que aporta limpieza y potencia el brillo. 237 ml \u212e 8 fl. oz. Precio de venta Cliente00.00 \u20ac Precio Cliente VIP00.00 \u20ac Para conocer m\u00e1s sobre la Loci\u00f3n purificante de vinagre , ponte en contacto con tu Market Partner de MONAT. BENEFICIOS Esta limpiadora de","og:url":"https:\/\/monatglobal.com\/es\/vinegar-rinse\/","article:published_time":"2022-04-06T16:31:52+00:00","article:modified_time":"2026-02-24T16:07:24+00:00","twitter:card":"summary_large_image","twitter:title":"Loci\u00f3n purificante de vinagre - MONAT Espa\u00f1a","twitter:description":"Loci\u00f3n purificante de vinagre Una limpiadora ligera, similar al agua, que aporta limpieza y potencia el brillo. 237 ml \u212e 8 fl. oz. Precio de venta Cliente00.00 \u20ac Precio Cliente VIP00.00 \u20ac Para conocer m\u00e1s sobre la Loci\u00f3n purificante de vinagre , ponte en contacto con tu Market Partner de MONAT. BENEFICIOS Esta limpiadora de"},"aioseo_meta_data":{"post_id":"68363","title":null,"description":null,"keywords":null,"keyphrases":null,"primary_term":null,"canonical_url":null,"og_title":null,"og_description":null,"og_object_type":"default","og_image_type":"default","og_image_url":null,"og_image_width":null,"og_image_height":null,"og_image_custom_url":null,"og_image_custom_fields":null,"og_video":null,"og_custom_url":null,"og_article_section":null,"og_article_tags":null,"twitter_use_og":false,"twitter_card":"default","twitter_image_type":"default","twitter_image_url":null,"twitter_image_custom_url":null,"twitter_image_custom_fields":null,"twitter_title":null,"twitter_description":null,"schema":{"blockGraphs":[],"customGraphs":[],"default":{"data":{"Article":[],"Course":[],"Dataset":[],"FAQPage":[],"Movie":[],"Person":[],"Product":[],"ProductReview":[],"Car":[],"Recipe":[],"Service":[],"SoftwareApplication":[],"WebPage":[]},"graphName":"WebPage","isEnabled":true},"graphs":[]},"schema_type":"default","schema_type_options":null,"pillar_content":false,"robots_default":true,"robots_noindex":false,"robots_noarchive":false,"robots_nosnippet":false,"robots_nofollow":false,"robots_noimageindex":false,"robots_noodp":false,"robots_notranslate":false,"robots_max_snippet":null,"robots_max_videopreview":null,"robots_max_imagepreview":"large","priority":null,"frequency":null,"local_seo":null,"seo_analyzer_scan_date":"2026-02-24 16:10:55","limit_modified_date":false,"reviewed_by":null,"open_ai":null,"ai":null,"created":"2023-07-26 09:30:42","updated":"2026-02-24 16:15:50"},"aioseo_breadcrumb":"<div class=\"aioseo-breadcrumbs\"><span class=\"aioseo-breadcrumb\">\n\t<a href=\"https:\/\/monatglobal.com\/es\" title=\"Home\">Home<\/a>\n<\/span><span class=\"aioseo-breadcrumb-separator\">&raquo;<\/span><span class=\"aioseo-breadcrumb\">\n\tLoci\u00f3n purificante de vinagre\n<\/span><\/div>","aioseo_breadcrumb_json":[{"label":"Home","link":"https:\/\/monatglobal.com\/es"},{"label":"Loci\u00f3n purificante de vinagre","link":"https:\/\/monatglobal.com\/es\/vinegar-rinse\/"}],"_links":{"self":[{"href":"https:\/\/monatglobal.com\/es\/wp-json\/wp\/v2\/pages\/68363","targetHints":{"allow":["GET"]}}],"collection":[{"href":"https:\/\/monatglobal.com\/es\/wp-json\/wp\/v2\/pages"}],"about":[{"href":"https:\/\/monatglobal.com\/es\/wp-json\/wp\/v2\/types\/page"}],"author":[{"embeddable":true,"href":"https:\/\/monatglobal.com\/es\/wp-json\/wp\/v2\/users\/31"}],"replies":[{"embeddable":true,"href":"https:\/\/monatglobal.com\/es\/wp-json\/wp\/v2\/comments?post=68363"}],"version-history":[{"count":26,"href":"https:\/\/monatglobal.com\/es\/wp-json\/wp\/v2\/pages\/68363\/revisions"}],"predecessor-version":[{"id":109225,"href":"https:\/\/monatglobal.com\/es\/wp-json\/wp\/v2\/pages\/68363\/revisions\/109225"}],"wp:featuredmedia":[{"embeddable":true,"href":"https:\/\/monatglobal.com\/es\/wp-json\/wp\/v2\/media\/109223"}],"wp:attachment":[{"href":"https:\/\/monatglobal.com\/es\/wp-json\/wp\/v2\/media?parent=68363"}],"wp:term":[{"taxonomy":"category","embeddable":true,"href":"https:\/\/monatglobal.com\/es\/wp-json\/wp\/v2\/categories?post=68363"},{"taxonomy":"post_tag","embeddable":true,"href":"https:\/\/monatglobal.com\/es\/wp-json\/wp\/v2\/tags?post=68363"}],"curies":[{"name":"wp","href":"https:\/\/api.w.org\/{rel}","templated":true}]}}