{"id":68243,"date":"2022-04-19T08:00:46","date_gmt":"2022-04-19T07:00:46","guid":{"rendered":"https:\/\/monatglobal.com\/es\/?page_id=68243"},"modified":"2026-02-24T19:25:30","modified_gmt":"2026-02-24T19:25:30","slug":"skin-oil-free-moisturizer","status":"publish","type":"page","link":"https:\/\/monatglobal.com\/es\/skin-oil-free-moisturizer\/","title":{"rendered":"Hidratante sin aceites BE PURIFIED\u2122"},"content":{"rendered":"\n\n\t<link rel=\"stylesheet\" href=\"https:\/\/unpkg.com\/swiper\/swiper-bundle.min.css\" \/>\n<link rel=\"stylesheet\" href=\"https:\/\/monatglobal.com\/wp-content\/creative_css\/product_styles_sheet.css\" \/>\n   <!--==================================================== ECOMM SECTION ====================================================-->\n      <!--==================================================== Ecomm image ====================================================-->\n       \n      <source media=\"(max-width: 700px)\" srcset=\"https:\/\/monatglobal.com\/pl\/wp-content\/uploads\/sites\/9\/2021\/12\/be-purified-oil-free-moisturizer-ecomm-2022_mobile.png\" loading=\"lazy\"\/>\n      <img decoding=\"async\" src=\"https:\/\/monatglobal.com\/pl\/wp-content\/uploads\/sites\/9\/2021\/12\/Be-purified-oil-free-moisturizer-ecomm-2022.png\" alt=\"Hidratante sin aceites BE PURIFIED\u2122\" loading=\"lazy\"\/>\n         \n      <!--==================================================== Ecomm information  ====================================================-->\n         \n         <h1>Hidratante<br \/> sin aceites<\/h1>\n         <p>BE PURIFIED\u2122<\/p>\n         Una ligera hidratante sin aceites dise\u00f1ada para minimizar los brillos \n         visibles a la vez que absorbe el exceso de sebo, dando a la piel una apariencia&nbsp;sana.\n         <p>45 ml \u212e 1.52 fl oz<\/p>\n        <!--==================================================== pricing box  ====================================================--> \n         <p>Precio de venta Cliente<br \/>00.00 \u20ac<\/p>\n         <p>Precio Cliente VIP<br \/>00.00 \u20ac<\/p>\n        <!--==================================================== pricing box  ====================================================--> \n         Para conocer m\u00e1s sobre Hidratante sin aceites BE PURIFIED\u2122, \n         ponte en contacto con tu Market Partner de&nbsp;MONAT.\n          <a href=\"\" target=\"_blank\" role=\"button\" aria-label=\"\" rel=\"noopener\"><\/a>\n   <!--==================================================== \/ECOMM SECTION  ====================================================-->\n   <!--==================================================== Benefits image ====================================================-->\n  \n    <source media=\"(max-width: 700px)\" srcset=\"https:\/\/monatglobal.com\/pl\/wp-content\/uploads\/sites\/9\/2021\/12\/BE-PURIFIED-oil-free-moisturizer_mobile.jpg\" loading=\"lazy\"\/>\n      <img decoding=\"async\" src=\"https:\/\/monatglobal.com\/pl\/wp-content\/uploads\/sites\/9\/2021\/12\/BE-PURIFIED-oil-free-moisturizer-benefits-.jpg\" \n      alt=\"\" loading=\"lazy\"\/>\n    \n   <!--==================================================== Benefits text ====================================================-->\n         <h2>BENEFICIOS<\/h2>\n         <h3>Hecha espec\u00edficamente para pieles de tipo graso, nuestra f\u00f3rmula sin \n         aceites absorbe suavemente y reduce el exceso de aceite y brillo, a la vez que mantiene la piel hidratada durante todo el&nbsp;d\u00eda.<\/h3>\n         <!--==================================================== features image  ====================================================-->\n         <img decoding=\"async\" alt=\"\" src=\"https:\/\/monatglobal.com\/pl\/wp-content\/uploads\/sites\/9\/2021\/12\/BE-PURIFIED-oil-free-moisturizer_features.jpg\" loading=\"lazy\"\/>\n      <!--==================================================== features text ====================================================-->\n            <h3>Caracter\u00edsticas<\/h3>\n               <p>\/ Mantiene la piel hidratada durante todo el&nbsp;d\u00eda<\/p>\n               <p>\/ F\u00f3rmula de r\u00e1pida absorci\u00f3n<\/p>\n               <p>\/ Ayuda a calmar la piel<\/p>\n               <p>\/ Aporta un efecto mate, reduciendo los brillos hasta ocho&nbsp;horas <\/p>\n               <p>\/ Restaura el equilibrio de la hidrataci\u00f3n natural de la&nbsp;piel <\/p>\n               <p>\/ Aporta 24 horas de hidrataci\u00f3n <\/p>\n               <br \/>\n            <p>Fragrance \/ Unwind and enjoy a coconut-forward, citrusy aroma with notes of blood orange, coconut husk, cashew nut and&nbsp;sandalwood. <\/p>\n            <p> Texture \/ Cream <\/p>\n   <!--==================================================== composition image mobile ====================================================-->\n   <img decoding=\"async\" alt=\"\" src=\"https:\/\/monatglobal.com\/pl\/wp-content\/uploads\/sites\/9\/2021\/12\/BE-PURIFIED-oil-free-moisturizer-comps1.jpg\" loading=\"lazy\"\/>\n   <!--==================================================== Why it works text ====================================================-->\n      \n      <h3>Reforzada con arcilla blanca francesa, t\u00e9 verde, romero, aloe vera y arcillas ricas en mineral, \n      esta hidratante sin aceites matifica, purifica, hidrata y nutre la&nbsp;piel.<\/h3>\n<!--==================================================== Composition section ====================================================-->\n      <img decoding=\"async\" alt=\"\" src=\"https:\/\/monatglobal.com\/pl\/wp-content\/uploads\/sites\/9\/2021\/12\/BE-PURIFIED-oil-free-moisturizer-comps1.jpg\" loading=\"lazy\"\/>\n      <img decoding=\"async\" alt=\"\" \n      src=\"https:\/\/monatglobal.com\/pl\/wp-content\/uploads\/sites\/9\/2021\/12\/BE-PURIFIED-oil-free-moisturizer-comp-3.jpg\" loading=\"lazy\"\/>\n            <!--==================================================== Directions text ====================================================--> \n               <h3>Modo de uso<\/h3>\n                    <p>\/ Usa la esp\u00e1tula incluida en la caja para retirar el producto del envase.<\/p>\n                    <p>\/ Aplica de manera uniforme en las yemas.<\/p>\n                    <p>\/ Masajea en el rostro, el cuello y el escote.<\/p>\n                    <p>\/ Deja que se absorba completamente antes de aplicar tu SPF y el maquillaje.<\/p>\n            <!--==================================================== Directions video ====================================================-->\n      <p>Be Balanced\u2122 <br \/>Lightweight Moisturizer <br \/>0:35<\/p>\n      <a href=\"\" target=\"_blank\" role=\"button\" aria-label=\"\" rel=\"noopener\"><\/a>\n   <!--==================================================== Ingredients section  ====================================================-->\n      <h2>INGREDIENTES ACTIVOS CLAVE<\/h2>\n      <p>Arcilla blanca francesa <\/p>\n      <p>Extractos bot\u00e1nicos<\/p>\n      <p>Extracto de palma enana americana<\/p>\n      <p>\u00c1cido hialur\u00f3nico <\/p>\n        <button id=\"myBtn\" type=\"button\">VER LA LISTA DE INGREDIENTES COMPLETA<\/button>\n      <!--==================================================== Modal content  ====================================================-->\n         &times;\n         Aqua\/Water\/Eau, Kaolin, Cetearyl Alcohol, Bentonite, Charcoal Powder, Propanediol, Sodium Laurylglucosides \n         Hydroxypropylsulfonate, Glycerin, Salicylic Acid, Lactic Acid, Menthol, Menthone, Maclura Cochinchinensis Leaf Prenylflavonoids, \n         Sodium Cocoamphoacetate, Xanthan Gum, Cocamidopropyl Hydroxysultaine, Sodium Phytate, Pentylene Glycol, Phenethyl Alcohol,&nbsp;Alcohol.\n   <!--==================================================== You might also like section ====================================================-->\n      <h2>PUEDE QUE TAMBI\u00c9N TE GUSTE<\/h2>\n      <!--==================================================== Slider YOU MIGHT ALSO LIKE ====================================================-->\n          <!---->\n          <!--   -->\n                <!-- Slides products-->\n          <!--      -->\n          <!--         <a href=\"\/es\/skin-clarifying-cleanser\" aria-label=\"Go to Limpiador aclarante BE PURIFIED\u2122 page\">-->\n          <!--          <img decoding=\"async\" src=\"https:\/\/monatglobal.com\/wp-content\/uploads\/2022\/12\/be-puried-clarifying-cleanser-ecomm-2022.png\" alt=\"Limpiador aclarante BE PURIFIED\u2122 MONAT\" loading=\"lazy\"\/>-->\n          <!--          <p>Limpiador aclarante <br \/>BE PURIFIED\u2122 <\/p>-->\n          <!--        <\/a>-->\n          <!--      -->\n          <!--      -->\n          <!--         <a href=\"\/es\/charcoal-mask\/\" aria-label=\"Go to Mascarilla de carb\u00f3n fr\u00edo BE PURIFIED\u2122 page\">-->\n          <!--          <img decoding=\"async\" src=\"https:\/\/monatglobal.com\/wp-content\/uploads\/2022\/12\/cold-charcoal-mask-ecomm-2022-min.png\" alt=\"Mascarilla de carb\u00f3n fr\u00edo BE PURIFIED\u2122 MONAT\" loading=\"lazy\"\/>-->\n          <!--          <p>Mascarilla de carb\u00f3n fr\u00edo <br \/>BE PURIFIED\u2122<\/p>-->\n          <!--        <\/a>-->\n          <!--      -->\n          <!--      -->\n          <!--         <a href=\"\/es\/creamy-cleanser\/\" aria-label=\"Go to Limpiador Cremoso BE GENTLE\u2122 page\">-->\n          <!--            <img decoding=\"async\" src=\"https:\/\/monatglobal.com\/wp-content\/uploads\/2022\/12\/BE-GENTLE-Creamy-Cleanser-ecomm-2022-min.png\" alt=\"Limpiador Cremoso BE GENTLE\u2122\" loading=\"lazy\"\/>-->\n          <!--            <p>Limpiador Cremoso <br \/>BE GENTLE\u2122<\/p>-->\n          <!--         <\/a>-->\n          <!--      -->\n          <!--   -->\n             <!-- If we need navigation buttons -->\n          <!--   -->\n          <!--   -->\n             <!-- If we need paginations -->\n          <!--   -->\n          <!---->\n         <!--==================================================== If we need navigation buttons  ====================================================-->\n         <!--==================================================== If we need paginations  ====================================================-->\n    <a href=\"\" aria-label=\"\"><\/a>\n<!--==================================================== this link has to go last for it to work   ====================================================-->\n\n","protected":false},"excerpt":{"rendered":"<p>Hidratante sin aceites BE PURIFIED\u2122 Una ligera hidratante sin aceites dise\u00f1ada para minimizar los brillos visibles a la vez que absorbe el exceso de sebo, dando a la piel una apariencia&nbsp;sana. 45 ml \u212e 1.52 fl oz Precio de venta Cliente00.00 \u20ac Precio Cliente VIP00.00 \u20ac Para conocer m\u00e1s sobre Hidratante sin aceites BE PURIFIED\u2122,&hellip;<\/p>\n","protected":false},"author":31,"featured_media":109262,"parent":0,"menu_order":0,"comment_status":"closed","ping_status":"closed","template":"","meta":{"inline_featured_image":false,"om_disable_all_campaigns":false,"_monsterinsights_skip_tracking":false,"_monsterinsights_sitenote_active":false,"_monsterinsights_sitenote_note":"","_monsterinsights_sitenote_category":0,"footnotes":""},"categories":[31],"tags":[],"class_list":["post-68243","page","type-page","status-publish","has-post-thumbnail","hentry","category-product-es"],"aioseo_notices":[],"aioseo_head":"\n\t\t<!-- All in One SEO Pro 4.9.6 - aioseo.com -->\n\t<meta name=\"description\" content=\"Hidratante sin aceites BE PURIFIED\u2122 Una ligera hidratante sin aceites dise\u00f1ada para minimizar los brillos visibles a la vez que absorbe el exceso de sebo, dando a la piel una apariencia sana. 45 ml \u212e 1.52 fl oz Precio de venta Cliente00.00 \u20ac Precio Cliente VIP00.00 \u20ac Para conocer m\u00e1s sobre Hidratante sin aceites BE PURIFIED\u2122,\" \/>\n\t<meta name=\"robots\" content=\"max-image-preview:large\" \/>\n\t<link rel=\"canonical\" href=\"https:\/\/monatglobal.com\/es\/skin-oil-free-moisturizer\/\" \/>\n\t<meta name=\"generator\" content=\"All in One SEO Pro (AIOSEO) 4.9.6\" \/>\n\t\t<meta property=\"og:locale\" content=\"en_US\" \/>\n\t\t<meta property=\"og:site_name\" content=\"MONAT Espa\u00f1a - We Are Modern Nature\u00ae\" \/>\n\t\t<meta property=\"og:type\" content=\"article\" \/>\n\t\t<meta property=\"og:title\" content=\"Hidratante sin aceites BE PURIFIED\u2122 - MONAT Espa\u00f1a\" \/>\n\t\t<meta property=\"og:description\" content=\"Hidratante sin aceites BE PURIFIED\u2122 Una ligera hidratante sin aceites dise\u00f1ada para minimizar los brillos visibles a la vez que absorbe el exceso de sebo, dando a la piel una apariencia sana. 45 ml \u212e 1.52 fl oz Precio de venta Cliente00.00 \u20ac Precio Cliente VIP00.00 \u20ac Para conocer m\u00e1s sobre Hidratante sin aceites BE PURIFIED\u2122,\" \/>\n\t\t<meta property=\"og:url\" content=\"https:\/\/monatglobal.com\/es\/skin-oil-free-moisturizer\/\" \/>\n\t\t<meta property=\"article:published_time\" content=\"2022-04-19T07:00:46+00:00\" \/>\n\t\t<meta property=\"article:modified_time\" content=\"2026-02-24T19:25:30+00:00\" \/>\n\t\t<meta name=\"twitter:card\" content=\"summary_large_image\" \/>\n\t\t<meta name=\"twitter:title\" content=\"Hidratante sin aceites BE PURIFIED\u2122 - MONAT Espa\u00f1a\" \/>\n\t\t<meta name=\"twitter:description\" content=\"Hidratante sin aceites BE PURIFIED\u2122 Una ligera hidratante sin aceites dise\u00f1ada para minimizar los brillos visibles a la vez que absorbe el exceso de sebo, dando a la piel una apariencia sana. 45 ml \u212e 1.52 fl oz Precio de venta Cliente00.00 \u20ac Precio Cliente VIP00.00 \u20ac Para conocer m\u00e1s sobre Hidratante sin aceites BE PURIFIED\u2122,\" \/>\n\t\t<script type=\"application\/ld+json\" class=\"aioseo-schema\">\n\t\t\t{\"@context\":\"https:\\\/\\\/schema.org\",\"@graph\":[{\"@type\":\"BreadcrumbList\",\"@id\":\"https:\\\/\\\/monatglobal.com\\\/es\\\/skin-oil-free-moisturizer\\\/#breadcrumblist\",\"itemListElement\":[{\"@type\":\"ListItem\",\"@id\":\"https:\\\/\\\/monatglobal.com\\\/es#listItem\",\"position\":1,\"name\":\"Home\",\"item\":\"https:\\\/\\\/monatglobal.com\\\/es\",\"nextItem\":{\"@type\":\"ListItem\",\"@id\":\"https:\\\/\\\/monatglobal.com\\\/es\\\/skin-oil-free-moisturizer\\\/#listItem\",\"name\":\"Hidratante sin aceites BE PURIFIED\\u2122\"}},{\"@type\":\"ListItem\",\"@id\":\"https:\\\/\\\/monatglobal.com\\\/es\\\/skin-oil-free-moisturizer\\\/#listItem\",\"position\":2,\"name\":\"Hidratante sin aceites BE PURIFIED\\u2122\",\"previousItem\":{\"@type\":\"ListItem\",\"@id\":\"https:\\\/\\\/monatglobal.com\\\/es#listItem\",\"name\":\"Home\"}}]},{\"@type\":\"Organization\",\"@id\":\"https:\\\/\\\/monatglobal.com\\\/es\\\/#organization\",\"name\":\"MONAT Espa\\u00f1a\",\"description\":\"We Are Modern Nature\\u00ae\",\"url\":\"https:\\\/\\\/monatglobal.com\\\/es\\\/\"},{\"@type\":\"WebPage\",\"@id\":\"https:\\\/\\\/monatglobal.com\\\/es\\\/skin-oil-free-moisturizer\\\/#webpage\",\"url\":\"https:\\\/\\\/monatglobal.com\\\/es\\\/skin-oil-free-moisturizer\\\/\",\"name\":\"Hidratante sin aceites BE PURIFIED\\u2122 - MONAT Espa\\u00f1a\",\"description\":\"Hidratante sin aceites BE PURIFIED\\u2122 Una ligera hidratante sin aceites dise\\u00f1ada para minimizar los brillos visibles a la vez que absorbe el exceso de sebo, dando a la piel una apariencia sana. 45 ml \\u212e 1.52 fl oz Precio de venta Cliente00.00 \\u20ac Precio Cliente VIP00.00 \\u20ac Para conocer m\\u00e1s sobre Hidratante sin aceites BE PURIFIED\\u2122,\",\"inLanguage\":\"en-US\",\"isPartOf\":{\"@id\":\"https:\\\/\\\/monatglobal.com\\\/es\\\/#website\"},\"breadcrumb\":{\"@id\":\"https:\\\/\\\/monatglobal.com\\\/es\\\/skin-oil-free-moisturizer\\\/#breadcrumblist\"},\"image\":{\"@type\":\"ImageObject\",\"url\":\"https:\\\/\\\/monatglobal.com\\\/es\\\/wp-content\\\/uploads\\\/sites\\\/10\\\/2026\\\/02\\\/Oil-Free-Moisturizer.png\",\"@id\":\"https:\\\/\\\/monatglobal.com\\\/es\\\/skin-oil-free-moisturizer\\\/#mainImage\",\"width\":341,\"height\":450},\"primaryImageOfPage\":{\"@id\":\"https:\\\/\\\/monatglobal.com\\\/es\\\/skin-oil-free-moisturizer\\\/#mainImage\"},\"datePublished\":\"2022-04-19T08:00:46+01:00\",\"dateModified\":\"2026-02-24T19:25:30+00:00\"},{\"@type\":\"WebSite\",\"@id\":\"https:\\\/\\\/monatglobal.com\\\/es\\\/#website\",\"url\":\"https:\\\/\\\/monatglobal.com\\\/es\\\/\",\"name\":\"MONAT Espa\\u00f1a\",\"description\":\"We Are Modern Nature\\u00ae\",\"inLanguage\":\"en-US\",\"publisher\":{\"@id\":\"https:\\\/\\\/monatglobal.com\\\/es\\\/#organization\"}}]}\n\t\t<\/script>\n\t\t<!-- All in One SEO Pro -->\r\n\t\t<title>Hidratante sin aceites BE PURIFIED\u2122 - MONAT Espa\u00f1a<\/title>\n\n","aioseo_head_json":{"title":"Hidratante sin aceites BE PURIFIED\u2122 - MONAT Espa\u00f1a","description":"Hidratante sin aceites BE PURIFIED\u2122 Una ligera hidratante sin aceites dise\u00f1ada para minimizar los brillos visibles a la vez que absorbe el exceso de sebo, dando a la piel una apariencia sana. 45 ml \u212e 1.52 fl oz Precio de venta Cliente00.00 \u20ac Precio Cliente VIP00.00 \u20ac Para conocer m\u00e1s sobre Hidratante sin aceites BE PURIFIED\u2122,","canonical_url":"https:\/\/monatglobal.com\/es\/skin-oil-free-moisturizer\/","robots":"max-image-preview:large","keywords":"","webmasterTools":{"miscellaneous":""},"schema":{"@context":"https:\/\/schema.org","@graph":[{"@type":"BreadcrumbList","@id":"https:\/\/monatglobal.com\/es\/skin-oil-free-moisturizer\/#breadcrumblist","itemListElement":[{"@type":"ListItem","@id":"https:\/\/monatglobal.com\/es#listItem","position":1,"name":"Home","item":"https:\/\/monatglobal.com\/es","nextItem":{"@type":"ListItem","@id":"https:\/\/monatglobal.com\/es\/skin-oil-free-moisturizer\/#listItem","name":"Hidratante sin aceites BE PURIFIED\u2122"}},{"@type":"ListItem","@id":"https:\/\/monatglobal.com\/es\/skin-oil-free-moisturizer\/#listItem","position":2,"name":"Hidratante sin aceites BE PURIFIED\u2122","previousItem":{"@type":"ListItem","@id":"https:\/\/monatglobal.com\/es#listItem","name":"Home"}}]},{"@type":"Organization","@id":"https:\/\/monatglobal.com\/es\/#organization","name":"MONAT Espa\u00f1a","description":"We Are Modern Nature\u00ae","url":"https:\/\/monatglobal.com\/es\/"},{"@type":"WebPage","@id":"https:\/\/monatglobal.com\/es\/skin-oil-free-moisturizer\/#webpage","url":"https:\/\/monatglobal.com\/es\/skin-oil-free-moisturizer\/","name":"Hidratante sin aceites BE PURIFIED\u2122 - MONAT Espa\u00f1a","description":"Hidratante sin aceites BE PURIFIED\u2122 Una ligera hidratante sin aceites dise\u00f1ada para minimizar los brillos visibles a la vez que absorbe el exceso de sebo, dando a la piel una apariencia sana. 45 ml \u212e 1.52 fl oz Precio de venta Cliente00.00 \u20ac Precio Cliente VIP00.00 \u20ac Para conocer m\u00e1s sobre Hidratante sin aceites BE PURIFIED\u2122,","inLanguage":"en-US","isPartOf":{"@id":"https:\/\/monatglobal.com\/es\/#website"},"breadcrumb":{"@id":"https:\/\/monatglobal.com\/es\/skin-oil-free-moisturizer\/#breadcrumblist"},"image":{"@type":"ImageObject","url":"https:\/\/monatglobal.com\/es\/wp-content\/uploads\/sites\/10\/2026\/02\/Oil-Free-Moisturizer.png","@id":"https:\/\/monatglobal.com\/es\/skin-oil-free-moisturizer\/#mainImage","width":341,"height":450},"primaryImageOfPage":{"@id":"https:\/\/monatglobal.com\/es\/skin-oil-free-moisturizer\/#mainImage"},"datePublished":"2022-04-19T08:00:46+01:00","dateModified":"2026-02-24T19:25:30+00:00"},{"@type":"WebSite","@id":"https:\/\/monatglobal.com\/es\/#website","url":"https:\/\/monatglobal.com\/es\/","name":"MONAT Espa\u00f1a","description":"We Are Modern Nature\u00ae","inLanguage":"en-US","publisher":{"@id":"https:\/\/monatglobal.com\/es\/#organization"}}]},"og:locale":"en_US","og:site_name":"MONAT Espa\u00f1a - We Are Modern Nature\u00ae","og:type":"article","og:title":"Hidratante sin aceites BE PURIFIED\u2122 - MONAT Espa\u00f1a","og:description":"Hidratante sin aceites BE PURIFIED\u2122 Una ligera hidratante sin aceites dise\u00f1ada para minimizar los brillos visibles a la vez que absorbe el exceso de sebo, dando a la piel una apariencia sana. 45 ml \u212e 1.52 fl oz Precio de venta Cliente00.00 \u20ac Precio Cliente VIP00.00 \u20ac Para conocer m\u00e1s sobre Hidratante sin aceites BE PURIFIED\u2122,","og:url":"https:\/\/monatglobal.com\/es\/skin-oil-free-moisturizer\/","article:published_time":"2022-04-19T07:00:46+00:00","article:modified_time":"2026-02-24T19:25:30+00:00","twitter:card":"summary_large_image","twitter:title":"Hidratante sin aceites BE PURIFIED\u2122 - MONAT Espa\u00f1a","twitter:description":"Hidratante sin aceites BE PURIFIED\u2122 Una ligera hidratante sin aceites dise\u00f1ada para minimizar los brillos visibles a la vez que absorbe el exceso de sebo, dando a la piel una apariencia sana. 45 ml \u212e 1.52 fl oz Precio de venta Cliente00.00 \u20ac Precio Cliente VIP00.00 \u20ac Para conocer m\u00e1s sobre Hidratante sin aceites BE PURIFIED\u2122,"},"aioseo_meta_data":{"post_id":"68243","title":null,"description":null,"keywords":null,"keyphrases":null,"primary_term":null,"canonical_url":null,"og_title":null,"og_description":null,"og_object_type":"default","og_image_type":"default","og_image_url":null,"og_image_width":null,"og_image_height":null,"og_image_custom_url":null,"og_image_custom_fields":null,"og_video":null,"og_custom_url":null,"og_article_section":null,"og_article_tags":null,"twitter_use_og":false,"twitter_card":"default","twitter_image_type":"default","twitter_image_url":null,"twitter_image_custom_url":null,"twitter_image_custom_fields":null,"twitter_title":null,"twitter_description":null,"schema":{"blockGraphs":[],"customGraphs":[],"default":{"data":{"Article":[],"Course":[],"Dataset":[],"FAQPage":[],"Movie":[],"Person":[],"Product":[],"ProductReview":[],"Car":[],"Recipe":[],"Service":[],"SoftwareApplication":[],"WebPage":[]},"graphName":"WebPage","isEnabled":true},"graphs":[]},"schema_type":"default","schema_type_options":null,"pillar_content":false,"robots_default":true,"robots_noindex":false,"robots_noarchive":false,"robots_nosnippet":false,"robots_nofollow":false,"robots_noimageindex":false,"robots_noodp":false,"robots_notranslate":false,"robots_max_snippet":null,"robots_max_videopreview":null,"robots_max_imagepreview":"large","priority":null,"frequency":null,"local_seo":null,"seo_analyzer_scan_date":"2026-02-24 20:16:27","limit_modified_date":false,"reviewed_by":null,"open_ai":null,"ai":null,"created":"2023-07-26 09:30:42","updated":"2026-02-24 20:16:27"},"aioseo_breadcrumb":"<div class=\"aioseo-breadcrumbs\"><span class=\"aioseo-breadcrumb\">\n\t<a href=\"https:\/\/monatglobal.com\/es\" title=\"Home\">Home<\/a>\n<\/span><span class=\"aioseo-breadcrumb-separator\">&raquo;<\/span><span class=\"aioseo-breadcrumb\">\n\tHidratante sin aceites BE PURIFIED\u2122\n<\/span><\/div>","aioseo_breadcrumb_json":[{"label":"Home","link":"https:\/\/monatglobal.com\/es"},{"label":"Hidratante sin aceites BE PURIFIED\u2122","link":"https:\/\/monatglobal.com\/es\/skin-oil-free-moisturizer\/"}],"_links":{"self":[{"href":"https:\/\/monatglobal.com\/es\/wp-json\/wp\/v2\/pages\/68243","targetHints":{"allow":["GET"]}}],"collection":[{"href":"https:\/\/monatglobal.com\/es\/wp-json\/wp\/v2\/pages"}],"about":[{"href":"https:\/\/monatglobal.com\/es\/wp-json\/wp\/v2\/types\/page"}],"author":[{"embeddable":true,"href":"https:\/\/monatglobal.com\/es\/wp-json\/wp\/v2\/users\/31"}],"replies":[{"embeddable":true,"href":"https:\/\/monatglobal.com\/es\/wp-json\/wp\/v2\/comments?post=68243"}],"version-history":[{"count":24,"href":"https:\/\/monatglobal.com\/es\/wp-json\/wp\/v2\/pages\/68243\/revisions"}],"predecessor-version":[{"id":109261,"href":"https:\/\/monatglobal.com\/es\/wp-json\/wp\/v2\/pages\/68243\/revisions\/109261"}],"wp:featuredmedia":[{"embeddable":true,"href":"https:\/\/monatglobal.com\/es\/wp-json\/wp\/v2\/media\/109262"}],"wp:attachment":[{"href":"https:\/\/monatglobal.com\/es\/wp-json\/wp\/v2\/media?parent=68243"}],"wp:term":[{"taxonomy":"category","embeddable":true,"href":"https:\/\/monatglobal.com\/es\/wp-json\/wp\/v2\/categories?post=68243"},{"taxonomy":"post_tag","embeddable":true,"href":"https:\/\/monatglobal.com\/es\/wp-json\/wp\/v2\/tags?post=68243"}],"curies":[{"name":"wp","href":"https:\/\/api.w.org\/{rel}","templated":true}]}}