{"id":68194,"date":"2022-04-19T08:00:45","date_gmt":"2022-04-19T07:00:45","guid":{"rendered":"https:\/\/monatglobal.com\/es\/?page_id=68194"},"modified":"2026-04-06T17:26:40","modified_gmt":"2026-04-06T16:26:40","slug":"skin-clarifying-cleanser","status":"publish","type":"page","link":"https:\/\/monatglobal.com\/es\/skin-clarifying-cleanser\/","title":{"rendered":"Limpiador aclarante BE PURIFIED\u2122"},"content":{"rendered":"\n\n\t<link rel=\"stylesheet\" href=\"https:\/\/unpkg.com\/swiper\/swiper-bundle.min.css\" \/>\n<link rel=\"stylesheet\" href=\"https:\/\/monatglobal.com\/wp-content\/creative_css\/product_styles_sheet.css\" \/>\n   <!--==================================================== ECOMM SECTION ====================================================-->\n      <!--==================================================== Ecomm image ====================================================-->\n      <img decoding=\"async\" src=\"https:\/\/monatglobal.com\/pl\/wp-content\/uploads\/sites\/9\/2021\/12\/be-purifying-creamy-cleanser-ecomm-2022.png\" alt=\"Limpiador aclarante BE PURIFIED\u2122 MONAT\" loading=\"lazy\"\/>\n      <!--==================================================== Ecomm information  ====================================================-->\n         <h1>Limpiador aclarante<\/h1>\n         <p>BE PURIFIED\u2122<\/p>\n         <p>Un gel limpiador purificante y refrescante con potentes ingredientes&nbsp;bot\u00e1nicos.<\/p>\n         <p>120 ml \u212e 4 fl. oz.<\/p>\n       <!--==================================================== pricing box  ====================================================-->  \n         <p>Precio de venta Cliente<br \/>00.00 \u20ac<\/p>\n         <p>Precio Cliente VIP<br \/>00.00 \u20ac<\/p>\n        <!--==================================================== pricing box  ====================================================--> \n         <p>Para conocer m\u00e1s sobre el Limpiador aclarante MONAT BE PURIFIED\u2122, ponte en contacto con tu Market Partner de&nbsp;MONAT.<\/p>\n          <a href=\"\" target=\"_blank\" role=\"button\" aria-label=\"\"><\/a>\n   <!--==================================================== \/ECOMM SECTION  ====================================================-->\n   <!--==================================================== Benefits image ====================================================-->\n  \n    <source media=\"(max-width: 700px)\" srcset=\"https:\/\/monatglobal.com\/pl\/wp-content\/uploads\/sites\/9\/2021\/12\/BE-PURIFIED-clarifying-cleanser-benefits-_mobile.jpg\" loading=\"lazy\"\/>\n      <img decoding=\"async\" src=\"https:\/\/monatglobal.com\/pl\/wp-content\/uploads\/sites\/9\/2021\/12\/BE-PURIFIED-clarifying-cleanser-benefits-.jpg\" alt=\"\" loading=\"lazy\"\/>\n    \n   <!--==================================================== Benefits text ====================================================-->\n         <h2>BENEFICIOS<\/h2>\n         <h3>Hecho espec\u00edficamente para pieles grasas, nuestra f\u00f3rmula sin aceites \n         reduce suavemente el exceso de aceite y desobstruye los poros sin secar la&nbsp;piel.<\/h3>\n         <!--==================================================== features image  ====================================================-->\n         <img decoding=\"async\" alt=\"\" src=\"https:\/\/monatglobal.com\/pl\/wp-content\/uploads\/sites\/9\/2021\/12\/BE-PURIFIED-clarifying-cleanser-features.jpg\" loading=\"lazy\"\/>\n      <!--==================================================== features text ====================================================-->\n            <h3>Caracter\u00edsticas<\/h3>\n               <p>\/ Limpia e hidrata la&nbsp;piel<\/p>\n               <p>\/ Limpia en profundidad sin ara\u00f1ar la&nbsp;piel<\/p>\n               <p>\/ Reduce el brillo hasta 8&nbsp;horas<\/p>\n               <p>\/ Proporcionan una experiencia&nbsp;refrescante<\/p>\n               <p>\/ F\u00f3rmula que no&nbsp;reseca<\/p>\n               <br \/>\n            <p>Fragrance \/ Unwind and enjoy a coconut-forward, citrusy aroma with notes of blood orange, coconut husk, cashew nut and&nbsp;sandalwood. <\/p>\n            <p> Texture \/ Cream <\/p>\n   <!--==================================================== composition image mobile ====================================================-->\n   <img decoding=\"async\" alt=\"\" src=\"https:\/\/monatglobal.com\/pl\/wp-content\/uploads\/sites\/9\/2021\/12\/BE-PURIFIED-clarifying-cleanser-comp-1.jpg\" loading=\"lazy\"\/>\n   <!--==================================================== Why it works text ====================================================-->\n      \n      <h3>Este ligero y suave gel limpiador est\u00e1 reforzado con extractos bot\u00e1nicos \n      procedentes del t\u00e9 verde, romero y hoja de aloe vera, adem\u00e1s de contener \u00e1cido glic\u00f3lico y l\u00e1ctico y AHA para nutrir, \n      refrescar y purificar la piel a la vez que reduce los brillos durante ocho&nbsp;horas.<\/h3>\n<!--==================================================== Composition section ====================================================-->\n      <img decoding=\"async\" alt=\"\" src=\"https:\/\/monatglobal.com\/pl\/wp-content\/uploads\/sites\/9\/2021\/12\/BE-PURIFIED-clarifying-cleanser-comp-1.jpg\" loading=\"lazy\"\/>\n      <img decoding=\"async\" alt=\"\" \n      src=\"https:\/\/monatglobal.com\/pl\/wp-content\/uploads\/sites\/9\/2021\/12\/BE-PURIFIED-clarifying-cleanser-comp-3.jpg\" loading=\"lazy\"\/>\n            <!--==================================================== Directions text ====================================================--> \n               <h3>Modo de uso<\/h3>\n                    <p>\/ Humedece el&nbsp;rostro. <\/p>\n                    <p>\/ Aplica una peque\u00f1a cantidad en las yemas de los dedos y&nbsp;emulsiona.<\/p>\n                    <p>\/ Limpia suavemente la piel haciendo movimientos&nbsp;circulares.<\/p>\n                    <p>\/ Aclara con agua templada y seca suavemente con&nbsp;toquecitos.<\/p>\n                    <p>\/ Contin\u00faa el proceso con tu rutina para el Cuidado de la piel&nbsp;MONAT.<\/p>\n            <!--==================================================== Directions video ====================================================-->\n      <p>Be Balanced\u2122 <br \/>Lightweight Moisturizer <br \/>0:35<\/p>\n      <a href=\"\" target=\"_blank\"  role=\"button\" aria-label=\"\"><\/a>\n   <!--==================================================== Ingredients section  ====================================================-->\n      <h2>ACTIVOS CLAVE<\/h2>\n      <p>\u00c1cido glic\u00f3lico y \u00e1cido&nbsp;l\u00e1ctico<\/p>\n      <p>Extractos bot\u00e1nicos  <\/p>\n      <p>Extracto de palma enana&nbsp;americana <\/p>\n      <p>Niacinamida<\/p>\n        <button id=\"myBtn\" type=\"button\">VER LA LISTA DE INGREDIENTES COMPLETA<\/button>\n      <!--==================================================== Modal content  ====================================================-->\n         &times;\n         Aqua\/Water\/Eau, Sodium Cocoyl Glutamate, Cocamidopropyl Betaine, Propanediol, Acacia Senegal Gum, Aloe Barbadensis \n         Leaf Juice, Serenoa Serrulata Fruit Extract, Tocopherol, Rosmarinus Officinalis (Rosemary) Leaf Extract, Camellia Sinensis Leaf \n         Extract, Maclura Cochinchinensis Leaf Prenylflavonoids, Helianthus Annuus (Sunflower) Extract, Oryza Sativa (Rice) Bran Extract, \n         Lactic Acid, Niacinamide, Citric Acid, Cocamidopropyl Dimethylamine, Glycerin, Cocamide MIPA, Fragrance\/Parfum, PEG-150 Distearate, \n         Glycolic Acid, Xanthan Gum, Sodium C14-16 Olefin Sulfonate, Sodium Chloride, Potassium Sorbate, Sodium&nbsp;Benzoate.\n   <!--==================================================== You might also like section ====================================================-->\n      <h2>PUEDE QUE TAMBI\u00c9N TE&nbsp;GUSTE<\/h2>\n      <!--==================================================== Slider YOU MIGHT ALSO LIKE ====================================================-->\n          <!---->\n          <!--   -->\n                <!-- Slides products-->\n          <!--      -->\n          <!--         <a href=\"\/es\/charcoal-mask\/\" aria-label=\"Go to Mascarilla de carb\u00f3n fr\u00edo BE PURIFIED\u2122 MONAT page\">-->\n          <!--          <img decoding=\"async\" src=\"https:\/\/monatglobal.com\/pl\/wp-content\/uploads\/sites\/9\/2021\/12\/cold-charcoal-mask-ecomm-2022.png\" alt=\"Mascarilla de carb\u00f3n fr\u00edo BE PURIFIED\u2122 MONAT\" loading=\"lazy\"\/>-->\n          <!--          <p>Mascarilla de carb\u00f3n fr\u00edo <br \/>BE PURIFIED\u2122<\/p>-->\n          <!--        <\/a>-->\n          <!--      -->\n          <!--      -->\n          <!--         <a href=\"\/es\/skin-oil-free-moisturizer\/\" aria-label=\"Go to Hidratante sin aceites BE PURIFIED\u2122  page\">-->\n          <!--          <img decoding=\"async\" src=\"https:\/\/monatglobal.com\/pl\/wp-content\/uploads\/sites\/9\/2021\/12\/Be-purified-oil-free-moisturizer-ecomm-2022.png\" alt=\"Hidratante sin aceites BE PURIFIED\u2122 MONAT\" loading=\"lazy\"\/>-->\n          <!--          <p>Hidratante sin aceites <br \/>BE PURIFIED\u2122<\/p>-->\n          <!--        <\/a>-->\n          <!--      -->\n          <!--      -->\n          <!--         <a href=\"\/es\/creamy-cleanser\/\" aria-label=\"Go to Limpiador Cremoso BE GENTLE\u2122 page\">-->\n          <!--            <img decoding=\"async\" src=\"https:\/\/monatglobal.com\/es\/wp-content\/uploads\/sites\/10\/2021\/12\/BE-GENTLE-Creamy-Cleanser-ecomm-2022.png\" alt=\"Limpiador Cremoso BE GENTLE\u2122\" loading=\"lazy\"\/>-->\n          <!--            <p>Limpiador Cremoso <br \/>BE GENTLE\u2122<\/p>-->\n          <!--         <\/a>-->\n          <!--      -->\n          <!--   -->\n             <!-- If we need navigation buttons -->\n          <!--   -->\n          <!--   -->\n             <!-- If we need paginations -->\n          <!--   -->\n          <!---->\n         <!--==================================================== If we need navigation buttons  ====================================================-->\n         <!--==================================================== If we need paginations  ====================================================-->\n    <a href=\"\" aria-label=\"\"><\/a>\n<!--==================================================== this link has to go last for it to work   ====================================================-->\n\n","protected":false},"excerpt":{"rendered":"<p>Limpiador aclarante BE PURIFIED\u2122 Un gel limpiador purificante y refrescante con potentes ingredientes&nbsp;bot\u00e1nicos. 120 ml \u212e 4 fl. oz. Precio de venta Cliente00.00 \u20ac Precio Cliente VIP00.00 \u20ac Para conocer m\u00e1s sobre el Limpiador aclarante MONAT BE PURIFIED\u2122, ponte en contacto con tu Market Partner de&nbsp;MONAT. BENEFICIOS Hecho espec\u00edficamente para pieles grasas, nuestra f\u00f3rmula sin&hellip;<\/p>\n","protected":false},"author":31,"featured_media":68195,"parent":0,"menu_order":0,"comment_status":"closed","ping_status":"closed","template":"","meta":{"inline_featured_image":false,"om_disable_all_campaigns":false,"_monsterinsights_skip_tracking":false,"_monsterinsights_sitenote_active":false,"_monsterinsights_sitenote_note":"","_monsterinsights_sitenote_category":0,"footnotes":""},"categories":[31],"tags":[],"class_list":["post-68194","page","type-page","status-publish","has-post-thumbnail","hentry","category-product-es"],"aioseo_notices":[],"aioseo_head":"\n\t\t<!-- All in One SEO Pro 4.9.5.2 - aioseo.com -->\n\t<meta name=\"description\" content=\"Limpiador aclarante BE PURIFIED\u2122 Un gel limpiador purificante y refrescante con potentes ingredientes bot\u00e1nicos. 120 ml \u212e 4 fl. oz. Precio de venta Cliente00.00 \u20ac Precio Cliente VIP00.00 \u20ac Para conocer m\u00e1s sobre el Limpiador aclarante MONAT BE PURIFIED\u2122, ponte en contacto con tu Market Partner de MONAT. BENEFICIOS Hecho espec\u00edficamente para pieles grasas, nuestra f\u00f3rmula sin\" \/>\n\t<meta name=\"robots\" content=\"max-image-preview:large\" \/>\n\t<link rel=\"canonical\" href=\"https:\/\/monatglobal.com\/es\/skin-clarifying-cleanser\/\" \/>\n\t<meta name=\"generator\" content=\"All in One SEO Pro (AIOSEO) 4.9.5.2\" \/>\n\t\t<meta property=\"og:locale\" content=\"en_US\" \/>\n\t\t<meta property=\"og:site_name\" content=\"MONAT Espa\u00f1a - We Are Modern Nature\u00ae\" \/>\n\t\t<meta property=\"og:type\" content=\"article\" \/>\n\t\t<meta property=\"og:title\" content=\"Limpiador aclarante BE PURIFIED\u2122 - MONAT Espa\u00f1a\" \/>\n\t\t<meta property=\"og:description\" content=\"Limpiador aclarante BE PURIFIED\u2122 Un gel limpiador purificante y refrescante con potentes ingredientes bot\u00e1nicos. 120 ml \u212e 4 fl. oz. Precio de venta Cliente00.00 \u20ac Precio Cliente VIP00.00 \u20ac Para conocer m\u00e1s sobre el Limpiador aclarante MONAT BE PURIFIED\u2122, ponte en contacto con tu Market Partner de MONAT. BENEFICIOS Hecho espec\u00edficamente para pieles grasas, nuestra f\u00f3rmula sin\" \/>\n\t\t<meta property=\"og:url\" content=\"https:\/\/monatglobal.com\/es\/skin-clarifying-cleanser\/\" \/>\n\t\t<meta property=\"article:published_time\" content=\"2022-04-19T07:00:45+00:00\" \/>\n\t\t<meta property=\"article:modified_time\" content=\"2026-04-06T16:26:40+00:00\" \/>\n\t\t<meta name=\"twitter:card\" content=\"summary_large_image\" \/>\n\t\t<meta name=\"twitter:title\" content=\"Limpiador aclarante BE PURIFIED\u2122 - MONAT Espa\u00f1a\" \/>\n\t\t<meta name=\"twitter:description\" content=\"Limpiador aclarante BE PURIFIED\u2122 Un gel limpiador purificante y refrescante con potentes ingredientes bot\u00e1nicos. 120 ml \u212e 4 fl. oz. Precio de venta Cliente00.00 \u20ac Precio Cliente VIP00.00 \u20ac Para conocer m\u00e1s sobre el Limpiador aclarante MONAT BE PURIFIED\u2122, ponte en contacto con tu Market Partner de MONAT. BENEFICIOS Hecho espec\u00edficamente para pieles grasas, nuestra f\u00f3rmula sin\" \/>\n\t\t<script type=\"application\/ld+json\" class=\"aioseo-schema\">\n\t\t\t{\"@context\":\"https:\\\/\\\/schema.org\",\"@graph\":[{\"@type\":\"BreadcrumbList\",\"@id\":\"https:\\\/\\\/monatglobal.com\\\/es\\\/skin-clarifying-cleanser\\\/#breadcrumblist\",\"itemListElement\":[{\"@type\":\"ListItem\",\"@id\":\"https:\\\/\\\/monatglobal.com\\\/es#listItem\",\"position\":1,\"name\":\"Home\",\"item\":\"https:\\\/\\\/monatglobal.com\\\/es\",\"nextItem\":{\"@type\":\"ListItem\",\"@id\":\"https:\\\/\\\/monatglobal.com\\\/es\\\/skin-clarifying-cleanser\\\/#listItem\",\"name\":\"Limpiador aclarante BE PURIFIED\\u2122\"}},{\"@type\":\"ListItem\",\"@id\":\"https:\\\/\\\/monatglobal.com\\\/es\\\/skin-clarifying-cleanser\\\/#listItem\",\"position\":2,\"name\":\"Limpiador aclarante BE PURIFIED\\u2122\",\"previousItem\":{\"@type\":\"ListItem\",\"@id\":\"https:\\\/\\\/monatglobal.com\\\/es#listItem\",\"name\":\"Home\"}}]},{\"@type\":\"Organization\",\"@id\":\"https:\\\/\\\/monatglobal.com\\\/es\\\/#organization\",\"name\":\"MONAT Espa\\u00f1a\",\"description\":\"We Are Modern Nature\\u00ae\",\"url\":\"https:\\\/\\\/monatglobal.com\\\/es\\\/\"},{\"@type\":\"WebPage\",\"@id\":\"https:\\\/\\\/monatglobal.com\\\/es\\\/skin-clarifying-cleanser\\\/#webpage\",\"url\":\"https:\\\/\\\/monatglobal.com\\\/es\\\/skin-clarifying-cleanser\\\/\",\"name\":\"Limpiador aclarante BE PURIFIED\\u2122 - MONAT Espa\\u00f1a\",\"description\":\"Limpiador aclarante BE PURIFIED\\u2122 Un gel limpiador purificante y refrescante con potentes ingredientes bot\\u00e1nicos. 120 ml \\u212e 4 fl. oz. Precio de venta Cliente00.00 \\u20ac Precio Cliente VIP00.00 \\u20ac Para conocer m\\u00e1s sobre el Limpiador aclarante MONAT BE PURIFIED\\u2122, ponte en contacto con tu Market Partner de MONAT. BENEFICIOS Hecho espec\\u00edficamente para pieles grasas, nuestra f\\u00f3rmula sin\",\"inLanguage\":\"en-US\",\"isPartOf\":{\"@id\":\"https:\\\/\\\/monatglobal.com\\\/es\\\/#website\"},\"breadcrumb\":{\"@id\":\"https:\\\/\\\/monatglobal.com\\\/es\\\/skin-clarifying-cleanser\\\/#breadcrumblist\"},\"image\":{\"@type\":\"ImageObject\",\"url\":\"https:\\\/\\\/monatglobal.com\\\/es\\\/wp-content\\\/uploads\\\/sites\\\/10\\\/2022\\\/03\\\/be-purifying-creamy-cleanser-ecomm-2022-1.png\",\"@id\":\"https:\\\/\\\/monatglobal.com\\\/es\\\/skin-clarifying-cleanser\\\/#mainImage\",\"width\":641,\"height\":800},\"primaryImageOfPage\":{\"@id\":\"https:\\\/\\\/monatglobal.com\\\/es\\\/skin-clarifying-cleanser\\\/#mainImage\"},\"datePublished\":\"2022-04-19T08:00:45+01:00\",\"dateModified\":\"2026-04-06T17:26:40+01:00\"},{\"@type\":\"WebSite\",\"@id\":\"https:\\\/\\\/monatglobal.com\\\/es\\\/#website\",\"url\":\"https:\\\/\\\/monatglobal.com\\\/es\\\/\",\"name\":\"MONAT Espa\\u00f1a\",\"description\":\"We Are Modern Nature\\u00ae\",\"inLanguage\":\"en-US\",\"publisher\":{\"@id\":\"https:\\\/\\\/monatglobal.com\\\/es\\\/#organization\"}}]}\n\t\t<\/script>\n\t\t<!-- All in One SEO Pro -->\r\n\t\t<title>Limpiador aclarante BE PURIFIED\u2122 - MONAT Espa\u00f1a<\/title>\n\n","aioseo_head_json":{"title":"Limpiador aclarante BE PURIFIED\u2122 - MONAT Espa\u00f1a","description":"Limpiador aclarante BE PURIFIED\u2122 Un gel limpiador purificante y refrescante con potentes ingredientes bot\u00e1nicos. 120 ml \u212e 4 fl. oz. Precio de venta Cliente00.00 \u20ac Precio Cliente VIP00.00 \u20ac Para conocer m\u00e1s sobre el Limpiador aclarante MONAT BE PURIFIED\u2122, ponte en contacto con tu Market Partner de MONAT. BENEFICIOS Hecho espec\u00edficamente para pieles grasas, nuestra f\u00f3rmula sin","canonical_url":"https:\/\/monatglobal.com\/es\/skin-clarifying-cleanser\/","robots":"max-image-preview:large","keywords":"","webmasterTools":{"miscellaneous":""},"schema":{"@context":"https:\/\/schema.org","@graph":[{"@type":"BreadcrumbList","@id":"https:\/\/monatglobal.com\/es\/skin-clarifying-cleanser\/#breadcrumblist","itemListElement":[{"@type":"ListItem","@id":"https:\/\/monatglobal.com\/es#listItem","position":1,"name":"Home","item":"https:\/\/monatglobal.com\/es","nextItem":{"@type":"ListItem","@id":"https:\/\/monatglobal.com\/es\/skin-clarifying-cleanser\/#listItem","name":"Limpiador aclarante BE PURIFIED\u2122"}},{"@type":"ListItem","@id":"https:\/\/monatglobal.com\/es\/skin-clarifying-cleanser\/#listItem","position":2,"name":"Limpiador aclarante BE PURIFIED\u2122","previousItem":{"@type":"ListItem","@id":"https:\/\/monatglobal.com\/es#listItem","name":"Home"}}]},{"@type":"Organization","@id":"https:\/\/monatglobal.com\/es\/#organization","name":"MONAT Espa\u00f1a","description":"We Are Modern Nature\u00ae","url":"https:\/\/monatglobal.com\/es\/"},{"@type":"WebPage","@id":"https:\/\/monatglobal.com\/es\/skin-clarifying-cleanser\/#webpage","url":"https:\/\/monatglobal.com\/es\/skin-clarifying-cleanser\/","name":"Limpiador aclarante BE PURIFIED\u2122 - MONAT Espa\u00f1a","description":"Limpiador aclarante BE PURIFIED\u2122 Un gel limpiador purificante y refrescante con potentes ingredientes bot\u00e1nicos. 120 ml \u212e 4 fl. oz. Precio de venta Cliente00.00 \u20ac Precio Cliente VIP00.00 \u20ac Para conocer m\u00e1s sobre el Limpiador aclarante MONAT BE PURIFIED\u2122, ponte en contacto con tu Market Partner de MONAT. BENEFICIOS Hecho espec\u00edficamente para pieles grasas, nuestra f\u00f3rmula sin","inLanguage":"en-US","isPartOf":{"@id":"https:\/\/monatglobal.com\/es\/#website"},"breadcrumb":{"@id":"https:\/\/monatglobal.com\/es\/skin-clarifying-cleanser\/#breadcrumblist"},"image":{"@type":"ImageObject","url":"https:\/\/monatglobal.com\/es\/wp-content\/uploads\/sites\/10\/2022\/03\/be-purifying-creamy-cleanser-ecomm-2022-1.png","@id":"https:\/\/monatglobal.com\/es\/skin-clarifying-cleanser\/#mainImage","width":641,"height":800},"primaryImageOfPage":{"@id":"https:\/\/monatglobal.com\/es\/skin-clarifying-cleanser\/#mainImage"},"datePublished":"2022-04-19T08:00:45+01:00","dateModified":"2026-04-06T17:26:40+01:00"},{"@type":"WebSite","@id":"https:\/\/monatglobal.com\/es\/#website","url":"https:\/\/monatglobal.com\/es\/","name":"MONAT Espa\u00f1a","description":"We Are Modern Nature\u00ae","inLanguage":"en-US","publisher":{"@id":"https:\/\/monatglobal.com\/es\/#organization"}}]},"og:locale":"en_US","og:site_name":"MONAT Espa\u00f1a - We Are Modern Nature\u00ae","og:type":"article","og:title":"Limpiador aclarante BE PURIFIED\u2122 - MONAT Espa\u00f1a","og:description":"Limpiador aclarante BE PURIFIED\u2122 Un gel limpiador purificante y refrescante con potentes ingredientes bot\u00e1nicos. 120 ml \u212e 4 fl. oz. Precio de venta Cliente00.00 \u20ac Precio Cliente VIP00.00 \u20ac Para conocer m\u00e1s sobre el Limpiador aclarante MONAT BE PURIFIED\u2122, ponte en contacto con tu Market Partner de MONAT. BENEFICIOS Hecho espec\u00edficamente para pieles grasas, nuestra f\u00f3rmula sin","og:url":"https:\/\/monatglobal.com\/es\/skin-clarifying-cleanser\/","article:published_time":"2022-04-19T07:00:45+00:00","article:modified_time":"2026-04-06T16:26:40+00:00","twitter:card":"summary_large_image","twitter:title":"Limpiador aclarante BE PURIFIED\u2122 - MONAT Espa\u00f1a","twitter:description":"Limpiador aclarante BE PURIFIED\u2122 Un gel limpiador purificante y refrescante con potentes ingredientes bot\u00e1nicos. 120 ml \u212e 4 fl. oz. Precio de venta Cliente00.00 \u20ac Precio Cliente VIP00.00 \u20ac Para conocer m\u00e1s sobre el Limpiador aclarante MONAT BE PURIFIED\u2122, ponte en contacto con tu Market Partner de MONAT. BENEFICIOS Hecho espec\u00edficamente para pieles grasas, nuestra f\u00f3rmula sin"},"aioseo_meta_data":{"post_id":"68194","title":null,"description":null,"keywords":null,"keyphrases":{"focus":{"keyphrase":"","score":0,"analysis":{"keyphraseInTitle":{"score":0,"maxScore":9,"error":1}}},"additional":[]},"primary_term":null,"canonical_url":null,"og_title":null,"og_description":null,"og_object_type":"default","og_image_type":"default","og_image_url":null,"og_image_width":null,"og_image_height":null,"og_image_custom_url":null,"og_image_custom_fields":null,"og_video":"","og_custom_url":null,"og_article_section":null,"og_article_tags":null,"twitter_use_og":false,"twitter_card":"default","twitter_image_type":"default","twitter_image_url":null,"twitter_image_custom_url":null,"twitter_image_custom_fields":null,"twitter_title":null,"twitter_description":null,"schema":{"blockGraphs":[],"customGraphs":[],"default":{"data":{"Article":[],"Course":[],"Dataset":[],"FAQPage":[],"Movie":[],"Person":[],"Product":[],"ProductReview":[],"Car":[],"Recipe":[],"Service":[],"SoftwareApplication":[],"WebPage":[]},"graphName":"WebPage","isEnabled":true},"graphs":[]},"schema_type":"default","schema_type_options":null,"pillar_content":false,"robots_default":true,"robots_noindex":false,"robots_noarchive":false,"robots_nosnippet":false,"robots_nofollow":false,"robots_noimageindex":false,"robots_noodp":false,"robots_notranslate":false,"robots_max_snippet":"-1","robots_max_videopreview":"-1","robots_max_imagepreview":"large","priority":null,"frequency":"default","local_seo":null,"seo_analyzer_scan_date":"2026-04-06 17:59:15","limit_modified_date":false,"reviewed_by":null,"open_ai":"{\"title\":{\"suggestions\":[],\"usage\":0},\"description\":{\"suggestions\":[],\"usage\":0}}","ai":null,"created":"2023-07-26 09:30:42","updated":"2026-04-06 17:59:24"},"aioseo_breadcrumb":"<div class=\"aioseo-breadcrumbs\"><span class=\"aioseo-breadcrumb\">\n\t<a href=\"https:\/\/monatglobal.com\/es\" title=\"Home\">Home<\/a>\n<\/span><span class=\"aioseo-breadcrumb-separator\">&raquo;<\/span><span class=\"aioseo-breadcrumb\">\n\tLimpiador aclarante BE PURIFIED\u2122\n<\/span><\/div>","aioseo_breadcrumb_json":[{"label":"Home","link":"https:\/\/monatglobal.com\/es"},{"label":"Limpiador aclarante BE PURIFIED\u2122","link":"https:\/\/monatglobal.com\/es\/skin-clarifying-cleanser\/"}],"_links":{"self":[{"href":"https:\/\/monatglobal.com\/es\/wp-json\/wp\/v2\/pages\/68194","targetHints":{"allow":["GET"]}}],"collection":[{"href":"https:\/\/monatglobal.com\/es\/wp-json\/wp\/v2\/pages"}],"about":[{"href":"https:\/\/monatglobal.com\/es\/wp-json\/wp\/v2\/types\/page"}],"author":[{"embeddable":true,"href":"https:\/\/monatglobal.com\/es\/wp-json\/wp\/v2\/users\/31"}],"replies":[{"embeddable":true,"href":"https:\/\/monatglobal.com\/es\/wp-json\/wp\/v2\/comments?post=68194"}],"version-history":[{"count":29,"href":"https:\/\/monatglobal.com\/es\/wp-json\/wp\/v2\/pages\/68194\/revisions"}],"predecessor-version":[{"id":109304,"href":"https:\/\/monatglobal.com\/es\/wp-json\/wp\/v2\/pages\/68194\/revisions\/109304"}],"wp:featuredmedia":[{"embeddable":true,"href":"https:\/\/monatglobal.com\/es\/wp-json\/wp\/v2\/media\/68195"}],"wp:attachment":[{"href":"https:\/\/monatglobal.com\/es\/wp-json\/wp\/v2\/media?parent=68194"}],"wp:term":[{"taxonomy":"category","embeddable":true,"href":"https:\/\/monatglobal.com\/es\/wp-json\/wp\/v2\/categories?post=68194"},{"taxonomy":"post_tag","embeddable":true,"href":"https:\/\/monatglobal.com\/es\/wp-json\/wp\/v2\/tags?post=68194"}],"curies":[{"name":"wp","href":"https:\/\/api.w.org\/{rel}","templated":true}]}}