{"id":68050,"date":"2022-03-07T09:00:52","date_gmt":"2022-03-07T09:00:52","guid":{"rendered":"https:\/\/monatglobal.com\/es\/?page_id=68050"},"modified":"2026-02-06T17:07:07","modified_gmt":"2026-02-06T17:07:07","slug":"men-face-moisturizer","status":"publish","type":"page","link":"https:\/\/monatglobal.com\/es\/men-face-moisturizer\/","title":{"rendered":"Hidratante facial esencial MONAT FOR MEN\u2122"},"content":{"rendered":"\n\n\t<link rel=\"stylesheet\" href=\"https:\/\/unpkg.com\/swiper\/swiper-bundle.min.css\" \/>\n<link rel=\"stylesheet\" href=\"https:\/\/monatglobal.com\/wp-content\/creative_css\/product_styles_sheet.css\" \/>\n   <!--==================================================== ECOMM SECTION ====================================================-->\n      <!--==================================================== Ecomm image ====================================================-->\n      <img decoding=\"async\" src=\"https:\/\/monatglobal.com\/pl\/wp-content\/uploads\/sites\/9\/2022\/01\/essential-face-moisturizer-ecomm-2022.png\" alt=\"Hidratante facial esencial MONAT FOR MEN\u2122\" loading=\"lazy\"\/>\n      <!--==================================================== Ecomm information  ====================================================-->\n         <h1>Hidratante <br \/>facial esencial<\/h1>\n         <p>MONAT FOR MEN\u2122 <\/p>\n         Un ligero hidratante no graso que aporta hidrataci\u00f3n y ayuda a proteger \n         contra las agresiones&nbsp;medioambientales. \n         <p>50 ml \u212e 1.7 fl. oz.<\/p>\n      <!--==================================================== pricing box  ====================================================-->   \n         <p>Precio de venta Cliente<br \/>00.00 \u20ac<\/p>\n         <p>Precio Cliente VIP<br \/>00.00 \u20ac<\/p>\n       <!--==================================================== pricing box  ====================================================-->  \n         Para conocer m\u00e1s sobre \n            Hidratante facial esencial MONAT FOR MEN\u2122, ponte en contacto con tu Market Partner de&nbsp;MONAT.\n          <a href=\"\" target=\"_blank\" role=\"button\" aria-label=\"\" rel=\"noopener\"><\/a>\n   <!--==================================================== \/ECOMM SECTION  ====================================================-->\n   <!--==================================================== Benefits image ====================================================-->\n  \n    <source media=\"(max-width: 700px)\" srcset=\"https:\/\/monatglobal.com\/pl\/wp-content\/uploads\/sites\/9\/2021\/12\/essential-face-moisturizer-benefits_mobile.jpg\" loading=\"lazy\"\/>\n      <img decoding=\"async\" src=\"https:\/\/monatglobal.com\/pl\/wp-content\/uploads\/sites\/9\/2021\/12\/essential-face-moisturizer-benefits.jpg\" \n      alt=\"\" loading=\"lazy\"\/>\n    \n   <!--==================================================== Benefits text ====================================================-->\n         <h2>BENEFICIOS<\/h2>\n         <h3>Nuestra f\u00f3rmula calmante de r\u00e1pida absorci\u00f3n aporta una experiencia refrescante a la \n         vez que mantiene la piel hidratada durante todo el&nbsp;d\u00eda.<\/h3>\n         <p>Crea un efecto mate reduciendo los brillos y el exceso de&nbsp;aceites.<\/p>\n         <!--==================================================== features image  ====================================================-->\n         <img decoding=\"async\" alt=\"\" src=\"https:\/\/monatglobal.com\/pl\/wp-content\/uploads\/sites\/9\/2021\/12\/essential-face-moisturizer-features_.jpg\" loading=\"lazy\"\/>\n      <!--==================================================== features text ====================================================-->\n            <h3>Caracter\u00edsticas<\/h3>\n               <p>\/ Ayuda a calmar la&nbsp;piel<\/p>\n               <p>\/ Crea un piel m\u00e1s uniforme y&nbsp;suave<\/p>\n               <p>\/ Refresca la piel para un aspecto m\u00e1s suave y&nbsp;tonificante<\/p>\n               <p>\/ Ayuda a mejorar la elasticidad de la&nbsp;piel<\/p>\n               <p>\/ Crea un efecto mate reduciendo los brillos de la&nbsp;piel<\/p>\n               <p>\/ Ideal para hombres con todo tipo de pieles, incluidas las pieles&nbsp;sensibles<\/p>\n               <br \/>\n            <p>Fragrance \/ Unwind and enjoy a coconut-forward, citrusy aroma with notes of blood orange, coconut husk, cashew nut and&nbsp;sandalwood. <\/p>\n            <p> Texture \/ Cream <\/p>\n   <!--==================================================== composition image mobile ====================================================-->\n   <img decoding=\"async\" alt=\"\" src=\"https:\/\/monatglobal.com\/pl\/wp-content\/uploads\/sites\/9\/2021\/12\/essential-face-mousturizer.jpg\" loading=\"lazy\"\/>\n   <!--==================================================== Why it works text ====================================================-->\n      \n      <h3>Creado espec\u00edficamente para la piel de los hombres, esta ligera hidratante hidrata y aporta una\n      experiencia refrescante para conseguir un cutis m\u00e1s uniforme, suave y&nbsp;revitalizado.<\/h3>\n<!--==================================================== Composition section ====================================================-->\n      <img decoding=\"async\" alt=\"\" src=\"https:\/\/monatglobal.com\/pl\/wp-content\/uploads\/sites\/9\/2021\/12\/essential-face-mousturizer.jpg\" loading=\"lazy\"\/>\n      <img decoding=\"async\" alt=\"\" \n      src=\"https:\/\/monatglobal.com\/pl\/wp-content\/uploads\/sites\/9\/2021\/12\/essential-face-moisturizer-composition3.jpg\" loading=\"lazy\"\/>\n            <!--==================================================== Directions text ====================================================--> \n               <h3>Modo de&nbsp;uso<\/h3>\n                    <p>\/ Aplica una peque\u00f1a cantidad del hidratante en las yemas de los&nbsp;dedos. <\/p>\n                    <p>\/ Masajea delicadamente en la piel limpia y&nbsp;seca. <\/p>\n                    <p>\/ Puede usarse tanto por el d\u00eda como por la&nbsp;noche. <\/p>\n                    <p>\/ Como parte de una pr\u00e1ctica sana del cuidado de la piel, recomendamos el uso diario de un factor de protector&nbsp;solar.<\/p>\n            <!--==================================================== Directions video ====================================================-->\n      <p>Be Balanced\u2122 <br \/>Lightweight Moisturizer <br \/>0:35<\/p>\n      <a href=\"\" target=\"_blank\" role=\"button\" aria-label=\"\" rel=\"noopener\"><\/a>\n   <!--==================================================== Ingredients section  ====================================================-->\n      <h2>INGREDIENTES ACTIVOS CLAVE<\/h2>\n      <p>REJUVENIQE S\u2122<\/p>\n      <p>Frutas naturales&nbsp;AHAS<\/p>\n      <p>Niacinamida vitamina&nbsp;B3<\/p>\n      <p>Extracto de semilla de caf\u00e9&nbsp;ar\u00e1bica<\/p>\n      <p>Complejo calmante<\/p>\n        <button id=\"myBtn\" type=\"button\">VER LA LISTA DE INGREDIENTES&nbsp;COMPLETA<\/button>\n      <!--==================================================== Modal content  ====================================================-->\n         &times;\n         Aqua\/Water\/Eau, Cetearyl Alcohol, Glyceryl Stearate SE, Heptyl Undecylenate, Caprylic\/Capric Triglyceride, Cetearyl \n         Glucoside, Butyrospermum Parkii (Shea) Butter, Menthol, Menthone, Niacinamide, Limnanthes Alba (Meadowfoam) Seed Oil, Crambe \n         Abyssinica Seed Oil, Camellia Oleifera Seed Oil, Solanum Lycopersicum (Tomato) Seed Oil, Daucus Carota Sativa (Carrot) Seed Oil, \n         Citrus Limon (Lemon) Peel Oil, Citrus Aurantifolia (Lime) Oil, Citrus Aurantium Bergamia (Bergamot) Fruit Oil, Adansonia Digitata \n         Oil, Mauritia Flexuosa Fruit Oil, Cocos Nucifera (Coconut) Oil, Gardenia Taitensis Flower Extract, Moringa Oleifera Seed Oil, \n         Caryocar Brasiliense Fruit Oil, Helianthus Annuus (Sunflower) Seed Oil, Olea Europaea (Olive) Fruit Oil, Simmondsia Chinensis \n         (Jojoba) Seed Extract, Glycerin, Mangifera Indica (Mango) Pulp Extract, Musa Sapientum (Banana) Pulp Extract, Saccharum Officinarum \n         (Sugarcane) Extract, Glycolic Acid, Caffeine, Coffea Arabica (Coffee) Seed Extract, Lecithin, Bisabolol, Zingiber Officinale (Ginger) \n         Root Extract, Calendula Officinalis Flower Extract, Disodium EDTA- Copper, Benzyl Alcohol, Ethylhexylglycerin, Tocopherol, \n         Fragrance\/Parfum, Alpha-Isomethyl Ionone, Benzyl Benzoate, Citronellol, Coumarin, Limonene, Linalool, Geraniol,&nbsp;Hydroxycitronellal.\n   <!--==================================================== You might also like section ====================================================-->\n      <h2>PUEDE QUE TAMBI\u00c9N TE GUSTE<\/h2>\n      <!--==================================================== Slider YOU MIGHT ALSO LIKE ====================================================-->\n         <!--==================================================== If we need navigation buttons  ====================================================-->\n         <!--==================================================== If we need paginations  ====================================================-->\n    <a href=\"\" aria-label=\"\"><\/a>\n<!--==================================================== this link has to go last for it to work   ====================================================-->\n\n","protected":false},"excerpt":{"rendered":"<p>Hidratante facial esencial MONAT FOR MEN\u2122 Un ligero hidratante no graso que aporta hidrataci\u00f3n y ayuda a proteger contra las agresiones&nbsp;medioambientales. 50 ml \u212e 1.7 fl. oz. Precio de venta Cliente00.00 \u20ac Precio Cliente VIP00.00 \u20ac Para conocer m\u00e1s sobre Hidratante facial esencial MONAT FOR MEN\u2122, ponte en contacto con tu Market Partner de&nbsp;MONAT. BENEFICIOS&hellip;<\/p>\n","protected":false},"author":31,"featured_media":68051,"parent":0,"menu_order":0,"comment_status":"closed","ping_status":"closed","template":"","meta":{"inline_featured_image":false,"om_disable_all_campaigns":false,"_monsterinsights_skip_tracking":false,"_monsterinsights_sitenote_active":false,"_monsterinsights_sitenote_note":"","_monsterinsights_sitenote_category":0,"footnotes":""},"categories":[31],"tags":[],"class_list":["post-68050","page","type-page","status-publish","has-post-thumbnail","hentry","category-product-es"],"aioseo_notices":[],"aioseo_head":"\n\t\t<!-- All in One SEO Pro 4.9.6 - aioseo.com -->\n\t<meta name=\"description\" content=\"Hidratante facial esencial MONAT FOR MEN\u2122 Un ligero hidratante no graso que aporta hidrataci\u00f3n y ayuda a proteger contra las agresiones medioambientales. 50 ml \u212e 1.7 fl. oz. Precio de venta Cliente00.00 \u20ac Precio Cliente VIP00.00 \u20ac Para conocer m\u00e1s sobre Hidratante facial esencial MONAT FOR MEN\u2122, ponte en contacto con tu Market Partner de MONAT. BENEFICIOS\" \/>\n\t<meta name=\"robots\" content=\"max-image-preview:large\" \/>\n\t<link rel=\"canonical\" href=\"https:\/\/monatglobal.com\/es\/men-face-moisturizer\/\" \/>\n\t<meta name=\"generator\" content=\"All in One SEO Pro (AIOSEO) 4.9.6\" \/>\n\t\t<meta property=\"og:locale\" content=\"en_US\" \/>\n\t\t<meta property=\"og:site_name\" content=\"MONAT Espa\u00f1a - We Are Modern Nature\u00ae\" \/>\n\t\t<meta property=\"og:type\" content=\"article\" \/>\n\t\t<meta property=\"og:title\" content=\"Hidratante facial esencial MONAT FOR MEN\u2122 - MONAT Espa\u00f1a\" \/>\n\t\t<meta property=\"og:description\" content=\"Hidratante facial esencial MONAT FOR MEN\u2122 Un ligero hidratante no graso que aporta hidrataci\u00f3n y ayuda a proteger contra las agresiones medioambientales. 50 ml \u212e 1.7 fl. oz. Precio de venta Cliente00.00 \u20ac Precio Cliente VIP00.00 \u20ac Para conocer m\u00e1s sobre Hidratante facial esencial MONAT FOR MEN\u2122, ponte en contacto con tu Market Partner de MONAT. BENEFICIOS\" \/>\n\t\t<meta property=\"og:url\" content=\"https:\/\/monatglobal.com\/es\/men-face-moisturizer\/\" \/>\n\t\t<meta property=\"article:published_time\" content=\"2022-03-07T09:00:52+00:00\" \/>\n\t\t<meta property=\"article:modified_time\" content=\"2026-02-06T17:07:07+00:00\" \/>\n\t\t<meta name=\"twitter:card\" content=\"summary_large_image\" \/>\n\t\t<meta name=\"twitter:title\" content=\"Hidratante facial esencial MONAT FOR MEN\u2122 - MONAT Espa\u00f1a\" \/>\n\t\t<meta name=\"twitter:description\" content=\"Hidratante facial esencial MONAT FOR MEN\u2122 Un ligero hidratante no graso que aporta hidrataci\u00f3n y ayuda a proteger contra las agresiones medioambientales. 50 ml \u212e 1.7 fl. oz. Precio de venta Cliente00.00 \u20ac Precio Cliente VIP00.00 \u20ac Para conocer m\u00e1s sobre Hidratante facial esencial MONAT FOR MEN\u2122, ponte en contacto con tu Market Partner de MONAT. BENEFICIOS\" \/>\n\t\t<script type=\"application\/ld+json\" class=\"aioseo-schema\">\n\t\t\t{\"@context\":\"https:\\\/\\\/schema.org\",\"@graph\":[{\"@type\":\"BreadcrumbList\",\"@id\":\"https:\\\/\\\/monatglobal.com\\\/es\\\/men-face-moisturizer\\\/#breadcrumblist\",\"itemListElement\":[{\"@type\":\"ListItem\",\"@id\":\"https:\\\/\\\/monatglobal.com\\\/es#listItem\",\"position\":1,\"name\":\"Home\",\"item\":\"https:\\\/\\\/monatglobal.com\\\/es\",\"nextItem\":{\"@type\":\"ListItem\",\"@id\":\"https:\\\/\\\/monatglobal.com\\\/es\\\/men-face-moisturizer\\\/#listItem\",\"name\":\"Hidratante facial esencial MONAT FOR MEN\\u2122\"}},{\"@type\":\"ListItem\",\"@id\":\"https:\\\/\\\/monatglobal.com\\\/es\\\/men-face-moisturizer\\\/#listItem\",\"position\":2,\"name\":\"Hidratante facial esencial MONAT FOR MEN\\u2122\",\"previousItem\":{\"@type\":\"ListItem\",\"@id\":\"https:\\\/\\\/monatglobal.com\\\/es#listItem\",\"name\":\"Home\"}}]},{\"@type\":\"Organization\",\"@id\":\"https:\\\/\\\/monatglobal.com\\\/es\\\/#organization\",\"name\":\"MONAT Espa\\u00f1a\",\"description\":\"We Are Modern Nature\\u00ae\",\"url\":\"https:\\\/\\\/monatglobal.com\\\/es\\\/\"},{\"@type\":\"WebPage\",\"@id\":\"https:\\\/\\\/monatglobal.com\\\/es\\\/men-face-moisturizer\\\/#webpage\",\"url\":\"https:\\\/\\\/monatglobal.com\\\/es\\\/men-face-moisturizer\\\/\",\"name\":\"Hidratante facial esencial MONAT FOR MEN\\u2122 - MONAT Espa\\u00f1a\",\"description\":\"Hidratante facial esencial MONAT FOR MEN\\u2122 Un ligero hidratante no graso que aporta hidrataci\\u00f3n y ayuda a proteger contra las agresiones medioambientales. 50 ml \\u212e 1.7 fl. oz. Precio de venta Cliente00.00 \\u20ac Precio Cliente VIP00.00 \\u20ac Para conocer m\\u00e1s sobre Hidratante facial esencial MONAT FOR MEN\\u2122, ponte en contacto con tu Market Partner de MONAT. BENEFICIOS\",\"inLanguage\":\"en-US\",\"isPartOf\":{\"@id\":\"https:\\\/\\\/monatglobal.com\\\/es\\\/#website\"},\"breadcrumb\":{\"@id\":\"https:\\\/\\\/monatglobal.com\\\/es\\\/men-face-moisturizer\\\/#breadcrumblist\"},\"image\":{\"@type\":\"ImageObject\",\"url\":\"https:\\\/\\\/monatglobal.com\\\/es\\\/wp-content\\\/uploads\\\/sites\\\/10\\\/2022\\\/02\\\/MB-ESSENTIAL-FACE-MOISTURIZER-1.7oz_eccom-1.png\",\"@id\":\"https:\\\/\\\/monatglobal.com\\\/es\\\/men-face-moisturizer\\\/#mainImage\",\"width\":618,\"height\":706},\"primaryImageOfPage\":{\"@id\":\"https:\\\/\\\/monatglobal.com\\\/es\\\/men-face-moisturizer\\\/#mainImage\"},\"datePublished\":\"2022-03-07T09:00:52+00:00\",\"dateModified\":\"2026-02-06T17:07:07+00:00\"},{\"@type\":\"WebSite\",\"@id\":\"https:\\\/\\\/monatglobal.com\\\/es\\\/#website\",\"url\":\"https:\\\/\\\/monatglobal.com\\\/es\\\/\",\"name\":\"MONAT Espa\\u00f1a\",\"description\":\"We Are Modern Nature\\u00ae\",\"inLanguage\":\"en-US\",\"publisher\":{\"@id\":\"https:\\\/\\\/monatglobal.com\\\/es\\\/#organization\"}}]}\n\t\t<\/script>\n\t\t<!-- All in One SEO Pro -->\r\n\t\t<title>Hidratante facial esencial MONAT FOR MEN\u2122 - MONAT Espa\u00f1a<\/title>\n\n","aioseo_head_json":{"title":"Hidratante facial esencial MONAT FOR MEN\u2122 - MONAT Espa\u00f1a","description":"Hidratante facial esencial MONAT FOR MEN\u2122 Un ligero hidratante no graso que aporta hidrataci\u00f3n y ayuda a proteger contra las agresiones medioambientales. 50 ml \u212e 1.7 fl. oz. Precio de venta Cliente00.00 \u20ac Precio Cliente VIP00.00 \u20ac Para conocer m\u00e1s sobre Hidratante facial esencial MONAT FOR MEN\u2122, ponte en contacto con tu Market Partner de MONAT. BENEFICIOS","canonical_url":"https:\/\/monatglobal.com\/es\/men-face-moisturizer\/","robots":"max-image-preview:large","keywords":"","webmasterTools":{"miscellaneous":""},"schema":{"@context":"https:\/\/schema.org","@graph":[{"@type":"BreadcrumbList","@id":"https:\/\/monatglobal.com\/es\/men-face-moisturizer\/#breadcrumblist","itemListElement":[{"@type":"ListItem","@id":"https:\/\/monatglobal.com\/es#listItem","position":1,"name":"Home","item":"https:\/\/monatglobal.com\/es","nextItem":{"@type":"ListItem","@id":"https:\/\/monatglobal.com\/es\/men-face-moisturizer\/#listItem","name":"Hidratante facial esencial MONAT FOR MEN\u2122"}},{"@type":"ListItem","@id":"https:\/\/monatglobal.com\/es\/men-face-moisturizer\/#listItem","position":2,"name":"Hidratante facial esencial MONAT FOR MEN\u2122","previousItem":{"@type":"ListItem","@id":"https:\/\/monatglobal.com\/es#listItem","name":"Home"}}]},{"@type":"Organization","@id":"https:\/\/monatglobal.com\/es\/#organization","name":"MONAT Espa\u00f1a","description":"We Are Modern Nature\u00ae","url":"https:\/\/monatglobal.com\/es\/"},{"@type":"WebPage","@id":"https:\/\/monatglobal.com\/es\/men-face-moisturizer\/#webpage","url":"https:\/\/monatglobal.com\/es\/men-face-moisturizer\/","name":"Hidratante facial esencial MONAT FOR MEN\u2122 - MONAT Espa\u00f1a","description":"Hidratante facial esencial MONAT FOR MEN\u2122 Un ligero hidratante no graso que aporta hidrataci\u00f3n y ayuda a proteger contra las agresiones medioambientales. 50 ml \u212e 1.7 fl. oz. Precio de venta Cliente00.00 \u20ac Precio Cliente VIP00.00 \u20ac Para conocer m\u00e1s sobre Hidratante facial esencial MONAT FOR MEN\u2122, ponte en contacto con tu Market Partner de MONAT. BENEFICIOS","inLanguage":"en-US","isPartOf":{"@id":"https:\/\/monatglobal.com\/es\/#website"},"breadcrumb":{"@id":"https:\/\/monatglobal.com\/es\/men-face-moisturizer\/#breadcrumblist"},"image":{"@type":"ImageObject","url":"https:\/\/monatglobal.com\/es\/wp-content\/uploads\/sites\/10\/2022\/02\/MB-ESSENTIAL-FACE-MOISTURIZER-1.7oz_eccom-1.png","@id":"https:\/\/monatglobal.com\/es\/men-face-moisturizer\/#mainImage","width":618,"height":706},"primaryImageOfPage":{"@id":"https:\/\/monatglobal.com\/es\/men-face-moisturizer\/#mainImage"},"datePublished":"2022-03-07T09:00:52+00:00","dateModified":"2026-02-06T17:07:07+00:00"},{"@type":"WebSite","@id":"https:\/\/monatglobal.com\/es\/#website","url":"https:\/\/monatglobal.com\/es\/","name":"MONAT Espa\u00f1a","description":"We Are Modern Nature\u00ae","inLanguage":"en-US","publisher":{"@id":"https:\/\/monatglobal.com\/es\/#organization"}}]},"og:locale":"en_US","og:site_name":"MONAT Espa\u00f1a - We Are Modern Nature\u00ae","og:type":"article","og:title":"Hidratante facial esencial MONAT FOR MEN\u2122 - MONAT Espa\u00f1a","og:description":"Hidratante facial esencial MONAT FOR MEN\u2122 Un ligero hidratante no graso que aporta hidrataci\u00f3n y ayuda a proteger contra las agresiones medioambientales. 50 ml \u212e 1.7 fl. oz. Precio de venta Cliente00.00 \u20ac Precio Cliente VIP00.00 \u20ac Para conocer m\u00e1s sobre Hidratante facial esencial MONAT FOR MEN\u2122, ponte en contacto con tu Market Partner de MONAT. BENEFICIOS","og:url":"https:\/\/monatglobal.com\/es\/men-face-moisturizer\/","article:published_time":"2022-03-07T09:00:52+00:00","article:modified_time":"2026-02-06T17:07:07+00:00","twitter:card":"summary_large_image","twitter:title":"Hidratante facial esencial MONAT FOR MEN\u2122 - MONAT Espa\u00f1a","twitter:description":"Hidratante facial esencial MONAT FOR MEN\u2122 Un ligero hidratante no graso que aporta hidrataci\u00f3n y ayuda a proteger contra las agresiones medioambientales. 50 ml \u212e 1.7 fl. oz. Precio de venta Cliente00.00 \u20ac Precio Cliente VIP00.00 \u20ac Para conocer m\u00e1s sobre Hidratante facial esencial MONAT FOR MEN\u2122, ponte en contacto con tu Market Partner de MONAT. BENEFICIOS"},"aioseo_meta_data":{"post_id":"68050","title":null,"description":null,"keywords":null,"keyphrases":null,"primary_term":null,"canonical_url":null,"og_title":null,"og_description":null,"og_object_type":"default","og_image_type":"default","og_image_url":null,"og_image_width":null,"og_image_height":null,"og_image_custom_url":null,"og_image_custom_fields":null,"og_video":null,"og_custom_url":null,"og_article_section":null,"og_article_tags":null,"twitter_use_og":false,"twitter_card":"default","twitter_image_type":"default","twitter_image_url":null,"twitter_image_custom_url":null,"twitter_image_custom_fields":null,"twitter_title":null,"twitter_description":null,"schema":{"blockGraphs":[],"customGraphs":[],"default":{"data":{"Article":[],"Course":[],"Dataset":[],"FAQPage":[],"Movie":[],"Person":[],"Product":[],"ProductReview":[],"Car":[],"Recipe":[],"Service":[],"SoftwareApplication":[],"WebPage":[]},"graphName":"WebPage","isEnabled":true},"graphs":[]},"schema_type":"default","schema_type_options":null,"pillar_content":false,"robots_default":true,"robots_noindex":false,"robots_noarchive":false,"robots_nosnippet":false,"robots_nofollow":false,"robots_noimageindex":false,"robots_noodp":false,"robots_notranslate":false,"robots_max_snippet":null,"robots_max_videopreview":null,"robots_max_imagepreview":"large","priority":null,"frequency":null,"local_seo":null,"seo_analyzer_scan_date":"2025-08-14 17:57:54","limit_modified_date":false,"reviewed_by":null,"open_ai":null,"ai":null,"created":"2023-07-26 09:29:34","updated":"2026-02-10 05:23:57"},"aioseo_breadcrumb":"<div class=\"aioseo-breadcrumbs\"><span class=\"aioseo-breadcrumb\">\n\t<a href=\"https:\/\/monatglobal.com\/es\" title=\"Home\">Home<\/a>\n<\/span><span class=\"aioseo-breadcrumb-separator\">&raquo;<\/span><span class=\"aioseo-breadcrumb\">\n\tHidratante facial esencial MONAT FOR MEN\u2122\n<\/span><\/div>","aioseo_breadcrumb_json":[{"label":"Home","link":"https:\/\/monatglobal.com\/es"},{"label":"Hidratante facial esencial MONAT FOR MEN\u2122","link":"https:\/\/monatglobal.com\/es\/men-face-moisturizer\/"}],"_links":{"self":[{"href":"https:\/\/monatglobal.com\/es\/wp-json\/wp\/v2\/pages\/68050","targetHints":{"allow":["GET"]}}],"collection":[{"href":"https:\/\/monatglobal.com\/es\/wp-json\/wp\/v2\/pages"}],"about":[{"href":"https:\/\/monatglobal.com\/es\/wp-json\/wp\/v2\/types\/page"}],"author":[{"embeddable":true,"href":"https:\/\/monatglobal.com\/es\/wp-json\/wp\/v2\/users\/31"}],"replies":[{"embeddable":true,"href":"https:\/\/monatglobal.com\/es\/wp-json\/wp\/v2\/comments?post=68050"}],"version-history":[{"count":22,"href":"https:\/\/monatglobal.com\/es\/wp-json\/wp\/v2\/pages\/68050\/revisions"}],"predecessor-version":[{"id":109011,"href":"https:\/\/monatglobal.com\/es\/wp-json\/wp\/v2\/pages\/68050\/revisions\/109011"}],"wp:featuredmedia":[{"embeddable":true,"href":"https:\/\/monatglobal.com\/es\/wp-json\/wp\/v2\/media\/68051"}],"wp:attachment":[{"href":"https:\/\/monatglobal.com\/es\/wp-json\/wp\/v2\/media?parent=68050"}],"wp:term":[{"taxonomy":"category","embeddable":true,"href":"https:\/\/monatglobal.com\/es\/wp-json\/wp\/v2\/categories?post=68050"},{"taxonomy":"post_tag","embeddable":true,"href":"https:\/\/monatglobal.com\/es\/wp-json\/wp\/v2\/tags?post=68050"}],"curies":[{"name":"wp","href":"https:\/\/api.w.org\/{rel}","templated":true}]}}