{"id":68024,"date":"2022-02-28T09:00:02","date_gmt":"2022-02-28T09:00:02","guid":{"rendered":"https:\/\/monatglobal.com\/es\/?page_id=68024"},"modified":"2026-02-23T20:25:20","modified_gmt":"2026-02-23T20:25:20","slug":"monat-junior-gentle-detangler","status":"publish","type":"page","link":"https:\/\/monatglobal.com\/es\/monat-junior-gentle-detangler\/","title":{"rendered":"DESENREDANTE SUAVE MONAT Junior\u2122"},"content":{"rendered":"\n<link rel=\"stylesheet\" href=\"https:\/\/unpkg.com\/swiper\/swiper-bundle.min.css\">\n<link rel=\"stylesheet\" href=\"https:\/\/monatglobal.com\/wp-content\/creative_css\/product_styles_sheet.css\">\n   <!--==================================================== ECOMM SECTION ====================================================-->\n      <!--==================================================== Ecomm image ====================================================-->\n      <img decoding=\"async\" src=\"https:\/\/monatglobal.com\/wp-content\/uploads\/2021\/10\/MONAT-JUNIOR-Gentle-Detangler-ecomm.png\" alt=\"DESENREDANTE SUAVE MONAT Junior\u2122\" loading=\"lazy\">\n      <!--==================================================== Ecomm information  ====================================================-->\n         <h1>Desenredante <br>suave<\/h1>\n         <p>MONAT JUNIOR\u2122<\/p>\n         <p>\u00a1Gana la batalla contra los nudos y enredos del cabello, incluso antes de que&nbsp;aparezca!<\/p>\n         <p>177 ml \u212e 6 fl. oz.<\/p>\n       <!--==================================================== pricing box  ====================================================-->\n               <p>Precio cliente<br>00.00 \u20ac<\/p>\n               <p>Precio cliente VIP<br>00.00 \u20ac<\/p>\n        <!--==================================================== pricing box  ====================================================--> \n         Para saber m\u00e1s sobre el Desenredante suave MONAT Junior\u2122, \n         ponte en contacto con tu Market Partner de&nbsp;MONAT.\n          <a href=\"\" target=\"_blank\" role=\"button\" aria-label=\"\" rel=\"noopener\"><\/a>\n   <!--==================================================== \/ECOMM SECTION  ====================================================-->\n   <!--==================================================== Benefits image ====================================================-->\n   \n      <source media=\"(max-width: 700px)\" srcset=\"https:\/\/monatglobal.com\/wp-content\/uploads\/2021\/10\/MONAT-JUNIOR-Gentle-Detangler-benefits-mobile.jpg\" loading=\"lazy\">\n      <img decoding=\"async\" alt=\"\" src=\"https:\/\/monatglobal.com\/wp-content\/uploads\/2021\/10\/MONAT-JUNIOR-Gentle-Detangler-benefits.jpg\" loading=\"lazy\">\n   \n   <!--==================================================== Benefits text ====================================================-->\n         <h2>BENEFICIOS<\/h2>\n         <h3>Un desenredante para el cabello que ayuda a los padres a ganar la batalla contra los&nbsp;nudos.<\/h3>\n         Tambi\u00e9n funciona bien en adultos con cabellos finos que se enredan f\u00e1cilmente. El Champ\u00fa suave MONAT Junior\u2122 contiene una \n         f\u00f3rmula desarrollada para ni\u00f1os que no provoca irritaci\u00f3n en los ojos, es segura y suave. Probado dermatol\u00f3gica y&nbsp;oftalmol\u00f3gicamente. \n         <!--==================================================== features image  ====================================================-->\n         <img decoding=\"async\" alt=\"\" src=\"https:\/\/monatglobal.com\/wp-content\/uploads\/2021\/10\/MONAT-JUNIOR-Gentle-Detangler-features.jpg\" loading=\"lazy\">\n      <!--==================================================== features text ====================================================-->\n            <h3>De un&nbsp;vistazo:<\/h3>\n               <p>\/ Formula segura y delicada desarrollada para los&nbsp;ni\u00f1os<\/p>\n               <p>\/ No provoca irritaci\u00f3n en los&nbsp;ojos<\/p>\n               <p>\/ Para mejores resultados, usar despu\u00e9s del Acondicionador suave MONAT&nbsp;Junior\u2122<\/p>\n               <br>\n            <p>Fragrance \/ Peony and Pink Pepper<\/p>\n            <p> Texture \/ Lightweight Gel<\/p>\n   <!--==================================================== composition image mobile ====================================================-->\n   <img decoding=\"async\" alt=\"\" src=\"https:\/\/monatglobal.com\/wp-content\/uploads\/2021\/10\/MONAT-JUNIOR-Gentle-Detangler-composition1.jpg\" loading=\"lazy\">\n   <!--==================================================== Why it works text ====================================================-->\n      <h2>El Mamut melena m\u00e1gica ganar\u00e1 a esos&nbsp;nudos.<\/h2>\n      <h3>Mam\u00e1s y pap\u00e1s: \u00a1os hemos o\u00eddo! Os hab\u00e9is enfrentado a la batalla del peinado m\u00e1s veces \n      de la que os gustar\u00eda&nbsp;admitir.<\/h3>\n      No os preocup\u00e9is; podemos ayudaros. Hemos dise\u00f1ado un desenredante que ha sido testado dermatol\u00f3gica y oftalmol\u00f3gicamente, \n      y es perfecto para todo tipo de cabellos y texturas. Simplemente pulveriza en el cabello seco o mojado y cepilla para una \n      suavidad y un brillo&nbsp;preciosos. \n<!--==================================================== Composition section ====================================================-->\n      <img decoding=\"async\" alt=\"\" src=\"https:\/\/monatglobal.com\/wp-content\/uploads\/2021\/10\/MONAT-JUNIOR-Gentle-Detangler-composition1.jpg\" loading=\"lazy\">\n      <img decoding=\"async\" alt=\"\" src=\"https:\/\/monatglobal.com\/wp-content\/uploads\/2021\/10\/MONAT-JUNIOR-Gentle-Detangler-composition3.jpg\" loading=\"lazy\">\n            <!--==================================================== Directions text ====================================================--> \n               <h3>Instrucciones de&nbsp;uso<\/h3>\n               <p>\/ Usar despu\u00e9s del Acondicionador suave MONAT&nbsp;Junior\u2122.<\/p>\n               <p>\/ Pulverizar sobre el cabello h\u00famedo seg\u00fan se&nbsp;requiera.<\/p>\n               <p>\/ Cepillar.<\/p>\n            <!--==================================================== Directions video ====================================================-->\n      <p>MONAT Junior\u2122 <br>Gentle Detangler<br>1:34<\/p>\n      <a href=\"\" target=\"_blank\" role=\"button\" aria-label=\"\" rel=\"noopener\"><\/a>\n   <!--==================================================== Ingredients section  ====================================================-->\n      <h2>INGREDIENTES PRINCIPALES<\/h2>\n               <p>Aceite de&nbsp;oliva<\/p>\n               <p>Escaramujo<\/p>\n               <p>T\u00e9 verde<\/p>\n               <p>Manzanilla<\/p>\n        <button id=\"myBtn\" type=\"button\">LISTA DE INGREDIENTES<\/button>\n      <!--==================================================== Modal content  ====================================================-->\n         \u00d7\n         Water, Propanediol, Isoamyl Laurate, Cetearyl Alcohol, Chamomilla Recutita (Matricaria) Leaf Extract, Camellia Sinensis Leaf Extract, \n         Rosa Canina Fruit Extract, Olea Europaea (Olive) Fruit Oil, Glycerin, Tocopherol, Sodium Phytate, Behentrimonium Chloride, Stearamidopropyl Dimethylamine, \n         Fragrance, Benzyl Alcohol,&nbsp;Ethylhexylglycerin.\n   <!--==================================================== You might also like section ====================================================-->\n      <h2>PUEDE QUE TAMBI\u00c9N TE GUSTE<\/h2>\n      <!--==================================================== Slider YOU MIGHT ALSO LIKE ====================================================-->\n         <!--==================================================== If we need navigation buttons  ====================================================-->\n         <!--==================================================== If we need paginations  ====================================================-->\n    <a href=\"\" aria-label=\"\"><\/a>\n<!--==================================================== this link has to go last for it to work   ====================================================-->\n","protected":false},"excerpt":{"rendered":"<p>Desenredante suave MONAT JUNIOR\u2122 \u00a1Gana la batalla contra los nudos y enredos del cabello, incluso antes de que&nbsp;aparezca! 177 ml \u212e 6 fl. oz. Precio cliente00.00 \u20ac Precio cliente VIP00.00 \u20ac Para saber m\u00e1s sobre el Desenredante suave MONAT Junior\u2122, ponte en contacto con tu Market Partner de&nbsp;MONAT. BENEFICIOS Un desenredante para el cabello que&hellip;<\/p>\n","protected":false},"author":31,"featured_media":68025,"parent":0,"menu_order":0,"comment_status":"closed","ping_status":"closed","template":"","meta":{"inline_featured_image":false,"om_disable_all_campaigns":false,"_monsterinsights_skip_tracking":false,"_monsterinsights_sitenote_active":false,"_monsterinsights_sitenote_note":"","_monsterinsights_sitenote_category":0,"footnotes":""},"categories":[31],"tags":[],"class_list":["post-68024","page","type-page","status-publish","has-post-thumbnail","hentry","category-product-es"],"aioseo_notices":[],"aioseo_head":"\n\t\t<!-- All in One SEO Pro 4.9.5.2 - aioseo.com -->\n\t<meta name=\"description\" content=\"Desenredante suave MONAT JUNIOR\u2122 \u00a1Gana la batalla contra los nudos y enredos del cabello, incluso antes de que aparezca! 177 ml \u212e 6 fl. oz. Precio cliente00.00 \u20ac Precio cliente VIP00.00 \u20ac Para saber m\u00e1s sobre el Desenredante suave MONAT Junior\u2122, ponte en contacto con tu Market Partner de MONAT. BENEFICIOS Un desenredante para el cabello que\" \/>\n\t<meta name=\"robots\" content=\"max-image-preview:large\" \/>\n\t<link rel=\"canonical\" href=\"https:\/\/monatglobal.com\/es\/monat-junior-gentle-detangler\/\" \/>\n\t<meta name=\"generator\" content=\"All in One SEO Pro (AIOSEO) 4.9.5.2\" \/>\n\t\t<meta property=\"og:locale\" content=\"en_US\" \/>\n\t\t<meta property=\"og:site_name\" content=\"MONAT Espa\u00f1a - We Are Modern Nature\u00ae\" \/>\n\t\t<meta property=\"og:type\" content=\"article\" \/>\n\t\t<meta property=\"og:title\" content=\"DESENREDANTE SUAVE MONAT Junior\u2122\" \/>\n\t\t<meta property=\"og:description\" content=\"Desenredante suave MONAT JUNIOR\u2122 \u00a1Gana la batalla contra los nudos y enredos del cabello, incluso antes de que aparezca! 177 ml \u212e 6 fl. oz. Precio cliente00.00 \u20ac Precio cliente VIP00.00 \u20ac Para saber m\u00e1s sobre el Desenredante suave MONAT Junior\u2122, ponte en contacto con tu Market Partner de MONAT. BENEFICIOS Un desenredante para el cabello que\" \/>\n\t\t<meta property=\"og:url\" content=\"https:\/\/monatglobal.com\/es\/monat-junior-gentle-detangler\/\" \/>\n\t\t<meta property=\"article:published_time\" content=\"2022-02-28T09:00:02+00:00\" \/>\n\t\t<meta property=\"article:modified_time\" content=\"2026-02-23T20:25:20+00:00\" \/>\n\t\t<meta name=\"twitter:card\" content=\"summary_large_image\" \/>\n\t\t<meta name=\"twitter:title\" content=\"DESENREDANTE SUAVE MONAT Junior\u2122\" \/>\n\t\t<meta name=\"twitter:description\" content=\"Desenredante suave MONAT JUNIOR\u2122 \u00a1Gana la batalla contra los nudos y enredos del cabello, incluso antes de que aparezca! 177 ml \u212e 6 fl. oz. Precio cliente00.00 \u20ac Precio cliente VIP00.00 \u20ac Para saber m\u00e1s sobre el Desenredante suave MONAT Junior\u2122, ponte en contacto con tu Market Partner de MONAT. BENEFICIOS Un desenredante para el cabello que\" \/>\n\t\t<script type=\"application\/ld+json\" class=\"aioseo-schema\">\n\t\t\t{\"@context\":\"https:\\\/\\\/schema.org\",\"@graph\":[{\"@type\":\"BreadcrumbList\",\"@id\":\"https:\\\/\\\/monatglobal.com\\\/es\\\/monat-junior-gentle-detangler\\\/#breadcrumblist\",\"itemListElement\":[{\"@type\":\"ListItem\",\"@id\":\"https:\\\/\\\/monatglobal.com\\\/es#listItem\",\"position\":1,\"name\":\"Home\",\"item\":\"https:\\\/\\\/monatglobal.com\\\/es\",\"nextItem\":{\"@type\":\"ListItem\",\"@id\":\"https:\\\/\\\/monatglobal.com\\\/es\\\/monat-junior-gentle-detangler\\\/#listItem\",\"name\":\"DESENREDANTE SUAVE MONAT Junior\\u2122\"}},{\"@type\":\"ListItem\",\"@id\":\"https:\\\/\\\/monatglobal.com\\\/es\\\/monat-junior-gentle-detangler\\\/#listItem\",\"position\":2,\"name\":\"DESENREDANTE SUAVE MONAT Junior\\u2122\",\"previousItem\":{\"@type\":\"ListItem\",\"@id\":\"https:\\\/\\\/monatglobal.com\\\/es#listItem\",\"name\":\"Home\"}}]},{\"@type\":\"Organization\",\"@id\":\"https:\\\/\\\/monatglobal.com\\\/es\\\/#organization\",\"name\":\"MONAT Espa\\u00f1a\",\"description\":\"We Are Modern Nature\\u00ae\",\"url\":\"https:\\\/\\\/monatglobal.com\\\/es\\\/\"},{\"@type\":\"WebPage\",\"@id\":\"https:\\\/\\\/monatglobal.com\\\/es\\\/monat-junior-gentle-detangler\\\/#webpage\",\"url\":\"https:\\\/\\\/monatglobal.com\\\/es\\\/monat-junior-gentle-detangler\\\/\",\"name\":\"DESENREDANTE SUAVE MONAT Junior\\u2122\",\"description\":\"Desenredante suave MONAT JUNIOR\\u2122 \\u00a1Gana la batalla contra los nudos y enredos del cabello, incluso antes de que aparezca! 177 ml \\u212e 6 fl. oz. Precio cliente00.00 \\u20ac Precio cliente VIP00.00 \\u20ac Para saber m\\u00e1s sobre el Desenredante suave MONAT Junior\\u2122, ponte en contacto con tu Market Partner de MONAT. BENEFICIOS Un desenredante para el cabello que\",\"inLanguage\":\"en-US\",\"isPartOf\":{\"@id\":\"https:\\\/\\\/monatglobal.com\\\/es\\\/#website\"},\"breadcrumb\":{\"@id\":\"https:\\\/\\\/monatglobal.com\\\/es\\\/monat-junior-gentle-detangler\\\/#breadcrumblist\"},\"image\":{\"@type\":\"ImageObject\",\"url\":\"https:\\\/\\\/monatglobal.com\\\/es\\\/wp-content\\\/uploads\\\/sites\\\/10\\\/2022\\\/02\\\/MONAT-JUNIOR-Gentle-Detangler-ecomm-1.png\",\"@id\":\"https:\\\/\\\/monatglobal.com\\\/es\\\/monat-junior-gentle-detangler\\\/#mainImage\",\"width\":641,\"height\":800},\"primaryImageOfPage\":{\"@id\":\"https:\\\/\\\/monatglobal.com\\\/es\\\/monat-junior-gentle-detangler\\\/#mainImage\"},\"datePublished\":\"2022-02-28T09:00:02+00:00\",\"dateModified\":\"2026-02-23T20:25:20+00:00\"},{\"@type\":\"WebSite\",\"@id\":\"https:\\\/\\\/monatglobal.com\\\/es\\\/#website\",\"url\":\"https:\\\/\\\/monatglobal.com\\\/es\\\/\",\"name\":\"MONAT Espa\\u00f1a\",\"description\":\"We Are Modern Nature\\u00ae\",\"inLanguage\":\"en-US\",\"publisher\":{\"@id\":\"https:\\\/\\\/monatglobal.com\\\/es\\\/#organization\"}}]}\n\t\t<\/script>\n\t\t<!-- All in One SEO Pro -->\r\n\t\t<title>DESENREDANTE SUAVE MONAT Junior\u2122<\/title>\n\n","aioseo_head_json":{"title":"DESENREDANTE SUAVE MONAT Junior\u2122","description":"Desenredante suave MONAT JUNIOR\u2122 \u00a1Gana la batalla contra los nudos y enredos del cabello, incluso antes de que aparezca! 177 ml \u212e 6 fl. oz. Precio cliente00.00 \u20ac Precio cliente VIP00.00 \u20ac Para saber m\u00e1s sobre el Desenredante suave MONAT Junior\u2122, ponte en contacto con tu Market Partner de MONAT. BENEFICIOS Un desenredante para el cabello que","canonical_url":"https:\/\/monatglobal.com\/es\/monat-junior-gentle-detangler\/","robots":"max-image-preview:large","keywords":"","webmasterTools":{"miscellaneous":""},"schema":{"@context":"https:\/\/schema.org","@graph":[{"@type":"BreadcrumbList","@id":"https:\/\/monatglobal.com\/es\/monat-junior-gentle-detangler\/#breadcrumblist","itemListElement":[{"@type":"ListItem","@id":"https:\/\/monatglobal.com\/es#listItem","position":1,"name":"Home","item":"https:\/\/monatglobal.com\/es","nextItem":{"@type":"ListItem","@id":"https:\/\/monatglobal.com\/es\/monat-junior-gentle-detangler\/#listItem","name":"DESENREDANTE SUAVE MONAT Junior\u2122"}},{"@type":"ListItem","@id":"https:\/\/monatglobal.com\/es\/monat-junior-gentle-detangler\/#listItem","position":2,"name":"DESENREDANTE SUAVE MONAT Junior\u2122","previousItem":{"@type":"ListItem","@id":"https:\/\/monatglobal.com\/es#listItem","name":"Home"}}]},{"@type":"Organization","@id":"https:\/\/monatglobal.com\/es\/#organization","name":"MONAT Espa\u00f1a","description":"We Are Modern Nature\u00ae","url":"https:\/\/monatglobal.com\/es\/"},{"@type":"WebPage","@id":"https:\/\/monatglobal.com\/es\/monat-junior-gentle-detangler\/#webpage","url":"https:\/\/monatglobal.com\/es\/monat-junior-gentle-detangler\/","name":"DESENREDANTE SUAVE MONAT Junior\u2122","description":"Desenredante suave MONAT JUNIOR\u2122 \u00a1Gana la batalla contra los nudos y enredos del cabello, incluso antes de que aparezca! 177 ml \u212e 6 fl. oz. Precio cliente00.00 \u20ac Precio cliente VIP00.00 \u20ac Para saber m\u00e1s sobre el Desenredante suave MONAT Junior\u2122, ponte en contacto con tu Market Partner de MONAT. BENEFICIOS Un desenredante para el cabello que","inLanguage":"en-US","isPartOf":{"@id":"https:\/\/monatglobal.com\/es\/#website"},"breadcrumb":{"@id":"https:\/\/monatglobal.com\/es\/monat-junior-gentle-detangler\/#breadcrumblist"},"image":{"@type":"ImageObject","url":"https:\/\/monatglobal.com\/es\/wp-content\/uploads\/sites\/10\/2022\/02\/MONAT-JUNIOR-Gentle-Detangler-ecomm-1.png","@id":"https:\/\/monatglobal.com\/es\/monat-junior-gentle-detangler\/#mainImage","width":641,"height":800},"primaryImageOfPage":{"@id":"https:\/\/monatglobal.com\/es\/monat-junior-gentle-detangler\/#mainImage"},"datePublished":"2022-02-28T09:00:02+00:00","dateModified":"2026-02-23T20:25:20+00:00"},{"@type":"WebSite","@id":"https:\/\/monatglobal.com\/es\/#website","url":"https:\/\/monatglobal.com\/es\/","name":"MONAT Espa\u00f1a","description":"We Are Modern Nature\u00ae","inLanguage":"en-US","publisher":{"@id":"https:\/\/monatglobal.com\/es\/#organization"}}]},"og:locale":"en_US","og:site_name":"MONAT Espa\u00f1a - We Are Modern Nature\u00ae","og:type":"article","og:title":"DESENREDANTE SUAVE MONAT Junior\u2122","og:description":"Desenredante suave MONAT JUNIOR\u2122 \u00a1Gana la batalla contra los nudos y enredos del cabello, incluso antes de que aparezca! 177 ml \u212e 6 fl. oz. Precio cliente00.00 \u20ac Precio cliente VIP00.00 \u20ac Para saber m\u00e1s sobre el Desenredante suave MONAT Junior\u2122, ponte en contacto con tu Market Partner de MONAT. BENEFICIOS Un desenredante para el cabello que","og:url":"https:\/\/monatglobal.com\/es\/monat-junior-gentle-detangler\/","article:published_time":"2022-02-28T09:00:02+00:00","article:modified_time":"2026-02-23T20:25:20+00:00","twitter:card":"summary_large_image","twitter:title":"DESENREDANTE SUAVE MONAT Junior\u2122","twitter:description":"Desenredante suave MONAT JUNIOR\u2122 \u00a1Gana la batalla contra los nudos y enredos del cabello, incluso antes de que aparezca! 177 ml \u212e 6 fl. oz. Precio cliente00.00 \u20ac Precio cliente VIP00.00 \u20ac Para saber m\u00e1s sobre el Desenredante suave MONAT Junior\u2122, ponte en contacto con tu Market Partner de MONAT. BENEFICIOS Un desenredante para el cabello que"},"aioseo_meta_data":{"post_id":"68024","title":"DESENREDANTE SUAVE MONAT Junior\u2122","description":null,"keywords":null,"keyphrases":{"focus":{"keyphrase":"","score":0,"analysis":{"keyphraseInTitle":{"score":0,"maxScore":9,"error":1}}},"additional":[]},"primary_term":null,"canonical_url":null,"og_title":null,"og_description":null,"og_object_type":"default","og_image_type":"default","og_image_url":null,"og_image_width":null,"og_image_height":null,"og_image_custom_url":null,"og_image_custom_fields":null,"og_video":"","og_custom_url":null,"og_article_section":null,"og_article_tags":null,"twitter_use_og":false,"twitter_card":"default","twitter_image_type":"default","twitter_image_url":null,"twitter_image_custom_url":null,"twitter_image_custom_fields":null,"twitter_title":null,"twitter_description":null,"schema":{"blockGraphs":[],"customGraphs":[],"default":{"data":{"Article":[],"Course":[],"Dataset":[],"FAQPage":[],"Movie":[],"Person":[],"Product":[],"ProductReview":[],"Car":[],"Recipe":[],"Service":[],"SoftwareApplication":[],"WebPage":[]},"graphName":"WebPage","isEnabled":true},"graphs":[]},"schema_type":"default","schema_type_options":null,"pillar_content":false,"robots_default":true,"robots_noindex":false,"robots_noarchive":false,"robots_nosnippet":false,"robots_nofollow":false,"robots_noimageindex":false,"robots_noodp":false,"robots_notranslate":false,"robots_max_snippet":"-1","robots_max_videopreview":"-1","robots_max_imagepreview":"large","priority":null,"frequency":"default","local_seo":null,"seo_analyzer_scan_date":"2026-02-23 20:29:17","limit_modified_date":false,"reviewed_by":"0","open_ai":null,"ai":{"faqs":[],"keyPoints":[],"titles":[],"descriptions":[],"socialPosts":{"email":[],"linkedin":[],"twitter":[],"facebook":[],"instagram":[]}},"created":"2023-07-26 09:29:34","updated":"2026-02-23 20:33:57"},"aioseo_breadcrumb":"<div class=\"aioseo-breadcrumbs\"><span class=\"aioseo-breadcrumb\">\n\t<a href=\"https:\/\/monatglobal.com\/es\" title=\"Home\">Home<\/a>\n<\/span><span class=\"aioseo-breadcrumb-separator\">&raquo;<\/span><span class=\"aioseo-breadcrumb\">\n\tDESENREDANTE SUAVE MONAT Junior\u2122\n<\/span><\/div>","aioseo_breadcrumb_json":[{"label":"Home","link":"https:\/\/monatglobal.com\/es"},{"label":"DESENREDANTE SUAVE MONAT Junior\u2122","link":"https:\/\/monatglobal.com\/es\/monat-junior-gentle-detangler\/"}],"_links":{"self":[{"href":"https:\/\/monatglobal.com\/es\/wp-json\/wp\/v2\/pages\/68024","targetHints":{"allow":["GET"]}}],"collection":[{"href":"https:\/\/monatglobal.com\/es\/wp-json\/wp\/v2\/pages"}],"about":[{"href":"https:\/\/monatglobal.com\/es\/wp-json\/wp\/v2\/types\/page"}],"author":[{"embeddable":true,"href":"https:\/\/monatglobal.com\/es\/wp-json\/wp\/v2\/users\/31"}],"replies":[{"embeddable":true,"href":"https:\/\/monatglobal.com\/es\/wp-json\/wp\/v2\/comments?post=68024"}],"version-history":[{"count":18,"href":"https:\/\/monatglobal.com\/es\/wp-json\/wp\/v2\/pages\/68024\/revisions"}],"predecessor-version":[{"id":109177,"href":"https:\/\/monatglobal.com\/es\/wp-json\/wp\/v2\/pages\/68024\/revisions\/109177"}],"wp:featuredmedia":[{"embeddable":true,"href":"https:\/\/monatglobal.com\/es\/wp-json\/wp\/v2\/media\/68025"}],"wp:attachment":[{"href":"https:\/\/monatglobal.com\/es\/wp-json\/wp\/v2\/media?parent=68024"}],"wp:term":[{"taxonomy":"category","embeddable":true,"href":"https:\/\/monatglobal.com\/es\/wp-json\/wp\/v2\/categories?post=68024"},{"taxonomy":"post_tag","embeddable":true,"href":"https:\/\/monatglobal.com\/es\/wp-json\/wp\/v2\/tags?post=68024"}],"curies":[{"name":"wp","href":"https:\/\/api.w.org\/{rel}","templated":true}]}}