{"id":68017,"date":"2022-03-29T02:41:19","date_gmt":"2022-03-29T01:41:19","guid":{"rendered":"https:\/\/monatglobal.com\/es\/?page_id=68017"},"modified":"2026-02-23T20:28:12","modified_gmt":"2026-02-23T20:28:12","slug":"monat-junior-gentle-shampoo","status":"publish","type":"page","link":"https:\/\/monatglobal.com\/es\/monat-junior-gentle-shampoo\/","title":{"rendered":"CHAMP\u00da SUAVE MONAT JUNIOR\u2122"},"content":{"rendered":"\n<link rel=\"stylesheet\" href=\"https:\/\/unpkg.com\/swiper\/swiper-bundle.min.css\">\n<link rel=\"stylesheet\" href=\"https:\/\/monatglobal.com\/wp-content\/creative_css\/product_styles_sheet.css\">\n   <!--==================================================== ECOMM SECTION ====================================================-->\n      <!--==================================================== Ecomm image ====================================================-->\n      <img decoding=\"async\" src=\"https:\/\/monatglobal.com\/wp-content\/uploads\/2021\/10\/MONAT-JUNIOR-Gentle-Shampoo-ecomm.png\" alt=\"\/&gt;CHAMP\u00da SUAVE MONAT JUNIOR\u2122\" loading=\"lazy\">\n      <!--==================================================== Ecomm information  ====================================================-->\n         <h1>Champ\u00fa <br>suave<\/h1>\n         <p>MONAT JUNIOR\u2122<\/p>\n         <p>\u00a1Haz que ba\u00f1arse sea divertido de&nbsp;nuevo!<\/p>\n         <p>237 ml \u212e 8 fl. oz.<\/p>\n        <!--==================================================== pricing box  ====================================================-->\n               <p>Precio cliente<br>00.00 \u20ac<\/p>\n               <p>Precio cliente VIP<br>00.00 \u20ac<\/p>\n        <!--==================================================== pricing box  ====================================================--> \n         <p>Para saber m\u00e1s sobre la rutina Champ\u00fa suave MONAT JUNIOR\u2122 ponte en contacto con tu Market Partner de MONAT.<\/p>\n          <a href=\"\" target=\"_blank\" role=\"button\" aria-label=\"\" rel=\"noopener\"><\/a>\n   <!--==================================================== \/ECOMM SECTION  ====================================================-->\n   <!--==================================================== Benefits image ====================================================-->\n   \n      <source media=\"(max-width: 700px)\" srcset=\"https:\/\/monatglobal.com\/wp-content\/uploads\/2021\/10\/MONAT-JUNIOR-Gentle-Shampoo-benefits-mobile.jpg\" loading=\"lazy\">\n      <img decoding=\"async\" alt=\"\" src=\"https:\/\/monatglobal.com\/wp-content\/uploads\/2021\/10\/MONAT-JUNIOR-Gentle-Shampoo-benefits.jpg\" loading=\"lazy\">\n   \n   <!--==================================================== Benefits text ====================================================-->\n         <h2>BENEFICIOS<\/h2>\n         <h3>Un champ\u00fa suave y no irritante que limpia el cabello de los ni\u00f1os sin aportar&nbsp;sequedad.<\/h3>\n         Perfecto para los ni\u00f1os activos a los que les encante jugar fuera. El Champ\u00fa suave MONAT JUNIOR\u2122 contiene una f\u00f3rmula desarrollada\n         para ni\u00f1os que no provoca irritaci\u00f3n en los ojos, es segura y suave. Probado dermatol\u00f3gica y&nbsp;oftalmol\u00f3gicamente.\n         <!--==================================================== features image  ====================================================-->\n         <img decoding=\"async\" alt=\"\" src=\"https:\/\/monatglobal.com\/wp-content\/uploads\/2021\/10\/MONAT-JUNIOR-Gentle-Shampoo-features.jpg\" loading=\"lazy\">\n      <!--==================================================== features text ====================================================-->\n            <h3>De un vistazo:<\/h3>\n               <p>\/ Formula segura y delicada desarrollada para los&nbsp;ni\u00f1os<\/p>\n               <p>\/ No provoca irritaci\u00f3n en los&nbsp;ojos<\/p>\n               <p>\/ Para mejores resultados, usar despu\u00e9s el Acondicionador suave MONAT&nbsp;Junior\u2122<\/p>\n               <br>\n            <p>Fragrance \/ Peony and Pink Pepper<\/p>\n            <p> Texture \/ Lightweight Gel<\/p>\n   <!--==================================================== composition image mobile ====================================================-->\n   <img decoding=\"async\" alt=\"\" src=\"https:\/\/monatglobal.com\/wp-content\/uploads\/2021\/10\/MONAT-JUNIOR-Gentle-Shampoo-composition1.jpg\" loading=\"lazy\">\n   <!--==================================================== Why it works text ====================================================-->\n      <h2>El encantador Le\u00f3n Locks har\u00e1 que tus hijos r\u00edan a&nbsp;carcajadas.<\/h2>\n      <h3>Haz de que el momento del ba\u00f1o sea divertido y lo m\u00e1s importante, seguro con nuestro \n      champ\u00fa para ni\u00f1os dermatol\u00f3gica y oftalmol\u00f3gicamente probado, que no provoca irritaci\u00f3n en la piel o en los ojos.<\/h3>\n      Perfecto para los ni\u00f1os activos que se pasan el d\u00eda jugando fuera. Este champ\u00fa limpiar\u00e1 completamente sus melenas sin aportar \n      sequedad. Usa despu\u00e9s el Acondicionador suave MONAT Junior\u2122, dejar\u00e1 el cabello de tu peque mucho m\u00e1s suave y&nbsp;brillante. \n<!--==================================================== Composition section ====================================================-->\n      <img decoding=\"async\" alt=\"\" src=\"https:\/\/monatglobal.com\/wp-content\/uploads\/2021\/10\/MONAT-JUNIOR-Gentle-Shampoo-composition1.jpg\" loading=\"lazy\">\n      <img decoding=\"async\" alt=\"\" src=\"https:\/\/monatglobal.com\/wp-content\/uploads\/2021\/10\/MONAT-JUNIOR-Gentle-Shampoo-composition3.jpg\" loading=\"lazy\">\n            <!--==================================================== Directions text ====================================================--> \n               <h3>Instrucciones de&nbsp;uso<\/h3>\n               <p>\/ Empieza con una cantidad de champ\u00fa del tama\u00f1o de una moneda de 50&nbsp;c\u00e9ntimos.<\/p>\n               <p>\/ Frota entre las manos para&nbsp;emulsionar.<\/p>\n               <p>\/ Masaje en el cabello h\u00famedo, desde el cuero cabelludo hasta las puntas, y aclarar&nbsp;bien.<\/p>\n               <p>\/ Usa despu\u00e9s el Acondicionador suave MONAT&nbsp;Junior\u2122.<\/p>\n            <!--==================================================== Directions video ====================================================-->\n      <p>&gt;MONAT Junior\u2122 <br>Gentle Shampoo<br>1:34<\/p>\n      <a href=\"\" target=\"_blank\" role=\"button\" aria-label=\"\" rel=\"noopener\"><\/a>\n   <!--==================================================== Ingredients section  ====================================================-->\n      <h2>INGREDIENTES PRINCIPALES<\/h2>\n               <p>SugaNate 160 NC<\/p>\n        <button id=\"myBtn\" type=\"button\">LISTA DE INGREDIENTES<\/button>\n      <!--==================================================== Modal content  ====================================================-->\n         \u00d7\n         <p>Aqua\/Water\/Eau, Sodium Laurylglucosides Hydroxypropylsulfonate, Cocamidopropyl Hydroxysultaine, Sodium Chloride, Sodium Methyl Cocoyl Taurate, Sodium Bis-Hydroxyethylglycinate Coco-Glucosides Crosspolymer, Cocamidopropyl PG-Dimonium Chloride Phosphate, Glycerin, Coconut Acid, Cocamidopropyl Dimethylamine, Tetrasodium EDTA, Sodium Stearoyl Lactylate, Fragrance\/Parfum, Sodium Benzoate, Potassium Sorbate, Citric Acid, Linalool, Amyl Cinnamal.<\/p>\n         <!--Water, Sodium Laurylglucosides Hydroxypropylsulfonate, Cocamidopropyl Hydroxysultaine, Sodium Methyl Cocoyl \n         Taurate, Sodium Bis-Hydroxyethylglycinate Coco-Glucosides Crosspolymer, Cocamidopropyl PG-Dimonium Chloride Phosphate, \n         Caprylyl\/Capryl Glucoside, Sodium Stearoyl Lactylate, Sodium Cocoyl Glutamate, Polyglyceryl-5 Oleate, Glyceryl Caprylate, \n         Citric Acid, Fragrance, Sodium Benzoate, Potassium Sorbate.-->\n   <!--==================================================== You might also like section ====================================================-->\n      <h2>PUEDE QUE TAMBI\u00c9N TE GUSTE<\/h2>\n      <!--==================================================== Slider YOU MIGHT ALSO LIKE ====================================================-->\n         <!--==================================================== If we need navigation buttons  ====================================================-->\n         <!--==================================================== If we need paginations  ====================================================-->\n    <a href=\"\" aria-label=\"\"><\/a>\n<!--==================================================== this link has to go last for it to work   ====================================================-->\n","protected":false},"excerpt":{"rendered":"<p>Champ\u00fa suave MONAT JUNIOR\u2122 \u00a1Haz que ba\u00f1arse sea divertido de&nbsp;nuevo! 237 ml \u212e 8 fl. oz. Precio cliente00.00 \u20ac Precio cliente VIP00.00 \u20ac Para saber m\u00e1s sobre la rutina Champ\u00fa suave MONAT JUNIOR\u2122 ponte en contacto con tu Market Partner de MONAT. BENEFICIOS Un champ\u00fa suave y no irritante que limpia el cabello de los&hellip;<\/p>\n","protected":false},"author":31,"featured_media":68018,"parent":0,"menu_order":0,"comment_status":"closed","ping_status":"closed","template":"","meta":{"inline_featured_image":false,"om_disable_all_campaigns":false,"_monsterinsights_skip_tracking":false,"_monsterinsights_sitenote_active":false,"_monsterinsights_sitenote_note":"","_monsterinsights_sitenote_category":0,"footnotes":""},"categories":[31],"tags":[],"class_list":["post-68017","page","type-page","status-publish","has-post-thumbnail","hentry","category-product-es"],"aioseo_notices":[],"aioseo_head":"\n\t\t<!-- All in One SEO Pro 4.9.6 - aioseo.com -->\n\t<meta name=\"description\" content=\"Champ\u00fa suave MONAT JUNIOR\u2122 \u00a1Haz que ba\u00f1arse sea divertido de nuevo! 237 ml \u212e 8 fl. oz. Precio cliente00.00 \u20ac Precio cliente VIP00.00 \u20ac Para saber m\u00e1s sobre la rutina Champ\u00fa suave MONAT JUNIOR\u2122 ponte en contacto con tu Market Partner de MONAT. BENEFICIOS Un champ\u00fa suave y no irritante que limpia el cabello de los\" \/>\n\t<meta name=\"robots\" content=\"max-image-preview:large\" \/>\n\t<link rel=\"canonical\" href=\"https:\/\/monatglobal.com\/es\/monat-junior-gentle-shampoo\/\" \/>\n\t<meta name=\"generator\" content=\"All in One SEO Pro (AIOSEO) 4.9.6\" \/>\n\t\t<meta property=\"og:locale\" content=\"en_US\" \/>\n\t\t<meta property=\"og:site_name\" content=\"MONAT Espa\u00f1a - We Are Modern Nature\u00ae\" \/>\n\t\t<meta property=\"og:type\" content=\"article\" \/>\n\t\t<meta property=\"og:title\" content=\"CHAMP\u00da SUAVE MONAT JUNIOR\u2122\" \/>\n\t\t<meta property=\"og:description\" content=\"Champ\u00fa suave MONAT JUNIOR\u2122 \u00a1Haz que ba\u00f1arse sea divertido de nuevo! 237 ml \u212e 8 fl. oz. Precio cliente00.00 \u20ac Precio cliente VIP00.00 \u20ac Para saber m\u00e1s sobre la rutina Champ\u00fa suave MONAT JUNIOR\u2122 ponte en contacto con tu Market Partner de MONAT. BENEFICIOS Un champ\u00fa suave y no irritante que limpia el cabello de los\" \/>\n\t\t<meta property=\"og:url\" content=\"https:\/\/monatglobal.com\/es\/monat-junior-gentle-shampoo\/\" \/>\n\t\t<meta property=\"article:published_time\" content=\"2022-03-29T01:41:19+00:00\" \/>\n\t\t<meta property=\"article:modified_time\" content=\"2026-02-23T20:28:12+00:00\" \/>\n\t\t<meta name=\"twitter:card\" content=\"summary_large_image\" \/>\n\t\t<meta name=\"twitter:title\" content=\"CHAMP\u00da SUAVE MONAT JUNIOR\u2122\" \/>\n\t\t<meta name=\"twitter:description\" content=\"Champ\u00fa suave MONAT JUNIOR\u2122 \u00a1Haz que ba\u00f1arse sea divertido de nuevo! 237 ml \u212e 8 fl. oz. Precio cliente00.00 \u20ac Precio cliente VIP00.00 \u20ac Para saber m\u00e1s sobre la rutina Champ\u00fa suave MONAT JUNIOR\u2122 ponte en contacto con tu Market Partner de MONAT. BENEFICIOS Un champ\u00fa suave y no irritante que limpia el cabello de los\" \/>\n\t\t<script type=\"application\/ld+json\" class=\"aioseo-schema\">\n\t\t\t{\"@context\":\"https:\\\/\\\/schema.org\",\"@graph\":[{\"@type\":\"BreadcrumbList\",\"@id\":\"https:\\\/\\\/monatglobal.com\\\/es\\\/monat-junior-gentle-shampoo\\\/#breadcrumblist\",\"itemListElement\":[{\"@type\":\"ListItem\",\"@id\":\"https:\\\/\\\/monatglobal.com\\\/es#listItem\",\"position\":1,\"name\":\"Home\",\"item\":\"https:\\\/\\\/monatglobal.com\\\/es\",\"nextItem\":{\"@type\":\"ListItem\",\"@id\":\"https:\\\/\\\/monatglobal.com\\\/es\\\/monat-junior-gentle-shampoo\\\/#listItem\",\"name\":\"CHAMP\\u00da SUAVE MONAT JUNIOR\\u2122\"}},{\"@type\":\"ListItem\",\"@id\":\"https:\\\/\\\/monatglobal.com\\\/es\\\/monat-junior-gentle-shampoo\\\/#listItem\",\"position\":2,\"name\":\"CHAMP\\u00da SUAVE MONAT JUNIOR\\u2122\",\"previousItem\":{\"@type\":\"ListItem\",\"@id\":\"https:\\\/\\\/monatglobal.com\\\/es#listItem\",\"name\":\"Home\"}}]},{\"@type\":\"Organization\",\"@id\":\"https:\\\/\\\/monatglobal.com\\\/es\\\/#organization\",\"name\":\"MONAT Espa\\u00f1a\",\"description\":\"We Are Modern Nature\\u00ae\",\"url\":\"https:\\\/\\\/monatglobal.com\\\/es\\\/\"},{\"@type\":\"WebPage\",\"@id\":\"https:\\\/\\\/monatglobal.com\\\/es\\\/monat-junior-gentle-shampoo\\\/#webpage\",\"url\":\"https:\\\/\\\/monatglobal.com\\\/es\\\/monat-junior-gentle-shampoo\\\/\",\"name\":\"CHAMP\\u00da SUAVE MONAT JUNIOR\\u2122\",\"description\":\"Champ\\u00fa suave MONAT JUNIOR\\u2122 \\u00a1Haz que ba\\u00f1arse sea divertido de nuevo! 237 ml \\u212e 8 fl. oz. Precio cliente00.00 \\u20ac Precio cliente VIP00.00 \\u20ac Para saber m\\u00e1s sobre la rutina Champ\\u00fa suave MONAT JUNIOR\\u2122 ponte en contacto con tu Market Partner de MONAT. BENEFICIOS Un champ\\u00fa suave y no irritante que limpia el cabello de los\",\"inLanguage\":\"en-US\",\"isPartOf\":{\"@id\":\"https:\\\/\\\/monatglobal.com\\\/es\\\/#website\"},\"breadcrumb\":{\"@id\":\"https:\\\/\\\/monatglobal.com\\\/es\\\/monat-junior-gentle-shampoo\\\/#breadcrumblist\"},\"image\":{\"@type\":\"ImageObject\",\"url\":\"https:\\\/\\\/monatglobal.com\\\/es\\\/wp-content\\\/uploads\\\/sites\\\/10\\\/2022\\\/02\\\/MONAT-JUNIOR-Gentle-Shampoo-ecomm-1.png\",\"@id\":\"https:\\\/\\\/monatglobal.com\\\/es\\\/monat-junior-gentle-shampoo\\\/#mainImage\",\"width\":641,\"height\":800},\"primaryImageOfPage\":{\"@id\":\"https:\\\/\\\/monatglobal.com\\\/es\\\/monat-junior-gentle-shampoo\\\/#mainImage\"},\"datePublished\":\"2022-03-29T02:41:19+01:00\",\"dateModified\":\"2026-02-23T20:28:12+00:00\"},{\"@type\":\"WebSite\",\"@id\":\"https:\\\/\\\/monatglobal.com\\\/es\\\/#website\",\"url\":\"https:\\\/\\\/monatglobal.com\\\/es\\\/\",\"name\":\"MONAT Espa\\u00f1a\",\"description\":\"We Are Modern Nature\\u00ae\",\"inLanguage\":\"en-US\",\"publisher\":{\"@id\":\"https:\\\/\\\/monatglobal.com\\\/es\\\/#organization\"}}]}\n\t\t<\/script>\n\t\t<!-- All in One SEO Pro -->\r\n\t\t<title>CHAMP\u00da SUAVE MONAT JUNIOR\u2122<\/title>\n\n","aioseo_head_json":{"title":"CHAMP\u00da SUAVE MONAT JUNIOR\u2122","description":"Champ\u00fa suave MONAT JUNIOR\u2122 \u00a1Haz que ba\u00f1arse sea divertido de nuevo! 237 ml \u212e 8 fl. oz. Precio cliente00.00 \u20ac Precio cliente VIP00.00 \u20ac Para saber m\u00e1s sobre la rutina Champ\u00fa suave MONAT JUNIOR\u2122 ponte en contacto con tu Market Partner de MONAT. BENEFICIOS Un champ\u00fa suave y no irritante que limpia el cabello de los","canonical_url":"https:\/\/monatglobal.com\/es\/monat-junior-gentle-shampoo\/","robots":"max-image-preview:large","keywords":"","webmasterTools":{"miscellaneous":""},"schema":{"@context":"https:\/\/schema.org","@graph":[{"@type":"BreadcrumbList","@id":"https:\/\/monatglobal.com\/es\/monat-junior-gentle-shampoo\/#breadcrumblist","itemListElement":[{"@type":"ListItem","@id":"https:\/\/monatglobal.com\/es#listItem","position":1,"name":"Home","item":"https:\/\/monatglobal.com\/es","nextItem":{"@type":"ListItem","@id":"https:\/\/monatglobal.com\/es\/monat-junior-gentle-shampoo\/#listItem","name":"CHAMP\u00da SUAVE MONAT JUNIOR\u2122"}},{"@type":"ListItem","@id":"https:\/\/monatglobal.com\/es\/monat-junior-gentle-shampoo\/#listItem","position":2,"name":"CHAMP\u00da SUAVE MONAT JUNIOR\u2122","previousItem":{"@type":"ListItem","@id":"https:\/\/monatglobal.com\/es#listItem","name":"Home"}}]},{"@type":"Organization","@id":"https:\/\/monatglobal.com\/es\/#organization","name":"MONAT Espa\u00f1a","description":"We Are Modern Nature\u00ae","url":"https:\/\/monatglobal.com\/es\/"},{"@type":"WebPage","@id":"https:\/\/monatglobal.com\/es\/monat-junior-gentle-shampoo\/#webpage","url":"https:\/\/monatglobal.com\/es\/monat-junior-gentle-shampoo\/","name":"CHAMP\u00da SUAVE MONAT JUNIOR\u2122","description":"Champ\u00fa suave MONAT JUNIOR\u2122 \u00a1Haz que ba\u00f1arse sea divertido de nuevo! 237 ml \u212e 8 fl. oz. Precio cliente00.00 \u20ac Precio cliente VIP00.00 \u20ac Para saber m\u00e1s sobre la rutina Champ\u00fa suave MONAT JUNIOR\u2122 ponte en contacto con tu Market Partner de MONAT. BENEFICIOS Un champ\u00fa suave y no irritante que limpia el cabello de los","inLanguage":"en-US","isPartOf":{"@id":"https:\/\/monatglobal.com\/es\/#website"},"breadcrumb":{"@id":"https:\/\/monatglobal.com\/es\/monat-junior-gentle-shampoo\/#breadcrumblist"},"image":{"@type":"ImageObject","url":"https:\/\/monatglobal.com\/es\/wp-content\/uploads\/sites\/10\/2022\/02\/MONAT-JUNIOR-Gentle-Shampoo-ecomm-1.png","@id":"https:\/\/monatglobal.com\/es\/monat-junior-gentle-shampoo\/#mainImage","width":641,"height":800},"primaryImageOfPage":{"@id":"https:\/\/monatglobal.com\/es\/monat-junior-gentle-shampoo\/#mainImage"},"datePublished":"2022-03-29T02:41:19+01:00","dateModified":"2026-02-23T20:28:12+00:00"},{"@type":"WebSite","@id":"https:\/\/monatglobal.com\/es\/#website","url":"https:\/\/monatglobal.com\/es\/","name":"MONAT Espa\u00f1a","description":"We Are Modern Nature\u00ae","inLanguage":"en-US","publisher":{"@id":"https:\/\/monatglobal.com\/es\/#organization"}}]},"og:locale":"en_US","og:site_name":"MONAT Espa\u00f1a - We Are Modern Nature\u00ae","og:type":"article","og:title":"CHAMP\u00da SUAVE MONAT JUNIOR\u2122","og:description":"Champ\u00fa suave MONAT JUNIOR\u2122 \u00a1Haz que ba\u00f1arse sea divertido de nuevo! 237 ml \u212e 8 fl. oz. Precio cliente00.00 \u20ac Precio cliente VIP00.00 \u20ac Para saber m\u00e1s sobre la rutina Champ\u00fa suave MONAT JUNIOR\u2122 ponte en contacto con tu Market Partner de MONAT. BENEFICIOS Un champ\u00fa suave y no irritante que limpia el cabello de los","og:url":"https:\/\/monatglobal.com\/es\/monat-junior-gentle-shampoo\/","article:published_time":"2022-03-29T01:41:19+00:00","article:modified_time":"2026-02-23T20:28:12+00:00","twitter:card":"summary_large_image","twitter:title":"CHAMP\u00da SUAVE MONAT JUNIOR\u2122","twitter:description":"Champ\u00fa suave MONAT JUNIOR\u2122 \u00a1Haz que ba\u00f1arse sea divertido de nuevo! 237 ml \u212e 8 fl. oz. Precio cliente00.00 \u20ac Precio cliente VIP00.00 \u20ac Para saber m\u00e1s sobre la rutina Champ\u00fa suave MONAT JUNIOR\u2122 ponte en contacto con tu Market Partner de MONAT. BENEFICIOS Un champ\u00fa suave y no irritante que limpia el cabello de los"},"aioseo_meta_data":{"post_id":"68017","title":"CHAMP\u00da SUAVE MONAT JUNIOR\u2122","description":null,"keywords":null,"keyphrases":{"focus":{"keyphrase":"","score":0,"analysis":{"keyphraseInTitle":{"score":0,"maxScore":9,"error":1}}},"additional":[]},"primary_term":null,"canonical_url":null,"og_title":null,"og_description":null,"og_object_type":"default","og_image_type":"default","og_image_url":null,"og_image_width":null,"og_image_height":null,"og_image_custom_url":null,"og_image_custom_fields":null,"og_video":"","og_custom_url":null,"og_article_section":null,"og_article_tags":null,"twitter_use_og":false,"twitter_card":"default","twitter_image_type":"default","twitter_image_url":null,"twitter_image_custom_url":null,"twitter_image_custom_fields":null,"twitter_title":null,"twitter_description":null,"schema":{"blockGraphs":[],"customGraphs":[],"default":{"data":{"Article":[],"Course":[],"Dataset":[],"FAQPage":[],"Movie":[],"Person":[],"Product":[],"ProductReview":[],"Car":[],"Recipe":[],"Service":[],"SoftwareApplication":[],"WebPage":[]},"graphName":"WebPage","isEnabled":true},"graphs":[]},"schema_type":"default","schema_type_options":null,"pillar_content":false,"robots_default":true,"robots_noindex":false,"robots_noarchive":false,"robots_nosnippet":false,"robots_nofollow":false,"robots_noimageindex":false,"robots_noodp":false,"robots_notranslate":false,"robots_max_snippet":"-1","robots_max_videopreview":"-1","robots_max_imagepreview":"large","priority":null,"frequency":"default","local_seo":null,"seo_analyzer_scan_date":"2026-02-23 20:29:23","limit_modified_date":false,"reviewed_by":"0","open_ai":null,"ai":{"faqs":[],"keyPoints":[],"titles":[],"descriptions":[],"socialPosts":{"email":[],"linkedin":[],"twitter":[],"facebook":[],"instagram":[]}},"created":"2023-07-26 09:29:34","updated":"2026-02-23 20:33:57"},"aioseo_breadcrumb":"<div class=\"aioseo-breadcrumbs\"><span class=\"aioseo-breadcrumb\">\n\t<a href=\"https:\/\/monatglobal.com\/es\" title=\"Home\">Home<\/a>\n<\/span><span class=\"aioseo-breadcrumb-separator\">&raquo;<\/span><span class=\"aioseo-breadcrumb\">\n\tCHAMP\u00da SUAVE MONAT JUNIOR\u2122\n<\/span><\/div>","aioseo_breadcrumb_json":[{"label":"Home","link":"https:\/\/monatglobal.com\/es"},{"label":"CHAMP\u00da SUAVE MONAT JUNIOR\u2122","link":"https:\/\/monatglobal.com\/es\/monat-junior-gentle-shampoo\/"}],"_links":{"self":[{"href":"https:\/\/monatglobal.com\/es\/wp-json\/wp\/v2\/pages\/68017","targetHints":{"allow":["GET"]}}],"collection":[{"href":"https:\/\/monatglobal.com\/es\/wp-json\/wp\/v2\/pages"}],"about":[{"href":"https:\/\/monatglobal.com\/es\/wp-json\/wp\/v2\/types\/page"}],"author":[{"embeddable":true,"href":"https:\/\/monatglobal.com\/es\/wp-json\/wp\/v2\/users\/31"}],"replies":[{"embeddable":true,"href":"https:\/\/monatglobal.com\/es\/wp-json\/wp\/v2\/comments?post=68017"}],"version-history":[{"count":21,"href":"https:\/\/monatglobal.com\/es\/wp-json\/wp\/v2\/pages\/68017\/revisions"}],"predecessor-version":[{"id":109178,"href":"https:\/\/monatglobal.com\/es\/wp-json\/wp\/v2\/pages\/68017\/revisions\/109178"}],"wp:featuredmedia":[{"embeddable":true,"href":"https:\/\/monatglobal.com\/es\/wp-json\/wp\/v2\/media\/68018"}],"wp:attachment":[{"href":"https:\/\/monatglobal.com\/es\/wp-json\/wp\/v2\/media?parent=68017"}],"wp:term":[{"taxonomy":"category","embeddable":true,"href":"https:\/\/monatglobal.com\/es\/wp-json\/wp\/v2\/categories?post=68017"},{"taxonomy":"post_tag","embeddable":true,"href":"https:\/\/monatglobal.com\/es\/wp-json\/wp\/v2\/tags?post=68017"}],"curies":[{"name":"wp","href":"https:\/\/api.w.org\/{rel}","templated":true}]}}