{"id":67937,"date":"2022-06-06T09:13:59","date_gmt":"2022-06-06T08:13:59","guid":{"rendered":"https:\/\/monatglobal.com\/es\/?page_id=67937"},"modified":"2025-03-25T14:26:33","modified_gmt":"2025-03-25T14:26:33","slug":"men-styling-clay","status":"publish","type":"page","link":"https:\/\/monatglobal.com\/es\/men-styling-clay\/","title":{"rendered":"MONAT FOR MEN\u2122 Arcilla modeladora mate"},"content":{"rendered":"\n\n\t<link rel=\"stylesheet\" href=\"https:\/\/unpkg.com\/swiper\/swiper-bundle.min.css\" \/>\n<link rel=\"stylesheet\" href=\"https:\/\/monatglobal.com\/wp-content\/creative_css\/product_styles_sheet.css\" \/>\n   <!--==================================================== ECOMM SECTION ====================================================-->\n      <!--==================================================== Ecomm image ====================================================-->\n           \n      <source media=\"(max-width: 700px)\" srcset=\"https:\/\/monatglobal.com\/wp-content\/uploads\/2022\/02\/MONAT-FOR-MEN-Matte-Styling-Clay-ecomm-2022_mobile.png\" loading=\"lazy\"\/>\n      <img decoding=\"async\" src=\"https:\/\/monatglobal.com\/wp-content\/uploads\/2022\/02\/MONAT-FOR-MEN-Matte-Styling-Clay-ecomm-2022.png\" alt=\"Arcilla modeladora mate \" loading=\"lazy\"\/>\n         \n      <!--==================================================== Ecomm information  ====================================================-->\n         <p>MONAT FOR MEN\u2122<\/p>\n         <h1>Arcilla <br \/>modeladora mate <\/h1>\n         \n         Esta gomina para el peinado, con base de agua y arcilla, est\u00e1 dise\u00f1ada para crear una textura \n         definida y de aspecto m\u00e1s&nbsp;grueso. \n         <p>45 ml \u212e 1.52 fl. oz.<\/p>\n       <!--==================================================== pricing box  ====================================================-->  \n               <p>Precio de venta Cliente<br \/>39.00 \u20ac<\/p>\n               <p>Precio Cliente VIP<br \/>33.00 \u20ac<\/p>\n        <!--==================================================== pricing box  ====================================================--> \n         <p>Para conocer m\u00e1s sobre MONAT FOR MEN\u2122 Arcilla modeladora mate, ponte en contacto con tu Market Partner de MONAT.<\/p>\n            <a href=\"https:\/\/corp.mymonat.com\/shop\/products\/monat-for-men-matte-styling-clay-6000001969\/?globallanguage=es&#038;globalmarket=es\" target=\"_blank\" aria-label=\"Go to Arcilla modeladora mate shop\" rel=\"noopener\">COMPRAR AHORA<\/a>\n            <a>agotado<\/a>\n   <!--==================================================== \/ECOMM SECTION  ====================================================-->\n   <!--==================================================== Benefits image ====================================================-->\n   \n      <source media=\"(max-width: 700px)\" srcset=\"https:\/\/monatglobal.com\/wp-content\/uploads\/2022\/01\/matte-styling-clay_mobile.jpg\" loading=\"lazy\"\/>\n      <img decoding=\"async\" alt=\"Closeup of a woman's hands applying MONAT's Silky &#038; Soothing Hand Cream over a light peach background.\" \n      src=\"https:\/\/monatglobal.com\/wp-content\/uploads\/2022\/01\/Matte-Styling-Clay-benefits.jpg\" loading=\"lazy\"\/>\n   \n   <!--==================================================== Benefits text ====================================================-->\n         <h2>BENEFICIOS<\/h2>\n         <h3>Disfruta de una fijaci\u00f3n durante todo el d\u00eda y un control del encrespamiento con \n         esta arcilla que proporciona un brillo ligero, ideal para aquellos que busquen una apariencia de aspecto m\u00e1s&nbsp;denso.<\/h3>\n         Aplicar en cabello seco o h\u00famedo. La arcilla modeladora mate MONAT FOR MEN\u2122 a\u00f1ade forma y una definici\u00f3n \n         con textura, para un peinado&nbsp;perfecto.\n         <!--==================================================== features image  ====================================================-->\n         <img decoding=\"async\" alt=\"MONAT's Silky &#038; Soothing Hand Cream lays centered over a solid peach color background exhibiting its main ingredients such \n         as coconut &#038; oils ornamenting the main product. \" src=\"https:\/\/monatglobal.com\/wp-content\/uploads\/2022\/01\/Matte-Styling-Clay-features.jpg\" loading=\"lazy\"\/>\n      <!--==================================================== features text ====================================================-->\n            <h3>Arcilla moldeable para peinar, para una fijaci\u00f3n de media a&nbsp;firme.<\/h3>\n               <p>\/ Pasta moldeadora para peinar con manteca de karit\u00e9 que ayuda a hidratar el&nbsp;cabello<\/p>\n               <p>\/ Humectante natural que ayuda a crear peinados f\u00e1ciles de&nbsp;moldear<\/p>\n               <p>\/ La arcilla benton\u00edtica aporta una sensaci\u00f3n sedosa y no pegajosa con un acabado&nbsp;mate<\/p>\n               <p>\/ F\u00f3rmula con base de agua f\u00e1cil de&nbsp;aclarar<\/p>\n               <br \/>\n            <p>Fragancia \/ Ligero aroma c\u00edtrico y amaderado con notas de naranja, agua de coco, vainilla y&nbsp;tonka. <\/p>\n            <p> Textura \/ Pasta arcillosa<\/p>\n   <!--==================================================== composition image mobile ====================================================-->\n   <img decoding=\"async\" alt=\"An abstract beauty shot showing a caucassian as well as an african american women's hands. \n   It is intended to portray its use on any type of skin.\" src=\"https:\/\/monatglobal.com\/wp-content\/uploads\/2022\/01\/Matte-Styling-Clay-comp-1.jpg\" loading=\"lazy\"\/>\n   <!--==================================================== Why it works text ====================================================-->\n      \n      <h3>Esta vers\u00e1til arcilla para peinar es f\u00e1cil de usar y est\u00e1 dise\u00f1ada para aportar una fijaci\u00f3n \n      duradera durante todo el d\u00eda y conseguir peinados sin&nbsp;esfuerzo. <\/h3>\n      Nuestra f\u00f3rmula ligera y moldeable con arcilla benton\u00edtica garantiza un acabado mate perfecto, mientras que la cera de origen \n      vegetal crea una textura y un espesor&nbsp;flexibles. \n<!--==================================================== Composition section ====================================================-->\n      <img decoding=\"async\" alt=\"An abstract beauty shot showing a caucassian as well as an african american women's hands. It is intended to portray its \n      use on any type of skin.\" src=\"https:\/\/monatglobal.com\/wp-content\/uploads\/2022\/01\/Matte-Styling-Clay-comp-1.jpg\" loading=\"lazy\"\/>\n      <img decoding=\"async\" alt=\"A closeup of a woman applying MONAT's Silky &#038; Soothing Hand Cream onto her hands. This image reveals the cream's white \n      texture.\" src=\"https:\/\/monatglobal.com\/wp-content\/uploads\/2022\/01\/matte-styling-compositon-3.jpg\" loading=\"lazy\"\/>\n            <!--==================================================== Directions text ====================================================--> \n               <h3>Modo de uso<\/h3>\n               <p>\/ Pon una peque\u00f1a cantidad de producto en las&nbsp;manos. <\/p>\n               <p>\/ Distribuye de manera uniforme en el cabello limpio, tanto en cabello seco como&nbsp;h\u00famedo. <\/p>\n               <p>\/ Peinar como de&nbsp;costumbre. <\/p>\n               <p>\/ Consejo profesional: Aplica de atr\u00e1s hacia adelante para un peinado&nbsp;infalible.<\/p>\n            <!--==================================================== Directions video ====================================================-->\n      <p>MONAT FOR MEN\u2122<br \/>Matte Styling Clay <br \/>0:30<\/p>\n        <a href=\"https:\/\/corp.mymonat.com\/shop\/products\/monat-for-men-matte-styling-clay-6000001969\/?globallanguage=es&#038;globalmarket=es\" target=\"_blank\" aria-label=\"Go to MONAT FOR MEN\u2122 Arcilla modeladora mate shop\" rel=\"noopener\">COMPRAR AHORA<\/a>\n            <a>agotado<\/a>\n   <!--==================================================== Ingredients section  ====================================================-->\n      <h2>INGREDIENTES ACTIVOS CLAVE<\/h2>\n       <img decoding=\"async\" src=\"https:\/\/monatglobal.com\/wp-content\/uploads\/2022\/11\/Shea-Butter.svg\" alt=\"Shea Butter\"\/>\n               <p>Manteca de karit\u00e9<\/p>\n               <img decoding=\"async\" big_icon  src=\"https:\/\/monatglobal.com\/wp-content\/uploads\/2022\/11\/Glycerin.svg\" alt=\"Glycerin\"\/>          \n               <p>Glicerina<\/p>\n               <img decoding=\"async\" src=\"https:\/\/monatglobal.com\/wp-content\/uploads\/2022\/11\/Carnauba-wax.svg\" alt=\"Carnauba wax\"\/>\n               <p>Cera procedente de las plantas<\/p>\n                <img decoding=\"async\" src=\"https:\/\/monatglobal.com\/wp-content\/uploads\/2022\/11\/Bentonite-Clay.svg\" alt=\"Bentonite Clay\"\/>\n               <p>Arcilla benton\u00edtica<\/p>\n<img decoding=\"async\" src=\"https:\/\/monatglobal.com\/wp-content\/uploads\/2022\/11\/Tocopherol.svg\" alt=\"Tocopherol\"\/>\n               <p>Tocoferol (Vitamin E) <\/p>\n        <button id=\"myBtn\" type=\"button\">VER LA LISTA DE INGREDIENTES COMPLETA<\/button>\n      <!--==================================================== Modal content  ====================================================-->\n         &times;\n         Water\/Aqua\/Eau, Coco-Caprylate, Stearyl Behenate, C32-36 Isoalkyl Stearate, Polyhydroxystearic Acid, Cetearyl Alcohol, \n         Butyrospermum Parkii (Shea) Butter, PVP, Glycerin, Copernicia Cerifera (Carnauba) Wax\/Cire de Carnauba, Bentonite, Hydrogenated Castor \n         Oil Dimer Dilinoleate, Ceteareth-20, Arachidyl Alcohol, Fragrance\/Parfum, Polysorbate 20, Polyglyceryl-3 Stearate, Behenyl Alcohol, \n         Helianthus Annuus (Sunflower) Seed Oil, 1,2-Hexanediol, Hydroxyacetophenone, VP\/VA Copolymer, Arachidyl Glucoside, Dehydroxanthan Gum, \n         Polysorbate 60, Tetrasodium Glutamate Diacetate, Glucose, Citric Acid, Tocopherol, Sodium Hydroxide, Caprylyl Glycol, Citronellol, \n         Coumarin, Limonene,&nbsp;Linalool.\n   <!--==================================================== You might also like section ====================================================-->\n      <h2>PUEDE QUE TAMBI\u00c9N TE GUSTE<\/h2>\n      <!--==================================================== Slider YOU MIGHT ALSO LIKE ====================================================-->\n            <!--==================================================== Slides products ====================================================-->\n               <a href=\"\/?page_id=8402\" aria-label=\"Go to Champ\u00fa + acondicionador MONAT BLACK\u2122 page\">\n                  <img decoding=\"async\" src=\"https:\/\/monatglobal.com\/wp-content\/uploads\/2022\/12\/Monat-Black-shampoo-conditioner-Ecomm.png\" alt=\"Champ\u00fa + acondicionador MONAT BLACK\u2122 \" loading=\"lazy\"\/>\n                  <p>Champ\u00fa + acondicionador <br \/>MONAT BLACK\u2122 <\/p>\n               <\/a>\n         <!--==================================================== If we need navigation buttons  ====================================================-->\n         <!--==================================================== If we need paginations  ====================================================-->\n  <a href=\"\/?page_id=84250&#038;line=cabello\" aria-label=\"Go to all Hair Products\"><p>PRODUCTOS PARA EL CABELLO<\/p><\/a>\n<!--==================================================== this link has to go last for it to work   ====================================================-->\n\n","protected":false},"excerpt":{"rendered":"<p>MONAT FOR MEN\u2122 Arcilla modeladora mate Esta gomina para el peinado, con base de agua y arcilla, est\u00e1 dise\u00f1ada para crear una textura definida y de aspecto m\u00e1s&nbsp;grueso. 45 ml \u212e 1.52 fl. oz. Precio de venta Cliente39.00 \u20ac Precio Cliente VIP33.00 \u20ac Para conocer m\u00e1s sobre MONAT FOR MEN\u2122 Arcilla modeladora mate, ponte en&hellip;<\/p>\n","protected":false},"author":31,"featured_media":67938,"parent":0,"menu_order":0,"comment_status":"closed","ping_status":"closed","template":"","meta":{"inline_featured_image":false,"om_disable_all_campaigns":false,"_monsterinsights_skip_tracking":false,"_monsterinsights_sitenote_active":false,"_monsterinsights_sitenote_note":"","_monsterinsights_sitenote_category":0,"footnotes":""},"categories":[],"tags":[],"class_list":["post-67937","page","type-page","status-publish","has-post-thumbnail","hentry"],"aioseo_notices":[],"aioseo_head":"\n\t\t<!-- All in One SEO Pro 4.9.6 - aioseo.com -->\n\t<meta name=\"description\" content=\"MONAT FOR MEN\u2122 Arcilla modeladora mate Esta gomina para el peinado, con base de agua y arcilla, est\u00e1 dise\u00f1ada para crear una textura definida y de aspecto m\u00e1s grueso. 45 ml \u212e 1.52 fl. oz. Precio de venta Cliente39.00 \u20ac Precio Cliente VIP33.00 \u20ac Para conocer m\u00e1s sobre MONAT FOR MEN\u2122 Arcilla modeladora mate, ponte en\" \/>\n\t<meta name=\"robots\" content=\"max-image-preview:large\" \/>\n\t<link rel=\"canonical\" href=\"https:\/\/monatglobal.com\/es\/men-styling-clay\/\" \/>\n\t<meta name=\"generator\" content=\"All in One SEO Pro (AIOSEO) 4.9.6\" \/>\n\t\t<meta property=\"og:locale\" content=\"en_US\" \/>\n\t\t<meta property=\"og:site_name\" content=\"MONAT Espa\u00f1a - We Are Modern Nature\u00ae\" \/>\n\t\t<meta property=\"og:type\" content=\"article\" \/>\n\t\t<meta property=\"og:title\" content=\"MONAT FOR MEN\u2122 Arcilla modeladora mate - MONAT Espa\u00f1a\" \/>\n\t\t<meta property=\"og:description\" content=\"MONAT FOR MEN\u2122 Arcilla modeladora mate Esta gomina para el peinado, con base de agua y arcilla, est\u00e1 dise\u00f1ada para crear una textura definida y de aspecto m\u00e1s grueso. 45 ml \u212e 1.52 fl. oz. Precio de venta Cliente39.00 \u20ac Precio Cliente VIP33.00 \u20ac Para conocer m\u00e1s sobre MONAT FOR MEN\u2122 Arcilla modeladora mate, ponte en\" \/>\n\t\t<meta property=\"og:url\" content=\"https:\/\/monatglobal.com\/es\/men-styling-clay\/\" \/>\n\t\t<meta property=\"article:published_time\" content=\"2022-06-06T08:13:59+00:00\" \/>\n\t\t<meta property=\"article:modified_time\" content=\"2025-03-25T14:26:33+00:00\" \/>\n\t\t<meta name=\"twitter:card\" content=\"summary_large_image\" \/>\n\t\t<meta name=\"twitter:title\" content=\"MONAT FOR MEN\u2122 Arcilla modeladora mate - MONAT Espa\u00f1a\" \/>\n\t\t<meta name=\"twitter:description\" content=\"MONAT FOR MEN\u2122 Arcilla modeladora mate Esta gomina para el peinado, con base de agua y arcilla, est\u00e1 dise\u00f1ada para crear una textura definida y de aspecto m\u00e1s grueso. 45 ml \u212e 1.52 fl. oz. Precio de venta Cliente39.00 \u20ac Precio Cliente VIP33.00 \u20ac Para conocer m\u00e1s sobre MONAT FOR MEN\u2122 Arcilla modeladora mate, ponte en\" \/>\n\t\t<script type=\"application\/ld+json\" class=\"aioseo-schema\">\n\t\t\t{\"@context\":\"https:\\\/\\\/schema.org\",\"@graph\":[{\"@type\":\"BreadcrumbList\",\"@id\":\"https:\\\/\\\/monatglobal.com\\\/es\\\/men-styling-clay\\\/#breadcrumblist\",\"itemListElement\":[{\"@type\":\"ListItem\",\"@id\":\"https:\\\/\\\/monatglobal.com\\\/es#listItem\",\"position\":1,\"name\":\"Home\",\"item\":\"https:\\\/\\\/monatglobal.com\\\/es\",\"nextItem\":{\"@type\":\"ListItem\",\"@id\":\"https:\\\/\\\/monatglobal.com\\\/es\\\/men-styling-clay\\\/#listItem\",\"name\":\"MONAT FOR MEN\\u2122 Arcilla modeladora mate\"}},{\"@type\":\"ListItem\",\"@id\":\"https:\\\/\\\/monatglobal.com\\\/es\\\/men-styling-clay\\\/#listItem\",\"position\":2,\"name\":\"MONAT FOR MEN\\u2122 Arcilla modeladora mate\",\"previousItem\":{\"@type\":\"ListItem\",\"@id\":\"https:\\\/\\\/monatglobal.com\\\/es#listItem\",\"name\":\"Home\"}}]},{\"@type\":\"Organization\",\"@id\":\"https:\\\/\\\/monatglobal.com\\\/es\\\/#organization\",\"name\":\"MONAT Espa\\u00f1a\",\"description\":\"We Are Modern Nature\\u00ae\",\"url\":\"https:\\\/\\\/monatglobal.com\\\/es\\\/\"},{\"@type\":\"WebPage\",\"@id\":\"https:\\\/\\\/monatglobal.com\\\/es\\\/men-styling-clay\\\/#webpage\",\"url\":\"https:\\\/\\\/monatglobal.com\\\/es\\\/men-styling-clay\\\/\",\"name\":\"MONAT FOR MEN\\u2122 Arcilla modeladora mate - MONAT Espa\\u00f1a\",\"description\":\"MONAT FOR MEN\\u2122 Arcilla modeladora mate Esta gomina para el peinado, con base de agua y arcilla, est\\u00e1 dise\\u00f1ada para crear una textura definida y de aspecto m\\u00e1s grueso. 45 ml \\u212e 1.52 fl. oz. Precio de venta Cliente39.00 \\u20ac Precio Cliente VIP33.00 \\u20ac Para conocer m\\u00e1s sobre MONAT FOR MEN\\u2122 Arcilla modeladora mate, ponte en\",\"inLanguage\":\"en-US\",\"isPartOf\":{\"@id\":\"https:\\\/\\\/monatglobal.com\\\/es\\\/#website\"},\"breadcrumb\":{\"@id\":\"https:\\\/\\\/monatglobal.com\\\/es\\\/men-styling-clay\\\/#breadcrumblist\"},\"image\":{\"@type\":\"ImageObject\",\"url\":\"https:\\\/\\\/monatglobal.com\\\/es\\\/wp-content\\\/uploads\\\/sites\\\/10\\\/2022\\\/02\\\/MONAT-FOR-MEN-Matte-Styling-Clay-ecomm-2022-2.png\",\"@id\":\"https:\\\/\\\/monatglobal.com\\\/es\\\/men-styling-clay\\\/#mainImage\",\"width\":641,\"height\":800},\"primaryImageOfPage\":{\"@id\":\"https:\\\/\\\/monatglobal.com\\\/es\\\/men-styling-clay\\\/#mainImage\"},\"datePublished\":\"2022-06-06T09:13:59+01:00\",\"dateModified\":\"2025-03-25T14:26:33+00:00\"},{\"@type\":\"WebSite\",\"@id\":\"https:\\\/\\\/monatglobal.com\\\/es\\\/#website\",\"url\":\"https:\\\/\\\/monatglobal.com\\\/es\\\/\",\"name\":\"MONAT Espa\\u00f1a\",\"description\":\"We Are Modern Nature\\u00ae\",\"inLanguage\":\"en-US\",\"publisher\":{\"@id\":\"https:\\\/\\\/monatglobal.com\\\/es\\\/#organization\"}}]}\n\t\t<\/script>\n\t\t<!-- All in One SEO Pro -->\r\n\t\t<title>MONAT FOR MEN\u2122 Arcilla modeladora mate - MONAT Espa\u00f1a<\/title>\n\n","aioseo_head_json":{"title":"MONAT FOR MEN\u2122 Arcilla modeladora mate - MONAT Espa\u00f1a","description":"MONAT FOR MEN\u2122 Arcilla modeladora mate Esta gomina para el peinado, con base de agua y arcilla, est\u00e1 dise\u00f1ada para crear una textura definida y de aspecto m\u00e1s grueso. 45 ml \u212e 1.52 fl. oz. Precio de venta Cliente39.00 \u20ac Precio Cliente VIP33.00 \u20ac Para conocer m\u00e1s sobre MONAT FOR MEN\u2122 Arcilla modeladora mate, ponte en","canonical_url":"https:\/\/monatglobal.com\/es\/men-styling-clay\/","robots":"max-image-preview:large","keywords":"","webmasterTools":{"miscellaneous":""},"schema":{"@context":"https:\/\/schema.org","@graph":[{"@type":"BreadcrumbList","@id":"https:\/\/monatglobal.com\/es\/men-styling-clay\/#breadcrumblist","itemListElement":[{"@type":"ListItem","@id":"https:\/\/monatglobal.com\/es#listItem","position":1,"name":"Home","item":"https:\/\/monatglobal.com\/es","nextItem":{"@type":"ListItem","@id":"https:\/\/monatglobal.com\/es\/men-styling-clay\/#listItem","name":"MONAT FOR MEN\u2122 Arcilla modeladora mate"}},{"@type":"ListItem","@id":"https:\/\/monatglobal.com\/es\/men-styling-clay\/#listItem","position":2,"name":"MONAT FOR MEN\u2122 Arcilla modeladora mate","previousItem":{"@type":"ListItem","@id":"https:\/\/monatglobal.com\/es#listItem","name":"Home"}}]},{"@type":"Organization","@id":"https:\/\/monatglobal.com\/es\/#organization","name":"MONAT Espa\u00f1a","description":"We Are Modern Nature\u00ae","url":"https:\/\/monatglobal.com\/es\/"},{"@type":"WebPage","@id":"https:\/\/monatglobal.com\/es\/men-styling-clay\/#webpage","url":"https:\/\/monatglobal.com\/es\/men-styling-clay\/","name":"MONAT FOR MEN\u2122 Arcilla modeladora mate - MONAT Espa\u00f1a","description":"MONAT FOR MEN\u2122 Arcilla modeladora mate Esta gomina para el peinado, con base de agua y arcilla, est\u00e1 dise\u00f1ada para crear una textura definida y de aspecto m\u00e1s grueso. 45 ml \u212e 1.52 fl. oz. Precio de venta Cliente39.00 \u20ac Precio Cliente VIP33.00 \u20ac Para conocer m\u00e1s sobre MONAT FOR MEN\u2122 Arcilla modeladora mate, ponte en","inLanguage":"en-US","isPartOf":{"@id":"https:\/\/monatglobal.com\/es\/#website"},"breadcrumb":{"@id":"https:\/\/monatglobal.com\/es\/men-styling-clay\/#breadcrumblist"},"image":{"@type":"ImageObject","url":"https:\/\/monatglobal.com\/es\/wp-content\/uploads\/sites\/10\/2022\/02\/MONAT-FOR-MEN-Matte-Styling-Clay-ecomm-2022-2.png","@id":"https:\/\/monatglobal.com\/es\/men-styling-clay\/#mainImage","width":641,"height":800},"primaryImageOfPage":{"@id":"https:\/\/monatglobal.com\/es\/men-styling-clay\/#mainImage"},"datePublished":"2022-06-06T09:13:59+01:00","dateModified":"2025-03-25T14:26:33+00:00"},{"@type":"WebSite","@id":"https:\/\/monatglobal.com\/es\/#website","url":"https:\/\/monatglobal.com\/es\/","name":"MONAT Espa\u00f1a","description":"We Are Modern Nature\u00ae","inLanguage":"en-US","publisher":{"@id":"https:\/\/monatglobal.com\/es\/#organization"}}]},"og:locale":"en_US","og:site_name":"MONAT Espa\u00f1a - We Are Modern Nature\u00ae","og:type":"article","og:title":"MONAT FOR MEN\u2122 Arcilla modeladora mate - MONAT Espa\u00f1a","og:description":"MONAT FOR MEN\u2122 Arcilla modeladora mate Esta gomina para el peinado, con base de agua y arcilla, est\u00e1 dise\u00f1ada para crear una textura definida y de aspecto m\u00e1s grueso. 45 ml \u212e 1.52 fl. oz. Precio de venta Cliente39.00 \u20ac Precio Cliente VIP33.00 \u20ac Para conocer m\u00e1s sobre MONAT FOR MEN\u2122 Arcilla modeladora mate, ponte en","og:url":"https:\/\/monatglobal.com\/es\/men-styling-clay\/","article:published_time":"2022-06-06T08:13:59+00:00","article:modified_time":"2025-03-25T14:26:33+00:00","twitter:card":"summary_large_image","twitter:title":"MONAT FOR MEN\u2122 Arcilla modeladora mate - MONAT Espa\u00f1a","twitter:description":"MONAT FOR MEN\u2122 Arcilla modeladora mate Esta gomina para el peinado, con base de agua y arcilla, est\u00e1 dise\u00f1ada para crear una textura definida y de aspecto m\u00e1s grueso. 45 ml \u212e 1.52 fl. oz. Precio de venta Cliente39.00 \u20ac Precio Cliente VIP33.00 \u20ac Para conocer m\u00e1s sobre MONAT FOR MEN\u2122 Arcilla modeladora mate, ponte en"},"aioseo_meta_data":{"post_id":"67937","title":null,"description":null,"keywords":null,"keyphrases":null,"primary_term":null,"canonical_url":null,"og_title":null,"og_description":null,"og_object_type":"default","og_image_type":"default","og_image_url":null,"og_image_width":null,"og_image_height":null,"og_image_custom_url":null,"og_image_custom_fields":null,"og_video":null,"og_custom_url":null,"og_article_section":null,"og_article_tags":null,"twitter_use_og":false,"twitter_card":"default","twitter_image_type":"default","twitter_image_url":null,"twitter_image_custom_url":null,"twitter_image_custom_fields":null,"twitter_title":null,"twitter_description":null,"schema":{"blockGraphs":[],"customGraphs":[],"default":{"data":{"Article":[],"Course":[],"Dataset":[],"FAQPage":[],"Movie":[],"Person":[],"Product":[],"ProductReview":[],"Car":[],"Recipe":[],"Service":[],"SoftwareApplication":[],"WebPage":[]},"graphName":"WebPage","isEnabled":true},"graphs":[]},"schema_type":"default","schema_type_options":null,"pillar_content":false,"robots_default":true,"robots_noindex":false,"robots_noarchive":false,"robots_nosnippet":false,"robots_nofollow":false,"robots_noimageindex":false,"robots_noodp":false,"robots_notranslate":false,"robots_max_snippet":null,"robots_max_videopreview":null,"robots_max_imagepreview":"large","priority":null,"frequency":null,"local_seo":null,"seo_analyzer_scan_date":"2025-08-14 18:05:58","limit_modified_date":false,"reviewed_by":null,"open_ai":null,"ai":null,"created":"2023-07-26 09:33:43","updated":"2026-02-10 05:26:46"},"aioseo_breadcrumb":"<div class=\"aioseo-breadcrumbs\"><span class=\"aioseo-breadcrumb\">\n\t<a href=\"https:\/\/monatglobal.com\/es\" title=\"Home\">Home<\/a>\n<\/span><span class=\"aioseo-breadcrumb-separator\">&raquo;<\/span><span class=\"aioseo-breadcrumb\">\n\tMONAT FOR MEN\u2122 Arcilla modeladora mate\n<\/span><\/div>","aioseo_breadcrumb_json":[{"label":"Home","link":"https:\/\/monatglobal.com\/es"},{"label":"MONAT FOR MEN\u2122 Arcilla modeladora mate","link":"https:\/\/monatglobal.com\/es\/men-styling-clay\/"}],"_links":{"self":[{"href":"https:\/\/monatglobal.com\/es\/wp-json\/wp\/v2\/pages\/67937","targetHints":{"allow":["GET"]}}],"collection":[{"href":"https:\/\/monatglobal.com\/es\/wp-json\/wp\/v2\/pages"}],"about":[{"href":"https:\/\/monatglobal.com\/es\/wp-json\/wp\/v2\/types\/page"}],"author":[{"embeddable":true,"href":"https:\/\/monatglobal.com\/es\/wp-json\/wp\/v2\/users\/31"}],"replies":[{"embeddable":true,"href":"https:\/\/monatglobal.com\/es\/wp-json\/wp\/v2\/comments?post=67937"}],"version-history":[{"count":24,"href":"https:\/\/monatglobal.com\/es\/wp-json\/wp\/v2\/pages\/67937\/revisions"}],"predecessor-version":[{"id":86640,"href":"https:\/\/monatglobal.com\/es\/wp-json\/wp\/v2\/pages\/67937\/revisions\/86640"}],"wp:featuredmedia":[{"embeddable":true,"href":"https:\/\/monatglobal.com\/es\/wp-json\/wp\/v2\/media\/67938"}],"wp:attachment":[{"href":"https:\/\/monatglobal.com\/es\/wp-json\/wp\/v2\/media?parent=67937"}],"wp:term":[{"taxonomy":"category","embeddable":true,"href":"https:\/\/monatglobal.com\/es\/wp-json\/wp\/v2\/categories?post=67937"},{"taxonomy":"post_tag","embeddable":true,"href":"https:\/\/monatglobal.com\/es\/wp-json\/wp\/v2\/tags?post=67937"}],"curies":[{"name":"wp","href":"https:\/\/api.w.org\/{rel}","templated":true}]}}