{"id":67778,"date":"2022-01-31T16:26:32","date_gmt":"2022-01-31T16:26:32","guid":{"rendered":"https:\/\/monatglobal.com\/es\/?page_id=67778"},"modified":"2026-02-18T15:28:03","modified_gmt":"2026-02-18T15:28:03","slug":"passport","status":"publish","type":"page","link":"https:\/\/monatglobal.com\/es\/passport\/","title":{"rendered":"MONAT Passport 2026 | Hilton Hawaiian Village Waikiki Beach Resort"},"content":{"rendered":"\n\n\t<style>\n    :root{\n        --primary-color: #736B00;\n        --secondary-color: #F1EDE6;\n        --olive-green: #8F9279;\n    }\n<\/style>\n    <section>\n        <img decoding=\"async\" src=\"https:\/\/monatglobal.com\/wp-content\/uploads\/2026\/01\/passport-logo-2026.svg\" alt=\"Pasport 2026 Logo\"\/>\n            <p>Hilton Hawaiian Village <br \/> Waikiki Beach Resort<\/p>\n            <p> Del 5 al 8 de noviembre de 2026<\/p>\n    <\/section>\n    <section id=\"first_sec\">\n            <img decoding=\"async\" alt=\"illustration graphic of orange palms\" src=\"https:\/\/monatglobal.com\/wp-content\/uploads\/2026\/01\/aloha-bucket-list-icon.svg\"\/>\n            <h2>Aloha!<\/h2>\n            <h3>Una oportunidad que solo ocurre una vez en la vida. No te la pierdas. <\/h3>\n            <p>En un extenso y exclusivo tramo de playa, este para\u00edso tropical de 22 acres te ofrece lujo, cultura local y una estancia de ensue\u00f1o. <\/p>\n                <img decoding=\"async\" src=\"https:\/\/monatglobal.com\/wp-content\/uploads\/2026\/01\/largest-beachfront-resort-.jpg\" alt=\"picture of Waikiki Beach Resort, vibrant tropical beach scene featuring palm trees and turquoise water\"\/>\n                <h3>El resort frente al mar m\u00e1s grande de Haw\u00e1i.<\/h3>\n                <img decoding=\"async\" src=\"https:\/\/monatglobal.com\/wp-content\/uploads\/2026\/01\/turquoise-waters.jpg\" alt=\"Resort pool area with palm trees and tropical landscaping\"\/>\n                <h3>La mejor ubicaci\u00f3n en la mundialmente famosa costa de Waikiki, con sus emblem\u00e1ticas aguas turquesas.<\/h3>\n                <img decoding=\"async\" src=\"https:\/\/monatglobal.com\/wp-content\/uploads\/2026\/01\/Five-stunning-pools.jpg\" alt=\"picture of private oceanfront lagoon\"\/>\n                <h3>Cinco impresionantes piscinas, toboganes acu\u00e1ticos y una laguna privada frente al oc\u00e9ano.<\/h3>\n                <img decoding=\"async\" src=\"https:\/\/monatglobal.com\/wp-content\/uploads\/2026\/01\/beachfront-dining-experiences.jpg\" alt=\"Gourmet Hawaiian dish featuring fresh fish with colorful vegetables and edible flowers on a dark plate\"\/>\n                <h3>M\u00e1s de 18 restaurantes, cafeter\u00edas y experiencias gastron\u00f3micas frente al mar.<\/h3>\n                <img decoding=\"async\" src=\"https:\/\/monatglobal.com\/wp-content\/uploads\/2026\/01\/80-shops.jpg\" alt=\"woman wearing orange-tinted sunglasses carrying yellow and white shopping bags over her shoulder\"\/>\n                <h3>M\u00e1s de 80 tiendas repartidas por todo el complejo.<\/h3>\n                <img decoding=\"async\" src=\"https:\/\/monatglobal.com\/wp-content\/uploads\/2026\/01\/wellness-experiences.jpg\" alt=\"Person relaxing during a spa treatment or wellness experience in a serene setting\"\/>\n                <h3>El spa y las experiencias de bienestar m\u00e1s grandes de Waikiki.<\/h3>\n    <\/section>\n    <section id=\"gallery_sec\">\n            <img decoding=\"async\" src=\"https:\/\/monatglobal.com\/wp-content\/uploads\/2026\/01\/you-have-arrive-icon.svg\" alt=\"Coral-colored starburst icon with eight pointed rays on a beige textured background\"\/>\n            <h2>Ya est\u00e1s aqu\u00ed. <br \/> Rainbow Tower en Hilton<br \/> Hawaiian Village<\/h2> \n                    <img decoding=\"async\" src=\"https:\/\/monatglobal.com\/wp-content\/uploads\/2026\/01\/coastal-colors-1.jpg\" alt=\"Aerial view of turquoise ocean waters meeting a curved sandy beach with lush green tropical vegetation along the coastline\"\/>\n                    <img decoding=\"async\" src=\"https:\/\/monatglobal.com\/wp-content\/uploads\/2026\/01\/newly-renovated-rooms-1.jpg\" alt=\"Bright, modern hotel room with ocean view balcony featuring white furnishings and natural light\"\/>\n                    <img decoding=\"async\" src=\"https:\/\/monatglobal.com\/wp-content\/uploads\/2026\/01\/Hawaiian-Village-1.jpg\" alt=\"Woman in white swimwear watching the sunset on a tropical beach with golden sunlight\"\/>\n                    Reconocida por sus deslumbrantes mosaicos de arco\u00edris, sus colores costeros y sus c\u00e1lidos detalles en madera,\nestas habitaciones reci\u00e9n renovadas est\u00e1n reservadas exclusivamente para quienes hayan conseguido calificarse para MONAT PASSPORT 2026.\n            <p>Conocido por sus mosaicos arco\u00edris deslumbrantes, colores costeros y acentos de madera c\u00e1lida, estas habitaciones reci\u00e9n renovadas est\u00e1n reservadas exclusivamente para los ganadores de MONAT PASSPORT 2026.<\/p>\n    <\/section>\n    <section id=\"quialification_sec\">\n            <img decoding=\"async\" src=\"https:\/\/monatglobal.com\/wp-content\/uploads\/2026\/01\/two-paths-icon.svg\" alt=\"Three coral-colored decorative elements: two starburst shapes of different sizes and one small four-pointed star\"\/>\n            <h2>Existen dos rutas que te llevar\u00e1n<br \/> a Haw\u00e1i<\/h2>\n            <p>Periodo de calificaci\u00f3n: <br \/> del 1 de enero al 30 de junio de 2026<\/p>\n            <img decoding=\"async\" src=\"https:\/\/monatglobal.com\/wp-content\/uploads\/2026\/01\/path-icon.svg\" alt=\"Coral-colored sun icon with irregular radiating rays\"\/>\n            <h3>CAMINO DEL BUILDER<\/h3>\n                CALIFICACI\u00d3N  <br \/> Del 1 de enero al 30 de junio de 2026\n                GRUPO\n                REQUISITOS\n                PREMIO\n                <!--ROW 1-->\n                <p>1<\/p>\n                    <p>GRUPO 1<\/p>\n                    <ul>\n                        <li>PATROCINIO PERSONAL: 10 MP, 20 Clientes VIP <\/li>\n                        <li>PATROCINIO GRUPO PERSONAL: 20 MP, 35 Clientes VIP<\/li>\n                        <li>VOLUMEN DE GRUPO:  50.000 VG<\/li>\n                    <\/ul>\n                    <p>PAGADO COMO EL RANGO EN JUNIO DE 2026: MMB+ <\/p>\n                    <ul>\n                        <li>Hotel para 1 persona<\/li>\n                        <li>Billetes de avi\u00f3n para 1<\/li>\n                        <li>Transporte terrestre para el hotel para 1<\/li>\n                        <li>Recepci\u00f3n de bienvenida para 1<\/li>\n                    <\/ul>\n                <!--ROW 2-->\n                <p>2<\/p>\n                    <p>GRUPO 2<\/p>\n                    <ul>\n                        <li>PATROCINIO PERSONAL: 12 MP, 30 Clientes VIP<\/li>\n                        <li>PATROCINIO GRUPO PERSONAL: 30 MP, 90 Clientes VIP<\/li>\n                        <li>VOLUMEN DE GRUPO: 70 000 VG<\/li>\n                    <\/ul>\n                    <p>PAGADO COMO EL RANGO EN JUNIO DE 2026: AMM+   <\/p>\n                    <p>Incluye al Grupo 1 y, ADEM\u00c1S<\/p>\n                    <ul>\n                        <li>Hotel para 2 personas<\/li>\n                        <li>Transporte terrestre para 2<\/li>\n                        <li>Recepci\u00f3n de bienvenida para 2<\/li>\n                    <\/ul>\n                    <p>(el billete de avi\u00f3n sigue siendo para 1)<\/p>\n                <!--ROW 3-->\n                <p>3<\/p>\n                    <p>GRUPO 3<\/p>\n                    <ul>\n                        <li>PATROCINIO PERSONAL: 15 MP, 45 Clientes VIP<\/li>\n                        <li>PATROCINIO GRUPO PERSONAL: 45 MP, 140 Clientes VIP<\/li>\n                        <li>VOLUMEN DEL GRUPO: 100 000 VG<\/li>\n                    <\/ul>\n                    <p>PAGADO COMO EL RANGO EN JUNIO DE 2026: MM+ <\/p>\n                    <p>Incluye al Grupo 2 y, ADEM\u00c1S<\/p>\n                    <ul>\n                        <li>Billete de avi\u00f3n para 2<\/li>\n                    <\/ul>\n            <ul>\n                <li>Los Market Partners patrocinados personalmente y los patrocinados por grupos personales deben inscribirse con un Pack de productos para que cuenten a efectos de calificaci\u00f3n. <\/li>\n                <li>Los VIP patrocinados personalmente y los del grupo personal deben haber iniciado un pedido de 75 \u20ac o m\u00e1s y deben tener un Flexship programado de 75 \u20ac o m\u00e1s.<\/li>\n            <\/ul>\n        <!---->\n        <!--    <h3>INCENTIVO DE VG DE ENERO<\/h3>-->\n        <!--    -->\n        <!--        <ul> -->\n        <!--            <li>Completa los requisitos de \u00abEl Poder de 2\u00bb de mediados de mes (1 + 4) antes del 15 de enero y recibe 5000 VG* que contar\u00e1n para tus requisitos de Passport.<\/li>-->\n        <!--        <\/ul>-->\n        <!--        <ul>-->\n        <!--            <li>Completa los requisitos de \u00abEl Poder de 2\u00bb del mes completo (2 + 8) antes del 15 de enero y recibe 10000 VG* que contar\u00e1n para tus requisitos de Passport.<\/li>-->\n        <!--        <\/ul>-->\n        <!--    -->\n        <!--    <p>*El VG solo se a\u00f1adir\u00e1 para tus propias calificaciones de Passport. El VG no se a\u00f1adir\u00e1 a tu organizaci\u00f3n de l\u00ednea ascendente y no se aplicar\u00e1 para los&nbsp;requisitos de rango de VG.<br \/> El VG se mostrar\u00e1 en la herramienta de seguimiento a partir del 17 de febrero de 2026. <\/p>-->\n        <!---->\n            <img decoding=\"async\" src=\"https:\/\/monatglobal.com\/wp-content\/uploads\/2026\/01\/path-icon.svg\" alt=\"Coral-colored sun icon with irregular radiating rays\"\/> \n            <h3>CAMINO DEL VENDEDOR<\/h3>\n                CALIFICACI\u00d3N <br \/> Del 1 de enero al 30 de junio de 2026\n                GRUPO\n                REQUISITOS\n                PREMIO\n                <!--ROW 1-->\n                <p>1<\/p>\n                    <p>GRUPO 1<\/p>\n                    <ul>\n                        <li>Consigue 50,000 VP en 1 de los 6 meses del periodo de calificaci\u00f3n.  <\/li>\n                    <\/ul>\n                    <ul>\n                        <li>Hotel para 1 persona<\/li>\n                        <li>Billetes de avi\u00f3n para 1<\/li>\n                        <li>Transporte terrestre para 1<\/li>\n                        <li>Recepci\u00f3n de bienvenida para 1<\/li>\n                    <\/ul>\n                <!--ROW 2-->\n                <p>2<\/p>\n                    <p>GRUPO 2<\/p>\n                    <ul>\n                        <li>Consigue 50,000 VP en 2 de los 6 meses del periodo de calificaci\u00f3n.<\/li>\n                    <\/ul>\n                    <p>Incluye al Grupo 1 y, ADEM\u00c1S<\/p>\n                    <ul>\n                        <li>Hotel para 2 personas<\/li>\n                        <li>Transporte terrestre para 2<\/li>\n                        <li>Recepci\u00f3n de bienvenida para 2<\/li>\n                    <\/ul>\n                    <p>(el billete de avi\u00f3n sigue siendo para 1)<\/p>\n                <!--ROW 3-->\n                <p>3<\/p>\n                    <p>GRUPO 3<\/p>\n                    <ul>\n                        <li>Consigue 50,000 VP en 3 de los 6 meses del periodo de calificaci\u00f3n.<\/li>\n                    <\/ul>\n                    <p>Incluye al Grupo 2 y, ADEM\u00c1S<\/p>\n                    <ul>\n                        <li>Billete de avi\u00f3n para 2<\/li>\n                    <\/ul>\n                <h3>INCENTIVO DE ENERO PARA EL CAMINO DEL VENDEDOR<\/h3>\n                <p>Consigue 50,000 VP en enero y contar\u00e1n como 2 meses para tu calificaci\u00f3n.<\/p>\n    <\/section>\n    <section id=\"includes_sec\">\n        <img decoding=\"async\" src=\"https:\/\/monatglobal.com\/wp-content\/uploads\/2026\/01\/two-paths-icon.svg\" alt=\"Three coral-colored decorative elements: two starburst shapes of different sizes and one small four-pointed star\"\/>\n        <h2>Tu experiencia <br \/> incluye:<\/h2>\n                <ul> \n                    <li>3 noches en el Hilton Hawaiian Village Waikiki Beach Resort.<\/li>\n                    <li>Solo durante las noches programadas del 5, 6 y 7 de noviembre de 2026.<\/li>\n                    <li>Vuelo de ida y vuelta al aeropuerto internacional de Honolulu.<\/li>\n                    <li>Media jornada de formaci\u00f3n.<\/li>\n                <\/ul>\n                <ul>\n                    <li>Reconocimiento exclusivo.<\/li>\n                    <li>Algunas comidas.<\/li>\n                    <li>Transporte terrestre de ida y vuelta del aeropuerto al hotel.<\/li>\n                    <li>El transporte terrestre est\u00e1 incluido para los MP calificados y para los invitados registrados en los Grupos 2&nbsp;o&nbsp;3.<\/li>\n                <\/ul>\n            <a id=\"faq_btn\" href=\"https:\/\/monatglobal.com\/es\/wp-content\/uploads\/sites\/10\/2026\/01\/SP_Passport-2026-FAQs_011926_v3.pdf\" target=\"_blank\" rel=\"noopener\">PREGUNTAS FRECUENTES<\/a>\n            <a id=\"termsAndC\" href=\"https:\/\/monatglobal.com\/es\/wp-content\/uploads\/sites\/10\/2026\/01\/SP_Passport-2026_Terms-and-Conditions_PDF_010526_v1.pdf\" target=\"_blank\" rel=\"noopener\">\n                <p>T\u00e9rminos y condiciones<\/p>\n            <\/a>\n            #MONATpassport\n    <\/section>\n\n","protected":false},"excerpt":{"rendered":"<p>Hilton Hawaiian Village Waikiki Beach Resort Del 5 al 8 de noviembre de 2026 Aloha! Una oportunidad que solo ocurre una vez en la vida. No te la pierdas. En un extenso y exclusivo tramo de playa, este para\u00edso tropical de 22 acres te ofrece lujo, cultura local y una estancia de ensue\u00f1o. El resort&hellip;<\/p>\n","protected":false},"author":31,"featured_media":108961,"parent":0,"menu_order":0,"comment_status":"closed","ping_status":"closed","template":"","meta":{"inline_featured_image":false,"om_disable_all_campaigns":false,"_monsterinsights_skip_tracking":false,"_monsterinsights_sitenote_active":false,"_monsterinsights_sitenote_note":"","_monsterinsights_sitenote_category":0,"footnotes":""},"categories":[],"tags":[],"class_list":["post-67778","page","type-page","status-publish","has-post-thumbnail","hentry"],"aioseo_notices":[],"aioseo_head":"\n\t\t<!-- All in One SEO Pro 4.9.5.2 - aioseo.com -->\n\t<meta name=\"description\" content=\"Califica entre el 1 de Agosto de 2024 \u2013 31 de enero 2025, y consigue tu plaza para venir a relajarte, disfrutar y refrescarte en un lugar de lujo cinco estrellas con todo incluido.\" \/>\n\t<meta name=\"robots\" content=\"max-image-preview:large\" \/>\n\t<link rel=\"canonical\" href=\"https:\/\/monatglobal.com\/es\/passport\/\" \/>\n\t<meta name=\"generator\" content=\"All in One SEO Pro (AIOSEO) 4.9.5.2\" \/>\n\t\t<meta property=\"og:locale\" content=\"en_US\" \/>\n\t\t<meta property=\"og:site_name\" content=\"MONAT Espa\u00f1a - We Are Modern Nature\u00ae\" \/>\n\t\t<meta property=\"og:type\" content=\"article\" \/>\n\t\t<meta property=\"og:title\" content=\"MONAT Passport 2025 | Hard Rock Hotel Punta Cana\" \/>\n\t\t<meta property=\"og:description\" content=\"Califica entre el 1 de Agosto de 2024 \u2013 31 de enero 2025, y consigue tu plaza para venir a relajarte, disfrutar y refrescarte en un lugar de lujo cinco estrellas con todo incluido.\" \/>\n\t\t<meta property=\"og:url\" content=\"https:\/\/monatglobal.com\/es\/passport\/\" \/>\n\t\t<meta property=\"article:published_time\" content=\"2022-01-31T16:26:32+00:00\" \/>\n\t\t<meta property=\"article:modified_time\" content=\"2026-02-18T15:28:03+00:00\" \/>\n\t\t<meta name=\"twitter:card\" content=\"summary_large_image\" \/>\n\t\t<meta name=\"twitter:title\" content=\"MONAT Passport 2025 | Hard Rock Hotel Punta Cana\" \/>\n\t\t<meta name=\"twitter:description\" content=\"Califica entre el 1 de Agosto de 2024 \u2013 31 de enero 2025, y consigue tu plaza para venir a relajarte, disfrutar y refrescarte en un lugar de lujo cinco estrellas con todo incluido.\" \/>\n\t\t<script type=\"application\/ld+json\" class=\"aioseo-schema\">\n\t\t\t{\"@context\":\"https:\\\/\\\/schema.org\",\"@graph\":[{\"@type\":\"BreadcrumbList\",\"@id\":\"https:\\\/\\\/monatglobal.com\\\/es\\\/passport\\\/#breadcrumblist\",\"itemListElement\":[{\"@type\":\"ListItem\",\"@id\":\"https:\\\/\\\/monatglobal.com\\\/es#listItem\",\"position\":1,\"name\":\"Home\",\"item\":\"https:\\\/\\\/monatglobal.com\\\/es\",\"nextItem\":{\"@type\":\"ListItem\",\"@id\":\"https:\\\/\\\/monatglobal.com\\\/es\\\/passport\\\/#listItem\",\"name\":\"MONAT Passport 2026 | Hilton Hawaiian Village Waikiki Beach Resort\"}},{\"@type\":\"ListItem\",\"@id\":\"https:\\\/\\\/monatglobal.com\\\/es\\\/passport\\\/#listItem\",\"position\":2,\"name\":\"MONAT Passport 2026 | Hilton Hawaiian Village Waikiki Beach Resort\",\"previousItem\":{\"@type\":\"ListItem\",\"@id\":\"https:\\\/\\\/monatglobal.com\\\/es#listItem\",\"name\":\"Home\"}}]},{\"@type\":\"Organization\",\"@id\":\"https:\\\/\\\/monatglobal.com\\\/es\\\/#organization\",\"name\":\"MONAT Espa\\u00f1a\",\"description\":\"We Are Modern Nature\\u00ae\",\"url\":\"https:\\\/\\\/monatglobal.com\\\/es\\\/\"},{\"@type\":\"WebPage\",\"@id\":\"https:\\\/\\\/monatglobal.com\\\/es\\\/passport\\\/#webpage\",\"url\":\"https:\\\/\\\/monatglobal.com\\\/es\\\/passport\\\/\",\"name\":\"MONAT Passport 2025 | Hard Rock Hotel Punta Cana\",\"description\":\"Califica entre el 1 de Agosto de 2024 \\u2013 31 de enero 2025, y consigue tu plaza para venir a relajarte, disfrutar y refrescarte en un lugar de lujo cinco estrellas con todo incluido.\",\"inLanguage\":\"en-US\",\"isPartOf\":{\"@id\":\"https:\\\/\\\/monatglobal.com\\\/es\\\/#website\"},\"breadcrumb\":{\"@id\":\"https:\\\/\\\/monatglobal.com\\\/es\\\/passport\\\/#breadcrumblist\"},\"image\":{\"@type\":\"ImageObject\",\"url\":\"https:\\\/\\\/monatglobal.com\\\/es\\\/wp-content\\\/uploads\\\/sites\\\/10\\\/2026\\\/01\\\/Ft-img-passport-2026-Hawai.jpg\",\"@id\":\"https:\\\/\\\/monatglobal.com\\\/es\\\/passport\\\/#mainImage\",\"width\":1200,\"height\":628},\"primaryImageOfPage\":{\"@id\":\"https:\\\/\\\/monatglobal.com\\\/es\\\/passport\\\/#mainImage\"},\"datePublished\":\"2022-01-31T16:26:32+00:00\",\"dateModified\":\"2026-02-18T15:28:03+00:00\"},{\"@type\":\"WebSite\",\"@id\":\"https:\\\/\\\/monatglobal.com\\\/es\\\/#website\",\"url\":\"https:\\\/\\\/monatglobal.com\\\/es\\\/\",\"name\":\"MONAT Espa\\u00f1a\",\"description\":\"We Are Modern Nature\\u00ae\",\"inLanguage\":\"en-US\",\"publisher\":{\"@id\":\"https:\\\/\\\/monatglobal.com\\\/es\\\/#organization\"}}]}\n\t\t<\/script>\n\t\t<!-- All in One SEO Pro -->\r\n\t\t<title>MONAT Passport 2025 | Hard Rock Hotel Punta Cana<\/title>\n\n","aioseo_head_json":{"title":"MONAT Passport 2025 | Hard Rock Hotel Punta Cana","description":"Califica entre el 1 de Agosto de 2024 \u2013 31 de enero 2025, y consigue tu plaza para venir a relajarte, disfrutar y refrescarte en un lugar de lujo cinco estrellas con todo incluido.","canonical_url":"https:\/\/monatglobal.com\/es\/passport\/","robots":"max-image-preview:large","keywords":"","webmasterTools":{"miscellaneous":""},"schema":{"@context":"https:\/\/schema.org","@graph":[{"@type":"BreadcrumbList","@id":"https:\/\/monatglobal.com\/es\/passport\/#breadcrumblist","itemListElement":[{"@type":"ListItem","@id":"https:\/\/monatglobal.com\/es#listItem","position":1,"name":"Home","item":"https:\/\/monatglobal.com\/es","nextItem":{"@type":"ListItem","@id":"https:\/\/monatglobal.com\/es\/passport\/#listItem","name":"MONAT Passport 2026 | Hilton Hawaiian Village Waikiki Beach Resort"}},{"@type":"ListItem","@id":"https:\/\/monatglobal.com\/es\/passport\/#listItem","position":2,"name":"MONAT Passport 2026 | Hilton Hawaiian Village Waikiki Beach Resort","previousItem":{"@type":"ListItem","@id":"https:\/\/monatglobal.com\/es#listItem","name":"Home"}}]},{"@type":"Organization","@id":"https:\/\/monatglobal.com\/es\/#organization","name":"MONAT Espa\u00f1a","description":"We Are Modern Nature\u00ae","url":"https:\/\/monatglobal.com\/es\/"},{"@type":"WebPage","@id":"https:\/\/monatglobal.com\/es\/passport\/#webpage","url":"https:\/\/monatglobal.com\/es\/passport\/","name":"MONAT Passport 2025 | Hard Rock Hotel Punta Cana","description":"Califica entre el 1 de Agosto de 2024 \u2013 31 de enero 2025, y consigue tu plaza para venir a relajarte, disfrutar y refrescarte en un lugar de lujo cinco estrellas con todo incluido.","inLanguage":"en-US","isPartOf":{"@id":"https:\/\/monatglobal.com\/es\/#website"},"breadcrumb":{"@id":"https:\/\/monatglobal.com\/es\/passport\/#breadcrumblist"},"image":{"@type":"ImageObject","url":"https:\/\/monatglobal.com\/es\/wp-content\/uploads\/sites\/10\/2026\/01\/Ft-img-passport-2026-Hawai.jpg","@id":"https:\/\/monatglobal.com\/es\/passport\/#mainImage","width":1200,"height":628},"primaryImageOfPage":{"@id":"https:\/\/monatglobal.com\/es\/passport\/#mainImage"},"datePublished":"2022-01-31T16:26:32+00:00","dateModified":"2026-02-18T15:28:03+00:00"},{"@type":"WebSite","@id":"https:\/\/monatglobal.com\/es\/#website","url":"https:\/\/monatglobal.com\/es\/","name":"MONAT Espa\u00f1a","description":"We Are Modern Nature\u00ae","inLanguage":"en-US","publisher":{"@id":"https:\/\/monatglobal.com\/es\/#organization"}}]},"og:locale":"en_US","og:site_name":"MONAT Espa\u00f1a - We Are Modern Nature\u00ae","og:type":"article","og:title":"MONAT Passport 2025 | Hard Rock Hotel Punta Cana","og:description":"Califica entre el 1 de Agosto de 2024 \u2013 31 de enero 2025, y consigue tu plaza para venir a relajarte, disfrutar y refrescarte en un lugar de lujo cinco estrellas con todo incluido.","og:url":"https:\/\/monatglobal.com\/es\/passport\/","article:published_time":"2022-01-31T16:26:32+00:00","article:modified_time":"2026-02-18T15:28:03+00:00","twitter:card":"summary_large_image","twitter:title":"MONAT Passport 2025 | Hard Rock Hotel Punta Cana","twitter:description":"Califica entre el 1 de Agosto de 2024 \u2013 31 de enero 2025, y consigue tu plaza para venir a relajarte, disfrutar y refrescarte en un lugar de lujo cinco estrellas con todo incluido."},"aioseo_meta_data":{"post_id":"67778","title":"MONAT Passport 2025 | Hard Rock Hotel Punta Cana","description":"Califica entre el 1 de Agosto de 2024 \u2013 31 de enero 2025, y consigue tu plaza para venir a relajarte, disfrutar y refrescarte en un lugar de lujo cinco estrellas con todo incluido.","keywords":null,"keyphrases":{"focus":{"keyphrase":"MONAT","score":80,"analysis":{"keyphraseInTitle":{"score":9,"maxScore":9,"error":0},"keyphraseInDescription":{"score":3,"maxScore":9,"error":1},"keyphraseLength":{"score":9,"maxScore":9,"error":0,"length":1},"keyphraseInURL":{"score":5,"maxScore":5,"error":0},"keyphraseInIntroduction":{"score":3,"maxScore":9,"error":1},"keyphraseInSubHeadings":[],"keyphraseInImageAlt":{"score":9,"maxScore":9,"error":0},"keywordDensity":{"type":"best","score":9,"maxScore":9,"error":0}}},"additional":[{"keyphrase":"Passport","score":40,"analysis":{"keyphraseInDescription":{"score":3,"maxScore":9,"error":1},"keyphraseLength":{"score":9,"maxScore":9,"error":0,"length":1},"keyphraseInIntroduction":{"score":3,"maxScore":9,"error":1},"keyphraseInImageAlt":{"score":3,"maxScore":9,"error":1},"keywordDensity":{"score":0,"type":"low","maxScore":9,"error":1}}}]},"primary_term":null,"canonical_url":null,"og_title":null,"og_description":null,"og_object_type":"default","og_image_type":"default","og_image_url":null,"og_image_width":null,"og_image_height":null,"og_image_custom_url":null,"og_image_custom_fields":null,"og_video":"","og_custom_url":null,"og_article_section":null,"og_article_tags":null,"twitter_use_og":false,"twitter_card":"default","twitter_image_type":"default","twitter_image_url":null,"twitter_image_custom_url":null,"twitter_image_custom_fields":null,"twitter_title":null,"twitter_description":null,"schema":{"blockGraphs":[],"customGraphs":[],"default":{"data":{"Article":[],"Course":[],"Dataset":[],"FAQPage":[],"Movie":[],"Person":[],"Product":[],"ProductReview":[],"Car":[],"Recipe":[],"Service":[],"SoftwareApplication":[],"WebPage":[]},"graphName":"WebPage","isEnabled":true},"graphs":[]},"schema_type":"default","schema_type_options":null,"pillar_content":false,"robots_default":true,"robots_noindex":false,"robots_noarchive":false,"robots_nosnippet":false,"robots_nofollow":false,"robots_noimageindex":false,"robots_noodp":false,"robots_notranslate":false,"robots_max_snippet":"-1","robots_max_videopreview":"-1","robots_max_imagepreview":"large","priority":null,"frequency":"default","local_seo":null,"seo_analyzer_scan_date":"2026-02-18 15:42:22","limit_modified_date":false,"reviewed_by":null,"open_ai":"{\"title\":{\"suggestions\":[],\"usage\":0},\"description\":{\"suggestions\":[],\"usage\":0}}","ai":null,"created":"2023-07-26 09:27:25","updated":"2026-02-18 15:42:22"},"aioseo_breadcrumb":"<div class=\"aioseo-breadcrumbs\"><span class=\"aioseo-breadcrumb\">\n\t<a href=\"https:\/\/monatglobal.com\/es\" title=\"Home\">Home<\/a>\n<\/span><span class=\"aioseo-breadcrumb-separator\">&raquo;<\/span><span class=\"aioseo-breadcrumb\">\n\tMONAT Passport 2026 | Hilton Hawaiian Village Waikiki Beach Resort\n<\/span><\/div>","aioseo_breadcrumb_json":[{"label":"Home","link":"https:\/\/monatglobal.com\/es"},{"label":"MONAT Passport 2026 | Hilton Hawaiian Village Waikiki Beach Resort","link":"https:\/\/monatglobal.com\/es\/passport\/"}],"_links":{"self":[{"href":"https:\/\/monatglobal.com\/es\/wp-json\/wp\/v2\/pages\/67778","targetHints":{"allow":["GET"]}}],"collection":[{"href":"https:\/\/monatglobal.com\/es\/wp-json\/wp\/v2\/pages"}],"about":[{"href":"https:\/\/monatglobal.com\/es\/wp-json\/wp\/v2\/types\/page"}],"author":[{"embeddable":true,"href":"https:\/\/monatglobal.com\/es\/wp-json\/wp\/v2\/users\/31"}],"replies":[{"embeddable":true,"href":"https:\/\/monatglobal.com\/es\/wp-json\/wp\/v2\/comments?post=67778"}],"version-history":[{"count":44,"href":"https:\/\/monatglobal.com\/es\/wp-json\/wp\/v2\/pages\/67778\/revisions"}],"predecessor-version":[{"id":109138,"href":"https:\/\/monatglobal.com\/es\/wp-json\/wp\/v2\/pages\/67778\/revisions\/109138"}],"wp:featuredmedia":[{"embeddable":true,"href":"https:\/\/monatglobal.com\/es\/wp-json\/wp\/v2\/media\/108961"}],"wp:attachment":[{"href":"https:\/\/monatglobal.com\/es\/wp-json\/wp\/v2\/media?parent=67778"}],"wp:term":[{"taxonomy":"category","embeddable":true,"href":"https:\/\/monatglobal.com\/es\/wp-json\/wp\/v2\/categories?post=67778"},{"taxonomy":"post_tag","embeddable":true,"href":"https:\/\/monatglobal.com\/es\/wp-json\/wp\/v2\/tags?post=67778"}],"curies":[{"name":"wp","href":"https:\/\/api.w.org\/{rel}","templated":true}]}}