{"id":67244,"date":"2022-03-07T09:00:17","date_gmt":"2022-03-07T09:00:17","guid":{"rendered":"https:\/\/monatglobal.com\/es\/?page_id=67244"},"modified":"2026-02-06T16:55:40","modified_gmt":"2026-02-06T16:55:40","slug":"men-shaving-cream","status":"publish","type":"page","link":"https:\/\/monatglobal.com\/es\/men-shaving-cream\/","title":{"rendered":"Men Shaving cream"},"content":{"rendered":"\n\n\t<link rel=\"stylesheet\" href=\"https:\/\/unpkg.com\/swiper\/swiper-bundle.min.css\" \/>\n<link rel=\"stylesheet\" href=\"https:\/\/monatglobal.com\/wp-content\/creative_css\/product_styles_sheet.css\" \/>\n   <!--==================================================== ECOMM SECTION ====================================================-->\n      <!--==================================================== Ecomm image ====================================================-->\n           \n      <source media=\"(max-width: 700px)\" srcset=\"https:\/\/monatglobal.com\/wp-content\/uploads\/2021\/12\/essential-shaving-cream-ecomm-2022_mobile.png\" loading=\"lazy\"\/>\n      <img decoding=\"async\" src=\"https:\/\/monatglobal.com\/pl\/wp-content\/uploads\/sites\/9\/2022\/01\/Shaving-Cream-ecomm-2022.png\" alt=\"MONAT FOR MEN\u2122 Essential Shaving Creamcream\" loading=\"lazy\"\/>\n         \n      <!--==================================================== Ecomm information  ====================================================-->\n         <h1>Crema de<br \/> afeitar esencial<\/h1>\n         <p>MONAT FOR MEN\u2122<\/p>\n         \n         <p>El afeitado suave y sencillo que te mereces. <\/p>\n         <p>120 ml \u212e 4 fl. oz.<\/p>\n       <!--==================================================== pricing box  ====================================================-->  \n         <p>Precio de venta Cliente<br \/>00.00 \u20ac<\/p>\n         <p>Precio Cliente VIP<br \/>00.00 \u20ac<\/p>\n        <!--==================================================== pricing box  ====================================================--> \n         <p>Para conocer m\u00e1s sobre Crema de afeitar esencial MONAT FOR MEN\u2122, ponte en contacto con tu Market Partner de MONAT.<\/p>\n          <a href=\"\" target=\"_blank\" role=\"button\" aria-label=\"\" rel=\"noopener\"><\/a>\n   <!--==================================================== \/ECOMM SECTION  ====================================================-->\n   <!--==================================================== Benefits image ====================================================-->\n   \n      <source media=\"(max-width: 700px)\" srcset=\"https:\/\/monatglobal.com\/wp-content\/uploads\/2022\/01\/essential_cream_shave-benefits_mobile.jpg\" loading=\"lazy\"\/>\n      <img decoding=\"async\" alt=\"Closeup of a woman's hands applying MONAT's Silky &#038; Soothing Hand Cream over a light peach background.\" \n      src=\"https:\/\/monatglobal.com\/wp-content\/uploads\/2022\/01\/essential_cream_shave-benefits.jpg\" loading=\"lazy\"\/>\n   \n   <!--==================================================== Benefits text ====================================================-->\n         <h2>BENEFICIOS<\/h2>\n         <h3>Esta crema de afeitar nutritiva, formulada con potentes ingredientes y activos bot\u00e1nicos naturales, refresca e hidrata la piel seca para obtener una experiencia de cuidado calmante.<\/h3>\n         \n         <!--==================================================== features image  ====================================================-->\n         <img decoding=\"async\" alt=\"MONAT's Silky &#038; Soothing Hand Cream lays centered over a solid peach color background exhibiting its main ingredients such \n         as coconut &#038; oils ornamenting the main product. \" src=\"https:\/\/monatglobal.com\/wp-content\/uploads\/2022\/01\/essential_cream_shave-features.jpg\" loading=\"lazy\"\/>\n      <!--==================================================== features text ====================================================-->\n            <h3>Dise\u00f1ada para suavizar el vello facial y conseguir un afeitado m\u00e1s suave y&nbsp;c\u00f3modo. <\/h3>\n               <p>\/ Formulaci\u00f3n reforzada con REJUVENIQE S\u2122 y activos bot\u00e1nicos naturales<\/p>\n               <p>\/ Para todos los tipos de piel, incluidas las sensibles<\/p>\n               <p>\/ Cl\u00ednica y dermatol\u00f3gicamente probada<\/p>\n               <br \/>\n            <p>Fragancia \/ Mentol, brisa marina, \u00e1rbol de t\u00e9.<\/p>\n            <p> Textura \/ Cremosa\/ligera<\/p>\n   <!--==================================================== composition image mobile ====================================================-->\n   <img decoding=\"async\" alt=\"An abstract beauty shot showing a caucassian as well as an african american women's hands. \n   It is intended to portray its use on any type of skin.\" src=\"https:\/\/monatglobal.com\/wp-content\/uploads\/2021\/12\/essential_cream_shave-comp-1.jpg\" loading=\"lazy\"\/>\n   <!--==================================================== Why it works text ====================================================-->\n      <h2>Una mezcla revitalizante de ingredientes naturales.<\/h2>\n      <h3>Nutre, alivia y protege la piel seca para conseguir una experiencia de afeitado m\u00e1s agradable. <\/h3>\n<!--==================================================== Composition section ====================================================-->\n      <img decoding=\"async\" alt=\"An abstract beauty shot showing a caucassian as well as an african american women's hands. It is intended to portray its \n      use on any type of skin.\" src=\"https:\/\/monatglobal.com\/wp-content\/uploads\/2021\/12\/essential_cream_shave-comp-1.jpg\" loading=\"lazy\"\/>\n      <img decoding=\"async\" alt=\"A closeup of a woman applying MONAT's Silky &#038; Soothing Hand Cream onto her hands. This image reveals the cream's white \n      texture.\" src=\"https:\/\/monatglobal.com\/wp-content\/uploads\/2022\/01\/essential_cream_shave-comp-3.jpg\" loading=\"lazy\"\/>\n            <!--==================================================== Directions text ====================================================--> \n               <h3>Instrucciones<\/h3>\n               <p>\/ Con la punta de los dedos aplicar una peque\u00f1a cantidad de producto en la piel.<\/p>\n               <p>\/ Deslizar la cuchilla de afeitar por la barba para un suave afeitado.<\/p>\n               <p>\/ Aclarar abundantemente.<\/p>\n               <p>\/ Secar con una toalla limpia.<\/p>\n            <!--==================================================== Directions video ====================================================-->\n      <p>Crema de afeitar esencial<br \/>MONAT FOR MEN\u2122<br \/>0:26<\/p>\n      <a href=\"\" target=\"_blank\" role=\"button\" aria-label=\"\" rel=\"noopener\"><\/a>\n   <!--==================================================== Ingredients section  ====================================================-->\n      <h2>INGREDIENTES CLAVE<\/h2>\n               <p>REJUVENIQE S\u2122<\/p>\n               <p>Aceite de coco<\/p>\n               <p>Manteca de karit\u00e9<\/p>\n               <p>Aloe Vera<\/p>\n               <p>Avenacare<\/p>\n               <p>Extracto de ra\u00edz de jengibre<\/p>\n               <p>Aceite de semillas de caf\u00e9<\/p>\n               <p>Pantenol<\/p>\n        <button id=\"myBtn\" type=\"button\">LISTA DE INGREDIENTES<\/button>\n      <!--==================================================== Modal content  ====================================================-->\n         &times;\n         Aqua\/Water\/Eau, Palmitic Acid, Stearic Acid, Cetyl Alcohol, Glycerin, Glyceryl Stearate, \n         Cocos Nucifera (Coconut) Oil, Caprylic\/Capric Triglyceride, Butyrospermum Parkii (Shea) Butter, \n         Adansonia Digitata Oil, Caryocar Brasiliense Fruit Oil, Gardenia Taitensis Flower Extract, Helianthus Annuus (Sunflower) Seed Oil, \n         Mauritia Flexuosa Fruit Oil, Moringa Oleifera Seed Oil, Tocopherol, Beta-Glucan, Simmondsia Chinensis (Jojoba) Seed Extract, \n         Zingiber Officinale (Ginger) Root Extract, Maltodextrin, Citrus Aurantifolia (Lime) Oil, Citrus Aurantium Bergamia (Bergamot) Fruit Oil, \n         Camellia Oleifera Seed Oil, Olea Europaea (Olive) Fruit Oil, Citrus Limon (Lemon) Peel Oil, Daucus Carota Sativa (Carrot) Seed Oil, \n         Solanum Lycopersicum (Tomato) Seed Oil, Citric Acid, Coffea Arabica (Coffee) Seed Oil, Lauric Acid, Myristic Acid, Bisabolol, \n         Ethylhexylglycerin, Crambe Abyssinica Seed Oil, Lavandula Angustifolia (Lavender) Oil, Sodium Hydroxide, Xanthan Gum, \n         Aloe Barbadensis Leaf Juice, Menthol, Panthenol, Limnanthes Alba (Meadowfoam) Seed Oil, Fragrance\/Parfum, Tocopheryl Acetate, \n         Benzyl Alcohol, Potassium Sorbate, Sodium Benzoate, Phenoxyethanol, Benzoic Acid, Dehydroacetic Acid, Benzyl Benzoate, Limonene, Linalool.\n   <!--==================================================== You might also like section ====================================================-->\n      <h2>PUEDE QUE TAMBI\u00c9N TE GUSTE<\/h2>\n      <!--==================================================== Slider YOU MIGHT ALSO LIKE ====================================================-->\n         <!--==================================================== If we need navigation buttons  ====================================================-->\n         <!--==================================================== If we need paginations  ====================================================-->\n    <a href=\"\" aria-label=\"\"><\/a>\n<!--==================================================== this link has to go last for it to work   ====================================================-->\n\n","protected":false},"excerpt":{"rendered":"<p>Crema de afeitar esencial MONAT FOR MEN\u2122 El afeitado suave y sencillo que te mereces. 120 ml \u212e 4 fl. oz. Precio de venta Cliente00.00 \u20ac Precio Cliente VIP00.00 \u20ac Para conocer m\u00e1s sobre Crema de afeitar esencial MONAT FOR MEN\u2122, ponte en contacto con tu Market Partner de MONAT. BENEFICIOS Esta crema de afeitar&hellip;<\/p>\n","protected":false},"author":31,"featured_media":68185,"parent":0,"menu_order":0,"comment_status":"closed","ping_status":"closed","template":"","meta":{"inline_featured_image":false,"om_disable_all_campaigns":false,"_monsterinsights_skip_tracking":false,"_monsterinsights_sitenote_active":false,"_monsterinsights_sitenote_note":"","_monsterinsights_sitenote_category":0,"footnotes":""},"categories":[31],"tags":[],"class_list":["post-67244","page","type-page","status-publish","has-post-thumbnail","hentry","category-product-es"],"aioseo_notices":[],"aioseo_head":"\n\t\t<!-- All in One SEO Pro 4.9.6 - aioseo.com -->\n\t<meta name=\"description\" content=\"Crema de afeitar esencial MONAT FOR MEN\u2122 El afeitado suave y sencillo que te mereces. 120 ml \u212e 4 fl. oz. Precio de venta Cliente00.00 \u20ac Precio Cliente VIP00.00 \u20ac Para conocer m\u00e1s sobre Crema de afeitar esencial MONAT FOR MEN\u2122, ponte en contacto con tu Market Partner de MONAT. BENEFICIOS Esta crema de afeitar\" \/>\n\t<meta name=\"robots\" content=\"max-image-preview:large\" \/>\n\t<link rel=\"canonical\" href=\"https:\/\/monatglobal.com\/es\/men-shaving-cream\/\" \/>\n\t<meta name=\"generator\" content=\"All in One SEO Pro (AIOSEO) 4.9.6\" \/>\n\t\t<meta property=\"og:locale\" content=\"en_US\" \/>\n\t\t<meta property=\"og:site_name\" content=\"MONAT Espa\u00f1a - We Are Modern Nature\u00ae\" \/>\n\t\t<meta property=\"og:type\" content=\"article\" \/>\n\t\t<meta property=\"og:title\" content=\"Men Shaving cream - MONAT Espa\u00f1a\" \/>\n\t\t<meta property=\"og:description\" content=\"Crema de afeitar esencial MONAT FOR MEN\u2122 El afeitado suave y sencillo que te mereces. 120 ml \u212e 4 fl. oz. Precio de venta Cliente00.00 \u20ac Precio Cliente VIP00.00 \u20ac Para conocer m\u00e1s sobre Crema de afeitar esencial MONAT FOR MEN\u2122, ponte en contacto con tu Market Partner de MONAT. BENEFICIOS Esta crema de afeitar\" \/>\n\t\t<meta property=\"og:url\" content=\"https:\/\/monatglobal.com\/es\/men-shaving-cream\/\" \/>\n\t\t<meta property=\"article:published_time\" content=\"2022-03-07T09:00:17+00:00\" \/>\n\t\t<meta property=\"article:modified_time\" content=\"2026-02-06T16:55:40+00:00\" \/>\n\t\t<meta name=\"twitter:card\" content=\"summary_large_image\" \/>\n\t\t<meta name=\"twitter:title\" content=\"Men Shaving cream - MONAT Espa\u00f1a\" \/>\n\t\t<meta name=\"twitter:description\" content=\"Crema de afeitar esencial MONAT FOR MEN\u2122 El afeitado suave y sencillo que te mereces. 120 ml \u212e 4 fl. oz. Precio de venta Cliente00.00 \u20ac Precio Cliente VIP00.00 \u20ac Para conocer m\u00e1s sobre Crema de afeitar esencial MONAT FOR MEN\u2122, ponte en contacto con tu Market Partner de MONAT. BENEFICIOS Esta crema de afeitar\" \/>\n\t\t<script type=\"application\/ld+json\" class=\"aioseo-schema\">\n\t\t\t{\"@context\":\"https:\\\/\\\/schema.org\",\"@graph\":[{\"@type\":\"BreadcrumbList\",\"@id\":\"https:\\\/\\\/monatglobal.com\\\/es\\\/men-shaving-cream\\\/#breadcrumblist\",\"itemListElement\":[{\"@type\":\"ListItem\",\"@id\":\"https:\\\/\\\/monatglobal.com\\\/es#listItem\",\"position\":1,\"name\":\"Home\",\"item\":\"https:\\\/\\\/monatglobal.com\\\/es\",\"nextItem\":{\"@type\":\"ListItem\",\"@id\":\"https:\\\/\\\/monatglobal.com\\\/es\\\/men-shaving-cream\\\/#listItem\",\"name\":\"Men Shaving cream\"}},{\"@type\":\"ListItem\",\"@id\":\"https:\\\/\\\/monatglobal.com\\\/es\\\/men-shaving-cream\\\/#listItem\",\"position\":2,\"name\":\"Men Shaving cream\",\"previousItem\":{\"@type\":\"ListItem\",\"@id\":\"https:\\\/\\\/monatglobal.com\\\/es#listItem\",\"name\":\"Home\"}}]},{\"@type\":\"Organization\",\"@id\":\"https:\\\/\\\/monatglobal.com\\\/es\\\/#organization\",\"name\":\"MONAT Espa\\u00f1a\",\"description\":\"We Are Modern Nature\\u00ae\",\"url\":\"https:\\\/\\\/monatglobal.com\\\/es\\\/\"},{\"@type\":\"WebPage\",\"@id\":\"https:\\\/\\\/monatglobal.com\\\/es\\\/men-shaving-cream\\\/#webpage\",\"url\":\"https:\\\/\\\/monatglobal.com\\\/es\\\/men-shaving-cream\\\/\",\"name\":\"Men Shaving cream - MONAT Espa\\u00f1a\",\"description\":\"Crema de afeitar esencial MONAT FOR MEN\\u2122 El afeitado suave y sencillo que te mereces. 120 ml \\u212e 4 fl. oz. Precio de venta Cliente00.00 \\u20ac Precio Cliente VIP00.00 \\u20ac Para conocer m\\u00e1s sobre Crema de afeitar esencial MONAT FOR MEN\\u2122, ponte en contacto con tu Market Partner de MONAT. BENEFICIOS Esta crema de afeitar\",\"inLanguage\":\"en-US\",\"isPartOf\":{\"@id\":\"https:\\\/\\\/monatglobal.com\\\/es\\\/#website\"},\"breadcrumb\":{\"@id\":\"https:\\\/\\\/monatglobal.com\\\/es\\\/men-shaving-cream\\\/#breadcrumblist\"},\"image\":{\"@type\":\"ImageObject\",\"url\":\"https:\\\/\\\/monatglobal.com\\\/es\\\/wp-content\\\/uploads\\\/sites\\\/10\\\/2022\\\/03\\\/Shaving-Cream-ecomm-2022.png\",\"@id\":\"https:\\\/\\\/monatglobal.com\\\/es\\\/men-shaving-cream\\\/#mainImage\",\"width\":641,\"height\":800},\"primaryImageOfPage\":{\"@id\":\"https:\\\/\\\/monatglobal.com\\\/es\\\/men-shaving-cream\\\/#mainImage\"},\"datePublished\":\"2022-03-07T09:00:17+00:00\",\"dateModified\":\"2026-02-06T16:55:40+00:00\"},{\"@type\":\"WebSite\",\"@id\":\"https:\\\/\\\/monatglobal.com\\\/es\\\/#website\",\"url\":\"https:\\\/\\\/monatglobal.com\\\/es\\\/\",\"name\":\"MONAT Espa\\u00f1a\",\"description\":\"We Are Modern Nature\\u00ae\",\"inLanguage\":\"en-US\",\"publisher\":{\"@id\":\"https:\\\/\\\/monatglobal.com\\\/es\\\/#organization\"}}]}\n\t\t<\/script>\n\t\t<!-- All in One SEO Pro -->\r\n\t\t<title>Men Shaving cream - MONAT Espa\u00f1a<\/title>\n\n","aioseo_head_json":{"title":"Men Shaving cream - MONAT Espa\u00f1a","description":"Crema de afeitar esencial MONAT FOR MEN\u2122 El afeitado suave y sencillo que te mereces. 120 ml \u212e 4 fl. oz. Precio de venta Cliente00.00 \u20ac Precio Cliente VIP00.00 \u20ac Para conocer m\u00e1s sobre Crema de afeitar esencial MONAT FOR MEN\u2122, ponte en contacto con tu Market Partner de MONAT. BENEFICIOS Esta crema de afeitar","canonical_url":"https:\/\/monatglobal.com\/es\/men-shaving-cream\/","robots":"max-image-preview:large","keywords":"","webmasterTools":{"miscellaneous":""},"schema":{"@context":"https:\/\/schema.org","@graph":[{"@type":"BreadcrumbList","@id":"https:\/\/monatglobal.com\/es\/men-shaving-cream\/#breadcrumblist","itemListElement":[{"@type":"ListItem","@id":"https:\/\/monatglobal.com\/es#listItem","position":1,"name":"Home","item":"https:\/\/monatglobal.com\/es","nextItem":{"@type":"ListItem","@id":"https:\/\/monatglobal.com\/es\/men-shaving-cream\/#listItem","name":"Men Shaving cream"}},{"@type":"ListItem","@id":"https:\/\/monatglobal.com\/es\/men-shaving-cream\/#listItem","position":2,"name":"Men Shaving cream","previousItem":{"@type":"ListItem","@id":"https:\/\/monatglobal.com\/es#listItem","name":"Home"}}]},{"@type":"Organization","@id":"https:\/\/monatglobal.com\/es\/#organization","name":"MONAT Espa\u00f1a","description":"We Are Modern Nature\u00ae","url":"https:\/\/monatglobal.com\/es\/"},{"@type":"WebPage","@id":"https:\/\/monatglobal.com\/es\/men-shaving-cream\/#webpage","url":"https:\/\/monatglobal.com\/es\/men-shaving-cream\/","name":"Men Shaving cream - MONAT Espa\u00f1a","description":"Crema de afeitar esencial MONAT FOR MEN\u2122 El afeitado suave y sencillo que te mereces. 120 ml \u212e 4 fl. oz. Precio de venta Cliente00.00 \u20ac Precio Cliente VIP00.00 \u20ac Para conocer m\u00e1s sobre Crema de afeitar esencial MONAT FOR MEN\u2122, ponte en contacto con tu Market Partner de MONAT. BENEFICIOS Esta crema de afeitar","inLanguage":"en-US","isPartOf":{"@id":"https:\/\/monatglobal.com\/es\/#website"},"breadcrumb":{"@id":"https:\/\/monatglobal.com\/es\/men-shaving-cream\/#breadcrumblist"},"image":{"@type":"ImageObject","url":"https:\/\/monatglobal.com\/es\/wp-content\/uploads\/sites\/10\/2022\/03\/Shaving-Cream-ecomm-2022.png","@id":"https:\/\/monatglobal.com\/es\/men-shaving-cream\/#mainImage","width":641,"height":800},"primaryImageOfPage":{"@id":"https:\/\/monatglobal.com\/es\/men-shaving-cream\/#mainImage"},"datePublished":"2022-03-07T09:00:17+00:00","dateModified":"2026-02-06T16:55:40+00:00"},{"@type":"WebSite","@id":"https:\/\/monatglobal.com\/es\/#website","url":"https:\/\/monatglobal.com\/es\/","name":"MONAT Espa\u00f1a","description":"We Are Modern Nature\u00ae","inLanguage":"en-US","publisher":{"@id":"https:\/\/monatglobal.com\/es\/#organization"}}]},"og:locale":"en_US","og:site_name":"MONAT Espa\u00f1a - We Are Modern Nature\u00ae","og:type":"article","og:title":"Men Shaving cream - MONAT Espa\u00f1a","og:description":"Crema de afeitar esencial MONAT FOR MEN\u2122 El afeitado suave y sencillo que te mereces. 120 ml \u212e 4 fl. oz. Precio de venta Cliente00.00 \u20ac Precio Cliente VIP00.00 \u20ac Para conocer m\u00e1s sobre Crema de afeitar esencial MONAT FOR MEN\u2122, ponte en contacto con tu Market Partner de MONAT. BENEFICIOS Esta crema de afeitar","og:url":"https:\/\/monatglobal.com\/es\/men-shaving-cream\/","article:published_time":"2022-03-07T09:00:17+00:00","article:modified_time":"2026-02-06T16:55:40+00:00","twitter:card":"summary_large_image","twitter:title":"Men Shaving cream - MONAT Espa\u00f1a","twitter:description":"Crema de afeitar esencial MONAT FOR MEN\u2122 El afeitado suave y sencillo que te mereces. 120 ml \u212e 4 fl. oz. Precio de venta Cliente00.00 \u20ac Precio Cliente VIP00.00 \u20ac Para conocer m\u00e1s sobre Crema de afeitar esencial MONAT FOR MEN\u2122, ponte en contacto con tu Market Partner de MONAT. BENEFICIOS Esta crema de afeitar"},"aioseo_meta_data":{"post_id":"67244","title":null,"description":null,"keywords":null,"keyphrases":null,"primary_term":null,"canonical_url":null,"og_title":null,"og_description":null,"og_object_type":"default","og_image_type":"default","og_image_url":null,"og_image_width":null,"og_image_height":null,"og_image_custom_url":null,"og_image_custom_fields":null,"og_video":null,"og_custom_url":null,"og_article_section":null,"og_article_tags":null,"twitter_use_og":false,"twitter_card":"default","twitter_image_type":"default","twitter_image_url":null,"twitter_image_custom_url":null,"twitter_image_custom_fields":null,"twitter_title":null,"twitter_description":null,"schema":{"blockGraphs":[],"customGraphs":[],"default":{"data":{"Article":[],"Course":[],"Dataset":[],"FAQPage":[],"Movie":[],"Person":[],"Product":[],"ProductReview":[],"Car":[],"Recipe":[],"Service":[],"SoftwareApplication":[],"WebPage":[]},"graphName":"WebPage","isEnabled":true},"graphs":[]},"schema_type":"default","schema_type_options":null,"pillar_content":false,"robots_default":true,"robots_noindex":false,"robots_noarchive":false,"robots_nosnippet":false,"robots_nofollow":false,"robots_noimageindex":false,"robots_noodp":false,"robots_notranslate":false,"robots_max_snippet":null,"robots_max_videopreview":null,"robots_max_imagepreview":"large","priority":null,"frequency":null,"local_seo":null,"seo_analyzer_scan_date":"2025-08-14 17:57:49","limit_modified_date":false,"reviewed_by":null,"open_ai":null,"ai":null,"created":"2023-07-26 09:29:34","updated":"2026-02-10 05:23:57"},"aioseo_breadcrumb":"<div class=\"aioseo-breadcrumbs\"><span class=\"aioseo-breadcrumb\">\n\t<a href=\"https:\/\/monatglobal.com\/es\" title=\"Home\">Home<\/a>\n<\/span><span class=\"aioseo-breadcrumb-separator\">&raquo;<\/span><span class=\"aioseo-breadcrumb\">\n\tMen Shaving cream\n<\/span><\/div>","aioseo_breadcrumb_json":[{"label":"Home","link":"https:\/\/monatglobal.com\/es"},{"label":"Men Shaving cream","link":"https:\/\/monatglobal.com\/es\/men-shaving-cream\/"}],"_links":{"self":[{"href":"https:\/\/monatglobal.com\/es\/wp-json\/wp\/v2\/pages\/67244","targetHints":{"allow":["GET"]}}],"collection":[{"href":"https:\/\/monatglobal.com\/es\/wp-json\/wp\/v2\/pages"}],"about":[{"href":"https:\/\/monatglobal.com\/es\/wp-json\/wp\/v2\/types\/page"}],"author":[{"embeddable":true,"href":"https:\/\/monatglobal.com\/es\/wp-json\/wp\/v2\/users\/31"}],"replies":[{"embeddable":true,"href":"https:\/\/monatglobal.com\/es\/wp-json\/wp\/v2\/comments?post=67244"}],"version-history":[{"count":22,"href":"https:\/\/monatglobal.com\/es\/wp-json\/wp\/v2\/pages\/67244\/revisions"}],"predecessor-version":[{"id":109004,"href":"https:\/\/monatglobal.com\/es\/wp-json\/wp\/v2\/pages\/67244\/revisions\/109004"}],"wp:featuredmedia":[{"embeddable":true,"href":"https:\/\/monatglobal.com\/es\/wp-json\/wp\/v2\/media\/68185"}],"wp:attachment":[{"href":"https:\/\/monatglobal.com\/es\/wp-json\/wp\/v2\/media?parent=67244"}],"wp:term":[{"taxonomy":"category","embeddable":true,"href":"https:\/\/monatglobal.com\/es\/wp-json\/wp\/v2\/categories?post=67244"},{"taxonomy":"post_tag","embeddable":true,"href":"https:\/\/monatglobal.com\/es\/wp-json\/wp\/v2\/tags?post=67244"}],"curies":[{"name":"wp","href":"https:\/\/api.w.org\/{rel}","templated":true}]}}