{"id":66987,"date":"2021-12-20T19:53:41","date_gmt":"2021-12-20T19:53:41","guid":{"rendered":"https:\/\/monatglobal.com\/es\/?page_id=66987"},"modified":"2026-03-23T20:53:29","modified_gmt":"2026-03-23T20:53:29","slug":"vinegar-scrub-shampoo","status":"publish","type":"page","link":"https:\/\/monatglobal.com\/es\/vinegar-scrub-shampoo\/","title":{"rendered":"Exfoliante purificante para el cuero cabelludo &#124; MONAT Cuidado del Cabello para cabello graso y cuero cabelludo"},"content":{"rendered":"\n\n\t<link rel=\"stylesheet\" href=\"https:\/\/unpkg.com\/swiper\/swiper-bundle.min.css\" \/>\n<link rel=\"stylesheet\" href=\"https:\/\/monatglobal.com\/wp-content\/creative_css\/product_styles_sheet.css\" \/>\n   <!--==================================================== ECOMM SECTION ====================================================-->\n      <!--==================================================== Ecomm image ====================================================-->\n       \n      <source media=\"(max-width: 700px)\" srcset=\"https:\/\/monatglobal.com\/es\/wp-content\/uploads\/sites\/10\/2021\/12\/scalp-purifying-scrub-ecomm-2022_mobile.png\" loading=\"lazy\"\/>\n      <img decoding=\"async\" src=\"https:\/\/monatglobal.com\/es\/wp-content\/uploads\/sites\/10\/2021\/12\/scalp-purifying-scrub-ecomm-2022-.png\" alt=\"Champ\u00fa purificante con vinagre\" loading=\"lazy\"\/>\n         \n      <!--==================================================== Ecomm information  ====================================================-->\n         \n         <h1>Exfoliante<br \/> purificante <br \/>para el cuero <br \/>cabelludo<\/h1>\n         \n         <p>Limpia, purifica y calma en profundidad para dejar el cabello limpio y&nbsp;fresco.<\/p>\n         <p>134 ml \u212e 4.5 fl. oz.<\/p>\n        <!--==================================================== pricing box  ====================================================-->\n         <p>Precio de venta Cliente<br \/>00.00 \u20ac<\/p>\n         <p>Precio Cliente VIP<br \/>00.00 \u20ac<\/p>\n        <!--==================================================== pricing box  ====================================================--> \n         <p>Para conocer m\u00e1s sobre el Exfoliante purificante para el cuero cabelludo, ponte en contacto con tu Market Partner de&nbsp;MONAT.<\/p>\n          <a href=\"\" target=\"_blank\" role=\"button\" aria-label=\"\" rel=\"noopener\"><\/a>\n   <!--==================================================== \/ECOMM SECTION  ====================================================-->\n   <!--==================================================== Benefits image ====================================================-->\n  \n    <source media=\"(max-width: 700px)\" srcset=\"https:\/\/monatglobal.com\/es\/wp-content\/uploads\/sites\/10\/2021\/12\/Scalp-Purifying-Scrub_mobile.jpg\" loading=\"lazy\"\/>\n      <img decoding=\"async\" src=\"https:\/\/monatglobal.com\/es\/wp-content\/uploads\/sites\/10\/2021\/12\/Scalp-Purifying-Scrub-benefits-.jpg\" \n      alt=\"\" loading=\"lazy\"\/>\n    \n   <!--==================================================== Benefits text ====================================================-->\n         <h2>BENEFICIOS<\/h2>\n         <h3>Este innovador exfoliante y champ\u00fa 2 en 1 ayuda a disolver las c\u00e9lulas muertas de la piel, la acumulaci\u00f3n de productos rebeldes y los contaminantes medioambientales que dan lugar a un cabello sin brillo.<\/h3>\n      <p>Contiene REJUVENIQE\u2122 para ayudar a hidratar el cabello y a dejarlo limpio y fresco.<\/p>\n         <!--==================================================== features image  ====================================================-->\n         <img decoding=\"async\" alt=\"\" src=\"https:\/\/monatglobal.com\/es\/wp-content\/uploads\/sites\/10\/2021\/12\/scalp-purifying-scrub-features.jpg\" loading=\"lazy\"\/>\n      <!--==================================================== features text ====================================================-->\n            <h3>Caracter\u00edsticas<\/h3>\n               <p>\/ Exfolia la superficie del cuero cabelludo y del cabello<\/p>\n               <p>\/ Disuelve el sebo y la acumulaci\u00f3n de productos rebeldes<\/p>\n        <p>\/ Limpia y purifica<\/p>\n        <p>\/ Reduce el exceso de grasa y restablece el equilibrio del cuero cabelludo<\/p>\n         <p>\/ Ayuda a prolongar los periodos entre lavados<\/p>\n               <br \/>\n            <p>Fragrance \/ Unwind and enjoy a coconut-forward, citrusy aroma with notes of blood orange, coconut husk, cashew nut and&nbsp;sandalwood. <\/p>\n            <p> Texture \/ Cream <\/p>\n   <!--==================================================== composition image mobile ====================================================-->\n   <img decoding=\"async\" alt=\"\" src=\"https:\/\/monatglobal.com\/wp-content\/uploads\/2021\/08\/grey-image-placeholder.jpg\" loading=\"lazy\"\/>\n   <!--==================================================== Why it works text ====================================================-->\n      <h2>REJUVENECE Y CALMA<\/h2>\n      <h3>La Mascarilla Exfoliante Perfeccionadora Berry Refined Scrub\u2122, elimina la piel apagada para \n      lucir un brillo m\u00e1s suave y uniforme que seguramente te&nbsp;iluminar\u00e1.<\/h3>\n      Formulado con \u00e1cidos frutales naturales (AHA), extractos de az\u00facar granulado naturalmente exfoliantes, \n      REJUVENIQE S\u2122 y semillas de ar\u00e1ndanos ideales para limpiar la piel y lucir un cutis suave y de aspecto saludable. Este fresco y \n      moderno producto multiacci\u00f3n te permite , en menos de 5 minutos, refinar y exfoliar tu&nbsp;piel.\n<!--==================================================== Composition section ====================================================-->\n      <img decoding=\"async\" alt=\"\" src=\"https:\/\/monatglobal.com\/es\/wp-content\/uploads\/sites\/10\/2021\/12\/scalp-purifying-scrub-comp-1.jpg\" loading=\"lazy\"\/>\n      <img decoding=\"async\" alt=\"\" \n      src=\"https:\/\/monatglobal.com\/es\/wp-content\/uploads\/sites\/10\/2021\/12\/scalp-purifying-scrub-comp-3.jpg\" loading=\"lazy\"\/>\n            <!--==================================================== Directions text ====================================================--> \n               <h3>Modo de uso<\/h3>\n                    <p>\/ Emulsionar en las manos y aplicar sobre el cabello y el cuero cabelludo h\u00famedos.<\/p>\n                    <p>\/ Masajear el cuero cabelludo para exfoliar suavemente y enjabonar todo el cabello.<\/p>\n                    <p>\/ Aclarar abundantemente.<\/p>\n                    <p>\/ Seguir con tu acondicionador favorito de MONAT.<\/p>\n                      <p>\/ Usar una vez a la semana o seg\u00fan sea necesario.<\/p>\n            <!--==================================================== Directions video ====================================================-->\n      <p>Be Balanced\u2122 <br \/>Lightweight Moisturizer <br \/>0:35<\/p>\n         <!--==================================================== Suggestion image  ====================================================-->\n         <img decoding=\"async\" alt=\"\" src=\"https:\/\/monatglobal.com\/es\/wp-content\/uploads\/sites\/10\/2021\/12\/berry-refined-scrub-features-SUGGESTIONS.jpg\" loading=\"lazy\"\/>\n      <!--==================================================== Suggestion text ====================================================-->\n            <h3>Sugerencias<\/h3>\n               \/ Personaliza el nivel de exfoliaci\u00f3n utilizando menos agua para una exfoliaci\u00f3n m\u00e1s profunda, o m\u00e1s agua \n               para una exfoliaci\u00f3n m\u00e1s&nbsp;suave.\n               <p>\/ Aplica protector solar 15 minutos antes de salir a la&nbsp;calle.<\/p>\n      <a href=\"\" target=\"_blank\" role=\"button\" aria-label=\"\" rel=\"noopener\"><\/a>\n   <!--==================================================== Ingredients section  ====================================================-->\n      <h2>INGREDIENTES ACTIVOS CLAVE<\/h2>\n          <p>AHA de superfrutas<\/p>\n      <p>Vitamina B6<\/p> \n      <p>REJUVENIQE\u2122<\/p>\n      <p>Vinagre de manzana<\/p>\n      <p>Arcilla rosa<\/p>\n        <button id=\"myBtn\" type=\"button\">VER LA LISTA DE INGREDIENTES COMPLETA <\/button>\n      <!--==================================================== Modal content  ====================================================-->\n         &times;\n         <p>Sucrose, Aqua\/Water\/Eau, Sodium C14-16 Olefin Sulfonate, Cocamidopropyl Betaine, Cocamide MIPA, Propanediol, Acetum\/Vinegar\/Vinaigre, PEG-150 Distearate, Glycerin, Glyceryl Stearate, Illite, PEG-100 Stearate, Adansonia Digitata Oil, Mauritia Flexuosa Fruit Oil, Cocos Nucifera (Coconut) Oil, Gardenia Taitensis Flower Extract, Moringa Oleifera Seed Oil, Caryocar Brasiliense Fruit Oil, Helianthus Annuus (Sunflower) Seed Oil, Solanum Lycopersicum (Tomato) Seed Oil, Citrus Aurantifolia (Lime) Oil, Citrus Aurantium Bergamia (Bergamot) Fruit Oil, Daucus Carota Sativa (Carrot) Seed Oil, Citrus Limon (Lemon) Peel Oil, Camellia Oleifera Seed Oil, Crambe Abyssinica Seed Oil, Limnanthes Alba (Meadowfoam) Seed Oil, Glycolic Acid, Maclura Cochinchinensis Leaf Prenylflavonoids, Saccharum Officinarum\/Sugar Cane Extract\/Extrait de canne \u00e0 sucre, Sodium Polyglutamate, Musa Sapientum (Banana) Pulp Extract, Mangifera Indica (Mango) Pulp Extract, Sodium Isethionate, Montmorillonite, Coconut Acid, Pyridoxine HCl, Hippophae Rhamnoides Oil, Menthol, Kaolin (CI 77004), PEG-120 Methyl Glucose Dioleate, Sodium Chloride, Sodium Cocoyl Isethionate, Potassium Sorbate, Benzyl Alcohol, Fragrance\/Parfum, Pentylene Glycol, Phenethyl Alcohol.<\/p>\n   <!--==================================================== You might also like section ====================================================-->\n      <h2>PUEDE QUE TAMBI\u00c9N TE GUSTE<\/h2>\n      <!--==================================================== Slider YOU MIGHT ALSO LIKE ====================================================-->\n          <!---->\n          <!--   -->\n                <!-- Slides products-->\n          <!--      -->\n          <!--         <a href=\"https:\/\/monatglobal.com\/es\/vinegar-shampoo\/\" aria-label=\"Go to CHAMP\u00da PURIFICANTE CON VINAGRE shop\">-->\n          <!--          <img decoding=\"async\" src=\"https:\/\/monatglobal.com\/wp-content\/uploads\/2022\/12\/Purifying-vinegar-shampoo-ecomm-2022.png\" alt=\"EXFOLIANTE PURIFICANTE DE CUERO CABELLUDO\" loading=\"lazy\"\/>-->\n          <!--          <p>CHAMP\u00da PURIFICANTE<br \/> CON VINAGRE<\/p>-->\n          <!--        <\/a>-->\n          <!--      -->\n          <!--      -->\n          <!--         <a href=\"https:\/\/monatglobal.com\/es\/conditioning-dry-shampoo\/\" aria-label=\"Go to CHAMP\u00da ACONDICIONADOR EN SECO MONAT STUDIO ONE\u2122 THE CHAMP\u2122  shop\">-->\n          <!--          <img decoding=\"async\" src=\"https:\/\/monatglobal.com\/wp-content\/uploads\/2022\/12\/CHAMPU-ACONDICIONADOR-EN-SECO-MONAT-STUDIO-ONE-THE-CHAMP-ecomm.png\" alt=\"CHAMP\u00da ACONDICIONADOR EN SECO MONAT STUDIO ONE\u2122 THE CHAMP\u2122\" loading=\"lazy\"\/>-->\n          <!--          <p>CHAMP\u00da ACONDICIONADOR <br \/>EN SECO MONAT <br \/>STUDIO ONE\u2122 THE CHAMP\u2122 <\/p>-->\n          <!--        <\/a>-->\n          <!--      -->\n          <!--      -->\n          <!--         <a href=\"https:\/\/monatglobal.com\/es\/advanced-hydrating-conditioner\/\" aria-label=\"Go to CREMA HIDRATANTE NUTRITIVA BE GENTLE\u2122 page\">-->\n          <!--            <img decoding=\"async\" src=\"https:\/\/monatglobal.com\/wp-content\/uploads\/2022\/12\/Adavance-Hydrating-Conditioner-Ecomm-min.png\" alt=\"ACONDICIONADOR HIDRATANTE AVANZADO\" loading=\"lazy\"\/>-->\n          <!--            <p>ACONDICIONADOR <br \/>HIDRATANTE AVANZADO<\/p>-->\n          <!--         <\/a>-->\n          <!--      -->\n          <!--   -->\n             <!-- If we need navigation buttons -->\n          <!--   -->\n          <!--   -->\n             <!-- If we need paginations -->\n          <!--   -->\n          <!---->\n         <!--==================================================== If we need navigation buttons  ====================================================-->\n         <!--==================================================== If we need paginations  ====================================================-->\n    <a href=\"\" aria-label=\"\"><\/a>\n<!--==================================================== this link has to go last for it to work   ====================================================-->\n\n","protected":false},"excerpt":{"rendered":"<p>Exfoliante purificante para el cuero cabelludo Limpia, purifica y calma en profundidad para dejar el cabello limpio y&nbsp;fresco. 134 ml \u212e 4.5 fl. oz. Precio de venta Cliente00.00 \u20ac Precio Cliente VIP00.00 \u20ac Para conocer m\u00e1s sobre el Exfoliante purificante para el cuero cabelludo, ponte en contacto con tu Market Partner de&nbsp;MONAT. BENEFICIOS Este innovador&hellip;<\/p>\n","protected":false},"author":31,"featured_media":71917,"parent":0,"menu_order":0,"comment_status":"closed","ping_status":"closed","template":"","meta":{"inline_featured_image":false,"om_disable_all_campaigns":false,"_monsterinsights_skip_tracking":false,"_monsterinsights_sitenote_active":false,"_monsterinsights_sitenote_note":"","_monsterinsights_sitenote_category":0,"footnotes":""},"categories":[31],"tags":[],"class_list":["post-66987","page","type-page","status-publish","has-post-thumbnail","hentry","category-product-es"],"aioseo_notices":[],"aioseo_head":"\n\t\t<!-- All in One SEO Pro 4.9.6 - aioseo.com -->\n\t<meta name=\"description\" content=\"Exfoliante purificante para el cuero cabelludo Limpia, purifica y calma en profundidad para dejar el cabello limpio y fresco. 134 ml \u212e 4.5 fl. oz. Precio de venta Cliente00.00 \u20ac Precio Cliente VIP00.00 \u20ac Para conocer m\u00e1s sobre el Exfoliante purificante para el cuero cabelludo, ponte en contacto con tu Market Partner de MONAT. BENEFICIOS Este innovador\" \/>\n\t<meta name=\"robots\" content=\"max-image-preview:large\" \/>\n\t<link rel=\"canonical\" href=\"https:\/\/monatglobal.com\/es\/vinegar-scrub-shampoo\/\" \/>\n\t<meta name=\"generator\" content=\"All in One SEO Pro (AIOSEO) 4.9.6\" \/>\n\t\t<meta property=\"og:locale\" content=\"en_US\" \/>\n\t\t<meta property=\"og:site_name\" content=\"MONAT Espa\u00f1a - We Are Modern Nature\u00ae\" \/>\n\t\t<meta property=\"og:type\" content=\"article\" \/>\n\t\t<meta property=\"og:title\" content=\"Exfoliante purificante para el cuero cabelludo | MONAT Cuidado del Cabello para cabello graso y cuero cabelludo - MONAT Espa\u00f1a\" \/>\n\t\t<meta property=\"og:description\" content=\"Exfoliante purificante para el cuero cabelludo Limpia, purifica y calma en profundidad para dejar el cabello limpio y fresco. 134 ml \u212e 4.5 fl. oz. Precio de venta Cliente00.00 \u20ac Precio Cliente VIP00.00 \u20ac Para conocer m\u00e1s sobre el Exfoliante purificante para el cuero cabelludo, ponte en contacto con tu Market Partner de MONAT. BENEFICIOS Este innovador\" \/>\n\t\t<meta property=\"og:url\" content=\"https:\/\/monatglobal.com\/es\/vinegar-scrub-shampoo\/\" \/>\n\t\t<meta property=\"article:published_time\" content=\"2021-12-20T19:53:41+00:00\" \/>\n\t\t<meta property=\"article:modified_time\" content=\"2026-03-23T20:53:29+00:00\" \/>\n\t\t<meta name=\"twitter:card\" content=\"summary_large_image\" \/>\n\t\t<meta name=\"twitter:title\" content=\"Exfoliante purificante para el cuero cabelludo | MONAT Cuidado del Cabello para cabello graso y cuero cabelludo - MONAT Espa\u00f1a\" \/>\n\t\t<meta name=\"twitter:description\" content=\"Exfoliante purificante para el cuero cabelludo Limpia, purifica y calma en profundidad para dejar el cabello limpio y fresco. 134 ml \u212e 4.5 fl. oz. Precio de venta Cliente00.00 \u20ac Precio Cliente VIP00.00 \u20ac Para conocer m\u00e1s sobre el Exfoliante purificante para el cuero cabelludo, ponte en contacto con tu Market Partner de MONAT. BENEFICIOS Este innovador\" \/>\n\t\t<script type=\"application\/ld+json\" class=\"aioseo-schema\">\n\t\t\t{\"@context\":\"https:\\\/\\\/schema.org\",\"@graph\":[{\"@type\":\"BreadcrumbList\",\"@id\":\"https:\\\/\\\/monatglobal.com\\\/es\\\/vinegar-scrub-shampoo\\\/#breadcrumblist\",\"itemListElement\":[{\"@type\":\"ListItem\",\"@id\":\"https:\\\/\\\/monatglobal.com\\\/es#listItem\",\"position\":1,\"name\":\"Home\",\"item\":\"https:\\\/\\\/monatglobal.com\\\/es\",\"nextItem\":{\"@type\":\"ListItem\",\"@id\":\"https:\\\/\\\/monatglobal.com\\\/es\\\/vinegar-scrub-shampoo\\\/#listItem\",\"name\":\"Exfoliante purificante para el cuero cabelludo &#124; MONAT Cuidado del Cabello para cabello graso y cuero cabelludo\"}},{\"@type\":\"ListItem\",\"@id\":\"https:\\\/\\\/monatglobal.com\\\/es\\\/vinegar-scrub-shampoo\\\/#listItem\",\"position\":2,\"name\":\"Exfoliante purificante para el cuero cabelludo &#124; MONAT Cuidado del Cabello para cabello graso y cuero cabelludo\",\"previousItem\":{\"@type\":\"ListItem\",\"@id\":\"https:\\\/\\\/monatglobal.com\\\/es#listItem\",\"name\":\"Home\"}}]},{\"@type\":\"Organization\",\"@id\":\"https:\\\/\\\/monatglobal.com\\\/es\\\/#organization\",\"name\":\"MONAT Espa\\u00f1a\",\"description\":\"We Are Modern Nature\\u00ae\",\"url\":\"https:\\\/\\\/monatglobal.com\\\/es\\\/\"},{\"@type\":\"WebPage\",\"@id\":\"https:\\\/\\\/monatglobal.com\\\/es\\\/vinegar-scrub-shampoo\\\/#webpage\",\"url\":\"https:\\\/\\\/monatglobal.com\\\/es\\\/vinegar-scrub-shampoo\\\/\",\"name\":\"Exfoliante purificante para el cuero cabelludo | MONAT Cuidado del Cabello para cabello graso y cuero cabelludo - MONAT Espa\\u00f1a\",\"description\":\"Exfoliante purificante para el cuero cabelludo Limpia, purifica y calma en profundidad para dejar el cabello limpio y fresco. 134 ml \\u212e 4.5 fl. oz. Precio de venta Cliente00.00 \\u20ac Precio Cliente VIP00.00 \\u20ac Para conocer m\\u00e1s sobre el Exfoliante purificante para el cuero cabelludo, ponte en contacto con tu Market Partner de MONAT. BENEFICIOS Este innovador\",\"inLanguage\":\"en-US\",\"isPartOf\":{\"@id\":\"https:\\\/\\\/monatglobal.com\\\/es\\\/#website\"},\"breadcrumb\":{\"@id\":\"https:\\\/\\\/monatglobal.com\\\/es\\\/vinegar-scrub-shampoo\\\/#breadcrumblist\"},\"image\":{\"@type\":\"ImageObject\",\"url\":\"https:\\\/\\\/monatglobal.com\\\/es\\\/wp-content\\\/uploads\\\/sites\\\/10\\\/2021\\\/12\\\/scalp-purifying-scrub-ecomm-2022-.png\",\"@id\":\"https:\\\/\\\/monatglobal.com\\\/es\\\/vinegar-scrub-shampoo\\\/#mainImage\",\"width\":641,\"height\":800},\"primaryImageOfPage\":{\"@id\":\"https:\\\/\\\/monatglobal.com\\\/es\\\/vinegar-scrub-shampoo\\\/#mainImage\"},\"datePublished\":\"2021-12-20T19:53:41+00:00\",\"dateModified\":\"2026-03-23T20:53:29+00:00\"},{\"@type\":\"WebSite\",\"@id\":\"https:\\\/\\\/monatglobal.com\\\/es\\\/#website\",\"url\":\"https:\\\/\\\/monatglobal.com\\\/es\\\/\",\"name\":\"MONAT Espa\\u00f1a\",\"description\":\"We Are Modern Nature\\u00ae\",\"inLanguage\":\"en-US\",\"publisher\":{\"@id\":\"https:\\\/\\\/monatglobal.com\\\/es\\\/#organization\"}}]}\n\t\t<\/script>\n\t\t<!-- All in One SEO Pro -->\r\n\t\t<title>Exfoliante purificante para el cuero cabelludo | MONAT Cuidado del Cabello para cabello graso y cuero cabelludo - MONAT Espa\u00f1a<\/title>\n\n","aioseo_head_json":{"title":"Exfoliante purificante para el cuero cabelludo | MONAT Cuidado del Cabello para cabello graso y cuero cabelludo - MONAT Espa\u00f1a","description":"Exfoliante purificante para el cuero cabelludo Limpia, purifica y calma en profundidad para dejar el cabello limpio y fresco. 134 ml \u212e 4.5 fl. oz. Precio de venta Cliente00.00 \u20ac Precio Cliente VIP00.00 \u20ac Para conocer m\u00e1s sobre el Exfoliante purificante para el cuero cabelludo, ponte en contacto con tu Market Partner de MONAT. BENEFICIOS Este innovador","canonical_url":"https:\/\/monatglobal.com\/es\/vinegar-scrub-shampoo\/","robots":"max-image-preview:large","keywords":"","webmasterTools":{"miscellaneous":""},"schema":{"@context":"https:\/\/schema.org","@graph":[{"@type":"BreadcrumbList","@id":"https:\/\/monatglobal.com\/es\/vinegar-scrub-shampoo\/#breadcrumblist","itemListElement":[{"@type":"ListItem","@id":"https:\/\/monatglobal.com\/es#listItem","position":1,"name":"Home","item":"https:\/\/monatglobal.com\/es","nextItem":{"@type":"ListItem","@id":"https:\/\/monatglobal.com\/es\/vinegar-scrub-shampoo\/#listItem","name":"Exfoliante purificante para el cuero cabelludo &#124; MONAT Cuidado del Cabello para cabello graso y cuero cabelludo"}},{"@type":"ListItem","@id":"https:\/\/monatglobal.com\/es\/vinegar-scrub-shampoo\/#listItem","position":2,"name":"Exfoliante purificante para el cuero cabelludo &#124; MONAT Cuidado del Cabello para cabello graso y cuero cabelludo","previousItem":{"@type":"ListItem","@id":"https:\/\/monatglobal.com\/es#listItem","name":"Home"}}]},{"@type":"Organization","@id":"https:\/\/monatglobal.com\/es\/#organization","name":"MONAT Espa\u00f1a","description":"We Are Modern Nature\u00ae","url":"https:\/\/monatglobal.com\/es\/"},{"@type":"WebPage","@id":"https:\/\/monatglobal.com\/es\/vinegar-scrub-shampoo\/#webpage","url":"https:\/\/monatglobal.com\/es\/vinegar-scrub-shampoo\/","name":"Exfoliante purificante para el cuero cabelludo | MONAT Cuidado del Cabello para cabello graso y cuero cabelludo - MONAT Espa\u00f1a","description":"Exfoliante purificante para el cuero cabelludo Limpia, purifica y calma en profundidad para dejar el cabello limpio y fresco. 134 ml \u212e 4.5 fl. oz. Precio de venta Cliente00.00 \u20ac Precio Cliente VIP00.00 \u20ac Para conocer m\u00e1s sobre el Exfoliante purificante para el cuero cabelludo, ponte en contacto con tu Market Partner de MONAT. BENEFICIOS Este innovador","inLanguage":"en-US","isPartOf":{"@id":"https:\/\/monatglobal.com\/es\/#website"},"breadcrumb":{"@id":"https:\/\/monatglobal.com\/es\/vinegar-scrub-shampoo\/#breadcrumblist"},"image":{"@type":"ImageObject","url":"https:\/\/monatglobal.com\/es\/wp-content\/uploads\/sites\/10\/2021\/12\/scalp-purifying-scrub-ecomm-2022-.png","@id":"https:\/\/monatglobal.com\/es\/vinegar-scrub-shampoo\/#mainImage","width":641,"height":800},"primaryImageOfPage":{"@id":"https:\/\/monatglobal.com\/es\/vinegar-scrub-shampoo\/#mainImage"},"datePublished":"2021-12-20T19:53:41+00:00","dateModified":"2026-03-23T20:53:29+00:00"},{"@type":"WebSite","@id":"https:\/\/monatglobal.com\/es\/#website","url":"https:\/\/monatglobal.com\/es\/","name":"MONAT Espa\u00f1a","description":"We Are Modern Nature\u00ae","inLanguage":"en-US","publisher":{"@id":"https:\/\/monatglobal.com\/es\/#organization"}}]},"og:locale":"en_US","og:site_name":"MONAT Espa\u00f1a - We Are Modern Nature\u00ae","og:type":"article","og:title":"Exfoliante purificante para el cuero cabelludo | MONAT Cuidado del Cabello para cabello graso y cuero cabelludo - MONAT Espa\u00f1a","og:description":"Exfoliante purificante para el cuero cabelludo Limpia, purifica y calma en profundidad para dejar el cabello limpio y fresco. 134 ml \u212e 4.5 fl. oz. Precio de venta Cliente00.00 \u20ac Precio Cliente VIP00.00 \u20ac Para conocer m\u00e1s sobre el Exfoliante purificante para el cuero cabelludo, ponte en contacto con tu Market Partner de MONAT. BENEFICIOS Este innovador","og:url":"https:\/\/monatglobal.com\/es\/vinegar-scrub-shampoo\/","article:published_time":"2021-12-20T19:53:41+00:00","article:modified_time":"2026-03-23T20:53:29+00:00","twitter:card":"summary_large_image","twitter:title":"Exfoliante purificante para el cuero cabelludo | MONAT Cuidado del Cabello para cabello graso y cuero cabelludo - MONAT Espa\u00f1a","twitter:description":"Exfoliante purificante para el cuero cabelludo Limpia, purifica y calma en profundidad para dejar el cabello limpio y fresco. 134 ml \u212e 4.5 fl. oz. Precio de venta Cliente00.00 \u20ac Precio Cliente VIP00.00 \u20ac Para conocer m\u00e1s sobre el Exfoliante purificante para el cuero cabelludo, ponte en contacto con tu Market Partner de MONAT. BENEFICIOS Este innovador"},"aioseo_meta_data":{"post_id":"66987","title":null,"description":null,"keywords":null,"keyphrases":null,"primary_term":null,"canonical_url":null,"og_title":null,"og_description":null,"og_object_type":"default","og_image_type":"default","og_image_url":null,"og_image_width":null,"og_image_height":null,"og_image_custom_url":null,"og_image_custom_fields":null,"og_video":null,"og_custom_url":null,"og_article_section":null,"og_article_tags":null,"twitter_use_og":false,"twitter_card":"default","twitter_image_type":"default","twitter_image_url":null,"twitter_image_custom_url":null,"twitter_image_custom_fields":null,"twitter_title":null,"twitter_description":null,"schema":{"blockGraphs":[],"customGraphs":[],"default":{"data":{"Article":[],"Course":[],"Dataset":[],"FAQPage":[],"Movie":[],"Person":[],"Product":[],"ProductReview":[],"Car":[],"Recipe":[],"Service":[],"SoftwareApplication":[],"WebPage":[]},"graphName":"WebPage","isEnabled":true},"graphs":[]},"schema_type":"default","schema_type_options":null,"pillar_content":false,"robots_default":true,"robots_noindex":false,"robots_noarchive":false,"robots_nosnippet":false,"robots_nofollow":false,"robots_noimageindex":false,"robots_noodp":false,"robots_notranslate":false,"robots_max_snippet":null,"robots_max_videopreview":null,"robots_max_imagepreview":"large","priority":null,"frequency":null,"local_seo":null,"seo_analyzer_scan_date":"2026-03-23 21:20:51","limit_modified_date":false,"reviewed_by":null,"open_ai":null,"ai":null,"created":"2023-07-26 09:26:24","updated":"2026-03-23 21:22:14"},"aioseo_breadcrumb":"<div class=\"aioseo-breadcrumbs\"><span class=\"aioseo-breadcrumb\">\n\t<a href=\"https:\/\/monatglobal.com\/es\" title=\"Home\">Home<\/a>\n<\/span><span class=\"aioseo-breadcrumb-separator\">&raquo;<\/span><span class=\"aioseo-breadcrumb\">\n\tExfoliante purificante para el cuero cabelludo | MONAT Cuidado del Cabello para cabello graso y cuero cabelludo\n<\/span><\/div>","aioseo_breadcrumb_json":[{"label":"Home","link":"https:\/\/monatglobal.com\/es"},{"label":"Exfoliante purificante para el cuero cabelludo &#124; MONAT Cuidado del Cabello para cabello graso y cuero cabelludo","link":"https:\/\/monatglobal.com\/es\/vinegar-scrub-shampoo\/"}],"_links":{"self":[{"href":"https:\/\/monatglobal.com\/es\/wp-json\/wp\/v2\/pages\/66987","targetHints":{"allow":["GET"]}}],"collection":[{"href":"https:\/\/monatglobal.com\/es\/wp-json\/wp\/v2\/pages"}],"about":[{"href":"https:\/\/monatglobal.com\/es\/wp-json\/wp\/v2\/types\/page"}],"author":[{"embeddable":true,"href":"https:\/\/monatglobal.com\/es\/wp-json\/wp\/v2\/users\/31"}],"replies":[{"embeddable":true,"href":"https:\/\/monatglobal.com\/es\/wp-json\/wp\/v2\/comments?post=66987"}],"version-history":[{"count":30,"href":"https:\/\/monatglobal.com\/es\/wp-json\/wp\/v2\/pages\/66987\/revisions"}],"predecessor-version":[{"id":109229,"href":"https:\/\/monatglobal.com\/es\/wp-json\/wp\/v2\/pages\/66987\/revisions\/109229"}],"wp:featuredmedia":[{"embeddable":true,"href":"https:\/\/monatglobal.com\/es\/wp-json\/wp\/v2\/media\/71917"}],"wp:attachment":[{"href":"https:\/\/monatglobal.com\/es\/wp-json\/wp\/v2\/media?parent=66987"}],"wp:term":[{"taxonomy":"category","embeddable":true,"href":"https:\/\/monatglobal.com\/es\/wp-json\/wp\/v2\/categories?post=66987"},{"taxonomy":"post_tag","embeddable":true,"href":"https:\/\/monatglobal.com\/es\/wp-json\/wp\/v2\/tags?post=66987"}],"curies":[{"name":"wp","href":"https:\/\/api.w.org\/{rel}","templated":true}]}}