{"id":66841,"date":"2022-01-10T09:00:06","date_gmt":"2022-01-10T09:00:06","guid":{"rendered":"https:\/\/monatglobal.com\/es\/?page_id=66841"},"modified":"2025-01-27T21:31:54","modified_gmt":"2025-01-27T21:31:54","slug":"vegan-protein","status":"publish","type":"page","link":"https:\/\/monatglobal.com\/es\/vegan-protein\/","title":{"rendered":"MONAT Prote\u00edna Vegana &#124; Productos Wellness"},"content":{"rendered":"\n\n\t<link rel=\"stylesheet\" href=\"https:\/\/unpkg.com\/swiper\/swiper-bundle.min.css\"\/>\n<link rel=\"stylesheet\" href=\"https:\/\/monatglobal.com\/wp-content\/creative_css\/product_styles_sheet.css\"\/>\n  <!--==================================================== ECOMM SECTION ====================================================-->\n    <!--==================================================== Ecomm image ====================================================-->\n    <img decoding=\"async\" src=\"https:\/\/monatglobal.com\/uk\/wp-content\/uploads\/sites\/6\/2021\/09\/VEGAN-PROTEIN-POWDER-ECOM_UE-2021.png\" alt=\"Prote\u00edna Vegana MONAT\" loading=\"lazy\"\/>\n    <!--==================================================== Ecomm information  ====================================================-->\n      <h1>Prote\u00edna<br \/> Vegana<\/h1>\n        <p>MONAT<\/p>\n      <p>Mezcla 100 % vegetal.<\/p>\n      <p>Est\u00e1s a una sabrosa cucharada de disfrutar de un impulso de prote\u00ednas de origen vegetal. <br \/>Consumir en cualquier momento del d\u00eda.<\/p>\n      <p>Net Wt. (840 g)<\/p>\n          <p>Precio de venta Cliente<br \/>94 \u20ac<\/p>\n          <p>Precio Cliente VIP<br \/>80 \u20ac<\/p>\n      Para conocer m\u00e1s sobre Prote\u00edna Vegana MONAT, \n     ponte en contacto con tu Market Partner de&nbsp;MONAT.\n        <a href=\"\" target=\"_blank\" aria-label=\"Go to Prote\u00edna Vegana MONAT\" rel=\"noopener\">agotado<\/a>\n  <!--==================================================== \/ECOMM SECTION  ====================================================-->\n  <!--==================================================== Benefits image ====================================================-->\n  \n    <source media=\"(max-width: 700px)\" srcset=\"https:\/\/monatglobal.com\/uk\/wp-content\/uploads\/sites\/6\/2021\/09\/VEGAN-PROTEIN-POWDER-benefits-mobile.jpg\" loading=\"lazy\"\/>\n      <img decoding=\"async\" src=\"https:\/\/monatglobal.com\/uk\/wp-content\/uploads\/sites\/6\/2021\/09\/VEGAN-PROTEIN-POWDER-benefits.jpg\" alt=\"\" loading=\"lazy\"\/>\n    \n    <!--==================================================== Benefits text ====================================================-->\n         <h2>Beneficios<\/h2>\n               <p>\/ Alto en prote\u00ednas.<\/p>\n               <p>\/ Las prote\u00ednas contribuye a la mantener la masa y crecimiento de la masa muscular.<\/p>\n               <p>\/ La vitamina B6 contribuye al metabolismo normal de las prote\u00ednas y el gluc\u00f3geno.<\/p>\n               <p>\/ El zinc contribuye a la s\u00edntesis normal de&nbsp;proteinas.<\/p>\n        <!--==================================================== features image  ====================================================-->\n        <img decoding=\"async\" src=\"https:\/\/monatglobal.com\/wp-content\/uploads\/2021\/08\/VEGAN-PROTEIN-POWDER-Features.jpg\" alt=\"\" loading=\"lazy\"\/>\n      <!--==================================================== features text ====================================================-->\n          <h3>Estimula el mantenimiento y crecimiento de la masa muscular.  <\/h3>\n            <p>\/ 20 gr de prote\u00edna vegana saciante sin az\u00facares a\u00f1adidos y solo 115 kcal por&nbsp;raci\u00f3n.<\/p>\n            <p>\/ Textura sedosa y suave con un delicioso sabor a&nbsp;vainilla.<\/p>\n            <p>\/ Se mezcla f\u00e1cilmente con agua o como base para tus recetas de batidos favoritos.<\/p>\n             <br \/>\n             <p>Textura \/ Deliciosamente suave.<\/p>\n    <!--==================================================== composition image mobile ====================================================-->\n    <img decoding=\"async\" alt=\"\" src=\"https:\/\/monatglobal.com\/uk\/wp-content\/uploads\/sites\/6\/2021\/09\/VEGAN-PROTEIN-POWDER-UK-comp-1.jpg\" loading=\"lazy\"\/>\n    <!--==================================================== Why it works text ====================================================-->\n      \n      <h3>Esta suave y deliciosa mezcla de prote\u00ednas naturales y superalimentos ayudan a mantener el aporte diario de prote\u00ednas de las personas con un estilo de vida saludable contribuyendo a la manutenci\u00f3n y el crecimiento de la masa&nbsp;muscular.<\/h3>\n            <p>\/ Aporta 20 gramos de prote\u00edna vegetal.<\/p>\n            <p>\/ Deliciosa textura suave y delicada con sabor a&nbsp;vainilla.<\/p>\n            <p>\/ Se mezcla f\u00e1cilmente con agua o como base para tus recetas de batidos de frutas favoritos.<\/p>\n            <p>\/ Sin az\u00facares a\u00f1adidos y solo 115 kcal por&nbsp;raci\u00f3n.<\/p>\n  <!--==================================================== Composition section ====================================================-->\n      <img decoding=\"async\" src=\"https:\/\/monatglobal.com\/uk\/wp-content\/uploads\/sites\/6\/2021\/09\/VEGAN-PROTEIN-POWDER-UK-comp-1.jpg\" alt=\"\" loading=\"lazy\"\/>\n      <img decoding=\"async\" src=\"https:\/\/monatglobal.com\/wp-content\/uploads\/2021\/08\/VEGAN-PROTEIN-POWDER-comp-3-men.jpg\" alt=\"\" loading=\"lazy\"\/>\n          <!--==================================================== Directions text ====================================================--> \n            <h3>Modo de uso<\/h3>\n              <p>\/ Mezcla con 230-300 ml de agua o tu bebida favorita durante 30 segundos.<\/p>\n              <p>\/ T\u00f3malo 30 minutos despu\u00e9s de tu entrenamiento o en cualquier momento que te apetezca una bebida de alta calidad con alta cantidad de prote\u00ednas.<\/p>\n          <!--==================================================== Directions video ====================================================-->\n    <p>Damage Repair <br \/>Bond-Fortifying Hair Leave-In Cr\u00e8me  <br \/>1:28<\/p>\n    <a href=\"\" target=\"_blank\" aria-label=\"Go to Prote\u00edna Vegana MONAT\" rel=\"noopener\">agotado<\/a>\n  <!--==================================================== Ingredients section  ====================================================-->\n    <h2>INGREDIENTES ACTIVOS CLAVE <\/h2>\n               <p>Mezcla de prote\u00ednas naturales<\/p>\n               <p>Mezcla de setas<\/p>\n               <p>Amino\u00e1cidos<\/p>\n  <button id=\"myBtn\" type=\"button\">VER LA LISTA DE INGREDIENTES COMPLETA\n<\/button>\n  <!--==================================================== Modal content  ====================================================-->\n    \u00d7\n    <p>INGREDIENTES: 91.4% pea protein isolate, emulsifier: lecithins, natural flavouring, sweetener: steviol glycosides, magnesium oxide, maitake fruit body extract 10:1, (Grifola frondosa, contains 10% plysaccharides), chaga fruit body extract 4:1 (Inonotus obliquus, contains 10% polysaccharides), cordyceps sinensis extract 10:1, sea salt, zinc gluconate, 0.01% rice protein concentrate (Oryza), 0.01% sunflower seed protein powder, 0.01% pumpkin seed protein powder, pyridoxin hydrochloride.<\/p>\n      <p>*Este producto no tiene la intenci\u00f3n de diagnosticar, tratar, curar o prevenir ninguna enfermedad.<\/p>\n<!--==================================================== You might also like section ====================================================-->\n      <h2>PUEDE QUE TAMBI\u00c9N TE GUSTE<\/h2>\n      <!--==================================================== Slider YOU MIGHT ALSO LIKE ====================================================-->\n            <!--==================================================== Slides products ====================================================-->\n               <a href=\"\/?page_id=66835\" aria-label=\"Go to Collagen Key\u2122 page\">\n                  <img decoding=\"async\" src=\"https:\/\/monatglobal.com\/es\/wp-content\/uploads\/sites\/10\/2021\/12\/collagen-key-EU-ecomm-2022.png\" alt=\"Collagen Key\u2122\" loading=\"lazy\"\/>\n                  <p>Collagen Key\u2122<\/p>\n               <\/a>\n               <a href=\"\/?page_id=66838\" aria-label=\"Go to MONAT Total Greens page\">\n                  <img decoding=\"async\" src=\"https:\/\/monatglobal.com\/es\/wp-content\/uploads\/sites\/10\/2021\/12\/Total-greens-EU-ecomm-2022.png\" alt=\"MONAT Total Greens\" loading=\"lazy\"\/>\n                  <p>MONAT Total Greens\u2122<\/p>\n               <\/a>\n         <!--==================================================== If we need navigation buttons  ====================================================-->\n         <!--==================================================== If we need paginations  ====================================================-->\n  <a href=\"\/?page_id=66820\" aria-label=\"Go to Todos los productos Wellness\"><p>Todos los productos Wellness<\/p><\/a>\n<!--==================================================== this link has to go last for it to work   ====================================================-->\n<!--==================================================== this link has to go last for it to work   ====================================================-->\n\n","protected":false},"excerpt":{"rendered":"<p>Prote\u00edna Vegana MONAT Mezcla 100 % vegetal. Est\u00e1s a una sabrosa cucharada de disfrutar de un impulso de prote\u00ednas de origen vegetal. Consumir en cualquier momento del d\u00eda. Net Wt. (840 g) Precio de venta Cliente94 \u20ac Precio Cliente VIP80 \u20ac Para conocer m\u00e1s sobre Prote\u00edna Vegana MONAT, ponte en contacto con tu Market Partner&hellip;<\/p>\n","protected":false},"author":31,"featured_media":0,"parent":0,"menu_order":0,"comment_status":"closed","ping_status":"closed","template":"","meta":{"inline_featured_image":false,"om_disable_all_campaigns":false,"_monsterinsights_skip_tracking":false,"_monsterinsights_sitenote_active":false,"_monsterinsights_sitenote_note":"","_monsterinsights_sitenote_category":0,"footnotes":""},"categories":[],"tags":[],"class_list":["post-66841","page","type-page","status-publish","hentry"],"aioseo_notices":[],"aioseo_head":"\n\t\t<!-- All in One SEO Pro 4.9.6 - aioseo.com -->\n\t<meta name=\"description\" content=\"Prote\u00edna Vegana MONAT Mezcla 100 % vegetal. Est\u00e1s a una sabrosa cucharada de disfrutar de un impulso de prote\u00ednas de origen vegetal. Consumir en cualquier momento del d\u00eda. Net Wt. (840 g) Precio de venta Cliente94 \u20ac Precio Cliente VIP80 \u20ac Para conocer m\u00e1s sobre Prote\u00edna Vegana MONAT, ponte en contacto con tu Market Partner\" \/>\n\t<meta name=\"robots\" content=\"max-image-preview:large\" \/>\n\t<link rel=\"canonical\" href=\"https:\/\/monatglobal.com\/es\/vegan-protein\/\" \/>\n\t<meta name=\"generator\" content=\"All in One SEO Pro (AIOSEO) 4.9.6\" \/>\n\t\t<meta property=\"og:locale\" content=\"en_US\" \/>\n\t\t<meta property=\"og:site_name\" content=\"MONAT Espa\u00f1a - We Are Modern Nature\u00ae\" \/>\n\t\t<meta property=\"og:type\" content=\"article\" \/>\n\t\t<meta property=\"og:title\" content=\"MONAT Prote\u00edna Vegana | Productos Wellness - MONAT Espa\u00f1a\" \/>\n\t\t<meta property=\"og:description\" content=\"Prote\u00edna Vegana MONAT Mezcla 100 % vegetal. Est\u00e1s a una sabrosa cucharada de disfrutar de un impulso de prote\u00ednas de origen vegetal. Consumir en cualquier momento del d\u00eda. Net Wt. (840 g) Precio de venta Cliente94 \u20ac Precio Cliente VIP80 \u20ac Para conocer m\u00e1s sobre Prote\u00edna Vegana MONAT, ponte en contacto con tu Market Partner\" \/>\n\t\t<meta property=\"og:url\" content=\"https:\/\/monatglobal.com\/es\/vegan-protein\/\" \/>\n\t\t<meta property=\"article:published_time\" content=\"2022-01-10T09:00:06+00:00\" \/>\n\t\t<meta property=\"article:modified_time\" content=\"2025-01-27T21:31:54+00:00\" \/>\n\t\t<meta name=\"twitter:card\" content=\"summary_large_image\" \/>\n\t\t<meta name=\"twitter:title\" content=\"MONAT Prote\u00edna Vegana | Productos Wellness - MONAT Espa\u00f1a\" \/>\n\t\t<meta name=\"twitter:description\" content=\"Prote\u00edna Vegana MONAT Mezcla 100 % vegetal. Est\u00e1s a una sabrosa cucharada de disfrutar de un impulso de prote\u00ednas de origen vegetal. Consumir en cualquier momento del d\u00eda. Net Wt. (840 g) Precio de venta Cliente94 \u20ac Precio Cliente VIP80 \u20ac Para conocer m\u00e1s sobre Prote\u00edna Vegana MONAT, ponte en contacto con tu Market Partner\" \/>\n\t\t<script type=\"application\/ld+json\" class=\"aioseo-schema\">\n\t\t\t{\"@context\":\"https:\\\/\\\/schema.org\",\"@graph\":[{\"@type\":\"BreadcrumbList\",\"@id\":\"https:\\\/\\\/monatglobal.com\\\/es\\\/vegan-protein\\\/#breadcrumblist\",\"itemListElement\":[{\"@type\":\"ListItem\",\"@id\":\"https:\\\/\\\/monatglobal.com\\\/es#listItem\",\"position\":1,\"name\":\"Home\",\"item\":\"https:\\\/\\\/monatglobal.com\\\/es\",\"nextItem\":{\"@type\":\"ListItem\",\"@id\":\"https:\\\/\\\/monatglobal.com\\\/es\\\/vegan-protein\\\/#listItem\",\"name\":\"MONAT Prote\\u00edna Vegana &#124; Productos Wellness\"}},{\"@type\":\"ListItem\",\"@id\":\"https:\\\/\\\/monatglobal.com\\\/es\\\/vegan-protein\\\/#listItem\",\"position\":2,\"name\":\"MONAT Prote\\u00edna Vegana &#124; Productos Wellness\",\"previousItem\":{\"@type\":\"ListItem\",\"@id\":\"https:\\\/\\\/monatglobal.com\\\/es#listItem\",\"name\":\"Home\"}}]},{\"@type\":\"Organization\",\"@id\":\"https:\\\/\\\/monatglobal.com\\\/es\\\/#organization\",\"name\":\"MONAT Espa\\u00f1a\",\"description\":\"We Are Modern Nature\\u00ae\",\"url\":\"https:\\\/\\\/monatglobal.com\\\/es\\\/\"},{\"@type\":\"WebPage\",\"@id\":\"https:\\\/\\\/monatglobal.com\\\/es\\\/vegan-protein\\\/#webpage\",\"url\":\"https:\\\/\\\/monatglobal.com\\\/es\\\/vegan-protein\\\/\",\"name\":\"MONAT Prote\\u00edna Vegana | Productos Wellness - MONAT Espa\\u00f1a\",\"description\":\"Prote\\u00edna Vegana MONAT Mezcla 100 % vegetal. Est\\u00e1s a una sabrosa cucharada de disfrutar de un impulso de prote\\u00ednas de origen vegetal. Consumir en cualquier momento del d\\u00eda. Net Wt. (840 g) Precio de venta Cliente94 \\u20ac Precio Cliente VIP80 \\u20ac Para conocer m\\u00e1s sobre Prote\\u00edna Vegana MONAT, ponte en contacto con tu Market Partner\",\"inLanguage\":\"en-US\",\"isPartOf\":{\"@id\":\"https:\\\/\\\/monatglobal.com\\\/es\\\/#website\"},\"breadcrumb\":{\"@id\":\"https:\\\/\\\/monatglobal.com\\\/es\\\/vegan-protein\\\/#breadcrumblist\"},\"datePublished\":\"2022-01-10T09:00:06+00:00\",\"dateModified\":\"2025-01-27T21:31:54+00:00\"},{\"@type\":\"WebSite\",\"@id\":\"https:\\\/\\\/monatglobal.com\\\/es\\\/#website\",\"url\":\"https:\\\/\\\/monatglobal.com\\\/es\\\/\",\"name\":\"MONAT Espa\\u00f1a\",\"description\":\"We Are Modern Nature\\u00ae\",\"inLanguage\":\"en-US\",\"publisher\":{\"@id\":\"https:\\\/\\\/monatglobal.com\\\/es\\\/#organization\"}}]}\n\t\t<\/script>\n\t\t<!-- All in One SEO Pro -->\r\n\t\t<title>MONAT Prote\u00edna Vegana | Productos Wellness - MONAT Espa\u00f1a<\/title>\n\n","aioseo_head_json":{"title":"MONAT Prote\u00edna Vegana | Productos Wellness - MONAT Espa\u00f1a","description":"Prote\u00edna Vegana MONAT Mezcla 100 % vegetal. Est\u00e1s a una sabrosa cucharada de disfrutar de un impulso de prote\u00ednas de origen vegetal. Consumir en cualquier momento del d\u00eda. Net Wt. (840 g) Precio de venta Cliente94 \u20ac Precio Cliente VIP80 \u20ac Para conocer m\u00e1s sobre Prote\u00edna Vegana MONAT, ponte en contacto con tu Market Partner","canonical_url":"https:\/\/monatglobal.com\/es\/vegan-protein\/","robots":"max-image-preview:large","keywords":"","webmasterTools":{"miscellaneous":""},"schema":{"@context":"https:\/\/schema.org","@graph":[{"@type":"BreadcrumbList","@id":"https:\/\/monatglobal.com\/es\/vegan-protein\/#breadcrumblist","itemListElement":[{"@type":"ListItem","@id":"https:\/\/monatglobal.com\/es#listItem","position":1,"name":"Home","item":"https:\/\/monatglobal.com\/es","nextItem":{"@type":"ListItem","@id":"https:\/\/monatglobal.com\/es\/vegan-protein\/#listItem","name":"MONAT Prote\u00edna Vegana &#124; Productos Wellness"}},{"@type":"ListItem","@id":"https:\/\/monatglobal.com\/es\/vegan-protein\/#listItem","position":2,"name":"MONAT Prote\u00edna Vegana &#124; Productos Wellness","previousItem":{"@type":"ListItem","@id":"https:\/\/monatglobal.com\/es#listItem","name":"Home"}}]},{"@type":"Organization","@id":"https:\/\/monatglobal.com\/es\/#organization","name":"MONAT Espa\u00f1a","description":"We Are Modern Nature\u00ae","url":"https:\/\/monatglobal.com\/es\/"},{"@type":"WebPage","@id":"https:\/\/monatglobal.com\/es\/vegan-protein\/#webpage","url":"https:\/\/monatglobal.com\/es\/vegan-protein\/","name":"MONAT Prote\u00edna Vegana | Productos Wellness - MONAT Espa\u00f1a","description":"Prote\u00edna Vegana MONAT Mezcla 100 % vegetal. Est\u00e1s a una sabrosa cucharada de disfrutar de un impulso de prote\u00ednas de origen vegetal. Consumir en cualquier momento del d\u00eda. Net Wt. (840 g) Precio de venta Cliente94 \u20ac Precio Cliente VIP80 \u20ac Para conocer m\u00e1s sobre Prote\u00edna Vegana MONAT, ponte en contacto con tu Market Partner","inLanguage":"en-US","isPartOf":{"@id":"https:\/\/monatglobal.com\/es\/#website"},"breadcrumb":{"@id":"https:\/\/monatglobal.com\/es\/vegan-protein\/#breadcrumblist"},"datePublished":"2022-01-10T09:00:06+00:00","dateModified":"2025-01-27T21:31:54+00:00"},{"@type":"WebSite","@id":"https:\/\/monatglobal.com\/es\/#website","url":"https:\/\/monatglobal.com\/es\/","name":"MONAT Espa\u00f1a","description":"We Are Modern Nature\u00ae","inLanguage":"en-US","publisher":{"@id":"https:\/\/monatglobal.com\/es\/#organization"}}]},"og:locale":"en_US","og:site_name":"MONAT Espa\u00f1a - We Are Modern Nature\u00ae","og:type":"article","og:title":"MONAT Prote\u00edna Vegana | Productos Wellness - MONAT Espa\u00f1a","og:description":"Prote\u00edna Vegana MONAT Mezcla 100 % vegetal. Est\u00e1s a una sabrosa cucharada de disfrutar de un impulso de prote\u00ednas de origen vegetal. Consumir en cualquier momento del d\u00eda. Net Wt. (840 g) Precio de venta Cliente94 \u20ac Precio Cliente VIP80 \u20ac Para conocer m\u00e1s sobre Prote\u00edna Vegana MONAT, ponte en contacto con tu Market Partner","og:url":"https:\/\/monatglobal.com\/es\/vegan-protein\/","article:published_time":"2022-01-10T09:00:06+00:00","article:modified_time":"2025-01-27T21:31:54+00:00","twitter:card":"summary_large_image","twitter:title":"MONAT Prote\u00edna Vegana | Productos Wellness - MONAT Espa\u00f1a","twitter:description":"Prote\u00edna Vegana MONAT Mezcla 100 % vegetal. Est\u00e1s a una sabrosa cucharada de disfrutar de un impulso de prote\u00ednas de origen vegetal. Consumir en cualquier momento del d\u00eda. Net Wt. (840 g) Precio de venta Cliente94 \u20ac Precio Cliente VIP80 \u20ac Para conocer m\u00e1s sobre Prote\u00edna Vegana MONAT, ponte en contacto con tu Market Partner"},"aioseo_meta_data":{"post_id":"66841","title":null,"description":null,"keywords":null,"keyphrases":null,"primary_term":null,"canonical_url":null,"og_title":null,"og_description":null,"og_object_type":"default","og_image_type":"default","og_image_url":null,"og_image_width":null,"og_image_height":null,"og_image_custom_url":null,"og_image_custom_fields":null,"og_video":null,"og_custom_url":null,"og_article_section":null,"og_article_tags":null,"twitter_use_og":false,"twitter_card":"default","twitter_image_type":"default","twitter_image_url":null,"twitter_image_custom_url":null,"twitter_image_custom_fields":null,"twitter_title":null,"twitter_description":null,"schema":{"blockGraphs":[],"customGraphs":[],"default":{"data":{"Article":[],"Course":[],"Dataset":[],"FAQPage":[],"Movie":[],"Person":[],"Product":[],"ProductReview":[],"Car":[],"Recipe":[],"Service":[],"SoftwareApplication":[],"WebPage":[]},"graphName":"","isEnabled":true},"graphs":[]},"schema_type":"default","schema_type_options":null,"pillar_content":false,"robots_default":true,"robots_noindex":false,"robots_noarchive":false,"robots_nosnippet":false,"robots_nofollow":false,"robots_noimageindex":false,"robots_noodp":false,"robots_notranslate":false,"robots_max_snippet":null,"robots_max_videopreview":null,"robots_max_imagepreview":"large","priority":null,"frequency":null,"local_seo":null,"seo_analyzer_scan_date":"2025-08-14 17:42:50","limit_modified_date":false,"reviewed_by":null,"open_ai":null,"ai":null,"created":"2023-07-26 09:26:24","updated":"2026-02-10 05:23:21"},"aioseo_breadcrumb":"<div class=\"aioseo-breadcrumbs\"><span class=\"aioseo-breadcrumb\">\n\t<a href=\"https:\/\/monatglobal.com\/es\" title=\"Home\">Home<\/a>\n<\/span><span class=\"aioseo-breadcrumb-separator\">&raquo;<\/span><span class=\"aioseo-breadcrumb\">\n\tMONAT Prote\u00edna Vegana | Productos Wellness\n<\/span><\/div>","aioseo_breadcrumb_json":[{"label":"Home","link":"https:\/\/monatglobal.com\/es"},{"label":"MONAT Prote\u00edna Vegana &#124; Productos Wellness","link":"https:\/\/monatglobal.com\/es\/vegan-protein\/"}],"_links":{"self":[{"href":"https:\/\/monatglobal.com\/es\/wp-json\/wp\/v2\/pages\/66841","targetHints":{"allow":["GET"]}}],"collection":[{"href":"https:\/\/monatglobal.com\/es\/wp-json\/wp\/v2\/pages"}],"about":[{"href":"https:\/\/monatglobal.com\/es\/wp-json\/wp\/v2\/types\/page"}],"author":[{"embeddable":true,"href":"https:\/\/monatglobal.com\/es\/wp-json\/wp\/v2\/users\/31"}],"replies":[{"embeddable":true,"href":"https:\/\/monatglobal.com\/es\/wp-json\/wp\/v2\/comments?post=66841"}],"version-history":[{"count":10,"href":"https:\/\/monatglobal.com\/es\/wp-json\/wp\/v2\/pages\/66841\/revisions"}],"predecessor-version":[{"id":86347,"href":"https:\/\/monatglobal.com\/es\/wp-json\/wp\/v2\/pages\/66841\/revisions\/86347"}],"wp:attachment":[{"href":"https:\/\/monatglobal.com\/es\/wp-json\/wp\/v2\/media?parent=66841"}],"wp:term":[{"taxonomy":"category","embeddable":true,"href":"https:\/\/monatglobal.com\/es\/wp-json\/wp\/v2\/categories?post=66841"},{"taxonomy":"post_tag","embeddable":true,"href":"https:\/\/monatglobal.com\/es\/wp-json\/wp\/v2\/tags?post=66841"}],"curies":[{"name":"wp","href":"https:\/\/api.w.org\/{rel}","templated":true}]}}