{"id":66838,"date":"2022-01-10T09:00:14","date_gmt":"2022-01-10T09:00:14","guid":{"rendered":"https:\/\/monatglobal.com\/es\/?page_id=66838"},"modified":"2023-08-03T16:24:08","modified_gmt":"2023-08-03T15:24:08","slug":"total-greens","status":"publish","type":"page","link":"https:\/\/monatglobal.com\/es\/total-greens\/","title":{"rendered":"MONAT Total Greens &#124; Refuerzo diario de superalimentos &#124; Productos Wellness"},"content":{"rendered":"\n\n\t<link rel=\"stylesheet\" href=\"https:\/\/unpkg.com\/swiper\/swiper-bundle.min.css\" \/>\n<link rel=\"stylesheet\" href=\"https:\/\/monatglobal.com\/wp-content\/creative_css\/product_styles_sheet.css\" \/>\n  <!--==================================================== ECOMM SECTION ====================================================-->\n    <!--==================================================== Ecomm image ====================================================-->\n    <img decoding=\"async\" src=\"https:\/\/monatglobal.com\/es\/wp-content\/uploads\/sites\/10\/2021\/12\/Total-greens-EU-ecomm-2022.png\" alt=\"Total Greens\u2122\"\/>\n    <!--==================================================== Ecomm information  ====================================================-->\n      \n      <h1>Total Greens\u2122<\/h1>\n      \n      <p>Lo \u00faltimo para el refuerzo diario de superalimentos para apoyar la salud&nbsp;inmunol\u00f3gica.*<\/p>\n      <p>10.5 oz. (300 g) 30 raciones<\/p>\n          <p>Precio de venta Cliente<br \/>65 \u20ac<\/p>\n          <p>Precio Cliente VIP<br \/>55 \u20ac<\/p>\n      Para conocer m\u00e1s sobre Total Greens\u2122, \n      ponte en contacto con tu Market Partner de&nbsp;MONAT.\n        <a>AGOTADO<\/a>\n        <!--<a href=\"https:\/\/corp.mymonat.com\/shop\/products\/total-greens-6000002311\/?globallanguage=es&globalmarket=es\" target=\"_blank\" aria-label=\"Go to Total Greens\u2122 shop\" rel=\"noopener\">COMPRAR AHORA<\/a>-->\n  <!--==================================================== \/ECOMM SECTION  ====================================================-->\n  <!--==================================================== Benefits image ====================================================-->\n  \n    <source media=\"(max-width: 700px)\" srcset=\"https:\/\/monatglobal.com\/uk\/wp-content\/uploads\/sites\/6\/2021\/05\/benefits-total-greens-1.jpg\"\/>\n      <img decoding=\"async\" src=\"https:\/\/monatglobal.com\/uk\/wp-content\/uploads\/sites\/6\/2021\/05\/benefits-total-greens-1.jpg\" \n      alt=\"\"\/>\n    \n    <!--==================================================== Benefits text ====================================================-->\n        <h2>BENEFICIOS<\/h2>\n        <h3>Esta deliciosa mezcla para bebidas de gran sabor funciona como un todo en uno y ofrece una manera r\u00e1pida y conveniente de estimular la dieta con nutrientes&nbsp;adicionales.*<\/h3>\n        <!--==================================================== features image  ====================================================-->\n        <img decoding=\"async\" src=\"https:\/\/monatglobal.com\/es\/wp-content\/uploads\/sites\/10\/2021\/12\/total-greens-features.jpg\" \n        alt=\"\"\/>\n      <!--==================================================== features text ====================================================-->\n          <h3>Total Greens\u2122 contiene una mezcla propia de frutas y vegetales con un delicioso sabor a Berry Green (bayas verdes).<\/h3>\n            <p>\/ Mezcla patentada de 14 frutas y vegetales y 4  tipos de especias.<\/p>\n            <p>\/ 4 gr de fibra de avena para apoyar la digesti\u00f3n.*.<\/p>\n            <p>\/ Zinc: contribuye al normal funcionamiento congnitivo y del sistema inmunitario y a la protecci\u00f3n de las c\u00e9lulas del estr\u00e9s oxidativo.<\/p>\n            <p>\/ Vitamina C: contribuye a la formaci\u00f3n de col\u00e1geno para la correcta funci\u00f3n de la piel ayudando al normal funcionamiento del sistema inmunitario, la reducci\u00f3n del cansancio y la fatiga y protege las c\u00e9lulas del estr\u00e9s oxidativo.*<\/p>\n            <p>\/ Vegano. <\/p>\n            <p>\/ Sin gluten.<\/p>\n            <p>\/ Delicioso sabor a bayas verdes. <\/p>\n            <p>\/ Sin az\u00facares a\u00f1adidos.         <\/p>\n    <!--==================================================== composition image mobile ====================================================-->\n    <img decoding=\"async\" alt=\"\" src=\"https:\/\/monatglobal.com\/es\/wp-content\/uploads\/sites\/10\/2021\/12\/collagen-key-comp-1.jpg\"\/>\n    <!--==================================================== Why it works text ====================================================-->\n      \n      <h3>Total Greens\u2122 aporta el est\u00edmulo diario que necesitas, ya que une una amplia gama de frutas y vegetales en polvo con fibra diet\u00e9tica, creando una beneficiosa mezcla para bebidas de gran sabor. *<\/h3>\n      <p>Compuesto por una completa variedad de vegetales y frutas ricas en antioxidantes en polvo y fibra diet\u00e9tica, este superalimento favorece el normal funcionamiento de la piel y del sistema inmunitario, reduce el cansancio y la fatiga y protege a las c\u00e9lulas del estr\u00e9s oxidativo.*<\/p>\n  <!--==================================================== Composition section ====================================================-->\n      <img decoding=\"async\" src=\"https:\/\/monatglobal.com\/es\/wp-content\/uploads\/sites\/10\/2021\/12\/collagen-key-comp-1.jpg\" \n      alt=\"\"\/>\n      <img decoding=\"async\" src=\"https:\/\/monatglobal.com\/lt\/wp-content\/uploads\/sites\/11\/2021\/12\/total-greens-comp-3-men.jpg\" \n      alt=\"\"\/>\n          <!--==================================================== Directions text ====================================================--> \n            <h3>Modo de uso<\/h3>\n              <p>\/ Mezcla un cacito (10 gr) con 230 ml de agua o zumo.<\/p>\n              <p>\/ Para mejores resultados, remover o agitar en\u00e9rgicamente.<\/p>\n              <p>\/ Puedes a\u00f1adirlo a tus batidos preferidos. <\/p>\n              <p>\/ Uso diario.<\/p>\n          <!--==================================================== Directions video ====================================================-->\n    <p>Damage Repair <br \/>Bond-Fortifying Hair Leave-In Cr\u00e8me  <br \/>1:28<\/p>\n  <!---->\n  <!--  <a href=\"https:\/\/corp.mymonat.com\/shop\/products\/total-greens-6000002311\/?globallanguage=es&globalmarket=es\" target=\"_blank\" aria-label=\"Go to Total Greens\u2122 shop\" rel=\"noopener\">COMPRAR AHORA<\/a>-->\n  <!---->\n  <!--==================================================== Ingredients section  ====================================================-->\n    <h2>INGREDIENTES ACTIVOS CLAVE<\/h2>\n      <p>Fibra de avena<\/p>\n      <p>Goji <\/p>\n      <p>Papaya<\/p> \n      <p>T\u00e9 de matcha verde<\/p>\n      <p>Mezcla de brotes verdes<\/p>\n  <button id=\"myBtn\" type=\"button\">VER LA LISTA DE INGREDIENTES COMPLETA<\/button>\n  <!--==================================================== Modal content  ====================================================-->\n    &times;\n    Oat fibre powder (44,5 %) (Avena), maltodextrin, natural flavour, acacia fibre powder (4,9%) (Acacia seyal), spirulina powder \n    (Arthrospira platensis, sulphites), acid: citric acid, sweetener: steviol glycosides, fruit blend (0,3%) [bilberry fruit juice powder \n    (Vaccinium myrtillus), grape fruit powder (Vitis vinifera), strawberry fruit powder (Fragaria x ananassa), sweet cherry fruit powder \n    (Prunus avium), apple fruit juice powder (Malus domestica), papaya fruit powder (Carica papaya), acai berry fruit powder (Euterpe oleracea), \n    goji fruit powder (Lycium barbarum)], vegetable blend (0,3%) [spinach leaf powder (Spinacia oleracea), sweet potato powder (Ipomoea batatas), \n    parsley leaf powder (Petroselinum crispum), apple fruit juice powder (Malus domestica), broccoli powder (Brassica oleracera var. italica), kale \n    leaf powder (Brassica oleracea var. sabellica), bell pepper powder (Capsicum annuum), chlorella powder (Chlorella vulgaris, sulphites), beetroot \n    root powder (Beta vulgaris)], L-ascorbic acid, milk thistle seed powder (Silybum marianum), matcha powder (Camellia sinensis), zinc&nbsp;oxide. \n      <p>*Este producto no tiene la intenci\u00f3n de diagnosticar, tratar, curar o prevenir ninguna enfermedad.<\/p>\n<!--==================================================== You might also like section ====================================================-->\n  <h2>PUEDE QUE TAMBI\u00c9N TE GUSTE<\/h2>\n  <!--==================================================== Slider YOU MIGHT ALSO LIKE ====================================================-->\n            <!--==================================================== Slides products ====================================================-->\n               <a href=\"\/?page_id=66835\" aria-label=\"Go to Collagen Key\u2122 page\">\n                  <img decoding=\"async\" src=\"https:\/\/monatglobal.com\/wp-content\/uploads\/2022\/12\/Collagen-key-ecomm-2022-min.png\" alt=\"Collagen Key\u2122 \"\/>\n                  <p>Collagen Key\u2122<\/p>\n               <\/a>\n               <a href=\"\/?page_id=66841\" aria-label=\"Go to Prote\u00edna Vegana MONAT page\">\n                  <img decoding=\"async\" src=\"https:\/\/monatglobal.com\/wp-content\/uploads\/2022\/12\/Vegan-protein-powder-ecomm-2022-min.png\" alt=\"Prote\u00edna Vegana MONAT\"\/>\n                  <p>Prote\u00edna Vegana MONAT<\/p>\n               <\/a>\n         <!--==================================================== If we need navigation buttons  ====================================================-->\n         <!--==================================================== If we need paginations  ====================================================-->\n  <a href=\"\/?page_id=66820\" aria-label=\"Go to Visi \u201eWellness\" produktai\"><p>Todos los productos Wellness<\/p><\/a>\n<!--==================================================== this link has to go last for it to work   ====================================================-->\n\n","protected":false},"excerpt":{"rendered":"<p>Total Greens\u2122 Lo \u00faltimo para el refuerzo diario de superalimentos para apoyar la salud&nbsp;inmunol\u00f3gica.* 10.5 oz. (300 g) 30 raciones Precio de venta Cliente65 \u20ac Precio Cliente VIP55 \u20ac Para conocer m\u00e1s sobre Total Greens\u2122, ponte en contacto con tu Market Partner de&nbsp;MONAT. AGOTADO BENEFICIOS Esta deliciosa mezcla para bebidas de gran sabor funciona como&hellip;<\/p>\n","protected":false},"author":31,"featured_media":66896,"parent":0,"menu_order":0,"comment_status":"closed","ping_status":"closed","template":"","meta":{"inline_featured_image":false,"om_disable_all_campaigns":false,"_monsterinsights_skip_tracking":false,"_monsterinsights_sitenote_active":false,"_monsterinsights_sitenote_note":"","_monsterinsights_sitenote_category":0,"footnotes":""},"categories":[],"tags":[],"class_list":["post-66838","page","type-page","status-publish","has-post-thumbnail","hentry"],"aioseo_notices":[],"aioseo_head":"\n\t\t<!-- All in One SEO Pro 4.9.6 - aioseo.com -->\n\t<meta name=\"description\" content=\"Total Greens\u2122 Lo \u00faltimo para el refuerzo diario de superalimentos para apoyar la salud inmunol\u00f3gica.* 10.5 oz. (300 g) 30 raciones Precio de venta Cliente65 \u20ac Precio Cliente VIP55 \u20ac Para conocer m\u00e1s sobre Total Greens\u2122, ponte en contacto con tu Market Partner de MONAT. AGOTADO BENEFICIOS Esta deliciosa mezcla para bebidas de gran sabor funciona como\" \/>\n\t<meta name=\"robots\" content=\"max-image-preview:large\" \/>\n\t<link rel=\"canonical\" href=\"https:\/\/monatglobal.com\/es\/total-greens\/\" \/>\n\t<meta name=\"generator\" content=\"All in One SEO Pro (AIOSEO) 4.9.6\" \/>\n\t\t<meta property=\"og:locale\" content=\"en_US\" \/>\n\t\t<meta property=\"og:site_name\" content=\"MONAT Espa\u00f1a - We Are Modern Nature\u00ae\" \/>\n\t\t<meta property=\"og:type\" content=\"article\" \/>\n\t\t<meta property=\"og:title\" content=\"MONAT Total Greens | Refuerzo diario de superalimentos | Productos Wellness - MONAT Espa\u00f1a\" \/>\n\t\t<meta property=\"og:description\" content=\"Total Greens\u2122 Lo \u00faltimo para el refuerzo diario de superalimentos para apoyar la salud inmunol\u00f3gica.* 10.5 oz. (300 g) 30 raciones Precio de venta Cliente65 \u20ac Precio Cliente VIP55 \u20ac Para conocer m\u00e1s sobre Total Greens\u2122, ponte en contacto con tu Market Partner de MONAT. AGOTADO BENEFICIOS Esta deliciosa mezcla para bebidas de gran sabor funciona como\" \/>\n\t\t<meta property=\"og:url\" content=\"https:\/\/monatglobal.com\/es\/total-greens\/\" \/>\n\t\t<meta property=\"article:published_time\" content=\"2022-01-10T09:00:14+00:00\" \/>\n\t\t<meta property=\"article:modified_time\" content=\"2023-08-03T15:24:08+00:00\" \/>\n\t\t<meta name=\"twitter:card\" content=\"summary_large_image\" \/>\n\t\t<meta name=\"twitter:title\" content=\"MONAT Total Greens | Refuerzo diario de superalimentos | Productos Wellness - MONAT Espa\u00f1a\" \/>\n\t\t<meta name=\"twitter:description\" content=\"Total Greens\u2122 Lo \u00faltimo para el refuerzo diario de superalimentos para apoyar la salud inmunol\u00f3gica.* 10.5 oz. (300 g) 30 raciones Precio de venta Cliente65 \u20ac Precio Cliente VIP55 \u20ac Para conocer m\u00e1s sobre Total Greens\u2122, ponte en contacto con tu Market Partner de MONAT. AGOTADO BENEFICIOS Esta deliciosa mezcla para bebidas de gran sabor funciona como\" \/>\n\t\t<script type=\"application\/ld+json\" class=\"aioseo-schema\">\n\t\t\t{\"@context\":\"https:\\\/\\\/schema.org\",\"@graph\":[{\"@type\":\"BreadcrumbList\",\"@id\":\"https:\\\/\\\/monatglobal.com\\\/es\\\/total-greens\\\/#breadcrumblist\",\"itemListElement\":[{\"@type\":\"ListItem\",\"@id\":\"https:\\\/\\\/monatglobal.com\\\/es#listItem\",\"position\":1,\"name\":\"Home\",\"item\":\"https:\\\/\\\/monatglobal.com\\\/es\",\"nextItem\":{\"@type\":\"ListItem\",\"@id\":\"https:\\\/\\\/monatglobal.com\\\/es\\\/total-greens\\\/#listItem\",\"name\":\"MONAT Total Greens &#124; Refuerzo diario de superalimentos &#124; Productos Wellness\"}},{\"@type\":\"ListItem\",\"@id\":\"https:\\\/\\\/monatglobal.com\\\/es\\\/total-greens\\\/#listItem\",\"position\":2,\"name\":\"MONAT Total Greens &#124; Refuerzo diario de superalimentos &#124; Productos Wellness\",\"previousItem\":{\"@type\":\"ListItem\",\"@id\":\"https:\\\/\\\/monatglobal.com\\\/es#listItem\",\"name\":\"Home\"}}]},{\"@type\":\"Organization\",\"@id\":\"https:\\\/\\\/monatglobal.com\\\/es\\\/#organization\",\"name\":\"MONAT Espa\\u00f1a\",\"description\":\"We Are Modern Nature\\u00ae\",\"url\":\"https:\\\/\\\/monatglobal.com\\\/es\\\/\"},{\"@type\":\"WebPage\",\"@id\":\"https:\\\/\\\/monatglobal.com\\\/es\\\/total-greens\\\/#webpage\",\"url\":\"https:\\\/\\\/monatglobal.com\\\/es\\\/total-greens\\\/\",\"name\":\"MONAT Total Greens | Refuerzo diario de superalimentos | Productos Wellness - MONAT Espa\\u00f1a\",\"description\":\"Total Greens\\u2122 Lo \\u00faltimo para el refuerzo diario de superalimentos para apoyar la salud inmunol\\u00f3gica.* 10.5 oz. (300 g) 30 raciones Precio de venta Cliente65 \\u20ac Precio Cliente VIP55 \\u20ac Para conocer m\\u00e1s sobre Total Greens\\u2122, ponte en contacto con tu Market Partner de MONAT. AGOTADO BENEFICIOS Esta deliciosa mezcla para bebidas de gran sabor funciona como\",\"inLanguage\":\"en-US\",\"isPartOf\":{\"@id\":\"https:\\\/\\\/monatglobal.com\\\/es\\\/#website\"},\"breadcrumb\":{\"@id\":\"https:\\\/\\\/monatglobal.com\\\/es\\\/total-greens\\\/#breadcrumblist\"},\"image\":{\"@type\":\"ImageObject\",\"url\":\"https:\\\/\\\/monatglobal.com\\\/es\\\/wp-content\\\/uploads\\\/sites\\\/10\\\/2021\\\/12\\\/Total-greens-EU-ecomm-2022.png\",\"@id\":\"https:\\\/\\\/monatglobal.com\\\/es\\\/total-greens\\\/#mainImage\",\"width\":641,\"height\":800,\"caption\":\"MONAT Total Greens Refuerzo diario de superalimento\"},\"primaryImageOfPage\":{\"@id\":\"https:\\\/\\\/monatglobal.com\\\/es\\\/total-greens\\\/#mainImage\"},\"datePublished\":\"2022-01-10T09:00:14+00:00\",\"dateModified\":\"2023-08-03T16:24:08+01:00\"},{\"@type\":\"WebSite\",\"@id\":\"https:\\\/\\\/monatglobal.com\\\/es\\\/#website\",\"url\":\"https:\\\/\\\/monatglobal.com\\\/es\\\/\",\"name\":\"MONAT Espa\\u00f1a\",\"description\":\"We Are Modern Nature\\u00ae\",\"inLanguage\":\"en-US\",\"publisher\":{\"@id\":\"https:\\\/\\\/monatglobal.com\\\/es\\\/#organization\"}}]}\n\t\t<\/script>\n\t\t<!-- All in One SEO Pro -->\r\n\t\t<title>MONAT Total Greens | Refuerzo diario de superalimentos | Productos Wellness - MONAT Espa\u00f1a<\/title>\n\n","aioseo_head_json":{"title":"MONAT Total Greens | Refuerzo diario de superalimentos | Productos Wellness - MONAT Espa\u00f1a","description":"Total Greens\u2122 Lo \u00faltimo para el refuerzo diario de superalimentos para apoyar la salud inmunol\u00f3gica.* 10.5 oz. (300 g) 30 raciones Precio de venta Cliente65 \u20ac Precio Cliente VIP55 \u20ac Para conocer m\u00e1s sobre Total Greens\u2122, ponte en contacto con tu Market Partner de MONAT. AGOTADO BENEFICIOS Esta deliciosa mezcla para bebidas de gran sabor funciona como","canonical_url":"https:\/\/monatglobal.com\/es\/total-greens\/","robots":"max-image-preview:large","keywords":"","webmasterTools":{"miscellaneous":""},"schema":{"@context":"https:\/\/schema.org","@graph":[{"@type":"BreadcrumbList","@id":"https:\/\/monatglobal.com\/es\/total-greens\/#breadcrumblist","itemListElement":[{"@type":"ListItem","@id":"https:\/\/monatglobal.com\/es#listItem","position":1,"name":"Home","item":"https:\/\/monatglobal.com\/es","nextItem":{"@type":"ListItem","@id":"https:\/\/monatglobal.com\/es\/total-greens\/#listItem","name":"MONAT Total Greens &#124; Refuerzo diario de superalimentos &#124; Productos Wellness"}},{"@type":"ListItem","@id":"https:\/\/monatglobal.com\/es\/total-greens\/#listItem","position":2,"name":"MONAT Total Greens &#124; Refuerzo diario de superalimentos &#124; Productos Wellness","previousItem":{"@type":"ListItem","@id":"https:\/\/monatglobal.com\/es#listItem","name":"Home"}}]},{"@type":"Organization","@id":"https:\/\/monatglobal.com\/es\/#organization","name":"MONAT Espa\u00f1a","description":"We Are Modern Nature\u00ae","url":"https:\/\/monatglobal.com\/es\/"},{"@type":"WebPage","@id":"https:\/\/monatglobal.com\/es\/total-greens\/#webpage","url":"https:\/\/monatglobal.com\/es\/total-greens\/","name":"MONAT Total Greens | Refuerzo diario de superalimentos | Productos Wellness - MONAT Espa\u00f1a","description":"Total Greens\u2122 Lo \u00faltimo para el refuerzo diario de superalimentos para apoyar la salud inmunol\u00f3gica.* 10.5 oz. (300 g) 30 raciones Precio de venta Cliente65 \u20ac Precio Cliente VIP55 \u20ac Para conocer m\u00e1s sobre Total Greens\u2122, ponte en contacto con tu Market Partner de MONAT. AGOTADO BENEFICIOS Esta deliciosa mezcla para bebidas de gran sabor funciona como","inLanguage":"en-US","isPartOf":{"@id":"https:\/\/monatglobal.com\/es\/#website"},"breadcrumb":{"@id":"https:\/\/monatglobal.com\/es\/total-greens\/#breadcrumblist"},"image":{"@type":"ImageObject","url":"https:\/\/monatglobal.com\/es\/wp-content\/uploads\/sites\/10\/2021\/12\/Total-greens-EU-ecomm-2022.png","@id":"https:\/\/monatglobal.com\/es\/total-greens\/#mainImage","width":641,"height":800,"caption":"MONAT Total Greens Refuerzo diario de superalimento"},"primaryImageOfPage":{"@id":"https:\/\/monatglobal.com\/es\/total-greens\/#mainImage"},"datePublished":"2022-01-10T09:00:14+00:00","dateModified":"2023-08-03T16:24:08+01:00"},{"@type":"WebSite","@id":"https:\/\/monatglobal.com\/es\/#website","url":"https:\/\/monatglobal.com\/es\/","name":"MONAT Espa\u00f1a","description":"We Are Modern Nature\u00ae","inLanguage":"en-US","publisher":{"@id":"https:\/\/monatglobal.com\/es\/#organization"}}]},"og:locale":"en_US","og:site_name":"MONAT Espa\u00f1a - We Are Modern Nature\u00ae","og:type":"article","og:title":"MONAT Total Greens | Refuerzo diario de superalimentos | Productos Wellness - MONAT Espa\u00f1a","og:description":"Total Greens\u2122 Lo \u00faltimo para el refuerzo diario de superalimentos para apoyar la salud inmunol\u00f3gica.* 10.5 oz. (300 g) 30 raciones Precio de venta Cliente65 \u20ac Precio Cliente VIP55 \u20ac Para conocer m\u00e1s sobre Total Greens\u2122, ponte en contacto con tu Market Partner de MONAT. AGOTADO BENEFICIOS Esta deliciosa mezcla para bebidas de gran sabor funciona como","og:url":"https:\/\/monatglobal.com\/es\/total-greens\/","article:published_time":"2022-01-10T09:00:14+00:00","article:modified_time":"2023-08-03T15:24:08+00:00","twitter:card":"summary_large_image","twitter:title":"MONAT Total Greens | Refuerzo diario de superalimentos | Productos Wellness - MONAT Espa\u00f1a","twitter:description":"Total Greens\u2122 Lo \u00faltimo para el refuerzo diario de superalimentos para apoyar la salud inmunol\u00f3gica.* 10.5 oz. (300 g) 30 raciones Precio de venta Cliente65 \u20ac Precio Cliente VIP55 \u20ac Para conocer m\u00e1s sobre Total Greens\u2122, ponte en contacto con tu Market Partner de MONAT. AGOTADO BENEFICIOS Esta deliciosa mezcla para bebidas de gran sabor funciona como"},"aioseo_meta_data":{"post_id":"66838","title":null,"description":null,"keywords":null,"keyphrases":null,"primary_term":null,"canonical_url":null,"og_title":null,"og_description":null,"og_object_type":"default","og_image_type":"default","og_image_url":null,"og_image_width":null,"og_image_height":null,"og_image_custom_url":null,"og_image_custom_fields":null,"og_video":null,"og_custom_url":null,"og_article_section":null,"og_article_tags":null,"twitter_use_og":false,"twitter_card":"default","twitter_image_type":"default","twitter_image_url":null,"twitter_image_custom_url":null,"twitter_image_custom_fields":null,"twitter_title":null,"twitter_description":null,"schema":{"blockGraphs":[],"customGraphs":[],"default":{"data":{"Article":[],"Course":[],"Dataset":[],"FAQPage":[],"Movie":[],"Person":[],"Product":[],"ProductReview":[],"Car":[],"Recipe":[],"Service":[],"SoftwareApplication":[],"WebPage":[]},"graphName":"","isEnabled":true},"graphs":[]},"schema_type":"default","schema_type_options":null,"pillar_content":false,"robots_default":true,"robots_noindex":false,"robots_noarchive":false,"robots_nosnippet":false,"robots_nofollow":false,"robots_noimageindex":false,"robots_noodp":false,"robots_notranslate":false,"robots_max_snippet":null,"robots_max_videopreview":null,"robots_max_imagepreview":"large","priority":null,"frequency":null,"local_seo":null,"seo_analyzer_scan_date":"2025-08-14 17:45:28","limit_modified_date":false,"reviewed_by":null,"open_ai":null,"ai":null,"created":"2023-07-26 09:26:24","updated":"2025-08-14 17:45:28"},"aioseo_breadcrumb":"<div class=\"aioseo-breadcrumbs\"><span class=\"aioseo-breadcrumb\">\n\t<a href=\"https:\/\/monatglobal.com\/es\" title=\"Home\">Home<\/a>\n<\/span><span class=\"aioseo-breadcrumb-separator\">&raquo;<\/span><span class=\"aioseo-breadcrumb\">\n\tMONAT Total Greens | Refuerzo diario de superalimentos | Productos Wellness\n<\/span><\/div>","aioseo_breadcrumb_json":[{"label":"Home","link":"https:\/\/monatglobal.com\/es"},{"label":"MONAT Total Greens &#124; Refuerzo diario de superalimentos &#124; Productos Wellness","link":"https:\/\/monatglobal.com\/es\/total-greens\/"}],"_links":{"self":[{"href":"https:\/\/monatglobal.com\/es\/wp-json\/wp\/v2\/pages\/66838","targetHints":{"allow":["GET"]}}],"collection":[{"href":"https:\/\/monatglobal.com\/es\/wp-json\/wp\/v2\/pages"}],"about":[{"href":"https:\/\/monatglobal.com\/es\/wp-json\/wp\/v2\/types\/page"}],"author":[{"embeddable":true,"href":"https:\/\/monatglobal.com\/es\/wp-json\/wp\/v2\/users\/31"}],"replies":[{"embeddable":true,"href":"https:\/\/monatglobal.com\/es\/wp-json\/wp\/v2\/comments?post=66838"}],"version-history":[{"count":13,"href":"https:\/\/monatglobal.com\/es\/wp-json\/wp\/v2\/pages\/66838\/revisions"}],"predecessor-version":[{"id":73058,"href":"https:\/\/monatglobal.com\/es\/wp-json\/wp\/v2\/pages\/66838\/revisions\/73058"}],"wp:featuredmedia":[{"embeddable":true,"href":"https:\/\/monatglobal.com\/es\/wp-json\/wp\/v2\/media\/66896"}],"wp:attachment":[{"href":"https:\/\/monatglobal.com\/es\/wp-json\/wp\/v2\/media?parent=66838"}],"wp:term":[{"taxonomy":"category","embeddable":true,"href":"https:\/\/monatglobal.com\/es\/wp-json\/wp\/v2\/categories?post=66838"},{"taxonomy":"post_tag","embeddable":true,"href":"https:\/\/monatglobal.com\/es\/wp-json\/wp\/v2\/tags?post=66838"}],"curies":[{"name":"wp","href":"https:\/\/api.w.org\/{rel}","templated":true}]}}