{"id":66835,"date":"2022-01-10T09:00:56","date_gmt":"2022-01-10T09:00:56","guid":{"rendered":"https:\/\/monatglobal.com\/es\/?page_id=66835"},"modified":"2025-01-27T21:34:51","modified_gmt":"2025-01-27T21:34:51","slug":"collagen","status":"publish","type":"page","link":"https:\/\/monatglobal.com\/es\/collagen\/","title":{"rendered":"MONAT Collagen Key\u2122 &#124; Col\u00e1geno vegano para construcci\u00f3n de bloques &#124;Wellness"},"content":{"rendered":"\n\n\t<link rel=\"stylesheet\" href=\"https:\/\/unpkg.com\/swiper\/swiper-bundle.min.css\" \/>\n<link rel=\"stylesheet\" href=\"https:\/\/monatglobal.com\/wp-content\/creative_css\/product_styles_sheet.css\" \/>\n  <!--==================================================== ECOMM SECTION ====================================================-->\n    <!--==================================================== Ecomm image ====================================================-->\n    <img decoding=\"async\" src=\"https:\/\/monatglobal.com\/es\/wp-content\/uploads\/sites\/10\/2021\/12\/collagen-key-EU-ecomm-2022.png\" alt=\"\" loading=\"lazy\"\/>\n    <!--==================================================== Ecomm information  ====================================================-->\n      \n      <h1> Collagen Key\u2122<\/h1>\n      \n      <p>Mezcla todo en uno que apoya la belleza completa desde el interior.<\/p>\n      <p>5.29 oz. (150 g) 30 raciones<\/p>\n          <p>Precio de venta Cliente<br \/>72 \u20ac<\/p>\n          <p>Precio Cliente VIP<br \/>61 \u20ac<\/p>\n      Para conocer m\u00e1s sobre Collagen Key\u2122, \n   ponte en contacto con tu Market Partner de&nbsp;MONAT.\n        <a href=\"https:\/\/corp.mymonat.com\/shop\/products\/collagen-key-6000002331-sold-out?taxon_id=30\" target=\"_blank\" aria-label=\"Go to Collagen Key\u2122 shop\" rel=\"noopener\">agotado<\/a>\n  <!--==================================================== \/ECOMM SECTION  ====================================================-->\n  <!--==================================================== Benefits image ====================================================-->\n  \n    <source media=\"(max-width: 700px)\" srcset=\"https:\/\/monatglobal.com\/uk\/wp-content\/uploads\/sites\/6\/2021\/05\/benefits-ck-1.jpg\" loading=\"lazy\"\/>\n      <img decoding=\"async\" src=\"https:\/\/monatglobal.com\/uk\/wp-content\/uploads\/sites\/6\/2021\/05\/benefits-ck-1.jpg\" \n      alt=\"\" loading=\"lazy\"\/>\n    \n    <!--==================================================== Benefits text ====================================================-->\n        <h2>BENEFICIOS<\/h2>\n        <h3>Una f\u00f3rmula vegana \u00fanica \u00abtodo en uno\u00bb que ayuda a la producci\u00f3n natural de col\u00e1geno del cuerpo para mantener la normalidad en la piel, el cabello y las u\u00f1as. *<\/h3>\n        <!--==================================================== features image  ====================================================-->\n        <img decoding=\"async\" src=\"https:\/\/monatglobal.com\/es\/wp-content\/uploads\/sites\/10\/2021\/12\/collagen-key-features-EU.jpg\" \n        alt=\"\" loading=\"lazy\"\/>\n      <!--==================================================== features text ====================================================-->\n          <h3>Apoya a la producci\u00f3n natural de col\u00e1geno en el cuerpo.<\/h3>\n                <p>\/ Amino\u00e1cidos de origen vegano para favorecer la producci\u00f3n de col\u00e1geno.<\/p>\n                <p>\/ Favorece el normal mantenimiento de la piel, el cabello y las&nbsp;u\u00f1as*.<\/p>\n                <p>\/ La vitamina C contribuye a la formaci\u00f3n normal de col\u00e1geno para que la piel tenga un aspecto estupendo.<\/p>\n                <p>\/ Entre las vitaminas y minerales adicionales se encuentran:<\/p>\n            <ul>\n                <li> La biotina, que contribuye al normal mantenimiento del cabello y la piel.<\/li>\n                <li>El zinc, que contribuye al normal mantenimiento del cabello, la piel y las u\u00f1as.<\/li>\n                <li>El manganeso, que contribuye a la formaci\u00f3n normal del tejido conectivo, lo que ayuda al normal mantenimiento de la piel.<\/li>\n                <li>El manganeso, la vitamina B2 (riboflavina), el zinc y la vitamina&nbsp;C contribuyen a la protecci\u00f3n de las c\u00e9lulas frente al estr\u00e9s oxidativo.<\/li>\n            <\/ul>\n                <p>\/ Delicioso sabor a albaricoque y fruta de la pasi\u00f3n. <\/p>\n                <p>\/ Sin colores ni saborizantes artificiales.  <\/p>\n                <p>\/ Sin az\u00facares a\u00f1adidos. <\/p>\n    <!--==================================================== composition image mobile ====================================================-->\n    <img decoding=\"async\" alt=\"\" src=\"https:\/\/monatglobal.com\/es\/wp-content\/uploads\/sites\/10\/2021\/12\/collagen-key-comp-1-EU.jpg\" loading=\"lazy\"\/>\n    <!--==================================================== Why it works text ====================================================-->\n      <h2>Aporta ingredientes esenciales para conseguir un fuerte sistema de apoyo interno.<\/h2>\n      <h3>El manganeso, la vitamina B2 (riboflavina), el zinc y la vitamina C contribuyen a la protecci\u00f3n de las c\u00e9lulas del estr\u00e9s oxidativo.*<\/h3>\n  <!--==================================================== Composition section ====================================================-->\n      <img decoding=\"async\" src=\"https:\/\/monatglobal.com\/es\/wp-content\/uploads\/sites\/10\/2021\/12\/collagen-key-comp-1-EU.jpg\" \n      alt=\"\" loading=\"lazy\"\/>\n      <img decoding=\"async\" src=\"https:\/\/monatglobal.com\/lt\/wp-content\/uploads\/sites\/11\/2021\/12\/collagen-key-comp-3.jpg\" \n      alt=\"\" loading=\"lazy\"\/>\n          <!--==================================================== Directions text ====================================================--> \n            <h3>Modo de uso<\/h3>\n              <p>\/ Mezcla un cacito (5 gr) con 230 ml de agua.<\/p>\n              <p>\/ Usarlo diariamente para obtener el m\u00e1ximo beneficio. <\/p>\n          <!--==================================================== Directions video ====================================================-->\n    <p>Damage Repair <br \/>Bond-Fortifying Hair Leave-In Cr\u00e8me  <br \/>1:28<\/p>\n    <a href=\"https:\/\/corp.mymonat.com\/shop\/products\/collagen-key-6000002331-sold-out?taxon_id=30\" target=\"_blank\" aria-label=\"Go to Collagen Key\u2122 shop\" rel=\"noopener\">agotado<\/a>\n  <!--==================================================== Ingredients section  ====================================================-->\n    <h2>INGREDIENTES ACTIVOS CLAVE<\/h2>\n      <p>Mezcla de amino\u00e1cidos vegana<\/p>\n      <p>Trans-Resveratrol<\/p>\n      <p>Biotina<\/p>\n      <p>Zinc<\/p>\n      <p>Manganeso<\/p>\n      <p>Vitamina C<\/p>\n  <button id=\"myBtn\" type=\"button\">VER LA LISTA DE INGREDIENTES COMPLETA<\/button>\n <p>* Estos productos no tienen el prop\u00f3sito de diagnosticar, tratar, curar o prevenir ninguna enfermedad.<\/p>\n  <!--==================================================== Modal content  ====================================================-->\n    &times;\n    Maltodextrin, glycine, acid: citric acid, natural flavour, beetroot root powder (Beta vulgaris), L-ascorbic acid, trans-resveratrol, \n    sweetener: steviol glycosides, nicotinamide, calcium-D-pantothenate, zinc citrate, pyridoxine hydrochloride, thiamin hydrochloride, riboflavin, \n    D-biotin, manganese sulfate, L-proline, L-methionine, calcium-L-methylfolate,&nbsp;methylcobalamin.\n<!--==================================================== You might also like section ====================================================-->\n  <h2>PUEDE QUE TAMBI\u00c9N TE GUSTE<\/h2>\n  <!--==================================================== Slider YOU MIGHT ALSO LIKE ====================================================-->\n            <!--==================================================== Slides products ====================================================-->\n               <a href=\"\/?page_id=66841\" aria-label=\"Go to Prote\u00edna Vegana MONAT page\">\n                  <img decoding=\"async\" src=\"https:\/\/monatglobal.com\/uk\/wp-content\/uploads\/sites\/6\/2021\/09\/VEGAN-PROTEIN-POWDER-ECOM_UE-2021.png\" alt=\"Prote\u00edna Vegana MONAT\" loading=\"lazy\"\/>\n                  <p>Prote\u00edna Vegana MONAT<\/p>\n               <\/a>\n               <a href=\"\/?page_id=66838\" aria-label=\"Go to MONAT Total Greens\u2122 page\">\n                  <img decoding=\"async\" src=\"https:\/\/monatglobal.com\/es\/wp-content\/uploads\/sites\/10\/2021\/12\/Total-greens-EU-ecomm-2022.png\" alt=\"MONAT Total Greens\u2122\" loading=\"lazy\"\/>\n                  <p>MONAT Total Greens\u2122<\/p>\n               <\/a>\n         <!--==================================================== If we need navigation buttons  ====================================================-->\n         <!--==================================================== If we need paginations  ====================================================-->\n  <a href=\"\/?page_id=66820\" aria-label=\"Go to Visi \u201eWellness\" produktai\"><p>Todos los productos Wellness<\/p><\/a>\n<!--==================================================== this link has to go last for it to work   ====================================================-->\n\n","protected":false},"excerpt":{"rendered":"<p>Collagen Key\u2122 Mezcla todo en uno que apoya la belleza completa desde el interior. 5.29 oz. (150 g) 30 raciones Precio de venta Cliente72 \u20ac Precio Cliente VIP61 \u20ac Para conocer m\u00e1s sobre Collagen Key\u2122, ponte en contacto con tu Market Partner de&nbsp;MONAT. agotado BENEFICIOS Una f\u00f3rmula vegana \u00fanica \u00abtodo en uno\u00bb que ayuda a&hellip;<\/p>\n","protected":false},"author":31,"featured_media":66897,"parent":0,"menu_order":0,"comment_status":"closed","ping_status":"closed","template":"","meta":{"inline_featured_image":false,"om_disable_all_campaigns":false,"_monsterinsights_skip_tracking":false,"_monsterinsights_sitenote_active":false,"_monsterinsights_sitenote_note":"","_monsterinsights_sitenote_category":0,"footnotes":""},"categories":[],"tags":[],"class_list":["post-66835","page","type-page","status-publish","has-post-thumbnail","hentry"],"aioseo_notices":[],"aioseo_head":"\n\t\t<!-- All in One SEO Pro 4.9.6 - aioseo.com -->\n\t<meta name=\"description\" content=\"Collagen Key\u2122 Mezcla todo en uno que apoya la belleza completa desde el interior. 5.29 oz. (150 g) 30 raciones Precio de venta Cliente72 \u20ac Precio Cliente VIP61 \u20ac Para conocer m\u00e1s sobre Collagen Key\u2122, ponte en contacto con tu Market Partner de MONAT. agotado BENEFICIOS Una f\u00f3rmula vegana \u00fanica \u00abtodo en uno\u00bb que ayuda a\" \/>\n\t<meta name=\"robots\" content=\"max-image-preview:large\" \/>\n\t<link rel=\"canonical\" href=\"https:\/\/monatglobal.com\/es\/collagen\/\" \/>\n\t<meta name=\"generator\" content=\"All in One SEO Pro (AIOSEO) 4.9.6\" \/>\n\t\t<meta property=\"og:locale\" content=\"en_US\" \/>\n\t\t<meta property=\"og:site_name\" content=\"MONAT Espa\u00f1a - We Are Modern Nature\u00ae\" \/>\n\t\t<meta property=\"og:type\" content=\"article\" \/>\n\t\t<meta property=\"og:title\" content=\"MONAT Collagen Key\u2122 | Col\u00e1geno vegano para construcci\u00f3n de bloques |Wellness - MONAT Espa\u00f1a\" \/>\n\t\t<meta property=\"og:description\" content=\"Collagen Key\u2122 Mezcla todo en uno que apoya la belleza completa desde el interior. 5.29 oz. (150 g) 30 raciones Precio de venta Cliente72 \u20ac Precio Cliente VIP61 \u20ac Para conocer m\u00e1s sobre Collagen Key\u2122, ponte en contacto con tu Market Partner de MONAT. agotado BENEFICIOS Una f\u00f3rmula vegana \u00fanica \u00abtodo en uno\u00bb que ayuda a\" \/>\n\t\t<meta property=\"og:url\" content=\"https:\/\/monatglobal.com\/es\/collagen\/\" \/>\n\t\t<meta property=\"article:published_time\" content=\"2022-01-10T09:00:56+00:00\" \/>\n\t\t<meta property=\"article:modified_time\" content=\"2025-01-27T21:34:51+00:00\" \/>\n\t\t<meta name=\"twitter:card\" content=\"summary_large_image\" \/>\n\t\t<meta name=\"twitter:title\" content=\"MONAT Collagen Key\u2122 | Col\u00e1geno vegano para construcci\u00f3n de bloques |Wellness - MONAT Espa\u00f1a\" \/>\n\t\t<meta name=\"twitter:description\" content=\"Collagen Key\u2122 Mezcla todo en uno que apoya la belleza completa desde el interior. 5.29 oz. (150 g) 30 raciones Precio de venta Cliente72 \u20ac Precio Cliente VIP61 \u20ac Para conocer m\u00e1s sobre Collagen Key\u2122, ponte en contacto con tu Market Partner de MONAT. agotado BENEFICIOS Una f\u00f3rmula vegana \u00fanica \u00abtodo en uno\u00bb que ayuda a\" \/>\n\t\t<script type=\"application\/ld+json\" class=\"aioseo-schema\">\n\t\t\t{\"@context\":\"https:\\\/\\\/schema.org\",\"@graph\":[{\"@type\":\"BreadcrumbList\",\"@id\":\"https:\\\/\\\/monatglobal.com\\\/es\\\/collagen\\\/#breadcrumblist\",\"itemListElement\":[{\"@type\":\"ListItem\",\"@id\":\"https:\\\/\\\/monatglobal.com\\\/es#listItem\",\"position\":1,\"name\":\"Home\",\"item\":\"https:\\\/\\\/monatglobal.com\\\/es\",\"nextItem\":{\"@type\":\"ListItem\",\"@id\":\"https:\\\/\\\/monatglobal.com\\\/es\\\/collagen\\\/#listItem\",\"name\":\"MONAT Collagen Key\\u2122 &#124; Col\\u00e1geno vegano para construcci\\u00f3n de bloques &#124;Wellness\"}},{\"@type\":\"ListItem\",\"@id\":\"https:\\\/\\\/monatglobal.com\\\/es\\\/collagen\\\/#listItem\",\"position\":2,\"name\":\"MONAT Collagen Key\\u2122 &#124; Col\\u00e1geno vegano para construcci\\u00f3n de bloques &#124;Wellness\",\"previousItem\":{\"@type\":\"ListItem\",\"@id\":\"https:\\\/\\\/monatglobal.com\\\/es#listItem\",\"name\":\"Home\"}}]},{\"@type\":\"Organization\",\"@id\":\"https:\\\/\\\/monatglobal.com\\\/es\\\/#organization\",\"name\":\"MONAT Espa\\u00f1a\",\"description\":\"We Are Modern Nature\\u00ae\",\"url\":\"https:\\\/\\\/monatglobal.com\\\/es\\\/\"},{\"@type\":\"WebPage\",\"@id\":\"https:\\\/\\\/monatglobal.com\\\/es\\\/collagen\\\/#webpage\",\"url\":\"https:\\\/\\\/monatglobal.com\\\/es\\\/collagen\\\/\",\"name\":\"MONAT Collagen Key\\u2122 | Col\\u00e1geno vegano para construcci\\u00f3n de bloques |Wellness - MONAT Espa\\u00f1a\",\"description\":\"Collagen Key\\u2122 Mezcla todo en uno que apoya la belleza completa desde el interior. 5.29 oz. (150 g) 30 raciones Precio de venta Cliente72 \\u20ac Precio Cliente VIP61 \\u20ac Para conocer m\\u00e1s sobre Collagen Key\\u2122, ponte en contacto con tu Market Partner de MONAT. agotado BENEFICIOS Una f\\u00f3rmula vegana \\u00fanica \\u00abtodo en uno\\u00bb que ayuda a\",\"inLanguage\":\"en-US\",\"isPartOf\":{\"@id\":\"https:\\\/\\\/monatglobal.com\\\/es\\\/#website\"},\"breadcrumb\":{\"@id\":\"https:\\\/\\\/monatglobal.com\\\/es\\\/collagen\\\/#breadcrumblist\"},\"image\":{\"@type\":\"ImageObject\",\"url\":\"https:\\\/\\\/monatglobal.com\\\/es\\\/wp-content\\\/uploads\\\/sites\\\/10\\\/2021\\\/12\\\/Total-greens-EU-ecomm-2022-1.png\",\"@id\":\"https:\\\/\\\/monatglobal.com\\\/es\\\/collagen\\\/#mainImage\",\"width\":641,\"height\":800,\"caption\":\"MONAT Total Greens Refuerzo diario de superalimento\"},\"primaryImageOfPage\":{\"@id\":\"https:\\\/\\\/monatglobal.com\\\/es\\\/collagen\\\/#mainImage\"},\"datePublished\":\"2022-01-10T09:00:56+00:00\",\"dateModified\":\"2025-01-27T21:34:51+00:00\"},{\"@type\":\"WebSite\",\"@id\":\"https:\\\/\\\/monatglobal.com\\\/es\\\/#website\",\"url\":\"https:\\\/\\\/monatglobal.com\\\/es\\\/\",\"name\":\"MONAT Espa\\u00f1a\",\"description\":\"We Are Modern Nature\\u00ae\",\"inLanguage\":\"en-US\",\"publisher\":{\"@id\":\"https:\\\/\\\/monatglobal.com\\\/es\\\/#organization\"}}]}\n\t\t<\/script>\n\t\t<!-- All in One SEO Pro -->\r\n\t\t<title>MONAT Collagen Key\u2122 | Col\u00e1geno vegano para construcci\u00f3n de bloques |Wellness - MONAT Espa\u00f1a<\/title>\n\n","aioseo_head_json":{"title":"MONAT Collagen Key\u2122 | Col\u00e1geno vegano para construcci\u00f3n de bloques |Wellness - MONAT Espa\u00f1a","description":"Collagen Key\u2122 Mezcla todo en uno que apoya la belleza completa desde el interior. 5.29 oz. (150 g) 30 raciones Precio de venta Cliente72 \u20ac Precio Cliente VIP61 \u20ac Para conocer m\u00e1s sobre Collagen Key\u2122, ponte en contacto con tu Market Partner de MONAT. agotado BENEFICIOS Una f\u00f3rmula vegana \u00fanica \u00abtodo en uno\u00bb que ayuda a","canonical_url":"https:\/\/monatglobal.com\/es\/collagen\/","robots":"max-image-preview:large","keywords":"","webmasterTools":{"miscellaneous":""},"schema":{"@context":"https:\/\/schema.org","@graph":[{"@type":"BreadcrumbList","@id":"https:\/\/monatglobal.com\/es\/collagen\/#breadcrumblist","itemListElement":[{"@type":"ListItem","@id":"https:\/\/monatglobal.com\/es#listItem","position":1,"name":"Home","item":"https:\/\/monatglobal.com\/es","nextItem":{"@type":"ListItem","@id":"https:\/\/monatglobal.com\/es\/collagen\/#listItem","name":"MONAT Collagen Key\u2122 &#124; Col\u00e1geno vegano para construcci\u00f3n de bloques &#124;Wellness"}},{"@type":"ListItem","@id":"https:\/\/monatglobal.com\/es\/collagen\/#listItem","position":2,"name":"MONAT Collagen Key\u2122 &#124; Col\u00e1geno vegano para construcci\u00f3n de bloques &#124;Wellness","previousItem":{"@type":"ListItem","@id":"https:\/\/monatglobal.com\/es#listItem","name":"Home"}}]},{"@type":"Organization","@id":"https:\/\/monatglobal.com\/es\/#organization","name":"MONAT Espa\u00f1a","description":"We Are Modern Nature\u00ae","url":"https:\/\/monatglobal.com\/es\/"},{"@type":"WebPage","@id":"https:\/\/monatglobal.com\/es\/collagen\/#webpage","url":"https:\/\/monatglobal.com\/es\/collagen\/","name":"MONAT Collagen Key\u2122 | Col\u00e1geno vegano para construcci\u00f3n de bloques |Wellness - MONAT Espa\u00f1a","description":"Collagen Key\u2122 Mezcla todo en uno que apoya la belleza completa desde el interior. 5.29 oz. (150 g) 30 raciones Precio de venta Cliente72 \u20ac Precio Cliente VIP61 \u20ac Para conocer m\u00e1s sobre Collagen Key\u2122, ponte en contacto con tu Market Partner de MONAT. agotado BENEFICIOS Una f\u00f3rmula vegana \u00fanica \u00abtodo en uno\u00bb que ayuda a","inLanguage":"en-US","isPartOf":{"@id":"https:\/\/monatglobal.com\/es\/#website"},"breadcrumb":{"@id":"https:\/\/monatglobal.com\/es\/collagen\/#breadcrumblist"},"image":{"@type":"ImageObject","url":"https:\/\/monatglobal.com\/es\/wp-content\/uploads\/sites\/10\/2021\/12\/Total-greens-EU-ecomm-2022-1.png","@id":"https:\/\/monatglobal.com\/es\/collagen\/#mainImage","width":641,"height":800,"caption":"MONAT Total Greens Refuerzo diario de superalimento"},"primaryImageOfPage":{"@id":"https:\/\/monatglobal.com\/es\/collagen\/#mainImage"},"datePublished":"2022-01-10T09:00:56+00:00","dateModified":"2025-01-27T21:34:51+00:00"},{"@type":"WebSite","@id":"https:\/\/monatglobal.com\/es\/#website","url":"https:\/\/monatglobal.com\/es\/","name":"MONAT Espa\u00f1a","description":"We Are Modern Nature\u00ae","inLanguage":"en-US","publisher":{"@id":"https:\/\/monatglobal.com\/es\/#organization"}}]},"og:locale":"en_US","og:site_name":"MONAT Espa\u00f1a - We Are Modern Nature\u00ae","og:type":"article","og:title":"MONAT Collagen Key\u2122 | Col\u00e1geno vegano para construcci\u00f3n de bloques |Wellness - MONAT Espa\u00f1a","og:description":"Collagen Key\u2122 Mezcla todo en uno que apoya la belleza completa desde el interior. 5.29 oz. (150 g) 30 raciones Precio de venta Cliente72 \u20ac Precio Cliente VIP61 \u20ac Para conocer m\u00e1s sobre Collagen Key\u2122, ponte en contacto con tu Market Partner de MONAT. agotado BENEFICIOS Una f\u00f3rmula vegana \u00fanica \u00abtodo en uno\u00bb que ayuda a","og:url":"https:\/\/monatglobal.com\/es\/collagen\/","article:published_time":"2022-01-10T09:00:56+00:00","article:modified_time":"2025-01-27T21:34:51+00:00","twitter:card":"summary_large_image","twitter:title":"MONAT Collagen Key\u2122 | Col\u00e1geno vegano para construcci\u00f3n de bloques |Wellness - MONAT Espa\u00f1a","twitter:description":"Collagen Key\u2122 Mezcla todo en uno que apoya la belleza completa desde el interior. 5.29 oz. (150 g) 30 raciones Precio de venta Cliente72 \u20ac Precio Cliente VIP61 \u20ac Para conocer m\u00e1s sobre Collagen Key\u2122, ponte en contacto con tu Market Partner de MONAT. agotado BENEFICIOS Una f\u00f3rmula vegana \u00fanica \u00abtodo en uno\u00bb que ayuda a"},"aioseo_meta_data":{"post_id":"66835","title":null,"description":null,"keywords":null,"keyphrases":null,"primary_term":null,"canonical_url":null,"og_title":null,"og_description":null,"og_object_type":"default","og_image_type":"default","og_image_url":null,"og_image_width":null,"og_image_height":null,"og_image_custom_url":null,"og_image_custom_fields":null,"og_video":null,"og_custom_url":null,"og_article_section":null,"og_article_tags":null,"twitter_use_og":false,"twitter_card":"default","twitter_image_type":"default","twitter_image_url":null,"twitter_image_custom_url":null,"twitter_image_custom_fields":null,"twitter_title":null,"twitter_description":null,"schema":{"blockGraphs":[],"customGraphs":[],"default":{"data":{"Article":[],"Course":[],"Dataset":[],"FAQPage":[],"Movie":[],"Person":[],"Product":[],"ProductReview":[],"Car":[],"Recipe":[],"Service":[],"SoftwareApplication":[],"WebPage":[]},"graphName":"","isEnabled":true},"graphs":[]},"schema_type":"default","schema_type_options":null,"pillar_content":false,"robots_default":true,"robots_noindex":false,"robots_noarchive":false,"robots_nosnippet":false,"robots_nofollow":false,"robots_noimageindex":false,"robots_noodp":false,"robots_notranslate":false,"robots_max_snippet":null,"robots_max_videopreview":null,"robots_max_imagepreview":"large","priority":null,"frequency":null,"local_seo":null,"seo_analyzer_scan_date":"2025-08-14 17:45:31","limit_modified_date":false,"reviewed_by":null,"open_ai":null,"ai":null,"created":"2023-07-26 09:26:24","updated":"2026-02-10 05:23:21"},"aioseo_breadcrumb":"<div class=\"aioseo-breadcrumbs\"><span class=\"aioseo-breadcrumb\">\n\t<a href=\"https:\/\/monatglobal.com\/es\" title=\"Home\">Home<\/a>\n<\/span><span class=\"aioseo-breadcrumb-separator\">&raquo;<\/span><span class=\"aioseo-breadcrumb\">\n\tMONAT Collagen Key\u2122 | Col\u00e1geno vegano para construcci\u00f3n de bloques |Wellness\n<\/span><\/div>","aioseo_breadcrumb_json":[{"label":"Home","link":"https:\/\/monatglobal.com\/es"},{"label":"MONAT Collagen Key\u2122 &#124; Col\u00e1geno vegano para construcci\u00f3n de bloques &#124;Wellness","link":"https:\/\/monatglobal.com\/es\/collagen\/"}],"_links":{"self":[{"href":"https:\/\/monatglobal.com\/es\/wp-json\/wp\/v2\/pages\/66835","targetHints":{"allow":["GET"]}}],"collection":[{"href":"https:\/\/monatglobal.com\/es\/wp-json\/wp\/v2\/pages"}],"about":[{"href":"https:\/\/monatglobal.com\/es\/wp-json\/wp\/v2\/types\/page"}],"author":[{"embeddable":true,"href":"https:\/\/monatglobal.com\/es\/wp-json\/wp\/v2\/users\/31"}],"replies":[{"embeddable":true,"href":"https:\/\/monatglobal.com\/es\/wp-json\/wp\/v2\/comments?post=66835"}],"version-history":[{"count":12,"href":"https:\/\/monatglobal.com\/es\/wp-json\/wp\/v2\/pages\/66835\/revisions"}],"predecessor-version":[{"id":86348,"href":"https:\/\/monatglobal.com\/es\/wp-json\/wp\/v2\/pages\/66835\/revisions\/86348"}],"wp:featuredmedia":[{"embeddable":true,"href":"https:\/\/monatglobal.com\/es\/wp-json\/wp\/v2\/media\/66897"}],"wp:attachment":[{"href":"https:\/\/monatglobal.com\/es\/wp-json\/wp\/v2\/media?parent=66835"}],"wp:term":[{"taxonomy":"category","embeddable":true,"href":"https:\/\/monatglobal.com\/es\/wp-json\/wp\/v2\/categories?post=66835"},{"taxonomy":"post_tag","embeddable":true,"href":"https:\/\/monatglobal.com\/es\/wp-json\/wp\/v2\/tags?post=66835"}],"curies":[{"name":"wp","href":"https:\/\/api.w.org\/{rel}","templated":true}]}}