{"id":65915,"date":"2021-12-08T21:10:37","date_gmt":"2021-12-08T21:10:37","guid":{"rendered":"https:\/\/monatglobal.com\/es\/?page_id=65915"},"modified":"2022-12-14T20:24:09","modified_gmt":"2022-12-14T20:24:09","slug":"the-science-of-monat","status":"publish","type":"page","link":"https:\/\/monatglobal.com\/es\/the-science-of-monat\/","title":{"rendered":"La ciencia de MONAT"},"content":{"rendered":"\n\n        <h1>La ciencia <br \/>de MONAT<\/h1>\n        <h2>Los ingredientes de MONAT son naturales, seguros y puros. Pero habiendo tantas \n        marcas que reconocen el poder de los aceites bot\u00e1nicos, \u00bfen qu\u00e9 se diferencia&nbsp;MONAT?<\/h2>\n        La respuesta est\u00e1 en nuestras ricas formulaciones que hacen que estos ingredientes de base natural trabajen en armon\u00eda \n        unos con otros, combin\u00e1ndose y reaccionando para potenciar sus propiedades naturales y llevar a MONAT al siguiente nivel. \n        A continuaci\u00f3n, te explicamos brevemente la ciencia que hay detr\u00e1s de&nbsp;MONAT.\n              <p>Aceite intensivo <br \/>REJUVENIQE\u2122<\/p>\n              Una mezcla con m\u00e1s de 13 plantas naturales y aceites esenciales ricos en \u00e1cidos grasos omega, antioxidantes y nutrientes altamente \n              compatibles con la piel y el&nbsp;cabello.\n              <p>CAPIXYL\u2122<\/p>\n              <p>Un complejo activo y \u00fanico que ayuda a fortalecer el cabello a la vez que favorece su crecimiento&nbsp;natural.<\/p>\n              <p>PROCATALINE\u2122<\/p>\n              Con extracto de guisante, esta combinaci\u00f3n de alta tecnolog\u00eda contribuye a un cabello sano y de aspecto m\u00e1s joven, ayudando a \n              protegerlo de los factores&nbsp;ambientales.\n              <p>CRODASORB\u2122<\/p>\n              <p>Un potente ingrediente que ayuda a preservar la pigmentaci\u00f3n natural del cabello y mantiene cada mech\u00f3n protegido y&nbsp;fuerte.<\/p>\n            <p>SOMOS MONAT<\/p>\n            <h2>Comprometidos con la calidad y la seguridad<\/h2>\n            En MONAT, solamente utilizamos ingredientes seguros y efectivos, que combinan lo mejor de la ciencia y de la \n            naturaleza. Nuestros ingredientes de origen natural son verificados y formulados para tu&nbsp;seguridad.\n            <p>\u00a1S\u00ed!Solo utilizamos ingredientes seguros y cl\u00ednicamente probados.<\/p>\n            Todas las formulaciones de MONAT est\u00e1n cl\u00ednicamente probadas en cuanto a seguridad por laboratorios \n            independientes para garantizar que no provocan irritaciones. Formulamos nuestros productos para que cumplan las normas m\u00e1s \n            estrictas de Estados Unidos, Canad\u00e1 y&nbsp;Europa.\n            En lo que respecta a la seguridad de nuestros productos, mantenemos un compromiso inquebrantable de \n            utilizar \u00fanicamente ingredientes que hayan sido declarados seguros para el uso previsto por terceras partes cre\u00edbles, como \n            el Panel de Expertos de la Revisi\u00f3n de Ingredientes Cosm\u00e9ticos (CIR) en Estados Unidos y el Comit\u00e9 Cient\u00edfico de Seguridad \n            de los Consumidores (SCCS) en&nbsp;Europa.\n            Adem\u00e1s, todas las f\u00f3rmulas de MONAT utilizan ingredientes que el Ministerio de Salud de Canad\u00e1 (FDA) \n            y la m\u00e1s estricta Comisi\u00f3n Europea consideran \u00abseguros para su finalidad&nbsp;cosm\u00e9tica\u00bb.\n            <p>\u00a1S\u00ed!Utilizamos colorantes seguros<\/p>\n            <p>Utilizamos colorantes seguros aprobados por el Ministerio de Salud de Canad\u00e1 (FDA) y la Comisi\u00f3n&nbsp;Europea.<\/p>\n            <p>\u00a1S\u00ed!Usamos fragancias seguras.<\/p>\n            Solo utilizamos fragancias con ingredientes aprobados como seguros por el Instituto de Investigaci\u00f3n de Materiales \n            de Fragancia (RIFM) y la Asociaci\u00f3n Internacional de Perfumer\u00eda&nbsp;(IFRA).\n            El RIFM y la IFRA son las autoridades cient\u00edficas espec\u00edficas para el uso seguro de las fragancias y los materiales \n            que se encuentran en los productos de cuidado personal en todo el&nbsp;mundo.\n            <p>\u00a1S\u00ed!Somos veganos y respetuosos con los&nbsp;animales.<\/p>\n            <p>No utilizamos ning\u00fan ingrediente derivado de animales o subproductos animales. Nunca testamos en&nbsp;animales.<\/p>\n            <p>\u00a1S\u00ed!Nuestros productos:<\/p>\n    <h2>\u00a1S\u00ed! <br \/>We Are Modern Nature\u2122<\/h2>\n\n","protected":false},"excerpt":{"rendered":"<p>La ciencia de MONAT Los ingredientes de MONAT son naturales, seguros y puros. Pero habiendo tantas marcas que reconocen el poder de los aceites bot\u00e1nicos, \u00bfen qu\u00e9 se diferencia&nbsp;MONAT? La respuesta est\u00e1 en nuestras ricas formulaciones que hacen que estos ingredientes de base natural trabajen en armon\u00eda unos con otros, combin\u00e1ndose y reaccionando para potenciar&hellip;<\/p>\n","protected":false},"author":31,"featured_media":65921,"parent":0,"menu_order":0,"comment_status":"closed","ping_status":"closed","template":"","meta":{"inline_featured_image":false,"om_disable_all_campaigns":false,"_monsterinsights_skip_tracking":false,"_monsterinsights_sitenote_active":false,"_monsterinsights_sitenote_note":"","_monsterinsights_sitenote_category":0,"footnotes":""},"categories":[],"tags":[],"class_list":["post-65915","page","type-page","status-publish","has-post-thumbnail","hentry"],"aioseo_notices":[],"aioseo_head":"\n\t\t<!-- All in One SEO Pro 4.9.6 - aioseo.com -->\n\t<meta name=\"description\" content=\"La ciencia de MONAT Los ingredientes de MONAT son naturales, seguros y puros. Pero habiendo tantas marcas que reconocen el poder de los aceites bot\u00e1nicos, \u00bfen qu\u00e9 se diferencia MONAT? La respuesta est\u00e1 en nuestras ricas formulaciones que hacen que estos ingredientes de base natural trabajen en armon\u00eda unos con otros, combin\u00e1ndose y reaccionando para potenciar\" \/>\n\t<meta name=\"robots\" content=\"max-image-preview:large\" \/>\n\t<link rel=\"canonical\" href=\"https:\/\/monatglobal.com\/es\/the-science-of-monat\/\" \/>\n\t<meta name=\"generator\" content=\"All in One SEO Pro (AIOSEO) 4.9.6\" \/>\n\t\t<meta property=\"og:locale\" content=\"en_US\" \/>\n\t\t<meta property=\"og:site_name\" content=\"MONAT Espa\u00f1a - We Are Modern Nature\u00ae\" \/>\n\t\t<meta property=\"og:type\" content=\"article\" \/>\n\t\t<meta property=\"og:title\" content=\"La ciencia de MONAT - MONAT Espa\u00f1a\" \/>\n\t\t<meta property=\"og:description\" content=\"La ciencia de MONAT Los ingredientes de MONAT son naturales, seguros y puros. Pero habiendo tantas marcas que reconocen el poder de los aceites bot\u00e1nicos, \u00bfen qu\u00e9 se diferencia MONAT? La respuesta est\u00e1 en nuestras ricas formulaciones que hacen que estos ingredientes de base natural trabajen en armon\u00eda unos con otros, combin\u00e1ndose y reaccionando para potenciar\" \/>\n\t\t<meta property=\"og:url\" content=\"https:\/\/monatglobal.com\/es\/the-science-of-monat\/\" \/>\n\t\t<meta property=\"article:published_time\" content=\"2021-12-08T21:10:37+00:00\" \/>\n\t\t<meta property=\"article:modified_time\" content=\"2022-12-14T20:24:09+00:00\" \/>\n\t\t<meta name=\"twitter:card\" content=\"summary_large_image\" \/>\n\t\t<meta name=\"twitter:title\" content=\"La ciencia de MONAT - MONAT Espa\u00f1a\" \/>\n\t\t<meta name=\"twitter:description\" content=\"La ciencia de MONAT Los ingredientes de MONAT son naturales, seguros y puros. Pero habiendo tantas marcas que reconocen el poder de los aceites bot\u00e1nicos, \u00bfen qu\u00e9 se diferencia MONAT? La respuesta est\u00e1 en nuestras ricas formulaciones que hacen que estos ingredientes de base natural trabajen en armon\u00eda unos con otros, combin\u00e1ndose y reaccionando para potenciar\" \/>\n\t\t<script type=\"application\/ld+json\" class=\"aioseo-schema\">\n\t\t\t{\"@context\":\"https:\\\/\\\/schema.org\",\"@graph\":[{\"@type\":\"BreadcrumbList\",\"@id\":\"https:\\\/\\\/monatglobal.com\\\/es\\\/the-science-of-monat\\\/#breadcrumblist\",\"itemListElement\":[{\"@type\":\"ListItem\",\"@id\":\"https:\\\/\\\/monatglobal.com\\\/es#listItem\",\"position\":1,\"name\":\"Home\",\"item\":\"https:\\\/\\\/monatglobal.com\\\/es\",\"nextItem\":{\"@type\":\"ListItem\",\"@id\":\"https:\\\/\\\/monatglobal.com\\\/es\\\/the-science-of-monat\\\/#listItem\",\"name\":\"La ciencia de MONAT\"}},{\"@type\":\"ListItem\",\"@id\":\"https:\\\/\\\/monatglobal.com\\\/es\\\/the-science-of-monat\\\/#listItem\",\"position\":2,\"name\":\"La ciencia de MONAT\",\"previousItem\":{\"@type\":\"ListItem\",\"@id\":\"https:\\\/\\\/monatglobal.com\\\/es#listItem\",\"name\":\"Home\"}}]},{\"@type\":\"Organization\",\"@id\":\"https:\\\/\\\/monatglobal.com\\\/es\\\/#organization\",\"name\":\"MONAT Espa\\u00f1a\",\"description\":\"We Are Modern Nature\\u00ae\",\"url\":\"https:\\\/\\\/monatglobal.com\\\/es\\\/\"},{\"@type\":\"WebPage\",\"@id\":\"https:\\\/\\\/monatglobal.com\\\/es\\\/the-science-of-monat\\\/#webpage\",\"url\":\"https:\\\/\\\/monatglobal.com\\\/es\\\/the-science-of-monat\\\/\",\"name\":\"La ciencia de MONAT - MONAT Espa\\u00f1a\",\"description\":\"La ciencia de MONAT Los ingredientes de MONAT son naturales, seguros y puros. Pero habiendo tantas marcas que reconocen el poder de los aceites bot\\u00e1nicos, \\u00bfen qu\\u00e9 se diferencia MONAT? La respuesta est\\u00e1 en nuestras ricas formulaciones que hacen que estos ingredientes de base natural trabajen en armon\\u00eda unos con otros, combin\\u00e1ndose y reaccionando para potenciar\",\"inLanguage\":\"en-US\",\"isPartOf\":{\"@id\":\"https:\\\/\\\/monatglobal.com\\\/es\\\/#website\"},\"breadcrumb\":{\"@id\":\"https:\\\/\\\/monatglobal.com\\\/es\\\/the-science-of-monat\\\/#breadcrumblist\"},\"image\":{\"@type\":\"ImageObject\",\"url\":\"https:\\\/\\\/monatglobal.com\\\/es\\\/wp-content\\\/uploads\\\/sites\\\/10\\\/2021\\\/12\\\/Screenshot-2021-12-08-174801.png\",\"@id\":\"https:\\\/\\\/monatglobal.com\\\/es\\\/the-science-of-monat\\\/#mainImage\",\"width\":464,\"height\":407},\"primaryImageOfPage\":{\"@id\":\"https:\\\/\\\/monatglobal.com\\\/es\\\/the-science-of-monat\\\/#mainImage\"},\"datePublished\":\"2021-12-08T21:10:37+00:00\",\"dateModified\":\"2022-12-14T20:24:09+00:00\"},{\"@type\":\"WebSite\",\"@id\":\"https:\\\/\\\/monatglobal.com\\\/es\\\/#website\",\"url\":\"https:\\\/\\\/monatglobal.com\\\/es\\\/\",\"name\":\"MONAT Espa\\u00f1a\",\"description\":\"We Are Modern Nature\\u00ae\",\"inLanguage\":\"en-US\",\"publisher\":{\"@id\":\"https:\\\/\\\/monatglobal.com\\\/es\\\/#organization\"}}]}\n\t\t<\/script>\n\t\t<!-- All in One SEO Pro -->\r\n\t\t<title>La ciencia de MONAT - MONAT Espa\u00f1a<\/title>\n\n","aioseo_head_json":{"title":"La ciencia de MONAT - MONAT Espa\u00f1a","description":"La ciencia de MONAT Los ingredientes de MONAT son naturales, seguros y puros. Pero habiendo tantas marcas que reconocen el poder de los aceites bot\u00e1nicos, \u00bfen qu\u00e9 se diferencia MONAT? La respuesta est\u00e1 en nuestras ricas formulaciones que hacen que estos ingredientes de base natural trabajen en armon\u00eda unos con otros, combin\u00e1ndose y reaccionando para potenciar","canonical_url":"https:\/\/monatglobal.com\/es\/the-science-of-monat\/","robots":"max-image-preview:large","keywords":"","webmasterTools":{"miscellaneous":""},"schema":{"@context":"https:\/\/schema.org","@graph":[{"@type":"BreadcrumbList","@id":"https:\/\/monatglobal.com\/es\/the-science-of-monat\/#breadcrumblist","itemListElement":[{"@type":"ListItem","@id":"https:\/\/monatglobal.com\/es#listItem","position":1,"name":"Home","item":"https:\/\/monatglobal.com\/es","nextItem":{"@type":"ListItem","@id":"https:\/\/monatglobal.com\/es\/the-science-of-monat\/#listItem","name":"La ciencia de MONAT"}},{"@type":"ListItem","@id":"https:\/\/monatglobal.com\/es\/the-science-of-monat\/#listItem","position":2,"name":"La ciencia de MONAT","previousItem":{"@type":"ListItem","@id":"https:\/\/monatglobal.com\/es#listItem","name":"Home"}}]},{"@type":"Organization","@id":"https:\/\/monatglobal.com\/es\/#organization","name":"MONAT Espa\u00f1a","description":"We Are Modern Nature\u00ae","url":"https:\/\/monatglobal.com\/es\/"},{"@type":"WebPage","@id":"https:\/\/monatglobal.com\/es\/the-science-of-monat\/#webpage","url":"https:\/\/monatglobal.com\/es\/the-science-of-monat\/","name":"La ciencia de MONAT - MONAT Espa\u00f1a","description":"La ciencia de MONAT Los ingredientes de MONAT son naturales, seguros y puros. Pero habiendo tantas marcas que reconocen el poder de los aceites bot\u00e1nicos, \u00bfen qu\u00e9 se diferencia MONAT? La respuesta est\u00e1 en nuestras ricas formulaciones que hacen que estos ingredientes de base natural trabajen en armon\u00eda unos con otros, combin\u00e1ndose y reaccionando para potenciar","inLanguage":"en-US","isPartOf":{"@id":"https:\/\/monatglobal.com\/es\/#website"},"breadcrumb":{"@id":"https:\/\/monatglobal.com\/es\/the-science-of-monat\/#breadcrumblist"},"image":{"@type":"ImageObject","url":"https:\/\/monatglobal.com\/es\/wp-content\/uploads\/sites\/10\/2021\/12\/Screenshot-2021-12-08-174801.png","@id":"https:\/\/monatglobal.com\/es\/the-science-of-monat\/#mainImage","width":464,"height":407},"primaryImageOfPage":{"@id":"https:\/\/monatglobal.com\/es\/the-science-of-monat\/#mainImage"},"datePublished":"2021-12-08T21:10:37+00:00","dateModified":"2022-12-14T20:24:09+00:00"},{"@type":"WebSite","@id":"https:\/\/monatglobal.com\/es\/#website","url":"https:\/\/monatglobal.com\/es\/","name":"MONAT Espa\u00f1a","description":"We Are Modern Nature\u00ae","inLanguage":"en-US","publisher":{"@id":"https:\/\/monatglobal.com\/es\/#organization"}}]},"og:locale":"en_US","og:site_name":"MONAT Espa\u00f1a - We Are Modern Nature\u00ae","og:type":"article","og:title":"La ciencia de MONAT - MONAT Espa\u00f1a","og:description":"La ciencia de MONAT Los ingredientes de MONAT son naturales, seguros y puros. Pero habiendo tantas marcas que reconocen el poder de los aceites bot\u00e1nicos, \u00bfen qu\u00e9 se diferencia MONAT? La respuesta est\u00e1 en nuestras ricas formulaciones que hacen que estos ingredientes de base natural trabajen en armon\u00eda unos con otros, combin\u00e1ndose y reaccionando para potenciar","og:url":"https:\/\/monatglobal.com\/es\/the-science-of-monat\/","article:published_time":"2021-12-08T21:10:37+00:00","article:modified_time":"2022-12-14T20:24:09+00:00","twitter:card":"summary_large_image","twitter:title":"La ciencia de MONAT - MONAT Espa\u00f1a","twitter:description":"La ciencia de MONAT Los ingredientes de MONAT son naturales, seguros y puros. Pero habiendo tantas marcas que reconocen el poder de los aceites bot\u00e1nicos, \u00bfen qu\u00e9 se diferencia MONAT? La respuesta est\u00e1 en nuestras ricas formulaciones que hacen que estos ingredientes de base natural trabajen en armon\u00eda unos con otros, combin\u00e1ndose y reaccionando para potenciar"},"aioseo_meta_data":{"post_id":"65915","title":null,"description":null,"keywords":null,"keyphrases":null,"primary_term":null,"canonical_url":null,"og_title":null,"og_description":null,"og_object_type":"default","og_image_type":"default","og_image_url":null,"og_image_width":null,"og_image_height":null,"og_image_custom_url":null,"og_image_custom_fields":null,"og_video":null,"og_custom_url":null,"og_article_section":null,"og_article_tags":null,"twitter_use_og":false,"twitter_card":"default","twitter_image_type":"default","twitter_image_url":null,"twitter_image_custom_url":null,"twitter_image_custom_fields":null,"twitter_title":null,"twitter_description":null,"schema":{"blockGraphs":[],"customGraphs":[],"default":{"data":{"Article":[],"Course":[],"Dataset":[],"FAQPage":[],"Movie":[],"Person":[],"Product":[],"ProductReview":[],"Car":[],"Recipe":[],"Service":[],"SoftwareApplication":[],"WebPage":[]},"graphName":"","isEnabled":true},"graphs":[]},"schema_type":"default","schema_type_options":null,"pillar_content":false,"robots_default":true,"robots_noindex":false,"robots_noarchive":false,"robots_nosnippet":false,"robots_nofollow":false,"robots_noimageindex":false,"robots_noodp":false,"robots_notranslate":false,"robots_max_snippet":null,"robots_max_videopreview":null,"robots_max_imagepreview":"large","priority":null,"frequency":null,"local_seo":null,"seo_analyzer_scan_date":"2025-08-14 17:37:55","limit_modified_date":false,"reviewed_by":null,"open_ai":null,"ai":null,"created":"2023-07-26 09:22:15","updated":"2025-08-14 17:37:55"},"aioseo_breadcrumb":"<div class=\"aioseo-breadcrumbs\"><span class=\"aioseo-breadcrumb\">\n\t<a href=\"https:\/\/monatglobal.com\/es\" title=\"Home\">Home<\/a>\n<\/span><span class=\"aioseo-breadcrumb-separator\">&raquo;<\/span><span class=\"aioseo-breadcrumb\">\n\tLa ciencia de MONAT\n<\/span><\/div>","aioseo_breadcrumb_json":[{"label":"Home","link":"https:\/\/monatglobal.com\/es"},{"label":"La ciencia de MONAT","link":"https:\/\/monatglobal.com\/es\/the-science-of-monat\/"}],"_links":{"self":[{"href":"https:\/\/monatglobal.com\/es\/wp-json\/wp\/v2\/pages\/65915","targetHints":{"allow":["GET"]}}],"collection":[{"href":"https:\/\/monatglobal.com\/es\/wp-json\/wp\/v2\/pages"}],"about":[{"href":"https:\/\/monatglobal.com\/es\/wp-json\/wp\/v2\/types\/page"}],"author":[{"embeddable":true,"href":"https:\/\/monatglobal.com\/es\/wp-json\/wp\/v2\/users\/31"}],"replies":[{"embeddable":true,"href":"https:\/\/monatglobal.com\/es\/wp-json\/wp\/v2\/comments?post=65915"}],"version-history":[{"count":1,"href":"https:\/\/monatglobal.com\/es\/wp-json\/wp\/v2\/pages\/65915\/revisions"}],"predecessor-version":[{"id":70997,"href":"https:\/\/monatglobal.com\/es\/wp-json\/wp\/v2\/pages\/65915\/revisions\/70997"}],"wp:featuredmedia":[{"embeddable":true,"href":"https:\/\/monatglobal.com\/es\/wp-json\/wp\/v2\/media\/65921"}],"wp:attachment":[{"href":"https:\/\/monatglobal.com\/es\/wp-json\/wp\/v2\/media?parent=65915"}],"wp:term":[{"taxonomy":"category","embeddable":true,"href":"https:\/\/monatglobal.com\/es\/wp-json\/wp\/v2\/categories?post=65915"},{"taxonomy":"post_tag","embeddable":true,"href":"https:\/\/monatglobal.com\/es\/wp-json\/wp\/v2\/tags?post=65915"}],"curies":[{"name":"wp","href":"https:\/\/api.w.org\/{rel}","templated":true}]}}