{"id":65910,"date":"2021-12-07T20:36:07","date_gmt":"2021-12-07T20:36:07","guid":{"rendered":"https:\/\/monatglobal.com\/es\/?page_id=65910"},"modified":"2025-01-27T21:16:49","modified_gmt":"2025-01-27T21:16:49","slug":"sustainability","status":"publish","type":"page","link":"https:\/\/monatglobal.com\/es\/sustainability\/","title":{"rendered":"Sostenibilidad en MONAT"},"content":{"rendered":"\n\n         <h2>En MONAT, reconocemos la importancia de la sostenibilidad y el papel que desempe\u00f1a a la \n         hora de hacer realidad nuestros&nbsp;valores.<\/h2>\n         Nos comprometemos a ser conscientes de nuestra huella de carbono y nos aseguramos de que producimos un impacto positivo en nuestras comunidades \n         y en nuestro planeta al tratar a las personas con respeto y al introducir la gratitud en todos los aspectos de nuestro&nbsp;negocio\n             <h3>Como empresa con una huella global, estamos enfocando nuestro impacto como una \n             oportunidad para promulgar un cambio positivo&nbsp;importante.<\/h3>\n             <p>Por eso, hemos desarrollado un marco que guiar\u00e1 nuestra estrategia, objetivos y acciones para el&nbsp;futuro.<\/p>\n                <img decoding=\"async\" src=\"https:\/\/monatglobal.com\/wp-content\/uploads\/2021\/04\/monat_means-modern-nature1.jpg\" loading=\"lazy\"\/>\n                <p>significa<\/p>\n                <h2>\u00abModern Nature\u00bb (naturaleza moderna)<\/h2>\n                Como los productos de MONAT tienen una base natural y dependen de fuentes naturales para sus ingredientes clave, \n                f\u00f3rmulas \u00fanicas y beneficios probados, consideramos que es nuestro deber proteger su fuente:<em>el hermoso mundo \n                en el que&nbsp;vivimos.<\/em>\n                <img decoding=\"async\" src=\"https:\/\/monatglobal.com\/wp-content\/uploads\/2021\/04\/charcoal-nature-1.jpg\" loading=\"lazy\"\/>\n                <img decoding=\"async\" src=\"https:\/\/monatglobal.com\/wp-content\/uploads\/2021\/04\/Moisturizer-texture-.jpg\" loading=\"lazy\"\/>\n      <img decoding=\"async\" alt=\"\" src=\"https:\/\/monatglobal.com\/wp-content\/uploads\/2021\/04\/micellar-nature.jpg\" loading=\"lazy\"\/>\n      <img decoding=\"async\" alt=\"\" src=\"https:\/\/monatglobal.com\/wp-content\/uploads\/2021\/04\/modern-nature.jpg\" loading=\"lazy\"\/>\n                    <h2>Nos esforzamos por sacar adelante nuestras comunidades, el mundo natural y nuestro \n                    negocio mediante un compromiso con normas y pr\u00e1cticas basadas en tres&nbsp;pilares:<\/h2>\n                    <p>Planeta sano<\/p>\n                    Cuidamos nuestro impacto medioambiental midiendo, gestionando y alcanzando nuestros objetivos de&nbsp;mejora.\n                    <hr \/>\n                    <ul>\n                        <li>Reciclaje y conservaci\u00f3n<\/li>\n                        <li>Energ\u00eda y emisiones<\/li> \n                        <li>Medio ambiente y naturaleza<\/li>\n                    <\/ul>\n                    <p>Negocio y productos con&nbsp;prop\u00f3sito<\/p>\n                    Vivimos nuestros valores y cumplimos nuestro prop\u00f3sito a trav\u00e9s de nuestro modelo de negocio \u00fanico, que crea oportunidades \n                    para cambiar vidas, y de nuestros productos, que son seguros, sostenibles, innovadores y&nbsp;naturales.\n                    <hr \/>\n                    <ul>\n                        <li>Productos y embalaje<\/li>\n                        <li>Operaciones y log\u00edstica<\/li> \n                        <li>Gobernanza y \u00e9tica<\/li>\n                    <\/ul>\n                    <p>Personas y comunidades&nbsp;alegres<\/p>\n                    Hacemos todo lo posible para asegurarnos de que contribuimos a una experiencia de vida alegre y satisfactoria para todas \n                    nuestras partes&nbsp;interesadas.\n                    <hr \/>\n                    <ul>\n                        <li>Nuestros empleados<\/li>\n                        <li>Nuestros Market Partners y Clientes<\/li> \n                        <li>Nuestras comunidades y nuestro mundo<\/li>\n                    <\/ul>\n            <h2>Desarrollamos y ponemos en marcha iniciativas que abordan los problemas que m\u00e1s importan a \n            nuestros grupos de inter\u00e9s y que tienen el mayor impacto en el&nbsp;planeta.<\/h2>\n            <p>Algunos ejemplos de estos proyectos&nbsp;son:<\/p>\n                <img decoding=\"async\" src=\"https:\/\/monatglobal.com\/wp-content\/uploads\/2021\/04\/Energy-and-Emissions.jpg\" loading=\"lazy\"\/>\n                        <p>Energ\u00eda y emisiones<\/p>\n                        <hr \/>\n                        Mejorar nuestra energ\u00eda y nuestras emisiones mediante la actualizaci\u00f3n de nuestras instalaciones con iluminaci\u00f3n LED y \n                        equipos energ\u00e9ticamente&nbsp;eficientes.\n                <img decoding=\"async\" src=\"https:\/\/monatglobal.com\/wp-content\/uploads\/2021\/04\/Environment-and-Nature-1.jpg\" loading=\"lazy\"\/>\n                        <p>Medio ambiente y naturaleza<\/p>\n                        <hr \/>\n                        Completar una evaluaci\u00f3n del ciclo de vida de nuestra gama de productos por fases, empezando por nuestros art\u00edculos m\u00e1s vendidos \n                        para analizar la huella total de cada producto e identificar las mejores formas de mejorar el&nbsp;proceso.\n                <img decoding=\"async\" src=\"https:\/\/monatglobal.com\/wp-content\/uploads\/2021\/04\/Governance-and-Ethics.jpg\" loading=\"lazy\"\/>\n                        <p>Gobernanza y \u00e9tica<\/p>\n                        <hr \/>\n                        Establecer mecanismos de gobernanza para garantizar que la sostenibilidad siga siendo un objetivo estrat\u00e9gico en todas \n                        las \u00e1reas de la empresa en el&nbsp;futuro.\n                <img decoding=\"async\" src=\"https:\/\/monatglobal.com\/wp-content\/uploads\/2021\/04\/Our-Employees.jpg\" loading=\"lazy\"\/>\n                        <p>Nuestros empleados<\/p>\n                        <hr \/>\n                        <p>Aplicar las mejores pr\u00e1cticas para un lugar de trabajo seguro y saludable en todas nuestras&nbsp;instalaciones.<\/p>\n        <h2>What is the MONAT<br \/> Recycling Program?<\/h2>\n        The MONAT Recycling Program is a solution that gives our Market Partners, VIPs, and Customers the ability \n        to properly discard empty MONAT product containers in the most environmentally responsible&nbsp;way. \n        We are partnering with TerraCycle<sup>\u00ae<\/sup>, the global leader in collecting and repurposing hard-to-recycle \n        waste, to make our packaging&nbsp;recyclable.\n        Visit the <a href=\"https:\/\/monatglobal.com\/recycle\/\">MONAT Recycling Program<\/a> \n        page to learn more and sign&nbsp;up!\n\n","protected":false},"excerpt":{"rendered":"<p>En MONAT, reconocemos la importancia de la sostenibilidad y el papel que desempe\u00f1a a la hora de hacer realidad nuestros&nbsp;valores. Nos comprometemos a ser conscientes de nuestra huella de carbono y nos aseguramos de que producimos un impacto positivo en nuestras comunidades y en nuestro planeta al tratar a las personas con respeto y al&hellip;<\/p>\n","protected":false},"author":31,"featured_media":67012,"parent":0,"menu_order":0,"comment_status":"closed","ping_status":"closed","template":"","meta":{"inline_featured_image":false,"om_disable_all_campaigns":false,"_monsterinsights_skip_tracking":false,"_monsterinsights_sitenote_active":false,"_monsterinsights_sitenote_note":"","_monsterinsights_sitenote_category":0,"footnotes":""},"categories":[],"tags":[],"class_list":["post-65910","page","type-page","status-publish","has-post-thumbnail","hentry"],"aioseo_notices":[],"aioseo_head":"\n\t\t<!-- All in One SEO Pro 4.9.6 - aioseo.com -->\n\t<meta name=\"description\" content=\"En MONAT, reconocemos la importancia de la sostenibilidad y el papel que desempe\u00f1a a la hora de hacer realidad nuestros valores. Nos comprometemos a ser conscientes de nuestra huella de carbono y nos aseguramos de que producimos un impacto positivo en nuestras comunidades y en nuestro planeta al tratar a las personas con respeto y al\" \/>\n\t<meta name=\"robots\" content=\"max-image-preview:large\" \/>\n\t<link rel=\"canonical\" href=\"https:\/\/monatglobal.com\/es\/sustainability\/\" \/>\n\t<meta name=\"generator\" content=\"All in One SEO Pro (AIOSEO) 4.9.6\" \/>\n\t\t<meta property=\"og:locale\" content=\"en_US\" \/>\n\t\t<meta property=\"og:site_name\" content=\"MONAT Espa\u00f1a - We Are Modern Nature\u00ae\" \/>\n\t\t<meta property=\"og:type\" content=\"article\" \/>\n\t\t<meta property=\"og:title\" content=\"Sostenibilidad en MONAT - MONAT Espa\u00f1a\" \/>\n\t\t<meta property=\"og:description\" content=\"En MONAT, reconocemos la importancia de la sostenibilidad y el papel que desempe\u00f1a a la hora de hacer realidad nuestros valores. Nos comprometemos a ser conscientes de nuestra huella de carbono y nos aseguramos de que producimos un impacto positivo en nuestras comunidades y en nuestro planeta al tratar a las personas con respeto y al\" \/>\n\t\t<meta property=\"og:url\" content=\"https:\/\/monatglobal.com\/es\/sustainability\/\" \/>\n\t\t<meta property=\"article:published_time\" content=\"2021-12-07T20:36:07+00:00\" \/>\n\t\t<meta property=\"article:modified_time\" content=\"2025-01-27T21:16:49+00:00\" \/>\n\t\t<meta name=\"twitter:card\" content=\"summary_large_image\" \/>\n\t\t<meta name=\"twitter:title\" content=\"Sostenibilidad en MONAT - MONAT Espa\u00f1a\" \/>\n\t\t<meta name=\"twitter:description\" content=\"En MONAT, reconocemos la importancia de la sostenibilidad y el papel que desempe\u00f1a a la hora de hacer realidad nuestros valores. Nos comprometemos a ser conscientes de nuestra huella de carbono y nos aseguramos de que producimos un impacto positivo en nuestras comunidades y en nuestro planeta al tratar a las personas con respeto y al\" \/>\n\t\t<script type=\"application\/ld+json\" class=\"aioseo-schema\">\n\t\t\t{\"@context\":\"https:\\\/\\\/schema.org\",\"@graph\":[{\"@type\":\"BreadcrumbList\",\"@id\":\"https:\\\/\\\/monatglobal.com\\\/es\\\/sustainability\\\/#breadcrumblist\",\"itemListElement\":[{\"@type\":\"ListItem\",\"@id\":\"https:\\\/\\\/monatglobal.com\\\/es#listItem\",\"position\":1,\"name\":\"Home\",\"item\":\"https:\\\/\\\/monatglobal.com\\\/es\",\"nextItem\":{\"@type\":\"ListItem\",\"@id\":\"https:\\\/\\\/monatglobal.com\\\/es\\\/sustainability\\\/#listItem\",\"name\":\"Sostenibilidad en MONAT\"}},{\"@type\":\"ListItem\",\"@id\":\"https:\\\/\\\/monatglobal.com\\\/es\\\/sustainability\\\/#listItem\",\"position\":2,\"name\":\"Sostenibilidad en MONAT\",\"previousItem\":{\"@type\":\"ListItem\",\"@id\":\"https:\\\/\\\/monatglobal.com\\\/es#listItem\",\"name\":\"Home\"}}]},{\"@type\":\"Organization\",\"@id\":\"https:\\\/\\\/monatglobal.com\\\/es\\\/#organization\",\"name\":\"MONAT Espa\\u00f1a\",\"description\":\"We Are Modern Nature\\u00ae\",\"url\":\"https:\\\/\\\/monatglobal.com\\\/es\\\/\"},{\"@type\":\"WebPage\",\"@id\":\"https:\\\/\\\/monatglobal.com\\\/es\\\/sustainability\\\/#webpage\",\"url\":\"https:\\\/\\\/monatglobal.com\\\/es\\\/sustainability\\\/\",\"name\":\"Sostenibilidad en MONAT - MONAT Espa\\u00f1a\",\"description\":\"En MONAT, reconocemos la importancia de la sostenibilidad y el papel que desempe\\u00f1a a la hora de hacer realidad nuestros valores. Nos comprometemos a ser conscientes de nuestra huella de carbono y nos aseguramos de que producimos un impacto positivo en nuestras comunidades y en nuestro planeta al tratar a las personas con respeto y al\",\"inLanguage\":\"en-US\",\"isPartOf\":{\"@id\":\"https:\\\/\\\/monatglobal.com\\\/es\\\/#website\"},\"breadcrumb\":{\"@id\":\"https:\\\/\\\/monatglobal.com\\\/es\\\/sustainability\\\/#breadcrumblist\"},\"image\":{\"@type\":\"ImageObject\",\"url\":\"https:\\\/\\\/monatglobal.com\\\/es\\\/wp-content\\\/uploads\\\/sites\\\/10\\\/2021\\\/12\\\/Screenshot-2021-12-20-103100.png\",\"@id\":\"https:\\\/\\\/monatglobal.com\\\/es\\\/sustainability\\\/#mainImage\",\"width\":1106,\"height\":426},\"primaryImageOfPage\":{\"@id\":\"https:\\\/\\\/monatglobal.com\\\/es\\\/sustainability\\\/#mainImage\"},\"datePublished\":\"2021-12-07T20:36:07+00:00\",\"dateModified\":\"2025-01-27T21:16:49+00:00\"},{\"@type\":\"WebSite\",\"@id\":\"https:\\\/\\\/monatglobal.com\\\/es\\\/#website\",\"url\":\"https:\\\/\\\/monatglobal.com\\\/es\\\/\",\"name\":\"MONAT Espa\\u00f1a\",\"description\":\"We Are Modern Nature\\u00ae\",\"inLanguage\":\"en-US\",\"publisher\":{\"@id\":\"https:\\\/\\\/monatglobal.com\\\/es\\\/#organization\"}}]}\n\t\t<\/script>\n\t\t<!-- All in One SEO Pro -->\r\n\t\t<title>Sostenibilidad en MONAT - MONAT Espa\u00f1a<\/title>\n\n","aioseo_head_json":{"title":"Sostenibilidad en MONAT - MONAT Espa\u00f1a","description":"En MONAT, reconocemos la importancia de la sostenibilidad y el papel que desempe\u00f1a a la hora de hacer realidad nuestros valores. Nos comprometemos a ser conscientes de nuestra huella de carbono y nos aseguramos de que producimos un impacto positivo en nuestras comunidades y en nuestro planeta al tratar a las personas con respeto y al","canonical_url":"https:\/\/monatglobal.com\/es\/sustainability\/","robots":"max-image-preview:large","keywords":"","webmasterTools":{"miscellaneous":""},"schema":{"@context":"https:\/\/schema.org","@graph":[{"@type":"BreadcrumbList","@id":"https:\/\/monatglobal.com\/es\/sustainability\/#breadcrumblist","itemListElement":[{"@type":"ListItem","@id":"https:\/\/monatglobal.com\/es#listItem","position":1,"name":"Home","item":"https:\/\/monatglobal.com\/es","nextItem":{"@type":"ListItem","@id":"https:\/\/monatglobal.com\/es\/sustainability\/#listItem","name":"Sostenibilidad en MONAT"}},{"@type":"ListItem","@id":"https:\/\/monatglobal.com\/es\/sustainability\/#listItem","position":2,"name":"Sostenibilidad en MONAT","previousItem":{"@type":"ListItem","@id":"https:\/\/monatglobal.com\/es#listItem","name":"Home"}}]},{"@type":"Organization","@id":"https:\/\/monatglobal.com\/es\/#organization","name":"MONAT Espa\u00f1a","description":"We Are Modern Nature\u00ae","url":"https:\/\/monatglobal.com\/es\/"},{"@type":"WebPage","@id":"https:\/\/monatglobal.com\/es\/sustainability\/#webpage","url":"https:\/\/monatglobal.com\/es\/sustainability\/","name":"Sostenibilidad en MONAT - MONAT Espa\u00f1a","description":"En MONAT, reconocemos la importancia de la sostenibilidad y el papel que desempe\u00f1a a la hora de hacer realidad nuestros valores. Nos comprometemos a ser conscientes de nuestra huella de carbono y nos aseguramos de que producimos un impacto positivo en nuestras comunidades y en nuestro planeta al tratar a las personas con respeto y al","inLanguage":"en-US","isPartOf":{"@id":"https:\/\/monatglobal.com\/es\/#website"},"breadcrumb":{"@id":"https:\/\/monatglobal.com\/es\/sustainability\/#breadcrumblist"},"image":{"@type":"ImageObject","url":"https:\/\/monatglobal.com\/es\/wp-content\/uploads\/sites\/10\/2021\/12\/Screenshot-2021-12-20-103100.png","@id":"https:\/\/monatglobal.com\/es\/sustainability\/#mainImage","width":1106,"height":426},"primaryImageOfPage":{"@id":"https:\/\/monatglobal.com\/es\/sustainability\/#mainImage"},"datePublished":"2021-12-07T20:36:07+00:00","dateModified":"2025-01-27T21:16:49+00:00"},{"@type":"WebSite","@id":"https:\/\/monatglobal.com\/es\/#website","url":"https:\/\/monatglobal.com\/es\/","name":"MONAT Espa\u00f1a","description":"We Are Modern Nature\u00ae","inLanguage":"en-US","publisher":{"@id":"https:\/\/monatglobal.com\/es\/#organization"}}]},"og:locale":"en_US","og:site_name":"MONAT Espa\u00f1a - We Are Modern Nature\u00ae","og:type":"article","og:title":"Sostenibilidad en MONAT - MONAT Espa\u00f1a","og:description":"En MONAT, reconocemos la importancia de la sostenibilidad y el papel que desempe\u00f1a a la hora de hacer realidad nuestros valores. Nos comprometemos a ser conscientes de nuestra huella de carbono y nos aseguramos de que producimos un impacto positivo en nuestras comunidades y en nuestro planeta al tratar a las personas con respeto y al","og:url":"https:\/\/monatglobal.com\/es\/sustainability\/","article:published_time":"2021-12-07T20:36:07+00:00","article:modified_time":"2025-01-27T21:16:49+00:00","twitter:card":"summary_large_image","twitter:title":"Sostenibilidad en MONAT - MONAT Espa\u00f1a","twitter:description":"En MONAT, reconocemos la importancia de la sostenibilidad y el papel que desempe\u00f1a a la hora de hacer realidad nuestros valores. Nos comprometemos a ser conscientes de nuestra huella de carbono y nos aseguramos de que producimos un impacto positivo en nuestras comunidades y en nuestro planeta al tratar a las personas con respeto y al"},"aioseo_meta_data":{"post_id":"65910","title":null,"description":null,"keywords":null,"keyphrases":null,"primary_term":null,"canonical_url":null,"og_title":null,"og_description":null,"og_object_type":"default","og_image_type":"default","og_image_url":null,"og_image_width":null,"og_image_height":null,"og_image_custom_url":null,"og_image_custom_fields":null,"og_video":null,"og_custom_url":null,"og_article_section":null,"og_article_tags":null,"twitter_use_og":false,"twitter_card":"default","twitter_image_type":"default","twitter_image_url":null,"twitter_image_custom_url":null,"twitter_image_custom_fields":null,"twitter_title":null,"twitter_description":null,"schema":{"blockGraphs":[],"customGraphs":[],"default":{"data":{"Article":[],"Course":[],"Dataset":[],"FAQPage":[],"Movie":[],"Person":[],"Product":[],"ProductReview":[],"Car":[],"Recipe":[],"Service":[],"SoftwareApplication":[],"WebPage":[]},"graphName":"","isEnabled":true},"graphs":[]},"schema_type":"default","schema_type_options":null,"pillar_content":false,"robots_default":true,"robots_noindex":false,"robots_noarchive":false,"robots_nosnippet":false,"robots_nofollow":false,"robots_noimageindex":false,"robots_noodp":false,"robots_notranslate":false,"robots_max_snippet":null,"robots_max_videopreview":null,"robots_max_imagepreview":"large","priority":null,"frequency":null,"local_seo":null,"seo_analyzer_scan_date":"2025-08-14 17:37:53","limit_modified_date":false,"reviewed_by":null,"open_ai":null,"ai":null,"created":"2023-07-26 09:22:15","updated":"2026-02-10 05:22:57"},"aioseo_breadcrumb":"<div class=\"aioseo-breadcrumbs\"><span class=\"aioseo-breadcrumb\">\n\t<a href=\"https:\/\/monatglobal.com\/es\" title=\"Home\">Home<\/a>\n<\/span><span class=\"aioseo-breadcrumb-separator\">&raquo;<\/span><span class=\"aioseo-breadcrumb\">\n\tSostenibilidad en MONAT\n<\/span><\/div>","aioseo_breadcrumb_json":[{"label":"Home","link":"https:\/\/monatglobal.com\/es"},{"label":"Sostenibilidad en MONAT","link":"https:\/\/monatglobal.com\/es\/sustainability\/"}],"_links":{"self":[{"href":"https:\/\/monatglobal.com\/es\/wp-json\/wp\/v2\/pages\/65910","targetHints":{"allow":["GET"]}}],"collection":[{"href":"https:\/\/monatglobal.com\/es\/wp-json\/wp\/v2\/pages"}],"about":[{"href":"https:\/\/monatglobal.com\/es\/wp-json\/wp\/v2\/types\/page"}],"author":[{"embeddable":true,"href":"https:\/\/monatglobal.com\/es\/wp-json\/wp\/v2\/users\/31"}],"replies":[{"embeddable":true,"href":"https:\/\/monatglobal.com\/es\/wp-json\/wp\/v2\/comments?post=65910"}],"version-history":[{"count":2,"href":"https:\/\/monatglobal.com\/es\/wp-json\/wp\/v2\/pages\/65910\/revisions"}],"predecessor-version":[{"id":86344,"href":"https:\/\/monatglobal.com\/es\/wp-json\/wp\/v2\/pages\/65910\/revisions\/86344"}],"wp:featuredmedia":[{"embeddable":true,"href":"https:\/\/monatglobal.com\/es\/wp-json\/wp\/v2\/media\/67012"}],"wp:attachment":[{"href":"https:\/\/monatglobal.com\/es\/wp-json\/wp\/v2\/media?parent=65910"}],"wp:term":[{"taxonomy":"category","embeddable":true,"href":"https:\/\/monatglobal.com\/es\/wp-json\/wp\/v2\/categories?post=65910"},{"taxonomy":"post_tag","embeddable":true,"href":"https:\/\/monatglobal.com\/es\/wp-json\/wp\/v2\/tags?post=65910"}],"curies":[{"name":"wp","href":"https:\/\/api.w.org\/{rel}","templated":true}]}}