{"id":65877,"date":"2021-11-26T17:45:12","date_gmt":"2021-11-26T17:45:12","guid":{"rendered":"https:\/\/monatglobal.com\/es\/?page_id=65877"},"modified":"2026-02-06T20:30:15","modified_gmt":"2026-02-06T20:30:15","slug":"refined-skin-scrub","status":"publish","type":"page","link":"https:\/\/monatglobal.com\/es\/refined-skin-scrub\/","title":{"rendered":"Berry Refined Scrub\u2122"},"content":{"rendered":"\n\n\t<link rel=\"stylesheet\" href=\"https:\/\/unpkg.com\/swiper\/swiper-bundle.min.css\" \/>\n<link rel=\"stylesheet\" href=\"https:\/\/monatglobal.com\/wp-content\/creative_css\/product_styles_sheet.css\" \/>\n   <!--==================================================== ECOMM SECTION ====================================================-->\n   <p>M\u00c1S VENDIDOS<\/p>\n      <!--==================================================== Ecomm image ====================================================-->\n       \n      <source media=\"(max-width: 700px)\" srcset=\"https:\/\/monatglobal.com\/es\/wp-content\/uploads\/sites\/10\/2021\/12\/skincare-berry-refined-scrub-ecomm-2022_mobile.png\" loading=\"lazy\"\/>\n      <img decoding=\"async\" src=\"https:\/\/monatglobal.com\/es\/wp-content\/uploads\/sites\/10\/2021\/12\/skincare-berry-refined-scrub-ecomm-2022.png\" alt=\"Berry Refined Scrub\u2122\" loading=\"lazy\"\/>\n         \n      <!--==================================================== Ecomm information  ====================================================-->\n         \n         <p>M\u00c1S VENDIDOS<\/p>\n         <h1>Berry<br \/> Refined Scrub\u2122<\/h1>\n         \n         <p>Rejuvenece y calma<br \/> AHA y semillas de ar\u00e1ndano que aportan luminosidad a la piel.<\/p>\n         <p>87 ml | 2.9 fl. oz<\/p>\n       <!--==================================================== pricing box  ====================================================-->  \n         <p>Precio de venta Cliente<br \/>00.00 \u20ac<\/p>\n         <p>Precio Cliente VIP<br \/>00.00 \u20ac<\/p>\n       <!--==================================================== pricing box  ====================================================-->\n         <p>Para conocer m\u00e1s sobre Berry Refined Scrub\u2122, ponte en contacto con tu Market Partner de&nbsp;MONAT.<\/p>\n          <a href=\"\" target=\"_blank\" role=\"button\" aria-label=\"\" rel=\"noopener\"><\/a>\n   <!--==================================================== \/ECOMM SECTION  ====================================================-->\n   <!--==================================================== Benefits image ====================================================-->\n  \n    <source media=\"(max-width: 700px)\" srcset=\"https:\/\/monatglobal.com\/es\/wp-content\/uploads\/sites\/10\/2021\/12\/berry-refined-scrub-benefits_colse-up_mobile.jpg\" loading=\"lazy\"\/>\n      <img decoding=\"async\" src=\"https:\/\/monatglobal.com\/es\/wp-content\/uploads\/sites\/10\/2021\/12\/berry-refined-scrub-benefits_colse-up.jpg\" alt=\"\" loading=\"lazy\"\/>\n    \n   <!--==================================================== Benefits text ====================================================-->\n         <h2>BENEFICIOS<\/h2>\n         <h3>Una mascarilla exfoliante 2 en 1 que limpia y elimina suavemente las c\u00e9lulas muertas de la piel \n         para lucir una piel m\u00e1s uniforme, y con un rostro fresco y&nbsp;brillante.<\/h3>\n         <!--==================================================== features image  ====================================================-->\n         <img decoding=\"async\" alt=\"\" src=\"https:\/\/monatglobal.com\/es\/wp-content\/uploads\/sites\/10\/2021\/12\/berry-refined-scrub-features.jpg\" loading=\"lazy\"\/>\n      <!--==================================================== features text ====================================================-->\n            <h3>Caracter\u00edsticas<\/h3>\n               <p>\/ Aporta luminosidad a la piel apagada para dejar ver un cutis m\u00e1s&nbsp;radiante<\/p>\n               <p>\/ Revela una piel m\u00e1s suave y&nbsp;sedosa<\/p>\n               <p>\/ Elimina las c\u00e9lulas muertas de la superficie de la piel para mostrar un cutis fresco y&nbsp;radiante<\/p>\n               <p>\/ Un 2 en 1 sencillo y de uso&nbsp;semanal<\/p>\n               <br \/>\n            <p>Fragrance \/ Unwind and enjoy a coconut-forward, citrusy aroma with notes of blood orange, coconut husk, cashew nut and&nbsp;sandalwood. <\/p>\n            <p> Texture \/ Cream <\/p>\n   <!--==================================================== composition image mobile ====================================================-->\n   <img decoding=\"async\" alt=\"\" src=\"https:\/\/monatglobal.com\/es\/wp-content\/uploads\/sites\/10\/2021\/12\/berry-refined-scrub-features-composition-1.jpg\" loading=\"lazy\"\/>\n   <!--==================================================== Why it works text ====================================================-->\n      <h2>REJUVENECE Y CALMA<\/h2>\n      <h3>La Mascarilla Exfoliante Perfeccionadora Berry Refined Scrub\u2122, elimina la piel apagada para \n      lucir un brillo m\u00e1s suave y uniforme que seguramente te&nbsp;iluminar\u00e1.<\/h3>\n      Formulado con \u00e1cidos frutales naturales (AHA), extractos de az\u00facar granulado naturalmente exfoliantes, \n      REJUVENIQE S\u2122 y semillas de ar\u00e1ndanos ideales para limpiar la piel y lucir un cutis suave y de aspecto saludable. Este fresco y \n      moderno producto multiacci\u00f3n te permite , en menos de 5 minutos, refinar y exfoliar tu&nbsp;piel.\n<!--==================================================== Composition section ====================================================-->\n      <img decoding=\"async\" alt=\"\" src=\"https:\/\/monatglobal.com\/es\/wp-content\/uploads\/sites\/10\/2021\/12\/berry-refined-scrub-features-composition-1.jpg\" loading=\"lazy\"\/>\n      <img decoding=\"async\" alt=\"\" \n      src=\"https:\/\/monatglobal.com\/es\/wp-content\/uploads\/sites\/10\/2021\/12\/berry-refined-scrub-features-composition-3.jpg\" loading=\"lazy\"\/>\n            <!--==================================================== Directions text ====================================================--> \n               <h3>Modo de uso<\/h3>\n                    <p>\/ Se recomienda usar una o dos veces a la&nbsp;semana.<\/p>\n                    <p>\/ Coge una peque\u00f1a cantidad de producto con la esp\u00e1tula que viene incluida en el&nbsp;envase.<\/p>\n                    <p>\/ Apl\u00edcala sobre la piel limpia y h\u00fameda. \/ Masajea con suavidad el rostro, cuello y escote realizando movimientos&nbsp;circulares.<\/p>\n                    <p>\/ Aseg\u00farate de evitar la zona de los&nbsp;ojos.<\/p>\n                    \/ Para un tratamiento adicional, d\u00e9jala sobre la piel como una mascarilla durante 5 minutos. En el caso de las pieles&nbsp;sensibles, \n                    puedes empezar con un per\u00edodo de tiempo m\u00e1s corto e ir aument\u00e1ndolo hasta llegar a los 5&nbsp;minutos.\n                    <p>\/ Aclara con agua templada, o con un pa\u00f1o suave y&nbsp;h\u00famedo.<\/p>\n                    <p>\/ Seca con peque\u00f1os&nbsp;toques.<\/p>\n                    <p>\/ Contin\u00faa con tu rutina de cuidado de la piel&nbsp;MONAT.<\/p>\n            <!--==================================================== Directions video ====================================================-->\n      <p>Be Balanced\u2122 <br \/>Lightweight Moisturizer <br \/>0:35<\/p>\n         <!--==================================================== Suggestion image  ====================================================-->\n         <img decoding=\"async\" alt=\"\" src=\"https:\/\/monatglobal.com\/es\/wp-content\/uploads\/sites\/10\/2021\/12\/berry-refined-scrub-features-SUGGESTIONS.jpg\" loading=\"lazy\"\/>\n      <!--==================================================== Suggestion text ====================================================-->\n            <h3>Sugerencias<\/h3>\n               \/ Personaliza el nivel de exfoliaci\u00f3n utilizando menos agua para una exfoliaci\u00f3n m\u00e1s profunda, o m\u00e1s agua \n               para una exfoliaci\u00f3n m\u00e1s&nbsp;suave.\n               <p>\/ Aplica protector solar 15 minutos antes de salir a la&nbsp;calle.<\/p>\n      <a href=\"\" target=\"_blank\" role=\"button\" aria-label=\"\" rel=\"noopener\"><\/a>\n   <!--==================================================== Ingredients section  ====================================================-->\n      <h2>INGREDIENTES ACTIVOS CLAVE<\/h2>\n      <p>REJUVENIQE S\u2122<\/p>\n      <p>Natural Fruit Acids&nbsp;(AHAs)<\/p>\n      <p>Cranberry Seed<\/p>\n      <p>Bayberry Wax<\/p>\n      <p>Murumuru Butter<\/p>\n        <button id=\"myBtn\" type=\"button\">VER LA LISTA DE INGREDIENTES COMPLETA <\/button>\n      <!--==================================================== Modal content  ====================================================-->\n         &times;\n         Canola Oil, Glycerin, Helianthus Annuus (Sunflower) Seed Oil, Coconut Alkanes, Sucrose, C18-38 Alkyl Hydroxystearoyl Stearate, \n         PEG-20 Glyceryl Triisostearate, Synthetic Beeswax, Silica, Vaccinium Macrocarpon (Cranberry) Seed Powder, Polyglyceryl-3 Stearate, Zea Mays (Corn) \n         Starch, Myrica Cerifera (Bayberry) Fruit Wax, Orbignya Speciosa Kernel Oil, Synthetic Wax, Calcium Silicate, Coco-Caprylate\/Caprate, Astrocaryum \n         Murumuru Seed Butter, Mangifera Indica (Mango) Pulp Extract, Musa Sapientum (Banana) Pulp Extract, Saccharum Officinarum (Sugarcane) Extract, \n         Glycolic Acid, Limnanthes Alba (Meadowfoam) Seed Oil, Crambe Abyssinica Seed Oil, Camellia Oleifera Seed Oil, Solanum Lycopersicum (Tomato) \n         Seed Oil, Daucus Carota Sativa (Carrot) Seed Oil, Citrus Limon (Lemon) Peel Oil, Citrus Aurantifolia (Lime) Oil, Citrus Aurantium Bergamia \n         (Bergamot) Fruit Oil, Adansonia Digitata Oil, Mauritia Flexuosa Fruit Oil, Cocos Nucifera (Coconut) Oil, Gardenia Taitensis Flower Extract, \n         Moringa Oleifera Seed Oil, Caryocar Brasiliense Fruit Oil, Olea Europaea (Olive) Fruit Oil, Simmondsia Chinensis (Jojoba) Seed Extract, \n         Tocopherol, Aqua\/Water\/Eau, Fragrance\/Parfum, Benzyl Alcohol,&nbsp;Ethylhexylglycerin.\n   <!--==================================================== You might also like section ====================================================-->\n      <h2>PUEDE QUE TAMBI\u00c9N TE GUSTE<\/h2>\n      <!--==================================================== Slider YOU MIGHT ALSO LIKE ====================================================-->\n          <!---->\n          <!--   -->\n                <!-- Slides products-->\n          <!--      -->\n          <!--         <a href=\"\/es\/lightweight-moisturizer\/\" aria-label=\"Go to HIDRATANTE LIGERA BE BALANCED\u2122 page\">-->\n          <!--          <img decoding=\"async\" src=\"https:\/\/monatglobal.com\/wp-content\/uploads\/2022\/12\/BE-BALANCED-Lightweight-Moisturizer_ecomm-min.png\" alt=\"HIDRATANTE LIGERA BE BALANCED\u2122\" loading=\"lazy\"\/>-->\n          <!--          <p>HIDRATANTE LIGERA <br \/> BE BALANCED\u2122<\/p>-->\n          <!--        <\/a>-->\n          <!--      -->\n          <!--      -->\n          <!--         <a href=\"\/es\/eye-smooth\/\" aria-label=\"Go to EYE SMOOTH\u2122 page\">-->\n          <!--          <img decoding=\"async\" src=\"https:\/\/monatglobal.com\/wp-content\/uploads\/2022\/12\/Eye-smooth-ecomm-2022-min.png\" alt=\"EYE SMOOTH\u2122\" loading=\"lazy\"\/>-->\n          <!--          <p>EYE SMOOTH\u2122<\/p>-->\n          <!--        <\/a>-->\n          <!--      -->\n          <!--      -->\n          <!--         <a href=\"\/es\/nourishing-moisturizer\/\" aria-label=\"Go to CREMA HIDRATANTE NUTRITIVA BE GENTLE\u2122 page\">-->\n          <!--            <img decoding=\"async\" src=\"https:\/\/monatglobal.com\/wp-content\/uploads\/2022\/12\/Be-Gentle-Nourishing-Moisturizer-ecomm-min.png\" alt=\"CREMA HIDRATANTE NUTRITIVA BE GENTLE\u2122\" loading=\"lazy\"\/>-->\n          <!--            <p>CREMA HIDRATANTE NUTRITIVA <br \/>BE GENTLE\u2122<\/p>-->\n          <!--         <\/a>-->\n          <!--      -->\n          <!--   -->\n             <!-- If we need navigation buttons -->\n          <!--   -->\n          <!--   -->\n             <!-- If we need paginations -->\n          <!--   -->\n          <!---->\n         <!--==================================================== If we need navigation buttons  ====================================================-->\n         <!--==================================================== If we need paginations  ====================================================-->\n    <a href=\"\" aria-label=\"\"><\/a>\n<!--==================================================== this link has to go last for it to work   ====================================================-->\n\n","protected":false},"excerpt":{"rendered":"<p>M\u00c1S VENDIDOS M\u00c1S VENDIDOS Berry Refined Scrub\u2122 Rejuvenece y calma AHA y semillas de ar\u00e1ndano que aportan luminosidad a la piel. 87 ml | 2.9 fl. oz Precio de venta Cliente00.00 \u20ac Precio Cliente VIP00.00 \u20ac Para conocer m\u00e1s sobre Berry Refined Scrub\u2122, ponte en contacto con tu Market Partner de&nbsp;MONAT. BENEFICIOS Una mascarilla exfoliante&hellip;<\/p>\n","protected":false},"author":31,"featured_media":65878,"parent":0,"menu_order":0,"comment_status":"closed","ping_status":"closed","template":"","meta":{"inline_featured_image":false,"om_disable_all_campaigns":false,"_monsterinsights_skip_tracking":false,"_monsterinsights_sitenote_active":false,"_monsterinsights_sitenote_note":"","_monsterinsights_sitenote_category":0,"footnotes":""},"categories":[31],"tags":[],"class_list":["post-65877","page","type-page","status-publish","has-post-thumbnail","hentry","category-product-es"],"aioseo_notices":[],"aioseo_head":"\n\t\t<!-- All in One SEO Pro 4.9.5.2 - aioseo.com -->\n\t<meta name=\"description\" content=\"M\u00c1S VENDIDOS M\u00c1S VENDIDOS Berry Refined Scrub\u2122 Rejuvenece y calma AHA y semillas de ar\u00e1ndano que aportan luminosidad a la piel. 87 ml | 2.9 fl. oz Precio de venta Cliente00.00 \u20ac Precio Cliente VIP00.00 \u20ac Para conocer m\u00e1s sobre Berry Refined Scrub\u2122, ponte en contacto con tu Market Partner de MONAT. BENEFICIOS Una mascarilla exfoliante\" \/>\n\t<meta name=\"robots\" content=\"max-image-preview:large\" \/>\n\t<link rel=\"canonical\" href=\"https:\/\/monatglobal.com\/es\/refined-skin-scrub\/\" \/>\n\t<meta name=\"generator\" content=\"All in One SEO Pro (AIOSEO) 4.9.5.2\" \/>\n\t\t<meta property=\"og:locale\" content=\"en_US\" \/>\n\t\t<meta property=\"og:site_name\" content=\"MONAT Espa\u00f1a - We Are Modern Nature\u00ae\" \/>\n\t\t<meta property=\"og:type\" content=\"article\" \/>\n\t\t<meta property=\"og:title\" content=\"Berry Refined Scrub\u2122 - MONAT Espa\u00f1a\" \/>\n\t\t<meta property=\"og:description\" content=\"M\u00c1S VENDIDOS M\u00c1S VENDIDOS Berry Refined Scrub\u2122 Rejuvenece y calma AHA y semillas de ar\u00e1ndano que aportan luminosidad a la piel. 87 ml | 2.9 fl. oz Precio de venta Cliente00.00 \u20ac Precio Cliente VIP00.00 \u20ac Para conocer m\u00e1s sobre Berry Refined Scrub\u2122, ponte en contacto con tu Market Partner de MONAT. BENEFICIOS Una mascarilla exfoliante\" \/>\n\t\t<meta property=\"og:url\" content=\"https:\/\/monatglobal.com\/es\/refined-skin-scrub\/\" \/>\n\t\t<meta property=\"article:published_time\" content=\"2021-11-26T17:45:12+00:00\" \/>\n\t\t<meta property=\"article:modified_time\" content=\"2026-02-06T20:30:15+00:00\" \/>\n\t\t<meta name=\"twitter:card\" content=\"summary_large_image\" \/>\n\t\t<meta name=\"twitter:title\" content=\"Berry Refined Scrub\u2122 - MONAT Espa\u00f1a\" \/>\n\t\t<meta name=\"twitter:description\" content=\"M\u00c1S VENDIDOS M\u00c1S VENDIDOS Berry Refined Scrub\u2122 Rejuvenece y calma AHA y semillas de ar\u00e1ndano que aportan luminosidad a la piel. 87 ml | 2.9 fl. oz Precio de venta Cliente00.00 \u20ac Precio Cliente VIP00.00 \u20ac Para conocer m\u00e1s sobre Berry Refined Scrub\u2122, ponte en contacto con tu Market Partner de MONAT. BENEFICIOS Una mascarilla exfoliante\" \/>\n\t\t<script type=\"application\/ld+json\" class=\"aioseo-schema\">\n\t\t\t{\"@context\":\"https:\\\/\\\/schema.org\",\"@graph\":[{\"@type\":\"BreadcrumbList\",\"@id\":\"https:\\\/\\\/monatglobal.com\\\/es\\\/refined-skin-scrub\\\/#breadcrumblist\",\"itemListElement\":[{\"@type\":\"ListItem\",\"@id\":\"https:\\\/\\\/monatglobal.com\\\/es#listItem\",\"position\":1,\"name\":\"Home\",\"item\":\"https:\\\/\\\/monatglobal.com\\\/es\",\"nextItem\":{\"@type\":\"ListItem\",\"@id\":\"https:\\\/\\\/monatglobal.com\\\/es\\\/refined-skin-scrub\\\/#listItem\",\"name\":\"Berry Refined Scrub\\u2122\"}},{\"@type\":\"ListItem\",\"@id\":\"https:\\\/\\\/monatglobal.com\\\/es\\\/refined-skin-scrub\\\/#listItem\",\"position\":2,\"name\":\"Berry Refined Scrub\\u2122\",\"previousItem\":{\"@type\":\"ListItem\",\"@id\":\"https:\\\/\\\/monatglobal.com\\\/es#listItem\",\"name\":\"Home\"}}]},{\"@type\":\"Organization\",\"@id\":\"https:\\\/\\\/monatglobal.com\\\/es\\\/#organization\",\"name\":\"MONAT Espa\\u00f1a\",\"description\":\"We Are Modern Nature\\u00ae\",\"url\":\"https:\\\/\\\/monatglobal.com\\\/es\\\/\"},{\"@type\":\"WebPage\",\"@id\":\"https:\\\/\\\/monatglobal.com\\\/es\\\/refined-skin-scrub\\\/#webpage\",\"url\":\"https:\\\/\\\/monatglobal.com\\\/es\\\/refined-skin-scrub\\\/\",\"name\":\"Berry Refined Scrub\\u2122 - MONAT Espa\\u00f1a\",\"description\":\"M\\u00c1S VENDIDOS M\\u00c1S VENDIDOS Berry Refined Scrub\\u2122 Rejuvenece y calma AHA y semillas de ar\\u00e1ndano que aportan luminosidad a la piel. 87 ml | 2.9 fl. oz Precio de venta Cliente00.00 \\u20ac Precio Cliente VIP00.00 \\u20ac Para conocer m\\u00e1s sobre Berry Refined Scrub\\u2122, ponte en contacto con tu Market Partner de MONAT. BENEFICIOS Una mascarilla exfoliante\",\"inLanguage\":\"en-US\",\"isPartOf\":{\"@id\":\"https:\\\/\\\/monatglobal.com\\\/es\\\/#website\"},\"breadcrumb\":{\"@id\":\"https:\\\/\\\/monatglobal.com\\\/es\\\/refined-skin-scrub\\\/#breadcrumblist\"},\"image\":{\"@type\":\"ImageObject\",\"url\":\"https:\\\/\\\/monatglobal.com\\\/es\\\/wp-content\\\/uploads\\\/sites\\\/10\\\/2021\\\/11\\\/berry-refined-scrub.png\",\"@id\":\"https:\\\/\\\/monatglobal.com\\\/es\\\/refined-skin-scrub\\\/#mainImage\",\"width\":341,\"height\":450},\"primaryImageOfPage\":{\"@id\":\"https:\\\/\\\/monatglobal.com\\\/es\\\/refined-skin-scrub\\\/#mainImage\"},\"datePublished\":\"2021-11-26T17:45:12+00:00\",\"dateModified\":\"2026-02-06T20:30:15+00:00\"},{\"@type\":\"WebSite\",\"@id\":\"https:\\\/\\\/monatglobal.com\\\/es\\\/#website\",\"url\":\"https:\\\/\\\/monatglobal.com\\\/es\\\/\",\"name\":\"MONAT Espa\\u00f1a\",\"description\":\"We Are Modern Nature\\u00ae\",\"inLanguage\":\"en-US\",\"publisher\":{\"@id\":\"https:\\\/\\\/monatglobal.com\\\/es\\\/#organization\"}}]}\n\t\t<\/script>\n\t\t<!-- All in One SEO Pro -->\r\n\t\t<title>Berry Refined Scrub\u2122 - MONAT Espa\u00f1a<\/title>\n\n","aioseo_head_json":{"title":"Berry Refined Scrub\u2122 - MONAT Espa\u00f1a","description":"M\u00c1S VENDIDOS M\u00c1S VENDIDOS Berry Refined Scrub\u2122 Rejuvenece y calma AHA y semillas de ar\u00e1ndano que aportan luminosidad a la piel. 87 ml | 2.9 fl. oz Precio de venta Cliente00.00 \u20ac Precio Cliente VIP00.00 \u20ac Para conocer m\u00e1s sobre Berry Refined Scrub\u2122, ponte en contacto con tu Market Partner de MONAT. BENEFICIOS Una mascarilla exfoliante","canonical_url":"https:\/\/monatglobal.com\/es\/refined-skin-scrub\/","robots":"max-image-preview:large","keywords":"","webmasterTools":{"miscellaneous":""},"schema":{"@context":"https:\/\/schema.org","@graph":[{"@type":"BreadcrumbList","@id":"https:\/\/monatglobal.com\/es\/refined-skin-scrub\/#breadcrumblist","itemListElement":[{"@type":"ListItem","@id":"https:\/\/monatglobal.com\/es#listItem","position":1,"name":"Home","item":"https:\/\/monatglobal.com\/es","nextItem":{"@type":"ListItem","@id":"https:\/\/monatglobal.com\/es\/refined-skin-scrub\/#listItem","name":"Berry Refined Scrub\u2122"}},{"@type":"ListItem","@id":"https:\/\/monatglobal.com\/es\/refined-skin-scrub\/#listItem","position":2,"name":"Berry Refined Scrub\u2122","previousItem":{"@type":"ListItem","@id":"https:\/\/monatglobal.com\/es#listItem","name":"Home"}}]},{"@type":"Organization","@id":"https:\/\/monatglobal.com\/es\/#organization","name":"MONAT Espa\u00f1a","description":"We Are Modern Nature\u00ae","url":"https:\/\/monatglobal.com\/es\/"},{"@type":"WebPage","@id":"https:\/\/monatglobal.com\/es\/refined-skin-scrub\/#webpage","url":"https:\/\/monatglobal.com\/es\/refined-skin-scrub\/","name":"Berry Refined Scrub\u2122 - MONAT Espa\u00f1a","description":"M\u00c1S VENDIDOS M\u00c1S VENDIDOS Berry Refined Scrub\u2122 Rejuvenece y calma AHA y semillas de ar\u00e1ndano que aportan luminosidad a la piel. 87 ml | 2.9 fl. oz Precio de venta Cliente00.00 \u20ac Precio Cliente VIP00.00 \u20ac Para conocer m\u00e1s sobre Berry Refined Scrub\u2122, ponte en contacto con tu Market Partner de MONAT. BENEFICIOS Una mascarilla exfoliante","inLanguage":"en-US","isPartOf":{"@id":"https:\/\/monatglobal.com\/es\/#website"},"breadcrumb":{"@id":"https:\/\/monatglobal.com\/es\/refined-skin-scrub\/#breadcrumblist"},"image":{"@type":"ImageObject","url":"https:\/\/monatglobal.com\/es\/wp-content\/uploads\/sites\/10\/2021\/11\/berry-refined-scrub.png","@id":"https:\/\/monatglobal.com\/es\/refined-skin-scrub\/#mainImage","width":341,"height":450},"primaryImageOfPage":{"@id":"https:\/\/monatglobal.com\/es\/refined-skin-scrub\/#mainImage"},"datePublished":"2021-11-26T17:45:12+00:00","dateModified":"2026-02-06T20:30:15+00:00"},{"@type":"WebSite","@id":"https:\/\/monatglobal.com\/es\/#website","url":"https:\/\/monatglobal.com\/es\/","name":"MONAT Espa\u00f1a","description":"We Are Modern Nature\u00ae","inLanguage":"en-US","publisher":{"@id":"https:\/\/monatglobal.com\/es\/#organization"}}]},"og:locale":"en_US","og:site_name":"MONAT Espa\u00f1a - We Are Modern Nature\u00ae","og:type":"article","og:title":"Berry Refined Scrub\u2122 - MONAT Espa\u00f1a","og:description":"M\u00c1S VENDIDOS M\u00c1S VENDIDOS Berry Refined Scrub\u2122 Rejuvenece y calma AHA y semillas de ar\u00e1ndano que aportan luminosidad a la piel. 87 ml | 2.9 fl. oz Precio de venta Cliente00.00 \u20ac Precio Cliente VIP00.00 \u20ac Para conocer m\u00e1s sobre Berry Refined Scrub\u2122, ponte en contacto con tu Market Partner de MONAT. BENEFICIOS Una mascarilla exfoliante","og:url":"https:\/\/monatglobal.com\/es\/refined-skin-scrub\/","article:published_time":"2021-11-26T17:45:12+00:00","article:modified_time":"2026-02-06T20:30:15+00:00","twitter:card":"summary_large_image","twitter:title":"Berry Refined Scrub\u2122 - MONAT Espa\u00f1a","twitter:description":"M\u00c1S VENDIDOS M\u00c1S VENDIDOS Berry Refined Scrub\u2122 Rejuvenece y calma AHA y semillas de ar\u00e1ndano que aportan luminosidad a la piel. 87 ml | 2.9 fl. oz Precio de venta Cliente00.00 \u20ac Precio Cliente VIP00.00 \u20ac Para conocer m\u00e1s sobre Berry Refined Scrub\u2122, ponte en contacto con tu Market Partner de MONAT. BENEFICIOS Una mascarilla exfoliante"},"aioseo_meta_data":{"post_id":"65877","title":null,"description":null,"keywords":null,"keyphrases":null,"primary_term":null,"canonical_url":null,"og_title":null,"og_description":null,"og_object_type":"default","og_image_type":"default","og_image_url":null,"og_image_width":null,"og_image_height":null,"og_image_custom_url":null,"og_image_custom_fields":null,"og_video":null,"og_custom_url":null,"og_article_section":null,"og_article_tags":null,"twitter_use_og":false,"twitter_card":"default","twitter_image_type":"default","twitter_image_url":null,"twitter_image_custom_url":null,"twitter_image_custom_fields":null,"twitter_title":null,"twitter_description":null,"schema":{"blockGraphs":[],"customGraphs":[],"default":{"data":{"Article":[],"Course":[],"Dataset":[],"FAQPage":[],"Movie":[],"Person":[],"Product":[],"ProductReview":[],"Car":[],"Recipe":[],"Service":[],"SoftwareApplication":[],"WebPage":[]},"graphName":"WebPage","isEnabled":true},"graphs":[]},"schema_type":"default","schema_type_options":null,"pillar_content":false,"robots_default":true,"robots_noindex":false,"robots_noarchive":false,"robots_nosnippet":false,"robots_nofollow":false,"robots_noimageindex":false,"robots_noodp":false,"robots_notranslate":false,"robots_max_snippet":null,"robots_max_videopreview":null,"robots_max_imagepreview":"large","priority":null,"frequency":null,"local_seo":null,"seo_analyzer_scan_date":"2025-08-14 17:32:18","limit_modified_date":false,"reviewed_by":null,"open_ai":null,"ai":null,"created":"2023-07-26 09:22:15","updated":"2026-02-10 05:20:55"},"aioseo_breadcrumb":"<div class=\"aioseo-breadcrumbs\"><span class=\"aioseo-breadcrumb\">\n\t<a href=\"https:\/\/monatglobal.com\/es\" title=\"Home\">Home<\/a>\n<\/span><span class=\"aioseo-breadcrumb-separator\">&raquo;<\/span><span class=\"aioseo-breadcrumb\">\n\tBerry Refined Scrub\u2122\n<\/span><\/div>","aioseo_breadcrumb_json":[{"label":"Home","link":"https:\/\/monatglobal.com\/es"},{"label":"Berry Refined Scrub\u2122","link":"https:\/\/monatglobal.com\/es\/refined-skin-scrub\/"}],"_links":{"self":[{"href":"https:\/\/monatglobal.com\/es\/wp-json\/wp\/v2\/pages\/65877","targetHints":{"allow":["GET"]}}],"collection":[{"href":"https:\/\/monatglobal.com\/es\/wp-json\/wp\/v2\/pages"}],"about":[{"href":"https:\/\/monatglobal.com\/es\/wp-json\/wp\/v2\/types\/page"}],"author":[{"embeddable":true,"href":"https:\/\/monatglobal.com\/es\/wp-json\/wp\/v2\/users\/31"}],"replies":[{"embeddable":true,"href":"https:\/\/monatglobal.com\/es\/wp-json\/wp\/v2\/comments?post=65877"}],"version-history":[{"count":24,"href":"https:\/\/monatglobal.com\/es\/wp-json\/wp\/v2\/pages\/65877\/revisions"}],"predecessor-version":[{"id":109244,"href":"https:\/\/monatglobal.com\/es\/wp-json\/wp\/v2\/pages\/65877\/revisions\/109244"}],"wp:featuredmedia":[{"embeddable":true,"href":"https:\/\/monatglobal.com\/es\/wp-json\/wp\/v2\/media\/65878"}],"wp:attachment":[{"href":"https:\/\/monatglobal.com\/es\/wp-json\/wp\/v2\/media?parent=65877"}],"wp:term":[{"taxonomy":"category","embeddable":true,"href":"https:\/\/monatglobal.com\/es\/wp-json\/wp\/v2\/categories?post=65877"},{"taxonomy":"post_tag","embeddable":true,"href":"https:\/\/monatglobal.com\/es\/wp-json\/wp\/v2\/tags?post=65877"}],"curies":[{"name":"wp","href":"https:\/\/api.w.org\/{rel}","templated":true}]}}