{"id":65869,"date":"2021-11-26T16:10:15","date_gmt":"2021-11-26T16:10:15","guid":{"rendered":"https:\/\/monatglobal.com\/es\/?page_id=65869"},"modified":"2026-02-06T18:37:23","modified_gmt":"2026-02-06T18:37:23","slug":"skincare-night-age-control-cream","status":"publish","type":"page","link":"https:\/\/monatglobal.com\/es\/skincare-night-age-control-cream\/","title":{"rendered":"Crema de Noche Antiedad Night Haven\u2122"},"content":{"rendered":"\n\n\t<link rel=\"stylesheet\" href=\"https:\/\/unpkg.com\/swiper\/swiper-bundle.min.css\" \/>\n<link rel=\"stylesheet\" href=\"https:\/\/monatglobal.com\/wp-content\/creative_css\/product_styles_sheet.css\" \/>\n   <!--==================================================== ECOMM SECTION ====================================================-->\n      <!--==================================================== Ecomm image ====================================================-->\n             \n                <source media=\"(max-width: 700px)\" srcset=\"https:\/\/monatglobal.com\/au\/wp-content\/uploads\/sites\/12\/2021\/12\/night-heaven-ecomm-2022_mobile.png\" loading=\"lazy\"\/>\n                <img decoding=\"async\" src=\"https:\/\/monatglobal.com\/au\/wp-content\/uploads\/sites\/12\/2021\/12\/night-heaven-ecomm-2022_mobile.png\" alt=\"Night Haven\u2122 overnight age control cream\" loading=\"lazy\"\/>\n            \n      <!--==================================================== Ecomm information  ====================================================-->\n         \n         <h1>Crema de Noche Antiedad<\/h1>\n         <p>Night Haven\u2122<\/p>\n         <p>Renueva y repara<br \/> Con ceramidas que mejoran la piel y REJUVENIQE S\u2122<\/p>\n         <p>50 ml \u212e 1.7 fl. oz.<\/p>\n       <!--==================================================== pricing box  ====================================================-->  \n         <p>Precio de venta Cliente<br \/>00.00 \u20ac<\/p>\n         <p>Precio Cliente VIP<br \/>00.00 \u20ac<\/p>\n       <!--==================================================== pricing box  ====================================================--> \n         <p>Para conocer m\u00e1s sobre Crema de Noche Antiedad Night Haven\u2122, ponte en contacto con tu Market Partner de&nbsp;MONAT.<\/p>\n          <a href=\"\" target=\"_blank\" role=\"button\" aria-label=\"\" rel=\"noopener\"><\/a>\n   <!--==================================================== \/ECOMM SECTION  ====================================================-->\n   <!--==================================================== Benefits image ====================================================-->\n  \n    <source media=\"(max-width: 700px)\" srcset=\"https:\/\/monatglobal.com\/au\/wp-content\/uploads\/sites\/12\/2021\/12\/night-heaven-benefits_mobile.jpg\" loading=\"lazy\"\/>\n      <img decoding=\"async\" src=\"https:\/\/monatglobal.com\/au\/wp-content\/uploads\/sites\/12\/2021\/12\/night-heaven-benefits_2022.jpg\" \n      alt=\"\" loading=\"lazy\"\/>\n    \n   <!--==================================================== Benefits text ====================================================-->\n         <h2>CARACTER\u00cdSTICAS<\/h2>\n         <h3>Una rica crema reparadora de noche que se funde con la piel, proporcionando una nutrici\u00f3n \n         rica y una hidrataci\u00f3n&nbsp;profunda.<\/h3>\n         <p>La piel se despierta con aspecto fresco, brillante y renovado. Utilizar cada noche para una piel m\u00e1s suave y con mayor&nbsp;elasticidad.<\/p>\n         <!--==================================================== features image  ====================================================-->\n         <img decoding=\"async\" alt=\"\" src=\"https:\/\/monatglobal.com\/au\/wp-content\/uploads\/sites\/12\/2021\/12\/night-heaven-features.jpg\" loading=\"lazy\"\/>\n      <!--==================================================== features text ====================================================-->\n            <h3>Beneficios<\/h3>\n               <p>\/ Repara, renueva y nutre durante la&nbsp;noche<\/p>\n               <p>\/ Reduce al m\u00ednimo la aparici\u00f3n de arrugas, l\u00edneas de expresi\u00f3n y la falta de&nbsp;elasticidad<\/p>\n               <p>\/ La piel se siente m\u00e1s tersa, suave y con mayor&nbsp;elasticidad<\/p>\n               <p>\/ La piel tiene un aspecto refrescado, renovado y radiante por la&nbsp;ma\u00f1ana<\/p>\n               <p>\/ Ideal para todo tipo de&nbsp;pieles<\/p>\n               <br \/>\n            <p>Fragrance \/ Unwind and enjoy a coconut-forward, citrusy aroma with notes of blood orange, coconut husk, cashew nut and&nbsp;sandalwood. <\/p>\n            <p> Texture \/ Cream <\/p>\n   <!--==================================================== composition image mobile ====================================================-->\n   <img decoding=\"async\" alt=\"\" src=\"https:\/\/monatglobal.com\/au\/wp-content\/uploads\/sites\/12\/2021\/12\/night-heaven-composition-1.jpg\" loading=\"lazy\"\/>\n   <!--==================================================== Why it works text ====================================================-->\n      <h2>RENUEVA Y REPARA<\/h2>\n      <h3>Esta hidratante de noche, &#8220;suave como una almohada&#8221; pero intensiva, se funde suavemente en la&nbsp;piel.<\/h3>\n      Con ingredientes dise\u00f1ados para impulsar el proceso de renovaci\u00f3n natural de la piel, hace efecto durante toda la \n      noche para rellenar, reafirmar, alisar, suavizar y mejorar la elasticidad de la piel con el fin de conseguir un cutis m\u00e1s luminoso, fresco y&nbsp;radiante.\n<!--==================================================== Composition section ====================================================-->\n      <img decoding=\"async\" alt=\"\" src=\"https:\/\/monatglobal.com\/au\/wp-content\/uploads\/sites\/12\/2021\/12\/night-heaven-composition-1.jpg\" loading=\"lazy\"\/>\n      <img decoding=\"async\" alt=\"\" \n      src=\"https:\/\/monatglobal.com\/au\/wp-content\/uploads\/sites\/12\/2021\/12\/night-heaven-composition-3.jpg\" loading=\"lazy\"\/>\n            <!--==================================================== Directions text ====================================================--> \n               <h3>Modo de uso<\/h3>\n                    <p>\/ Util\u00edzala todas las&nbsp;noches.<\/p>\n                    <p>\/ Aplica despu\u00e9s de que tu s\u00e9rum de noche  y crema de ojos de MONAT, se hayan absorbido por&nbsp;completo<\/p>\n                    <p>\/ Retira una peque\u00f1a cantidad del envase con la ayuda de la&nbsp;esp\u00e1tula.<\/p>\n                    <p>\/ Aplica de manera uniforme con las yemas de los&nbsp;dedos.<\/p>\n                    <p>\/ Masajea sobre el rostro, el cuello y el escote con movimientos&nbsp;ascendentes.<\/p>\n            <!--==================================================== Directions video ====================================================-->\n      <p>Crema de Noche Antiedad <br \/>Night Haven\u2122 <br \/>0:27<\/p>\n         <!--==================================================== features image  ====================================================-->\n         <img decoding=\"async\" alt=\"\" src=\"https:\/\/monatglobal.com\/au\/wp-content\/uploads\/sites\/12\/2021\/12\/night-heavem-suggestion.jpg\" loading=\"lazy\"\/>\n      <!--==================================================== features text ====================================================-->\n            <h3>Sugerencias<\/h3>\n               \/ La noche es el momento de la reparaci\u00f3n y la recuperaci\u00f3n, por lo que es el momento perfecto para centrarse en una nutrici\u00f3n \n               e hidrataci\u00f3n&nbsp;profundas.\n      <a href=\"\" target=\"_blank\" role=\"button\" aria-label=\"\" rel=\"noopener\"><\/a>\n   <!--==================================================== Ingredients section  ====================================================-->\n      <h2>INGREDIENTES ACTIVOS CLAVE<\/h2>\n      <p>REJUVENIQE S\u2122<\/p>\n      <p>Ceramidas<\/p>\n      <p>\u00c1cido hialur\u00f3nico<\/p>\n      <p>Aceite de aguacate<\/p>\n      <p>Manteca de karit\u00e9<\/p>\n        <button id=\"myBtn\" type=\"button\">VER LA LISTA DE INGREDIENTES COMPLETA <\/button>\n      <!--==================================================== Modal content  ====================================================-->\n         &times;\n         Aqua\/Water\/Eau, Trimethylolpropane Triisostearate, Ethyl Macadamiate, Hydrogenated Sunflower Seed Oil Polyglyceryl-3 Esters, Persea \n         Gratissima (Avocado) Oil, Dimethicone, Helianthus Annuus (Sunflower) Seed Oil, Butyrospermum Parkii (Shea) Butter, Ceramide NP, Ceramide AP, Ceramide \n         EOP, Sodium Hyaluronate, Bidens Pilosa Extract, Phytosphingosine, Glycyrrhiza Glabra (Licorice) Root Extract, Physalis Angulata Extract, Limnanthes \n         Alba (Meadowfoam) Seed Oil, Crambe Abyssinica Seed Oil, Camellia Oleifera Seed Oil, Solanum Lycopersicum (Tomato) Seed Oil, Daucus Carota Sativa \n         (Carrot) Seed Oil, Citrus Limon (Lemon) Peel Oil, Citrus Aurantifolia (Lime) Oil, Citrus Aurantium Bergamia (Bergamot) Fruit Oil, Adansonia Digitata \n         Oil, Mauritia Flexuosa Fruit Oil, Cocos Nucifera (Coconut) Oil, Gardenia Taitensis Flower Extract, Moringa Oleifera Seed Oil, Caryocar Brasiliense \n         Fruit Oil, Olea Europaea (Olive) Fruit Oil, Simmondsia Chinensis (Jojoba) Seed Extract, Gossypium Herbaceum (Cotton) Seed Oil, Linum Usitatissimum \n         (Linseed) Seed Oil, Elaeis Guineensis (Palm) Oil, Glycerin, Tocopherol, Xanthan Gum, Sodium Polyacrylate, Xylitol, Caprylic Acid, Glyceryl Stearate, \n         Caprylic\/Capric Triglyceride, Hydrogenated Sunflower Seed Oil Glyceryl Esters, Cetearyl Alcohol, Sodium Stearoyl Lactylate, Sodium Lauroyl Lactylate, \n         Dimethiconol, Cholesterol, Carbomer, Fragrance\/Parfum, Ethylhexylglycerin, Benzyl&nbsp;Alcohol.\n   <!--==================================================== You might also like section ====================================================-->\n      <h2>PUEDE QUE TAMBI\u00c9N TE GUSTE<\/h2>\n      <!--==================================================== Slider YOU MIGHT ALSO LIKE ====================================================-->\n          <!---->\n          <!--   -->\n                <!-- Slides products-->\n          <!--      -->\n          <!--         <a href=\"\/es\/age-control-nectar\/\" aria-label=\"Go to N\u00c9CTAR ANTI-EDAD REWIND\u2122 page\">-->\n          <!--          <img decoding=\"async\" src=\"https:\/\/monatglobal.com\/wp-content\/uploads\/2022\/12\/Rewind-Age-Control-Nectar-ecomm-min.png\" alt=\"N\u00c9CTAR ANTI-EDAD REWIND\u2122\" loading=\"lazy\"\/>-->\n          <!--          <p>N\u00c9CTAR ANTI-EDAD REWIND\u2122<\/p>-->\n          <!--        <\/a>-->\n          <!--      -->\n          <!--      -->\n          <!--         <a href=\"\/es\/eye-smooth\/\" aria-label=\"Go to EYE SMOOTH\u2122 page\">-->\n          <!--          <img decoding=\"async\" src=\"https:\/\/monatglobal.com\/wp-content\/uploads\/2022\/12\/Eye-smooth-ecomm-2022-min.png\" alt=\"EYE SMOOTH\u2122\" loading=\"lazy\"\/>-->\n          <!--          <p>EYE SMOOTH\u2122<\/p>-->\n          <!--        <\/a>-->\n          <!--      -->\n          <!--      -->\n          <!--         <a href=\"\/es\/rejuveniqe-oil\/\" aria-label=\"Go to REJUVENIQE\u00ae ACEITE INTENSIVO page\">-->\n          <!--            <img decoding=\"async\" src=\"https:\/\/monatglobal.com\/wp-content\/uploads\/2022\/12\/rejuveniqe_2021-ecomm.png\" alt=\"REJUVENIQE\u00ae ACEITE INTENSIVO\" loading=\"lazy\"\/>-->\n          <!--            <p>REJUVENIQE<sup>\u00ae<\/sup> ACEITE INTENSIVO<\/p>-->\n          <!--         <\/a>-->\n          <!--      -->\n          <!--   -->\n             <!-- If we need navigation buttons -->\n          <!--   -->\n          <!--   -->\n             <!-- If we need paginations -->\n          <!--   -->\n          <!---->\n         <!--==================================================== If we need navigation buttons  ====================================================-->\n         <!--==================================================== If we need paginations  ====================================================-->\n    <a href=\"\" aria-label=\"\"><\/a>\n<!--==================================================== this link has to go last for it to work   ====================================================-->\n\n","protected":false},"excerpt":{"rendered":"<p>Crema de Noche Antiedad Night Haven\u2122 Renueva y repara Con ceramidas que mejoran la piel y REJUVENIQE S\u2122 50 ml \u212e 1.7 fl. oz. Precio de venta Cliente00.00 \u20ac Precio Cliente VIP00.00 \u20ac Para conocer m\u00e1s sobre Crema de Noche Antiedad Night Haven\u2122, ponte en contacto con tu Market Partner de&nbsp;MONAT. CARACTER\u00cdSTICAS Una rica crema&hellip;<\/p>\n","protected":false},"author":31,"featured_media":65870,"parent":0,"menu_order":0,"comment_status":"closed","ping_status":"closed","template":"","meta":{"inline_featured_image":false,"om_disable_all_campaigns":false,"_monsterinsights_skip_tracking":false,"_monsterinsights_sitenote_active":false,"_monsterinsights_sitenote_note":"","_monsterinsights_sitenote_category":0,"footnotes":""},"categories":[31],"tags":[],"class_list":["post-65869","page","type-page","status-publish","has-post-thumbnail","hentry","category-product-es"],"aioseo_notices":[],"aioseo_head":"\n\t\t<!-- All in One SEO Pro 4.9.6 - aioseo.com -->\n\t<meta name=\"description\" content=\"Crema de Noche Antiedad Night Haven\u2122 Renueva y repara Con ceramidas que mejoran la piel y REJUVENIQE S\u2122 50 ml \u212e 1.7 fl. oz. Precio de venta Cliente00.00 \u20ac Precio Cliente VIP00.00 \u20ac Para conocer m\u00e1s sobre Crema de Noche Antiedad Night Haven\u2122, ponte en contacto con tu Market Partner de MONAT. CARACTER\u00cdSTICAS Una rica crema\" \/>\n\t<meta name=\"robots\" content=\"max-image-preview:large\" \/>\n\t<link rel=\"canonical\" href=\"https:\/\/monatglobal.com\/es\/skincare-night-age-control-cream\/\" \/>\n\t<meta name=\"generator\" content=\"All in One SEO Pro (AIOSEO) 4.9.6\" \/>\n\t\t<meta property=\"og:locale\" content=\"en_US\" \/>\n\t\t<meta property=\"og:site_name\" content=\"MONAT Espa\u00f1a - We Are Modern Nature\u00ae\" \/>\n\t\t<meta property=\"og:type\" content=\"article\" \/>\n\t\t<meta property=\"og:title\" content=\"Crema de Noche Antiedad Night Haven\u2122 - MONAT Espa\u00f1a\" \/>\n\t\t<meta property=\"og:description\" content=\"Crema de Noche Antiedad Night Haven\u2122 Renueva y repara Con ceramidas que mejoran la piel y REJUVENIQE S\u2122 50 ml \u212e 1.7 fl. oz. Precio de venta Cliente00.00 \u20ac Precio Cliente VIP00.00 \u20ac Para conocer m\u00e1s sobre Crema de Noche Antiedad Night Haven\u2122, ponte en contacto con tu Market Partner de MONAT. CARACTER\u00cdSTICAS Una rica crema\" \/>\n\t\t<meta property=\"og:url\" content=\"https:\/\/monatglobal.com\/es\/skincare-night-age-control-cream\/\" \/>\n\t\t<meta property=\"article:published_time\" content=\"2021-11-26T16:10:15+00:00\" \/>\n\t\t<meta property=\"article:modified_time\" content=\"2026-02-06T18:37:23+00:00\" \/>\n\t\t<meta name=\"twitter:card\" content=\"summary_large_image\" \/>\n\t\t<meta name=\"twitter:title\" content=\"Crema de Noche Antiedad Night Haven\u2122 - MONAT Espa\u00f1a\" \/>\n\t\t<meta name=\"twitter:description\" content=\"Crema de Noche Antiedad Night Haven\u2122 Renueva y repara Con ceramidas que mejoran la piel y REJUVENIQE S\u2122 50 ml \u212e 1.7 fl. oz. Precio de venta Cliente00.00 \u20ac Precio Cliente VIP00.00 \u20ac Para conocer m\u00e1s sobre Crema de Noche Antiedad Night Haven\u2122, ponte en contacto con tu Market Partner de MONAT. CARACTER\u00cdSTICAS Una rica crema\" \/>\n\t\t<script type=\"application\/ld+json\" class=\"aioseo-schema\">\n\t\t\t{\"@context\":\"https:\\\/\\\/schema.org\",\"@graph\":[{\"@type\":\"BreadcrumbList\",\"@id\":\"https:\\\/\\\/monatglobal.com\\\/es\\\/skincare-night-age-control-cream\\\/#breadcrumblist\",\"itemListElement\":[{\"@type\":\"ListItem\",\"@id\":\"https:\\\/\\\/monatglobal.com\\\/es#listItem\",\"position\":1,\"name\":\"Home\",\"item\":\"https:\\\/\\\/monatglobal.com\\\/es\",\"nextItem\":{\"@type\":\"ListItem\",\"@id\":\"https:\\\/\\\/monatglobal.com\\\/es\\\/skincare-night-age-control-cream\\\/#listItem\",\"name\":\"Crema de Noche Antiedad Night Haven\\u2122\"}},{\"@type\":\"ListItem\",\"@id\":\"https:\\\/\\\/monatglobal.com\\\/es\\\/skincare-night-age-control-cream\\\/#listItem\",\"position\":2,\"name\":\"Crema de Noche Antiedad Night Haven\\u2122\",\"previousItem\":{\"@type\":\"ListItem\",\"@id\":\"https:\\\/\\\/monatglobal.com\\\/es#listItem\",\"name\":\"Home\"}}]},{\"@type\":\"Organization\",\"@id\":\"https:\\\/\\\/monatglobal.com\\\/es\\\/#organization\",\"name\":\"MONAT Espa\\u00f1a\",\"description\":\"We Are Modern Nature\\u00ae\",\"url\":\"https:\\\/\\\/monatglobal.com\\\/es\\\/\"},{\"@type\":\"WebPage\",\"@id\":\"https:\\\/\\\/monatglobal.com\\\/es\\\/skincare-night-age-control-cream\\\/#webpage\",\"url\":\"https:\\\/\\\/monatglobal.com\\\/es\\\/skincare-night-age-control-cream\\\/\",\"name\":\"Crema de Noche Antiedad Night Haven\\u2122 - MONAT Espa\\u00f1a\",\"description\":\"Crema de Noche Antiedad Night Haven\\u2122 Renueva y repara Con ceramidas que mejoran la piel y REJUVENIQE S\\u2122 50 ml \\u212e 1.7 fl. oz. Precio de venta Cliente00.00 \\u20ac Precio Cliente VIP00.00 \\u20ac Para conocer m\\u00e1s sobre Crema de Noche Antiedad Night Haven\\u2122, ponte en contacto con tu Market Partner de MONAT. CARACTER\\u00cdSTICAS Una rica crema\",\"inLanguage\":\"en-US\",\"isPartOf\":{\"@id\":\"https:\\\/\\\/monatglobal.com\\\/es\\\/#website\"},\"breadcrumb\":{\"@id\":\"https:\\\/\\\/monatglobal.com\\\/es\\\/skincare-night-age-control-cream\\\/#breadcrumblist\"},\"image\":{\"@type\":\"ImageObject\",\"url\":\"https:\\\/\\\/monatglobal.com\\\/es\\\/wp-content\\\/uploads\\\/sites\\\/10\\\/2021\\\/11\\\/night-haven-4.png\",\"@id\":\"https:\\\/\\\/monatglobal.com\\\/es\\\/skincare-night-age-control-cream\\\/#mainImage\",\"width\":341,\"height\":450},\"primaryImageOfPage\":{\"@id\":\"https:\\\/\\\/monatglobal.com\\\/es\\\/skincare-night-age-control-cream\\\/#mainImage\"},\"datePublished\":\"2021-11-26T16:10:15+00:00\",\"dateModified\":\"2026-02-06T18:37:23+00:00\"},{\"@type\":\"WebSite\",\"@id\":\"https:\\\/\\\/monatglobal.com\\\/es\\\/#website\",\"url\":\"https:\\\/\\\/monatglobal.com\\\/es\\\/\",\"name\":\"MONAT Espa\\u00f1a\",\"description\":\"We Are Modern Nature\\u00ae\",\"inLanguage\":\"en-US\",\"publisher\":{\"@id\":\"https:\\\/\\\/monatglobal.com\\\/es\\\/#organization\"}}]}\n\t\t<\/script>\n\t\t<!-- All in One SEO Pro -->\r\n\t\t<title>Crema de Noche Antiedad Night Haven\u2122 - MONAT Espa\u00f1a<\/title>\n\n","aioseo_head_json":{"title":"Crema de Noche Antiedad Night Haven\u2122 - MONAT Espa\u00f1a","description":"Crema de Noche Antiedad Night Haven\u2122 Renueva y repara Con ceramidas que mejoran la piel y REJUVENIQE S\u2122 50 ml \u212e 1.7 fl. oz. Precio de venta Cliente00.00 \u20ac Precio Cliente VIP00.00 \u20ac Para conocer m\u00e1s sobre Crema de Noche Antiedad Night Haven\u2122, ponte en contacto con tu Market Partner de MONAT. CARACTER\u00cdSTICAS Una rica crema","canonical_url":"https:\/\/monatglobal.com\/es\/skincare-night-age-control-cream\/","robots":"max-image-preview:large","keywords":"","webmasterTools":{"miscellaneous":""},"schema":{"@context":"https:\/\/schema.org","@graph":[{"@type":"BreadcrumbList","@id":"https:\/\/monatglobal.com\/es\/skincare-night-age-control-cream\/#breadcrumblist","itemListElement":[{"@type":"ListItem","@id":"https:\/\/monatglobal.com\/es#listItem","position":1,"name":"Home","item":"https:\/\/monatglobal.com\/es","nextItem":{"@type":"ListItem","@id":"https:\/\/monatglobal.com\/es\/skincare-night-age-control-cream\/#listItem","name":"Crema de Noche Antiedad Night Haven\u2122"}},{"@type":"ListItem","@id":"https:\/\/monatglobal.com\/es\/skincare-night-age-control-cream\/#listItem","position":2,"name":"Crema de Noche Antiedad Night Haven\u2122","previousItem":{"@type":"ListItem","@id":"https:\/\/monatglobal.com\/es#listItem","name":"Home"}}]},{"@type":"Organization","@id":"https:\/\/monatglobal.com\/es\/#organization","name":"MONAT Espa\u00f1a","description":"We Are Modern Nature\u00ae","url":"https:\/\/monatglobal.com\/es\/"},{"@type":"WebPage","@id":"https:\/\/monatglobal.com\/es\/skincare-night-age-control-cream\/#webpage","url":"https:\/\/monatglobal.com\/es\/skincare-night-age-control-cream\/","name":"Crema de Noche Antiedad Night Haven\u2122 - MONAT Espa\u00f1a","description":"Crema de Noche Antiedad Night Haven\u2122 Renueva y repara Con ceramidas que mejoran la piel y REJUVENIQE S\u2122 50 ml \u212e 1.7 fl. oz. Precio de venta Cliente00.00 \u20ac Precio Cliente VIP00.00 \u20ac Para conocer m\u00e1s sobre Crema de Noche Antiedad Night Haven\u2122, ponte en contacto con tu Market Partner de MONAT. CARACTER\u00cdSTICAS Una rica crema","inLanguage":"en-US","isPartOf":{"@id":"https:\/\/monatglobal.com\/es\/#website"},"breadcrumb":{"@id":"https:\/\/monatglobal.com\/es\/skincare-night-age-control-cream\/#breadcrumblist"},"image":{"@type":"ImageObject","url":"https:\/\/monatglobal.com\/es\/wp-content\/uploads\/sites\/10\/2021\/11\/night-haven-4.png","@id":"https:\/\/monatglobal.com\/es\/skincare-night-age-control-cream\/#mainImage","width":341,"height":450},"primaryImageOfPage":{"@id":"https:\/\/monatglobal.com\/es\/skincare-night-age-control-cream\/#mainImage"},"datePublished":"2021-11-26T16:10:15+00:00","dateModified":"2026-02-06T18:37:23+00:00"},{"@type":"WebSite","@id":"https:\/\/monatglobal.com\/es\/#website","url":"https:\/\/monatglobal.com\/es\/","name":"MONAT Espa\u00f1a","description":"We Are Modern Nature\u00ae","inLanguage":"en-US","publisher":{"@id":"https:\/\/monatglobal.com\/es\/#organization"}}]},"og:locale":"en_US","og:site_name":"MONAT Espa\u00f1a - We Are Modern Nature\u00ae","og:type":"article","og:title":"Crema de Noche Antiedad Night Haven\u2122 - MONAT Espa\u00f1a","og:description":"Crema de Noche Antiedad Night Haven\u2122 Renueva y repara Con ceramidas que mejoran la piel y REJUVENIQE S\u2122 50 ml \u212e 1.7 fl. oz. Precio de venta Cliente00.00 \u20ac Precio Cliente VIP00.00 \u20ac Para conocer m\u00e1s sobre Crema de Noche Antiedad Night Haven\u2122, ponte en contacto con tu Market Partner de MONAT. CARACTER\u00cdSTICAS Una rica crema","og:url":"https:\/\/monatglobal.com\/es\/skincare-night-age-control-cream\/","article:published_time":"2021-11-26T16:10:15+00:00","article:modified_time":"2026-02-06T18:37:23+00:00","twitter:card":"summary_large_image","twitter:title":"Crema de Noche Antiedad Night Haven\u2122 - MONAT Espa\u00f1a","twitter:description":"Crema de Noche Antiedad Night Haven\u2122 Renueva y repara Con ceramidas que mejoran la piel y REJUVENIQE S\u2122 50 ml \u212e 1.7 fl. oz. Precio de venta Cliente00.00 \u20ac Precio Cliente VIP00.00 \u20ac Para conocer m\u00e1s sobre Crema de Noche Antiedad Night Haven\u2122, ponte en contacto con tu Market Partner de MONAT. CARACTER\u00cdSTICAS Una rica crema"},"aioseo_meta_data":{"post_id":"65869","title":null,"description":null,"keywords":null,"keyphrases":null,"primary_term":null,"canonical_url":null,"og_title":null,"og_description":null,"og_object_type":"default","og_image_type":"default","og_image_url":null,"og_image_width":null,"og_image_height":null,"og_image_custom_url":null,"og_image_custom_fields":null,"og_video":null,"og_custom_url":null,"og_article_section":null,"og_article_tags":null,"twitter_use_og":false,"twitter_card":"default","twitter_image_type":"default","twitter_image_url":null,"twitter_image_custom_url":null,"twitter_image_custom_fields":null,"twitter_title":null,"twitter_description":null,"schema":{"blockGraphs":[],"customGraphs":[],"default":{"data":{"Article":[],"Course":[],"Dataset":[],"FAQPage":[],"Movie":[],"Person":[],"Product":[],"ProductReview":[],"Car":[],"Recipe":[],"Service":[],"SoftwareApplication":[],"WebPage":[]},"graphName":"WebPage","isEnabled":true},"graphs":[]},"schema_type":"default","schema_type_options":null,"pillar_content":false,"robots_default":true,"robots_noindex":false,"robots_noarchive":false,"robots_nosnippet":false,"robots_nofollow":false,"robots_noimageindex":false,"robots_noodp":false,"robots_notranslate":false,"robots_max_snippet":null,"robots_max_videopreview":null,"robots_max_imagepreview":"large","priority":null,"frequency":null,"local_seo":null,"seo_analyzer_scan_date":"2025-08-14 17:32:16","limit_modified_date":false,"reviewed_by":null,"open_ai":null,"ai":null,"created":"2023-07-26 09:22:15","updated":"2026-02-10 05:20:55"},"aioseo_breadcrumb":"<div class=\"aioseo-breadcrumbs\"><span class=\"aioseo-breadcrumb\">\n\t<a href=\"https:\/\/monatglobal.com\/es\" title=\"Home\">Home<\/a>\n<\/span><span class=\"aioseo-breadcrumb-separator\">&raquo;<\/span><span class=\"aioseo-breadcrumb\">\n\tCrema de Noche Antiedad Night Haven\u2122\n<\/span><\/div>","aioseo_breadcrumb_json":[{"label":"Home","link":"https:\/\/monatglobal.com\/es"},{"label":"Crema de Noche Antiedad Night Haven\u2122","link":"https:\/\/monatglobal.com\/es\/skincare-night-age-control-cream\/"}],"_links":{"self":[{"href":"https:\/\/monatglobal.com\/es\/wp-json\/wp\/v2\/pages\/65869","targetHints":{"allow":["GET"]}}],"collection":[{"href":"https:\/\/monatglobal.com\/es\/wp-json\/wp\/v2\/pages"}],"about":[{"href":"https:\/\/monatglobal.com\/es\/wp-json\/wp\/v2\/types\/page"}],"author":[{"embeddable":true,"href":"https:\/\/monatglobal.com\/es\/wp-json\/wp\/v2\/users\/31"}],"replies":[{"embeddable":true,"href":"https:\/\/monatglobal.com\/es\/wp-json\/wp\/v2\/comments?post=65869"}],"version-history":[{"count":23,"href":"https:\/\/monatglobal.com\/es\/wp-json\/wp\/v2\/pages\/65869\/revisions"}],"predecessor-version":[{"id":109050,"href":"https:\/\/monatglobal.com\/es\/wp-json\/wp\/v2\/pages\/65869\/revisions\/109050"}],"wp:featuredmedia":[{"embeddable":true,"href":"https:\/\/monatglobal.com\/es\/wp-json\/wp\/v2\/media\/65870"}],"wp:attachment":[{"href":"https:\/\/monatglobal.com\/es\/wp-json\/wp\/v2\/media?parent=65869"}],"wp:term":[{"taxonomy":"category","embeddable":true,"href":"https:\/\/monatglobal.com\/es\/wp-json\/wp\/v2\/categories?post=65869"},{"taxonomy":"post_tag","embeddable":true,"href":"https:\/\/monatglobal.com\/es\/wp-json\/wp\/v2\/tags?post=65869"}],"curies":[{"name":"wp","href":"https:\/\/api.w.org\/{rel}","templated":true}]}}