{"id":65862,"date":"2021-11-26T15:22:21","date_gmt":"2021-11-26T15:22:21","guid":{"rendered":"https:\/\/monatglobal.com\/es\/?page_id=65862"},"modified":"2026-02-06T19:46:38","modified_gmt":"2026-02-06T19:46:38","slug":"age-control-nectar","status":"publish","type":"page","link":"https:\/\/monatglobal.com\/es\/age-control-nectar\/","title":{"rendered":"N\u00e9ctar Anti-edad Rewind\u2122"},"content":{"rendered":"\n\n\t<link rel=\"stylesheet\" href=\"https:\/\/unpkg.com\/swiper\/swiper-bundle.min.css\" \/>\n<link rel=\"stylesheet\" href=\"https:\/\/monatglobal.com\/wp-content\/creative_css\/product_styles_sheet.css\" \/>\n   <!--==================================================== ECOMM SECTION ====================================================-->\n   <p>M\u00c1S VENDIDOS<\/p>\n      <!--==================================================== Ecomm image ====================================================-->\n      <img decoding=\"async\" src=\"https:\/\/monatglobal.com\/es\/wp-content\/uploads\/sites\/10\/2021\/12\/Rewind-Age-Control-Nectar-ecomm.png\" alt=\"N\u00e9ctar Anti-edad Rewind\u2122\" loading=\"lazy\"\/>\n      <!--==================================================== Ecomm information  ====================================================-->\n         \n         <p>M\u00c1S VENDIDOS<\/p>\n         <h1>N\u00e9ctar<br \/> Anti-edad <\/h1>\n         <p>Rewind\u2122<\/p>\n         <p>Corrige y transforma<br \/> Con AHA de superfrutas naturales y \u00e1cido hialur\u00f3nico que perfeccionan la&nbsp;piel.<\/p>\n         <p>30 ml \u212e 1 fl. oz.<\/p>\n       <!--==================================================== pricing box  ====================================================--> \n         <p>Precio de venta Cliente<br \/>00.00 \u20ac<\/p>\n         <p>Precio Cliente VIP<br \/>00.00 \u20ac<\/p>\n       <!--==================================================== pricing box  ====================================================-->  \n         <p>Para conocer m\u00e1s sobre N\u00e9ctar Anti-edad Rewind\u2122, ponte en contacto con tu Market Partner de&nbsp;MONAT.<\/p>\n          <a href=\"\" target=\"_blank\" role=\"button\" aria-label=\"\" rel=\"noopener\"><\/a>\n   <!--==================================================== \/ECOMM SECTION  ====================================================-->\n   <!--==================================================== Benefits image ====================================================-->\n  \n    <source media=\"(max-width: 700px)\" srcset=\"https:\/\/monatglobal.com\/es\/wp-content\/uploads\/sites\/10\/2021\/12\/Rewind-Age-Control-Nectar-benefits-close-up_mobile.jpg\" loading=\"lazy\"\/>\n      <img decoding=\"async\" src=\"https:\/\/monatglobal.com\/es\/wp-content\/uploads\/sites\/10\/2021\/12\/Rewind-Age-Control-Nectar-benefits-close-up.jpg\" \n      alt=\"\" loading=\"lazy\"\/>\n    \n   <!--==================================================== Benefits text ====================================================-->\n         <h2>BENEFICIOS<\/h2>\n         <h3>Un potente s\u00e9rum hidratante de r\u00e1pida absorci\u00f3n y renovador de la piel que ayuda a retrasar y \n         reparar los signos de la edad, dejando un cutis terso, suave y&nbsp;radiante.<\/h3>\n         <!--==================================================== features image  ====================================================-->\n         <img decoding=\"async\" alt=\"\" src=\"https:\/\/monatglobal.com\/es\/wp-content\/uploads\/sites\/10\/2021\/12\/Rewind-Age-Control-Nectar-features.jpg\" loading=\"lazy\"\/>\n      <!--==================================================== features text ====================================================-->\n            <h3>Caracter\u00edsticas<\/h3>\n               <p>\/ Trata las l\u00edneas de expresi\u00f3n, arrugas y textura de la&nbsp;piel<\/p>\n               <p>\/ La piel luce m\u00e1s joven, radiante y&nbsp;uniforme<\/p>\n               <p>\/ La piel inmediatamente est\u00e1 hidratada, m\u00e1s tersa y&nbsp;luminosa<\/p>\n               <p>\/ Ayuda a mejorar y la&nbsp;elasticidad<\/p>\n               <br \/>\n            <p>Fragrance \/ Unwind and enjoy a coconut-forward, citrusy aroma with notes of blood orange, coconut husk, cashew nut and&nbsp;sandalwood. <\/p>\n            <p> Texture \/ Cream <\/p>\n   <!--==================================================== composition image mobile ====================================================-->\n   <img decoding=\"async\" alt=\"\" src=\"https:\/\/monatglobal.com\/es\/wp-content\/uploads\/sites\/10\/2021\/12\/Rewind-Age-Control-Nectar-comp1.jpg\" loading=\"lazy\"\/>\n   <!--==================================================== Why it works text ====================================================-->\n      <h2>CORRIGE Y TRANSFORMA<\/h2>\n      <h3>Este enriquecido s\u00e9rum, inunda la piel con una dosis de ingredientes activos para combatir el tono desigual, \n      las manchas de la edad, la p\u00e9rdida de elasticidad, las l\u00edneas de expresi\u00f3n y  arrugas, as\u00ed como  el aspecto apagado del cutis, para conseguir una\n      versi\u00f3n m\u00e1s suave y sin signos de la&nbsp;edad.<\/h3>\n<!--==================================================== Composition section ====================================================-->\n      <img decoding=\"async\" alt=\"\" src=\"https:\/\/monatglobal.com\/es\/wp-content\/uploads\/sites\/10\/2021\/12\/Rewind-Age-Control-Nectar-comp1.jpg\" loading=\"lazy\"\/>\n      <img decoding=\"async\" alt=\"\" \n      src=\"https:\/\/monatglobal.com\/es\/wp-content\/uploads\/sites\/10\/2021\/12\/rewind-age-control-nectar-composition-3-.jpg\" loading=\"lazy\"\/>\n            <!--==================================================== Directions text ====================================================--> \n               <h3>Modo de uso<\/h3>\n                    <p>\/ \u00dasalo todas las noches despu\u00e9s de preparar tu&nbsp;piel.<\/p>\n                    <p>\/ Aplica una dosis y rep\u00e1rtela de manera uniforme en la yema de los&nbsp;dedos.<\/p>\n                    <p>\/ Distribuye el producto de manera uniforme en el rostro, reparti\u00e9ndolo por la frente, las mejillas, la barbilla y el&nbsp;cuello.<\/p>\n                    <p>\/ Logra mejores resultados empezando desde el centro y extendi\u00e9ndolo hacia fuera y hacia arriba en el&nbsp;cuello.<\/p>\n                    <p>\/ Deja que el producto se absorba completamente antes de aplicar tu hidratante&nbsp;MONAT.<\/p>\n            <!--==================================================== Directions video ====================================================-->\n      <p>N\u00e9ctar Anti-edad Rewind\u2122 <br \/>0:29<\/p>\n         <!--==================================================== Suggestions image  ====================================================-->\n         <img decoding=\"async\" alt=\"\" src=\"https:\/\/monatglobal.com\/es\/wp-content\/uploads\/sites\/10\/2021\/12\/sunscreen-suggestion.jpg\" loading=\"lazy\"\/>\n      <!--==================================================== Suggestions text ====================================================-->\n            <h3>Sugerencias<\/h3>\n               <p>\/ Recomendaci\u00f3n para una piel m\u00e1s saludable: Utiliza este producto junto con crema de sol durante el&nbsp;d\u00eda.<\/p>\n      <a href=\"\" target=\"_blank\" role=\"button\" aria-label=\"\" rel=\"noopener\"><\/a>\n   <!--==================================================== Ingredients section  ====================================================-->\n      <h2>INGREDIENTES ACTIVOS CLAVE<\/h2>\n      <p>REJUVENIQE S\u2122<\/p>\n      <p>\u00c1cidos frutales naturales&nbsp;(AHAs)<\/p>\n      <p>P\u00e9ptido<\/p>\n      <p>Ciruela kakadu<\/p>\n      <p>\u00c1cido hialur\u00f3nico<\/p>\n        <button id=\"myBtn\" type=\"button\">VER LA LISTA DE INGREDIENTES COMPLETA <\/button>\n      <!--==================================================== Modal content  ====================================================-->\n         &times;\n         Aqua\/Water\/Eau, Propanediol, Glycerin, Mangifera Indica (Mango) Pulp Extract, Musa Sapientum (Banana) Pulp Extract, Pentylene \n         Glycol, Trifluoroacetyl Tripeptide-2, Glycolic Acid, Sodium Hyaluronate, Saccharum Officinarum (Sugarcane) Extract, Terminalia Ferdinandiana \n         Fruit Extract, Limnanthes Alba (Meadowfoam) Seed Oil, Crambe Abyssinica Seed Oil, Camellia Oleifera Seed Oil, Solanum Lycopersicum (Tomato) \n         Seed Oil, Daucus Carota Sativa (Carrot) Seed Oil, Citrus Limon (Lemon) Peel Oil, Citrus Aurantifolia (Lime) Oil, Citrus Aurantium Bergamia \n         (Bergamot) Fruit Oil, Adansonia Digitata Oil, Mauritia Flexuosa Fruit Oil, Cocos Nucifera (Coconut) Oil, Gardenia Taitensis Flower Extract, \n         Moringa Oleifera Seed Oil, Caryocar Brasiliense Fruit Oil, Helianthus Annuus (Sunflower) Seed Oil, Olea Europaea (Olive) Fruit Oil, \n         Simmondsia Chinensis (Jojoba) Seed Extract, Sodium Phytate, Xanthan Gum, Lecithin, Sclerotium Gum, Pullulan, Dextran, Citric Acid, \n         Fragrance\/Parfum, Sodium Benzoate, Potassium&nbsp;Sorbate.\n   <!--==================================================== You might also like section ====================================================-->\n      <h2>PUEDE QUE TAMBI\u00c9N TE GUSTE<\/h2>\n      <!--==================================================== Slider YOU MIGHT ALSO LIKE ====================================================-->\n          <!---->\n          <!--   -->\n                <!-- Slides products-->\n          <!--      -->\n          <!--         <a href=\"\/es\/lightweight-moisturizer\/\" aria-label=\"Go to HIDRATANTE LIGERA BE BALANCED\u2122 page\">-->\n          <!--          <img decoding=\"async\" src=\"https:\/\/monatglobal.com\/wp-content\/uploads\/2022\/12\/BE-BALANCED-Lightweight-Moisturizer_ecomm-min.png\" alt=\"HIDRATANTE LIGERA BE BALANCED\u2122\" loading=\"lazy\"\/>-->\n          <!--          <p>HIDRATANTE LIGERA <br \/> BE BALANCED\u2122<\/p>-->\n          <!--        <\/a>-->\n          <!--      -->\n          <!--      -->\n          <!--         <a href=\"\/es\/nourishing-moisturizer\/\" aria-label=\"Go to CREMA HIDRATANTE NUTRITIVA BE GENTLE\u2122 page\">-->\n          <!--            <img decoding=\"async\" src=\"https:\/\/monatglobal.com\/wp-content\/uploads\/2022\/12\/Be-Gentle-Nourishing-Moisturizer-ecomm-min.png\" alt=\"CREMA HIDRATANTE NUTRITIVA BE GENTLE\u2122\" loading=\"lazy\"\/>-->\n          <!--            <p>CREMA HIDRATANTE NUTRITIVA <br \/>BE GENTLE\u2122<\/p>-->\n          <!--         <\/a>-->\n          <!--      -->\n          <!--      -->\n          <!--         <a href=\"\/es\/creamy-cleanser\/\" aria-label=\"Go to LIMPIADOR CREMOSO BE GENTLE\u2122 page\">-->\n          <!--            <img decoding=\"async\" src=\"https:\/\/monatglobal.com\/wp-content\/uploads\/2022\/12\/BE-GENTLE-Creamy-Cleanser-ecomm-2022-min.png\" alt=\"LIMPIADOR CREMOSO BE GENTLE\u2122\" loading=\"lazy\"\/>-->\n          <!--            <p>LIMPIADOR CREMOSO <br \/>BE GENTLE\u2122<\/p>-->\n          <!--         <\/a>-->\n          <!--      -->\n          <!--   -->\n             <!-- If we need navigation buttons -->\n          <!--   -->\n          <!--   -->\n             <!-- If we need paginations -->\n          <!--   -->\n          <!---->\n         <!--==================================================== If we need navigation buttons  ====================================================-->\n         <!--==================================================== If we need paginations  ====================================================-->\n    <a href=\"\" aria-label=\"\"><\/a>\n<!--==================================================== this link has to go last for it to work   ====================================================-->\n\n","protected":false},"excerpt":{"rendered":"<p>M\u00c1S VENDIDOS M\u00c1S VENDIDOS N\u00e9ctar Anti-edad Rewind\u2122 Corrige y transforma Con AHA de superfrutas naturales y \u00e1cido hialur\u00f3nico que perfeccionan la&nbsp;piel. 30 ml \u212e 1 fl. oz. Precio de venta Cliente00.00 \u20ac Precio Cliente VIP00.00 \u20ac Para conocer m\u00e1s sobre N\u00e9ctar Anti-edad Rewind\u2122, ponte en contacto con tu Market Partner de&nbsp;MONAT. BENEFICIOS Un potente s\u00e9rum&hellip;<\/p>\n","protected":false},"author":31,"featured_media":65863,"parent":0,"menu_order":0,"comment_status":"closed","ping_status":"closed","template":"","meta":{"inline_featured_image":false,"om_disable_all_campaigns":false,"_monsterinsights_skip_tracking":false,"_monsterinsights_sitenote_active":false,"_monsterinsights_sitenote_note":"","_monsterinsights_sitenote_category":0,"footnotes":""},"categories":[31],"tags":[],"class_list":["post-65862","page","type-page","status-publish","has-post-thumbnail","hentry","category-product-es"],"aioseo_notices":[],"aioseo_head":"\n\t\t<!-- All in One SEO Pro 4.9.6 - aioseo.com -->\n\t<meta name=\"description\" content=\"M\u00c1S VENDIDOS M\u00c1S VENDIDOS N\u00e9ctar Anti-edad Rewind\u2122 Corrige y transforma Con AHA de superfrutas naturales y \u00e1cido hialur\u00f3nico que perfeccionan la piel. 30 ml \u212e 1 fl. oz. Precio de venta Cliente00.00 \u20ac Precio Cliente VIP00.00 \u20ac Para conocer m\u00e1s sobre N\u00e9ctar Anti-edad Rewind\u2122, ponte en contacto con tu Market Partner de MONAT. BENEFICIOS Un potente s\u00e9rum\" \/>\n\t<meta name=\"robots\" content=\"max-image-preview:large\" \/>\n\t<link rel=\"canonical\" href=\"https:\/\/monatglobal.com\/es\/age-control-nectar\/\" \/>\n\t<meta name=\"generator\" content=\"All in One SEO Pro (AIOSEO) 4.9.6\" \/>\n\t\t<meta property=\"og:locale\" content=\"en_US\" \/>\n\t\t<meta property=\"og:site_name\" content=\"MONAT Espa\u00f1a - We Are Modern Nature\u00ae\" \/>\n\t\t<meta property=\"og:type\" content=\"article\" \/>\n\t\t<meta property=\"og:title\" content=\"N\u00e9ctar Anti-edad Rewind\u2122 - MONAT Espa\u00f1a\" \/>\n\t\t<meta property=\"og:description\" content=\"M\u00c1S VENDIDOS M\u00c1S VENDIDOS N\u00e9ctar Anti-edad Rewind\u2122 Corrige y transforma Con AHA de superfrutas naturales y \u00e1cido hialur\u00f3nico que perfeccionan la piel. 30 ml \u212e 1 fl. oz. Precio de venta Cliente00.00 \u20ac Precio Cliente VIP00.00 \u20ac Para conocer m\u00e1s sobre N\u00e9ctar Anti-edad Rewind\u2122, ponte en contacto con tu Market Partner de MONAT. BENEFICIOS Un potente s\u00e9rum\" \/>\n\t\t<meta property=\"og:url\" content=\"https:\/\/monatglobal.com\/es\/age-control-nectar\/\" \/>\n\t\t<meta property=\"article:published_time\" content=\"2021-11-26T15:22:21+00:00\" \/>\n\t\t<meta property=\"article:modified_time\" content=\"2026-02-06T19:46:38+00:00\" \/>\n\t\t<meta name=\"twitter:card\" content=\"summary_large_image\" \/>\n\t\t<meta name=\"twitter:title\" content=\"N\u00e9ctar Anti-edad Rewind\u2122 - MONAT Espa\u00f1a\" \/>\n\t\t<meta name=\"twitter:description\" content=\"M\u00c1S VENDIDOS M\u00c1S VENDIDOS N\u00e9ctar Anti-edad Rewind\u2122 Corrige y transforma Con AHA de superfrutas naturales y \u00e1cido hialur\u00f3nico que perfeccionan la piel. 30 ml \u212e 1 fl. oz. Precio de venta Cliente00.00 \u20ac Precio Cliente VIP00.00 \u20ac Para conocer m\u00e1s sobre N\u00e9ctar Anti-edad Rewind\u2122, ponte en contacto con tu Market Partner de MONAT. BENEFICIOS Un potente s\u00e9rum\" \/>\n\t\t<script type=\"application\/ld+json\" class=\"aioseo-schema\">\n\t\t\t{\"@context\":\"https:\\\/\\\/schema.org\",\"@graph\":[{\"@type\":\"BreadcrumbList\",\"@id\":\"https:\\\/\\\/monatglobal.com\\\/es\\\/age-control-nectar\\\/#breadcrumblist\",\"itemListElement\":[{\"@type\":\"ListItem\",\"@id\":\"https:\\\/\\\/monatglobal.com\\\/es#listItem\",\"position\":1,\"name\":\"Home\",\"item\":\"https:\\\/\\\/monatglobal.com\\\/es\",\"nextItem\":{\"@type\":\"ListItem\",\"@id\":\"https:\\\/\\\/monatglobal.com\\\/es\\\/age-control-nectar\\\/#listItem\",\"name\":\"N\\u00e9ctar Anti-edad Rewind\\u2122\"}},{\"@type\":\"ListItem\",\"@id\":\"https:\\\/\\\/monatglobal.com\\\/es\\\/age-control-nectar\\\/#listItem\",\"position\":2,\"name\":\"N\\u00e9ctar Anti-edad Rewind\\u2122\",\"previousItem\":{\"@type\":\"ListItem\",\"@id\":\"https:\\\/\\\/monatglobal.com\\\/es#listItem\",\"name\":\"Home\"}}]},{\"@type\":\"Organization\",\"@id\":\"https:\\\/\\\/monatglobal.com\\\/es\\\/#organization\",\"name\":\"MONAT Espa\\u00f1a\",\"description\":\"We Are Modern Nature\\u00ae\",\"url\":\"https:\\\/\\\/monatglobal.com\\\/es\\\/\"},{\"@type\":\"WebPage\",\"@id\":\"https:\\\/\\\/monatglobal.com\\\/es\\\/age-control-nectar\\\/#webpage\",\"url\":\"https:\\\/\\\/monatglobal.com\\\/es\\\/age-control-nectar\\\/\",\"name\":\"N\\u00e9ctar Anti-edad Rewind\\u2122 - MONAT Espa\\u00f1a\",\"description\":\"M\\u00c1S VENDIDOS M\\u00c1S VENDIDOS N\\u00e9ctar Anti-edad Rewind\\u2122 Corrige y transforma Con AHA de superfrutas naturales y \\u00e1cido hialur\\u00f3nico que perfeccionan la piel. 30 ml \\u212e 1 fl. oz. Precio de venta Cliente00.00 \\u20ac Precio Cliente VIP00.00 \\u20ac Para conocer m\\u00e1s sobre N\\u00e9ctar Anti-edad Rewind\\u2122, ponte en contacto con tu Market Partner de MONAT. BENEFICIOS Un potente s\\u00e9rum\",\"inLanguage\":\"en-US\",\"isPartOf\":{\"@id\":\"https:\\\/\\\/monatglobal.com\\\/es\\\/#website\"},\"breadcrumb\":{\"@id\":\"https:\\\/\\\/monatglobal.com\\\/es\\\/age-control-nectar\\\/#breadcrumblist\"},\"image\":{\"@type\":\"ImageObject\",\"url\":\"https:\\\/\\\/monatglobal.com\\\/es\\\/wp-content\\\/uploads\\\/sites\\\/10\\\/2021\\\/11\\\/rewind-age-control-nectar-1.png\",\"@id\":\"https:\\\/\\\/monatglobal.com\\\/es\\\/age-control-nectar\\\/#mainImage\",\"width\":341,\"height\":450},\"primaryImageOfPage\":{\"@id\":\"https:\\\/\\\/monatglobal.com\\\/es\\\/age-control-nectar\\\/#mainImage\"},\"datePublished\":\"2021-11-26T15:22:21+00:00\",\"dateModified\":\"2026-02-06T19:46:38+00:00\"},{\"@type\":\"WebSite\",\"@id\":\"https:\\\/\\\/monatglobal.com\\\/es\\\/#website\",\"url\":\"https:\\\/\\\/monatglobal.com\\\/es\\\/\",\"name\":\"MONAT Espa\\u00f1a\",\"description\":\"We Are Modern Nature\\u00ae\",\"inLanguage\":\"en-US\",\"publisher\":{\"@id\":\"https:\\\/\\\/monatglobal.com\\\/es\\\/#organization\"}}]}\n\t\t<\/script>\n\t\t<!-- All in One SEO Pro -->\r\n\t\t<title>N\u00e9ctar Anti-edad Rewind\u2122 - MONAT Espa\u00f1a<\/title>\n\n","aioseo_head_json":{"title":"N\u00e9ctar Anti-edad Rewind\u2122 - MONAT Espa\u00f1a","description":"M\u00c1S VENDIDOS M\u00c1S VENDIDOS N\u00e9ctar Anti-edad Rewind\u2122 Corrige y transforma Con AHA de superfrutas naturales y \u00e1cido hialur\u00f3nico que perfeccionan la piel. 30 ml \u212e 1 fl. oz. Precio de venta Cliente00.00 \u20ac Precio Cliente VIP00.00 \u20ac Para conocer m\u00e1s sobre N\u00e9ctar Anti-edad Rewind\u2122, ponte en contacto con tu Market Partner de MONAT. BENEFICIOS Un potente s\u00e9rum","canonical_url":"https:\/\/monatglobal.com\/es\/age-control-nectar\/","robots":"max-image-preview:large","keywords":"","webmasterTools":{"miscellaneous":""},"schema":{"@context":"https:\/\/schema.org","@graph":[{"@type":"BreadcrumbList","@id":"https:\/\/monatglobal.com\/es\/age-control-nectar\/#breadcrumblist","itemListElement":[{"@type":"ListItem","@id":"https:\/\/monatglobal.com\/es#listItem","position":1,"name":"Home","item":"https:\/\/monatglobal.com\/es","nextItem":{"@type":"ListItem","@id":"https:\/\/monatglobal.com\/es\/age-control-nectar\/#listItem","name":"N\u00e9ctar Anti-edad Rewind\u2122"}},{"@type":"ListItem","@id":"https:\/\/monatglobal.com\/es\/age-control-nectar\/#listItem","position":2,"name":"N\u00e9ctar Anti-edad Rewind\u2122","previousItem":{"@type":"ListItem","@id":"https:\/\/monatglobal.com\/es#listItem","name":"Home"}}]},{"@type":"Organization","@id":"https:\/\/monatglobal.com\/es\/#organization","name":"MONAT Espa\u00f1a","description":"We Are Modern Nature\u00ae","url":"https:\/\/monatglobal.com\/es\/"},{"@type":"WebPage","@id":"https:\/\/monatglobal.com\/es\/age-control-nectar\/#webpage","url":"https:\/\/monatglobal.com\/es\/age-control-nectar\/","name":"N\u00e9ctar Anti-edad Rewind\u2122 - MONAT Espa\u00f1a","description":"M\u00c1S VENDIDOS M\u00c1S VENDIDOS N\u00e9ctar Anti-edad Rewind\u2122 Corrige y transforma Con AHA de superfrutas naturales y \u00e1cido hialur\u00f3nico que perfeccionan la piel. 30 ml \u212e 1 fl. oz. Precio de venta Cliente00.00 \u20ac Precio Cliente VIP00.00 \u20ac Para conocer m\u00e1s sobre N\u00e9ctar Anti-edad Rewind\u2122, ponte en contacto con tu Market Partner de MONAT. BENEFICIOS Un potente s\u00e9rum","inLanguage":"en-US","isPartOf":{"@id":"https:\/\/monatglobal.com\/es\/#website"},"breadcrumb":{"@id":"https:\/\/monatglobal.com\/es\/age-control-nectar\/#breadcrumblist"},"image":{"@type":"ImageObject","url":"https:\/\/monatglobal.com\/es\/wp-content\/uploads\/sites\/10\/2021\/11\/rewind-age-control-nectar-1.png","@id":"https:\/\/monatglobal.com\/es\/age-control-nectar\/#mainImage","width":341,"height":450},"primaryImageOfPage":{"@id":"https:\/\/monatglobal.com\/es\/age-control-nectar\/#mainImage"},"datePublished":"2021-11-26T15:22:21+00:00","dateModified":"2026-02-06T19:46:38+00:00"},{"@type":"WebSite","@id":"https:\/\/monatglobal.com\/es\/#website","url":"https:\/\/monatglobal.com\/es\/","name":"MONAT Espa\u00f1a","description":"We Are Modern Nature\u00ae","inLanguage":"en-US","publisher":{"@id":"https:\/\/monatglobal.com\/es\/#organization"}}]},"og:locale":"en_US","og:site_name":"MONAT Espa\u00f1a - We Are Modern Nature\u00ae","og:type":"article","og:title":"N\u00e9ctar Anti-edad Rewind\u2122 - MONAT Espa\u00f1a","og:description":"M\u00c1S VENDIDOS M\u00c1S VENDIDOS N\u00e9ctar Anti-edad Rewind\u2122 Corrige y transforma Con AHA de superfrutas naturales y \u00e1cido hialur\u00f3nico que perfeccionan la piel. 30 ml \u212e 1 fl. oz. Precio de venta Cliente00.00 \u20ac Precio Cliente VIP00.00 \u20ac Para conocer m\u00e1s sobre N\u00e9ctar Anti-edad Rewind\u2122, ponte en contacto con tu Market Partner de MONAT. BENEFICIOS Un potente s\u00e9rum","og:url":"https:\/\/monatglobal.com\/es\/age-control-nectar\/","article:published_time":"2021-11-26T15:22:21+00:00","article:modified_time":"2026-02-06T19:46:38+00:00","twitter:card":"summary_large_image","twitter:title":"N\u00e9ctar Anti-edad Rewind\u2122 - MONAT Espa\u00f1a","twitter:description":"M\u00c1S VENDIDOS M\u00c1S VENDIDOS N\u00e9ctar Anti-edad Rewind\u2122 Corrige y transforma Con AHA de superfrutas naturales y \u00e1cido hialur\u00f3nico que perfeccionan la piel. 30 ml \u212e 1 fl. oz. Precio de venta Cliente00.00 \u20ac Precio Cliente VIP00.00 \u20ac Para conocer m\u00e1s sobre N\u00e9ctar Anti-edad Rewind\u2122, ponte en contacto con tu Market Partner de MONAT. BENEFICIOS Un potente s\u00e9rum"},"aioseo_meta_data":{"post_id":"65862","title":null,"description":null,"keywords":null,"keyphrases":null,"primary_term":null,"canonical_url":null,"og_title":null,"og_description":null,"og_object_type":"default","og_image_type":"default","og_image_url":null,"og_image_width":null,"og_image_height":null,"og_image_custom_url":null,"og_image_custom_fields":null,"og_video":null,"og_custom_url":null,"og_article_section":null,"og_article_tags":null,"twitter_use_og":false,"twitter_card":"default","twitter_image_type":"default","twitter_image_url":null,"twitter_image_custom_url":null,"twitter_image_custom_fields":null,"twitter_title":null,"twitter_description":null,"schema":{"blockGraphs":[],"customGraphs":[],"default":{"data":{"Article":[],"Course":[],"Dataset":[],"FAQPage":[],"Movie":[],"Person":[],"Product":[],"ProductReview":[],"Car":[],"Recipe":[],"Service":[],"SoftwareApplication":[],"WebPage":[]},"graphName":"WebPage","isEnabled":true},"graphs":[]},"schema_type":"default","schema_type_options":null,"pillar_content":false,"robots_default":true,"robots_noindex":false,"robots_noarchive":false,"robots_nosnippet":false,"robots_nofollow":false,"robots_noimageindex":false,"robots_noodp":false,"robots_notranslate":false,"robots_max_snippet":null,"robots_max_videopreview":null,"robots_max_imagepreview":"large","priority":null,"frequency":null,"local_seo":null,"seo_analyzer_scan_date":"2025-08-14 17:32:14","limit_modified_date":false,"reviewed_by":null,"open_ai":null,"ai":null,"created":"2023-07-26 09:22:15","updated":"2026-02-10 05:20:55"},"aioseo_breadcrumb":"<div class=\"aioseo-breadcrumbs\"><span class=\"aioseo-breadcrumb\">\n\t<a href=\"https:\/\/monatglobal.com\/es\" title=\"Home\">Home<\/a>\n<\/span><span class=\"aioseo-breadcrumb-separator\">&raquo;<\/span><span class=\"aioseo-breadcrumb\">\n\tN\u00e9ctar Anti-edad Rewind\u2122\n<\/span><\/div>","aioseo_breadcrumb_json":[{"label":"Home","link":"https:\/\/monatglobal.com\/es"},{"label":"N\u00e9ctar Anti-edad Rewind\u2122","link":"https:\/\/monatglobal.com\/es\/age-control-nectar\/"}],"_links":{"self":[{"href":"https:\/\/monatglobal.com\/es\/wp-json\/wp\/v2\/pages\/65862","targetHints":{"allow":["GET"]}}],"collection":[{"href":"https:\/\/monatglobal.com\/es\/wp-json\/wp\/v2\/pages"}],"about":[{"href":"https:\/\/monatglobal.com\/es\/wp-json\/wp\/v2\/types\/page"}],"author":[{"embeddable":true,"href":"https:\/\/monatglobal.com\/es\/wp-json\/wp\/v2\/users\/31"}],"replies":[{"embeddable":true,"href":"https:\/\/monatglobal.com\/es\/wp-json\/wp\/v2\/comments?post=65862"}],"version-history":[{"count":22,"href":"https:\/\/monatglobal.com\/es\/wp-json\/wp\/v2\/pages\/65862\/revisions"}],"predecessor-version":[{"id":109254,"href":"https:\/\/monatglobal.com\/es\/wp-json\/wp\/v2\/pages\/65862\/revisions\/109254"}],"wp:featuredmedia":[{"embeddable":true,"href":"https:\/\/monatglobal.com\/es\/wp-json\/wp\/v2\/media\/65863"}],"wp:attachment":[{"href":"https:\/\/monatglobal.com\/es\/wp-json\/wp\/v2\/media?parent=65862"}],"wp:term":[{"taxonomy":"category","embeddable":true,"href":"https:\/\/monatglobal.com\/es\/wp-json\/wp\/v2\/categories?post=65862"},{"taxonomy":"post_tag","embeddable":true,"href":"https:\/\/monatglobal.com\/es\/wp-json\/wp\/v2\/tags?post=65862"}],"curies":[{"name":"wp","href":"https:\/\/api.w.org\/{rel}","templated":true}]}}