{"id":65818,"date":"2021-11-23T16:58:36","date_gmt":"2021-11-23T16:58:36","guid":{"rendered":"https:\/\/monatglobal.com\/es\/?page_id=65818"},"modified":"2026-02-06T19:49:54","modified_gmt":"2026-02-06T19:49:54","slug":"skincare-c-radiance","status":"publish","type":"page","link":"https:\/\/monatglobal.com\/es\/skincare-c-radiance\/","title":{"rendered":"S\u00e9rum Iluminador C. Radiance\u2122"},"content":{"rendered":"\n\n\t<link rel=\"stylesheet\" href=\"https:\/\/unpkg.com\/swiper\/swiper-bundle.min.css\" \/>\n<link rel=\"stylesheet\" href=\"https:\/\/monatglobal.com\/wp-content\/creative_css\/product_styles_sheet.css\" \/>\n   <!--==================================================== ECOMM SECTION ====================================================-->\n      <!--==================================================== Ecomm image ====================================================-->\n      <img decoding=\"async\" src=\"https:\/\/monatglobal.com\/es\/wp-content\/uploads\/sites\/10\/2021\/12\/C-Radiance-Illuminating-Serum-ecomm-2022.png\" alt=\"S\u00e9rum Iluminador C. Radiance\u2122\" loading=\"lazy\"\/>\n      <!--==================================================== Ecomm information  ====================================================-->\n         \n         <h1> S\u00e9rum<br \/> Iluminador<\/h1> \n         <p>C. Radiance\u2122<\/p>\n         <p>Ilumina e intensifica<br \/> Antioxidantes potenciadores de brillo y ciruela de&nbsp;kakadu<\/p>\n         <p>30 ml \u212e 1.0 fl. oz.<\/p>\n       <!--==================================================== pricing box  ====================================================-->  \n         <p>Precio de venta Cliente<br \/>00.00 \u20ac<\/p>\n         <p>Precio Cliente VIP<br \/>00.00 \u20ac<\/p>\n        <!--==================================================== pricing box  ====================================================--> \n         <p>Para conocer m\u00e1s sobre S\u00e9rum Iluminador C. Radiance\u2122, ponte en contacto con tu Market Partner de&nbsp;MONAT.<\/p>\n          <a href=\"\" target=\"_blank\" role=\"button\" aria-label=\"\" rel=\"noopener\"><\/a>\n   <!--==================================================== \/ECOMM SECTION  ====================================================-->\n   <!--==================================================== Benefits image ====================================================-->\n  \n    <source media=\"(max-width: 700px)\" srcset=\"https:\/\/monatglobal.com\/es\/wp-content\/uploads\/sites\/10\/2021\/12\/C-Radiance-Illuminating-Serum-benefits_close-up_mobile.jpg\" loading=\"lazy\"\/>\n      <img decoding=\"async\" src=\"https:\/\/monatglobal.com\/es\/wp-content\/uploads\/sites\/10\/2021\/12\/C-Radiance-Illuminating-Serum-benefits_close-up.jpg\" \n      alt=\"\" loading=\"lazy\"\/>\n    \n   <!--==================================================== Benefits text ====================================================-->\n         <h2>CARACTER\u00cdSTICAS<\/h2>\n         <h3>Un s\u00e9rum para la piel con un 15 % de vitamina C que contiene potentes antioxidantes \n         para ayudar a iluminar y mejorar tu&nbsp;cutis.<\/h3>\n         <p>Nuestro sedoso s\u00e9rum se desliza y se absorbe r\u00e1pidamente, actuando para conseguir un brillo de aspecto sano y&nbsp;juvenil.<\/p>\n         <!--==================================================== features image  ====================================================-->\n         <img decoding=\"async\" alt=\"\" src=\"https:\/\/monatglobal.com\/es\/wp-content\/uploads\/sites\/10\/2021\/12\/c-radiance-illiminating-serum-features-.jpg\" loading=\"lazy\"\/>\n      <!--==================================================== features text ====================================================-->\n            <h3>Beneficios<\/h3>\n               <p>\/ La piel recobra inmediatamente su frescura y luminosidad, logrando un aspecto m\u00e1s&nbsp;radiante<\/p>\n               <p>\/ Reduce la aparici\u00f3n de da\u00f1os del sol, manchas oscuras y marcas de&nbsp;imperfecciones<\/p>\n               <p>\/ Ayuda a mejorar la textura, suavidad y tersura de la&nbsp;piel<\/p>\n               <p>\/ Ideal para todo tipo de&nbsp;pieles<\/p>\n               <br \/>\n            <p>Fragrance \/ Unwind and enjoy a coconut-forward, citrusy aroma with notes of blood orange, coconut husk, cashew nut and&nbsp;sandalwood. <\/p>\n            <p> Texture \/ Cream <\/p>\n   <!--==================================================== composition image mobile ====================================================-->\n   <img decoding=\"async\" alt=\"\" src=\"https:\/\/monatglobal.com\/es\/wp-content\/uploads\/sites\/10\/2021\/12\/C_Radiance_illuminating-serum-.jpg\" loading=\"lazy\"\/>\n   <!--==================================================== Why it works text ====================================================-->\n      <h2>ILUMINA Y INTENSIFICAR<\/h2>\n      <h3>Este s\u00e9rum diurno antiedad contiene un 15 % de vitamina C procedente del complejo de ciruela de\n      Kakadu de MONAT, \u00e1cido fer\u00falico, niacinamida y antioxidantes esenciales y protectores que ayudan a potenciar la luminosidad de la piel\n      para conseguir un cutis&nbsp;resplandeciente.<\/h3>\n<!--==================================================== Composition section ====================================================-->\n      <img decoding=\"async\" alt=\"\" src=\"https:\/\/monatglobal.com\/es\/wp-content\/uploads\/sites\/10\/2021\/12\/C_Radiance_illuminating-serum-.jpg\" loading=\"lazy\"\/>\n      <img decoding=\"async\" alt=\"\" \n      src=\"https:\/\/monatglobal.com\/es\/wp-content\/uploads\/sites\/10\/2021\/12\/C-Radiance-Illuminating-Serum-composition-3.jpg\" loading=\"lazy\"\/>\n            <!--==================================================== Directions text ====================================================--> \n               <h3>Modo de uso<\/h3>\n                    <p>\/ Uso de d\u00eda<\/p>\n                    <p>\/ Aplica una dosis y rep\u00e1rtela de manera uniforme sobre las yemas de los&nbsp;dedos.<\/p>\n                    <p>\/ Apl\u00edcalo con ligeros toques sobre las frente, mejillas, barbilla, cuello y&nbsp;escote.<\/p>\n                    <p>\/ Logra mejores resultados empezando desde el centro y dando palmaditas suavemente hacia fuera y hacia arriba en el&nbsp;cuello.<\/p>\n                    <p>\/ Deja que el producto se absorba completamente antes de aplicar tu hidratante&nbsp;MONAT.<\/p>\n            <!--==================================================== Directions video ====================================================-->\n      <p>S\u00e9rum Iluminador <br \/>C. Radiance\u2122 <br \/>0:31<\/p>\n         <!--==================================================== suggestions image  ====================================================-->\n         <img decoding=\"async\" alt=\"\" src=\"https:\/\/monatglobal.com\/es\/wp-content\/uploads\/sites\/10\/2021\/12\/sunscreen-suggestion.jpg\" loading=\"lazy\"\/>\n      <!--==================================================== suggestions text ====================================================-->\n            <h3>Sugerencias<\/h3>\n               <p>\/ Recomendaci\u00f3n para una piel m\u00e1s saludable: Utiliza este producto junto con proterctor solar durante el d\u00eda.<\/p>\n      <a href=\"\" target=\"_blank\" role=\"button\" aria-label=\"\" rel=\"noopener\"><\/a>\n   <!--==================================================== Ingredients section  ====================================================-->\n      <h2>INGREDIENTES ACTIVOS CLAVE<\/h2>\n      <p>Complejo de ciruela kakadu<\/p>\n      <p>Antioxidantes<\/p>\n      <p>\u00c1cido hialur\u00f3nico<\/p>\n      <p>\u00c1cido fer\u00falico<\/p>\n      <p>Extracto de ra\u00edz de&nbsp;regaliz<\/p>\n      <p>Niacinamida<\/p>\n        <button id=\"myBtn\" type=\"button\">VER LA LISTA DE INGREDIENTES COMPLETA <\/button>\n      <!--==================================================== Modal content  ====================================================-->\n         &times;\n         Aqua\/Water\/Eau, Sodium Ascorbyl Phosphate, Glycerin, PEG-8 Dimethicone, Citric Acid, Terminalia Ferdinandiana Fruit Extract, \n         Tetrahexyldecyl Ascorbate, Sodium Hyaluronate, Ferulic Acid, Vaccinium Angustifolium (Blueberry) Fruit Extract, Vaccinium Macrocarpon (Cranberry) \n         Fruit Extract, Lycium Barbarum Fruit Extract, Euterpe Oleracea Fruit Extract, Glycyrrhiza Glabra (Liquorice) Root Extract, Niacinamide, Squalane, \n         Tocopheryl Acetate, Betaine, Proline, Serine, Inositol, Tocopherol, Propanediol, Xanthan Gum, Lecithin, Sclerotium Gum, Pullulan, Hydrogenated \n         Lecithin, Polysorbate 20, Dimethicone, Dimethiconol, Fragrance\/Parfum, Benzyl Alcohol,&nbsp;Ethylhexylglycerin.\n   <!--==================================================== You might also like section ====================================================-->\n      <h2>PUEDE QUE TAMBI\u00c9N TE GUSTE<\/h2>\n      <!--==================================================== Slider YOU MIGHT ALSO LIKE ====================================================-->\n          <!---->\n          <!--   -->\n                <!-- Slides products-->\n          <!--      -->\n          <!--         <a href=\"\/es\/lightweight-moisturizer\/\" aria-label=\"Go to HIDRATANTE LIGERA BE BALANCED\u2122 page\">-->\n          <!--          <img decoding=\"async\" src=\"https:\/\/monatglobal.com\/wp-content\/uploads\/2022\/12\/BE-BALANCED-Lightweight-Moisturizer_ecomm-min.png\" alt=\"HIDRATANTE LIGERA BE BALANCED\u2122\" loading=\"lazy\"\/>-->\n          <!--          <p>HIDRATANTE LIGERA <br \/> BE BALANCED\u2122<\/p>-->\n          <!--        <\/a>-->\n          <!--      -->\n          <!--      -->\n          <!--         <a href=\"\/es\/skin-revitalizing\/\" aria-label=\"Go to SKIN REVITALIZING ESSENCE\u2122 page\">-->\n          <!--          <img decoding=\"async\" src=\"https:\/\/monatglobal.com\/wp-content\/uploads\/2022\/12\/Skin-Revitalizing-Essence-ecomm-2022-min.png\" alt=\"SKIN REVITALIZING ESSENCE\u2122\" loading=\"lazy\"\/>-->\n          <!--          <p>SKIN REVITALIZING ESSENCE\u2122<\/p>-->\n          <!--        <\/a>-->\n          <!--      -->\n          <!--      -->\n          <!--         <a href=\"\/es\/nourishing-moisturizer\/\" aria-label=\"Go to CREMA HIDRATANTE NUTRITIVA BE GENTLE\u2122 page\">-->\n          <!--            <img decoding=\"async\" src=\"https:\/\/monatglobal.com\/wp-content\/uploads\/2022\/12\/Be-Gentle-Nourishing-Moisturizer-ecomm-min.png\" alt=\"CREMA HIDRATANTE NUTRITIVA BE GENTLE\u2122\" loading=\"lazy\"\/>-->\n          <!--            <p>CREMA HIDRATANTE NUTRITIVA <br \/>BE GENTLE\u2122<\/p>-->\n          <!--         <\/a>-->\n          <!--      -->\n          <!--   -->\n             <!-- If we need navigation buttons -->\n          <!--   -->\n          <!--   -->\n             <!-- If we need paginations -->\n          <!--   -->\n          <!---->\n         <!--==================================================== If we need navigation buttons  ====================================================-->\n         <!--==================================================== If we need paginations  ====================================================-->\n    <a href=\"\" aria-label=\"\"><\/a>\n<!--==================================================== this link has to go last for it to work   ====================================================-->\n\n","protected":false},"excerpt":{"rendered":"<p>S\u00e9rum Iluminador C. Radiance\u2122 Ilumina e intensifica Antioxidantes potenciadores de brillo y ciruela de&nbsp;kakadu 30 ml \u212e 1.0 fl. oz. Precio de venta Cliente00.00 \u20ac Precio Cliente VIP00.00 \u20ac Para conocer m\u00e1s sobre S\u00e9rum Iluminador C. Radiance\u2122, ponte en contacto con tu Market Partner de&nbsp;MONAT. CARACTER\u00cdSTICAS Un s\u00e9rum para la piel con un 15 %&hellip;<\/p>\n","protected":false},"author":31,"featured_media":65819,"parent":0,"menu_order":0,"comment_status":"closed","ping_status":"closed","template":"","meta":{"inline_featured_image":false,"om_disable_all_campaigns":false,"_monsterinsights_skip_tracking":false,"_monsterinsights_sitenote_active":false,"_monsterinsights_sitenote_note":"","_monsterinsights_sitenote_category":0,"footnotes":""},"categories":[31],"tags":[],"class_list":["post-65818","page","type-page","status-publish","has-post-thumbnail","hentry","category-product-es"],"aioseo_notices":[],"aioseo_head":"\n\t\t<!-- All in One SEO Pro 4.9.6 - aioseo.com -->\n\t<meta name=\"description\" content=\"S\u00e9rum Iluminador C. Radiance\u2122 Ilumina e intensifica Antioxidantes potenciadores de brillo y ciruela de kakadu 30 ml \u212e 1.0 fl. oz. Precio de venta Cliente00.00 \u20ac Precio Cliente VIP00.00 \u20ac Para conocer m\u00e1s sobre S\u00e9rum Iluminador C. Radiance\u2122, ponte en contacto con tu Market Partner de MONAT. CARACTER\u00cdSTICAS Un s\u00e9rum para la piel con un 15 %\" \/>\n\t<meta name=\"robots\" content=\"max-image-preview:large\" \/>\n\t<link rel=\"canonical\" href=\"https:\/\/monatglobal.com\/es\/skincare-c-radiance\/\" \/>\n\t<meta name=\"generator\" content=\"All in One SEO Pro (AIOSEO) 4.9.6\" \/>\n\t\t<meta property=\"og:locale\" content=\"en_US\" \/>\n\t\t<meta property=\"og:site_name\" content=\"MONAT Espa\u00f1a - We Are Modern Nature\u00ae\" \/>\n\t\t<meta property=\"og:type\" content=\"article\" \/>\n\t\t<meta property=\"og:title\" content=\"S\u00e9rum Iluminador C. Radiance\u2122 - MONAT Espa\u00f1a\" \/>\n\t\t<meta property=\"og:description\" content=\"S\u00e9rum Iluminador C. Radiance\u2122 Ilumina e intensifica Antioxidantes potenciadores de brillo y ciruela de kakadu 30 ml \u212e 1.0 fl. oz. Precio de venta Cliente00.00 \u20ac Precio Cliente VIP00.00 \u20ac Para conocer m\u00e1s sobre S\u00e9rum Iluminador C. Radiance\u2122, ponte en contacto con tu Market Partner de MONAT. CARACTER\u00cdSTICAS Un s\u00e9rum para la piel con un 15 %\" \/>\n\t\t<meta property=\"og:url\" content=\"https:\/\/monatglobal.com\/es\/skincare-c-radiance\/\" \/>\n\t\t<meta property=\"article:published_time\" content=\"2021-11-23T16:58:36+00:00\" \/>\n\t\t<meta property=\"article:modified_time\" content=\"2026-02-06T19:49:54+00:00\" \/>\n\t\t<meta name=\"twitter:card\" content=\"summary_large_image\" \/>\n\t\t<meta name=\"twitter:title\" content=\"S\u00e9rum Iluminador C. Radiance\u2122 - MONAT Espa\u00f1a\" \/>\n\t\t<meta name=\"twitter:description\" content=\"S\u00e9rum Iluminador C. Radiance\u2122 Ilumina e intensifica Antioxidantes potenciadores de brillo y ciruela de kakadu 30 ml \u212e 1.0 fl. oz. Precio de venta Cliente00.00 \u20ac Precio Cliente VIP00.00 \u20ac Para conocer m\u00e1s sobre S\u00e9rum Iluminador C. Radiance\u2122, ponte en contacto con tu Market Partner de MONAT. CARACTER\u00cdSTICAS Un s\u00e9rum para la piel con un 15 %\" \/>\n\t\t<script type=\"application\/ld+json\" class=\"aioseo-schema\">\n\t\t\t{\"@context\":\"https:\\\/\\\/schema.org\",\"@graph\":[{\"@type\":\"BreadcrumbList\",\"@id\":\"https:\\\/\\\/monatglobal.com\\\/es\\\/skincare-c-radiance\\\/#breadcrumblist\",\"itemListElement\":[{\"@type\":\"ListItem\",\"@id\":\"https:\\\/\\\/monatglobal.com\\\/es#listItem\",\"position\":1,\"name\":\"Home\",\"item\":\"https:\\\/\\\/monatglobal.com\\\/es\",\"nextItem\":{\"@type\":\"ListItem\",\"@id\":\"https:\\\/\\\/monatglobal.com\\\/es\\\/skincare-c-radiance\\\/#listItem\",\"name\":\"S\\u00e9rum Iluminador C. Radiance\\u2122\"}},{\"@type\":\"ListItem\",\"@id\":\"https:\\\/\\\/monatglobal.com\\\/es\\\/skincare-c-radiance\\\/#listItem\",\"position\":2,\"name\":\"S\\u00e9rum Iluminador C. Radiance\\u2122\",\"previousItem\":{\"@type\":\"ListItem\",\"@id\":\"https:\\\/\\\/monatglobal.com\\\/es#listItem\",\"name\":\"Home\"}}]},{\"@type\":\"Organization\",\"@id\":\"https:\\\/\\\/monatglobal.com\\\/es\\\/#organization\",\"name\":\"MONAT Espa\\u00f1a\",\"description\":\"We Are Modern Nature\\u00ae\",\"url\":\"https:\\\/\\\/monatglobal.com\\\/es\\\/\"},{\"@type\":\"WebPage\",\"@id\":\"https:\\\/\\\/monatglobal.com\\\/es\\\/skincare-c-radiance\\\/#webpage\",\"url\":\"https:\\\/\\\/monatglobal.com\\\/es\\\/skincare-c-radiance\\\/\",\"name\":\"S\\u00e9rum Iluminador C. Radiance\\u2122 - MONAT Espa\\u00f1a\",\"description\":\"S\\u00e9rum Iluminador C. Radiance\\u2122 Ilumina e intensifica Antioxidantes potenciadores de brillo y ciruela de kakadu 30 ml \\u212e 1.0 fl. oz. Precio de venta Cliente00.00 \\u20ac Precio Cliente VIP00.00 \\u20ac Para conocer m\\u00e1s sobre S\\u00e9rum Iluminador C. Radiance\\u2122, ponte en contacto con tu Market Partner de MONAT. CARACTER\\u00cdSTICAS Un s\\u00e9rum para la piel con un 15 %\",\"inLanguage\":\"en-US\",\"isPartOf\":{\"@id\":\"https:\\\/\\\/monatglobal.com\\\/es\\\/#website\"},\"breadcrumb\":{\"@id\":\"https:\\\/\\\/monatglobal.com\\\/es\\\/skincare-c-radiance\\\/#breadcrumblist\"},\"image\":{\"@type\":\"ImageObject\",\"url\":\"https:\\\/\\\/monatglobal.com\\\/es\\\/wp-content\\\/uploads\\\/sites\\\/10\\\/2021\\\/11\\\/c-radiance.png\",\"@id\":\"https:\\\/\\\/monatglobal.com\\\/es\\\/skincare-c-radiance\\\/#mainImage\",\"width\":341,\"height\":450},\"primaryImageOfPage\":{\"@id\":\"https:\\\/\\\/monatglobal.com\\\/es\\\/skincare-c-radiance\\\/#mainImage\"},\"datePublished\":\"2021-11-23T16:58:36+00:00\",\"dateModified\":\"2026-02-06T19:49:54+00:00\"},{\"@type\":\"WebSite\",\"@id\":\"https:\\\/\\\/monatglobal.com\\\/es\\\/#website\",\"url\":\"https:\\\/\\\/monatglobal.com\\\/es\\\/\",\"name\":\"MONAT Espa\\u00f1a\",\"description\":\"We Are Modern Nature\\u00ae\",\"inLanguage\":\"en-US\",\"publisher\":{\"@id\":\"https:\\\/\\\/monatglobal.com\\\/es\\\/#organization\"}}]}\n\t\t<\/script>\n\t\t<!-- All in One SEO Pro -->\r\n\t\t<title>S\u00e9rum Iluminador C. Radiance\u2122 - MONAT Espa\u00f1a<\/title>\n\n","aioseo_head_json":{"title":"S\u00e9rum Iluminador C. Radiance\u2122 - MONAT Espa\u00f1a","description":"S\u00e9rum Iluminador C. Radiance\u2122 Ilumina e intensifica Antioxidantes potenciadores de brillo y ciruela de kakadu 30 ml \u212e 1.0 fl. oz. Precio de venta Cliente00.00 \u20ac Precio Cliente VIP00.00 \u20ac Para conocer m\u00e1s sobre S\u00e9rum Iluminador C. Radiance\u2122, ponte en contacto con tu Market Partner de MONAT. CARACTER\u00cdSTICAS Un s\u00e9rum para la piel con un 15 %","canonical_url":"https:\/\/monatglobal.com\/es\/skincare-c-radiance\/","robots":"max-image-preview:large","keywords":"","webmasterTools":{"miscellaneous":""},"schema":{"@context":"https:\/\/schema.org","@graph":[{"@type":"BreadcrumbList","@id":"https:\/\/monatglobal.com\/es\/skincare-c-radiance\/#breadcrumblist","itemListElement":[{"@type":"ListItem","@id":"https:\/\/monatglobal.com\/es#listItem","position":1,"name":"Home","item":"https:\/\/monatglobal.com\/es","nextItem":{"@type":"ListItem","@id":"https:\/\/monatglobal.com\/es\/skincare-c-radiance\/#listItem","name":"S\u00e9rum Iluminador C. Radiance\u2122"}},{"@type":"ListItem","@id":"https:\/\/monatglobal.com\/es\/skincare-c-radiance\/#listItem","position":2,"name":"S\u00e9rum Iluminador C. Radiance\u2122","previousItem":{"@type":"ListItem","@id":"https:\/\/monatglobal.com\/es#listItem","name":"Home"}}]},{"@type":"Organization","@id":"https:\/\/monatglobal.com\/es\/#organization","name":"MONAT Espa\u00f1a","description":"We Are Modern Nature\u00ae","url":"https:\/\/monatglobal.com\/es\/"},{"@type":"WebPage","@id":"https:\/\/monatglobal.com\/es\/skincare-c-radiance\/#webpage","url":"https:\/\/monatglobal.com\/es\/skincare-c-radiance\/","name":"S\u00e9rum Iluminador C. Radiance\u2122 - MONAT Espa\u00f1a","description":"S\u00e9rum Iluminador C. Radiance\u2122 Ilumina e intensifica Antioxidantes potenciadores de brillo y ciruela de kakadu 30 ml \u212e 1.0 fl. oz. Precio de venta Cliente00.00 \u20ac Precio Cliente VIP00.00 \u20ac Para conocer m\u00e1s sobre S\u00e9rum Iluminador C. Radiance\u2122, ponte en contacto con tu Market Partner de MONAT. CARACTER\u00cdSTICAS Un s\u00e9rum para la piel con un 15 %","inLanguage":"en-US","isPartOf":{"@id":"https:\/\/monatglobal.com\/es\/#website"},"breadcrumb":{"@id":"https:\/\/monatglobal.com\/es\/skincare-c-radiance\/#breadcrumblist"},"image":{"@type":"ImageObject","url":"https:\/\/monatglobal.com\/es\/wp-content\/uploads\/sites\/10\/2021\/11\/c-radiance.png","@id":"https:\/\/monatglobal.com\/es\/skincare-c-radiance\/#mainImage","width":341,"height":450},"primaryImageOfPage":{"@id":"https:\/\/monatglobal.com\/es\/skincare-c-radiance\/#mainImage"},"datePublished":"2021-11-23T16:58:36+00:00","dateModified":"2026-02-06T19:49:54+00:00"},{"@type":"WebSite","@id":"https:\/\/monatglobal.com\/es\/#website","url":"https:\/\/monatglobal.com\/es\/","name":"MONAT Espa\u00f1a","description":"We Are Modern Nature\u00ae","inLanguage":"en-US","publisher":{"@id":"https:\/\/monatglobal.com\/es\/#organization"}}]},"og:locale":"en_US","og:site_name":"MONAT Espa\u00f1a - We Are Modern Nature\u00ae","og:type":"article","og:title":"S\u00e9rum Iluminador C. Radiance\u2122 - MONAT Espa\u00f1a","og:description":"S\u00e9rum Iluminador C. Radiance\u2122 Ilumina e intensifica Antioxidantes potenciadores de brillo y ciruela de kakadu 30 ml \u212e 1.0 fl. oz. Precio de venta Cliente00.00 \u20ac Precio Cliente VIP00.00 \u20ac Para conocer m\u00e1s sobre S\u00e9rum Iluminador C. Radiance\u2122, ponte en contacto con tu Market Partner de MONAT. CARACTER\u00cdSTICAS Un s\u00e9rum para la piel con un 15 %","og:url":"https:\/\/monatglobal.com\/es\/skincare-c-radiance\/","article:published_time":"2021-11-23T16:58:36+00:00","article:modified_time":"2026-02-06T19:49:54+00:00","twitter:card":"summary_large_image","twitter:title":"S\u00e9rum Iluminador C. Radiance\u2122 - MONAT Espa\u00f1a","twitter:description":"S\u00e9rum Iluminador C. Radiance\u2122 Ilumina e intensifica Antioxidantes potenciadores de brillo y ciruela de kakadu 30 ml \u212e 1.0 fl. oz. Precio de venta Cliente00.00 \u20ac Precio Cliente VIP00.00 \u20ac Para conocer m\u00e1s sobre S\u00e9rum Iluminador C. Radiance\u2122, ponte en contacto con tu Market Partner de MONAT. CARACTER\u00cdSTICAS Un s\u00e9rum para la piel con un 15 %"},"aioseo_meta_data":{"post_id":"65818","title":null,"description":null,"keywords":null,"keyphrases":null,"primary_term":null,"canonical_url":null,"og_title":null,"og_description":null,"og_object_type":"default","og_image_type":"default","og_image_url":null,"og_image_width":null,"og_image_height":null,"og_image_custom_url":null,"og_image_custom_fields":null,"og_video":null,"og_custom_url":null,"og_article_section":null,"og_article_tags":null,"twitter_use_og":false,"twitter_card":"default","twitter_image_type":"default","twitter_image_url":null,"twitter_image_custom_url":null,"twitter_image_custom_fields":null,"twitter_title":null,"twitter_description":null,"schema":{"blockGraphs":[],"customGraphs":[],"default":{"data":{"Article":[],"Course":[],"Dataset":[],"FAQPage":[],"Movie":[],"Person":[],"Product":[],"ProductReview":[],"Car":[],"Recipe":[],"Service":[],"SoftwareApplication":[],"WebPage":[]},"graphName":"WebPage","isEnabled":true},"graphs":[]},"schema_type":"default","schema_type_options":null,"pillar_content":false,"robots_default":true,"robots_noindex":false,"robots_noarchive":false,"robots_nosnippet":false,"robots_nofollow":false,"robots_noimageindex":false,"robots_noodp":false,"robots_notranslate":false,"robots_max_snippet":null,"robots_max_videopreview":null,"robots_max_imagepreview":"large","priority":null,"frequency":null,"local_seo":null,"seo_analyzer_scan_date":"2025-08-14 17:30:35","limit_modified_date":false,"reviewed_by":null,"open_ai":null,"ai":null,"created":"2023-07-26 09:18:34","updated":"2026-02-10 05:20:47"},"aioseo_breadcrumb":"<div class=\"aioseo-breadcrumbs\"><span class=\"aioseo-breadcrumb\">\n\t<a href=\"https:\/\/monatglobal.com\/es\" title=\"Home\">Home<\/a>\n<\/span><span class=\"aioseo-breadcrumb-separator\">&raquo;<\/span><span class=\"aioseo-breadcrumb\">\n\tS\u00e9rum Iluminador C. Radiance\u2122\n<\/span><\/div>","aioseo_breadcrumb_json":[{"label":"Home","link":"https:\/\/monatglobal.com\/es"},{"label":"S\u00e9rum Iluminador C. Radiance\u2122","link":"https:\/\/monatglobal.com\/es\/skincare-c-radiance\/"}],"_links":{"self":[{"href":"https:\/\/monatglobal.com\/es\/wp-json\/wp\/v2\/pages\/65818","targetHints":{"allow":["GET"]}}],"collection":[{"href":"https:\/\/monatglobal.com\/es\/wp-json\/wp\/v2\/pages"}],"about":[{"href":"https:\/\/monatglobal.com\/es\/wp-json\/wp\/v2\/types\/page"}],"author":[{"embeddable":true,"href":"https:\/\/monatglobal.com\/es\/wp-json\/wp\/v2\/users\/31"}],"replies":[{"embeddable":true,"href":"https:\/\/monatglobal.com\/es\/wp-json\/wp\/v2\/comments?post=65818"}],"version-history":[{"count":17,"href":"https:\/\/monatglobal.com\/es\/wp-json\/wp\/v2\/pages\/65818\/revisions"}],"predecessor-version":[{"id":109062,"href":"https:\/\/monatglobal.com\/es\/wp-json\/wp\/v2\/pages\/65818\/revisions\/109062"}],"wp:featuredmedia":[{"embeddable":true,"href":"https:\/\/monatglobal.com\/es\/wp-json\/wp\/v2\/media\/65819"}],"wp:attachment":[{"href":"https:\/\/monatglobal.com\/es\/wp-json\/wp\/v2\/media?parent=65818"}],"wp:term":[{"taxonomy":"category","embeddable":true,"href":"https:\/\/monatglobal.com\/es\/wp-json\/wp\/v2\/categories?post=65818"},{"taxonomy":"post_tag","embeddable":true,"href":"https:\/\/monatglobal.com\/es\/wp-json\/wp\/v2\/tags?post=65818"}],"curies":[{"name":"wp","href":"https:\/\/api.w.org\/{rel}","templated":true}]}}