{"id":65804,"date":"2021-11-23T14:38:50","date_gmt":"2021-11-23T14:38:50","guid":{"rendered":"https:\/\/monatglobal.com\/es\/?page_id=65804"},"modified":"2026-02-24T15:53:58","modified_gmt":"2026-02-24T15:53:58","slug":"eye-smooth","status":"publish","type":"page","link":"https:\/\/monatglobal.com\/es\/eye-smooth\/","title":{"rendered":"Eye Smooth\u2122"},"content":{"rendered":"\n\n\t<link rel=\"stylesheet\" href=\"https:\/\/unpkg.com\/swiper\/swiper-bundle.min.css\" \/>\n<link rel=\"stylesheet\" href=\"https:\/\/monatglobal.com\/wp-content\/creative_css\/product_styles_sheet.css\" \/>\n   <!--==================================================== ECOMM SECTION ====================================================-->\n   <p>M\u00c1S VENDIDOS<\/p>\n      <!--==================================================== Ecomm image ====================================================-->\n       \n      <source media=\"(max-width: 700px)\" srcset=\"https:\/\/monatglobal.com\/es\/wp-content\/uploads\/sites\/10\/2021\/12\/Eye-smooth-ecomm-2022_mobile.png\" loading=\"lazy\"\/>\n      <img decoding=\"async\" src=\"https:\/\/monatglobal.com\/es\/wp-content\/uploads\/sites\/10\/2021\/12\/Eye-smooth-ecomm-2022.png\" alt=\"Eye Smooth\u2122\" loading=\"lazy\"\/>\n         \n      <!--==================================================== Ecomm information  ====================================================-->\n         \n         <p>M\u00c1S VENDIDOS<\/p>\n         <h1>Eye Smooth\u2122<\/h1>\n         \n         <p>Rejuvenece e hidrata<br \/> C\u00e9lulas madre vegetales transformadoras y&nbsp;escualeno<\/p>\n         <p>15 ml \u212e 0.5fl. oz.<\/p>\n        <!--==================================================== pricing box  ====================================================--> \n         <p>Precio de venta Cliente<br \/>00.00 \u20ac<\/p>\n         <p>Precio Cliente VIP<br \/>00.00 \u20ac<\/p>\n        <!--==================================================== pricing box  ====================================================--> \n         <p>Para conocer m\u00e1s sobre Eye Smooth\u2122, ponte en contacto con tu Market Partner de&nbsp;MONAT.<\/p>\n          <a href=\"\" target=\"_blank\" role=\"button\" aria-label=\"\"><\/a>\n   <!--==================================================== \/ECOMM SECTION  ====================================================-->\n   <!--==================================================== Benefits image ====================================================-->\n  \n    <source media=\"(max-width: 700px)\" srcset=\"https:\/\/monatglobal.com\/es\/wp-content\/uploads\/sites\/10\/2021\/12\/eye-smooth-benefits-close-up_mobile.jpg\" loading=\"lazy\"\/>\n      <img decoding=\"async\" src=\"https:\/\/monatglobal.com\/es\/wp-content\/uploads\/sites\/10\/2021\/12\/eye-smooth-benefits-close-up.jpg\" \n      alt=\"\" loading=\"lazy\"\/>\n    \n   <!--==================================================== Benefits text ====================================================-->\n         <h2>BENEFICIOS<\/h2>\n         <h3>Una fina crema de ojos que tensa la delicada piel del contorno de los ojos, disminuyendo la \n         apariencia de las ojeras, las l\u00edneas de expresi\u00f3n, las arrugas y la hinchaz\u00f3n para revelar un aspecto m\u00e1s brillante y&nbsp;juvenil.<\/h3>\n         <!--==================================================== features image  ====================================================-->\n         <img decoding=\"async\" alt=\"\" src=\"https:\/\/monatglobal.com\/es\/wp-content\/uploads\/sites\/10\/2021\/12\/eye-smooth-features.jpg\" loading=\"lazy\"\/>\n      <!--==================================================== features text ====================================================-->\n            <h3>Caracter\u00edsticas<\/h3>\n               <p>\/ Trata la hinchaz\u00f3n, ojeras, l\u00edneas de expresi\u00f3n, arrugas y patas de gallo en el contorno de los&nbsp;ojos<\/p>\n               <p>\/ La piel luce m\u00e1s joven, luminosa y&nbsp;radiante<\/p>\n               <p>\/ La piel se siente m\u00e1s firme, tersa y&nbsp;descansada<\/p>\n               <p>\/ La piel se ve fresca y&nbsp;rejuvenecida<\/p>\n               <p>\/ Hidrataci\u00f3n duradera<\/p>\n               <br \/>\n            <p>Fragrance \/ Unwind and enjoy a coconut-forward, citrusy aroma with notes of blood orange, coconut husk, cashew nut and&nbsp;sandalwood. <\/p>\n            <p> Texture \/ Cream <\/p>\n   <!--==================================================== composition image mobile ====================================================-->\n   <img decoding=\"async\" alt=\"\" src=\"https:\/\/monatglobal.com\/es\/wp-content\/uploads\/sites\/10\/2021\/12\/smooth-composition-1.jpg\" loading=\"lazy\"\/>\n   <!--==================================================== Why it works text ====================================================-->\n      <h2>REJUVENECE E HIDRATA<\/h2>\n      <h3>Una fina crema que revela un aspecto visiblemente m\u00e1s luminoso, suave y juvenil alrededor de los&nbsp;ojos.<\/h3>\n      Esta crema rejuvenecedora para el contorno de ojos reafirma y favorece la elasticidad, a la vez que disminuye el aspecto \n      de las arrugas, las l\u00edneas de expresi\u00f3n, las bolsas y las ojeras. Potencia el efecto refrescante con el aplicador de oro rosa que aportar\u00e1 \n      beneficios adicionales para deshinchar y desestresar la&nbsp;piel.\n<!--==================================================== Composition section ====================================================-->\n      <img decoding=\"async\" alt=\"\" src=\"https:\/\/monatglobal.com\/es\/wp-content\/uploads\/sites\/10\/2021\/12\/smooth-composition-1.jpg\" loading=\"lazy\"\/>\n      <img decoding=\"async\" alt=\"\" \n      src=\"https:\/\/monatglobal.com\/es\/wp-content\/uploads\/sites\/10\/2021\/12\/Eye-Smooth-composition-3.jpg\" loading=\"lazy\"\/>\n            <!--==================================================== Directions text ====================================================--> \n               <h3>Modo de uso<\/h3>\n                    <p>\/ Uso diario de d\u00eda y de noche.<\/p>\n                    <p>\/ Observar\u00e1s que el aplicador es de doble cara. Una con una esp\u00e1tula y la otra, con un aplicador para el contorno del&nbsp;ojo.<\/p>\n                    <p>\/ Coge una peque\u00f1a cantidad del producto con la&nbsp;esp\u00e1tula.<\/p>\n                    <p>\/ Distribuye el producto de manera uniforme en los dedos&nbsp;anulares.<\/p>\n                    <p>\/ Con el dedo anular, apl\u00edcala con toques suaves hacia afuera para evitar estirar la piel delicada alrededor de los&nbsp;ojos.<\/p>\n                    <p>\/ Desliza el aplicador en la zona de los ojos realizando movimientos ascendentes y descendentes hasta que se absorba por&nbsp;completo.<\/p>\n                    <p>\/ Contin\u00faa con tu hidratante&nbsp;MONAT.<\/p>\n            <!--==================================================== Directions video ====================================================-->\n      <p>Eye Smooth\u2122 <br \/>0:32<\/p>\n         <!--==================================================== Suggestions image  ====================================================-->\n         <img decoding=\"async\" alt=\"\" src=\"https:\/\/monatglobal.com\/es\/wp-content\/uploads\/sites\/10\/2021\/12\/sunscreen-suggestion.jpg\" loading=\"lazy\"\/>\n      <!--==================================================== Suggestions text ====================================================-->\n            <h3>Sugerencias<\/h3>\n               <p>\/ Aplica protector solar 15 minutos antes de salir a la&nbsp;calle.<\/p>\n               <p>\/ Para un efecto refrescante, guarda el aplicador en la nevera y ver\u00e1s c\u00f3mo aumenta el frescor en la zona de los&nbsp;ojos.<\/p>\n      <a href=\"\" target=\"_blank\"  role=\"button\" aria-label=\"\"><\/a>\n   <!--==================================================== Ingredients section  ====================================================-->\n      <h2>INGREDIENTES ACTIVOS CLAVE<\/h2>\n      <p>REJUVENIQE S\u2122<\/p>\n      <p>P\u00e9ptido<\/p>\n      <p>C\u00e9lulas madre <br \/>vegetales regeneradoras<\/p>\n      <p>Escualeno de origen&nbsp;vegetal<\/p>\n      <p>Cafe\u00edna<\/p>\n        <button id=\"myBtn\" type=\"button\">VER LA LISTA DE INGREDIENTES COMPLETA <\/button>\n      <!--==================================================== Modal content  ====================================================-->\n         &times;\n         Aqua\/Water\/Eau, Glyceryl Stearate SE, Glycerin, Isoamyl Laurate, Cetyl Alcohol, Butyrospermum Parkii (Shea) Butter, Elaeis Guineensis \n         (Palm) Butter, Isomalt, Cetearyl Olivate, Caffeine, Sorbitan Olivate, Squalane, Fructooligosaccharides, Beta Vulgaris (Beet) Root Extract, Coffea \n         Arabica (Coffee) Seed Extract, Trifluoroacetyl Tripeptide-2, Limnanthes Alba (Meadowfoam) Seed Oil, Crambe Abyssinica Seed Oil, Camellia Oleifera \n         Seed Oil, Solanum Lycopersicum (Tomato) Seed Oil, Daucus Carota Sativa (Carrot) Seed Oil, Citrus Limon (Lemon) Peel Oil, Citrus Aurantifolia (Lime) \n         Oil, Citrus Aurantium Bergamia (Bergamot) Fruit Oil, Adansonia Digitata Oil, Mauritia Flexuosa Fruit Oil, Cocos Nucifera (Coconut) Oil, Gardenia \n         Taitensis Flower Extract, Moringa Oleifera Seed Oil, Caryocar Brasiliense Fruit Oil, Helianthus Annuus (Sunflower) Seed Oil, Olea Europaea (Olive) \n         Fruit Oil, Simmondsia Chinensis (Jojoba) Seed Extract, Phytol, Tocopherol, Potassium Lactate, Lactic Acid, Lecithin, Dextran, Ethylhexylglycerin, \n         Benzyl&nbsp;Alcohol.\n   <!--==================================================== You might also like section ====================================================-->\n      <h2>PUEDE QUE TAMBI\u00c9N TE GUSTE<\/h2>\n      <!--==================================================== Slider YOU MIGHT ALSO LIKE ====================================================-->\n          <!---->\n          <!--   -->\n                <!-- Slides products-->\n          <!--      -->\n          <!--         <a href=\"\/es\/lightweight-moisturizer\/\" aria-label=\"Go to HIDRATANTE LIGERA BE BALANCED\u2122 page\">-->\n          <!--          <img decoding=\"async\" src=\"https:\/\/monatglobal.com\/wp-content\/uploads\/2022\/12\/BE-BALANCED-Lightweight-Moisturizer_ecomm-min.png\" alt=\"HIDRATANTE LIGERA BE BALANCED\u2122\" loading=\"lazy\"\/>-->\n          <!--          <p>HIDRATANTE LIGERA <br \/> BE BALANCED\u2122<\/p>-->\n          <!--        <\/a>-->\n          <!--      -->\n          <!--      -->\n          <!--         <a href=\"\/es\/age-control-nectar\/\" aria-label=\"Go to N\u00c9CTAR ANTI-EDAD REWIND\u2122 page\">-->\n          <!--          <img decoding=\"async\" src=\"https:\/\/monatglobal.com\/wp-content\/uploads\/2022\/12\/Rewind-Age-Control-Nectar-ecomm-min.png\" alt=\"N\u00c9CTAR ANTI-EDAD REWIND\u2122\" loading=\"lazy\"\/>-->\n          <!--          <p>N\u00c9CTAR ANTI-EDAD REWIND\u2122<\/p>-->\n          <!--        <\/a>-->\n          <!--      -->\n          <!--      -->\n          <!--         <a href=\"\/es\/nourishing-moisturizer\/\" aria-label=\"Go to CREMA HIDRATANTE NUTRITIVA BE GENTLE\u2122 page\">-->\n          <!--            <img decoding=\"async\" src=\"https:\/\/monatglobal.com\/wp-content\/uploads\/2022\/12\/Be-Gentle-Nourishing-Moisturizer-ecomm-min.png\" alt=\"CREMA HIDRATANTE NUTRITIVA BE GENTLE\u2122\" loading=\"lazy\"\/>-->\n          <!--            <p>CREMA HIDRATANTE NUTRITIVA <br \/>BE GENTLE\u2122<\/p>-->\n          <!--         <\/a>-->\n          <!--      -->\n          <!--   -->\n             <!-- If we need navigation buttons -->\n          <!--   -->\n          <!--   -->\n             <!-- If we need paginations -->\n          <!--   -->\n          <!---->\n         <!--==================================================== If we need navigation buttons  ====================================================-->\n         <!--==================================================== If we need paginations  ====================================================-->\n    <a href=\"\" aria-label=\"\"><\/a>\n<!--==================================================== this link has to go last for it to work   ====================================================-->\n\n","protected":false},"excerpt":{"rendered":"<p>M\u00c1S VENDIDOS M\u00c1S VENDIDOS Eye Smooth\u2122 Rejuvenece e hidrata C\u00e9lulas madre vegetales transformadoras y&nbsp;escualeno 15 ml \u212e 0.5fl. oz. Precio de venta Cliente00.00 \u20ac Precio Cliente VIP00.00 \u20ac Para conocer m\u00e1s sobre Eye Smooth\u2122, ponte en contacto con tu Market Partner de&nbsp;MONAT. BENEFICIOS Una fina crema de ojos que tensa la delicada piel del contorno&hellip;<\/p>\n","protected":false},"author":31,"featured_media":65805,"parent":0,"menu_order":0,"comment_status":"closed","ping_status":"closed","template":"","meta":{"inline_featured_image":false,"om_disable_all_campaigns":false,"_monsterinsights_skip_tracking":false,"_monsterinsights_sitenote_active":false,"_monsterinsights_sitenote_note":"","_monsterinsights_sitenote_category":0,"footnotes":""},"categories":[31],"tags":[],"class_list":["post-65804","page","type-page","status-publish","has-post-thumbnail","hentry","category-product-es"],"aioseo_notices":[],"aioseo_head":"\n\t\t<!-- All in One SEO Pro 4.9.6 - aioseo.com -->\n\t<meta name=\"description\" content=\"M\u00c1S VENDIDOS M\u00c1S VENDIDOS Eye Smooth\u2122 Rejuvenece e hidrata C\u00e9lulas madre vegetales transformadoras y escualeno 15 ml \u212e 0.5fl. oz. Precio de venta Cliente00.00 \u20ac Precio Cliente VIP00.00 \u20ac Para conocer m\u00e1s sobre Eye Smooth\u2122, ponte en contacto con tu Market Partner de MONAT. BENEFICIOS Una fina crema de ojos que tensa la delicada piel del contorno\" \/>\n\t<meta name=\"robots\" content=\"max-image-preview:large\" \/>\n\t<link rel=\"canonical\" href=\"https:\/\/monatglobal.com\/es\/eye-smooth\/\" \/>\n\t<meta name=\"generator\" content=\"All in One SEO Pro (AIOSEO) 4.9.6\" \/>\n\t\t<meta property=\"og:locale\" content=\"en_US\" \/>\n\t\t<meta property=\"og:site_name\" content=\"MONAT Espa\u00f1a - We Are Modern Nature\u00ae\" \/>\n\t\t<meta property=\"og:type\" content=\"article\" \/>\n\t\t<meta property=\"og:title\" content=\"Eye Smooth\u2122 - MONAT Espa\u00f1a\" \/>\n\t\t<meta property=\"og:description\" content=\"M\u00c1S VENDIDOS M\u00c1S VENDIDOS Eye Smooth\u2122 Rejuvenece e hidrata C\u00e9lulas madre vegetales transformadoras y escualeno 15 ml \u212e 0.5fl. oz. Precio de venta Cliente00.00 \u20ac Precio Cliente VIP00.00 \u20ac Para conocer m\u00e1s sobre Eye Smooth\u2122, ponte en contacto con tu Market Partner de MONAT. BENEFICIOS Una fina crema de ojos que tensa la delicada piel del contorno\" \/>\n\t\t<meta property=\"og:url\" content=\"https:\/\/monatglobal.com\/es\/eye-smooth\/\" \/>\n\t\t<meta property=\"article:published_time\" content=\"2021-11-23T14:38:50+00:00\" \/>\n\t\t<meta property=\"article:modified_time\" content=\"2026-02-24T15:53:58+00:00\" \/>\n\t\t<meta name=\"twitter:card\" content=\"summary_large_image\" \/>\n\t\t<meta name=\"twitter:title\" content=\"Eye Smooth\u2122 - MONAT Espa\u00f1a\" \/>\n\t\t<meta name=\"twitter:description\" content=\"M\u00c1S VENDIDOS M\u00c1S VENDIDOS Eye Smooth\u2122 Rejuvenece e hidrata C\u00e9lulas madre vegetales transformadoras y escualeno 15 ml \u212e 0.5fl. oz. Precio de venta Cliente00.00 \u20ac Precio Cliente VIP00.00 \u20ac Para conocer m\u00e1s sobre Eye Smooth\u2122, ponte en contacto con tu Market Partner de MONAT. BENEFICIOS Una fina crema de ojos que tensa la delicada piel del contorno\" \/>\n\t\t<script type=\"application\/ld+json\" class=\"aioseo-schema\">\n\t\t\t{\"@context\":\"https:\\\/\\\/schema.org\",\"@graph\":[{\"@type\":\"BreadcrumbList\",\"@id\":\"https:\\\/\\\/monatglobal.com\\\/es\\\/eye-smooth\\\/#breadcrumblist\",\"itemListElement\":[{\"@type\":\"ListItem\",\"@id\":\"https:\\\/\\\/monatglobal.com\\\/es#listItem\",\"position\":1,\"name\":\"Home\",\"item\":\"https:\\\/\\\/monatglobal.com\\\/es\",\"nextItem\":{\"@type\":\"ListItem\",\"@id\":\"https:\\\/\\\/monatglobal.com\\\/es\\\/eye-smooth\\\/#listItem\",\"name\":\"Eye Smooth\\u2122\"}},{\"@type\":\"ListItem\",\"@id\":\"https:\\\/\\\/monatglobal.com\\\/es\\\/eye-smooth\\\/#listItem\",\"position\":2,\"name\":\"Eye Smooth\\u2122\",\"previousItem\":{\"@type\":\"ListItem\",\"@id\":\"https:\\\/\\\/monatglobal.com\\\/es#listItem\",\"name\":\"Home\"}}]},{\"@type\":\"Organization\",\"@id\":\"https:\\\/\\\/monatglobal.com\\\/es\\\/#organization\",\"name\":\"MONAT Espa\\u00f1a\",\"description\":\"We Are Modern Nature\\u00ae\",\"url\":\"https:\\\/\\\/monatglobal.com\\\/es\\\/\"},{\"@type\":\"WebPage\",\"@id\":\"https:\\\/\\\/monatglobal.com\\\/es\\\/eye-smooth\\\/#webpage\",\"url\":\"https:\\\/\\\/monatglobal.com\\\/es\\\/eye-smooth\\\/\",\"name\":\"Eye Smooth\\u2122 - MONAT Espa\\u00f1a\",\"description\":\"M\\u00c1S VENDIDOS M\\u00c1S VENDIDOS Eye Smooth\\u2122 Rejuvenece e hidrata C\\u00e9lulas madre vegetales transformadoras y escualeno 15 ml \\u212e 0.5fl. oz. Precio de venta Cliente00.00 \\u20ac Precio Cliente VIP00.00 \\u20ac Para conocer m\\u00e1s sobre Eye Smooth\\u2122, ponte en contacto con tu Market Partner de MONAT. BENEFICIOS Una fina crema de ojos que tensa la delicada piel del contorno\",\"inLanguage\":\"en-US\",\"isPartOf\":{\"@id\":\"https:\\\/\\\/monatglobal.com\\\/es\\\/#website\"},\"breadcrumb\":{\"@id\":\"https:\\\/\\\/monatglobal.com\\\/es\\\/eye-smooth\\\/#breadcrumblist\"},\"image\":{\"@type\":\"ImageObject\",\"url\":\"https:\\\/\\\/monatglobal.com\\\/es\\\/wp-content\\\/uploads\\\/sites\\\/10\\\/2021\\\/11\\\/eye-smooth-nourishing-eye-cream.png\",\"@id\":\"https:\\\/\\\/monatglobal.com\\\/es\\\/eye-smooth\\\/#mainImage\",\"width\":341,\"height\":450},\"primaryImageOfPage\":{\"@id\":\"https:\\\/\\\/monatglobal.com\\\/es\\\/eye-smooth\\\/#mainImage\"},\"datePublished\":\"2021-11-23T14:38:50+00:00\",\"dateModified\":\"2026-02-24T15:53:58+00:00\"},{\"@type\":\"WebSite\",\"@id\":\"https:\\\/\\\/monatglobal.com\\\/es\\\/#website\",\"url\":\"https:\\\/\\\/monatglobal.com\\\/es\\\/\",\"name\":\"MONAT Espa\\u00f1a\",\"description\":\"We Are Modern Nature\\u00ae\",\"inLanguage\":\"en-US\",\"publisher\":{\"@id\":\"https:\\\/\\\/monatglobal.com\\\/es\\\/#organization\"}}]}\n\t\t<\/script>\n\t\t<!-- All in One SEO Pro -->\r\n\t\t<title>Eye Smooth\u2122 - MONAT Espa\u00f1a<\/title>\n\n","aioseo_head_json":{"title":"Eye Smooth\u2122 - MONAT Espa\u00f1a","description":"M\u00c1S VENDIDOS M\u00c1S VENDIDOS Eye Smooth\u2122 Rejuvenece e hidrata C\u00e9lulas madre vegetales transformadoras y escualeno 15 ml \u212e 0.5fl. oz. Precio de venta Cliente00.00 \u20ac Precio Cliente VIP00.00 \u20ac Para conocer m\u00e1s sobre Eye Smooth\u2122, ponte en contacto con tu Market Partner de MONAT. BENEFICIOS Una fina crema de ojos que tensa la delicada piel del contorno","canonical_url":"https:\/\/monatglobal.com\/es\/eye-smooth\/","robots":"max-image-preview:large","keywords":"","webmasterTools":{"miscellaneous":""},"schema":{"@context":"https:\/\/schema.org","@graph":[{"@type":"BreadcrumbList","@id":"https:\/\/monatglobal.com\/es\/eye-smooth\/#breadcrumblist","itemListElement":[{"@type":"ListItem","@id":"https:\/\/monatglobal.com\/es#listItem","position":1,"name":"Home","item":"https:\/\/monatglobal.com\/es","nextItem":{"@type":"ListItem","@id":"https:\/\/monatglobal.com\/es\/eye-smooth\/#listItem","name":"Eye Smooth\u2122"}},{"@type":"ListItem","@id":"https:\/\/monatglobal.com\/es\/eye-smooth\/#listItem","position":2,"name":"Eye Smooth\u2122","previousItem":{"@type":"ListItem","@id":"https:\/\/monatglobal.com\/es#listItem","name":"Home"}}]},{"@type":"Organization","@id":"https:\/\/monatglobal.com\/es\/#organization","name":"MONAT Espa\u00f1a","description":"We Are Modern Nature\u00ae","url":"https:\/\/monatglobal.com\/es\/"},{"@type":"WebPage","@id":"https:\/\/monatglobal.com\/es\/eye-smooth\/#webpage","url":"https:\/\/monatglobal.com\/es\/eye-smooth\/","name":"Eye Smooth\u2122 - MONAT Espa\u00f1a","description":"M\u00c1S VENDIDOS M\u00c1S VENDIDOS Eye Smooth\u2122 Rejuvenece e hidrata C\u00e9lulas madre vegetales transformadoras y escualeno 15 ml \u212e 0.5fl. oz. Precio de venta Cliente00.00 \u20ac Precio Cliente VIP00.00 \u20ac Para conocer m\u00e1s sobre Eye Smooth\u2122, ponte en contacto con tu Market Partner de MONAT. BENEFICIOS Una fina crema de ojos que tensa la delicada piel del contorno","inLanguage":"en-US","isPartOf":{"@id":"https:\/\/monatglobal.com\/es\/#website"},"breadcrumb":{"@id":"https:\/\/monatglobal.com\/es\/eye-smooth\/#breadcrumblist"},"image":{"@type":"ImageObject","url":"https:\/\/monatglobal.com\/es\/wp-content\/uploads\/sites\/10\/2021\/11\/eye-smooth-nourishing-eye-cream.png","@id":"https:\/\/monatglobal.com\/es\/eye-smooth\/#mainImage","width":341,"height":450},"primaryImageOfPage":{"@id":"https:\/\/monatglobal.com\/es\/eye-smooth\/#mainImage"},"datePublished":"2021-11-23T14:38:50+00:00","dateModified":"2026-02-24T15:53:58+00:00"},{"@type":"WebSite","@id":"https:\/\/monatglobal.com\/es\/#website","url":"https:\/\/monatglobal.com\/es\/","name":"MONAT Espa\u00f1a","description":"We Are Modern Nature\u00ae","inLanguage":"en-US","publisher":{"@id":"https:\/\/monatglobal.com\/es\/#organization"}}]},"og:locale":"en_US","og:site_name":"MONAT Espa\u00f1a - We Are Modern Nature\u00ae","og:type":"article","og:title":"Eye Smooth\u2122 - MONAT Espa\u00f1a","og:description":"M\u00c1S VENDIDOS M\u00c1S VENDIDOS Eye Smooth\u2122 Rejuvenece e hidrata C\u00e9lulas madre vegetales transformadoras y escualeno 15 ml \u212e 0.5fl. oz. Precio de venta Cliente00.00 \u20ac Precio Cliente VIP00.00 \u20ac Para conocer m\u00e1s sobre Eye Smooth\u2122, ponte en contacto con tu Market Partner de MONAT. BENEFICIOS Una fina crema de ojos que tensa la delicada piel del contorno","og:url":"https:\/\/monatglobal.com\/es\/eye-smooth\/","article:published_time":"2021-11-23T14:38:50+00:00","article:modified_time":"2026-02-24T15:53:58+00:00","twitter:card":"summary_large_image","twitter:title":"Eye Smooth\u2122 - MONAT Espa\u00f1a","twitter:description":"M\u00c1S VENDIDOS M\u00c1S VENDIDOS Eye Smooth\u2122 Rejuvenece e hidrata C\u00e9lulas madre vegetales transformadoras y escualeno 15 ml \u212e 0.5fl. oz. Precio de venta Cliente00.00 \u20ac Precio Cliente VIP00.00 \u20ac Para conocer m\u00e1s sobre Eye Smooth\u2122, ponte en contacto con tu Market Partner de MONAT. BENEFICIOS Una fina crema de ojos que tensa la delicada piel del contorno"},"aioseo_meta_data":{"post_id":"65804","title":null,"description":null,"keywords":null,"keyphrases":null,"primary_term":null,"canonical_url":null,"og_title":null,"og_description":null,"og_object_type":"default","og_image_type":"default","og_image_url":null,"og_image_width":null,"og_image_height":null,"og_image_custom_url":null,"og_image_custom_fields":null,"og_video":null,"og_custom_url":null,"og_article_section":null,"og_article_tags":null,"twitter_use_og":false,"twitter_card":"default","twitter_image_type":"default","twitter_image_url":null,"twitter_image_custom_url":null,"twitter_image_custom_fields":null,"twitter_title":null,"twitter_description":null,"schema":{"blockGraphs":[],"customGraphs":[],"default":{"data":{"Article":[],"Course":[],"Dataset":[],"FAQPage":[],"Movie":[],"Person":[],"Product":[],"ProductReview":[],"Car":[],"Recipe":[],"Service":[],"SoftwareApplication":[],"WebPage":[]},"graphName":"WebPage","isEnabled":true},"graphs":[]},"schema_type":"default","schema_type_options":null,"pillar_content":false,"robots_default":true,"robots_noindex":false,"robots_noarchive":false,"robots_nosnippet":false,"robots_nofollow":false,"robots_noimageindex":false,"robots_noodp":false,"robots_notranslate":false,"robots_max_snippet":null,"robots_max_videopreview":null,"robots_max_imagepreview":"large","priority":null,"frequency":null,"local_seo":null,"seo_analyzer_scan_date":"2026-02-24 15:54:27","limit_modified_date":false,"reviewed_by":null,"open_ai":null,"ai":null,"created":"2023-07-26 09:18:34","updated":"2026-02-24 16:08:55"},"aioseo_breadcrumb":"<div class=\"aioseo-breadcrumbs\"><span class=\"aioseo-breadcrumb\">\n\t<a href=\"https:\/\/monatglobal.com\/es\" title=\"Home\">Home<\/a>\n<\/span><span class=\"aioseo-breadcrumb-separator\">&raquo;<\/span><span class=\"aioseo-breadcrumb\">\n\tEye Smooth\u2122\n<\/span><\/div>","aioseo_breadcrumb_json":[{"label":"Home","link":"https:\/\/monatglobal.com\/es"},{"label":"Eye Smooth\u2122","link":"https:\/\/monatglobal.com\/es\/eye-smooth\/"}],"_links":{"self":[{"href":"https:\/\/monatglobal.com\/es\/wp-json\/wp\/v2\/pages\/65804","targetHints":{"allow":["GET"]}}],"collection":[{"href":"https:\/\/monatglobal.com\/es\/wp-json\/wp\/v2\/pages"}],"about":[{"href":"https:\/\/monatglobal.com\/es\/wp-json\/wp\/v2\/types\/page"}],"author":[{"embeddable":true,"href":"https:\/\/monatglobal.com\/es\/wp-json\/wp\/v2\/users\/31"}],"replies":[{"embeddable":true,"href":"https:\/\/monatglobal.com\/es\/wp-json\/wp\/v2\/comments?post=65804"}],"version-history":[{"count":20,"href":"https:\/\/monatglobal.com\/es\/wp-json\/wp\/v2\/pages\/65804\/revisions"}],"predecessor-version":[{"id":109257,"href":"https:\/\/monatglobal.com\/es\/wp-json\/wp\/v2\/pages\/65804\/revisions\/109257"}],"wp:featuredmedia":[{"embeddable":true,"href":"https:\/\/monatglobal.com\/es\/wp-json\/wp\/v2\/media\/65805"}],"wp:attachment":[{"href":"https:\/\/monatglobal.com\/es\/wp-json\/wp\/v2\/media?parent=65804"}],"wp:term":[{"taxonomy":"category","embeddable":true,"href":"https:\/\/monatglobal.com\/es\/wp-json\/wp\/v2\/categories?post=65804"},{"taxonomy":"post_tag","embeddable":true,"href":"https:\/\/monatglobal.com\/es\/wp-json\/wp\/v2\/tags?post=65804"}],"curies":[{"name":"wp","href":"https:\/\/api.w.org\/{rel}","templated":true}]}}