{"id":65797,"date":"2021-11-22T22:01:29","date_gmt":"2021-11-22T22:01:29","guid":{"rendered":"https:\/\/monatglobal.com\/es\/?page_id=65797"},"modified":"2026-02-06T19:01:11","modified_gmt":"2026-02-06T19:01:11","slug":"skincare-perfector","status":"publish","type":"page","link":"https:\/\/monatglobal.com\/es\/skincare-perfector\/","title":{"rendered":"Perfeccionador Instant\u00e1neo 30 Second Miracle\u2122"},"content":{"rendered":"\n\n\t<link rel=\"stylesheet\" href=\"https:\/\/unpkg.com\/swiper\/swiper-bundle.min.css\" \/>\n<link rel=\"stylesheet\" href=\"https:\/\/monatglobal.com\/wp-content\/creative_css\/product_styles_sheet.css\" \/>\n   <!--==================================================== ECOMM SECTION ====================================================-->\n   <p>M\u00c1S VENDIDOS<\/p>\n      <!--==================================================== Ecomm image ====================================================-->\n      <img decoding=\"async\" src=\"https:\/\/monatglobal.com\/au\/wp-content\/uploads\/sites\/12\/2021\/12\/30-second-miracle-ecomm-2022.png\" alt=\"Perfeccionador Instant\u00e1neo 30 Second Miracle\u2122\" loading=\"lazy\"\/>\n      <!--==================================================== Ecomm information  ====================================================-->\n         \n         <p>M\u00c1S VENDIDOS<\/p>\n         <h1>Perfeccionador <br \/>Instant\u00e1neo<\/h1>\n         <p>30 Second Miracle\u2122<\/p>\n         <p>Reafirma y elimina<br \/> P\u00e9ptido para una correcci\u00f3n instant\u00e1nea y extracto de flor de&nbsp;lirio<\/p>\n         <p>15 ml \u212e 0.5 fl. oz.<\/p>\n       <!--==================================================== pricing box  ====================================================-->  \n         <p>Precio de venta Cliente<br \/>00.00 \u20ac<\/p>\n         <p>Precio Cliente VIP<br \/>00.00 \u20ac<\/p>\n       <!--==================================================== pricing box  ====================================================-->\n         <p>Para conocer m\u00e1s sobre Perfeccionador Instant\u00e1neo 30 Second Miracle\u2122, ponte en contacto con tu Market Partner de&nbsp;MONAT.<\/p>\n          <a href=\"\" target=\"_blank\" role=\"button\" aria-label=\"\" rel=\"noopener\"><\/a>\n   <!--==================================================== \/ECOMM SECTION  ====================================================-->\n   <!--==================================================== Benefits image ====================================================-->\n  \n    <source media=\"(max-width: 700px)\" srcset=\"https:\/\/monatglobal.com\/au\/wp-content\/uploads\/sites\/12\/2021\/12\/3o-second-miracle-benefits_mobile.jpg\" loading=\"lazy\"\/>\n      <img decoding=\"async\" src=\"https:\/\/monatglobal.com\/au\/wp-content\/uploads\/sites\/12\/2021\/12\/30-second-miracle-benefits-.jpg\" \n      alt=\"\" loading=\"lazy\"\/>\n    \n   <!--==================================================== Benefits text ====================================================-->\n         <h2>Beneficios<\/h2>\n         <h3>Una r\u00e1pida soluci\u00f3n temporal  que INSTANT\u00c1NEAMENTE, tensa y suaviza r\u00e1pidamente el aspecto de las patas \n         de gallo, las l\u00edneas de expresi\u00f3n, las bolsas y las arrugas, para conseguir un aspecto fresco y juvenil durante&nbsp;horas.<\/h3>\n         <!--==================================================== features image  ====================================================-->\n         <img decoding=\"async\" alt=\"\" src=\"https:\/\/monatglobal.com\/au\/wp-content\/uploads\/sites\/12\/2021\/12\/30-second-miracle-features.jpg\" loading=\"lazy\"\/>\n      <!--==================================================== features text ====================================================-->\n            <h3>CARACTER\u00cdSTICAS<\/h3>\n               <p>\/ Los resultados duran entre 6 y 12&nbsp;horas<\/p>\n               <p>\/ Busca reducir las l\u00edneas de expresi\u00f3n, arrugas, patas de gallo, hinchaz\u00f3n y bolsas debajo de los&nbsp;ojos<\/p>\n               <p>\/ Instant\u00e1neamente elimina el aspecto de las l\u00edneas de expresi\u00f3n, las arrugas de la frente y los poros&nbsp;grandes<\/p>\n               <p>\/ La piel inmediatamente tiene un aspecto m\u00e1s suave y&nbsp;terso<\/p>\n               <p>\/ Ideal para todo tipo de&nbsp;pieles<\/p>\n               <br \/>\n            <p>Fragrance \/ Unwind and enjoy a coconut-forward, citrusy aroma with notes of blood orange, coconut husk, cashew nut and&nbsp;sandalwood. <\/p>\n            <p> Texture \/ Cream <\/p>\n   <!--==================================================== composition image mobile ====================================================-->\n   <img decoding=\"async\" alt=\"\" src=\"https:\/\/monatglobal.com\/au\/wp-content\/uploads\/sites\/12\/2021\/12\/30-second-miracle-comps-1.jpg\" loading=\"lazy\"\/>\n   <!--==================================================== Why it works text ====================================================-->\n      <h2>REAFIRMA Y ELIMINA<\/h2>\n      <h3>Nuestro s\u00e9rum de textura sedosa hace su magia a los 30 segundos de su aplicaci\u00f3n, para reafirmar y borrar los \n      problemas de la piel y conseguir un aspecto visiblemente m\u00e1s tenso, tonificado y suave, sin interferir con el&nbsp;maquillaje.<\/h3>\n      Empieza el d\u00eda con confianza, conquista tu reuni\u00f3n o convi\u00e9rtelo en tu arma de belleza secreta para salir por la noche, \n      lo que sea y cuando sea, con tu mejor&nbsp;cara.\n<!--==================================================== Composition section ====================================================-->\n      <img decoding=\"async\" alt=\"\" src=\"https:\/\/monatglobal.com\/au\/wp-content\/uploads\/sites\/12\/2021\/12\/30-second-miracle-comps-1.jpg\" loading=\"lazy\"\/>\n      <img decoding=\"async\" alt=\"\" \n      src=\"https:\/\/monatglobal.com\/au\/wp-content\/uploads\/sites\/12\/2021\/12\/30-second-miracle-comps-3.jpg\" loading=\"lazy\"\/>\n            <!--==================================================== Directions text ====================================================--> \n               <h3>Modo de uso<\/h3>\n                    <p>\/ Agita con cuidado el envase para preparar el&nbsp;milagro.<\/p>\n                    <p>\/ Aprieta suavemente para que salga el producto. Se trata de oro l\u00edquido, as\u00ed que solo necesitar\u00e1s una peque\u00f1a&nbsp;cantidad.<\/p>\n                    <p>\/ Con el dedo anular o una brocha de maquillaje limpia, aplica a toques sobre la piel limpia y seca, una peque\u00f1a cantidad de&nbsp;producto.<\/p>\n                    \/ En 30 segundos sentir\u00e1s la magia. Intenta no hacer muecas con la cara mientras el Perfeccionador iIstant\u00e1neo 30 Second \n                    Miracle\u2122 se&nbsp;seca.\n                    \/ Si aplicas demasiada cantidad del Perfeccionador Instant\u00e1neo 30 Second Miracle\u2122, es posible que se forme una ligera pel\u00edcula \n                    blanquecina una vez seco completamente. Elimina el exceso con suaves toques con un disco de algod\u00f3n&nbsp;h\u00famedo.\n                    <p>\/ Contin\u00faa con tu hidratante MONAT, sobre la cual puedes aplicar una base de&nbsp;maquillaje.<\/p>\n                    <p>\/ Tras su uso, limpia la boquilla del envase con un pa\u00f1o h\u00famedo para retirar el exceso y evitar que se&nbsp;acumule.<\/p>\n            <!--==================================================== Directions video ====================================================-->\n      <p>Perfeccionador Instant\u00e1neo <br \/>30 Second Miracle\u2122 <br \/>0:33<\/p>\n         <!--==================================================== features image  ====================================================-->\n         <img decoding=\"async\" alt=\"\" src=\"https:\/\/monatglobal.com\/au\/wp-content\/uploads\/sites\/12\/2021\/12\/30-second-miracle-suggestions.jpg\" loading=\"lazy\"\/>\n      <!--==================================================== features text ====================================================-->\n            <h3>Sugerencias<\/h3>\n               <p>\/ Perfecciona tu t\u00e9cnica con un poco de&nbsp;pr\u00e1ctica.<\/p>\n      <a href=\"\" target=\"_blank\" role=\"button\" aria-label=\"\" rel=\"noopener\"><\/a>\n   <!--==================================================== Ingredients section  ====================================================-->\n      <h2>INGREDIENTES ACTIVOS CLAVE<\/h2>\n      <p>P\u00e9ptido<\/p>\n      <p>Extracto de lirio&nbsp;blanco<\/p>\n      <p>Extracto de semilla de&nbsp;caf\u00e9<\/p>\n        <button id=\"myBtn\" type=\"button\">VER LA LISTA DE INGREDIENTES COMPLETA <\/button>\n      <!--==================================================== Modal content  ====================================================-->\n         &times;\n         Aqua\/Water\/Eau, Sodium Silicate, Magnesium Aluminum Silicate, Acetyl Hexapeptide-8, Coffea Arabica (Coffee) Seed Extract, Lilium \n         Candidum Flower Extract, Glycerin, Ethylhexylglycerin, Caprylyl&nbsp;Glycol.\n   <!--==================================================== You might also like section ====================================================-->\n      <h2>PUEDE QUE TAMBI\u00c9N TE GUSTE<\/h2>\n      <!--==================================================== Slider YOU MIGHT ALSO LIKE ====================================================-->\n          <!---->\n          <!--   -->\n                <!-- Slides products-->\n          <!--      -->\n          <!--         <a href=\"\/es\/skincare-c-radiance\/\" aria-label=\"Go to S\u00c9RUM ILUMINADOR C. RADIANCE\u2122 page\">-->\n          <!--          <img decoding=\"async\" src=\"https:\/\/monatglobal.com\/wp-content\/uploads\/2022\/12\/C-Radiance-Illuminating-Serum-ecomm-2022-min.png\" alt=\"S\u00c9RUM ILUMINADOR C. RADIANCE\u2122\" loading=\"lazy\"\/>-->\n          <!--          <p>S\u00c9RUM ILUMINADOR C. RADIANCE\u2122<\/p>-->\n          <!--        <\/a>-->\n          <!--      -->\n          <!--      -->\n          <!--         <a href=\"\/es\/skincare-night-age-control-cream\/\" aria-label=\"Go to CREMA DE NOCHE ANTIEDAD NIGHT HAVEN\u2122 page\">-->\n          <!--          <img decoding=\"async\" src=\"https:\/\/monatglobal.com\/wp-content\/uploads\/2022\/12\/Night-Haven-Age-control_Ecomm-min.png\" alt=\"CREMA DE NOCHE ANTIEDAD NIGHT HAVEN\u2122\" loading=\"lazy\"\/>-->\n          <!--          <p>CREMA DE NOCHE ANTIEDAD NIGHT HAVEN\u2122<\/p>-->\n          <!--        <\/a>-->\n          <!--      -->\n          <!--      -->\n          <!--         <a href=\"\/es\/eye-smooth\/\" aria-label=\"Go to EYE SMOOTH\u2122 page\">-->\n          <!--          <img decoding=\"async\" src=\"https:\/\/monatglobal.com\/wp-content\/uploads\/2022\/12\/Eye-smooth-ecomm-2022-min.png\" alt=\"EYE SMOOTH\u2122\" loading=\"lazy\"\/>-->\n          <!--          <p>EYE SMOOTH\u2122<\/p>-->\n          <!--        <\/a>-->\n          <!--      -->\n          <!--   -->\n             <!-- If we need navigation buttons -->\n          <!--   -->\n          <!--   -->\n             <!-- If we need paginations -->\n          <!--   -->\n          <!---->\n         <!--==================================================== If we need navigation buttons  ====================================================-->\n         <!--==================================================== If we need paginations  ====================================================-->\n    <a href=\"\" aria-label=\"\"><\/a>\n<!--==================================================== this link has to go last for it to work   ====================================================-->\n\n","protected":false},"excerpt":{"rendered":"<p>M\u00c1S VENDIDOS M\u00c1S VENDIDOS Perfeccionador Instant\u00e1neo 30 Second Miracle\u2122 Reafirma y elimina P\u00e9ptido para una correcci\u00f3n instant\u00e1nea y extracto de flor de&nbsp;lirio 15 ml \u212e 0.5 fl. oz. Precio de venta Cliente00.00 \u20ac Precio Cliente VIP00.00 \u20ac Para conocer m\u00e1s sobre Perfeccionador Instant\u00e1neo 30 Second Miracle\u2122, ponte en contacto con tu Market Partner de&nbsp;MONAT. Beneficios&hellip;<\/p>\n","protected":false},"author":31,"featured_media":65798,"parent":0,"menu_order":0,"comment_status":"closed","ping_status":"closed","template":"","meta":{"inline_featured_image":false,"om_disable_all_campaigns":false,"_monsterinsights_skip_tracking":false,"_monsterinsights_sitenote_active":false,"_monsterinsights_sitenote_note":"","_monsterinsights_sitenote_category":0,"footnotes":""},"categories":[31],"tags":[],"class_list":["post-65797","page","type-page","status-publish","has-post-thumbnail","hentry","category-product-es"],"aioseo_notices":[],"aioseo_head":"\n\t\t<!-- All in One SEO Pro 4.9.6 - aioseo.com -->\n\t<meta name=\"description\" content=\"M\u00c1S VENDIDOS M\u00c1S VENDIDOS Perfeccionador Instant\u00e1neo 30 Second Miracle\u2122 Reafirma y elimina P\u00e9ptido para una correcci\u00f3n instant\u00e1nea y extracto de flor de lirio 15 ml \u212e 0.5 fl. oz. Precio de venta Cliente00.00 \u20ac Precio Cliente VIP00.00 \u20ac Para conocer m\u00e1s sobre Perfeccionador Instant\u00e1neo 30 Second Miracle\u2122, ponte en contacto con tu Market Partner de MONAT. Beneficios\" \/>\n\t<meta name=\"robots\" content=\"max-image-preview:large\" \/>\n\t<link rel=\"canonical\" href=\"https:\/\/monatglobal.com\/es\/skincare-perfector\/\" \/>\n\t<meta name=\"generator\" content=\"All in One SEO Pro (AIOSEO) 4.9.6\" \/>\n\t\t<meta property=\"og:locale\" content=\"en_US\" \/>\n\t\t<meta property=\"og:site_name\" content=\"MONAT Espa\u00f1a - We Are Modern Nature\u00ae\" \/>\n\t\t<meta property=\"og:type\" content=\"article\" \/>\n\t\t<meta property=\"og:title\" content=\"Perfeccionador Instant\u00e1neo 30 Second Miracle\u2122 - MONAT Espa\u00f1a\" \/>\n\t\t<meta property=\"og:description\" content=\"M\u00c1S VENDIDOS M\u00c1S VENDIDOS Perfeccionador Instant\u00e1neo 30 Second Miracle\u2122 Reafirma y elimina P\u00e9ptido para una correcci\u00f3n instant\u00e1nea y extracto de flor de lirio 15 ml \u212e 0.5 fl. oz. Precio de venta Cliente00.00 \u20ac Precio Cliente VIP00.00 \u20ac Para conocer m\u00e1s sobre Perfeccionador Instant\u00e1neo 30 Second Miracle\u2122, ponte en contacto con tu Market Partner de MONAT. Beneficios\" \/>\n\t\t<meta property=\"og:url\" content=\"https:\/\/monatglobal.com\/es\/skincare-perfector\/\" \/>\n\t\t<meta property=\"article:published_time\" content=\"2021-11-22T22:01:29+00:00\" \/>\n\t\t<meta property=\"article:modified_time\" content=\"2026-02-06T19:01:11+00:00\" \/>\n\t\t<meta name=\"twitter:card\" content=\"summary_large_image\" \/>\n\t\t<meta name=\"twitter:title\" content=\"Perfeccionador Instant\u00e1neo 30 Second Miracle\u2122 - MONAT Espa\u00f1a\" \/>\n\t\t<meta name=\"twitter:description\" content=\"M\u00c1S VENDIDOS M\u00c1S VENDIDOS Perfeccionador Instant\u00e1neo 30 Second Miracle\u2122 Reafirma y elimina P\u00e9ptido para una correcci\u00f3n instant\u00e1nea y extracto de flor de lirio 15 ml \u212e 0.5 fl. oz. Precio de venta Cliente00.00 \u20ac Precio Cliente VIP00.00 \u20ac Para conocer m\u00e1s sobre Perfeccionador Instant\u00e1neo 30 Second Miracle\u2122, ponte en contacto con tu Market Partner de MONAT. Beneficios\" \/>\n\t\t<script type=\"application\/ld+json\" class=\"aioseo-schema\">\n\t\t\t{\"@context\":\"https:\\\/\\\/schema.org\",\"@graph\":[{\"@type\":\"BreadcrumbList\",\"@id\":\"https:\\\/\\\/monatglobal.com\\\/es\\\/skincare-perfector\\\/#breadcrumblist\",\"itemListElement\":[{\"@type\":\"ListItem\",\"@id\":\"https:\\\/\\\/monatglobal.com\\\/es#listItem\",\"position\":1,\"name\":\"Home\",\"item\":\"https:\\\/\\\/monatglobal.com\\\/es\",\"nextItem\":{\"@type\":\"ListItem\",\"@id\":\"https:\\\/\\\/monatglobal.com\\\/es\\\/skincare-perfector\\\/#listItem\",\"name\":\"Perfeccionador Instant\\u00e1neo 30 Second Miracle\\u2122\"}},{\"@type\":\"ListItem\",\"@id\":\"https:\\\/\\\/monatglobal.com\\\/es\\\/skincare-perfector\\\/#listItem\",\"position\":2,\"name\":\"Perfeccionador Instant\\u00e1neo 30 Second Miracle\\u2122\",\"previousItem\":{\"@type\":\"ListItem\",\"@id\":\"https:\\\/\\\/monatglobal.com\\\/es#listItem\",\"name\":\"Home\"}}]},{\"@type\":\"Organization\",\"@id\":\"https:\\\/\\\/monatglobal.com\\\/es\\\/#organization\",\"name\":\"MONAT Espa\\u00f1a\",\"description\":\"We Are Modern Nature\\u00ae\",\"url\":\"https:\\\/\\\/monatglobal.com\\\/es\\\/\"},{\"@type\":\"WebPage\",\"@id\":\"https:\\\/\\\/monatglobal.com\\\/es\\\/skincare-perfector\\\/#webpage\",\"url\":\"https:\\\/\\\/monatglobal.com\\\/es\\\/skincare-perfector\\\/\",\"name\":\"Perfeccionador Instant\\u00e1neo 30 Second Miracle\\u2122 - MONAT Espa\\u00f1a\",\"description\":\"M\\u00c1S VENDIDOS M\\u00c1S VENDIDOS Perfeccionador Instant\\u00e1neo 30 Second Miracle\\u2122 Reafirma y elimina P\\u00e9ptido para una correcci\\u00f3n instant\\u00e1nea y extracto de flor de lirio 15 ml \\u212e 0.5 fl. oz. Precio de venta Cliente00.00 \\u20ac Precio Cliente VIP00.00 \\u20ac Para conocer m\\u00e1s sobre Perfeccionador Instant\\u00e1neo 30 Second Miracle\\u2122, ponte en contacto con tu Market Partner de MONAT. Beneficios\",\"inLanguage\":\"en-US\",\"isPartOf\":{\"@id\":\"https:\\\/\\\/monatglobal.com\\\/es\\\/#website\"},\"breadcrumb\":{\"@id\":\"https:\\\/\\\/monatglobal.com\\\/es\\\/skincare-perfector\\\/#breadcrumblist\"},\"image\":{\"@type\":\"ImageObject\",\"url\":\"https:\\\/\\\/monatglobal.com\\\/es\\\/wp-content\\\/uploads\\\/sites\\\/10\\\/2021\\\/11\\\/30-second-miracle.png\",\"@id\":\"https:\\\/\\\/monatglobal.com\\\/es\\\/skincare-perfector\\\/#mainImage\",\"width\":341,\"height\":450},\"primaryImageOfPage\":{\"@id\":\"https:\\\/\\\/monatglobal.com\\\/es\\\/skincare-perfector\\\/#mainImage\"},\"datePublished\":\"2021-11-22T22:01:29+00:00\",\"dateModified\":\"2026-02-06T19:01:11+00:00\"},{\"@type\":\"WebSite\",\"@id\":\"https:\\\/\\\/monatglobal.com\\\/es\\\/#website\",\"url\":\"https:\\\/\\\/monatglobal.com\\\/es\\\/\",\"name\":\"MONAT Espa\\u00f1a\",\"description\":\"We Are Modern Nature\\u00ae\",\"inLanguage\":\"en-US\",\"publisher\":{\"@id\":\"https:\\\/\\\/monatglobal.com\\\/es\\\/#organization\"}}]}\n\t\t<\/script>\n\t\t<!-- All in One SEO Pro -->\r\n\t\t<title>Perfeccionador Instant\u00e1neo 30 Second Miracle\u2122 - MONAT Espa\u00f1a<\/title>\n\n","aioseo_head_json":{"title":"Perfeccionador Instant\u00e1neo 30 Second Miracle\u2122 - MONAT Espa\u00f1a","description":"M\u00c1S VENDIDOS M\u00c1S VENDIDOS Perfeccionador Instant\u00e1neo 30 Second Miracle\u2122 Reafirma y elimina P\u00e9ptido para una correcci\u00f3n instant\u00e1nea y extracto de flor de lirio 15 ml \u212e 0.5 fl. oz. Precio de venta Cliente00.00 \u20ac Precio Cliente VIP00.00 \u20ac Para conocer m\u00e1s sobre Perfeccionador Instant\u00e1neo 30 Second Miracle\u2122, ponte en contacto con tu Market Partner de MONAT. Beneficios","canonical_url":"https:\/\/monatglobal.com\/es\/skincare-perfector\/","robots":"max-image-preview:large","keywords":"","webmasterTools":{"miscellaneous":""},"schema":{"@context":"https:\/\/schema.org","@graph":[{"@type":"BreadcrumbList","@id":"https:\/\/monatglobal.com\/es\/skincare-perfector\/#breadcrumblist","itemListElement":[{"@type":"ListItem","@id":"https:\/\/monatglobal.com\/es#listItem","position":1,"name":"Home","item":"https:\/\/monatglobal.com\/es","nextItem":{"@type":"ListItem","@id":"https:\/\/monatglobal.com\/es\/skincare-perfector\/#listItem","name":"Perfeccionador Instant\u00e1neo 30 Second Miracle\u2122"}},{"@type":"ListItem","@id":"https:\/\/monatglobal.com\/es\/skincare-perfector\/#listItem","position":2,"name":"Perfeccionador Instant\u00e1neo 30 Second Miracle\u2122","previousItem":{"@type":"ListItem","@id":"https:\/\/monatglobal.com\/es#listItem","name":"Home"}}]},{"@type":"Organization","@id":"https:\/\/monatglobal.com\/es\/#organization","name":"MONAT Espa\u00f1a","description":"We Are Modern Nature\u00ae","url":"https:\/\/monatglobal.com\/es\/"},{"@type":"WebPage","@id":"https:\/\/monatglobal.com\/es\/skincare-perfector\/#webpage","url":"https:\/\/monatglobal.com\/es\/skincare-perfector\/","name":"Perfeccionador Instant\u00e1neo 30 Second Miracle\u2122 - MONAT Espa\u00f1a","description":"M\u00c1S VENDIDOS M\u00c1S VENDIDOS Perfeccionador Instant\u00e1neo 30 Second Miracle\u2122 Reafirma y elimina P\u00e9ptido para una correcci\u00f3n instant\u00e1nea y extracto de flor de lirio 15 ml \u212e 0.5 fl. oz. Precio de venta Cliente00.00 \u20ac Precio Cliente VIP00.00 \u20ac Para conocer m\u00e1s sobre Perfeccionador Instant\u00e1neo 30 Second Miracle\u2122, ponte en contacto con tu Market Partner de MONAT. Beneficios","inLanguage":"en-US","isPartOf":{"@id":"https:\/\/monatglobal.com\/es\/#website"},"breadcrumb":{"@id":"https:\/\/monatglobal.com\/es\/skincare-perfector\/#breadcrumblist"},"image":{"@type":"ImageObject","url":"https:\/\/monatglobal.com\/es\/wp-content\/uploads\/sites\/10\/2021\/11\/30-second-miracle.png","@id":"https:\/\/monatglobal.com\/es\/skincare-perfector\/#mainImage","width":341,"height":450},"primaryImageOfPage":{"@id":"https:\/\/monatglobal.com\/es\/skincare-perfector\/#mainImage"},"datePublished":"2021-11-22T22:01:29+00:00","dateModified":"2026-02-06T19:01:11+00:00"},{"@type":"WebSite","@id":"https:\/\/monatglobal.com\/es\/#website","url":"https:\/\/monatglobal.com\/es\/","name":"MONAT Espa\u00f1a","description":"We Are Modern Nature\u00ae","inLanguage":"en-US","publisher":{"@id":"https:\/\/monatglobal.com\/es\/#organization"}}]},"og:locale":"en_US","og:site_name":"MONAT Espa\u00f1a - We Are Modern Nature\u00ae","og:type":"article","og:title":"Perfeccionador Instant\u00e1neo 30 Second Miracle\u2122 - MONAT Espa\u00f1a","og:description":"M\u00c1S VENDIDOS M\u00c1S VENDIDOS Perfeccionador Instant\u00e1neo 30 Second Miracle\u2122 Reafirma y elimina P\u00e9ptido para una correcci\u00f3n instant\u00e1nea y extracto de flor de lirio 15 ml \u212e 0.5 fl. oz. Precio de venta Cliente00.00 \u20ac Precio Cliente VIP00.00 \u20ac Para conocer m\u00e1s sobre Perfeccionador Instant\u00e1neo 30 Second Miracle\u2122, ponte en contacto con tu Market Partner de MONAT. Beneficios","og:url":"https:\/\/monatglobal.com\/es\/skincare-perfector\/","article:published_time":"2021-11-22T22:01:29+00:00","article:modified_time":"2026-02-06T19:01:11+00:00","twitter:card":"summary_large_image","twitter:title":"Perfeccionador Instant\u00e1neo 30 Second Miracle\u2122 - MONAT Espa\u00f1a","twitter:description":"M\u00c1S VENDIDOS M\u00c1S VENDIDOS Perfeccionador Instant\u00e1neo 30 Second Miracle\u2122 Reafirma y elimina P\u00e9ptido para una correcci\u00f3n instant\u00e1nea y extracto de flor de lirio 15 ml \u212e 0.5 fl. oz. Precio de venta Cliente00.00 \u20ac Precio Cliente VIP00.00 \u20ac Para conocer m\u00e1s sobre Perfeccionador Instant\u00e1neo 30 Second Miracle\u2122, ponte en contacto con tu Market Partner de MONAT. Beneficios"},"aioseo_meta_data":{"post_id":"65797","title":null,"description":null,"keywords":null,"keyphrases":null,"primary_term":null,"canonical_url":null,"og_title":null,"og_description":null,"og_object_type":"default","og_image_type":"default","og_image_url":null,"og_image_width":null,"og_image_height":null,"og_image_custom_url":null,"og_image_custom_fields":null,"og_video":null,"og_custom_url":null,"og_article_section":null,"og_article_tags":null,"twitter_use_og":false,"twitter_card":"default","twitter_image_type":"default","twitter_image_url":null,"twitter_image_custom_url":null,"twitter_image_custom_fields":null,"twitter_title":null,"twitter_description":null,"schema":{"blockGraphs":[],"customGraphs":[],"default":{"data":{"Article":[],"Course":[],"Dataset":[],"FAQPage":[],"Movie":[],"Person":[],"Product":[],"ProductReview":[],"Car":[],"Recipe":[],"Service":[],"SoftwareApplication":[],"WebPage":[]},"graphName":"WebPage","isEnabled":true},"graphs":[]},"schema_type":"default","schema_type_options":null,"pillar_content":false,"robots_default":true,"robots_noindex":false,"robots_noarchive":false,"robots_nosnippet":false,"robots_nofollow":false,"robots_noimageindex":false,"robots_noodp":false,"robots_notranslate":false,"robots_max_snippet":null,"robots_max_videopreview":null,"robots_max_imagepreview":"large","priority":null,"frequency":null,"local_seo":null,"seo_analyzer_scan_date":"2025-08-14 17:30:32","limit_modified_date":false,"reviewed_by":null,"open_ai":null,"ai":null,"created":"2023-07-26 09:18:34","updated":"2026-02-10 05:20:47"},"aioseo_breadcrumb":"<div class=\"aioseo-breadcrumbs\"><span class=\"aioseo-breadcrumb\">\n\t<a href=\"https:\/\/monatglobal.com\/es\" title=\"Home\">Home<\/a>\n<\/span><span class=\"aioseo-breadcrumb-separator\">&raquo;<\/span><span class=\"aioseo-breadcrumb\">\n\tPerfeccionador Instant\u00e1neo 30 Second Miracle\u2122\n<\/span><\/div>","aioseo_breadcrumb_json":[{"label":"Home","link":"https:\/\/monatglobal.com\/es"},{"label":"Perfeccionador Instant\u00e1neo 30 Second Miracle\u2122","link":"https:\/\/monatglobal.com\/es\/skincare-perfector\/"}],"_links":{"self":[{"href":"https:\/\/monatglobal.com\/es\/wp-json\/wp\/v2\/pages\/65797","targetHints":{"allow":["GET"]}}],"collection":[{"href":"https:\/\/monatglobal.com\/es\/wp-json\/wp\/v2\/pages"}],"about":[{"href":"https:\/\/monatglobal.com\/es\/wp-json\/wp\/v2\/types\/page"}],"author":[{"embeddable":true,"href":"https:\/\/monatglobal.com\/es\/wp-json\/wp\/v2\/users\/31"}],"replies":[{"embeddable":true,"href":"https:\/\/monatglobal.com\/es\/wp-json\/wp\/v2\/comments?post=65797"}],"version-history":[{"count":25,"href":"https:\/\/monatglobal.com\/es\/wp-json\/wp\/v2\/pages\/65797\/revisions"}],"predecessor-version":[{"id":109057,"href":"https:\/\/monatglobal.com\/es\/wp-json\/wp\/v2\/pages\/65797\/revisions\/109057"}],"wp:featuredmedia":[{"embeddable":true,"href":"https:\/\/monatglobal.com\/es\/wp-json\/wp\/v2\/media\/65798"}],"wp:attachment":[{"href":"https:\/\/monatglobal.com\/es\/wp-json\/wp\/v2\/media?parent=65797"}],"wp:term":[{"taxonomy":"category","embeddable":true,"href":"https:\/\/monatglobal.com\/es\/wp-json\/wp\/v2\/categories?post=65797"},{"taxonomy":"post_tag","embeddable":true,"href":"https:\/\/monatglobal.com\/es\/wp-json\/wp\/v2\/tags?post=65797"}],"curies":[{"name":"wp","href":"https:\/\/api.w.org\/{rel}","templated":true}]}}