{"id":65774,"date":"2021-11-19T20:08:06","date_gmt":"2021-11-19T20:08:06","guid":{"rendered":"https:\/\/monatglobal.com\/es\/?page_id=65774"},"modified":"2026-02-24T17:28:11","modified_gmt":"2026-02-24T17:28:11","slug":"foamy-cleanser","status":"publish","type":"page","link":"https:\/\/monatglobal.com\/es\/foamy-cleanser\/","title":{"rendered":"Limpiadora espumosa BE BALANCED\u2122"},"content":{"rendered":"\n\n\t<link rel=\"stylesheet\" href=\"https:\/\/unpkg.com\/swiper\/swiper-bundle.min.css\" \/>\n<link rel=\"stylesheet\" href=\"https:\/\/monatglobal.com\/wp-content\/creative_css\/product_styles_sheet.css\" \/>\n   <!--==================================================== ECOMM SECTION ====================================================-->\n   <p>M\u00c1S VENDIDOS<\/p>\n      <!--==================================================== Ecomm image ====================================================-->\n <img decoding=\"async\" src=\"https:\/\/monatglobal.com\/au\/wp-content\/uploads\/sites\/12\/2021\/12\/BE-balanced-Creamy-Cleanser-ecomm-2022.png\" alt=\"BE BALANCED\u2122 Foamy Cleanser\" loading=\"lazy\"\/>\n      <!--==================================================== Ecomm information  ====================================================-->\n         \n         <p>M\u00c1S VENDIDOS<\/p>\n         <h1> Limpiadora espumosa<\/h1>\n         <p>BE BALANCED\u2122<\/p>\n         <p>Purifica y suaviza<br \/> Con antioxidantes que suavizan la piel, y \u00e1cidos frutales&nbsp;naturales.<\/p>\n         <p>120 ml \u212e 4.0 fl oz<\/p>\n      <!--==================================================== pricing box  ====================================================-->   \n         <p>Precio de venta Cliente<br \/>00.00 \u20ac<\/p>\n         <p>Precio Cliente VIP<br \/>00.00 \u20ac<\/p>\n       <!--==================================================== pricing box  ====================================================-->  \n         <p>Para conocer m\u00e1s sobre Limpiadora espumosa BE BALANCED\u2122, ponte en contacto con tu Market Partner de&nbsp;MONAT.<\/p>\n          <a href=\"\" target=\"_blank\" role=\"button\" aria-label=\"\" rel=\"noopener\"><\/a>\n   <!--==================================================== \/ECOMM SECTION  ====================================================-->\n   <!--==================================================== Benefits image ====================================================-->\n  \n    <source media=\"(max-width: 700px)\" srcset=\"https:\/\/monatglobal.com\/au\/wp-content\/uploads\/sites\/12\/2021\/12\/BE-balanced-foamy-Cleanser-benefits_mobile.jpg\" loading=\"lazy\"\/>\n      <img decoding=\"async\" src=\"https:\/\/monatglobal.com\/au\/wp-content\/uploads\/sites\/12\/2021\/12\/BE-balanced-foamy-Cleanser-benefits.jpg\" alt=\"\" loading=\"lazy\"\/>\n    \n   <!--==================================================== Benefits text ====================================================-->\n         <h2>BENEFICIOS<\/h2>\n         <h3>Una Limpiadora espumosa lujosamente refrescante, que elimina las impurezas de la piel al tiempo \n         que preserva su hidrataci\u00f3n, revelando un cutis m\u00e1s luminoso y saludable.<\/h3>\n         <!--==================================================== features image  ====================================================-->\n         <img decoding=\"async\" alt=\"\" src=\"https:\/\/monatglobal.com\/au\/wp-content\/uploads\/sites\/12\/2021\/12\/be-balanced-foamy-cleanser-features.jpg\" loading=\"lazy\"\/>\n      <!--==================================================== features text ====================================================-->\n            <h3>Caracter\u00edsticas<\/h3>\n               <p>\/ Elimina con delicadez las impurezas y los factores ambientales a la vez que suaviza y reconforta la&nbsp;piel<\/p>\n               <p>\/ Purifica y minimiza los poros sin sentir tirantez ni&nbsp;sequedad<\/p>\n               <p>\/ Aporta suavidad, frescura y luminosidad al&nbsp;cutis<\/p>\n               <p>\/ Elimina la grasa y gana 24 horas de&nbsp;hidrataci\u00f3n<\/p>\n               <p>\/ Ideal para pieles normales y&nbsp;mixtas<\/p>\n               <br \/>\n            <p>Fragrance \/ Unwind and enjoy a coconut-forward, citrusy aroma with notes of blood orange, coconut husk, cashew nut and&nbsp;sandalwood. <\/p>\n            <p> Texture \/ Cream <\/p>\n   <!--==================================================== composition image mobile ====================================================-->\n   <img decoding=\"async\" alt=\"\" src=\"https:\/\/monatglobal.com\/au\/wp-content\/uploads\/sites\/12\/2021\/12\/Be-Balanced-Foamy-Cleanser-composition-1.jpg\" loading=\"lazy\"\/>\n   <!--==================================================== Why it works text ====================================================-->\n      <h2>PURIFICA Y SUAVIZA<\/h2>\n      <h3>Lujosa y refrescante Limpiadora espumosa que elimina las impurezas, las agresiones ambientales y \n      la grasa superficial, para conseguir un cutis aterciopelado y&nbsp;retexturizado. <\/h3>\n      <p>Deja la piel con una sensaci\u00f3n de limpieza y revela un cutis m\u00e1s luminoso y&nbsp;saludable.<\/p>\n<!--==================================================== Composition section ====================================================-->\n      <img decoding=\"async\" alt=\"\" src=\"https:\/\/monatglobal.com\/au\/wp-content\/uploads\/sites\/12\/2021\/12\/Be-Balanced-Foamy-Cleanser-composition-1.jpg\" loading=\"lazy\"\/>\n      <img decoding=\"async\" alt=\"\" \n      src=\"https:\/\/monatglobal.com\/au\/wp-content\/uploads\/sites\/12\/2021\/12\/Be-Balanced-Foamy-Cleanser-composition-3.jpg\" loading=\"lazy\"\/>\n            <!--==================================================== Directions text ====================================================--> \n               <h3>Modo de uso<\/h3>\n                    <p>\/ Uso diario de d\u00eda y de&nbsp;noche.<\/p>\n                    <p>\/ Aplica un peque\u00f1a cantidad en las manos, a\u00f1ade agua y emulsiona para hacer&nbsp;espuma.<\/p>\n                    <p>\/ Limpia con suavidad el rostro, cuello y escote realizando movimientos&nbsp;circulares.<\/p>\n                    <p>\/ Aseg\u00farate de evitar la zona de los&nbsp;ojos.<\/p>\n                    <p>\/ Aclara con agua&nbsp;templada.<\/p>\n                    <p>\/ Contin\u00faa con tu rutina de cuidado de la piel&nbsp;MONAT.<\/p>\n            <!--==================================================== Directions video ====================================================-->\n      <p>Limpiadora espumosa BE&nbsp;BALANCED\u2122<br \/>0:40<\/p>\n         <!--==================================================== features image  ====================================================-->\n         <img decoding=\"async\" alt=\"\" src=\"https:\/\/monatglobal.com\/au\/wp-content\/uploads\/sites\/12\/2021\/12\/sunscreen-suggestion.jpg\" loading=\"lazy\"\/>\n      <!--==================================================== features text ====================================================-->\n            <h3>Sugerencias<\/h3>\n               <p>\/ Obt\u00e9n mejores resultados haciendo una doble&nbsp;limpieza.<\/p>\n               <p>\/ Aplica protector solar 15 minutos antes de salir a la&nbsp;calle.<\/p>\n      <a href=\"\" target=\"_blank\" role=\"button\" aria-label=\"\" rel=\"noopener\"><\/a>\n   <!--==================================================== Ingredients section  ====================================================-->\n      <h2>INGREDIENTES ACTIVOS CLAVE<\/h2>\n      <p>REJUVENIQE S\u2122<\/p>\n      <p>P\u00e9ptido<\/p>\n      <p>\u00c1cidos frutales naturales&#038;(AHAs)<\/p>\n      <p>Antioxidantes<\/p>\n        <button id=\"myBtn\" type=\"button\">VER LA LISTA DE INGREDIENTES COMPLETA <\/button>\n      <!--==================================================== Modal content  ====================================================-->\n         &times;\n         Aqua\/Water\/Eau, Sodium Cocoyl Isethionate, Lecithin, Glycerin, Palmitic Acid, C12-16 Alcohols, Trifluoroacetyl Tripeptide-2, \n         Mangifera Indica (Mango) Pulp Extract, Musa Sapientum (Banana) Pulp Extract, Saccharum Officinarum (Sugarcane) Extract, Glycolic Acid, \n         Tocopherol, Limnanthes Alba (Meadowfoam) Seed Oil, Crambe Abyssinica Seed Oil, Camellia Oleifera Seed Oil, Solanum Lycopersicum (Tomato) Seed \n         Oil, Daucus Carota Sativa (Carrot) Seed Oil, Citrus Limon (Lemon) Peel Oil, Citrus Aurantifolia (Lime) Oil, Citrus Aurantium Bergamia \n         (Bergamot) Fruit Oil, Adansonia Digitata Oil, Mauritia Flexuosa Fruit Oil, Cocos Nucifera (Coconut) Oil, Gardenia Taitensis Flower Extract, \n         Moringa Oleifera Seed Oil, Caryocar Brasiliense Fruit Oil, Helianthus Annuus (Sunflower) Seed Oil, Olea Europaea (Olive) Fruit Oil, Simmondsia \n         Chinensis (Jojoba) Seed Extract, Sodium Phytate, Xanthan Gum, Sclerotium Gum, Pullulan, Dextran, Fragrance\/Parfum, Ethylhexylglycerin, Benzyl&nbsp;Alcohol.\n   <!--==================================================== You might also like section ====================================================-->\n      <h2>PUEDE QUE TAMBI\u00c9N TE GUSTE<\/h2>\n      <!--==================================================== Slider YOU MIGHT ALSO LIKE ====================================================-->\n          <!---->\n          <!--   -->\n                <!-- Slides products-->\n          <!--      -->\n          <!--         <a href=\"\/es\/age-control-nectar\/\" aria-label=\"Go to N\u00c9CTAR ANTI-EDAD REWIND\u2122 page\">-->\n          <!--          <img decoding=\"async\" src=\"https:\/\/monatglobal.com\/wp-content\/uploads\/2022\/12\/Rewind-Age-Control-Nectar-ecomm-min.png\" alt=\"N\u00c9CTAR ANTI-EDAD REWIND\u2122\" loading=\"lazy\"\/>-->\n          <!--          <p>N\u00c9CTAR ANTI-EDAD REWIND\u2122<\/p>-->\n          <!--        <\/a>-->\n          <!--      -->\n          <!--      -->\n          <!--         <a href=\"\/es\/eye-smooth\/\" aria-label=\"Go to EYE SMOOTH\u2122 page\">-->\n          <!--          <img decoding=\"async\" src=\"https:\/\/monatglobal.com\/wp-content\/uploads\/2022\/12\/Eye-smooth-ecomm-2022-min.png\" alt=\"EYE SMOOTH\u2122\" loading=\"lazy\"\/>-->\n          <!--          <p>EYE SMOOTH\u2122<\/p>-->\n          <!--        <\/a>-->\n          <!--      -->\n          <!--      -->\n          <!--         <a href=\"\/es\/nourishing-moisturizer\/\" aria-label=\"Go to CREMA HIDRATANTE NUTRITIVA BE GENTLE\u2122 page\">-->\n          <!--            <img decoding=\"async\" src=\"https:\/\/monatglobal.com\/wp-content\/uploads\/2022\/12\/Be-Gentle-Nourishing-Moisturizer-ecomm-min.png\" alt=\"CREMA HIDRATANTE NUTRITIVA BE GENTLE\u2122\" loading=\"lazy\"\/>-->\n          <!--            <p>CREMA HIDRATANTE NUTRITIVA <br \/>BE GENTLE\u2122<\/p>-->\n          <!--         <\/a>-->\n          <!--      -->\n          <!--   -->\n             <!-- If we need navigation buttons -->\n          <!--   -->\n          <!--   -->\n             <!-- If we need paginations -->\n          <!--   -->\n          <!---->\n         <!--==================================================== If we need navigation buttons  ====================================================-->\n         <!--==================================================== If we need paginations  ====================================================-->\n    <a href=\"\" aria-label=\"\"><\/a>\n<!--==================================================== this link has to go last for it to work   ====================================================-->\n\n","protected":false},"excerpt":{"rendered":"<p>M\u00c1S VENDIDOS M\u00c1S VENDIDOS Limpiadora espumosa BE BALANCED\u2122 Purifica y suaviza Con antioxidantes que suavizan la piel, y \u00e1cidos frutales&nbsp;naturales. 120 ml \u212e 4.0 fl oz Precio de venta Cliente00.00 \u20ac Precio Cliente VIP00.00 \u20ac Para conocer m\u00e1s sobre Limpiadora espumosa BE BALANCED\u2122, ponte en contacto con tu Market Partner de&nbsp;MONAT. BENEFICIOS Una Limpiadora espumosa&hellip;<\/p>\n","protected":false},"author":31,"featured_media":65775,"parent":0,"menu_order":0,"comment_status":"closed","ping_status":"closed","template":"","meta":{"inline_featured_image":false,"om_disable_all_campaigns":false,"_monsterinsights_skip_tracking":false,"_monsterinsights_sitenote_active":false,"_monsterinsights_sitenote_note":"","_monsterinsights_sitenote_category":0,"footnotes":""},"categories":[31],"tags":[],"class_list":["post-65774","page","type-page","status-publish","has-post-thumbnail","hentry","category-product-es"],"aioseo_notices":[],"aioseo_head":"\n\t\t<!-- All in One SEO Pro 4.9.6 - aioseo.com -->\n\t<meta name=\"description\" content=\"M\u00c1S VENDIDOS M\u00c1S VENDIDOS Limpiadora espumosa BE BALANCED\u2122 Purifica y suaviza Con antioxidantes que suavizan la piel, y \u00e1cidos frutales naturales. 120 ml \u212e 4.0 fl oz Precio de venta Cliente00.00 \u20ac Precio Cliente VIP00.00 \u20ac Para conocer m\u00e1s sobre Limpiadora espumosa BE BALANCED\u2122, ponte en contacto con tu Market Partner de MONAT. BENEFICIOS Una Limpiadora espumosa\" \/>\n\t<meta name=\"robots\" content=\"max-image-preview:large\" \/>\n\t<link rel=\"canonical\" href=\"https:\/\/monatglobal.com\/es\/foamy-cleanser\/\" \/>\n\t<meta name=\"generator\" content=\"All in One SEO Pro (AIOSEO) 4.9.6\" \/>\n\t\t<meta property=\"og:locale\" content=\"en_US\" \/>\n\t\t<meta property=\"og:site_name\" content=\"MONAT Espa\u00f1a - We Are Modern Nature\u00ae\" \/>\n\t\t<meta property=\"og:type\" content=\"article\" \/>\n\t\t<meta property=\"og:title\" content=\"Limpiadora espumosa BE BALANCED\u2122 - MONAT Espa\u00f1a\" \/>\n\t\t<meta property=\"og:description\" content=\"M\u00c1S VENDIDOS M\u00c1S VENDIDOS Limpiadora espumosa BE BALANCED\u2122 Purifica y suaviza Con antioxidantes que suavizan la piel, y \u00e1cidos frutales naturales. 120 ml \u212e 4.0 fl oz Precio de venta Cliente00.00 \u20ac Precio Cliente VIP00.00 \u20ac Para conocer m\u00e1s sobre Limpiadora espumosa BE BALANCED\u2122, ponte en contacto con tu Market Partner de MONAT. BENEFICIOS Una Limpiadora espumosa\" \/>\n\t\t<meta property=\"og:url\" content=\"https:\/\/monatglobal.com\/es\/foamy-cleanser\/\" \/>\n\t\t<meta property=\"article:published_time\" content=\"2021-11-19T20:08:06+00:00\" \/>\n\t\t<meta property=\"article:modified_time\" content=\"2026-02-24T17:28:11+00:00\" \/>\n\t\t<meta name=\"twitter:card\" content=\"summary_large_image\" \/>\n\t\t<meta name=\"twitter:title\" content=\"Limpiadora espumosa BE BALANCED\u2122 - MONAT Espa\u00f1a\" \/>\n\t\t<meta name=\"twitter:description\" content=\"M\u00c1S VENDIDOS M\u00c1S VENDIDOS Limpiadora espumosa BE BALANCED\u2122 Purifica y suaviza Con antioxidantes que suavizan la piel, y \u00e1cidos frutales naturales. 120 ml \u212e 4.0 fl oz Precio de venta Cliente00.00 \u20ac Precio Cliente VIP00.00 \u20ac Para conocer m\u00e1s sobre Limpiadora espumosa BE BALANCED\u2122, ponte en contacto con tu Market Partner de MONAT. BENEFICIOS Una Limpiadora espumosa\" \/>\n\t\t<script type=\"application\/ld+json\" class=\"aioseo-schema\">\n\t\t\t{\"@context\":\"https:\\\/\\\/schema.org\",\"@graph\":[{\"@type\":\"BreadcrumbList\",\"@id\":\"https:\\\/\\\/monatglobal.com\\\/es\\\/foamy-cleanser\\\/#breadcrumblist\",\"itemListElement\":[{\"@type\":\"ListItem\",\"@id\":\"https:\\\/\\\/monatglobal.com\\\/es#listItem\",\"position\":1,\"name\":\"Home\",\"item\":\"https:\\\/\\\/monatglobal.com\\\/es\",\"nextItem\":{\"@type\":\"ListItem\",\"@id\":\"https:\\\/\\\/monatglobal.com\\\/es\\\/foamy-cleanser\\\/#listItem\",\"name\":\"Limpiadora espumosa BE BALANCED\\u2122\"}},{\"@type\":\"ListItem\",\"@id\":\"https:\\\/\\\/monatglobal.com\\\/es\\\/foamy-cleanser\\\/#listItem\",\"position\":2,\"name\":\"Limpiadora espumosa BE BALANCED\\u2122\",\"previousItem\":{\"@type\":\"ListItem\",\"@id\":\"https:\\\/\\\/monatglobal.com\\\/es#listItem\",\"name\":\"Home\"}}]},{\"@type\":\"Organization\",\"@id\":\"https:\\\/\\\/monatglobal.com\\\/es\\\/#organization\",\"name\":\"MONAT Espa\\u00f1a\",\"description\":\"We Are Modern Nature\\u00ae\",\"url\":\"https:\\\/\\\/monatglobal.com\\\/es\\\/\"},{\"@type\":\"WebPage\",\"@id\":\"https:\\\/\\\/monatglobal.com\\\/es\\\/foamy-cleanser\\\/#webpage\",\"url\":\"https:\\\/\\\/monatglobal.com\\\/es\\\/foamy-cleanser\\\/\",\"name\":\"Limpiadora espumosa BE BALANCED\\u2122 - MONAT Espa\\u00f1a\",\"description\":\"M\\u00c1S VENDIDOS M\\u00c1S VENDIDOS Limpiadora espumosa BE BALANCED\\u2122 Purifica y suaviza Con antioxidantes que suavizan la piel, y \\u00e1cidos frutales naturales. 120 ml \\u212e 4.0 fl oz Precio de venta Cliente00.00 \\u20ac Precio Cliente VIP00.00 \\u20ac Para conocer m\\u00e1s sobre Limpiadora espumosa BE BALANCED\\u2122, ponte en contacto con tu Market Partner de MONAT. BENEFICIOS Una Limpiadora espumosa\",\"inLanguage\":\"en-US\",\"isPartOf\":{\"@id\":\"https:\\\/\\\/monatglobal.com\\\/es\\\/#website\"},\"breadcrumb\":{\"@id\":\"https:\\\/\\\/monatglobal.com\\\/es\\\/foamy-cleanser\\\/#breadcrumblist\"},\"image\":{\"@type\":\"ImageObject\",\"url\":\"https:\\\/\\\/monatglobal.com\\\/es\\\/wp-content\\\/uploads\\\/sites\\\/10\\\/2021\\\/11\\\/be-balanced-foamy-cleanser-.png\",\"@id\":\"https:\\\/\\\/monatglobal.com\\\/es\\\/foamy-cleanser\\\/#mainImage\",\"width\":341,\"height\":450},\"primaryImageOfPage\":{\"@id\":\"https:\\\/\\\/monatglobal.com\\\/es\\\/foamy-cleanser\\\/#mainImage\"},\"datePublished\":\"2021-11-19T20:08:06+00:00\",\"dateModified\":\"2026-02-24T17:28:11+00:00\"},{\"@type\":\"WebSite\",\"@id\":\"https:\\\/\\\/monatglobal.com\\\/es\\\/#website\",\"url\":\"https:\\\/\\\/monatglobal.com\\\/es\\\/\",\"name\":\"MONAT Espa\\u00f1a\",\"description\":\"We Are Modern Nature\\u00ae\",\"inLanguage\":\"en-US\",\"publisher\":{\"@id\":\"https:\\\/\\\/monatglobal.com\\\/es\\\/#organization\"}}]}\n\t\t<\/script>\n\t\t<!-- All in One SEO Pro -->\r\n\t\t<title>Limpiadora espumosa BE BALANCED\u2122 - MONAT Espa\u00f1a<\/title>\n\n","aioseo_head_json":{"title":"Limpiadora espumosa BE BALANCED\u2122 - MONAT Espa\u00f1a","description":"M\u00c1S VENDIDOS M\u00c1S VENDIDOS Limpiadora espumosa BE BALANCED\u2122 Purifica y suaviza Con antioxidantes que suavizan la piel, y \u00e1cidos frutales naturales. 120 ml \u212e 4.0 fl oz Precio de venta Cliente00.00 \u20ac Precio Cliente VIP00.00 \u20ac Para conocer m\u00e1s sobre Limpiadora espumosa BE BALANCED\u2122, ponte en contacto con tu Market Partner de MONAT. BENEFICIOS Una Limpiadora espumosa","canonical_url":"https:\/\/monatglobal.com\/es\/foamy-cleanser\/","robots":"max-image-preview:large","keywords":"","webmasterTools":{"miscellaneous":""},"schema":{"@context":"https:\/\/schema.org","@graph":[{"@type":"BreadcrumbList","@id":"https:\/\/monatglobal.com\/es\/foamy-cleanser\/#breadcrumblist","itemListElement":[{"@type":"ListItem","@id":"https:\/\/monatglobal.com\/es#listItem","position":1,"name":"Home","item":"https:\/\/monatglobal.com\/es","nextItem":{"@type":"ListItem","@id":"https:\/\/monatglobal.com\/es\/foamy-cleanser\/#listItem","name":"Limpiadora espumosa BE BALANCED\u2122"}},{"@type":"ListItem","@id":"https:\/\/monatglobal.com\/es\/foamy-cleanser\/#listItem","position":2,"name":"Limpiadora espumosa BE BALANCED\u2122","previousItem":{"@type":"ListItem","@id":"https:\/\/monatglobal.com\/es#listItem","name":"Home"}}]},{"@type":"Organization","@id":"https:\/\/monatglobal.com\/es\/#organization","name":"MONAT Espa\u00f1a","description":"We Are Modern Nature\u00ae","url":"https:\/\/monatglobal.com\/es\/"},{"@type":"WebPage","@id":"https:\/\/monatglobal.com\/es\/foamy-cleanser\/#webpage","url":"https:\/\/monatglobal.com\/es\/foamy-cleanser\/","name":"Limpiadora espumosa BE BALANCED\u2122 - MONAT Espa\u00f1a","description":"M\u00c1S VENDIDOS M\u00c1S VENDIDOS Limpiadora espumosa BE BALANCED\u2122 Purifica y suaviza Con antioxidantes que suavizan la piel, y \u00e1cidos frutales naturales. 120 ml \u212e 4.0 fl oz Precio de venta Cliente00.00 \u20ac Precio Cliente VIP00.00 \u20ac Para conocer m\u00e1s sobre Limpiadora espumosa BE BALANCED\u2122, ponte en contacto con tu Market Partner de MONAT. BENEFICIOS Una Limpiadora espumosa","inLanguage":"en-US","isPartOf":{"@id":"https:\/\/monatglobal.com\/es\/#website"},"breadcrumb":{"@id":"https:\/\/monatglobal.com\/es\/foamy-cleanser\/#breadcrumblist"},"image":{"@type":"ImageObject","url":"https:\/\/monatglobal.com\/es\/wp-content\/uploads\/sites\/10\/2021\/11\/be-balanced-foamy-cleanser-.png","@id":"https:\/\/monatglobal.com\/es\/foamy-cleanser\/#mainImage","width":341,"height":450},"primaryImageOfPage":{"@id":"https:\/\/monatglobal.com\/es\/foamy-cleanser\/#mainImage"},"datePublished":"2021-11-19T20:08:06+00:00","dateModified":"2026-02-24T17:28:11+00:00"},{"@type":"WebSite","@id":"https:\/\/monatglobal.com\/es\/#website","url":"https:\/\/monatglobal.com\/es\/","name":"MONAT Espa\u00f1a","description":"We Are Modern Nature\u00ae","inLanguage":"en-US","publisher":{"@id":"https:\/\/monatglobal.com\/es\/#organization"}}]},"og:locale":"en_US","og:site_name":"MONAT Espa\u00f1a - We Are Modern Nature\u00ae","og:type":"article","og:title":"Limpiadora espumosa BE BALANCED\u2122 - MONAT Espa\u00f1a","og:description":"M\u00c1S VENDIDOS M\u00c1S VENDIDOS Limpiadora espumosa BE BALANCED\u2122 Purifica y suaviza Con antioxidantes que suavizan la piel, y \u00e1cidos frutales naturales. 120 ml \u212e 4.0 fl oz Precio de venta Cliente00.00 \u20ac Precio Cliente VIP00.00 \u20ac Para conocer m\u00e1s sobre Limpiadora espumosa BE BALANCED\u2122, ponte en contacto con tu Market Partner de MONAT. BENEFICIOS Una Limpiadora espumosa","og:url":"https:\/\/monatglobal.com\/es\/foamy-cleanser\/","article:published_time":"2021-11-19T20:08:06+00:00","article:modified_time":"2026-02-24T17:28:11+00:00","twitter:card":"summary_large_image","twitter:title":"Limpiadora espumosa BE BALANCED\u2122 - MONAT Espa\u00f1a","twitter:description":"M\u00c1S VENDIDOS M\u00c1S VENDIDOS Limpiadora espumosa BE BALANCED\u2122 Purifica y suaviza Con antioxidantes que suavizan la piel, y \u00e1cidos frutales naturales. 120 ml \u212e 4.0 fl oz Precio de venta Cliente00.00 \u20ac Precio Cliente VIP00.00 \u20ac Para conocer m\u00e1s sobre Limpiadora espumosa BE BALANCED\u2122, ponte en contacto con tu Market Partner de MONAT. BENEFICIOS Una Limpiadora espumosa"},"aioseo_meta_data":{"post_id":"65774","title":null,"description":null,"keywords":null,"keyphrases":null,"primary_term":null,"canonical_url":null,"og_title":null,"og_description":null,"og_object_type":"default","og_image_type":"default","og_image_url":null,"og_image_width":null,"og_image_height":null,"og_image_custom_url":null,"og_image_custom_fields":null,"og_video":null,"og_custom_url":null,"og_article_section":null,"og_article_tags":null,"twitter_use_og":false,"twitter_card":"default","twitter_image_type":"default","twitter_image_url":null,"twitter_image_custom_url":null,"twitter_image_custom_fields":null,"twitter_title":null,"twitter_description":null,"schema":{"blockGraphs":[],"customGraphs":[],"default":{"data":{"Article":[],"Course":[],"Dataset":[],"FAQPage":[],"Movie":[],"Person":[],"Product":[],"ProductReview":[],"Car":[],"Recipe":[],"Service":[],"SoftwareApplication":[],"WebPage":[]},"graphName":"WebPage","isEnabled":true},"graphs":[]},"schema_type":"default","schema_type_options":null,"pillar_content":false,"robots_default":true,"robots_noindex":false,"robots_noarchive":false,"robots_nosnippet":false,"robots_nofollow":false,"robots_noimageindex":false,"robots_noodp":false,"robots_notranslate":false,"robots_max_snippet":null,"robots_max_videopreview":null,"robots_max_imagepreview":"large","priority":null,"frequency":null,"local_seo":null,"seo_analyzer_scan_date":"2026-02-24 18:11:19","limit_modified_date":false,"reviewed_by":null,"open_ai":null,"ai":null,"created":"2023-07-26 09:18:34","updated":"2026-02-24 18:11:19"},"aioseo_breadcrumb":"<div class=\"aioseo-breadcrumbs\"><span class=\"aioseo-breadcrumb\">\n\t<a href=\"https:\/\/monatglobal.com\/es\" title=\"Home\">Home<\/a>\n<\/span><span class=\"aioseo-breadcrumb-separator\">&raquo;<\/span><span class=\"aioseo-breadcrumb\">\n\tLimpiadora espumosa BE BALANCED\u2122\n<\/span><\/div>","aioseo_breadcrumb_json":[{"label":"Home","link":"https:\/\/monatglobal.com\/es"},{"label":"Limpiadora espumosa BE BALANCED\u2122","link":"https:\/\/monatglobal.com\/es\/foamy-cleanser\/"}],"_links":{"self":[{"href":"https:\/\/monatglobal.com\/es\/wp-json\/wp\/v2\/pages\/65774","targetHints":{"allow":["GET"]}}],"collection":[{"href":"https:\/\/monatglobal.com\/es\/wp-json\/wp\/v2\/pages"}],"about":[{"href":"https:\/\/monatglobal.com\/es\/wp-json\/wp\/v2\/types\/page"}],"author":[{"embeddable":true,"href":"https:\/\/monatglobal.com\/es\/wp-json\/wp\/v2\/users\/31"}],"replies":[{"embeddable":true,"href":"https:\/\/monatglobal.com\/es\/wp-json\/wp\/v2\/comments?post=65774"}],"version-history":[{"count":29,"href":"https:\/\/monatglobal.com\/es\/wp-json\/wp\/v2\/pages\/65774\/revisions"}],"predecessor-version":[{"id":109242,"href":"https:\/\/monatglobal.com\/es\/wp-json\/wp\/v2\/pages\/65774\/revisions\/109242"}],"wp:featuredmedia":[{"embeddable":true,"href":"https:\/\/monatglobal.com\/es\/wp-json\/wp\/v2\/media\/65775"}],"wp:attachment":[{"href":"https:\/\/monatglobal.com\/es\/wp-json\/wp\/v2\/media?parent=65774"}],"wp:term":[{"taxonomy":"category","embeddable":true,"href":"https:\/\/monatglobal.com\/es\/wp-json\/wp\/v2\/categories?post=65774"},{"taxonomy":"post_tag","embeddable":true,"href":"https:\/\/monatglobal.com\/es\/wp-json\/wp\/v2\/tags?post=65774"}],"curies":[{"name":"wp","href":"https:\/\/api.w.org\/{rel}","templated":true}]}}