{"id":65739,"date":"2021-11-15T20:25:28","date_gmt":"2021-11-15T20:25:28","guid":{"rendered":"https:\/\/monatglobal.com\/es\/?page_id=65739"},"modified":"2026-02-06T18:47:40","modified_gmt":"2026-02-06T18:47:40","slug":"lightweight-moisturizer","status":"publish","type":"page","link":"https:\/\/monatglobal.com\/es\/lightweight-moisturizer\/","title":{"rendered":"Hidratante Ligera BE BALANCED\u2122"},"content":{"rendered":"\n\n\t<link rel=\"stylesheet\" href=\"https:\/\/unpkg.com\/swiper\/swiper-bundle.min.css\" \/>\n<link rel=\"stylesheet\" href=\"https:\/\/monatglobal.com\/wp-content\/creative_css\/product_styles_sheet.css\" \/>\n   <!--==================================================== ECOMM SECTION ====================================================-->\n      <!--==================================================== Ecomm image ====================================================-->\n             \n      <source media=\"(max-width: 700px)\" srcset=\"https:\/\/monatglobal.com\/au\/wp-content\/uploads\/sites\/12\/2021\/12\/BE-BALANCED-Lightweight-Moisturizer_ecomm_mobile.png\" loading=\"lazy\"\/>\n      <img decoding=\"async\" src=\"https:\/\/monatglobal.com\/au\/wp-content\/uploads\/sites\/12\/2021\/12\/BE-BALANCED-Lightweight-Moisturizer_ecomm.png\" alt=\"BE-BALANCED-Lightweight-Moisturizer\" loading=\"lazy\"\/>\n         \n      <!--==================================================== Ecomm information  ====================================================-->\n         \n         <h1>Hidratante<br \/> Ligera<\/h1>\n         <p>BE BALANCED\u2122<\/p>\n         <p>Restaura y calma<br \/> Con c\u00e9lulas madre vegetales regeneradoras y ceramidas<\/p>\n         <p>45 ml \u212e 1.52 fl oz<\/p>\n        <!--==================================================== pricing box  ====================================================--> \n         <p>Precio de venta Cliente<br \/>00.00 \u20ac<\/p>\n         <p>Precio Cliente VIP<br \/>00.00 \u20ac<\/p>\n        <!--==================================================== pricing box  ====================================================--> \n         <p>Para conocer m\u00e1s sobre Hidratante Ligera Be Balanced\u2122, ponte en contacto con tu Market Partner de&nbsp;MONAT.<\/p>\n          <a href=\"\" target=\"_blank\" role=\"button\" aria-label=\"\" rel=\"noopener\"><\/a>\n   <!--==================================================== \/ECOMM SECTION  ====================================================-->\n   <!--==================================================== Benefits image ====================================================-->\n  \n    <source media=\"(max-width: 700px)\" srcset=\"https:\/\/monatglobal.com\/es\/wp-content\/uploads\/sites\/10\/2021\/12\/BE-BALANCED-Lightweight-Moisturizer-benefits-close-up_mobile.jpg\" loading=\"lazy\"\/>\n      <img decoding=\"async\" src=\"https:\/\/monatglobal.com\/es\/wp-content\/uploads\/sites\/10\/2021\/12\/BE-BALANCED-Lightweight-Moisturizer-benefits-close-up.jpg\" \n      alt=\"BE-BALANCED-Lightweight-Moisturizer-benefits\" loading=\"lazy\"\/>\n    \n   <!--==================================================== Benefits text ====================================================-->\n         <h2>BENEFICIOS<\/h2>\n         <h3>Una hidratante ligera de f\u00e1cil absorci\u00f3n que deja un cutis con aspecto m\u00e1s suave, terso y&nbsp;saludable.<\/h3>\n         <!--==================================================== features image  ====================================================-->\n         <img decoding=\"async\" alt=\"\" src=\"https:\/\/monatglobal.com\/es\/wp-content\/uploads\/sites\/10\/2021\/12\/BE-BALANCED-Lightweight-Moisturizer-features.jpg\" loading=\"lazy\"\/>\n      <!--==================================================== features text ====================================================-->\n            <h3>Caracter\u00edsticas<\/h3>\n               <p>\/ Propiedades beneficiosas&nbsp;rejuvenecedoras<\/p>\n               <p>\/ Proporciona hidrataci\u00f3n durante todo el&nbsp;d\u00eda<\/p>\n               <p>\/ Reduce al m\u00ednimo la aparici\u00f3n de arrugas, l\u00edneas de expresi\u00f3n y la falta de&nbsp;elasticidad<\/p>\n               <p>\/ La piel se siente calmada, tersa y&nbsp;suave<\/p>\n               <p>\/ El cutis luce un aspecto fresco y m\u00e1s&nbsp;radiante<\/p>\n               <br \/>\n            <p>Fragrance \/ Unwind and enjoy a coconut-forward, citrusy aroma with notes of blood orange, coconut husk, cashew nut and&nbsp;sandalwood. <\/p>\n            <p> Texture \/ Cream <\/p>\n   <!--==================================================== composition image mobile ====================================================-->\n   <img decoding=\"async\" alt=\"\" src=\"https:\/\/monatglobal.com\/es\/wp-content\/uploads\/sites\/10\/2021\/12\/BE-BALANCED-Lightweight-Moisturizer-comp1.jpg\" loading=\"lazy\"\/>\n   <!--==================================================== Why it works text ====================================================-->\n      <h2>RESTAURA Y CALMA<\/h2>\n      <h3>Esta ligera crema de base acuosa de uso diario alimenta la piel con nutrientes concentrados, e&nbsp;hidrataci\u00f3n.<\/h3>\n      \u00d3ptimo complejo de productos bot\u00e1nicos renovadores, para una hidrataci\u00f3n equilibrada sin sobresaturaci\u00f3n. La piel est\u00e1 \n      m\u00e1s rellena y&nbsp;radiante.\n<!--==================================================== Composition section ====================================================-->\n      <img decoding=\"async\" alt=\"\" src=\"https:\/\/monatglobal.com\/es\/wp-content\/uploads\/sites\/10\/2021\/12\/BE-BALANCED-Lightweight-Moisturizer-comp1.jpg\" loading=\"lazy\"\/>\n      <img decoding=\"async\" alt=\"\" \n      src=\"https:\/\/monatglobal.com\/es\/wp-content\/uploads\/sites\/10\/2021\/12\/BE-BALANCED-Lightweight-Moisturizer-composition-3.jpg\" loading=\"lazy\"\/>\n            <!--==================================================== Directions text ====================================================--> \n               <h3>Modo de uso<\/h3>\n                    <p>\/ Uso diario de d\u00eda y de&nbsp;noche.<\/p>\n                    <p>\/ Coge una peque\u00f1a cantidad con la esp\u00e1tula que viene incluida en el&nbsp;envase.<\/p>\n                    <p>\/ Apl\u00edcala de manera uniforme en las yemas de los&nbsp;dedos.<\/p>\n                    <p>\/ Masajea el rostro, el cuello y el escote con movimientos ascendentes para revitalizar la&nbsp;piel.<\/p>\n            <!--==================================================== Directions video ====================================================-->\n      <p>Hidratante Ligera<br \/> BE BALANCED\u2122  <br \/>0:35<\/p>\n         <!--==================================================== Suggestion image  ====================================================-->\n         <img decoding=\"async\" alt=\"\" src=\"https:\/\/monatglobal.com\/es\/wp-content\/uploads\/sites\/10\/2021\/12\/REJUVENIQE-light-suggestions.jpg\" loading=\"lazy\"\/>\n      <!--==================================================== Suggestion text ====================================================-->\n            <h3>Sugerencias<\/h3>\n               <p>\/ \u00bfSientes la piel demasiado seca? Aplica 1 o 2 gotas de REJUVENIQE light de MONAT\u2122 en tus manos y m\u00e9zclala con tu&nbsp;hidratante.<\/p>\n      <a href=\"\" target=\"_blank\" role=\"button\" aria-label=\"\" rel=\"noopener\"><\/a>\n   <!--==================================================== Ingredients section  ====================================================-->\n      <h2>INGREDIENTES ACTIVOS CLAVE<\/h2>\n      <p>REJUVENIQE S\u2122<\/p>\n      <p>C\u00e9lulas madre vegetales&nbsp;regeneradoras<\/p>\n      <p>\u00c1cido hialur\u00f3nico<\/p>\n      <p>P\u00e9ptido<\/p>\n      <p>Ceramidas<\/p>\n        <button id=\"myBtn\" type=\"button\">VER LA LISTA DE INGREDIENTES COMPLETA <\/button>\n      <!--==================================================== Modal content  ====================================================-->\n         &times;\n         Aqua\/Water\/Eau, Cetearyl Alcohol, Glyceryl Stearate SE, Caprylic\/Capric Triglyceride, Glycerin, Isopropyl Myristate, \n         Isomalt, Cetearyl Glucoside, Sodium Hyaluronate, Trifluoroacetyl Tripeptide-2, Ceramide NP, Ceramide AP, Ceramide EOP, Bisabolol, \n         Zingiber Officinale (Ginger) Root Extract, Limnanthes Alba (Meadowfoam) Seed Oil, Crambe Abyssinica Seed Oil, Camellia Oleifera Seed \n         Oil, Solanum Lycopersicum (Tomato) Seed Oil, Daucus Carota Sativa (Carrot) Seed Oil, Citrus Limon (Lemon) Peel Oil, Citrus Aurantifolia \n         (Lime) Oil, Citrus Aurantium Bergamia (Bergamot) Fruit Oil, Adansonia Digitata Oil, Mauritia Flexuosa Fruit Oil, Cocos Nucifera (Coconut) \n         Oil, Gardenia Taitensis Flower Extract, Moringa Oleifera Seed Oil, Caryocar Brasiliense Fruit Oil, Helianthus Annuus (Sunflower) Seed Oil, \n         Olea Europaea (Olive) Fruit Oil, Simmondsia Chinensis (Jojoba) Seed Extract, Tocopherol, Phytol, Dextran, Phytosphingosine, Cholesterol, \n         Sodium Lauroyl Lactylate, Carbomer, Xanthan Gum, Fragrance\/Parfum, Ethylhexylglycerin, Benzyl&nbsp;Alcohol.\n   <!--==================================================== You might also like section ====================================================-->\n      <h2>PUEDE QUE TAMBI\u00c9N TE GUSTE<\/h2>\n      <!--==================================================== Slider YOU MIGHT ALSO LIKE ====================================================-->\n          <!---->\n          <!--   -->\n                <!-- Slides products-->\n          <!--      -->\n          <!--         <a href=\"\/es\/foamy-cleanser\/\" aria-label=\"Go to LIMPIADORA EN ESPUMA BE BALANCED\u2122 page\">-->\n          <!--          <img decoding=\"async\" src=\"https:\/\/monatglobal.com\/wp-content\/uploads\/2022\/12\/Be-Balanced-Foamy-cleanser_Ecomm-min.png\" alt=\"LIMPIADORA EN ESPUMA BE BALANCED\u2122\" loading=\"lazy\"\/>-->\n          <!--          <p>LIMPIADORA EN ESPUMA <br \/>BE BALANCED\u2122<\/p>-->\n          <!--        <\/a>-->\n          <!--      -->\n          <!--      -->\n          <!--         <a href=\"\/es\/age-control-nectar\/\" aria-label=\"Go to N\u00c9CTAR ANTI-EDAD REWIND\u2122 page\">-->\n          <!--          <img decoding=\"async\" src=\"https:\/\/monatglobal.com\/wp-content\/uploads\/2022\/12\/Rewind-Age-Control-Nectar-ecomm-min.png\" alt=\"N\u00c9CTAR ANTI-EDAD REWIND\u2122\" loading=\"lazy\"\/>-->\n          <!--          <p>N\u00c9CTAR ANTI-EDAD REWIND\u2122<\/p>-->\n          <!--        <\/a>-->\n          <!--      -->\n          <!--      -->\n          <!--         <a href=\"\/es\/eye-smooth\/\" aria-label=\"Go to EYE SMOOTH\u2122 page\">-->\n          <!--          <img decoding=\"async\" src=\"https:\/\/monatglobal.com\/wp-content\/uploads\/2022\/12\/Eye-smooth-ecomm-2022-min.png\" alt=\"EYE SMOOTH\u2122\" loading=\"lazy\"\/>-->\n          <!--          <p>EYE SMOOTH\u2122<\/p>-->\n          <!--        <\/a>-->\n          <!--      -->\n          <!--   -->\n             <!-- If we need navigation buttons -->\n          <!--   -->\n          <!--   -->\n             <!-- If we need paginations -->\n          <!--   -->\n          <!---->\n         <!--==================================================== If we need navigation buttons  ====================================================-->\n         <!--==================================================== If we need paginations  ====================================================-->\n    <a href=\"\" aria-label=\"\"><\/a>\n<!--==================================================== this link has to go last for it to work   ====================================================-->\n\n","protected":false},"excerpt":{"rendered":"<p>Hidratante Ligera BE BALANCED\u2122 Restaura y calma Con c\u00e9lulas madre vegetales regeneradoras y ceramidas 45 ml \u212e 1.52 fl oz Precio de venta Cliente00.00 \u20ac Precio Cliente VIP00.00 \u20ac Para conocer m\u00e1s sobre Hidratante Ligera Be Balanced\u2122, ponte en contacto con tu Market Partner de&nbsp;MONAT. BENEFICIOS Una hidratante ligera de f\u00e1cil absorci\u00f3n que deja un&hellip;<\/p>\n","protected":false},"author":31,"featured_media":65740,"parent":0,"menu_order":0,"comment_status":"closed","ping_status":"closed","template":"","meta":{"inline_featured_image":false,"om_disable_all_campaigns":false,"_monsterinsights_skip_tracking":false,"_monsterinsights_sitenote_active":false,"_monsterinsights_sitenote_note":"","_monsterinsights_sitenote_category":0,"footnotes":""},"categories":[31],"tags":[],"class_list":["post-65739","page","type-page","status-publish","has-post-thumbnail","hentry","category-product-es"],"aioseo_notices":[],"aioseo_head":"\n\t\t<!-- All in One SEO Pro 4.9.6 - aioseo.com -->\n\t<meta name=\"description\" content=\"Hidratante Ligera BE BALANCED\u2122 Restaura y calma Con c\u00e9lulas madre vegetales regeneradoras y ceramidas 45 ml \u212e 1.52 fl oz Precio de venta Cliente00.00 \u20ac Precio Cliente VIP00.00 \u20ac Para conocer m\u00e1s sobre Hidratante Ligera Be Balanced\u2122, ponte en contacto con tu Market Partner de MONAT. BENEFICIOS Una hidratante ligera de f\u00e1cil absorci\u00f3n que deja un\" \/>\n\t<meta name=\"robots\" content=\"max-image-preview:large\" \/>\n\t<link rel=\"canonical\" href=\"https:\/\/monatglobal.com\/es\/lightweight-moisturizer\/\" \/>\n\t<meta name=\"generator\" content=\"All in One SEO Pro (AIOSEO) 4.9.6\" \/>\n\t\t<meta property=\"og:locale\" content=\"en_US\" \/>\n\t\t<meta property=\"og:site_name\" content=\"MONAT Espa\u00f1a - We Are Modern Nature\u00ae\" \/>\n\t\t<meta property=\"og:type\" content=\"article\" \/>\n\t\t<meta property=\"og:title\" content=\"Hidratante Ligera BE BALANCED\u2122 - MONAT Espa\u00f1a\" \/>\n\t\t<meta property=\"og:description\" content=\"Hidratante Ligera BE BALANCED\u2122 Restaura y calma Con c\u00e9lulas madre vegetales regeneradoras y ceramidas 45 ml \u212e 1.52 fl oz Precio de venta Cliente00.00 \u20ac Precio Cliente VIP00.00 \u20ac Para conocer m\u00e1s sobre Hidratante Ligera Be Balanced\u2122, ponte en contacto con tu Market Partner de MONAT. BENEFICIOS Una hidratante ligera de f\u00e1cil absorci\u00f3n que deja un\" \/>\n\t\t<meta property=\"og:url\" content=\"https:\/\/monatglobal.com\/es\/lightweight-moisturizer\/\" \/>\n\t\t<meta property=\"article:published_time\" content=\"2021-11-15T20:25:28+00:00\" \/>\n\t\t<meta property=\"article:modified_time\" content=\"2026-02-06T18:47:40+00:00\" \/>\n\t\t<meta name=\"twitter:card\" content=\"summary_large_image\" \/>\n\t\t<meta name=\"twitter:title\" content=\"Hidratante Ligera BE BALANCED\u2122 - MONAT Espa\u00f1a\" \/>\n\t\t<meta name=\"twitter:description\" content=\"Hidratante Ligera BE BALANCED\u2122 Restaura y calma Con c\u00e9lulas madre vegetales regeneradoras y ceramidas 45 ml \u212e 1.52 fl oz Precio de venta Cliente00.00 \u20ac Precio Cliente VIP00.00 \u20ac Para conocer m\u00e1s sobre Hidratante Ligera Be Balanced\u2122, ponte en contacto con tu Market Partner de MONAT. BENEFICIOS Una hidratante ligera de f\u00e1cil absorci\u00f3n que deja un\" \/>\n\t\t<script type=\"application\/ld+json\" class=\"aioseo-schema\">\n\t\t\t{\"@context\":\"https:\\\/\\\/schema.org\",\"@graph\":[{\"@type\":\"BreadcrumbList\",\"@id\":\"https:\\\/\\\/monatglobal.com\\\/es\\\/lightweight-moisturizer\\\/#breadcrumblist\",\"itemListElement\":[{\"@type\":\"ListItem\",\"@id\":\"https:\\\/\\\/monatglobal.com\\\/es#listItem\",\"position\":1,\"name\":\"Home\",\"item\":\"https:\\\/\\\/monatglobal.com\\\/es\",\"nextItem\":{\"@type\":\"ListItem\",\"@id\":\"https:\\\/\\\/monatglobal.com\\\/es\\\/lightweight-moisturizer\\\/#listItem\",\"name\":\"Hidratante Ligera BE BALANCED\\u2122\"}},{\"@type\":\"ListItem\",\"@id\":\"https:\\\/\\\/monatglobal.com\\\/es\\\/lightweight-moisturizer\\\/#listItem\",\"position\":2,\"name\":\"Hidratante Ligera BE BALANCED\\u2122\",\"previousItem\":{\"@type\":\"ListItem\",\"@id\":\"https:\\\/\\\/monatglobal.com\\\/es#listItem\",\"name\":\"Home\"}}]},{\"@type\":\"Organization\",\"@id\":\"https:\\\/\\\/monatglobal.com\\\/es\\\/#organization\",\"name\":\"MONAT Espa\\u00f1a\",\"description\":\"We Are Modern Nature\\u00ae\",\"url\":\"https:\\\/\\\/monatglobal.com\\\/es\\\/\"},{\"@type\":\"WebPage\",\"@id\":\"https:\\\/\\\/monatglobal.com\\\/es\\\/lightweight-moisturizer\\\/#webpage\",\"url\":\"https:\\\/\\\/monatglobal.com\\\/es\\\/lightweight-moisturizer\\\/\",\"name\":\"Hidratante Ligera BE BALANCED\\u2122 - MONAT Espa\\u00f1a\",\"description\":\"Hidratante Ligera BE BALANCED\\u2122 Restaura y calma Con c\\u00e9lulas madre vegetales regeneradoras y ceramidas 45 ml \\u212e 1.52 fl oz Precio de venta Cliente00.00 \\u20ac Precio Cliente VIP00.00 \\u20ac Para conocer m\\u00e1s sobre Hidratante Ligera Be Balanced\\u2122, ponte en contacto con tu Market Partner de MONAT. BENEFICIOS Una hidratante ligera de f\\u00e1cil absorci\\u00f3n que deja un\",\"inLanguage\":\"en-US\",\"isPartOf\":{\"@id\":\"https:\\\/\\\/monatglobal.com\\\/es\\\/#website\"},\"breadcrumb\":{\"@id\":\"https:\\\/\\\/monatglobal.com\\\/es\\\/lightweight-moisturizer\\\/#breadcrumblist\"},\"image\":{\"@type\":\"ImageObject\",\"url\":\"https:\\\/\\\/monatglobal.com\\\/es\\\/wp-content\\\/uploads\\\/sites\\\/10\\\/2021\\\/11\\\/be-balanced-lightweight-moisturizer.png\",\"@id\":\"https:\\\/\\\/monatglobal.com\\\/es\\\/lightweight-moisturizer\\\/#mainImage\",\"width\":341,\"height\":450},\"primaryImageOfPage\":{\"@id\":\"https:\\\/\\\/monatglobal.com\\\/es\\\/lightweight-moisturizer\\\/#mainImage\"},\"datePublished\":\"2021-11-15T20:25:28+00:00\",\"dateModified\":\"2026-02-06T18:47:40+00:00\"},{\"@type\":\"WebSite\",\"@id\":\"https:\\\/\\\/monatglobal.com\\\/es\\\/#website\",\"url\":\"https:\\\/\\\/monatglobal.com\\\/es\\\/\",\"name\":\"MONAT Espa\\u00f1a\",\"description\":\"We Are Modern Nature\\u00ae\",\"inLanguage\":\"en-US\",\"publisher\":{\"@id\":\"https:\\\/\\\/monatglobal.com\\\/es\\\/#organization\"}}]}\n\t\t<\/script>\n\t\t<!-- All in One SEO Pro -->\r\n\t\t<title>Hidratante Ligera BE BALANCED\u2122 - MONAT Espa\u00f1a<\/title>\n\n","aioseo_head_json":{"title":"Hidratante Ligera BE BALANCED\u2122 - MONAT Espa\u00f1a","description":"Hidratante Ligera BE BALANCED\u2122 Restaura y calma Con c\u00e9lulas madre vegetales regeneradoras y ceramidas 45 ml \u212e 1.52 fl oz Precio de venta Cliente00.00 \u20ac Precio Cliente VIP00.00 \u20ac Para conocer m\u00e1s sobre Hidratante Ligera Be Balanced\u2122, ponte en contacto con tu Market Partner de MONAT. BENEFICIOS Una hidratante ligera de f\u00e1cil absorci\u00f3n que deja un","canonical_url":"https:\/\/monatglobal.com\/es\/lightweight-moisturizer\/","robots":"max-image-preview:large","keywords":"","webmasterTools":{"miscellaneous":""},"schema":{"@context":"https:\/\/schema.org","@graph":[{"@type":"BreadcrumbList","@id":"https:\/\/monatglobal.com\/es\/lightweight-moisturizer\/#breadcrumblist","itemListElement":[{"@type":"ListItem","@id":"https:\/\/monatglobal.com\/es#listItem","position":1,"name":"Home","item":"https:\/\/monatglobal.com\/es","nextItem":{"@type":"ListItem","@id":"https:\/\/monatglobal.com\/es\/lightweight-moisturizer\/#listItem","name":"Hidratante Ligera BE BALANCED\u2122"}},{"@type":"ListItem","@id":"https:\/\/monatglobal.com\/es\/lightweight-moisturizer\/#listItem","position":2,"name":"Hidratante Ligera BE BALANCED\u2122","previousItem":{"@type":"ListItem","@id":"https:\/\/monatglobal.com\/es#listItem","name":"Home"}}]},{"@type":"Organization","@id":"https:\/\/monatglobal.com\/es\/#organization","name":"MONAT Espa\u00f1a","description":"We Are Modern Nature\u00ae","url":"https:\/\/monatglobal.com\/es\/"},{"@type":"WebPage","@id":"https:\/\/monatglobal.com\/es\/lightweight-moisturizer\/#webpage","url":"https:\/\/monatglobal.com\/es\/lightweight-moisturizer\/","name":"Hidratante Ligera BE BALANCED\u2122 - MONAT Espa\u00f1a","description":"Hidratante Ligera BE BALANCED\u2122 Restaura y calma Con c\u00e9lulas madre vegetales regeneradoras y ceramidas 45 ml \u212e 1.52 fl oz Precio de venta Cliente00.00 \u20ac Precio Cliente VIP00.00 \u20ac Para conocer m\u00e1s sobre Hidratante Ligera Be Balanced\u2122, ponte en contacto con tu Market Partner de MONAT. BENEFICIOS Una hidratante ligera de f\u00e1cil absorci\u00f3n que deja un","inLanguage":"en-US","isPartOf":{"@id":"https:\/\/monatglobal.com\/es\/#website"},"breadcrumb":{"@id":"https:\/\/monatglobal.com\/es\/lightweight-moisturizer\/#breadcrumblist"},"image":{"@type":"ImageObject","url":"https:\/\/monatglobal.com\/es\/wp-content\/uploads\/sites\/10\/2021\/11\/be-balanced-lightweight-moisturizer.png","@id":"https:\/\/monatglobal.com\/es\/lightweight-moisturizer\/#mainImage","width":341,"height":450},"primaryImageOfPage":{"@id":"https:\/\/monatglobal.com\/es\/lightweight-moisturizer\/#mainImage"},"datePublished":"2021-11-15T20:25:28+00:00","dateModified":"2026-02-06T18:47:40+00:00"},{"@type":"WebSite","@id":"https:\/\/monatglobal.com\/es\/#website","url":"https:\/\/monatglobal.com\/es\/","name":"MONAT Espa\u00f1a","description":"We Are Modern Nature\u00ae","inLanguage":"en-US","publisher":{"@id":"https:\/\/monatglobal.com\/es\/#organization"}}]},"og:locale":"en_US","og:site_name":"MONAT Espa\u00f1a - We Are Modern Nature\u00ae","og:type":"article","og:title":"Hidratante Ligera BE BALANCED\u2122 - MONAT Espa\u00f1a","og:description":"Hidratante Ligera BE BALANCED\u2122 Restaura y calma Con c\u00e9lulas madre vegetales regeneradoras y ceramidas 45 ml \u212e 1.52 fl oz Precio de venta Cliente00.00 \u20ac Precio Cliente VIP00.00 \u20ac Para conocer m\u00e1s sobre Hidratante Ligera Be Balanced\u2122, ponte en contacto con tu Market Partner de MONAT. BENEFICIOS Una hidratante ligera de f\u00e1cil absorci\u00f3n que deja un","og:url":"https:\/\/monatglobal.com\/es\/lightweight-moisturizer\/","article:published_time":"2021-11-15T20:25:28+00:00","article:modified_time":"2026-02-06T18:47:40+00:00","twitter:card":"summary_large_image","twitter:title":"Hidratante Ligera BE BALANCED\u2122 - MONAT Espa\u00f1a","twitter:description":"Hidratante Ligera BE BALANCED\u2122 Restaura y calma Con c\u00e9lulas madre vegetales regeneradoras y ceramidas 45 ml \u212e 1.52 fl oz Precio de venta Cliente00.00 \u20ac Precio Cliente VIP00.00 \u20ac Para conocer m\u00e1s sobre Hidratante Ligera Be Balanced\u2122, ponte en contacto con tu Market Partner de MONAT. BENEFICIOS Una hidratante ligera de f\u00e1cil absorci\u00f3n que deja un"},"aioseo_meta_data":{"post_id":"65739","title":null,"description":null,"keywords":null,"keyphrases":null,"primary_term":null,"canonical_url":null,"og_title":null,"og_description":null,"og_object_type":"default","og_image_type":"default","og_image_url":null,"og_image_width":null,"og_image_height":null,"og_image_custom_url":null,"og_image_custom_fields":null,"og_video":null,"og_custom_url":null,"og_article_section":null,"og_article_tags":null,"twitter_use_og":false,"twitter_card":"default","twitter_image_type":"default","twitter_image_url":null,"twitter_image_custom_url":null,"twitter_image_custom_fields":null,"twitter_title":null,"twitter_description":null,"schema":{"blockGraphs":[],"customGraphs":[],"default":{"data":{"Article":[],"Course":[],"Dataset":[],"FAQPage":[],"Movie":[],"Person":[],"Product":[],"ProductReview":[],"Car":[],"Recipe":[],"Service":[],"SoftwareApplication":[],"WebPage":[]},"graphName":"WebPage","isEnabled":true},"graphs":[]},"schema_type":"default","schema_type_options":null,"pillar_content":false,"robots_default":true,"robots_noindex":false,"robots_noarchive":false,"robots_nosnippet":false,"robots_nofollow":false,"robots_noimageindex":false,"robots_noodp":false,"robots_notranslate":false,"robots_max_snippet":null,"robots_max_videopreview":null,"robots_max_imagepreview":"large","priority":null,"frequency":null,"local_seo":null,"seo_analyzer_scan_date":"2025-08-14 17:26:02","limit_modified_date":false,"reviewed_by":null,"open_ai":null,"ai":null,"created":"2023-07-26 09:18:33","updated":"2026-02-10 05:20:13"},"aioseo_breadcrumb":"<div class=\"aioseo-breadcrumbs\"><span class=\"aioseo-breadcrumb\">\n\t<a href=\"https:\/\/monatglobal.com\/es\" title=\"Home\">Home<\/a>\n<\/span><span class=\"aioseo-breadcrumb-separator\">&raquo;<\/span><span class=\"aioseo-breadcrumb\">\n\tHidratante Ligera BE BALANCED\u2122\n<\/span><\/div>","aioseo_breadcrumb_json":[{"label":"Home","link":"https:\/\/monatglobal.com\/es"},{"label":"Hidratante Ligera BE BALANCED\u2122","link":"https:\/\/monatglobal.com\/es\/lightweight-moisturizer\/"}],"_links":{"self":[{"href":"https:\/\/monatglobal.com\/es\/wp-json\/wp\/v2\/pages\/65739","targetHints":{"allow":["GET"]}}],"collection":[{"href":"https:\/\/monatglobal.com\/es\/wp-json\/wp\/v2\/pages"}],"about":[{"href":"https:\/\/monatglobal.com\/es\/wp-json\/wp\/v2\/types\/page"}],"author":[{"embeddable":true,"href":"https:\/\/monatglobal.com\/es\/wp-json\/wp\/v2\/users\/31"}],"replies":[{"embeddable":true,"href":"https:\/\/monatglobal.com\/es\/wp-json\/wp\/v2\/comments?post=65739"}],"version-history":[{"count":20,"href":"https:\/\/monatglobal.com\/es\/wp-json\/wp\/v2\/pages\/65739\/revisions"}],"predecessor-version":[{"id":109053,"href":"https:\/\/monatglobal.com\/es\/wp-json\/wp\/v2\/pages\/65739\/revisions\/109053"}],"wp:featuredmedia":[{"embeddable":true,"href":"https:\/\/monatglobal.com\/es\/wp-json\/wp\/v2\/media\/65740"}],"wp:attachment":[{"href":"https:\/\/monatglobal.com\/es\/wp-json\/wp\/v2\/media?parent=65739"}],"wp:term":[{"taxonomy":"category","embeddable":true,"href":"https:\/\/monatglobal.com\/es\/wp-json\/wp\/v2\/categories?post=65739"},{"taxonomy":"post_tag","embeddable":true,"href":"https:\/\/monatglobal.com\/es\/wp-json\/wp\/v2\/tags?post=65739"}],"curies":[{"name":"wp","href":"https:\/\/api.w.org\/{rel}","templated":true}]}}