{"id":65716,"date":"2022-01-17T09:00:30","date_gmt":"2022-01-17T09:00:30","guid":{"rendered":"https:\/\/monatglobal.com\/es\/?page_id=65716"},"modified":"2026-02-06T18:58:37","modified_gmt":"2026-02-06T18:58:37","slug":"hyaluronic-serum","status":"publish","type":"page","link":"https:\/\/monatglobal.com\/es\/hyaluronic-serum\/","title":{"rendered":"MONAT Hydration Booster\u2122 &#124; La hidrataci\u00f3n definitiva para la piel seca"},"content":{"rendered":"\n\n\t<link rel=\"stylesheet\" href=\"https:\/\/unpkg.com\/swiper\/swiper-bundle.min.css\" \/>\n<link rel=\"stylesheet\" href=\"https:\/\/monatglobal.com\/wp-content\/creative_css\/product_styles_sheet.css\" \/>\n   <!--==================================================== ECOMM SECTION ====================================================-->\n      <!--==================================================== Ecomm image ====================================================-->\n      <img decoding=\"async\" src=\"https:\/\/monatglobal.com\/wp-content\/uploads\/2021\/08\/Hydration-Booster-Hyaluronic-Serum-Plus_ecomm.png\" alt=\"Advanced Hydrating Conditioner\" loading=\"lazy\"\/>\n      <!--==================================================== Ecomm information  ====================================================-->\n         <p>MONAT<\/p>\n         <h1>Hydration<br \/> Booster\u2122<\/h1>\n         <p>S\u00e9rum de \u00e1cido hialur\u00f3nico Plus<\/p>\n         <p>Un s\u00e9rum ultrahidratante que proporciona un aspecto m\u00e1s suave, terso y&nbsp;juvenil.<\/p>\n         <p>30 ml \u212e 1 fl. oz.<\/p>\n        <!--==================================================== pricing box  ====================================================--> \n         <p>Precio de venta Cliente<br \/>00.00 \u20ac<\/p>\n         <p>Precio Cliente VIP<br \/>00.00 \u20ac<\/p>\n        <!--==================================================== pricing box  ====================================================--> \n         <p>Para conocer m\u00e1s sobre MONAT Hydration Booster\u2122, ponte en contacto con tu Market Partner de MONAT.<\/p>\n          <a href=\"\" target=\"_blank\" role=\"button\" aria-label=\"\" rel=\"noopener\"><\/a>\n   <!--==================================================== \/ECOMM SECTION  ====================================================-->\n   <!--==================================================== Benefits image ====================================================-->\n   \n      <source media=\"(max-width: 700px)\" srcset=\"https:\/\/monatglobal.com\/wp-content\/uploads\/2021\/08\/Hydration-Booster-Hyaluronic-Serum-Plus-benefits-mobile.jpg\" loading=\"lazy\"\/>\n      <img decoding=\"async\" src=\"https:\/\/monatglobal.com\/wp-content\/uploads\/2021\/08\/Hydration-Booster-Hyaluronic-Serum-Plus-benefits.jpg\" \n      alt=\"Woman smiling while looking to her left side. High contrast image.  Holding MONAT's Hydration Booster on her left hand while applying \n      the eyedropper on her cheeks.\" loading=\"lazy\"\/>\n   \n   <!--==================================================== Benefits text ====================================================-->\n         <h2>Beneficios<\/h2>\n         <h3>Este s\u00e9rum sin aceites potenciador de la hidrataci\u00f3n equilibra la humedad natural de la piel mediante \n         la combinaci\u00f3n de \u00e1cidos hialur\u00f3nicos y poliglut\u00e1micos puros concentrados, vitaminas, algas marinas y extractos de frutas para dejar la piel \n         con una sensaci\u00f3n tersa y&nbsp;renovada.<\/h3>\n         <!--==================================================== features image  ====================================================-->\n         <img decoding=\"async\" src=\"https:\/\/monatglobal.com\/wp-content\/uploads\/2021\/08\/monat-hydration-booster-features.jpg\" \n         alt=\"MONAT Hydrate &#038; Refresh serum set on bathroom's vanity. Background shows a towel and zen-type daylight scenario.\" loading=\"lazy\"\/>\n      <!--==================================================== features text ====================================================-->\n            <h3>La hidrataci\u00f3n definitiva para la piel&nbsp;reseca.<\/h3>\n               <p>\/ Aumenta la hidrataci\u00f3n y tonifica visiblemente la piel<\/p>\n               <p>\/ Hidrata la piel durante 8 horas<\/p>\n               <p>\/ Deja la piel con una sensaci\u00f3n de suavidad, m\u00e1s tersa y flexible<\/p>\n               <p>\/ Protege contra las agresiones medioambientales<\/p>\n               <p>\/ Puede usarse solo o como refuerzo de hidrataci\u00f3n adicional junto con tu crema hidratante favorita<\/p>\n                <br \/>\n   <!--==================================================== composition image mobile ====================================================-->\n   <img decoding=\"async\" src=\"https:\/\/monatglobal.com\/wp-content\/uploads\/2021\/08\/monat-hydration-booster-comp-1.jpg\"\n   alt=\"MONAT's Hydration Booster product is set over a solid pink background with serum spilled as additional texture.\" loading=\"lazy\"\/>\n   <!--==================================================== Why it works text ====================================================-->\n      <h2>Deja la piel con una sensaci\u00f3n el\u00e1stica e hidratante al&nbsp;tacto.<\/h2>\n      <h3>Este s\u00e9rum para la cara y el cuello ultrahidratante con \u00e1cido hialur\u00f3nico renueva la \n      barrera de la humedad natural de la piel, dejando una sensaci\u00f3n de elasticidad al&nbsp;tacto.<\/h3>\n<!--==================================================== Composition section ====================================================-->\n      <img decoding=\"async\" src=\"https:\/\/monatglobal.com\/wp-content\/uploads\/2021\/08\/monat-hydration-booster-comp-1.jpg\" \n      alt=\"MONAT's Hydration Booster product is set over a solid pink background with serum spilled as additional texture.\" loading=\"lazy\"\/>\n      <img decoding=\"async\" src=\"https:\/\/monatglobal.com\/wp-content\/uploads\/2021\/08\/monat-hydration-booster-comp-3.jpg\" \n      alt=\"An african-american woman looking directly at the camera while applying the serum with the eyedropper. Left hand \n      showcases MONAT's Hydration Booster.\" loading=\"lazy\"\/>\n            <!--==================================================== Directions text ====================================================--> \n               <h3>Modo de uso <\/h3>\n               <p>\/ Llenar el cuentagotas con el&nbsp;s\u00e9rum. <\/p>\n               <p>\/ Aplicar 3 o 4 gotas por la ma\u00f1ana y por la noche en la cara y el&nbsp;cuello.<\/p>\n               <p>\/ Aplicar despu\u00e9s de limpiar, solo o como potenciador de la hidrataci\u00f3n junto al hidratante MONAT&nbsp;favorito.<\/p>\n            <!--==================================================== Directions video ====================================================-->\n      <p>MONAT<br \/> Hydration Booster\u2122<br \/>0:40<\/p>\n      <a href=\"\" target=\"_blank\" role=\"button\" aria-label=\"\" rel=\"noopener\"><\/a>\n   <!--==================================================== Ingredients section  ====================================================-->\n      <h2>Ingredientes principales <\/h2>\n               <p>Agua de coco<\/p>\n               <p>\u00c1cido poliglut\u00e1mico<\/p>\n               <p>\u00c1cido hialur\u00f3nico<\/p>\n               <p>Col\u00e1geno vegano<\/p>\n               <p>Alga marina<\/p>\n               <p>vitamina B5<\/p>\n               <p>Extracto de sand\u00eda<\/p>\n        <button id=\"myBtn\" type=\"button\">Lista completa de ingredientes<\/button>\n      <!--==================================================== Modal content  ====================================================-->\n         &times;\n         Aqua\/Water\/Eau, Cocos Nucifera (Coconut) Water, Propanediol, Hydroxyethyl Acrylate\/Sodium Acryloyldimethyl Taurate Copolymer, \n         Panthenol, Xanthan Gum, Glycerin, Sodium Polyglutamate, Cocos Nucifera (Coconut) Fruit Extract, Sorbitan Isostearate, Disodium EDTA-Copper, \n         Citric Acid, Hydrolyzed Soy Protein, Rice Amino Acids, Proline, Citrullus Lanatus (Watermelon) Fruit Extract, Hydrolyzed Adansonia Digitata \n         Seed Extract, Sodium Hyaluronate, Padina Pavonica Thallus Extract, PEG-8 Dimethicone, Sodium Benzoate, Potassium Sorbate, Phenoxyethanol, \n         Ethylhexylglycerin.\n   <!--==================================================== You might also like section ====================================================-->\n      <h2>PUEDE QUE TAMBI\u00c9N TE GUSTE <\/h2>\n      <!--==================================================== Slider YOU MIGHT ALSO LIKE ====================================================-->\n      <!---->\n      <!--   -->\n            <!--==================================================== Slides products ====================================================-->\n      <!--      -->\n      <!--         <a href=\"\/es\/face-mist\/\" aria-label=\"Go to Hydrate & Refresh\u2122 Bruma facial page\">-->\n      <!--            <img decoding=\"async\" src=\"https:\/\/monatglobal.com\/wp-content\/uploads\/2022\/12\/MONAT_HYDRATE-REFRESH_ecomm-optimized.png\" alt=\"Hydrate & Refresh\u2122 Bruma facial\" loading=\"lazy\"\/>-->\n      <!--            <p>Hydrate + Refresh\u2122 Bruma facial<\/p>-->\n      <!--         <\/a>-->\n      <!--      -->\n      <!--      -->\n      <!--         <a href=\"\/es\/skin-revitalizing\/\" aria-label=\"Go to Skin Revitalizing Essence\u2122 shop\">-->\n      <!--            <img decoding=\"async\" src=\"https:\/\/monatglobal.com\/wp-content\/uploads\/2022\/12\/Skin-Revitalizing-Essence-ecomm-2022-min.png\" alt=\"Skin Revitalizing Essence\u2122\" loading=\"lazy\"\/>-->\n      <!--            <p>Skin Revitalizing Essence\u2122<\/p>-->\n      <!--         <\/a>-->\n      <!--      -->\n      <!--      -->\n      <!--         <a href=\"\/es\/rejuveniqe-tm-oil-intensive\/\" aria-label=\"Go to REJUVENIQE\u00ae page\">-->\n      <!--            <img decoding=\"async\" src=\"https:\/\/monatglobal.com\/es\/wp-content\/uploads\/sites\/10\/2021\/10\/rejuveniqe_2021-ecomm.png.webp\" alt=\"REJUVENIQE\u00ae\" loading=\"lazy\"\/>-->\n      <!--            <p>REJUVENIQE<sup>\u00ae<\/sup><\/p>-->\n      <!--         <\/a>-->\n      <!--      -->\n      <!--   -->\n         <!--==================================================== If we need navigation buttons  ====================================================-->\n      <!--   -->\n      <!--   -->\n         <!--==================================================== If we need paginations  ====================================================-->\n      <!--   -->\n      <!---->\n         <!--==================================================== If we need navigation buttons  ====================================================-->\n         <!--==================================================== If we need paginations  ====================================================-->\n    <a href=\"\" aria-label=\"\"><\/a>\n<!--==================================================== this link has to go last for it to work   ====================================================-->\n\n","protected":false},"excerpt":{"rendered":"<p>MONAT Hydration Booster\u2122 S\u00e9rum de \u00e1cido hialur\u00f3nico Plus Un s\u00e9rum ultrahidratante que proporciona un aspecto m\u00e1s suave, terso y&nbsp;juvenil. 30 ml \u212e 1 fl. oz. Precio de venta Cliente00.00 \u20ac Precio Cliente VIP00.00 \u20ac Para conocer m\u00e1s sobre MONAT Hydration Booster\u2122, ponte en contacto con tu Market Partner de MONAT. Beneficios Este s\u00e9rum sin aceites&hellip;<\/p>\n","protected":false},"author":31,"featured_media":65717,"parent":0,"menu_order":0,"comment_status":"closed","ping_status":"closed","template":"","meta":{"inline_featured_image":false,"om_disable_all_campaigns":false,"_monsterinsights_skip_tracking":false,"_monsterinsights_sitenote_active":false,"_monsterinsights_sitenote_note":"","_monsterinsights_sitenote_category":0,"footnotes":""},"categories":[31],"tags":[],"class_list":["post-65716","page","type-page","status-publish","has-post-thumbnail","hentry","category-product-es"],"aioseo_notices":[],"aioseo_head":"\n\t\t<!-- All in One SEO Pro 4.9.6 - aioseo.com -->\n\t<meta name=\"description\" content=\"MONAT Hydration Booster\u2122 S\u00e9rum de \u00e1cido hialur\u00f3nico Plus Un s\u00e9rum ultrahidratante que proporciona un aspecto m\u00e1s suave, terso y juvenil. 30 ml \u212e 1 fl. oz. Precio de venta Cliente00.00 \u20ac Precio Cliente VIP00.00 \u20ac Para conocer m\u00e1s sobre MONAT Hydration Booster\u2122, ponte en contacto con tu Market Partner de MONAT. Beneficios Este s\u00e9rum sin aceites\" \/>\n\t<meta name=\"robots\" content=\"max-image-preview:large\" \/>\n\t<link rel=\"canonical\" href=\"https:\/\/monatglobal.com\/es\/hyaluronic-serum\/\" \/>\n\t<meta name=\"generator\" content=\"All in One SEO Pro (AIOSEO) 4.9.6\" \/>\n\t\t<meta property=\"og:locale\" content=\"en_US\" \/>\n\t\t<meta property=\"og:site_name\" content=\"MONAT Espa\u00f1a - We Are Modern Nature\u00ae\" \/>\n\t\t<meta property=\"og:type\" content=\"article\" \/>\n\t\t<meta property=\"og:title\" content=\"MONAT Hydration Booster\u2122 | La hidrataci\u00f3n definitiva para la piel seca - MONAT Espa\u00f1a\" \/>\n\t\t<meta property=\"og:description\" content=\"MONAT Hydration Booster\u2122 S\u00e9rum de \u00e1cido hialur\u00f3nico Plus Un s\u00e9rum ultrahidratante que proporciona un aspecto m\u00e1s suave, terso y juvenil. 30 ml \u212e 1 fl. oz. Precio de venta Cliente00.00 \u20ac Precio Cliente VIP00.00 \u20ac Para conocer m\u00e1s sobre MONAT Hydration Booster\u2122, ponte en contacto con tu Market Partner de MONAT. Beneficios Este s\u00e9rum sin aceites\" \/>\n\t\t<meta property=\"og:url\" content=\"https:\/\/monatglobal.com\/es\/hyaluronic-serum\/\" \/>\n\t\t<meta property=\"article:published_time\" content=\"2022-01-17T09:00:30+00:00\" \/>\n\t\t<meta property=\"article:modified_time\" content=\"2026-02-06T18:58:37+00:00\" \/>\n\t\t<meta name=\"twitter:card\" content=\"summary_large_image\" \/>\n\t\t<meta name=\"twitter:title\" content=\"MONAT Hydration Booster\u2122 | La hidrataci\u00f3n definitiva para la piel seca - MONAT Espa\u00f1a\" \/>\n\t\t<meta name=\"twitter:description\" content=\"MONAT Hydration Booster\u2122 S\u00e9rum de \u00e1cido hialur\u00f3nico Plus Un s\u00e9rum ultrahidratante que proporciona un aspecto m\u00e1s suave, terso y juvenil. 30 ml \u212e 1 fl. oz. Precio de venta Cliente00.00 \u20ac Precio Cliente VIP00.00 \u20ac Para conocer m\u00e1s sobre MONAT Hydration Booster\u2122, ponte en contacto con tu Market Partner de MONAT. Beneficios Este s\u00e9rum sin aceites\" \/>\n\t\t<script type=\"application\/ld+json\" class=\"aioseo-schema\">\n\t\t\t{\"@context\":\"https:\\\/\\\/schema.org\",\"@graph\":[{\"@type\":\"BreadcrumbList\",\"@id\":\"https:\\\/\\\/monatglobal.com\\\/es\\\/hyaluronic-serum\\\/#breadcrumblist\",\"itemListElement\":[{\"@type\":\"ListItem\",\"@id\":\"https:\\\/\\\/monatglobal.com\\\/es#listItem\",\"position\":1,\"name\":\"Home\",\"item\":\"https:\\\/\\\/monatglobal.com\\\/es\",\"nextItem\":{\"@type\":\"ListItem\",\"@id\":\"https:\\\/\\\/monatglobal.com\\\/es\\\/hyaluronic-serum\\\/#listItem\",\"name\":\"MONAT Hydration Booster\\u2122 &#124; La hidrataci\\u00f3n definitiva para la piel seca\"}},{\"@type\":\"ListItem\",\"@id\":\"https:\\\/\\\/monatglobal.com\\\/es\\\/hyaluronic-serum\\\/#listItem\",\"position\":2,\"name\":\"MONAT Hydration Booster\\u2122 &#124; La hidrataci\\u00f3n definitiva para la piel seca\",\"previousItem\":{\"@type\":\"ListItem\",\"@id\":\"https:\\\/\\\/monatglobal.com\\\/es#listItem\",\"name\":\"Home\"}}]},{\"@type\":\"Organization\",\"@id\":\"https:\\\/\\\/monatglobal.com\\\/es\\\/#organization\",\"name\":\"MONAT Espa\\u00f1a\",\"description\":\"We Are Modern Nature\\u00ae\",\"url\":\"https:\\\/\\\/monatglobal.com\\\/es\\\/\"},{\"@type\":\"WebPage\",\"@id\":\"https:\\\/\\\/monatglobal.com\\\/es\\\/hyaluronic-serum\\\/#webpage\",\"url\":\"https:\\\/\\\/monatglobal.com\\\/es\\\/hyaluronic-serum\\\/\",\"name\":\"MONAT Hydration Booster\\u2122 | La hidrataci\\u00f3n definitiva para la piel seca - MONAT Espa\\u00f1a\",\"description\":\"MONAT Hydration Booster\\u2122 S\\u00e9rum de \\u00e1cido hialur\\u00f3nico Plus Un s\\u00e9rum ultrahidratante que proporciona un aspecto m\\u00e1s suave, terso y juvenil. 30 ml \\u212e 1 fl. oz. Precio de venta Cliente00.00 \\u20ac Precio Cliente VIP00.00 \\u20ac Para conocer m\\u00e1s sobre MONAT Hydration Booster\\u2122, ponte en contacto con tu Market Partner de MONAT. Beneficios Este s\\u00e9rum sin aceites\",\"inLanguage\":\"en-US\",\"isPartOf\":{\"@id\":\"https:\\\/\\\/monatglobal.com\\\/es\\\/#website\"},\"breadcrumb\":{\"@id\":\"https:\\\/\\\/monatglobal.com\\\/es\\\/hyaluronic-serum\\\/#breadcrumblist\"},\"image\":{\"@type\":\"ImageObject\",\"url\":\"https:\\\/\\\/monatglobal.com\\\/es\\\/wp-content\\\/uploads\\\/sites\\\/10\\\/2021\\\/11\\\/Hydration-Booster-Hyaluronic-Serum-Plus_ecomm.png\",\"@id\":\"https:\\\/\\\/monatglobal.com\\\/es\\\/hyaluronic-serum\\\/#mainImage\",\"width\":641,\"height\":800},\"primaryImageOfPage\":{\"@id\":\"https:\\\/\\\/monatglobal.com\\\/es\\\/hyaluronic-serum\\\/#mainImage\"},\"datePublished\":\"2022-01-17T09:00:30+00:00\",\"dateModified\":\"2026-02-06T18:58:37+00:00\"},{\"@type\":\"WebSite\",\"@id\":\"https:\\\/\\\/monatglobal.com\\\/es\\\/#website\",\"url\":\"https:\\\/\\\/monatglobal.com\\\/es\\\/\",\"name\":\"MONAT Espa\\u00f1a\",\"description\":\"We Are Modern Nature\\u00ae\",\"inLanguage\":\"en-US\",\"publisher\":{\"@id\":\"https:\\\/\\\/monatglobal.com\\\/es\\\/#organization\"}}]}\n\t\t<\/script>\n\t\t<!-- All in One SEO Pro -->\r\n\t\t<title>MONAT Hydration Booster\u2122 | La hidrataci\u00f3n definitiva para la piel seca - MONAT Espa\u00f1a<\/title>\n\n","aioseo_head_json":{"title":"MONAT Hydration Booster\u2122 | La hidrataci\u00f3n definitiva para la piel seca - MONAT Espa\u00f1a","description":"MONAT Hydration Booster\u2122 S\u00e9rum de \u00e1cido hialur\u00f3nico Plus Un s\u00e9rum ultrahidratante que proporciona un aspecto m\u00e1s suave, terso y juvenil. 30 ml \u212e 1 fl. oz. Precio de venta Cliente00.00 \u20ac Precio Cliente VIP00.00 \u20ac Para conocer m\u00e1s sobre MONAT Hydration Booster\u2122, ponte en contacto con tu Market Partner de MONAT. Beneficios Este s\u00e9rum sin aceites","canonical_url":"https:\/\/monatglobal.com\/es\/hyaluronic-serum\/","robots":"max-image-preview:large","keywords":"","webmasterTools":{"miscellaneous":""},"schema":{"@context":"https:\/\/schema.org","@graph":[{"@type":"BreadcrumbList","@id":"https:\/\/monatglobal.com\/es\/hyaluronic-serum\/#breadcrumblist","itemListElement":[{"@type":"ListItem","@id":"https:\/\/monatglobal.com\/es#listItem","position":1,"name":"Home","item":"https:\/\/monatglobal.com\/es","nextItem":{"@type":"ListItem","@id":"https:\/\/monatglobal.com\/es\/hyaluronic-serum\/#listItem","name":"MONAT Hydration Booster\u2122 &#124; La hidrataci\u00f3n definitiva para la piel seca"}},{"@type":"ListItem","@id":"https:\/\/monatglobal.com\/es\/hyaluronic-serum\/#listItem","position":2,"name":"MONAT Hydration Booster\u2122 &#124; La hidrataci\u00f3n definitiva para la piel seca","previousItem":{"@type":"ListItem","@id":"https:\/\/monatglobal.com\/es#listItem","name":"Home"}}]},{"@type":"Organization","@id":"https:\/\/monatglobal.com\/es\/#organization","name":"MONAT Espa\u00f1a","description":"We Are Modern Nature\u00ae","url":"https:\/\/monatglobal.com\/es\/"},{"@type":"WebPage","@id":"https:\/\/monatglobal.com\/es\/hyaluronic-serum\/#webpage","url":"https:\/\/monatglobal.com\/es\/hyaluronic-serum\/","name":"MONAT Hydration Booster\u2122 | La hidrataci\u00f3n definitiva para la piel seca - MONAT Espa\u00f1a","description":"MONAT Hydration Booster\u2122 S\u00e9rum de \u00e1cido hialur\u00f3nico Plus Un s\u00e9rum ultrahidratante que proporciona un aspecto m\u00e1s suave, terso y juvenil. 30 ml \u212e 1 fl. oz. Precio de venta Cliente00.00 \u20ac Precio Cliente VIP00.00 \u20ac Para conocer m\u00e1s sobre MONAT Hydration Booster\u2122, ponte en contacto con tu Market Partner de MONAT. Beneficios Este s\u00e9rum sin aceites","inLanguage":"en-US","isPartOf":{"@id":"https:\/\/monatglobal.com\/es\/#website"},"breadcrumb":{"@id":"https:\/\/monatglobal.com\/es\/hyaluronic-serum\/#breadcrumblist"},"image":{"@type":"ImageObject","url":"https:\/\/monatglobal.com\/es\/wp-content\/uploads\/sites\/10\/2021\/11\/Hydration-Booster-Hyaluronic-Serum-Plus_ecomm.png","@id":"https:\/\/monatglobal.com\/es\/hyaluronic-serum\/#mainImage","width":641,"height":800},"primaryImageOfPage":{"@id":"https:\/\/monatglobal.com\/es\/hyaluronic-serum\/#mainImage"},"datePublished":"2022-01-17T09:00:30+00:00","dateModified":"2026-02-06T18:58:37+00:00"},{"@type":"WebSite","@id":"https:\/\/monatglobal.com\/es\/#website","url":"https:\/\/monatglobal.com\/es\/","name":"MONAT Espa\u00f1a","description":"We Are Modern Nature\u00ae","inLanguage":"en-US","publisher":{"@id":"https:\/\/monatglobal.com\/es\/#organization"}}]},"og:locale":"en_US","og:site_name":"MONAT Espa\u00f1a - We Are Modern Nature\u00ae","og:type":"article","og:title":"MONAT Hydration Booster\u2122 | La hidrataci\u00f3n definitiva para la piel seca - MONAT Espa\u00f1a","og:description":"MONAT Hydration Booster\u2122 S\u00e9rum de \u00e1cido hialur\u00f3nico Plus Un s\u00e9rum ultrahidratante que proporciona un aspecto m\u00e1s suave, terso y juvenil. 30 ml \u212e 1 fl. oz. Precio de venta Cliente00.00 \u20ac Precio Cliente VIP00.00 \u20ac Para conocer m\u00e1s sobre MONAT Hydration Booster\u2122, ponte en contacto con tu Market Partner de MONAT. Beneficios Este s\u00e9rum sin aceites","og:url":"https:\/\/monatglobal.com\/es\/hyaluronic-serum\/","article:published_time":"2022-01-17T09:00:30+00:00","article:modified_time":"2026-02-06T18:58:37+00:00","twitter:card":"summary_large_image","twitter:title":"MONAT Hydration Booster\u2122 | La hidrataci\u00f3n definitiva para la piel seca - MONAT Espa\u00f1a","twitter:description":"MONAT Hydration Booster\u2122 S\u00e9rum de \u00e1cido hialur\u00f3nico Plus Un s\u00e9rum ultrahidratante que proporciona un aspecto m\u00e1s suave, terso y juvenil. 30 ml \u212e 1 fl. oz. Precio de venta Cliente00.00 \u20ac Precio Cliente VIP00.00 \u20ac Para conocer m\u00e1s sobre MONAT Hydration Booster\u2122, ponte en contacto con tu Market Partner de MONAT. Beneficios Este s\u00e9rum sin aceites"},"aioseo_meta_data":{"post_id":"65716","title":null,"description":null,"keywords":null,"keyphrases":null,"primary_term":null,"canonical_url":null,"og_title":null,"og_description":null,"og_object_type":"default","og_image_type":"default","og_image_url":null,"og_image_width":null,"og_image_height":null,"og_image_custom_url":null,"og_image_custom_fields":null,"og_video":null,"og_custom_url":null,"og_article_section":null,"og_article_tags":null,"twitter_use_og":false,"twitter_card":"default","twitter_image_type":"default","twitter_image_url":null,"twitter_image_custom_url":null,"twitter_image_custom_fields":null,"twitter_title":null,"twitter_description":null,"schema":{"blockGraphs":[],"customGraphs":[],"default":{"data":{"Article":[],"Course":[],"Dataset":[],"FAQPage":[],"Movie":[],"Person":[],"Product":[],"ProductReview":[],"Car":[],"Recipe":[],"Service":[],"SoftwareApplication":[],"WebPage":[]},"graphName":"WebPage","isEnabled":true},"graphs":[]},"schema_type":"default","schema_type_options":null,"pillar_content":false,"robots_default":true,"robots_noindex":false,"robots_noarchive":false,"robots_nosnippet":false,"robots_nofollow":false,"robots_noimageindex":false,"robots_noodp":false,"robots_notranslate":false,"robots_max_snippet":null,"robots_max_videopreview":null,"robots_max_imagepreview":"large","priority":null,"frequency":null,"local_seo":null,"seo_analyzer_scan_date":"2025-08-14 17:49:33","limit_modified_date":false,"reviewed_by":null,"open_ai":null,"ai":null,"created":"2023-07-26 09:27:24","updated":"2026-02-10 05:23:56"},"aioseo_breadcrumb":"<div class=\"aioseo-breadcrumbs\"><span class=\"aioseo-breadcrumb\">\n\t<a href=\"https:\/\/monatglobal.com\/es\" title=\"Home\">Home<\/a>\n<\/span><span class=\"aioseo-breadcrumb-separator\">&raquo;<\/span><span class=\"aioseo-breadcrumb\">\n\tMONAT Hydration Booster\u2122 | La hidrataci\u00f3n definitiva para la piel seca\n<\/span><\/div>","aioseo_breadcrumb_json":[{"label":"Home","link":"https:\/\/monatglobal.com\/es"},{"label":"MONAT Hydration Booster\u2122 &#124; La hidrataci\u00f3n definitiva para la piel seca","link":"https:\/\/monatglobal.com\/es\/hyaluronic-serum\/"}],"_links":{"self":[{"href":"https:\/\/monatglobal.com\/es\/wp-json\/wp\/v2\/pages\/65716","targetHints":{"allow":["GET"]}}],"collection":[{"href":"https:\/\/monatglobal.com\/es\/wp-json\/wp\/v2\/pages"}],"about":[{"href":"https:\/\/monatglobal.com\/es\/wp-json\/wp\/v2\/types\/page"}],"author":[{"embeddable":true,"href":"https:\/\/monatglobal.com\/es\/wp-json\/wp\/v2\/users\/31"}],"replies":[{"embeddable":true,"href":"https:\/\/monatglobal.com\/es\/wp-json\/wp\/v2\/comments?post=65716"}],"version-history":[{"count":22,"href":"https:\/\/monatglobal.com\/es\/wp-json\/wp\/v2\/pages\/65716\/revisions"}],"predecessor-version":[{"id":109056,"href":"https:\/\/monatglobal.com\/es\/wp-json\/wp\/v2\/pages\/65716\/revisions\/109056"}],"wp:featuredmedia":[{"embeddable":true,"href":"https:\/\/monatglobal.com\/es\/wp-json\/wp\/v2\/media\/65717"}],"wp:attachment":[{"href":"https:\/\/monatglobal.com\/es\/wp-json\/wp\/v2\/media?parent=65716"}],"wp:term":[{"taxonomy":"category","embeddable":true,"href":"https:\/\/monatglobal.com\/es\/wp-json\/wp\/v2\/categories?post=65716"},{"taxonomy":"post_tag","embeddable":true,"href":"https:\/\/monatglobal.com\/es\/wp-json\/wp\/v2\/tags?post=65716"}],"curies":[{"name":"wp","href":"https:\/\/api.w.org\/{rel}","templated":true}]}}