{"id":65706,"date":"2022-01-17T09:00:00","date_gmt":"2022-01-17T09:00:00","guid":{"rendered":"https:\/\/monatglobal.com\/es\/?page_id=65706"},"modified":"2026-02-06T18:33:24","modified_gmt":"2026-02-06T18:33:24","slug":"face-mist","status":"publish","type":"page","link":"https:\/\/monatglobal.com\/es\/face-mist\/","title":{"rendered":"MONAT Hydrate &amp; Refresh\u2122 &#124; Bruma Facial &#124; MONAT Cuidado de la piel"},"content":{"rendered":"\n\n\t<link rel=\"stylesheet\" href=\"https:\/\/unpkg.com\/swiper\/swiper-bundle.min.css\" \/>\n<link rel=\"stylesheet\" href=\"https:\/\/monatglobal.com\/wp-content\/creative_css\/product_styles_sheet.css\" \/>\n   <!--==================================================== ECOMM SECTION ====================================================-->\n      <!--==================================================== Ecomm image ====================================================-->\n      <img decoding=\"async\" src=\"https:\/\/monatglobal.com\/wp-content\/uploads\/2021\/08\/MONAT_HYDRATE-REFRESH_ecomm-optimized.png\" alt=\"Advanced Hydrating Conditioner\" loading=\"lazy\"\/>\n      <!--==================================================== Ecomm information  ====================================================-->\n         <p>MONAT<\/p>\n         <h1> Hydrate &#038;<br \/> Refresh\u2122<\/h1>\n          <p>Bruma facial<\/p>\n         Aumenta la hidrataci\u00f3n de tu piel en cualquier momento. \u00dasalo sobre el maquillaje o antes de aplicarlo \n         para conseguir un est\u00edmulo refrescante con aroma relajante a coco y&nbsp;sand\u00eda.\n         <p>100 ml \u212e 3.4 fl. oz.<\/p>\n       <!--==================================================== pricing box  ====================================================-->  \n         <p>Precio de venta Cliente<br \/>00.00 \u20ac<\/p>\n         <p>Precio Cliente VIP<br \/>00.00 \u20ac<\/p>\n       <!--==================================================== pricing box  ====================================================-->  \n         <p>Para conocer m\u00e1s sobre MONAT Hydrate &#038; Refresh\u2122, ponte en contacto con tu Market Partner de MONAT.<\/p>\n          <a href=\"\" target=\"_blank\" role=\"button\" aria-label=\"\" rel=\"noopener\"><\/a>\n   <!--==================================================== \/ECOMM SECTION  ====================================================-->\n   <!--==================================================== Benefits image ====================================================-->\n   \n      <source media=\"(max-width: 700px)\" srcset=\"https:\/\/monatglobal.com\/wp-content\/uploads\/2021\/08\/MONAT-Hydrate-Refresh-benefits-mobile.jpg\" loading=\"lazy\"\/>\n      <img decoding=\"async\" src=\"https:\/\/monatglobal.com\/wp-content\/uploads\/2021\/08\/MONAT-Hydrate-Refresh-benefits.jpg\"\n      alt=\"Woman with freckles, smiling, while looking down holding MONAT's Hydrate &#038; Refresh product to her left.\" loading=\"lazy\"\/>\n   \n   <!--==================================================== Benefits text ====================================================-->\n         <h2>Beneficios<\/h2>\n         <h3>Ilumina de manera instant\u00e1nea la apariencia de la sequedad de la piel con esta bruma&nbsp;ultrafina.<\/h3>\n         Los antioxidantes derivados de las frutas protegen de las agresiones medioambientales, mientras que el extracto de sand\u00eda y el agua de \n         coco ayudan a equilibrar la piel, proporcionando el m\u00e1ximo brillo&nbsp;saludable.\n         <!--==================================================== features image  ====================================================-->\n         <img decoding=\"async\" src=\"https:\/\/monatglobal.com\/wp-content\/uploads\/2021\/08\/MONAT-Hydrate-Refresh-features.jpg\"\n         alt=\"Two MONAT Hydrate &#038; Refresh product bottles set over an artisanal chair with a white cloth.\" loading=\"lazy\"\/>\n      <!--==================================================== features text ====================================================-->\n            <h3>Mantiene la piel fresca y h\u00fameda durante todo el&nbsp;d\u00eda.<\/h3>\n             <p>\/ Protege la piel de las agresiones&nbsp;medioambientales<\/p>\n\t         <p>\/ Aporta un brillo radiante, fresco y sano a la&nbsp;piel<\/p>\n\t         <p>\/ La piel se siente refrescante y suave durante todo el&nbsp;d\u00eda<\/p>\n\t         <p>\/ Hidrata la piel hasta 24 horas<\/p>\n\t         <p>\/ Ayuda a fijar el&nbsp;maquillaje<\/p>\n               <br \/>\n            <p>Fragancia \/ Agua de coco<\/p>\n            <p> Textura \/ L\u00edquido ligero<\/p>\n   <!--==================================================== composition image mobile ====================================================-->\n   <img decoding=\"async\" src=\"https:\/\/monatglobal.com\/wp-content\/uploads\/2021\/08\/MONAT-Hydrate-Refresh-comp1.jpg\"\n   alt=\"MONAT Hydrate &#038; Refresh product is set over a pink water texture background and ripples.\" loading=\"lazy\"\/>\n   <!--==================================================== Why it works text ====================================================-->\n      <h2>Aporta una dosis de nutrientes diaria que aumenta los niveles de&nbsp;hidrataci\u00f3n.<\/h2>\n      <h3>Esta bruma facial refrescante contiene activos hidratantes que protegen la piel. <\/h3>\n      <p>Aporta una dosis de nutrientes diaria que aumenta los niveles de hidrataci\u00f3n, repara la humedad y proporciona equilibrio a la piel sin alterar el&nbsp;maquillaje<\/p>\n<!--==================================================== Composition section ====================================================-->\n      <img decoding=\"async\" src=\"https:\/\/monatglobal.com\/wp-content\/uploads\/2021\/08\/MONAT-Hydrate-Refresh-comp1.jpg\"\n      alt=\"MONAT Hydrate &#038; Refresh product is set over a pink water texture background and ripples.\" loading=\"lazy\"\/>\n      <img decoding=\"async\" src=\"https:\/\/monatglobal.com\/wp-content\/uploads\/2021\/08\/MONAT-Hydrate-Refresh-comp3.jpg\"\n      alt=\"An african-american woman smiling, looking up, holding MONAT's Hydrate &#038; Refresh while enjoying a sunny day at the pool.\" loading=\"lazy\"\/>\n            <!--==================================================== Directions text ====================================================--> \n               <h3>Modo de uso <\/h3>\n               <p>\/ Pulverizar a una distancia de 20-25 cm de la&nbsp;cara.<\/p>\n               <p>\/ Con los ojos cerrados, pulverizar sobre la&nbsp;cara.<\/p>\n               <p>\/ Aplicar antes del maquillaje para calmar e hidratar o despu\u00e9s del maquillaje como&nbsp;fijador.<\/p>\n               <p>\/ Mantener en el frigor\u00edfico para una sensaci\u00f3n extra de&nbsp;frescor.<\/p>\n            <!--==================================================== Directions video ====================================================-->\n      <p>MONAT<br \/> Hydrate &#038; Refresh\u2122 <br \/>0:40<\/p> \n      <a href=\"\" target=\"_blank\" role=\"button\" aria-label=\"\" rel=\"noopener\"><\/a>\n   <!--==================================================== Ingredients section  ====================================================-->\n      <h2>Ingredientes principales <\/h2>\n               <p>Agua de coco<\/p>\n               <p>\u00c1cido hialur\u00f3nico<\/p>\n               <p>Alga marina<\/p>\n               <p>Vitamina B5<\/p>\n               <p>Jugo de aloe&nbsp;vera<\/p>\n               <p>Extracto de sand\u00eda.<\/p>\n   <button id=\"myBtn\" type=\"button\">Lista completa de ingredientes<\/button>\n      <!--==================================================== Modal content  ====================================================-->\n         &times;\n         Aqua\/Water\/Eau, Cocos Nucifera (Coconut) Water, Propanediol, Aloe Barbadensis Leaf Juice, Cocos Nucifera (Coconut) \n         Fruit Extract, Glycerin, Cucumis Sativus (Cucumber) Fruit Extract, Vitis Vinifera (Grape) Leaf Extract, Calendula Officinalis Flower \n         Extract, Sodium Hyaluronate, Citrullus Lanatus (Watermelon) Fruit Extract, Padina Pavonica Thallus Extract, Punica Granatum Fruit \n         Extract, Sodium Phytate, Citric Acid, Panthenol, Potassium Sorbate, Sodium Benzoate, Fragrance\/Parfum, Alcohol, Pentylene Glycol, \n         Phenethyl Alcohol,&nbsp;Limonene.\n   <!--==================================================== You might also like section ====================================================-->\n      <h2>PUEDE QUE TAMBI\u00c9N TE GUSTE <\/h2>\n      <!--==================================================== Slider YOU MIGHT ALSO LIKE ====================================================-->\n      <!---->\n      <!--   -->\n            <!--==================================================== Slides products ====================================================-->\n            <!---->\n            <!--   <a href=\"\/es\/hyaluronic-serum\" aria-label=\"Go to MONAT Hydration Booster\u2122 page\">-->\n            <!--      <img decoding=\"async\" src=\"https:\/\/monatglobal.com\/wp-content\/uploads\/2022\/12\/Hydration-Booster-Hyaluronic-Serum-Plus_ecomm-min.png\" alt=\"MONAT Hydration Booster\u2122\" loading=\"lazy\"\/>-->\n            <!--      <p>MONAT Hydration Booster\u2122 <\/p>-->\n            <!--   <\/a>-->\n            <!---->\n            <!---->\n            <!--   <a href=\"\/es\/creamy-cleanser\/\" aria-label=\"Go to Limpiador cremoso Be Gentle\u2122 shop\">-->\n            <!--      <img decoding=\"async\" src=\"https:\/\/monatglobal.com\/wp-content\/uploads\/2022\/12\/BE-GENTLE-Creamy-Cleanser-ecomm-2022-min.png\" alt=\"Limpiador cremoso Be Gentle\u2122\" loading=\"lazy\"\/>-->\n            <!--      <p>Limpiador cremoso Be Gentle\u2122<\/p>-->\n            <!--   <\/a>-->\n            <!---->\n            <!---->\n            <!--   <a href=\"\/es\/skin-revitalizing\/\" aria-label=\"Go to Skin Revitalizing Essence\u2122 shop\">-->\n            <!--      <img decoding=\"async\" src=\"https:\/\/monatglobal.com\/wp-content\/uploads\/2022\/12\/Skin-Revitalizing-Essence-ecomm-2022-min.png\" alt=\"Skin Revitalizing Essence\u2122\" loading=\"lazy\"\/>-->\n            <!--      <p>Skin Revitalizing Essence\u2122<\/p>-->\n            <!--   <\/a>-->\n            <!---->\n      <!--   -->\n         <!--==================================================== If we need navigation buttons  ====================================================-->\n      <!--   -->\n      <!--   -->\n         <!--==================================================== If we need paginations  ====================================================-->\n      <!--   -->\n      <!---->\n         <!--==================================================== If we need navigation buttons  ====================================================-->\n         <!--==================================================== If we need paginations  ====================================================-->\n    <a href=\"\" aria-label=\"\"><\/a>\n<!--==================================================== this link has to go last for it to work   ====================================================-->\n\n","protected":false},"excerpt":{"rendered":"<p>MONAT Hydrate &#038; Refresh\u2122 Bruma facial Aumenta la hidrataci\u00f3n de tu piel en cualquier momento. \u00dasalo sobre el maquillaje o antes de aplicarlo para conseguir un est\u00edmulo refrescante con aroma relajante a coco y&nbsp;sand\u00eda. 100 ml \u212e 3.4 fl. oz. Precio de venta Cliente00.00 \u20ac Precio Cliente VIP00.00 \u20ac Para conocer m\u00e1s sobre MONAT Hydrate&hellip;<\/p>\n","protected":false},"author":31,"featured_media":65719,"parent":0,"menu_order":0,"comment_status":"closed","ping_status":"closed","template":"","meta":{"inline_featured_image":false,"om_disable_all_campaigns":false,"_monsterinsights_skip_tracking":false,"_monsterinsights_sitenote_active":false,"_monsterinsights_sitenote_note":"","_monsterinsights_sitenote_category":0,"footnotes":""},"categories":[31],"tags":[],"class_list":["post-65706","page","type-page","status-publish","has-post-thumbnail","hentry","category-product-es"],"aioseo_notices":[],"aioseo_head":"\n\t\t<!-- All in One SEO Pro 4.9.5.2 - aioseo.com -->\n\t<meta name=\"description\" content=\"MONAT Hydrate &amp; Refresh\u2122 Bruma facial Aumenta la hidrataci\u00f3n de tu piel en cualquier momento. \u00dasalo sobre el maquillaje o antes de aplicarlo para conseguir un est\u00edmulo refrescante con aroma relajante a coco y sand\u00eda. 100 ml \u212e 3.4 fl. oz. Precio de venta Cliente00.00 \u20ac Precio Cliente VIP00.00 \u20ac Para conocer m\u00e1s sobre MONAT Hydrate\" \/>\n\t<meta name=\"robots\" content=\"max-image-preview:large\" \/>\n\t<link rel=\"canonical\" href=\"https:\/\/monatglobal.com\/es\/face-mist\/\" \/>\n\t<meta name=\"generator\" content=\"All in One SEO Pro (AIOSEO) 4.9.5.2\" \/>\n\t\t<meta property=\"og:locale\" content=\"en_US\" \/>\n\t\t<meta property=\"og:site_name\" content=\"MONAT Espa\u00f1a - We Are Modern Nature\u00ae\" \/>\n\t\t<meta property=\"og:type\" content=\"article\" \/>\n\t\t<meta property=\"og:title\" content=\"MONAT Hydrate &amp; Refresh\u2122 | Bruma Facial | MONAT Cuidado de la piel - MONAT Espa\u00f1a\" \/>\n\t\t<meta property=\"og:description\" content=\"MONAT Hydrate &amp; Refresh\u2122 Bruma facial Aumenta la hidrataci\u00f3n de tu piel en cualquier momento. \u00dasalo sobre el maquillaje o antes de aplicarlo para conseguir un est\u00edmulo refrescante con aroma relajante a coco y sand\u00eda. 100 ml \u212e 3.4 fl. oz. Precio de venta Cliente00.00 \u20ac Precio Cliente VIP00.00 \u20ac Para conocer m\u00e1s sobre MONAT Hydrate\" \/>\n\t\t<meta property=\"og:url\" content=\"https:\/\/monatglobal.com\/es\/face-mist\/\" \/>\n\t\t<meta property=\"article:published_time\" content=\"2022-01-17T09:00:00+00:00\" \/>\n\t\t<meta property=\"article:modified_time\" content=\"2026-02-06T18:33:24+00:00\" \/>\n\t\t<meta name=\"twitter:card\" content=\"summary_large_image\" \/>\n\t\t<meta name=\"twitter:title\" content=\"MONAT Hydrate &amp; Refresh\u2122 | Bruma Facial | MONAT Cuidado de la piel - MONAT Espa\u00f1a\" \/>\n\t\t<meta name=\"twitter:description\" content=\"MONAT Hydrate &amp; Refresh\u2122 Bruma facial Aumenta la hidrataci\u00f3n de tu piel en cualquier momento. \u00dasalo sobre el maquillaje o antes de aplicarlo para conseguir un est\u00edmulo refrescante con aroma relajante a coco y sand\u00eda. 100 ml \u212e 3.4 fl. oz. Precio de venta Cliente00.00 \u20ac Precio Cliente VIP00.00 \u20ac Para conocer m\u00e1s sobre MONAT Hydrate\" \/>\n\t\t<script type=\"application\/ld+json\" class=\"aioseo-schema\">\n\t\t\t{\"@context\":\"https:\\\/\\\/schema.org\",\"@graph\":[{\"@type\":\"BreadcrumbList\",\"@id\":\"https:\\\/\\\/monatglobal.com\\\/es\\\/face-mist\\\/#breadcrumblist\",\"itemListElement\":[{\"@type\":\"ListItem\",\"@id\":\"https:\\\/\\\/monatglobal.com\\\/es#listItem\",\"position\":1,\"name\":\"Home\",\"item\":\"https:\\\/\\\/monatglobal.com\\\/es\",\"nextItem\":{\"@type\":\"ListItem\",\"@id\":\"https:\\\/\\\/monatglobal.com\\\/es\\\/face-mist\\\/#listItem\",\"name\":\"MONAT Hydrate &amp; Refresh\\u2122 &#124; Bruma Facial &#124; MONAT Cuidado de la piel\"}},{\"@type\":\"ListItem\",\"@id\":\"https:\\\/\\\/monatglobal.com\\\/es\\\/face-mist\\\/#listItem\",\"position\":2,\"name\":\"MONAT Hydrate &amp; Refresh\\u2122 &#124; Bruma Facial &#124; MONAT Cuidado de la piel\",\"previousItem\":{\"@type\":\"ListItem\",\"@id\":\"https:\\\/\\\/monatglobal.com\\\/es#listItem\",\"name\":\"Home\"}}]},{\"@type\":\"Organization\",\"@id\":\"https:\\\/\\\/monatglobal.com\\\/es\\\/#organization\",\"name\":\"MONAT Espa\\u00f1a\",\"description\":\"We Are Modern Nature\\u00ae\",\"url\":\"https:\\\/\\\/monatglobal.com\\\/es\\\/\"},{\"@type\":\"WebPage\",\"@id\":\"https:\\\/\\\/monatglobal.com\\\/es\\\/face-mist\\\/#webpage\",\"url\":\"https:\\\/\\\/monatglobal.com\\\/es\\\/face-mist\\\/\",\"name\":\"MONAT Hydrate & Refresh\\u2122 | Bruma Facial | MONAT Cuidado de la piel - MONAT Espa\\u00f1a\",\"description\":\"MONAT Hydrate & Refresh\\u2122 Bruma facial Aumenta la hidrataci\\u00f3n de tu piel en cualquier momento. \\u00dasalo sobre el maquillaje o antes de aplicarlo para conseguir un est\\u00edmulo refrescante con aroma relajante a coco y sand\\u00eda. 100 ml \\u212e 3.4 fl. oz. Precio de venta Cliente00.00 \\u20ac Precio Cliente VIP00.00 \\u20ac Para conocer m\\u00e1s sobre MONAT Hydrate\",\"inLanguage\":\"en-US\",\"isPartOf\":{\"@id\":\"https:\\\/\\\/monatglobal.com\\\/es\\\/#website\"},\"breadcrumb\":{\"@id\":\"https:\\\/\\\/monatglobal.com\\\/es\\\/face-mist\\\/#breadcrumblist\"},\"image\":{\"@type\":\"ImageObject\",\"url\":\"https:\\\/\\\/monatglobal.com\\\/es\\\/wp-content\\\/uploads\\\/sites\\\/10\\\/2021\\\/11\\\/MONAT_HYDRATE-REFRESH_ecomm-optimized.png\",\"@id\":\"https:\\\/\\\/monatglobal.com\\\/es\\\/face-mist\\\/#mainImage\",\"width\":641,\"height\":800},\"primaryImageOfPage\":{\"@id\":\"https:\\\/\\\/monatglobal.com\\\/es\\\/face-mist\\\/#mainImage\"},\"datePublished\":\"2022-01-17T09:00:00+00:00\",\"dateModified\":\"2026-02-06T18:33:24+00:00\"},{\"@type\":\"WebSite\",\"@id\":\"https:\\\/\\\/monatglobal.com\\\/es\\\/#website\",\"url\":\"https:\\\/\\\/monatglobal.com\\\/es\\\/\",\"name\":\"MONAT Espa\\u00f1a\",\"description\":\"We Are Modern Nature\\u00ae\",\"inLanguage\":\"en-US\",\"publisher\":{\"@id\":\"https:\\\/\\\/monatglobal.com\\\/es\\\/#organization\"}}]}\n\t\t<\/script>\n\t\t<!-- All in One SEO Pro -->\r\n\t\t<title>MONAT Hydrate &amp; Refresh\u2122 | Bruma Facial | MONAT Cuidado de la piel - MONAT Espa\u00f1a<\/title>\n\n","aioseo_head_json":{"title":"MONAT Hydrate & Refresh\u2122 | Bruma Facial | MONAT Cuidado de la piel - MONAT Espa\u00f1a","description":"MONAT Hydrate & Refresh\u2122 Bruma facial Aumenta la hidrataci\u00f3n de tu piel en cualquier momento. \u00dasalo sobre el maquillaje o antes de aplicarlo para conseguir un est\u00edmulo refrescante con aroma relajante a coco y sand\u00eda. 100 ml \u212e 3.4 fl. oz. Precio de venta Cliente00.00 \u20ac Precio Cliente VIP00.00 \u20ac Para conocer m\u00e1s sobre MONAT Hydrate","canonical_url":"https:\/\/monatglobal.com\/es\/face-mist\/","robots":"max-image-preview:large","keywords":"","webmasterTools":{"miscellaneous":""},"schema":{"@context":"https:\/\/schema.org","@graph":[{"@type":"BreadcrumbList","@id":"https:\/\/monatglobal.com\/es\/face-mist\/#breadcrumblist","itemListElement":[{"@type":"ListItem","@id":"https:\/\/monatglobal.com\/es#listItem","position":1,"name":"Home","item":"https:\/\/monatglobal.com\/es","nextItem":{"@type":"ListItem","@id":"https:\/\/monatglobal.com\/es\/face-mist\/#listItem","name":"MONAT Hydrate &amp; Refresh\u2122 &#124; Bruma Facial &#124; MONAT Cuidado de la piel"}},{"@type":"ListItem","@id":"https:\/\/monatglobal.com\/es\/face-mist\/#listItem","position":2,"name":"MONAT Hydrate &amp; Refresh\u2122 &#124; Bruma Facial &#124; MONAT Cuidado de la piel","previousItem":{"@type":"ListItem","@id":"https:\/\/monatglobal.com\/es#listItem","name":"Home"}}]},{"@type":"Organization","@id":"https:\/\/monatglobal.com\/es\/#organization","name":"MONAT Espa\u00f1a","description":"We Are Modern Nature\u00ae","url":"https:\/\/monatglobal.com\/es\/"},{"@type":"WebPage","@id":"https:\/\/monatglobal.com\/es\/face-mist\/#webpage","url":"https:\/\/monatglobal.com\/es\/face-mist\/","name":"MONAT Hydrate & Refresh\u2122 | Bruma Facial | MONAT Cuidado de la piel - MONAT Espa\u00f1a","description":"MONAT Hydrate & Refresh\u2122 Bruma facial Aumenta la hidrataci\u00f3n de tu piel en cualquier momento. \u00dasalo sobre el maquillaje o antes de aplicarlo para conseguir un est\u00edmulo refrescante con aroma relajante a coco y sand\u00eda. 100 ml \u212e 3.4 fl. oz. Precio de venta Cliente00.00 \u20ac Precio Cliente VIP00.00 \u20ac Para conocer m\u00e1s sobre MONAT Hydrate","inLanguage":"en-US","isPartOf":{"@id":"https:\/\/monatglobal.com\/es\/#website"},"breadcrumb":{"@id":"https:\/\/monatglobal.com\/es\/face-mist\/#breadcrumblist"},"image":{"@type":"ImageObject","url":"https:\/\/monatglobal.com\/es\/wp-content\/uploads\/sites\/10\/2021\/11\/MONAT_HYDRATE-REFRESH_ecomm-optimized.png","@id":"https:\/\/monatglobal.com\/es\/face-mist\/#mainImage","width":641,"height":800},"primaryImageOfPage":{"@id":"https:\/\/monatglobal.com\/es\/face-mist\/#mainImage"},"datePublished":"2022-01-17T09:00:00+00:00","dateModified":"2026-02-06T18:33:24+00:00"},{"@type":"WebSite","@id":"https:\/\/monatglobal.com\/es\/#website","url":"https:\/\/monatglobal.com\/es\/","name":"MONAT Espa\u00f1a","description":"We Are Modern Nature\u00ae","inLanguage":"en-US","publisher":{"@id":"https:\/\/monatglobal.com\/es\/#organization"}}]},"og:locale":"en_US","og:site_name":"MONAT Espa\u00f1a - We Are Modern Nature\u00ae","og:type":"article","og:title":"MONAT Hydrate &amp; Refresh\u2122 | Bruma Facial | MONAT Cuidado de la piel - MONAT Espa\u00f1a","og:description":"MONAT Hydrate &amp; Refresh\u2122 Bruma facial Aumenta la hidrataci\u00f3n de tu piel en cualquier momento. \u00dasalo sobre el maquillaje o antes de aplicarlo para conseguir un est\u00edmulo refrescante con aroma relajante a coco y sand\u00eda. 100 ml \u212e 3.4 fl. oz. Precio de venta Cliente00.00 \u20ac Precio Cliente VIP00.00 \u20ac Para conocer m\u00e1s sobre MONAT Hydrate","og:url":"https:\/\/monatglobal.com\/es\/face-mist\/","article:published_time":"2022-01-17T09:00:00+00:00","article:modified_time":"2026-02-06T18:33:24+00:00","twitter:card":"summary_large_image","twitter:title":"MONAT Hydrate &amp; Refresh\u2122 | Bruma Facial | MONAT Cuidado de la piel - MONAT Espa\u00f1a","twitter:description":"MONAT Hydrate &amp; Refresh\u2122 Bruma facial Aumenta la hidrataci\u00f3n de tu piel en cualquier momento. \u00dasalo sobre el maquillaje o antes de aplicarlo para conseguir un est\u00edmulo refrescante con aroma relajante a coco y sand\u00eda. 100 ml \u212e 3.4 fl. oz. Precio de venta Cliente00.00 \u20ac Precio Cliente VIP00.00 \u20ac Para conocer m\u00e1s sobre MONAT Hydrate"},"aioseo_meta_data":{"post_id":"65706","title":null,"description":null,"keywords":null,"keyphrases":null,"primary_term":null,"canonical_url":null,"og_title":null,"og_description":null,"og_object_type":"default","og_image_type":"default","og_image_url":null,"og_image_width":null,"og_image_height":null,"og_image_custom_url":null,"og_image_custom_fields":null,"og_video":null,"og_custom_url":null,"og_article_section":null,"og_article_tags":null,"twitter_use_og":false,"twitter_card":"default","twitter_image_type":"default","twitter_image_url":null,"twitter_image_custom_url":null,"twitter_image_custom_fields":null,"twitter_title":null,"twitter_description":null,"schema":{"blockGraphs":[],"customGraphs":[],"default":{"data":{"Article":[],"Course":[],"Dataset":[],"FAQPage":[],"Movie":[],"Person":[],"Product":[],"ProductReview":[],"Car":[],"Recipe":[],"Service":[],"SoftwareApplication":[],"WebPage":[]},"graphName":"WebPage","isEnabled":true},"graphs":[]},"schema_type":"default","schema_type_options":null,"pillar_content":false,"robots_default":true,"robots_noindex":false,"robots_noarchive":false,"robots_nosnippet":false,"robots_nofollow":false,"robots_noimageindex":false,"robots_noodp":false,"robots_notranslate":false,"robots_max_snippet":null,"robots_max_videopreview":null,"robots_max_imagepreview":"large","priority":null,"frequency":null,"local_seo":null,"seo_analyzer_scan_date":"2025-08-14 17:49:31","limit_modified_date":false,"reviewed_by":null,"open_ai":null,"ai":null,"created":"2023-07-26 09:27:24","updated":"2026-02-10 05:23:56"},"aioseo_breadcrumb":"<div class=\"aioseo-breadcrumbs\"><span class=\"aioseo-breadcrumb\">\n\t<a href=\"https:\/\/monatglobal.com\/es\" title=\"Home\">Home<\/a>\n<\/span><span class=\"aioseo-breadcrumb-separator\">&raquo;<\/span><span class=\"aioseo-breadcrumb\">\n\tMONAT Hydrate &amp; Refresh\u2122 | Bruma Facial | MONAT Cuidado de la piel\n<\/span><\/div>","aioseo_breadcrumb_json":[{"label":"Home","link":"https:\/\/monatglobal.com\/es"},{"label":"MONAT Hydrate &amp; Refresh\u2122 &#124; Bruma Facial &#124; MONAT Cuidado de la piel","link":"https:\/\/monatglobal.com\/es\/face-mist\/"}],"_links":{"self":[{"href":"https:\/\/monatglobal.com\/es\/wp-json\/wp\/v2\/pages\/65706","targetHints":{"allow":["GET"]}}],"collection":[{"href":"https:\/\/monatglobal.com\/es\/wp-json\/wp\/v2\/pages"}],"about":[{"href":"https:\/\/monatglobal.com\/es\/wp-json\/wp\/v2\/types\/page"}],"author":[{"embeddable":true,"href":"https:\/\/monatglobal.com\/es\/wp-json\/wp\/v2\/users\/31"}],"replies":[{"embeddable":true,"href":"https:\/\/monatglobal.com\/es\/wp-json\/wp\/v2\/comments?post=65706"}],"version-history":[{"count":26,"href":"https:\/\/monatglobal.com\/es\/wp-json\/wp\/v2\/pages\/65706\/revisions"}],"predecessor-version":[{"id":109264,"href":"https:\/\/monatglobal.com\/es\/wp-json\/wp\/v2\/pages\/65706\/revisions\/109264"}],"wp:featuredmedia":[{"embeddable":true,"href":"https:\/\/monatglobal.com\/es\/wp-json\/wp\/v2\/media\/65719"}],"wp:attachment":[{"href":"https:\/\/monatglobal.com\/es\/wp-json\/wp\/v2\/media?parent=65706"}],"wp:term":[{"taxonomy":"category","embeddable":true,"href":"https:\/\/monatglobal.com\/es\/wp-json\/wp\/v2\/categories?post=65706"},{"taxonomy":"post_tag","embeddable":true,"href":"https:\/\/monatglobal.com\/es\/wp-json\/wp\/v2\/tags?post=65706"}],"curies":[{"name":"wp","href":"https:\/\/api.w.org\/{rel}","templated":true}]}}