{"id":65460,"date":"2021-11-15T08:45:09","date_gmt":"2021-11-15T08:45:09","guid":{"rendered":"https:\/\/monatglobal.com\/es\/?page_id=65460"},"modified":"2026-02-06T17:34:57","modified_gmt":"2026-02-06T17:34:57","slug":"body-hydrate-serum","status":"publish","type":"page","link":"https:\/\/monatglobal.com\/es\/body-hydrate-serum\/","title":{"rendered":"S\u00e9rum corporal Hidrata y Repara MONAT BODY CARE\u2122"},"content":{"rendered":"\n\n\t<link rel=\"stylesheet\" href=\"https:\/\/unpkg.com\/swiper\/swiper-bundle.min.css\" \/>\n<link rel=\"stylesheet\" href=\"https:\/\/monatglobal.com\/wp-content\/creative_css\/product_styles_sheet.css\" \/>\n   <!--==================================================== ECOMM SECTION ====================================================-->\n      <!--==================================================== Ecomm image ====================================================-->\n      <img decoding=\"async\" src=\"https:\/\/monatglobal.com\/wp-content\/uploads\/2021\/08\/HYDRATE-REPAIR-BODY-SERUM-ecomm.png\" alt=\"S\u00e9rum corporal Hidrata y Repara MONAT BODY CARE\u2122\" loading=\"lazy\"\/>\n      <!--==================================================== Ecomm information  ====================================================-->\n         \n         <h1>S\u00e9rum corporal <br \/>Hidrata y Repara<\/h1>\n         <p>MONAT BODY CARE\u2122<\/p>\n         <p>Un s\u00e9rum para el cuerpo altamente concentrado hidrata y nutre la piel&nbsp;instant\u00e1neamente.<\/p>\n         <p>178 ml \u212e 6 fl. oz.<\/p>\n        <!--==================================================== pricing box  ====================================================--> \n         <p>Precio de venta Cliente<br \/>00.00 \u20ac<\/p>\n         <p>Precio Cliente VIP<br \/>00.00 \u20ac<\/p>\n        <!--==================================================== pricing box  ====================================================-->\n         <p>Para conocer m\u00e1s sobre Crema de manos Suave y Calmante MONAT BODY CARE\u2122, ponte en contacto con tu Market Partner de MONAT.<\/p> \n          <a href=\"\" target=\"_blank\" role=\"button\" aria-label=\"\" rel=\"noopener\"><\/a>\n   <!--==================================================== \/ECOMM SECTION  ====================================================-->\n   <!--==================================================== Benefits image ====================================================-->\n   \n      <source media=\"(max-width: 700px)\" srcset=\"https:\/\/monatglobal.com\/wp-content\/uploads\/2021\/09\/Hydrate-Repair-Body-Serum-Benefits_mobile.jpg\" loading=\"lazy\"\/>\n      <img decoding=\"async\" alt=\"Close up of an african-american woman elegantly posing, looking to the right while touching her chin. The image depicts perfectly \n      nourished skin.\" src=\"https:\/\/monatglobal.com\/wp-content\/uploads\/2021\/09\/Hydrate-Repair-Body-Serum-Benefits.jpg\" loading=\"lazy\"\/>\n   \n   <!--==================================================== Benefits text ====================================================-->\n         <h2>BENEFICIOS<\/h2>\n         <h3>Un s\u00e9rum de r\u00e1pida absorci\u00f3n que contiene \u00e1cido hialur\u00f3nico, vitamina B3 y ciruela kakadu \n         y que recupera e hidrata en profundidad para conseguir una piel visiblemente m\u00e1s suave, tersa, firme y de aspecto&nbsp;saludable.<\/h3>\n         \n         <!--==================================================== features image  ====================================================-->\n         <img decoding=\"async\" alt=\"MONAT's Hydrate &#038; Repair Body Serum lays centered over a solid peach color background exhibiting its main ingredients \n         ornamenting the main product.\" src=\"https:\/\/monatglobal.com\/wp-content\/uploads\/2021\/09\/Directions-Hydrate-Repair-Body-Serum.jpg\" loading=\"lazy\"\/>\n      <!--==================================================== features text ====================================================-->\n            <h3>El poder renovador de la&nbsp;hidrataci\u00f3n<\/h3>\n               <p>\/ Mantiene la piel hidratada hasta 24 horas<\/p>\n               <p>\/ Deja una sensaci\u00f3n de suavidad en la piel<\/p>\n               <p>\/ Ayuda a mejorar el aspecto radiante de la piel en general<\/p>\n               <p>\/ Ayuda a mejorar el aspecto general del tono de la piel<\/p>\n               <p>\/ Ayuda a tensar, reafirmar y rellenar la piel<\/p>\n               <p>\/ Reduce la apariencia de la piel crep\u00e9<\/p>\n               <br \/>\n            <p>Fragancia \/ Peon\u00eda y pimienta rosa<\/p>\n            <p> Textura \/ No graso, ligero y fluido.<\/p>\n   <!--==================================================== composition image mobile ====================================================-->\n   <img decoding=\"async\" alt=\"MONAT's Hydrate &#038; Repair Body Serum being held by a woman's hand against her leg. It's intended to show \n   exceptional results after treatment.\" src=\"https:\/\/monatglobal.com\/wp-content\/uploads\/2021\/09\/Comp1-Hydrate-Repair-Body-Serum-.jpg\" loading=\"lazy\"\/>\n   <!--==================================================== Why it works text ====================================================-->\n      <h2>Hidrataci\u00f3n instant\u00e1nea. Resultados duraderos.<\/h2>\n      <h3>Este s\u00e9rum para el cuerpo altamente concentrado hidrata y nutre la piel&nbsp;instant\u00e1neamente.<\/h3>\n      Un complejo \u00fanico a base de probi\u00f3ticos que trabaja en sinergia con la niacinamida y el \u00e1cido hialur\u00f3nico para ayudar a la \n      renovaci\u00f3n de la piel y favorecer una piel de aspecto m\u00e1s sano y&nbsp;joven.\n<!--==================================================== Composition section ====================================================-->\n      <img decoding=\"async\" alt=\"MONAT's Hydrate &#038; Repair Body Serum being held by a woman's hand against her leg. It's intended to show exceptional \n      results after treatment.\" src=\"https:\/\/monatglobal.com\/wp-content\/uploads\/2021\/09\/Comp1-Hydrate-Repair-Body-Serum-.jpg\" loading=\"lazy\"\/>\n      <img decoding=\"async\" alt=\"Closeup of a smiling woman while applying the serum gel on her right shoulder. It showcases its clear texture properties.\" \n      src=\"https:\/\/monatglobal.com\/wp-content\/uploads\/2021\/09\/Comp3_Hydrate_-Repair-Body-Serum-.jpg\" loading=\"lazy\"\/>\n            <!--==================================================== Directions text ====================================================--> \n               <h3>Instrucciones<\/h3>\n               <p>\/ Aplicar una fina capa por todo el&nbsp;cuerpo.<\/p>\n               <p>\/ Masajear suavemente con movimientos circulares hasta que el producto se absorba&nbsp;completamente.<\/p>\n               <p>\/ Contin\u00faa con tu rutina MONAT&nbsp;BODY&nbsp;CARE\u2122.<\/p>\n            <!--==================================================== Directions video ====================================================-->\n      <p>S\u00e9rum corporal Hidrata y Repara <br \/>MONAT BODY CARE\u2122<br \/>1:34<\/p>\n      <a href=\"\" target=\"_blank\" role=\"button\" aria-label=\"\" rel=\"noopener\"><\/a>\n   <!--==================================================== Ingredients section  ====================================================-->\n      <h2>INGREDIENTES CLAVE<\/h2>\n               <p>Lactococcus Ferment&nbsp;Extract<\/p>\n               <p>Kakadu Plum<\/p>\n               <p>Squalane<\/p>\n               <p>Niacinamide<\/p>\n               <p>Lactic Acid<\/p>\n               <p>Hyaluronic Acid<\/p>\n        <button id=\"myBtn\" type=\"button\">LISTA DE INGREDIENTES<\/button>\n      <!--==================================================== Modal content  ====================================================-->\n         &times;\n         Aqua\/Water\/Eau, Glycerin, Polyacrylate Crosspolymer-6, Caryocar Brasiliense Fruit Oil, Cocos Nucifera (Coconut) Oil, \n         Gardenia Taitensis Flower Extract, Helianthus Annuus (Sunflower) Seed Oil, Mauritia Flexuosa Fruit Oil, Moringa Oleifera Seed Oil, \n         Palmitoyl Hexapeptide-12, Adansonia Digitata Oil, Tocopherol, Simmondsia Chinensis (Jojoba) Seed Extract, Citrus Aurantifolia (Lime) \n         Oil, Citrus Aurantium Bergamia (Bergamot) Fruit Oil, Camellia Oleifera Seed Oil, Olea Europaea (Olive) Fruit Oil, Citrus Limon (Lemon) \n         Peel Oil, Daucus Carota Sativa (Carrot) Seed Oil, Solanum Lycopersicum (Tomato) Seed Oil, Terminalia Ferdinandiana Fruit Extract, \n         Hydrogenated Lecithin, Ceramide NG, Sodium Hyaluronate, Polysorbate 60, Crambe Abyssinica Seed Oil, CocoCaprylate\/Caprate, Euterpe \n         Oleracea Fruit Extract, Lycium Barbarum Fruit Extract, Squalane, Vaccinium Angustifolium (Blueberry) Fruit Extract, Vaccinium Macrocarpon \n         (Cranberry) Fruit Extract, Lactic Acid, Lactococcus Ferment Extract, Tribehenin, Limnanthes Alba (Meadowfoam) Seed Oil, Ethylhexylglycerin,\n         Niacinamide, Glycolic Acid, C12-15 Alkyl Benzoate, Coconut Alkanes, Hydroxyyethyl Acrylate\/Sodium Acryloyldimethyl Taurate Copolymer, \n         Sodium Lactate, Sorbitan Isostearate, Potassium Sorbate, Sodium Levulinate, Benzyl Alcohol, Sodium Benzoate, Sodium Chloride, Limonene.\n   <!--==================================================== You might also like section ====================================================-->\n      <h2>PUEDE QUE TAMBI\u00c9N TE GUSTE<\/h2>\n      <!--==================================================== Slider YOU MIGHT ALSO LIKE ====================================================-->\n         <!--==================================================== If we need navigation buttons  ====================================================-->\n         <!--==================================================== If we need paginations  ====================================================-->\n    <a href=\"\" aria-label=\"\"><\/a>\n<!--==================================================== this link has to go last for it to work   ====================================================-->\n\n","protected":false},"excerpt":{"rendered":"<p>S\u00e9rum corporal Hidrata y Repara MONAT BODY CARE\u2122 Un s\u00e9rum para el cuerpo altamente concentrado hidrata y nutre la piel&nbsp;instant\u00e1neamente. 178 ml \u212e 6 fl. oz. Precio de venta Cliente00.00 \u20ac Precio Cliente VIP00.00 \u20ac Para conocer m\u00e1s sobre Crema de manos Suave y Calmante MONAT BODY CARE\u2122, ponte en contacto con tu Market Partner&hellip;<\/p>\n","protected":false},"author":31,"featured_media":65461,"parent":0,"menu_order":0,"comment_status":"closed","ping_status":"closed","template":"","meta":{"inline_featured_image":false,"om_disable_all_campaigns":false,"_monsterinsights_skip_tracking":false,"_monsterinsights_sitenote_active":false,"_monsterinsights_sitenote_note":"","_monsterinsights_sitenote_category":0,"footnotes":""},"categories":[31],"tags":[],"class_list":["post-65460","page","type-page","status-publish","has-post-thumbnail","hentry","category-product-es"],"aioseo_notices":[],"aioseo_head":"\n\t\t<!-- All in One SEO Pro 4.9.6 - aioseo.com -->\n\t<meta name=\"description\" content=\"S\u00e9rum corporal Hidrata y Repara MONAT BODY CARE\u2122 Un s\u00e9rum para el cuerpo altamente concentrado hidrata y nutre la piel instant\u00e1neamente. 178 ml \u212e 6 fl. oz. Precio de venta Cliente00.00 \u20ac Precio Cliente VIP00.00 \u20ac Para conocer m\u00e1s sobre Crema de manos Suave y Calmante MONAT BODY CARE\u2122, ponte en contacto con tu Market Partner\" \/>\n\t<meta name=\"robots\" content=\"max-image-preview:large\" \/>\n\t<link rel=\"canonical\" href=\"https:\/\/monatglobal.com\/es\/body-hydrate-serum\/\" \/>\n\t<meta name=\"generator\" content=\"All in One SEO Pro (AIOSEO) 4.9.6\" \/>\n\t\t<meta property=\"og:locale\" content=\"en_US\" \/>\n\t\t<meta property=\"og:site_name\" content=\"MONAT Espa\u00f1a - We Are Modern Nature\u00ae\" \/>\n\t\t<meta property=\"og:type\" content=\"article\" \/>\n\t\t<meta property=\"og:title\" content=\"S\u00e9rum corporal Hidrata y Repara MONAT BODY CARE\u2122 - MONAT Espa\u00f1a\" \/>\n\t\t<meta property=\"og:description\" content=\"S\u00e9rum corporal Hidrata y Repara MONAT BODY CARE\u2122 Un s\u00e9rum para el cuerpo altamente concentrado hidrata y nutre la piel instant\u00e1neamente. 178 ml \u212e 6 fl. oz. Precio de venta Cliente00.00 \u20ac Precio Cliente VIP00.00 \u20ac Para conocer m\u00e1s sobre Crema de manos Suave y Calmante MONAT BODY CARE\u2122, ponte en contacto con tu Market Partner\" \/>\n\t\t<meta property=\"og:url\" content=\"https:\/\/monatglobal.com\/es\/body-hydrate-serum\/\" \/>\n\t\t<meta property=\"article:published_time\" content=\"2021-11-15T08:45:09+00:00\" \/>\n\t\t<meta property=\"article:modified_time\" content=\"2026-02-06T17:34:57+00:00\" \/>\n\t\t<meta name=\"twitter:card\" content=\"summary_large_image\" \/>\n\t\t<meta name=\"twitter:title\" content=\"S\u00e9rum corporal Hidrata y Repara MONAT BODY CARE\u2122 - MONAT Espa\u00f1a\" \/>\n\t\t<meta name=\"twitter:description\" content=\"S\u00e9rum corporal Hidrata y Repara MONAT BODY CARE\u2122 Un s\u00e9rum para el cuerpo altamente concentrado hidrata y nutre la piel instant\u00e1neamente. 178 ml \u212e 6 fl. oz. Precio de venta Cliente00.00 \u20ac Precio Cliente VIP00.00 \u20ac Para conocer m\u00e1s sobre Crema de manos Suave y Calmante MONAT BODY CARE\u2122, ponte en contacto con tu Market Partner\" \/>\n\t\t<script type=\"application\/ld+json\" class=\"aioseo-schema\">\n\t\t\t{\"@context\":\"https:\\\/\\\/schema.org\",\"@graph\":[{\"@type\":\"BreadcrumbList\",\"@id\":\"https:\\\/\\\/monatglobal.com\\\/es\\\/body-hydrate-serum\\\/#breadcrumblist\",\"itemListElement\":[{\"@type\":\"ListItem\",\"@id\":\"https:\\\/\\\/monatglobal.com\\\/es#listItem\",\"position\":1,\"name\":\"Home\",\"item\":\"https:\\\/\\\/monatglobal.com\\\/es\",\"nextItem\":{\"@type\":\"ListItem\",\"@id\":\"https:\\\/\\\/monatglobal.com\\\/es\\\/body-hydrate-serum\\\/#listItem\",\"name\":\"S\\u00e9rum corporal Hidrata y Repara MONAT BODY CARE\\u2122\"}},{\"@type\":\"ListItem\",\"@id\":\"https:\\\/\\\/monatglobal.com\\\/es\\\/body-hydrate-serum\\\/#listItem\",\"position\":2,\"name\":\"S\\u00e9rum corporal Hidrata y Repara MONAT BODY CARE\\u2122\",\"previousItem\":{\"@type\":\"ListItem\",\"@id\":\"https:\\\/\\\/monatglobal.com\\\/es#listItem\",\"name\":\"Home\"}}]},{\"@type\":\"Organization\",\"@id\":\"https:\\\/\\\/monatglobal.com\\\/es\\\/#organization\",\"name\":\"MONAT Espa\\u00f1a\",\"description\":\"We Are Modern Nature\\u00ae\",\"url\":\"https:\\\/\\\/monatglobal.com\\\/es\\\/\"},{\"@type\":\"WebPage\",\"@id\":\"https:\\\/\\\/monatglobal.com\\\/es\\\/body-hydrate-serum\\\/#webpage\",\"url\":\"https:\\\/\\\/monatglobal.com\\\/es\\\/body-hydrate-serum\\\/\",\"name\":\"S\\u00e9rum corporal Hidrata y Repara MONAT BODY CARE\\u2122 - MONAT Espa\\u00f1a\",\"description\":\"S\\u00e9rum corporal Hidrata y Repara MONAT BODY CARE\\u2122 Un s\\u00e9rum para el cuerpo altamente concentrado hidrata y nutre la piel instant\\u00e1neamente. 178 ml \\u212e 6 fl. oz. Precio de venta Cliente00.00 \\u20ac Precio Cliente VIP00.00 \\u20ac Para conocer m\\u00e1s sobre Crema de manos Suave y Calmante MONAT BODY CARE\\u2122, ponte en contacto con tu Market Partner\",\"inLanguage\":\"en-US\",\"isPartOf\":{\"@id\":\"https:\\\/\\\/monatglobal.com\\\/es\\\/#website\"},\"breadcrumb\":{\"@id\":\"https:\\\/\\\/monatglobal.com\\\/es\\\/body-hydrate-serum\\\/#breadcrumblist\"},\"image\":{\"@type\":\"ImageObject\",\"url\":\"https:\\\/\\\/monatglobal.com\\\/es\\\/wp-content\\\/uploads\\\/sites\\\/10\\\/2021\\\/10\\\/HYDRATE-REPAIR-BODY-SERUM-ecomm.png\",\"@id\":\"https:\\\/\\\/monatglobal.com\\\/es\\\/body-hydrate-serum\\\/#mainImage\",\"width\":641,\"height\":800},\"primaryImageOfPage\":{\"@id\":\"https:\\\/\\\/monatglobal.com\\\/es\\\/body-hydrate-serum\\\/#mainImage\"},\"datePublished\":\"2021-11-15T08:45:09+00:00\",\"dateModified\":\"2026-02-06T17:34:57+00:00\"},{\"@type\":\"WebSite\",\"@id\":\"https:\\\/\\\/monatglobal.com\\\/es\\\/#website\",\"url\":\"https:\\\/\\\/monatglobal.com\\\/es\\\/\",\"name\":\"MONAT Espa\\u00f1a\",\"description\":\"We Are Modern Nature\\u00ae\",\"inLanguage\":\"en-US\",\"publisher\":{\"@id\":\"https:\\\/\\\/monatglobal.com\\\/es\\\/#organization\"}}]}\n\t\t<\/script>\n\t\t<!-- All in One SEO Pro -->\r\n\t\t<title>S\u00e9rum corporal Hidrata y Repara MONAT BODY CARE\u2122 - MONAT Espa\u00f1a<\/title>\n\n","aioseo_head_json":{"title":"S\u00e9rum corporal Hidrata y Repara MONAT BODY CARE\u2122 - MONAT Espa\u00f1a","description":"S\u00e9rum corporal Hidrata y Repara MONAT BODY CARE\u2122 Un s\u00e9rum para el cuerpo altamente concentrado hidrata y nutre la piel instant\u00e1neamente. 178 ml \u212e 6 fl. oz. Precio de venta Cliente00.00 \u20ac Precio Cliente VIP00.00 \u20ac Para conocer m\u00e1s sobre Crema de manos Suave y Calmante MONAT BODY CARE\u2122, ponte en contacto con tu Market Partner","canonical_url":"https:\/\/monatglobal.com\/es\/body-hydrate-serum\/","robots":"max-image-preview:large","keywords":"","webmasterTools":{"miscellaneous":""},"schema":{"@context":"https:\/\/schema.org","@graph":[{"@type":"BreadcrumbList","@id":"https:\/\/monatglobal.com\/es\/body-hydrate-serum\/#breadcrumblist","itemListElement":[{"@type":"ListItem","@id":"https:\/\/monatglobal.com\/es#listItem","position":1,"name":"Home","item":"https:\/\/monatglobal.com\/es","nextItem":{"@type":"ListItem","@id":"https:\/\/monatglobal.com\/es\/body-hydrate-serum\/#listItem","name":"S\u00e9rum corporal Hidrata y Repara MONAT BODY CARE\u2122"}},{"@type":"ListItem","@id":"https:\/\/monatglobal.com\/es\/body-hydrate-serum\/#listItem","position":2,"name":"S\u00e9rum corporal Hidrata y Repara MONAT BODY CARE\u2122","previousItem":{"@type":"ListItem","@id":"https:\/\/monatglobal.com\/es#listItem","name":"Home"}}]},{"@type":"Organization","@id":"https:\/\/monatglobal.com\/es\/#organization","name":"MONAT Espa\u00f1a","description":"We Are Modern Nature\u00ae","url":"https:\/\/monatglobal.com\/es\/"},{"@type":"WebPage","@id":"https:\/\/monatglobal.com\/es\/body-hydrate-serum\/#webpage","url":"https:\/\/monatglobal.com\/es\/body-hydrate-serum\/","name":"S\u00e9rum corporal Hidrata y Repara MONAT BODY CARE\u2122 - MONAT Espa\u00f1a","description":"S\u00e9rum corporal Hidrata y Repara MONAT BODY CARE\u2122 Un s\u00e9rum para el cuerpo altamente concentrado hidrata y nutre la piel instant\u00e1neamente. 178 ml \u212e 6 fl. oz. Precio de venta Cliente00.00 \u20ac Precio Cliente VIP00.00 \u20ac Para conocer m\u00e1s sobre Crema de manos Suave y Calmante MONAT BODY CARE\u2122, ponte en contacto con tu Market Partner","inLanguage":"en-US","isPartOf":{"@id":"https:\/\/monatglobal.com\/es\/#website"},"breadcrumb":{"@id":"https:\/\/monatglobal.com\/es\/body-hydrate-serum\/#breadcrumblist"},"image":{"@type":"ImageObject","url":"https:\/\/monatglobal.com\/es\/wp-content\/uploads\/sites\/10\/2021\/10\/HYDRATE-REPAIR-BODY-SERUM-ecomm.png","@id":"https:\/\/monatglobal.com\/es\/body-hydrate-serum\/#mainImage","width":641,"height":800},"primaryImageOfPage":{"@id":"https:\/\/monatglobal.com\/es\/body-hydrate-serum\/#mainImage"},"datePublished":"2021-11-15T08:45:09+00:00","dateModified":"2026-02-06T17:34:57+00:00"},{"@type":"WebSite","@id":"https:\/\/monatglobal.com\/es\/#website","url":"https:\/\/monatglobal.com\/es\/","name":"MONAT Espa\u00f1a","description":"We Are Modern Nature\u00ae","inLanguage":"en-US","publisher":{"@id":"https:\/\/monatglobal.com\/es\/#organization"}}]},"og:locale":"en_US","og:site_name":"MONAT Espa\u00f1a - We Are Modern Nature\u00ae","og:type":"article","og:title":"S\u00e9rum corporal Hidrata y Repara MONAT BODY CARE\u2122 - MONAT Espa\u00f1a","og:description":"S\u00e9rum corporal Hidrata y Repara MONAT BODY CARE\u2122 Un s\u00e9rum para el cuerpo altamente concentrado hidrata y nutre la piel instant\u00e1neamente. 178 ml \u212e 6 fl. oz. Precio de venta Cliente00.00 \u20ac Precio Cliente VIP00.00 \u20ac Para conocer m\u00e1s sobre Crema de manos Suave y Calmante MONAT BODY CARE\u2122, ponte en contacto con tu Market Partner","og:url":"https:\/\/monatglobal.com\/es\/body-hydrate-serum\/","article:published_time":"2021-11-15T08:45:09+00:00","article:modified_time":"2026-02-06T17:34:57+00:00","twitter:card":"summary_large_image","twitter:title":"S\u00e9rum corporal Hidrata y Repara MONAT BODY CARE\u2122 - MONAT Espa\u00f1a","twitter:description":"S\u00e9rum corporal Hidrata y Repara MONAT BODY CARE\u2122 Un s\u00e9rum para el cuerpo altamente concentrado hidrata y nutre la piel instant\u00e1neamente. 178 ml \u212e 6 fl. oz. Precio de venta Cliente00.00 \u20ac Precio Cliente VIP00.00 \u20ac Para conocer m\u00e1s sobre Crema de manos Suave y Calmante MONAT BODY CARE\u2122, ponte en contacto con tu Market Partner"},"aioseo_meta_data":{"post_id":"65460","title":null,"description":null,"keywords":null,"keyphrases":null,"primary_term":null,"canonical_url":null,"og_title":null,"og_description":null,"og_object_type":"default","og_image_type":"default","og_image_url":null,"og_image_width":null,"og_image_height":null,"og_image_custom_url":null,"og_image_custom_fields":null,"og_video":null,"og_custom_url":null,"og_article_section":null,"og_article_tags":null,"twitter_use_og":false,"twitter_card":"default","twitter_image_type":"default","twitter_image_url":null,"twitter_image_custom_url":null,"twitter_image_custom_fields":null,"twitter_title":null,"twitter_description":null,"schema":{"blockGraphs":[],"customGraphs":[],"default":{"data":{"Article":[],"Course":[],"Dataset":[],"FAQPage":[],"Movie":[],"Person":[],"Product":[],"ProductReview":[],"Car":[],"Recipe":[],"Service":[],"SoftwareApplication":[],"WebPage":[]},"graphName":"WebPage","isEnabled":true},"graphs":[]},"schema_type":"default","schema_type_options":null,"pillar_content":false,"robots_default":true,"robots_noindex":false,"robots_noarchive":false,"robots_nosnippet":false,"robots_nofollow":false,"robots_noimageindex":false,"robots_noodp":false,"robots_notranslate":false,"robots_max_snippet":null,"robots_max_videopreview":null,"robots_max_imagepreview":"large","priority":null,"frequency":null,"local_seo":null,"seo_analyzer_scan_date":"2025-08-14 17:22:37","limit_modified_date":false,"reviewed_by":null,"open_ai":null,"ai":null,"created":"2023-07-26 09:16:40","updated":"2026-02-10 05:18:10"},"aioseo_breadcrumb":"<div class=\"aioseo-breadcrumbs\"><span class=\"aioseo-breadcrumb\">\n\t<a href=\"https:\/\/monatglobal.com\/es\" title=\"Home\">Home<\/a>\n<\/span><span class=\"aioseo-breadcrumb-separator\">&raquo;<\/span><span class=\"aioseo-breadcrumb\">\n\tS\u00e9rum corporal Hidrata y Repara MONAT BODY CARE\u2122\n<\/span><\/div>","aioseo_breadcrumb_json":[{"label":"Home","link":"https:\/\/monatglobal.com\/es"},{"label":"S\u00e9rum corporal Hidrata y Repara MONAT BODY CARE\u2122","link":"https:\/\/monatglobal.com\/es\/body-hydrate-serum\/"}],"_links":{"self":[{"href":"https:\/\/monatglobal.com\/es\/wp-json\/wp\/v2\/pages\/65460","targetHints":{"allow":["GET"]}}],"collection":[{"href":"https:\/\/monatglobal.com\/es\/wp-json\/wp\/v2\/pages"}],"about":[{"href":"https:\/\/monatglobal.com\/es\/wp-json\/wp\/v2\/types\/page"}],"author":[{"embeddable":true,"href":"https:\/\/monatglobal.com\/es\/wp-json\/wp\/v2\/users\/31"}],"replies":[{"embeddable":true,"href":"https:\/\/monatglobal.com\/es\/wp-json\/wp\/v2\/comments?post=65460"}],"version-history":[{"count":19,"href":"https:\/\/monatglobal.com\/es\/wp-json\/wp\/v2\/pages\/65460\/revisions"}],"predecessor-version":[{"id":109027,"href":"https:\/\/monatglobal.com\/es\/wp-json\/wp\/v2\/pages\/65460\/revisions\/109027"}],"wp:featuredmedia":[{"embeddable":true,"href":"https:\/\/monatglobal.com\/es\/wp-json\/wp\/v2\/media\/65461"}],"wp:attachment":[{"href":"https:\/\/monatglobal.com\/es\/wp-json\/wp\/v2\/media?parent=65460"}],"wp:term":[{"taxonomy":"category","embeddable":true,"href":"https:\/\/monatglobal.com\/es\/wp-json\/wp\/v2\/categories?post=65460"},{"taxonomy":"post_tag","embeddable":true,"href":"https:\/\/monatglobal.com\/es\/wp-json\/wp\/v2\/tags?post=65460"}],"curies":[{"name":"wp","href":"https:\/\/api.w.org\/{rel}","templated":true}]}}