{"id":65452,"date":"2021-11-15T08:45:24","date_gmt":"2021-11-15T08:45:24","guid":{"rendered":"https:\/\/monatglobal.com\/es\/?page_id=65452"},"modified":"2026-02-06T17:44:23","modified_gmt":"2026-02-06T17:44:23","slug":"body-wash","status":"publish","type":"page","link":"https:\/\/monatglobal.com\/es\/body-wash\/","title":{"rendered":"Gel de ba\u00f1o &#124; Gel de ba\u00f1o Hidrata y Recupera &#124; Cuidado de la piel MONAT"},"content":{"rendered":"\n\n\t<link rel=\"stylesheet\" href=\"https:\/\/unpkg.com\/swiper\/swiper-bundle.min.css\" \/>\n<link rel=\"stylesheet\" href=\"https:\/\/monatglobal.com\/wp-content\/creative_css\/product_styles_sheet.css\" \/>\n   <!--==================================================== ECOMM SECTION ====================================================-->\n   <p>M\u00c1S VENDIDOS<\/p>\n      <!--==================================================== Ecomm image ====================================================-->\n      <img decoding=\"async\" src=\"https:\/\/monatglobal.com\/wp-content\/uploads\/2021\/08\/Moistturizw-replenish-body-wash-ecomm.png\" alt=\"Gel de ba\u00f1o Hidrata y Recupera MONAT BODY CARE\u2122\" loading=\"lazy\"\/>\n      <!--==================================================== Ecomm information  ====================================================-->\n         \n         <p>M\u00c1S VENDIDOS<\/p>\n         <h1>Gel de ba\u00f1o Hidrata y&nbsp;Recupera<\/h1>\n         <p>MONAT BODY CARE\u2122<\/p>\n         <p>Un gel de ba\u00f1o refrescante que deja una sensaci\u00f3n de suavidad, firmeza y nutrici\u00f3n en la piel.<\/p>\n         <p>267 ml \u212e 9 fl. oz.<\/p>\n       <!--==================================================== pricing box  ====================================================-->\n         <p>Precio de venta Cliente<br \/>00.00 \u20ac<\/p>\n         <p>Precio Cliente VIP<br \/>00.00 \u20ac<\/p>\n       <!--==================================================== pricing box  ====================================================-->  \n         <p>Para conocer m\u00e1s sobre Gel de ba\u00f1o Hidrata y Recupera MONAT BODY CARE\u2122, ponte en contacto con tu Market Partner de MONAT.<\/p> \n          <a href=\"\" target=\"_blank\" role=\"button\" aria-label=\"\" rel=\"noopener\"><\/a>\n   <!--==================================================== \/ECOMM SECTION  ====================================================-->\n   <!--==================================================== Benefits image ====================================================-->\n   \n      <source media=\"(max-width: 700px)\" srcset=\"https:\/\/monatglobal.com\/wp-content\/uploads\/2021\/09\/Moisturize-Replenish-Body-Wash-benefits_mobile.jpg\" loading=\"lazy\"\/>\n      <img decoding=\"async\" alt=\"Frontal closeup of a caucassian woman's body features. She smiles while holding MONAT's Moisturize &#038; Replenish Body Wash.\" src=\"https:\/\/monatglobal.com\/wp-content\/uploads\/2021\/09\/Moisturize-Replenish-Body-Wash-benefits-.jpg\" loading=\"lazy\"\/>\n   \n   <!--==================================================== Benefits text ====================================================-->\n         <h2>BENEFICIOS<\/h2>\n         <h3>Esta f\u00f3rmula nutritiva limpia con suavidad e hidrata de forma duradera para ayudar a tratar la sequedad desde su&nbsp;origen.<\/h3>\n         <p>Contiene ingredientes activos de origen natural que proporcionan hidrataci\u00f3n sin dejar residuos. La piel queda suave y tersa de la cabeza a los&nbsp;pies.<\/p>\n         <!--==================================================== features image  ====================================================-->\n         <img decoding=\"async\" alt=\"MONAT's Moisturize &#038; Replenish Body Wash lays centered over a solid peach color background exhibiting its main ingredients such as rose \n         petals &#038; oils ornamenting the main product. \" src=\"https:\/\/monatglobal.com\/wp-content\/uploads\/2021\/09\/Moisturize-Replenish-Body-Wash-Features-.jpg\" loading=\"lazy\"\/>\n      <!--==================================================== features text ====================================================-->\n            <h3>El superpoder de una ducha&nbsp;relajante.<\/h3>\n               <p>\/ Limpia con suavidad sin estropear ni secar la&nbsp;piel <\/p>\n               <p>\/ Hidrata, calma, recupera y nutre la piel al&nbsp;instante <\/p>\n               \/ Proporciona hidrataci\u00f3n durante 24&nbsp;horas \n               <p>\/ Aporta una reconfortante sensaci\u00f3n de calma a la&nbsp;piel<\/p>\n               <p>\/ Se enjuaga sin dejar residuos y deja la piel suave y&nbsp;tersa<\/p>\n               <br \/>\n            <p>Fragancia \/ Peon\u00eda y pimienta rosa<\/p>\n            <p> Textura \/ Gel ligero<\/p>\n   <!--==================================================== composition image mobile ====================================================-->\n   <img decoding=\"async\" alt=\"MONAT's Moisturize &#038; Replenish Body Wash being upheld by a woman's hand covered in bath foam, \n   showcasing the product's aesthetics and texture.\" src=\"https:\/\/monatglobal.com\/wp-content\/uploads\/2021\/09\/comp1-Moisturize-Replenish-Body-Wash-.jpg\" loading=\"lazy\"\/>\n   <!--==================================================== Why it works text ====================================================-->\n      <h2>Hidrata y nutre en profundidad para revelar una piel hermosa y de aspecto&nbsp;saludable.<\/h2>\n      <h3>Disfruta de una experiencia vigorizante, hidratante y&nbsp;purificadora.<\/h3>\n      Los extractos florales revitalizantes suavizan y calman la piel seca, mientras que REJUVENIQE S\u2122 y el extracto de remolacha la nutren \n      y recuperan. Sentir\u00e1s la piel limpia e hidratada, pero no&nbsp;irritada.\n<!--==================================================== Composition section ====================================================-->\n      <img decoding=\"async\" alt=\"MONAT's Moisturize &#038; Replenish Body Wash being upheld by a woman's hand covered in bath foam, showcasing the \n      product's aesthetics and texture.\" src=\"https:\/\/monatglobal.com\/wp-content\/uploads\/2021\/09\/comp1_Moisturize-Replenish-Body-Wash-.jpg\" loading=\"lazy\"\/>\n      <img decoding=\"async\" alt=\"Closeup of an african-american woman's shoulder. This picture is intended to show its enhancing results after treatment.\" \n      src=\"https:\/\/monatglobal.com\/wp-content\/uploads\/2021\/09\/comp3-Moisturize-Replenish-Body_Wash.jpg\" loading=\"lazy\"\/>\n            <!--==================================================== Directions text ====================================================--> \n               <h3>Instrucciones<\/h3>\n               <p>\/ Aplicar sobre la piel h\u00fameda por todo el cuerpo. <\/p>\n               <p>\/ Masajear para generar espuma y alclarar bien.<\/p>\n               <p>\/ Contin\u00faa con tu rutina MONAT BODY CARE\u2122.<\/p>\n            <!--==================================================== Directions video ====================================================-->\n      <p>Gel de ba\u00f1o Hidrata y Recupera <br \/>MONAT BODY CARE\u2122<br \/>1:34<\/p>\n      <a href=\"\" target=\"_blank\" role=\"button\" aria-label=\"\" rel=\"noopener\"><\/a>\n   <!--==================================================== Ingredients section  ====================================================-->\n      <h2>INGREDIENTES CLAVE<\/h2>\n               <p>REJUVATERIC AMS\u2122<\/p>\n               <p>REJUVENIQE S\u2122<\/p>\n               <p>Glycolic Acid<\/p>\n               <p>Niacinamide<\/p>\n               <p>Fructooligosaccharides<\/p>\n               <p>Rose Water<\/p>\n        <button id=\"myBtn\" type=\"button\">LISTA DE INGREDIENTES<\/button>\n      <!--==================================================== Modal content  ====================================================-->\n         &times;\n         Aqua\/Water\/Eau, Sodium Lauroyl Methyl Isethionate, Cocamidopropyl Betaine, Sodium Methyl Oleoyl Taurate, Sodium Cocoyl \n         Isethionate, Fragrance\/Parfum, Propanediol, Rosa Damascena Flower Water, Beta Vulgaris (Beet) Root Extract \/Beta Vulgaris\/Extrait de \n         racine de betterave, Fructooligosaccharides, Adansonia Digitata Oil, Caryocar Brasiliense Fruit Oil, Cocos Nucifera (Coconut) Oil, \n         Gardenia Taitensis Flower Extract, Helianthus Annuus (Sunflower) Seed Oil, Mauritia Flexuosa Fruit Oil, Moringa Oleifera Seed Oil, \n         Simmondsia Chinensis (Jojoba) Seed Extract, Citrus Aurantifolia (Lime) Oil, Citrus Aurantium Bergamia (Bergamot) Fruit Oil, Camellia \n         Oleifera Seed Oil, Olea Europaea (Olive) Fruit Oil, Citrus Limon (Lemon) Peel Oil, Daucus Carota Sativa (Carrot) Seed Oil, Solanum \n         Lycopersicum (Tomato) Seed Oil, Crambe Abyssinica Seed Oil, Tocopherol, Limnanthes Alba (Meadowfoam) Seed Oil, Lactic Acid, Citric \n         Acid, Potassium Lactate, Sodium Chloride, Glycolic Acid, Trisodium Ethylenediamine Disuccinate, Polyquaternium-7, Ethylhexylglycerin, \n         Niacinamide, Polyquaternium-10, Cocamidopropyl Dimethylamine, Cocamidopropyl Hydroxysultaine, Glycerin, Abyssinian \/Meadowfoamamidopropyl \n         Hydroxysultaine, Potassium Sorbate, Sodium Benzoate, Benzyl Alcohol.\n   <!--==================================================== You might also like section ====================================================-->\n      <h2>PUEDE QUE TAMBI\u00c9N TE GUSTE<\/h2>\n      <!--==================================================== Slider YOU MIGHT ALSO LIKE ====================================================-->\n   <!--   -->\n   <!--      -->\n            <!--==================================================== Slides products ====================================================-->\n         <!--   -->\n         <!--      <a href=\"\/es\/body-hydrate-serum\/\" aria-label=\"Go to S\u00e9rum corporal Hidrata y Repara MONAT BODY CARE\u2122 page\">-->\n         <!--         <img decoding=\"async\" src=\"https:\/\/monatglobal.com\/wp-content\/uploads\/2022\/12\/HYDRATE-REPAIR-BODY-SERUM-ecomm-min.png\" alt=\"S\u00e9rum corporal Hidrata y Repara MONAT BODY CARE\u2122\" loading=\"lazy\"\/>-->\n         <!--         <p>S\u00e9rum corporal Hidrata y Repara <br \/>MONAT BODY CARE\u2122<\/p>-->\n         <!--      <\/a>-->\n         <!--   -->\n         <!--   -->\n         <!--      <a href=\"\/es\/body-lotion\/\" aria-label=\"Go to Loci\u00f3n corporal Suaviza y Renueva MONAT BODY CARE\u2122 page\">-->\n         <!--         <img decoding=\"async\" src=\"https:\/\/monatglobal.com\/wp-content\/uploads\/2022\/12\/SMOOTH-RENEW-BODY-LOTION-ecomm-1-min.png\" alt=\"Loci\u00f3n corporal Suaviza y Renueva MONAT BODY CARE\u2122\" loading=\"lazy\"\/>-->\n         <!--         <p>Loci\u00f3n corporal Suaviza y Renueva <br \/>MONAT BODY CARE\u2122<\/p>-->\n         <!--      <\/a>-->\n         <!--   -->\n         <!--   -->\n         <!--      <a href=\"\/es\/hand-cream\/\" aria-label=\"Go to Crema de manos Suave y Calmante MONAT BODY CARE\u2122 page\">-->\n         <!--         <img decoding=\"async\" src=\"https:\/\/monatglobal.com\/wp-content\/uploads\/2022\/12\/SILKY-SOOTHING-HAND-CREAM-ecomm-min.png\" alt=\"Crema de manos Suave y Calmante MONAT BODY CARE\u2122\" loading=\"lazy\"\/>-->\n         <!--         <p>Crema de manos Suave y Calmante <br \/>MONAT BODY CARE\u2122<\/p>-->\n         <!--      <\/a>-->\n         <!--   -->\n         <!---->\n         <!--==================================================== If we need navigation buttons  ====================================================-->\n   <!--      -->\n   <!--      -->\n         <!--==================================================== If we need paginations  ====================================================-->\n   <!--      -->\n   <!--   -->\n   <!---->\n         <!--==================================================== If we need navigation buttons  ====================================================-->\n         <!--==================================================== If we need paginations  ====================================================-->\n    <a href=\"\" aria-label=\"\"><\/a>\n<!--==================================================== this link has to go last for it to work   ====================================================-->\n\n","protected":false},"excerpt":{"rendered":"<p>M\u00c1S VENDIDOS M\u00c1S VENDIDOS Gel de ba\u00f1o Hidrata y&nbsp;Recupera MONAT BODY CARE\u2122 Un gel de ba\u00f1o refrescante que deja una sensaci\u00f3n de suavidad, firmeza y nutrici\u00f3n en la piel. 267 ml \u212e 9 fl. oz. Precio de venta Cliente00.00 \u20ac Precio Cliente VIP00.00 \u20ac Para conocer m\u00e1s sobre Gel de ba\u00f1o Hidrata y Recupera MONAT&hellip;<\/p>\n","protected":false},"author":31,"featured_media":65453,"parent":0,"menu_order":0,"comment_status":"closed","ping_status":"closed","template":"","meta":{"inline_featured_image":false,"om_disable_all_campaigns":false,"_monsterinsights_skip_tracking":false,"_monsterinsights_sitenote_active":false,"_monsterinsights_sitenote_note":"","_monsterinsights_sitenote_category":0,"footnotes":""},"categories":[31],"tags":[],"class_list":["post-65452","page","type-page","status-publish","has-post-thumbnail","hentry","category-product-es"],"aioseo_notices":[],"aioseo_head":"\n\t\t<!-- All in One SEO Pro 4.9.5.2 - aioseo.com -->\n\t<meta name=\"description\" content=\"M\u00c1S VENDIDOS M\u00c1S VENDIDOS Gel de ba\u00f1o Hidrata y Recupera MONAT BODY CARE\u2122 Un gel de ba\u00f1o refrescante que deja una sensaci\u00f3n de suavidad, firmeza y nutrici\u00f3n en la piel. 267 ml \u212e 9 fl. oz. Precio de venta Cliente00.00 \u20ac Precio Cliente VIP00.00 \u20ac Para conocer m\u00e1s sobre Gel de ba\u00f1o Hidrata y Recupera MONAT\" \/>\n\t<meta name=\"robots\" content=\"max-image-preview:large\" \/>\n\t<link rel=\"canonical\" href=\"https:\/\/monatglobal.com\/es\/body-wash\/\" \/>\n\t<meta name=\"generator\" content=\"All in One SEO Pro (AIOSEO) 4.9.5.2\" \/>\n\t\t<meta property=\"og:locale\" content=\"en_US\" \/>\n\t\t<meta property=\"og:site_name\" content=\"MONAT Espa\u00f1a - We Are Modern Nature\u00ae\" \/>\n\t\t<meta property=\"og:type\" content=\"article\" \/>\n\t\t<meta property=\"og:title\" content=\"Gel de ba\u00f1o | Gel de ba\u00f1o Hidrata y Recupera | Cuidado de la piel MONAT - MONAT Espa\u00f1a\" \/>\n\t\t<meta property=\"og:description\" content=\"M\u00c1S VENDIDOS M\u00c1S VENDIDOS Gel de ba\u00f1o Hidrata y Recupera MONAT BODY CARE\u2122 Un gel de ba\u00f1o refrescante que deja una sensaci\u00f3n de suavidad, firmeza y nutrici\u00f3n en la piel. 267 ml \u212e 9 fl. oz. Precio de venta Cliente00.00 \u20ac Precio Cliente VIP00.00 \u20ac Para conocer m\u00e1s sobre Gel de ba\u00f1o Hidrata y Recupera MONAT\" \/>\n\t\t<meta property=\"og:url\" content=\"https:\/\/monatglobal.com\/es\/body-wash\/\" \/>\n\t\t<meta property=\"article:published_time\" content=\"2021-11-15T08:45:24+00:00\" \/>\n\t\t<meta property=\"article:modified_time\" content=\"2026-02-06T17:44:23+00:00\" \/>\n\t\t<meta name=\"twitter:card\" content=\"summary_large_image\" \/>\n\t\t<meta name=\"twitter:title\" content=\"Gel de ba\u00f1o | Gel de ba\u00f1o Hidrata y Recupera | Cuidado de la piel MONAT - MONAT Espa\u00f1a\" \/>\n\t\t<meta name=\"twitter:description\" content=\"M\u00c1S VENDIDOS M\u00c1S VENDIDOS Gel de ba\u00f1o Hidrata y Recupera MONAT BODY CARE\u2122 Un gel de ba\u00f1o refrescante que deja una sensaci\u00f3n de suavidad, firmeza y nutrici\u00f3n en la piel. 267 ml \u212e 9 fl. oz. Precio de venta Cliente00.00 \u20ac Precio Cliente VIP00.00 \u20ac Para conocer m\u00e1s sobre Gel de ba\u00f1o Hidrata y Recupera MONAT\" \/>\n\t\t<script type=\"application\/ld+json\" class=\"aioseo-schema\">\n\t\t\t{\"@context\":\"https:\\\/\\\/schema.org\",\"@graph\":[{\"@type\":\"BreadcrumbList\",\"@id\":\"https:\\\/\\\/monatglobal.com\\\/es\\\/body-wash\\\/#breadcrumblist\",\"itemListElement\":[{\"@type\":\"ListItem\",\"@id\":\"https:\\\/\\\/monatglobal.com\\\/es#listItem\",\"position\":1,\"name\":\"Home\",\"item\":\"https:\\\/\\\/monatglobal.com\\\/es\",\"nextItem\":{\"@type\":\"ListItem\",\"@id\":\"https:\\\/\\\/monatglobal.com\\\/es\\\/body-wash\\\/#listItem\",\"name\":\"Gel de ba\\u00f1o &#124; Gel de ba\\u00f1o Hidrata y Recupera &#124; Cuidado de la piel MONAT\"}},{\"@type\":\"ListItem\",\"@id\":\"https:\\\/\\\/monatglobal.com\\\/es\\\/body-wash\\\/#listItem\",\"position\":2,\"name\":\"Gel de ba\\u00f1o &#124; Gel de ba\\u00f1o Hidrata y Recupera &#124; Cuidado de la piel MONAT\",\"previousItem\":{\"@type\":\"ListItem\",\"@id\":\"https:\\\/\\\/monatglobal.com\\\/es#listItem\",\"name\":\"Home\"}}]},{\"@type\":\"Organization\",\"@id\":\"https:\\\/\\\/monatglobal.com\\\/es\\\/#organization\",\"name\":\"MONAT Espa\\u00f1a\",\"description\":\"We Are Modern Nature\\u00ae\",\"url\":\"https:\\\/\\\/monatglobal.com\\\/es\\\/\"},{\"@type\":\"WebPage\",\"@id\":\"https:\\\/\\\/monatglobal.com\\\/es\\\/body-wash\\\/#webpage\",\"url\":\"https:\\\/\\\/monatglobal.com\\\/es\\\/body-wash\\\/\",\"name\":\"Gel de ba\\u00f1o | Gel de ba\\u00f1o Hidrata y Recupera | Cuidado de la piel MONAT - MONAT Espa\\u00f1a\",\"description\":\"M\\u00c1S VENDIDOS M\\u00c1S VENDIDOS Gel de ba\\u00f1o Hidrata y Recupera MONAT BODY CARE\\u2122 Un gel de ba\\u00f1o refrescante que deja una sensaci\\u00f3n de suavidad, firmeza y nutrici\\u00f3n en la piel. 267 ml \\u212e 9 fl. oz. Precio de venta Cliente00.00 \\u20ac Precio Cliente VIP00.00 \\u20ac Para conocer m\\u00e1s sobre Gel de ba\\u00f1o Hidrata y Recupera MONAT\",\"inLanguage\":\"en-US\",\"isPartOf\":{\"@id\":\"https:\\\/\\\/monatglobal.com\\\/es\\\/#website\"},\"breadcrumb\":{\"@id\":\"https:\\\/\\\/monatglobal.com\\\/es\\\/body-wash\\\/#breadcrumblist\"},\"image\":{\"@type\":\"ImageObject\",\"url\":\"https:\\\/\\\/monatglobal.com\\\/es\\\/wp-content\\\/uploads\\\/sites\\\/10\\\/2021\\\/10\\\/Moistturizw-replenish-body-wash-ecomm.png\",\"@id\":\"https:\\\/\\\/monatglobal.com\\\/es\\\/body-wash\\\/#mainImage\",\"width\":641,\"height\":800},\"primaryImageOfPage\":{\"@id\":\"https:\\\/\\\/monatglobal.com\\\/es\\\/body-wash\\\/#mainImage\"},\"datePublished\":\"2021-11-15T08:45:24+00:00\",\"dateModified\":\"2026-02-06T17:44:23+00:00\"},{\"@type\":\"WebSite\",\"@id\":\"https:\\\/\\\/monatglobal.com\\\/es\\\/#website\",\"url\":\"https:\\\/\\\/monatglobal.com\\\/es\\\/\",\"name\":\"MONAT Espa\\u00f1a\",\"description\":\"We Are Modern Nature\\u00ae\",\"inLanguage\":\"en-US\",\"publisher\":{\"@id\":\"https:\\\/\\\/monatglobal.com\\\/es\\\/#organization\"}}]}\n\t\t<\/script>\n\t\t<!-- All in One SEO Pro -->\r\n\t\t<title>Gel de ba\u00f1o | Gel de ba\u00f1o Hidrata y Recupera | Cuidado de la piel MONAT - MONAT Espa\u00f1a<\/title>\n\n","aioseo_head_json":{"title":"Gel de ba\u00f1o | Gel de ba\u00f1o Hidrata y Recupera | Cuidado de la piel MONAT - MONAT Espa\u00f1a","description":"M\u00c1S VENDIDOS M\u00c1S VENDIDOS Gel de ba\u00f1o Hidrata y Recupera MONAT BODY CARE\u2122 Un gel de ba\u00f1o refrescante que deja una sensaci\u00f3n de suavidad, firmeza y nutrici\u00f3n en la piel. 267 ml \u212e 9 fl. oz. Precio de venta Cliente00.00 \u20ac Precio Cliente VIP00.00 \u20ac Para conocer m\u00e1s sobre Gel de ba\u00f1o Hidrata y Recupera MONAT","canonical_url":"https:\/\/monatglobal.com\/es\/body-wash\/","robots":"max-image-preview:large","keywords":"","webmasterTools":{"miscellaneous":""},"schema":{"@context":"https:\/\/schema.org","@graph":[{"@type":"BreadcrumbList","@id":"https:\/\/monatglobal.com\/es\/body-wash\/#breadcrumblist","itemListElement":[{"@type":"ListItem","@id":"https:\/\/monatglobal.com\/es#listItem","position":1,"name":"Home","item":"https:\/\/monatglobal.com\/es","nextItem":{"@type":"ListItem","@id":"https:\/\/monatglobal.com\/es\/body-wash\/#listItem","name":"Gel de ba\u00f1o &#124; Gel de ba\u00f1o Hidrata y Recupera &#124; Cuidado de la piel MONAT"}},{"@type":"ListItem","@id":"https:\/\/monatglobal.com\/es\/body-wash\/#listItem","position":2,"name":"Gel de ba\u00f1o &#124; Gel de ba\u00f1o Hidrata y Recupera &#124; Cuidado de la piel MONAT","previousItem":{"@type":"ListItem","@id":"https:\/\/monatglobal.com\/es#listItem","name":"Home"}}]},{"@type":"Organization","@id":"https:\/\/monatglobal.com\/es\/#organization","name":"MONAT Espa\u00f1a","description":"We Are Modern Nature\u00ae","url":"https:\/\/monatglobal.com\/es\/"},{"@type":"WebPage","@id":"https:\/\/monatglobal.com\/es\/body-wash\/#webpage","url":"https:\/\/monatglobal.com\/es\/body-wash\/","name":"Gel de ba\u00f1o | Gel de ba\u00f1o Hidrata y Recupera | Cuidado de la piel MONAT - MONAT Espa\u00f1a","description":"M\u00c1S VENDIDOS M\u00c1S VENDIDOS Gel de ba\u00f1o Hidrata y Recupera MONAT BODY CARE\u2122 Un gel de ba\u00f1o refrescante que deja una sensaci\u00f3n de suavidad, firmeza y nutrici\u00f3n en la piel. 267 ml \u212e 9 fl. oz. Precio de venta Cliente00.00 \u20ac Precio Cliente VIP00.00 \u20ac Para conocer m\u00e1s sobre Gel de ba\u00f1o Hidrata y Recupera MONAT","inLanguage":"en-US","isPartOf":{"@id":"https:\/\/monatglobal.com\/es\/#website"},"breadcrumb":{"@id":"https:\/\/monatglobal.com\/es\/body-wash\/#breadcrumblist"},"image":{"@type":"ImageObject","url":"https:\/\/monatglobal.com\/es\/wp-content\/uploads\/sites\/10\/2021\/10\/Moistturizw-replenish-body-wash-ecomm.png","@id":"https:\/\/monatglobal.com\/es\/body-wash\/#mainImage","width":641,"height":800},"primaryImageOfPage":{"@id":"https:\/\/monatglobal.com\/es\/body-wash\/#mainImage"},"datePublished":"2021-11-15T08:45:24+00:00","dateModified":"2026-02-06T17:44:23+00:00"},{"@type":"WebSite","@id":"https:\/\/monatglobal.com\/es\/#website","url":"https:\/\/monatglobal.com\/es\/","name":"MONAT Espa\u00f1a","description":"We Are Modern Nature\u00ae","inLanguage":"en-US","publisher":{"@id":"https:\/\/monatglobal.com\/es\/#organization"}}]},"og:locale":"en_US","og:site_name":"MONAT Espa\u00f1a - We Are Modern Nature\u00ae","og:type":"article","og:title":"Gel de ba\u00f1o | Gel de ba\u00f1o Hidrata y Recupera | Cuidado de la piel MONAT - MONAT Espa\u00f1a","og:description":"M\u00c1S VENDIDOS M\u00c1S VENDIDOS Gel de ba\u00f1o Hidrata y Recupera MONAT BODY CARE\u2122 Un gel de ba\u00f1o refrescante que deja una sensaci\u00f3n de suavidad, firmeza y nutrici\u00f3n en la piel. 267 ml \u212e 9 fl. oz. Precio de venta Cliente00.00 \u20ac Precio Cliente VIP00.00 \u20ac Para conocer m\u00e1s sobre Gel de ba\u00f1o Hidrata y Recupera MONAT","og:url":"https:\/\/monatglobal.com\/es\/body-wash\/","article:published_time":"2021-11-15T08:45:24+00:00","article:modified_time":"2026-02-06T17:44:23+00:00","twitter:card":"summary_large_image","twitter:title":"Gel de ba\u00f1o | Gel de ba\u00f1o Hidrata y Recupera | Cuidado de la piel MONAT - MONAT Espa\u00f1a","twitter:description":"M\u00c1S VENDIDOS M\u00c1S VENDIDOS Gel de ba\u00f1o Hidrata y Recupera MONAT BODY CARE\u2122 Un gel de ba\u00f1o refrescante que deja una sensaci\u00f3n de suavidad, firmeza y nutrici\u00f3n en la piel. 267 ml \u212e 9 fl. oz. Precio de venta Cliente00.00 \u20ac Precio Cliente VIP00.00 \u20ac Para conocer m\u00e1s sobre Gel de ba\u00f1o Hidrata y Recupera MONAT"},"aioseo_meta_data":{"post_id":"65452","title":null,"description":null,"keywords":null,"keyphrases":null,"primary_term":null,"canonical_url":null,"og_title":null,"og_description":null,"og_object_type":"default","og_image_type":"default","og_image_url":null,"og_image_width":null,"og_image_height":null,"og_image_custom_url":null,"og_image_custom_fields":null,"og_video":null,"og_custom_url":null,"og_article_section":null,"og_article_tags":null,"twitter_use_og":false,"twitter_card":"default","twitter_image_type":"default","twitter_image_url":null,"twitter_image_custom_url":null,"twitter_image_custom_fields":null,"twitter_title":null,"twitter_description":null,"schema":{"blockGraphs":[],"customGraphs":[],"default":{"data":{"Article":[],"Course":[],"Dataset":[],"FAQPage":[],"Movie":[],"Person":[],"Product":[],"ProductReview":[],"Car":[],"Recipe":[],"Service":[],"SoftwareApplication":[],"WebPage":[]},"graphName":"WebPage","isEnabled":true},"graphs":[]},"schema_type":"default","schema_type_options":null,"pillar_content":false,"robots_default":true,"robots_noindex":false,"robots_noarchive":false,"robots_nosnippet":false,"robots_nofollow":false,"robots_noimageindex":false,"robots_noodp":false,"robots_notranslate":false,"robots_max_snippet":null,"robots_max_videopreview":null,"robots_max_imagepreview":"large","priority":null,"frequency":null,"local_seo":null,"seo_analyzer_scan_date":"2025-08-14 17:22:39","limit_modified_date":false,"reviewed_by":null,"open_ai":null,"ai":null,"created":"2023-07-26 09:16:40","updated":"2026-02-10 05:18:10"},"aioseo_breadcrumb":"<div class=\"aioseo-breadcrumbs\"><span class=\"aioseo-breadcrumb\">\n\t<a href=\"https:\/\/monatglobal.com\/es\" title=\"Home\">Home<\/a>\n<\/span><span class=\"aioseo-breadcrumb-separator\">&raquo;<\/span><span class=\"aioseo-breadcrumb\">\n\tGel de ba\u00f1o | Gel de ba\u00f1o Hidrata y Recupera | Cuidado de la piel MONAT\n<\/span><\/div>","aioseo_breadcrumb_json":[{"label":"Home","link":"https:\/\/monatglobal.com\/es"},{"label":"Gel de ba\u00f1o &#124; Gel de ba\u00f1o Hidrata y Recupera &#124; Cuidado de la piel MONAT","link":"https:\/\/monatglobal.com\/es\/body-wash\/"}],"_links":{"self":[{"href":"https:\/\/monatglobal.com\/es\/wp-json\/wp\/v2\/pages\/65452","targetHints":{"allow":["GET"]}}],"collection":[{"href":"https:\/\/monatglobal.com\/es\/wp-json\/wp\/v2\/pages"}],"about":[{"href":"https:\/\/monatglobal.com\/es\/wp-json\/wp\/v2\/types\/page"}],"author":[{"embeddable":true,"href":"https:\/\/monatglobal.com\/es\/wp-json\/wp\/v2\/users\/31"}],"replies":[{"embeddable":true,"href":"https:\/\/monatglobal.com\/es\/wp-json\/wp\/v2\/comments?post=65452"}],"version-history":[{"count":19,"href":"https:\/\/monatglobal.com\/es\/wp-json\/wp\/v2\/pages\/65452\/revisions"}],"predecessor-version":[{"id":109033,"href":"https:\/\/monatglobal.com\/es\/wp-json\/wp\/v2\/pages\/65452\/revisions\/109033"}],"wp:featuredmedia":[{"embeddable":true,"href":"https:\/\/monatglobal.com\/es\/wp-json\/wp\/v2\/media\/65453"}],"wp:attachment":[{"href":"https:\/\/monatglobal.com\/es\/wp-json\/wp\/v2\/media?parent=65452"}],"wp:term":[{"taxonomy":"category","embeddable":true,"href":"https:\/\/monatglobal.com\/es\/wp-json\/wp\/v2\/categories?post=65452"},{"taxonomy":"post_tag","embeddable":true,"href":"https:\/\/monatglobal.com\/es\/wp-json\/wp\/v2\/tags?post=65452"}],"curies":[{"name":"wp","href":"https:\/\/api.w.org\/{rel}","templated":true}]}}