{"id":65443,"date":"2021-11-15T08:45:52","date_gmt":"2021-11-15T08:45:52","guid":{"rendered":"https:\/\/monatglobal.com\/es\/?page_id=65443"},"modified":"2026-02-06T17:38:25","modified_gmt":"2026-02-06T17:38:25","slug":"body-exfoliator","status":"publish","type":"page","link":"https:\/\/monatglobal.com\/es\/body-exfoliator\/","title":{"rendered":"Exfoliante corporal Exfolia y Pule MONAT BODY CARE\u2122"},"content":{"rendered":"\n\n\t<link rel=\"stylesheet\" href=\"https:\/\/unpkg.com\/swiper\/swiper-bundle.min.css\" \/>\n<link rel=\"stylesheet\" href=\"https:\/\/monatglobal.com\/wp-content\/creative_css\/product_styles_sheet.css\" \/>\n   <!--==================================================== ECOMM SECTION ====================================================-->\n      <!--==================================================== Ecomm image ====================================================-->\n      <img decoding=\"async\" src=\"https:\/\/monatglobal.com\/wp-content\/uploads\/2021\/08\/exfoliate-refine-body-polish-ecomm.png\" alt=\"Exfoliante corporal Exfolia y Pule MONAT BODY CARE\u2122\" loading=\"lazy\"\/>\n      <!--==================================================== Ecomm information  ====================================================-->\n         \n         <h1>Exfoliante corporal <br \/>Exfolia y Pule <\/h1>\n         <p>MONAT BODY CARE\u2122<\/p>\n         Un exfoliante vigorizante y revitalizante contiene piedra p\u00f3mez volc\u00e1nica y antioxidantes de superfrutas que \n         eliminan con delicadeza las c\u00e9lulas muertas, suaviza las zonas m\u00e1s \u00e1speras y revela una piel m\u00e1s tersa y radiante.\n         <p>200 ml \u212e 6.7 fl. oz.<\/p>\n        <!--==================================================== pricing box  ====================================================--> \n         <p>Precio de venta Cliente<br \/>00.00 \u20ac<\/p>\n         <p>Precio Cliente VIP<br \/>00.00 \u20ac<\/p>\n        <!--==================================================== pricing box  ====================================================-->\n         <p>Para conocer m\u00e1s sobre Exfoliante corporal Exfolia y Pule MONAT BODY CARE\u2122, ponte en contacto con tu Market Partner de MONAT.<\/p>\n          <a href=\"\" target=\"_blank\" role=\"button\" aria-label=\"\" rel=\"noopener\"><\/a>\n   <!--==================================================== \/ECOMM SECTION  ====================================================-->\n   <!--==================================================== Benefits image ====================================================-->\n   \n      <source media=\"(max-width: 700px)\" srcset=\"https:\/\/monatglobal.com\/wp-content\/uploads\/2021\/09\/Exfoliate-Refine-Body-Polish-benefits-mobile.jpg\" loading=\"lazy\"\/>\n      <img decoding=\"async\" alt=\"A blonde woman's back while looking sideways. She holds MONAT's Exfoliate &#038; Refine Body Polish to her left. The gel has been applied on her back to exhibit its clarity.\" src=\"https:\/\/monatglobal.com\/wp-content\/uploads\/2021\/09\/Exfoliate-Refine-Body-Polish-benefits.jpg\" loading=\"lazy\"\/>\n   \n   <!--==================================================== Benefits text ====================================================-->\n         <h2>BENEFICIOS<\/h2>\n         <h3>Esta suave exfoliante elimina las c\u00e9lulas muertas para conseguir un cutis m\u00e1s suave y terso. <\/h3>\n         Una potente mezcla de REJUVENIQE S\u2122 e ingredientes activos basados en productos naturales que trabajan juntos para acondicionar, \n         exfoliar en profundidad y revelar una piel m\u00e1s radiante e&nbsp;iluminada.\n         <!--==================================================== features image  ====================================================-->\n         <img decoding=\"async\" alt=\"MONAT's Exfoliate &#038; Refine Body Polish lays centered over a solid peach color background showcasing ingredients such as fruits, oils &#038; herbs placed carefully around the main product.\" src=\"https:\/\/monatglobal.com\/wp-content\/uploads\/2021\/09\/Exfoliate-Refine-Body-Polish_Features.jpg\" loading=\"lazy\"\/>\n      <!--==================================================== features text ====================================================-->\n            <h3>M\u00edmate con un tratamiento digno de un spa en&nbsp;casa.<\/h3>\n               <p>\/ Limpia y exfolia la piel con suavidad sin&nbsp;estropearla<\/p>\n               <p>\/ Elimina las c\u00e9lulas muertas y ayuda a suavizar la piel&nbsp;\u00e1spera<\/p>\n               <p>\/ Renueva e ilumina la apariencia de la&nbsp;piel<\/p>\n               <p>\/ Mejora la textura de la piel y deja una sensaci\u00f3n de&nbsp;suavidad<\/p>\n               <br \/>\n            <p>Fragancia \/ Peon\u00eda y pimienta rosa<\/p>\n            <p> textura \/ Gel exfoliante con piedra p\u00f3mez<\/p>\n   <!--==================================================== composition image mobile ====================================================-->\n   <img decoding=\"async\" alt=\"MONAT's Exfoliate &#038; Refine Body Polish being gripped between a woman's thigh and calf. It's intended to \n   demonstrate its exceptional results after application.\" src=\"https:\/\/monatglobal.com\/wp-content\/uploads\/2021\/09\/Comp-1_Exfoliate-Refine-Body-Polish-.jpg\" loading=\"lazy\"\/>\n   <!--==================================================== Why it works text ====================================================-->\n      <h2>Piel naturalmente radiante.<\/h2>\n      <h3>Este gel vigorizante contiene suaves, pero potentes agentes exfoliantes que funcionan eliminando las \n      c\u00e9lulas muertas de la piel y las zonas m\u00e1s \u00e1speras, como las rodillas y los codos, suavizando y perfeccionando la piel para revelar su \n      resplandor&nbsp;natural.<\/h3>\n<!--==================================================== Composition section ====================================================-->\n      <img decoding=\"async\" alt=\"MONAT's Exfoliate &#038; Refine Body Polish being gripped between a woman's thigh and calf. It's intended to demonstrate its \n      exceptional results after application.\" src=\"https:\/\/monatglobal.com\/wp-content\/uploads\/2021\/09\/Comp-1_Exfoliate-Refine-Body-Polish-.jpg\" loading=\"lazy\"\/>\n      <img decoding=\"async\" alt=\"Closeup of a smiling woman while applying the exfoliating gel on her right shoulder. It showcases the gels' clear \n      texture with small black beads.\" src=\"https:\/\/monatglobal.com\/wp-content\/uploads\/2021\/09\/comp3-Exfoliate-Refine-Body-Polish.jpg\" loading=\"lazy\"\/>\n            <!--==================================================== Directions text ====================================================--> \n               <h3>Instrucciones<\/h3>\n               <p>\/ Aplicar 2-3 veces por&nbsp;semana.<\/p>\n               <p>\/ Masajear sobre la piel h\u00fameda, prestando especial atenci\u00f3n a las zonas \u00e1speras como las rodillas y los&nbsp;codos.<\/p>\n               <p>\/ Aclarar abundantemente.<\/p>\n               <p>\/ Contin\u00faa con tu rutina MONAT BODY&nbsp;CARE\u2122.<\/p>\n            <!--==================================================== Directions video ====================================================-->\n      <p>Exfoliante corporal Exfolia y Pule <br \/>MONAT BODY CARE\u2122<br \/>1:34<\/p>\n      <a href=\"\" target=\"_blank\" role=\"button\" aria-label=\"\" rel=\"noopener\"><\/a>\n   <!--==================================================== Ingredients section  ====================================================-->\n      <h2>INGREDIENTES CLAVE<\/h2>\n               <p>REJUVATERIC AMS\u2122<\/p>\n               <p>Glycerin<\/p>\n               <p>REJUVENIQE S\u2122<\/p>\n               <p>Superfruit Extract<\/p>\n               <p>Glycolic Acid<\/p>\n               <p>Pumice<\/p>\n        <button id=\"myBtn\" type=\"button\">LISTA DE INGREDIENTES<\/button>\n      <!--==================================================== Modal content  ====================================================-->\n         &times;\n         Aqua\/Water\/Eau, Pumice, Sodium Lauroyl Methyl Isethionate, Cocamidopropyl Betaine, Glycerin, Acrylates Copolymer, \n         Sodium Methyl Oleoyl Taurate, Propanediol, Sodium Cocoyl Isethionate, Hydrogenated Jojoba Oil, Fragrance\/Parfum, Abyssinian\/Meadowfoamamidopropyl \n         Hydroxysultaine, Adansonia Digitata Oil, Caryocar Brasiliense Fruit Oil, Cocos Nucifera (Coconut) Oil, Gardenia Taitensis Flower Extract, \n         Helianthus Annuus (Sunflower) Seed Oil, Mauritia Flexuosa Fruit Oil, Moringa Oleifera Seed Oil, Simmondsia Chinensis (Jojoba) Seed Extract, \n         Citrus Aurantifolia (Lime) Oil, Citrus Aurantium Bergamia (Bergamot) Fruit Oil, Tocopherol, Camellia Oleifera Seed Oil, Olea Europaea (Olive) \n         Fruit Oil, Citrus Limon (Lemon) Peel Oil, Daucus Carota Sativa (Carrot) Seed Oil, Solanum Lycopersicum (Tomato) Seed Oil, Crambe Abyssinica Seed \n         Oil, Malic Acid, Tartaric Acid, Limnanthes Alba (Meadowfoam) Seed Oil, Acer Saccharum (Sugar Maple) Extract, Citrus Aurantium Dulcis (Orange) \n         Fruit Extract, Citrus Limon (Lemon) Fruit Extract, Citric Acid, Euterpe Oleracea Fruit Extract, Lycium Barbarum Fruit Extract, Saccharum \n         Officinarum (Sugarcane) Extract, Vaccinium Angustifolium (Blueberry) Fruit Extract, Vaccinium Macrocarpon (Cranberry) Fruit Extract, Vaccinium \n         Myrtillus Fruit Extract, Gluconolactone, Iron Oxides (CI 77499), Sodium Phytate, Sodium Levulinate, Trisodium Ethylenediamine Disuccinate, \n         Ethylhexylglycerin, Sodium Chloride, Lactic Acid, Cocamidopropyl Dimethylamine, Glycolic Acid, Alcohol, Benzyl Alcohol, Cocamidopropyl \n         Hydroxysultaine, Sodium Hydroxide, Sodium Benzoate, Potassium Sorbate.\n   <!--==================================================== You might also like section ====================================================-->\n      <h2>PUEDE QUE TAMBI\u00c9N TE GUSTE<\/h2>\n      <!--==================================================== Slider YOU MIGHT ALSO LIKE ====================================================-->\n         <!--==================================================== If we need navigation buttons  ====================================================-->\n         <!--==================================================== If we need paginations  ====================================================-->\n    <a href=\"\" aria-label=\"\"><\/a>\n<!--==================================================== this link has to go last for it to work   ====================================================-->\n\n","protected":false},"excerpt":{"rendered":"<p>Exfoliante corporal Exfolia y Pule MONAT BODY CARE\u2122 Un exfoliante vigorizante y revitalizante contiene piedra p\u00f3mez volc\u00e1nica y antioxidantes de superfrutas que eliminan con delicadeza las c\u00e9lulas muertas, suaviza las zonas m\u00e1s \u00e1speras y revela una piel m\u00e1s tersa y radiante. 200 ml \u212e 6.7 fl. oz. Precio de venta Cliente00.00 \u20ac Precio Cliente VIP00.00&hellip;<\/p>\n","protected":false},"author":31,"featured_media":65444,"parent":0,"menu_order":0,"comment_status":"closed","ping_status":"closed","template":"","meta":{"inline_featured_image":false,"om_disable_all_campaigns":false,"_monsterinsights_skip_tracking":false,"_monsterinsights_sitenote_active":false,"_monsterinsights_sitenote_note":"","_monsterinsights_sitenote_category":0,"footnotes":""},"categories":[31],"tags":[],"class_list":["post-65443","page","type-page","status-publish","has-post-thumbnail","hentry","category-product-es"],"aioseo_notices":[],"aioseo_head":"\n\t\t<!-- All in One SEO Pro 4.9.5.2 - aioseo.com -->\n\t<meta name=\"description\" content=\"Exfoliante corporal Exfolia y Pule MONAT BODY CARE\u2122 Un exfoliante vigorizante y revitalizante contiene piedra p\u00f3mez volc\u00e1nica y antioxidantes de superfrutas que eliminan con delicadeza las c\u00e9lulas muertas, suaviza las zonas m\u00e1s \u00e1speras y revela una piel m\u00e1s tersa y radiante. 200 ml \u212e 6.7 fl. oz. Precio de venta Cliente00.00 \u20ac Precio Cliente VIP00.00\" \/>\n\t<meta name=\"robots\" content=\"max-image-preview:large\" \/>\n\t<link rel=\"canonical\" href=\"https:\/\/monatglobal.com\/es\/body-exfoliator\/\" \/>\n\t<meta name=\"generator\" content=\"All in One SEO Pro (AIOSEO) 4.9.5.2\" \/>\n\t\t<meta property=\"og:locale\" content=\"en_US\" \/>\n\t\t<meta property=\"og:site_name\" content=\"MONAT Espa\u00f1a - We Are Modern Nature\u00ae\" \/>\n\t\t<meta property=\"og:type\" content=\"article\" \/>\n\t\t<meta property=\"og:title\" content=\"Exfoliante corporal Exfolia y Pule MONAT BODY CARE\u2122 - MONAT Espa\u00f1a\" \/>\n\t\t<meta property=\"og:description\" content=\"Exfoliante corporal Exfolia y Pule MONAT BODY CARE\u2122 Un exfoliante vigorizante y revitalizante contiene piedra p\u00f3mez volc\u00e1nica y antioxidantes de superfrutas que eliminan con delicadeza las c\u00e9lulas muertas, suaviza las zonas m\u00e1s \u00e1speras y revela una piel m\u00e1s tersa y radiante. 200 ml \u212e 6.7 fl. oz. Precio de venta Cliente00.00 \u20ac Precio Cliente VIP00.00\" \/>\n\t\t<meta property=\"og:url\" content=\"https:\/\/monatglobal.com\/es\/body-exfoliator\/\" \/>\n\t\t<meta property=\"article:published_time\" content=\"2021-11-15T08:45:52+00:00\" \/>\n\t\t<meta property=\"article:modified_time\" content=\"2026-02-06T17:38:25+00:00\" \/>\n\t\t<meta name=\"twitter:card\" content=\"summary_large_image\" \/>\n\t\t<meta name=\"twitter:title\" content=\"Exfoliante corporal Exfolia y Pule MONAT BODY CARE\u2122 - MONAT Espa\u00f1a\" \/>\n\t\t<meta name=\"twitter:description\" content=\"Exfoliante corporal Exfolia y Pule MONAT BODY CARE\u2122 Un exfoliante vigorizante y revitalizante contiene piedra p\u00f3mez volc\u00e1nica y antioxidantes de superfrutas que eliminan con delicadeza las c\u00e9lulas muertas, suaviza las zonas m\u00e1s \u00e1speras y revela una piel m\u00e1s tersa y radiante. 200 ml \u212e 6.7 fl. oz. Precio de venta Cliente00.00 \u20ac Precio Cliente VIP00.00\" \/>\n\t\t<script type=\"application\/ld+json\" class=\"aioseo-schema\">\n\t\t\t{\"@context\":\"https:\\\/\\\/schema.org\",\"@graph\":[{\"@type\":\"BreadcrumbList\",\"@id\":\"https:\\\/\\\/monatglobal.com\\\/es\\\/body-exfoliator\\\/#breadcrumblist\",\"itemListElement\":[{\"@type\":\"ListItem\",\"@id\":\"https:\\\/\\\/monatglobal.com\\\/es#listItem\",\"position\":1,\"name\":\"Home\",\"item\":\"https:\\\/\\\/monatglobal.com\\\/es\",\"nextItem\":{\"@type\":\"ListItem\",\"@id\":\"https:\\\/\\\/monatglobal.com\\\/es\\\/body-exfoliator\\\/#listItem\",\"name\":\"Exfoliante corporal Exfolia y Pule MONAT BODY CARE\\u2122\"}},{\"@type\":\"ListItem\",\"@id\":\"https:\\\/\\\/monatglobal.com\\\/es\\\/body-exfoliator\\\/#listItem\",\"position\":2,\"name\":\"Exfoliante corporal Exfolia y Pule MONAT BODY CARE\\u2122\",\"previousItem\":{\"@type\":\"ListItem\",\"@id\":\"https:\\\/\\\/monatglobal.com\\\/es#listItem\",\"name\":\"Home\"}}]},{\"@type\":\"Organization\",\"@id\":\"https:\\\/\\\/monatglobal.com\\\/es\\\/#organization\",\"name\":\"MONAT Espa\\u00f1a\",\"description\":\"We Are Modern Nature\\u00ae\",\"url\":\"https:\\\/\\\/monatglobal.com\\\/es\\\/\"},{\"@type\":\"WebPage\",\"@id\":\"https:\\\/\\\/monatglobal.com\\\/es\\\/body-exfoliator\\\/#webpage\",\"url\":\"https:\\\/\\\/monatglobal.com\\\/es\\\/body-exfoliator\\\/\",\"name\":\"Exfoliante corporal Exfolia y Pule MONAT BODY CARE\\u2122 - MONAT Espa\\u00f1a\",\"description\":\"Exfoliante corporal Exfolia y Pule MONAT BODY CARE\\u2122 Un exfoliante vigorizante y revitalizante contiene piedra p\\u00f3mez volc\\u00e1nica y antioxidantes de superfrutas que eliminan con delicadeza las c\\u00e9lulas muertas, suaviza las zonas m\\u00e1s \\u00e1speras y revela una piel m\\u00e1s tersa y radiante. 200 ml \\u212e 6.7 fl. oz. Precio de venta Cliente00.00 \\u20ac Precio Cliente VIP00.00\",\"inLanguage\":\"en-US\",\"isPartOf\":{\"@id\":\"https:\\\/\\\/monatglobal.com\\\/es\\\/#website\"},\"breadcrumb\":{\"@id\":\"https:\\\/\\\/monatglobal.com\\\/es\\\/body-exfoliator\\\/#breadcrumblist\"},\"image\":{\"@type\":\"ImageObject\",\"url\":\"https:\\\/\\\/monatglobal.com\\\/es\\\/wp-content\\\/uploads\\\/sites\\\/10\\\/2021\\\/10\\\/exfoliate-refine-body-polish-ecomm.png\",\"@id\":\"https:\\\/\\\/monatglobal.com\\\/es\\\/body-exfoliator\\\/#mainImage\",\"width\":641,\"height\":800},\"primaryImageOfPage\":{\"@id\":\"https:\\\/\\\/monatglobal.com\\\/es\\\/body-exfoliator\\\/#mainImage\"},\"datePublished\":\"2021-11-15T08:45:52+00:00\",\"dateModified\":\"2026-02-06T17:38:25+00:00\"},{\"@type\":\"WebSite\",\"@id\":\"https:\\\/\\\/monatglobal.com\\\/es\\\/#website\",\"url\":\"https:\\\/\\\/monatglobal.com\\\/es\\\/\",\"name\":\"MONAT Espa\\u00f1a\",\"description\":\"We Are Modern Nature\\u00ae\",\"inLanguage\":\"en-US\",\"publisher\":{\"@id\":\"https:\\\/\\\/monatglobal.com\\\/es\\\/#organization\"}}]}\n\t\t<\/script>\n\t\t<!-- All in One SEO Pro -->\r\n\t\t<title>Exfoliante corporal Exfolia y Pule MONAT BODY CARE\u2122 - MONAT Espa\u00f1a<\/title>\n\n","aioseo_head_json":{"title":"Exfoliante corporal Exfolia y Pule MONAT BODY CARE\u2122 - MONAT Espa\u00f1a","description":"Exfoliante corporal Exfolia y Pule MONAT BODY CARE\u2122 Un exfoliante vigorizante y revitalizante contiene piedra p\u00f3mez volc\u00e1nica y antioxidantes de superfrutas que eliminan con delicadeza las c\u00e9lulas muertas, suaviza las zonas m\u00e1s \u00e1speras y revela una piel m\u00e1s tersa y radiante. 200 ml \u212e 6.7 fl. oz. Precio de venta Cliente00.00 \u20ac Precio Cliente VIP00.00","canonical_url":"https:\/\/monatglobal.com\/es\/body-exfoliator\/","robots":"max-image-preview:large","keywords":"","webmasterTools":{"miscellaneous":""},"schema":{"@context":"https:\/\/schema.org","@graph":[{"@type":"BreadcrumbList","@id":"https:\/\/monatglobal.com\/es\/body-exfoliator\/#breadcrumblist","itemListElement":[{"@type":"ListItem","@id":"https:\/\/monatglobal.com\/es#listItem","position":1,"name":"Home","item":"https:\/\/monatglobal.com\/es","nextItem":{"@type":"ListItem","@id":"https:\/\/monatglobal.com\/es\/body-exfoliator\/#listItem","name":"Exfoliante corporal Exfolia y Pule MONAT BODY CARE\u2122"}},{"@type":"ListItem","@id":"https:\/\/monatglobal.com\/es\/body-exfoliator\/#listItem","position":2,"name":"Exfoliante corporal Exfolia y Pule MONAT BODY CARE\u2122","previousItem":{"@type":"ListItem","@id":"https:\/\/monatglobal.com\/es#listItem","name":"Home"}}]},{"@type":"Organization","@id":"https:\/\/monatglobal.com\/es\/#organization","name":"MONAT Espa\u00f1a","description":"We Are Modern Nature\u00ae","url":"https:\/\/monatglobal.com\/es\/"},{"@type":"WebPage","@id":"https:\/\/monatglobal.com\/es\/body-exfoliator\/#webpage","url":"https:\/\/monatglobal.com\/es\/body-exfoliator\/","name":"Exfoliante corporal Exfolia y Pule MONAT BODY CARE\u2122 - MONAT Espa\u00f1a","description":"Exfoliante corporal Exfolia y Pule MONAT BODY CARE\u2122 Un exfoliante vigorizante y revitalizante contiene piedra p\u00f3mez volc\u00e1nica y antioxidantes de superfrutas que eliminan con delicadeza las c\u00e9lulas muertas, suaviza las zonas m\u00e1s \u00e1speras y revela una piel m\u00e1s tersa y radiante. 200 ml \u212e 6.7 fl. oz. Precio de venta Cliente00.00 \u20ac Precio Cliente VIP00.00","inLanguage":"en-US","isPartOf":{"@id":"https:\/\/monatglobal.com\/es\/#website"},"breadcrumb":{"@id":"https:\/\/monatglobal.com\/es\/body-exfoliator\/#breadcrumblist"},"image":{"@type":"ImageObject","url":"https:\/\/monatglobal.com\/es\/wp-content\/uploads\/sites\/10\/2021\/10\/exfoliate-refine-body-polish-ecomm.png","@id":"https:\/\/monatglobal.com\/es\/body-exfoliator\/#mainImage","width":641,"height":800},"primaryImageOfPage":{"@id":"https:\/\/monatglobal.com\/es\/body-exfoliator\/#mainImage"},"datePublished":"2021-11-15T08:45:52+00:00","dateModified":"2026-02-06T17:38:25+00:00"},{"@type":"WebSite","@id":"https:\/\/monatglobal.com\/es\/#website","url":"https:\/\/monatglobal.com\/es\/","name":"MONAT Espa\u00f1a","description":"We Are Modern Nature\u00ae","inLanguage":"en-US","publisher":{"@id":"https:\/\/monatglobal.com\/es\/#organization"}}]},"og:locale":"en_US","og:site_name":"MONAT Espa\u00f1a - We Are Modern Nature\u00ae","og:type":"article","og:title":"Exfoliante corporal Exfolia y Pule MONAT BODY CARE\u2122 - MONAT Espa\u00f1a","og:description":"Exfoliante corporal Exfolia y Pule MONAT BODY CARE\u2122 Un exfoliante vigorizante y revitalizante contiene piedra p\u00f3mez volc\u00e1nica y antioxidantes de superfrutas que eliminan con delicadeza las c\u00e9lulas muertas, suaviza las zonas m\u00e1s \u00e1speras y revela una piel m\u00e1s tersa y radiante. 200 ml \u212e 6.7 fl. oz. Precio de venta Cliente00.00 \u20ac Precio Cliente VIP00.00","og:url":"https:\/\/monatglobal.com\/es\/body-exfoliator\/","article:published_time":"2021-11-15T08:45:52+00:00","article:modified_time":"2026-02-06T17:38:25+00:00","twitter:card":"summary_large_image","twitter:title":"Exfoliante corporal Exfolia y Pule MONAT BODY CARE\u2122 - MONAT Espa\u00f1a","twitter:description":"Exfoliante corporal Exfolia y Pule MONAT BODY CARE\u2122 Un exfoliante vigorizante y revitalizante contiene piedra p\u00f3mez volc\u00e1nica y antioxidantes de superfrutas que eliminan con delicadeza las c\u00e9lulas muertas, suaviza las zonas m\u00e1s \u00e1speras y revela una piel m\u00e1s tersa y radiante. 200 ml \u212e 6.7 fl. oz. Precio de venta Cliente00.00 \u20ac Precio Cliente VIP00.00"},"aioseo_meta_data":{"post_id":"65443","title":null,"description":null,"keywords":null,"keyphrases":null,"primary_term":null,"canonical_url":null,"og_title":null,"og_description":null,"og_object_type":"default","og_image_type":"default","og_image_url":null,"og_image_width":null,"og_image_height":null,"og_image_custom_url":null,"og_image_custom_fields":null,"og_video":null,"og_custom_url":null,"og_article_section":null,"og_article_tags":null,"twitter_use_og":false,"twitter_card":"default","twitter_image_type":"default","twitter_image_url":null,"twitter_image_custom_url":null,"twitter_image_custom_fields":null,"twitter_title":null,"twitter_description":null,"schema":{"blockGraphs":[],"customGraphs":[],"default":{"data":{"Article":[],"Course":[],"Dataset":[],"FAQPage":[],"Movie":[],"Person":[],"Product":[],"ProductReview":[],"Car":[],"Recipe":[],"Service":[],"SoftwareApplication":[],"WebPage":[]},"graphName":"WebPage","isEnabled":true},"graphs":[]},"schema_type":"default","schema_type_options":null,"pillar_content":false,"robots_default":true,"robots_noindex":false,"robots_noarchive":false,"robots_nosnippet":false,"robots_nofollow":false,"robots_noimageindex":false,"robots_noodp":false,"robots_notranslate":false,"robots_max_snippet":null,"robots_max_videopreview":null,"robots_max_imagepreview":"large","priority":null,"frequency":null,"local_seo":null,"seo_analyzer_scan_date":"2025-08-14 17:26:00","limit_modified_date":false,"reviewed_by":null,"open_ai":null,"ai":null,"created":"2023-07-26 09:18:33","updated":"2026-02-10 05:20:13"},"aioseo_breadcrumb":"<div class=\"aioseo-breadcrumbs\"><span class=\"aioseo-breadcrumb\">\n\t<a href=\"https:\/\/monatglobal.com\/es\" title=\"Home\">Home<\/a>\n<\/span><span class=\"aioseo-breadcrumb-separator\">&raquo;<\/span><span class=\"aioseo-breadcrumb\">\n\tExfoliante corporal Exfolia y Pule MONAT BODY CARE\u2122\n<\/span><\/div>","aioseo_breadcrumb_json":[{"label":"Home","link":"https:\/\/monatglobal.com\/es"},{"label":"Exfoliante corporal Exfolia y Pule MONAT BODY CARE\u2122","link":"https:\/\/monatglobal.com\/es\/body-exfoliator\/"}],"_links":{"self":[{"href":"https:\/\/monatglobal.com\/es\/wp-json\/wp\/v2\/pages\/65443","targetHints":{"allow":["GET"]}}],"collection":[{"href":"https:\/\/monatglobal.com\/es\/wp-json\/wp\/v2\/pages"}],"about":[{"href":"https:\/\/monatglobal.com\/es\/wp-json\/wp\/v2\/types\/page"}],"author":[{"embeddable":true,"href":"https:\/\/monatglobal.com\/es\/wp-json\/wp\/v2\/users\/31"}],"replies":[{"embeddable":true,"href":"https:\/\/monatglobal.com\/es\/wp-json\/wp\/v2\/comments?post=65443"}],"version-history":[{"count":19,"href":"https:\/\/monatglobal.com\/es\/wp-json\/wp\/v2\/pages\/65443\/revisions"}],"predecessor-version":[{"id":109029,"href":"https:\/\/monatglobal.com\/es\/wp-json\/wp\/v2\/pages\/65443\/revisions\/109029"}],"wp:featuredmedia":[{"embeddable":true,"href":"https:\/\/monatglobal.com\/es\/wp-json\/wp\/v2\/media\/65444"}],"wp:attachment":[{"href":"https:\/\/monatglobal.com\/es\/wp-json\/wp\/v2\/media?parent=65443"}],"wp:term":[{"taxonomy":"category","embeddable":true,"href":"https:\/\/monatglobal.com\/es\/wp-json\/wp\/v2\/categories?post=65443"},{"taxonomy":"post_tag","embeddable":true,"href":"https:\/\/monatglobal.com\/es\/wp-json\/wp\/v2\/tags?post=65443"}],"curies":[{"name":"wp","href":"https:\/\/api.w.org\/{rel}","templated":true}]}}