{"id":65434,"date":"2021-11-15T08:45:47","date_gmt":"2021-11-15T08:45:47","guid":{"rendered":"https:\/\/monatglobal.com\/es\/?page_id=65434"},"modified":"2026-02-06T17:26:15","modified_gmt":"2026-02-06T17:26:15","slug":"body-lotion","status":"publish","type":"page","link":"https:\/\/monatglobal.com\/es\/body-lotion\/","title":{"rendered":"Loci\u00f3n corporal Suaviza y Renueva &#124; MONAT BODY CARE\u2122 &#124; Productos para el cuidado de la piel"},"content":{"rendered":"\n\n\t<link rel=\"stylesheet\" href=\"https:\/\/unpkg.com\/swiper\/swiper-bundle.min.css\" \/>\n<link rel=\"stylesheet\" href=\"https:\/\/monatglobal.com\/wp-content\/creative_css\/product_styles_sheet.css\" \/>\n   <!--==================================================== ECOMM SECTION ====================================================-->\n      <!--==================================================== Ecomm image ====================================================-->\n      <img decoding=\"async\" src=\"https:\/\/monatglobal.com\/wp-content\/uploads\/2021\/08\/SMOOTH-RENEW-BODY-LOTION-ecomm-1.png\" alt=\"MONAT BODY CARE\u2122 Hydrate &#038; Repair Body Serum\" loading=\"lazy\"\/>\n      <!--==================================================== Ecomm information  ====================================================-->\n         <p>MONAT BODY CARE\u2122<\/p>\n         <h1>Loci\u00f3n corporal Suaviza y Renueva <\/h1>\n         <p>MONAT BODY CARE\u2122<\/p>\n         <p>Una loci\u00f3n rica y ligera que mima tu piel, suaviz\u00e1ndola y&nbsp;recuper\u00e1ndola.<\/p>\n         <p>208 ml \u212e 7 fl. oz.<\/p>\n      <!--==================================================== pricing box  ====================================================-->   \n         <p>Precio de venta Cliente<br \/>00.00 \u20ac<\/p>\n         <p>Precio Cliente VIP<br \/>00.00 \u20ac<\/p>\n       <!--==================================================== pricing box  ====================================================-->  \n         <p>Para conocer m\u00e1s sobre Loci\u00f3n corporal Suaviza y Renueva MONAT BODY CARE\u2122, ponte en contacto con tu Market Partner de MONAT.<\/p> \n          <a href=\"\" target=\"_blank\" role=\"button\" aria-label=\"\" rel=\"noopener\"><\/a>\n   <!--==================================================== \/ECOMM SECTION  ====================================================-->\n   <!--==================================================== Benefits image ====================================================-->\n   \n      <source media=\"(max-width: 700px)\" srcset=\"https:\/\/monatglobal.com\/wp-content\/uploads\/2021\/09\/Smooth-Renew-Body-Lotion-benefits-mobile.jpg\" loading=\"lazy\"\/>\n      <img decoding=\"async\" alt=\"Back shot of a brunette woman looking to her right. It shows the radiance and smoothness this treatment provides to the skin after \n      application. \" src=\"https:\/\/monatglobal.com\/wp-content\/uploads\/2021\/09\/Smooth-Renew-Body-Lotion-benefits.jpg\" loading=\"lazy\"\/>\n   \n   <!--==================================================== Benefits text ====================================================-->\n         <h2>BENEFICIOS<\/h2>\n         <h3>Aplica una loci\u00f3n corporal que hace mucho m\u00e1s que&nbsp;hidratar.<\/h3>\n         <p> Esta f\u00f3rmula exclusiva recupera la hidrataci\u00f3n y ayuda a reducir los signos de la edad, de manera que la piel ve y se siente tersa, renovada y&nbsp;radiante.<\/p>\n         <!--==================================================== features image  ====================================================-->\n         <img decoding=\"async\" alt=\"MONAT's Smooth &#038; Renew Body Lotion lays centered over a solid peach color background exhibiting its main ingredients ornamenting \n         the main product. \" src=\"https:\/\/monatglobal.com\/wp-content\/uploads\/2021\/09\/Smooth-Renew-Body-Lotion-Features.jpg\" loading=\"lazy\"\/>\n      <!--==================================================== features text ====================================================-->\n            <h3>Suavidad irresistible.<\/h3>\n               <p>\/ Ayuda a proteger y reforzar la barrera de la piel <\/p>\n               <p>\/ Deja una sensaci\u00f3n de suavidad y firmeza en la piel <\/p>\n               <p>\/ Ayuda a mejorar la apariencia de la piel crep\u00e9 <\/p>\n               <p>\/ Ayuda a equilibrar y apoyar el microbioma de la piel para un aspecto m\u00e1s saludable <\/p>\n               <p>\/ La piel se mantiene hidratada durante 24 horas tras su aplicaci\u00f3n* <\/p>\n               <p>\/ Ayuda a mejorar la firmeza y la elasticidad<\/p>\n               <br \/>\n            <p>Fragancia \/ Peon\u00eda y pimienta rosa<\/p>\n            <p> Textura \/ Crema ligera y profundamente hidratante<\/p>\n   <!--==================================================== composition image mobile ====================================================-->\n   <img decoding=\"async\" alt=\"MONAT's Smooth &#038; Renew Body Lotion being held between a woman's thighs. It's intended to exhibit exceptional \n   results after treatment.\" src=\"https:\/\/monatglobal.com\/wp-content\/uploads\/2021\/09\/comp1-Smooth-Renew-Body-Lotion.jpg\" loading=\"lazy\"\/>\n   <!--==================================================== Why it works text ====================================================-->\n      <h2>Una piel m\u00e1s firme y suave a tu alcance.<\/h2>\n      <h3>Sum\u00e9rgete en una loci\u00f3n lujosa y ligera, formulada para hidratar y nutrir mientras ayuda a reducir los signos de la&nbsp;edad.<\/h3>\n      <p>Los extractos de frutas patentados y la manteca de karit\u00e9 proporcionan una hidrataci\u00f3n intensa y reducen la apariencia de las arrugas y la piel&nbsp;crep\u00e9.<\/p>\n<!--==================================================== Composition section ====================================================-->\n      <img decoding=\"async\" alt=\"MONAT's Smooth &#038; Renew Body Lotion being held between a woman's thighs. It's intended to exhibit exceptional results after \n      treatment.\" src=\"https:\/\/monatglobal.com\/wp-content\/uploads\/2021\/09\/comp1-Smooth-Renew-Body-Lotion.jpg\" loading=\"lazy\"\/>\n      <img decoding=\"async\" alt=\"Closeup of an african-american &#038; a caucassian women's shoulders. This picture is intended to show its results in different \n      types of skin.\" src=\"https:\/\/monatglobal.com\/wp-content\/uploads\/2021\/09\/comp3-Smooth__Renew-Body-Lotion.jpg\" loading=\"lazy\"\/>\n            <!--==================================================== Directions text ====================================================--> \n               <h3>Instrucciones<\/h3>\n               <p>\/ Aplicar tras tu rutina habitual MONAT BODY CARE\u2122 o cuando necesites hidrataci\u00f3n&nbsp;adicional.<\/p>\n               <p>\/ Aplicar directamente sobre la&nbsp;piel.<\/p>\n               <p>\/ Masajear con movimientos circulares hasta que el producto se absorba&nbsp;completamente.<\/p>\n            <!--==================================================== Directions video ====================================================-->\n      <p>Loci\u00f3n corporal Suaviza y Renueva<br \/>MONAT BODY CARE\u2122 <br \/>1:34<\/p>\n      <a href=\"\" target=\"_blank\" role=\"button\" aria-label=\"\" rel=\"noopener\"><\/a>\n   <!--==================================================== Ingredients section  ====================================================-->\n      <h2>INGREDIENTES CLAVE<\/h2>\n               <p>Proprietary Fruit Extract<\/p>\n               <p>Coffee Seed Extract<\/p>\n               <p>Kangaroo Paw Extract<\/p>\n               <p>Shea Butter<\/p>\n        <button id=\"myBtn\" type=\"button\">LISTA DE INGREDIENTES<\/button>\n      <!--==================================================== Modal content  ====================================================-->\n         &times;\n         Aqua\/Water\/Eau, Caprylic\/Capric Triglyceride, Cetearyl Alcohol, Glycerin, Cetyl Alcohol, Butyrospermum Parkii (Shea) Butter, \n         Isononyl Isononanoate, Cocos Nucifera (Coconut) Oil, Adansonia Digitata Oil, Caryocar Brasiliense Fruit Oil, Gardenia Taitensis Flower \n         Extract, Helianthus Annuus (Sunflower) Seed Oil, Mauritia Flexuosa Fruit Oil, Moringa Oleifera Seed Oil, Palmitoyl Hexapeptide-12, \n         Simmondsia Chinensis (Jojoba) Seed Extract, Tocopherol, Citrus Aurantifolia (Lime) Oil, Citrus Aurantium Bergamia (Bergamot) Fruit Oil, \n         Anigozanthos Flavidus Extract, Lactic Acid, Camellia Oleifera Seed Oil, Olea Europaea (Olive) Fruit Oil, Citrus Limon (Lemon) Peel Oil, \n         Daucus Carota Sativa (Carrot) Seed Oil, Solanum Lycopersicum (Tomato) Seed Oil, Potassium Sorbate, Ceramide NG, Crambe Abyssinica Seed Oil, \n         Saccharum Officinarum (Sugarcane) Extract, Limnanthes Alba (Meadowfoam) Seed Oil, Coffea Arabica (Coffee) Seed Extract, Glycolic Acid, \n         Fragrance\/Parfum, Niacinamide, Tribehenin, Caffeine, Musa Sapientum (Banana) Pulp Extract, Ethylhexylglycerin, Lecithin, Mangifera Indica \n         (Mango) Pulp Extract, Capryloyl Glycerin\/Sebacic Acid Copolymer, Diheptyl Succinate, Tocopheryl Acetate, C12-15 Alkyl Benzoate, Sodium Acrylates \n         Copolymer, Glyceryl Stearate SE, Cetearyl Glucoside, Citric Acid, Benzyl Alcohol, Limonene, Hexyl Cinnamal, Linalool.\n   <!--==================================================== You might also like section ====================================================-->\n      <h2>PUEDE QUE TAMBI\u00c9N TE GUSTE<\/h2>\n      <!--==================================================== Slider YOU MIGHT ALSO LIKE ====================================================-->\n         <!--==================================================== If we need navigation buttons  ====================================================-->\n         <!--==================================================== If we need paginations  ====================================================-->\n    <a href=\"\" aria-label=\"\"><\/a>\n<!--==================================================== this link has to go last for it to work   ====================================================-->\n\n","protected":false},"excerpt":{"rendered":"<p>MONAT BODY CARE\u2122 Loci\u00f3n corporal Suaviza y Renueva MONAT BODY CARE\u2122 Una loci\u00f3n rica y ligera que mima tu piel, suaviz\u00e1ndola y&nbsp;recuper\u00e1ndola. 208 ml \u212e 7 fl. oz. Precio de venta Cliente00.00 \u20ac Precio Cliente VIP00.00 \u20ac Para conocer m\u00e1s sobre Loci\u00f3n corporal Suaviza y Renueva MONAT BODY CARE\u2122, ponte en contacto con tu Market&hellip;<\/p>\n","protected":false},"author":31,"featured_media":65435,"parent":0,"menu_order":0,"comment_status":"closed","ping_status":"closed","template":"","meta":{"inline_featured_image":false,"om_disable_all_campaigns":false,"_monsterinsights_skip_tracking":false,"_monsterinsights_sitenote_active":false,"_monsterinsights_sitenote_note":"","_monsterinsights_sitenote_category":0,"footnotes":""},"categories":[31],"tags":[],"class_list":["post-65434","page","type-page","status-publish","has-post-thumbnail","hentry","category-product-es"],"aioseo_notices":[],"aioseo_head":"\n\t\t<!-- All in One SEO Pro 4.9.6 - aioseo.com -->\n\t<meta name=\"description\" content=\"MONAT BODY CARE\u2122 Loci\u00f3n corporal Suaviza y Renueva MONAT BODY CARE\u2122 Una loci\u00f3n rica y ligera que mima tu piel, suaviz\u00e1ndola y recuper\u00e1ndola. 208 ml \u212e 7 fl. oz. Precio de venta Cliente00.00 \u20ac Precio Cliente VIP00.00 \u20ac Para conocer m\u00e1s sobre Loci\u00f3n corporal Suaviza y Renueva MONAT BODY CARE\u2122, ponte en contacto con tu Market\" \/>\n\t<meta name=\"robots\" content=\"max-image-preview:large\" \/>\n\t<link rel=\"canonical\" href=\"https:\/\/monatglobal.com\/es\/body-lotion\/\" \/>\n\t<meta name=\"generator\" content=\"All in One SEO Pro (AIOSEO) 4.9.6\" \/>\n\t\t<meta property=\"og:locale\" content=\"en_US\" \/>\n\t\t<meta property=\"og:site_name\" content=\"MONAT Espa\u00f1a - We Are Modern Nature\u00ae\" \/>\n\t\t<meta property=\"og:type\" content=\"article\" \/>\n\t\t<meta property=\"og:title\" content=\"Loci\u00f3n corporal Suaviza y Renueva | MONAT BODY CARE\u2122 | Productos para el cuidado de la piel - MONAT Espa\u00f1a\" \/>\n\t\t<meta property=\"og:description\" content=\"MONAT BODY CARE\u2122 Loci\u00f3n corporal Suaviza y Renueva MONAT BODY CARE\u2122 Una loci\u00f3n rica y ligera que mima tu piel, suaviz\u00e1ndola y recuper\u00e1ndola. 208 ml \u212e 7 fl. oz. Precio de venta Cliente00.00 \u20ac Precio Cliente VIP00.00 \u20ac Para conocer m\u00e1s sobre Loci\u00f3n corporal Suaviza y Renueva MONAT BODY CARE\u2122, ponte en contacto con tu Market\" \/>\n\t\t<meta property=\"og:url\" content=\"https:\/\/monatglobal.com\/es\/body-lotion\/\" \/>\n\t\t<meta property=\"article:published_time\" content=\"2021-11-15T08:45:47+00:00\" \/>\n\t\t<meta property=\"article:modified_time\" content=\"2026-02-06T17:26:15+00:00\" \/>\n\t\t<meta name=\"twitter:card\" content=\"summary_large_image\" \/>\n\t\t<meta name=\"twitter:title\" content=\"Loci\u00f3n corporal Suaviza y Renueva | MONAT BODY CARE\u2122 | Productos para el cuidado de la piel - MONAT Espa\u00f1a\" \/>\n\t\t<meta name=\"twitter:description\" content=\"MONAT BODY CARE\u2122 Loci\u00f3n corporal Suaviza y Renueva MONAT BODY CARE\u2122 Una loci\u00f3n rica y ligera que mima tu piel, suaviz\u00e1ndola y recuper\u00e1ndola. 208 ml \u212e 7 fl. oz. Precio de venta Cliente00.00 \u20ac Precio Cliente VIP00.00 \u20ac Para conocer m\u00e1s sobre Loci\u00f3n corporal Suaviza y Renueva MONAT BODY CARE\u2122, ponte en contacto con tu Market\" \/>\n\t\t<script type=\"application\/ld+json\" class=\"aioseo-schema\">\n\t\t\t{\"@context\":\"https:\\\/\\\/schema.org\",\"@graph\":[{\"@type\":\"BreadcrumbList\",\"@id\":\"https:\\\/\\\/monatglobal.com\\\/es\\\/body-lotion\\\/#breadcrumblist\",\"itemListElement\":[{\"@type\":\"ListItem\",\"@id\":\"https:\\\/\\\/monatglobal.com\\\/es#listItem\",\"position\":1,\"name\":\"Home\",\"item\":\"https:\\\/\\\/monatglobal.com\\\/es\",\"nextItem\":{\"@type\":\"ListItem\",\"@id\":\"https:\\\/\\\/monatglobal.com\\\/es\\\/body-lotion\\\/#listItem\",\"name\":\"Loci\\u00f3n corporal Suaviza y Renueva &#124; MONAT BODY CARE\\u2122 &#124; Productos para el cuidado de la piel\"}},{\"@type\":\"ListItem\",\"@id\":\"https:\\\/\\\/monatglobal.com\\\/es\\\/body-lotion\\\/#listItem\",\"position\":2,\"name\":\"Loci\\u00f3n corporal Suaviza y Renueva &#124; MONAT BODY CARE\\u2122 &#124; Productos para el cuidado de la piel\",\"previousItem\":{\"@type\":\"ListItem\",\"@id\":\"https:\\\/\\\/monatglobal.com\\\/es#listItem\",\"name\":\"Home\"}}]},{\"@type\":\"Organization\",\"@id\":\"https:\\\/\\\/monatglobal.com\\\/es\\\/#organization\",\"name\":\"MONAT Espa\\u00f1a\",\"description\":\"We Are Modern Nature\\u00ae\",\"url\":\"https:\\\/\\\/monatglobal.com\\\/es\\\/\"},{\"@type\":\"WebPage\",\"@id\":\"https:\\\/\\\/monatglobal.com\\\/es\\\/body-lotion\\\/#webpage\",\"url\":\"https:\\\/\\\/monatglobal.com\\\/es\\\/body-lotion\\\/\",\"name\":\"Loci\\u00f3n corporal Suaviza y Renueva | MONAT BODY CARE\\u2122 | Productos para el cuidado de la piel - MONAT Espa\\u00f1a\",\"description\":\"MONAT BODY CARE\\u2122 Loci\\u00f3n corporal Suaviza y Renueva MONAT BODY CARE\\u2122 Una loci\\u00f3n rica y ligera que mima tu piel, suaviz\\u00e1ndola y recuper\\u00e1ndola. 208 ml \\u212e 7 fl. oz. Precio de venta Cliente00.00 \\u20ac Precio Cliente VIP00.00 \\u20ac Para conocer m\\u00e1s sobre Loci\\u00f3n corporal Suaviza y Renueva MONAT BODY CARE\\u2122, ponte en contacto con tu Market\",\"inLanguage\":\"en-US\",\"isPartOf\":{\"@id\":\"https:\\\/\\\/monatglobal.com\\\/es\\\/#website\"},\"breadcrumb\":{\"@id\":\"https:\\\/\\\/monatglobal.com\\\/es\\\/body-lotion\\\/#breadcrumblist\"},\"image\":{\"@type\":\"ImageObject\",\"url\":\"https:\\\/\\\/monatglobal.com\\\/es\\\/wp-content\\\/uploads\\\/sites\\\/10\\\/2021\\\/10\\\/SMOOTH-RENEW-BODY-LOTION-ecomm-1.png\",\"@id\":\"https:\\\/\\\/monatglobal.com\\\/es\\\/body-lotion\\\/#mainImage\",\"width\":641,\"height\":800},\"primaryImageOfPage\":{\"@id\":\"https:\\\/\\\/monatglobal.com\\\/es\\\/body-lotion\\\/#mainImage\"},\"datePublished\":\"2021-11-15T08:45:47+00:00\",\"dateModified\":\"2026-02-06T17:26:15+00:00\"},{\"@type\":\"WebSite\",\"@id\":\"https:\\\/\\\/monatglobal.com\\\/es\\\/#website\",\"url\":\"https:\\\/\\\/monatglobal.com\\\/es\\\/\",\"name\":\"MONAT Espa\\u00f1a\",\"description\":\"We Are Modern Nature\\u00ae\",\"inLanguage\":\"en-US\",\"publisher\":{\"@id\":\"https:\\\/\\\/monatglobal.com\\\/es\\\/#organization\"}}]}\n\t\t<\/script>\n\t\t<!-- All in One SEO Pro -->\r\n\t\t<title>Loci\u00f3n corporal Suaviza y Renueva | MONAT BODY CARE\u2122 | Productos para el cuidado de la piel - MONAT Espa\u00f1a<\/title>\n\n","aioseo_head_json":{"title":"Loci\u00f3n corporal Suaviza y Renueva | MONAT BODY CARE\u2122 | Productos para el cuidado de la piel - MONAT Espa\u00f1a","description":"MONAT BODY CARE\u2122 Loci\u00f3n corporal Suaviza y Renueva MONAT BODY CARE\u2122 Una loci\u00f3n rica y ligera que mima tu piel, suaviz\u00e1ndola y recuper\u00e1ndola. 208 ml \u212e 7 fl. oz. Precio de venta Cliente00.00 \u20ac Precio Cliente VIP00.00 \u20ac Para conocer m\u00e1s sobre Loci\u00f3n corporal Suaviza y Renueva MONAT BODY CARE\u2122, ponte en contacto con tu Market","canonical_url":"https:\/\/monatglobal.com\/es\/body-lotion\/","robots":"max-image-preview:large","keywords":"","webmasterTools":{"miscellaneous":""},"schema":{"@context":"https:\/\/schema.org","@graph":[{"@type":"BreadcrumbList","@id":"https:\/\/monatglobal.com\/es\/body-lotion\/#breadcrumblist","itemListElement":[{"@type":"ListItem","@id":"https:\/\/monatglobal.com\/es#listItem","position":1,"name":"Home","item":"https:\/\/monatglobal.com\/es","nextItem":{"@type":"ListItem","@id":"https:\/\/monatglobal.com\/es\/body-lotion\/#listItem","name":"Loci\u00f3n corporal Suaviza y Renueva &#124; MONAT BODY CARE\u2122 &#124; Productos para el cuidado de la piel"}},{"@type":"ListItem","@id":"https:\/\/monatglobal.com\/es\/body-lotion\/#listItem","position":2,"name":"Loci\u00f3n corporal Suaviza y Renueva &#124; MONAT BODY CARE\u2122 &#124; Productos para el cuidado de la piel","previousItem":{"@type":"ListItem","@id":"https:\/\/monatglobal.com\/es#listItem","name":"Home"}}]},{"@type":"Organization","@id":"https:\/\/monatglobal.com\/es\/#organization","name":"MONAT Espa\u00f1a","description":"We Are Modern Nature\u00ae","url":"https:\/\/monatglobal.com\/es\/"},{"@type":"WebPage","@id":"https:\/\/monatglobal.com\/es\/body-lotion\/#webpage","url":"https:\/\/monatglobal.com\/es\/body-lotion\/","name":"Loci\u00f3n corporal Suaviza y Renueva | MONAT BODY CARE\u2122 | Productos para el cuidado de la piel - MONAT Espa\u00f1a","description":"MONAT BODY CARE\u2122 Loci\u00f3n corporal Suaviza y Renueva MONAT BODY CARE\u2122 Una loci\u00f3n rica y ligera que mima tu piel, suaviz\u00e1ndola y recuper\u00e1ndola. 208 ml \u212e 7 fl. oz. Precio de venta Cliente00.00 \u20ac Precio Cliente VIP00.00 \u20ac Para conocer m\u00e1s sobre Loci\u00f3n corporal Suaviza y Renueva MONAT BODY CARE\u2122, ponte en contacto con tu Market","inLanguage":"en-US","isPartOf":{"@id":"https:\/\/monatglobal.com\/es\/#website"},"breadcrumb":{"@id":"https:\/\/monatglobal.com\/es\/body-lotion\/#breadcrumblist"},"image":{"@type":"ImageObject","url":"https:\/\/monatglobal.com\/es\/wp-content\/uploads\/sites\/10\/2021\/10\/SMOOTH-RENEW-BODY-LOTION-ecomm-1.png","@id":"https:\/\/monatglobal.com\/es\/body-lotion\/#mainImage","width":641,"height":800},"primaryImageOfPage":{"@id":"https:\/\/monatglobal.com\/es\/body-lotion\/#mainImage"},"datePublished":"2021-11-15T08:45:47+00:00","dateModified":"2026-02-06T17:26:15+00:00"},{"@type":"WebSite","@id":"https:\/\/monatglobal.com\/es\/#website","url":"https:\/\/monatglobal.com\/es\/","name":"MONAT Espa\u00f1a","description":"We Are Modern Nature\u00ae","inLanguage":"en-US","publisher":{"@id":"https:\/\/monatglobal.com\/es\/#organization"}}]},"og:locale":"en_US","og:site_name":"MONAT Espa\u00f1a - We Are Modern Nature\u00ae","og:type":"article","og:title":"Loci\u00f3n corporal Suaviza y Renueva | MONAT BODY CARE\u2122 | Productos para el cuidado de la piel - MONAT Espa\u00f1a","og:description":"MONAT BODY CARE\u2122 Loci\u00f3n corporal Suaviza y Renueva MONAT BODY CARE\u2122 Una loci\u00f3n rica y ligera que mima tu piel, suaviz\u00e1ndola y recuper\u00e1ndola. 208 ml \u212e 7 fl. oz. Precio de venta Cliente00.00 \u20ac Precio Cliente VIP00.00 \u20ac Para conocer m\u00e1s sobre Loci\u00f3n corporal Suaviza y Renueva MONAT BODY CARE\u2122, ponte en contacto con tu Market","og:url":"https:\/\/monatglobal.com\/es\/body-lotion\/","article:published_time":"2021-11-15T08:45:47+00:00","article:modified_time":"2026-02-06T17:26:15+00:00","twitter:card":"summary_large_image","twitter:title":"Loci\u00f3n corporal Suaviza y Renueva | MONAT BODY CARE\u2122 | Productos para el cuidado de la piel - MONAT Espa\u00f1a","twitter:description":"MONAT BODY CARE\u2122 Loci\u00f3n corporal Suaviza y Renueva MONAT BODY CARE\u2122 Una loci\u00f3n rica y ligera que mima tu piel, suaviz\u00e1ndola y recuper\u00e1ndola. 208 ml \u212e 7 fl. oz. Precio de venta Cliente00.00 \u20ac Precio Cliente VIP00.00 \u20ac Para conocer m\u00e1s sobre Loci\u00f3n corporal Suaviza y Renueva MONAT BODY CARE\u2122, ponte en contacto con tu Market"},"aioseo_meta_data":{"post_id":"65434","title":null,"description":null,"keywords":null,"keyphrases":null,"primary_term":null,"canonical_url":null,"og_title":null,"og_description":null,"og_object_type":"default","og_image_type":"default","og_image_url":null,"og_image_width":null,"og_image_height":null,"og_image_custom_url":null,"og_image_custom_fields":null,"og_video":null,"og_custom_url":null,"og_article_section":null,"og_article_tags":null,"twitter_use_og":false,"twitter_card":"default","twitter_image_type":"default","twitter_image_url":null,"twitter_image_custom_url":null,"twitter_image_custom_fields":null,"twitter_title":null,"twitter_description":null,"schema":{"blockGraphs":[],"customGraphs":[],"default":{"data":{"Article":[],"Course":[],"Dataset":[],"FAQPage":[],"Movie":[],"Person":[],"Product":[],"ProductReview":[],"Car":[],"Recipe":[],"Service":[],"SoftwareApplication":[],"WebPage":[]},"graphName":"WebPage","isEnabled":true},"graphs":[]},"schema_type":"default","schema_type_options":null,"pillar_content":false,"robots_default":true,"robots_noindex":false,"robots_noarchive":false,"robots_nosnippet":false,"robots_nofollow":false,"robots_noimageindex":false,"robots_noodp":false,"robots_notranslate":false,"robots_max_snippet":null,"robots_max_videopreview":null,"robots_max_imagepreview":"large","priority":null,"frequency":null,"local_seo":null,"seo_analyzer_scan_date":"2025-08-14 17:25:58","limit_modified_date":false,"reviewed_by":null,"open_ai":null,"ai":null,"created":"2023-07-26 09:18:33","updated":"2026-02-10 05:20:13"},"aioseo_breadcrumb":"<div class=\"aioseo-breadcrumbs\"><span class=\"aioseo-breadcrumb\">\n\t<a href=\"https:\/\/monatglobal.com\/es\" title=\"Home\">Home<\/a>\n<\/span><span class=\"aioseo-breadcrumb-separator\">&raquo;<\/span><span class=\"aioseo-breadcrumb\">\n\tLoci\u00f3n corporal Suaviza y Renueva | MONAT BODY CARE\u2122 | Productos para el cuidado de la piel\n<\/span><\/div>","aioseo_breadcrumb_json":[{"label":"Home","link":"https:\/\/monatglobal.com\/es"},{"label":"Loci\u00f3n corporal Suaviza y Renueva &#124; MONAT BODY CARE\u2122 &#124; Productos para el cuidado de la piel","link":"https:\/\/monatglobal.com\/es\/body-lotion\/"}],"_links":{"self":[{"href":"https:\/\/monatglobal.com\/es\/wp-json\/wp\/v2\/pages\/65434","targetHints":{"allow":["GET"]}}],"collection":[{"href":"https:\/\/monatglobal.com\/es\/wp-json\/wp\/v2\/pages"}],"about":[{"href":"https:\/\/monatglobal.com\/es\/wp-json\/wp\/v2\/types\/page"}],"author":[{"embeddable":true,"href":"https:\/\/monatglobal.com\/es\/wp-json\/wp\/v2\/users\/31"}],"replies":[{"embeddable":true,"href":"https:\/\/monatglobal.com\/es\/wp-json\/wp\/v2\/comments?post=65434"}],"version-history":[{"count":21,"href":"https:\/\/monatglobal.com\/es\/wp-json\/wp\/v2\/pages\/65434\/revisions"}],"predecessor-version":[{"id":109024,"href":"https:\/\/monatglobal.com\/es\/wp-json\/wp\/v2\/pages\/65434\/revisions\/109024"}],"wp:featuredmedia":[{"embeddable":true,"href":"https:\/\/monatglobal.com\/es\/wp-json\/wp\/v2\/media\/65435"}],"wp:attachment":[{"href":"https:\/\/monatglobal.com\/es\/wp-json\/wp\/v2\/media?parent=65434"}],"wp:term":[{"taxonomy":"category","embeddable":true,"href":"https:\/\/monatglobal.com\/es\/wp-json\/wp\/v2\/categories?post=65434"},{"taxonomy":"post_tag","embeddable":true,"href":"https:\/\/monatglobal.com\/es\/wp-json\/wp\/v2\/tags?post=65434"}],"curies":[{"name":"wp","href":"https:\/\/api.w.org\/{rel}","templated":true}]}}