{"id":65421,"date":"2021-11-15T08:45:41","date_gmt":"2021-11-15T08:45:41","guid":{"rendered":"https:\/\/monatglobal.com\/es\/?page_id=65421"},"modified":"2026-02-06T17:18:47","modified_gmt":"2026-02-06T17:18:47","slug":"hand-cream","status":"publish","type":"page","link":"https:\/\/monatglobal.com\/es\/hand-cream\/","title":{"rendered":"Crema de manos Suave y Calmante &#124; Cuidado de la piel MONAT &#124; Cuidado corporal"},"content":{"rendered":"\n\n\t<link rel=\"stylesheet\" href=\"https:\/\/unpkg.com\/swiper\/swiper-bundle.min.css\" \/>\n<link rel=\"stylesheet\" href=\"https:\/\/monatglobal.com\/wp-content\/creative_css\/product_styles_sheet.css\" \/>\n   <!--==================================================== ECOMM SECTION ====================================================-->\n      <!--==================================================== Ecomm image ====================================================-->\n      <img decoding=\"async\" src=\"https:\/\/monatglobal.com\/wp-content\/uploads\/2021\/08\/SILKY-SOOTHING-HAND-CREAM-ecomm.png\" alt=\"Crema de manos Suave y Calmante MONAT BODY CARE\u2122\" loading=\"lazy\"\/>\n      <!--==================================================== Ecomm information  ====================================================-->\n         \n         <h1>Crema de manos <br \/>Suave y Calmante<\/h1>\n         <p>MONAT BODY CARE\u2122<\/p>\n         <p>Formulada con REJUVENIQE S\u2122 y nutritiva manteca de karit\u00e9, esta deliciosa crema de manos te mima con una profunda hidrataci\u00f3n y te protege frente a la sequedad para que siempre tengas unas manos suaves como la&nbsp;seda.<\/p>\n         <p>74 ml \u212e 2.5 fl. oz.<\/p>\n       <!--==================================================== pricing box  ====================================================-->\n         <p>Precio de venta Cliente<br \/>00.00 \u20ac<\/p>\n         <p>Precio Cliente VIP<br \/>00.00 \u20ac<\/p>\n        <!--==================================================== pricing box  ====================================================--> \n         <p>Para conocer m\u00e1s sobre Crema de manos Suave y Calmante MONAT BODY CARE\u2122, ponte en contacto con tu Market Partner de MONAT.<\/p> \n          <a href=\"\" target=\"_blank\" role=\"button\" aria-label=\"\" rel=\"noopener\"><\/a>\n   <!--==================================================== \/ECOMM SECTION  ====================================================-->\n   <!--==================================================== Benefits image ====================================================-->\n   \n      <source media=\"(max-width: 700px)\" srcset=\"https:\/\/monatglobal.com\/wp-content\/uploads\/2021\/09\/Silky-Soothing-Hand-Cream-benefits-mobile.jpg\" loading=\"lazy\"\/>\n      <img decoding=\"async\" alt=\"Closeup of a woman's hands applying MONAT's Silky &#038; Soothing Hand Cream over a light peach background.\" \n      src=\"https:\/\/monatglobal.com\/wp-content\/uploads\/2021\/09\/Silky-Soothing-Hand-Cream-benefits.jpg\" loading=\"lazy\"\/>\n   \n   <!--==================================================== Benefits text ====================================================-->\n         <h2>BENEFICIOS<\/h2>\n         <h3>Esta crema de manos supernutritiva de r\u00e1pida absorci\u00f3n retiene la hidrataci\u00f3n, mejora la textura y crea un acabado suave y sedoso que no resulta&nbsp;graso. <\/h3>\n         <p>Mejora notablemente la funci\u00f3n de la barrera de la piel hasta 24 horas tras su&nbsp;aplicaci\u00f3n.<\/p>\n         <!--==================================================== features image  ====================================================-->\n         <img decoding=\"async\" alt=\"MONAT's Silky &#038; Soothing Hand Cream lays centered over a solid peach color background exhibiting its main ingredients such \n         as coconut &#038; oils ornamenting the main product. \" src=\"https:\/\/monatglobal.com\/wp-content\/uploads\/2021\/09\/Silky-Soothing-Hand-Cream-Features.jpg\" loading=\"lazy\"\/>\n      <!--==================================================== features text ====================================================-->\n            <h3>Un tratamiento en forma de crema de manos restauradora y profundamente hidratante<\/h3>\n               <p>\/ Hidrata al instante y deja una sensaci\u00f3n de nutrici\u00f3n en la piel<\/p>\n               <p>\/ Mejora la textura de la piel para un aspecto m\u00e1s saludable    <\/p>\n               <p>\/ Deja una sensaci\u00f3n de calma y suavidad en la piel<\/p>\n               <p>\/ La piel se mantiene hidratada durante 24 horas tras su aplicaci\u00f3n<\/p>\n               <br \/>\n            <p>Fragancia \/ Peon\u00eda y pimienta&nbsp;rosa<\/p>\n            <p> Textura \/ Crema ligera y profundamente&nbsp;hidratante<\/p>\n   <!--==================================================== composition image mobile ====================================================-->\n   <img decoding=\"async\" alt=\"An abstract beauty shot showing a caucassian as well as an african american women's hands. \n   It is intended to portray its use on any type of skin.\" src=\"https:\/\/monatglobal.com\/wp-content\/uploads\/2021\/09\/Comp1-Silky-Soothing-Hand-Cream-benefits.jpg\" loading=\"lazy\"\/>\n   <!--==================================================== Why it works text ====================================================-->\n      <h2>Protege, nutre e hidrata para dejar las manos suaves y sedosas sin rastro de&nbsp;aceite.<\/h2>\n      <h3>Formulada con REJUVENIQE S\u2122 y la nutrici\u00f3n del aceite de coco y la manteca de karit\u00e9, esta deliciosa \n      crema de manos te mima con una profunda hidrataci\u00f3n y te protege frente a la sequedad para que siempre tengas unas manos suaves como la&nbsp;seda.<\/h3>\n<!--==================================================== Composition section ====================================================-->\n      <img decoding=\"async\" alt=\"An abstract beauty shot showing a caucassian as well as an african american women's hands. It is intended to portray its \n      use on any type of skin.\" src=\"https:\/\/monatglobal.com\/wp-content\/uploads\/2021\/09\/Comp1-Silky-Soothing-Hand-Cream-benefits.jpg\" loading=\"lazy\"\/>\n      <img decoding=\"async\" alt=\"A closeup of a woman applying MONAT's Silky &#038; Soothing Hand Cream onto her hands. This image reveals the cream's white \n      texture.\" src=\"https:\/\/monatglobal.com\/wp-content\/uploads\/2021\/09\/Comp3-Silky-Soothing-Hand-Cream-.jpg\" loading=\"lazy\"\/>\n            <!--==================================================== Directions text ====================================================--> \n               <h3>Instrucciones<\/h3>\n               <p>\/ Masajear con movimientos circulares en las manos, seg\u00fan sea&nbsp;necesario.<\/p>\n            <!--==================================================== Directions video ====================================================-->\n      <p>Crema de manos Suave y Calmante<br \/> MONAT BODY CARE\u2122 <br \/>1:34<\/p>\n      <a href=\"\" target=\"_blank\" role=\"button\" aria-label=\"\" rel=\"noopener\"><\/a>\n   <!--==================================================== Ingredients section  ====================================================-->\n      <h2>INGREDIENTES CLAVE<\/h2>\n               <p>Lactococcus Ferment&nbsp;Extract<\/p>\n               <p>Coconut Oil<\/p>\n               <p> Shea Butter<\/p>\n               <p>REJUVENIQE S\u2122<\/p>\n        <button id=\"myBtn\" type=\"button\">LISTA DE INGREDIENTES<\/button>\n      <!--==================================================== Modal content  ====================================================-->\n         &times;\n         Aqua\/Water\/Eau, Cocos Nucifera (Coconut) Oil, Caprylic\/Capric Triglyceride, Cetearyl Alcohol, Butyrospermum Parkii (Shea) \n         Butter, Cetyl Alcohol, Glycerin, Isopropyl Myristate, Polyglyceryl-6 Distearate, Adansonia Digitata Oil, Caryocar Brasiliense Fruit Oil, \n         Gardenia Taitensis Flower Extract, Helianthus Annuus (Sunflower) Seed Oil, Mauritia Flexuosa Fruit Oil, Moringa Oleifera Seed Oil, \n         Simmondsia Chinensis (Jojoba) Seed Extract, Tocopherol, Citrus Aurantifolia (Lime) Oil, Citrus Aurantium Bergamia (Bergamot) Fruit Oil, \n         Lactic Acid, Camellia Oleifera Seed Oil, Olea Europaea (Olive) Fruit Oil, Citrus Limon (Lemon) Peel Oil, Daucus Carota Sativa (Carrot) \n         Seed Oil, Solanum Lycopersicum (Tomato) Seed Oil, Crambe Abyssinica Seed Oil, Limnanthes Alba (Meadowfoam) Seed Oil, Lactococcus Ferment \n         Extract, Disodium EDTA, Ethylhexylglycerin, Acrylates\/C10-30 Alkyl Acrylate Crosspolymer, Sodium Hydroxide, Sodium Benzoate, Sodium \n         Chloride, Benzyl Alcohol, Fragrance\/Parfum, Limonene, Citronellol, Hexyl Cinnamal, Hydroxycitronellal, Linalool.\n   <!--==================================================== You might also like section ====================================================-->\n      <h2>PUEDE QUE TAMBI\u00c9N TE GUSTE<\/h2>\n      <!--==================================================== Slider YOU MIGHT ALSO LIKE ====================================================-->\n         <!--==================================================== If we need navigation buttons  ====================================================-->\n         <!--==================================================== If we need paginations  ====================================================-->\n    <a href=\"\" aria-label=\"\"><\/a>\n<!--==================================================== this link has to go last for it to work   ====================================================-->\n\n","protected":false},"excerpt":{"rendered":"<p>Crema de manos Suave y Calmante MONAT BODY CARE\u2122 Formulada con REJUVENIQE S\u2122 y nutritiva manteca de karit\u00e9, esta deliciosa crema de manos te mima con una profunda hidrataci\u00f3n y te protege frente a la sequedad para que siempre tengas unas manos suaves como la&nbsp;seda. 74 ml \u212e 2.5 fl. oz. Precio de venta Cliente00.00&hellip;<\/p>\n","protected":false},"author":31,"featured_media":65422,"parent":0,"menu_order":0,"comment_status":"closed","ping_status":"closed","template":"","meta":{"inline_featured_image":false,"om_disable_all_campaigns":false,"_monsterinsights_skip_tracking":false,"_monsterinsights_sitenote_active":false,"_monsterinsights_sitenote_note":"","_monsterinsights_sitenote_category":0,"footnotes":""},"categories":[31],"tags":[],"class_list":["post-65421","page","type-page","status-publish","has-post-thumbnail","hentry","category-product-es"],"aioseo_notices":[],"aioseo_head":"\n\t\t<!-- All in One SEO Pro 4.9.5.2 - aioseo.com -->\n\t<meta name=\"description\" content=\"Crema de manos Suave y Calmante MONAT BODY CARE\u2122 Formulada con REJUVENIQE S\u2122 y nutritiva manteca de karit\u00e9, esta deliciosa crema de manos te mima con una profunda hidrataci\u00f3n y te protege frente a la sequedad para que siempre tengas unas manos suaves como la seda. 74 ml \u212e 2.5 fl. oz. Precio de venta Cliente00.00\" \/>\n\t<meta name=\"robots\" content=\"max-image-preview:large\" \/>\n\t<link rel=\"canonical\" href=\"https:\/\/monatglobal.com\/es\/hand-cream\/\" \/>\n\t<meta name=\"generator\" content=\"All in One SEO Pro (AIOSEO) 4.9.5.2\" \/>\n\t\t<meta property=\"og:locale\" content=\"en_US\" \/>\n\t\t<meta property=\"og:site_name\" content=\"MONAT Espa\u00f1a - We Are Modern Nature\u00ae\" \/>\n\t\t<meta property=\"og:type\" content=\"article\" \/>\n\t\t<meta property=\"og:title\" content=\"Crema de manos Suave y Calmante | Cuidado de la piel MONAT | Cuidado corporal - MONAT Espa\u00f1a\" \/>\n\t\t<meta property=\"og:description\" content=\"Crema de manos Suave y Calmante MONAT BODY CARE\u2122 Formulada con REJUVENIQE S\u2122 y nutritiva manteca de karit\u00e9, esta deliciosa crema de manos te mima con una profunda hidrataci\u00f3n y te protege frente a la sequedad para que siempre tengas unas manos suaves como la seda. 74 ml \u212e 2.5 fl. oz. Precio de venta Cliente00.00\" \/>\n\t\t<meta property=\"og:url\" content=\"https:\/\/monatglobal.com\/es\/hand-cream\/\" \/>\n\t\t<meta property=\"article:published_time\" content=\"2021-11-15T08:45:41+00:00\" \/>\n\t\t<meta property=\"article:modified_time\" content=\"2026-02-06T17:18:47+00:00\" \/>\n\t\t<meta name=\"twitter:card\" content=\"summary_large_image\" \/>\n\t\t<meta name=\"twitter:title\" content=\"Crema de manos Suave y Calmante | Cuidado de la piel MONAT | Cuidado corporal - MONAT Espa\u00f1a\" \/>\n\t\t<meta name=\"twitter:description\" content=\"Crema de manos Suave y Calmante MONAT BODY CARE\u2122 Formulada con REJUVENIQE S\u2122 y nutritiva manteca de karit\u00e9, esta deliciosa crema de manos te mima con una profunda hidrataci\u00f3n y te protege frente a la sequedad para que siempre tengas unas manos suaves como la seda. 74 ml \u212e 2.5 fl. oz. Precio de venta Cliente00.00\" \/>\n\t\t<script type=\"application\/ld+json\" class=\"aioseo-schema\">\n\t\t\t{\"@context\":\"https:\\\/\\\/schema.org\",\"@graph\":[{\"@type\":\"BreadcrumbList\",\"@id\":\"https:\\\/\\\/monatglobal.com\\\/es\\\/hand-cream\\\/#breadcrumblist\",\"itemListElement\":[{\"@type\":\"ListItem\",\"@id\":\"https:\\\/\\\/monatglobal.com\\\/es#listItem\",\"position\":1,\"name\":\"Home\",\"item\":\"https:\\\/\\\/monatglobal.com\\\/es\",\"nextItem\":{\"@type\":\"ListItem\",\"@id\":\"https:\\\/\\\/monatglobal.com\\\/es\\\/hand-cream\\\/#listItem\",\"name\":\"Crema de manos Suave y Calmante &#124; Cuidado de la piel MONAT &#124; Cuidado corporal\"}},{\"@type\":\"ListItem\",\"@id\":\"https:\\\/\\\/monatglobal.com\\\/es\\\/hand-cream\\\/#listItem\",\"position\":2,\"name\":\"Crema de manos Suave y Calmante &#124; Cuidado de la piel MONAT &#124; Cuidado corporal\",\"previousItem\":{\"@type\":\"ListItem\",\"@id\":\"https:\\\/\\\/monatglobal.com\\\/es#listItem\",\"name\":\"Home\"}}]},{\"@type\":\"Organization\",\"@id\":\"https:\\\/\\\/monatglobal.com\\\/es\\\/#organization\",\"name\":\"MONAT Espa\\u00f1a\",\"description\":\"We Are Modern Nature\\u00ae\",\"url\":\"https:\\\/\\\/monatglobal.com\\\/es\\\/\"},{\"@type\":\"WebPage\",\"@id\":\"https:\\\/\\\/monatglobal.com\\\/es\\\/hand-cream\\\/#webpage\",\"url\":\"https:\\\/\\\/monatglobal.com\\\/es\\\/hand-cream\\\/\",\"name\":\"Crema de manos Suave y Calmante | Cuidado de la piel MONAT | Cuidado corporal - MONAT Espa\\u00f1a\",\"description\":\"Crema de manos Suave y Calmante MONAT BODY CARE\\u2122 Formulada con REJUVENIQE S\\u2122 y nutritiva manteca de karit\\u00e9, esta deliciosa crema de manos te mima con una profunda hidrataci\\u00f3n y te protege frente a la sequedad para que siempre tengas unas manos suaves como la seda. 74 ml \\u212e 2.5 fl. oz. Precio de venta Cliente00.00\",\"inLanguage\":\"en-US\",\"isPartOf\":{\"@id\":\"https:\\\/\\\/monatglobal.com\\\/es\\\/#website\"},\"breadcrumb\":{\"@id\":\"https:\\\/\\\/monatglobal.com\\\/es\\\/hand-cream\\\/#breadcrumblist\"},\"image\":{\"@type\":\"ImageObject\",\"url\":\"https:\\\/\\\/monatglobal.com\\\/es\\\/wp-content\\\/uploads\\\/sites\\\/10\\\/2021\\\/10\\\/SILKY-SOOTHING-HAND-CREAM-ecomm.png\",\"@id\":\"https:\\\/\\\/monatglobal.com\\\/es\\\/hand-cream\\\/#mainImage\",\"width\":641,\"height\":800},\"primaryImageOfPage\":{\"@id\":\"https:\\\/\\\/monatglobal.com\\\/es\\\/hand-cream\\\/#mainImage\"},\"datePublished\":\"2021-11-15T08:45:41+00:00\",\"dateModified\":\"2026-02-06T17:18:47+00:00\"},{\"@type\":\"WebSite\",\"@id\":\"https:\\\/\\\/monatglobal.com\\\/es\\\/#website\",\"url\":\"https:\\\/\\\/monatglobal.com\\\/es\\\/\",\"name\":\"MONAT Espa\\u00f1a\",\"description\":\"We Are Modern Nature\\u00ae\",\"inLanguage\":\"en-US\",\"publisher\":{\"@id\":\"https:\\\/\\\/monatglobal.com\\\/es\\\/#organization\"}}]}\n\t\t<\/script>\n\t\t<!-- All in One SEO Pro -->\r\n\t\t<title>Crema de manos Suave y Calmante | Cuidado de la piel MONAT | Cuidado corporal - MONAT Espa\u00f1a<\/title>\n\n","aioseo_head_json":{"title":"Crema de manos Suave y Calmante | Cuidado de la piel MONAT | Cuidado corporal - MONAT Espa\u00f1a","description":"Crema de manos Suave y Calmante MONAT BODY CARE\u2122 Formulada con REJUVENIQE S\u2122 y nutritiva manteca de karit\u00e9, esta deliciosa crema de manos te mima con una profunda hidrataci\u00f3n y te protege frente a la sequedad para que siempre tengas unas manos suaves como la seda. 74 ml \u212e 2.5 fl. oz. Precio de venta Cliente00.00","canonical_url":"https:\/\/monatglobal.com\/es\/hand-cream\/","robots":"max-image-preview:large","keywords":"","webmasterTools":{"miscellaneous":""},"schema":{"@context":"https:\/\/schema.org","@graph":[{"@type":"BreadcrumbList","@id":"https:\/\/monatglobal.com\/es\/hand-cream\/#breadcrumblist","itemListElement":[{"@type":"ListItem","@id":"https:\/\/monatglobal.com\/es#listItem","position":1,"name":"Home","item":"https:\/\/monatglobal.com\/es","nextItem":{"@type":"ListItem","@id":"https:\/\/monatglobal.com\/es\/hand-cream\/#listItem","name":"Crema de manos Suave y Calmante &#124; Cuidado de la piel MONAT &#124; Cuidado corporal"}},{"@type":"ListItem","@id":"https:\/\/monatglobal.com\/es\/hand-cream\/#listItem","position":2,"name":"Crema de manos Suave y Calmante &#124; Cuidado de la piel MONAT &#124; Cuidado corporal","previousItem":{"@type":"ListItem","@id":"https:\/\/monatglobal.com\/es#listItem","name":"Home"}}]},{"@type":"Organization","@id":"https:\/\/monatglobal.com\/es\/#organization","name":"MONAT Espa\u00f1a","description":"We Are Modern Nature\u00ae","url":"https:\/\/monatglobal.com\/es\/"},{"@type":"WebPage","@id":"https:\/\/monatglobal.com\/es\/hand-cream\/#webpage","url":"https:\/\/monatglobal.com\/es\/hand-cream\/","name":"Crema de manos Suave y Calmante | Cuidado de la piel MONAT | Cuidado corporal - MONAT Espa\u00f1a","description":"Crema de manos Suave y Calmante MONAT BODY CARE\u2122 Formulada con REJUVENIQE S\u2122 y nutritiva manteca de karit\u00e9, esta deliciosa crema de manos te mima con una profunda hidrataci\u00f3n y te protege frente a la sequedad para que siempre tengas unas manos suaves como la seda. 74 ml \u212e 2.5 fl. oz. Precio de venta Cliente00.00","inLanguage":"en-US","isPartOf":{"@id":"https:\/\/monatglobal.com\/es\/#website"},"breadcrumb":{"@id":"https:\/\/monatglobal.com\/es\/hand-cream\/#breadcrumblist"},"image":{"@type":"ImageObject","url":"https:\/\/monatglobal.com\/es\/wp-content\/uploads\/sites\/10\/2021\/10\/SILKY-SOOTHING-HAND-CREAM-ecomm.png","@id":"https:\/\/monatglobal.com\/es\/hand-cream\/#mainImage","width":641,"height":800},"primaryImageOfPage":{"@id":"https:\/\/monatglobal.com\/es\/hand-cream\/#mainImage"},"datePublished":"2021-11-15T08:45:41+00:00","dateModified":"2026-02-06T17:18:47+00:00"},{"@type":"WebSite","@id":"https:\/\/monatglobal.com\/es\/#website","url":"https:\/\/monatglobal.com\/es\/","name":"MONAT Espa\u00f1a","description":"We Are Modern Nature\u00ae","inLanguage":"en-US","publisher":{"@id":"https:\/\/monatglobal.com\/es\/#organization"}}]},"og:locale":"en_US","og:site_name":"MONAT Espa\u00f1a - We Are Modern Nature\u00ae","og:type":"article","og:title":"Crema de manos Suave y Calmante | Cuidado de la piel MONAT | Cuidado corporal - MONAT Espa\u00f1a","og:description":"Crema de manos Suave y Calmante MONAT BODY CARE\u2122 Formulada con REJUVENIQE S\u2122 y nutritiva manteca de karit\u00e9, esta deliciosa crema de manos te mima con una profunda hidrataci\u00f3n y te protege frente a la sequedad para que siempre tengas unas manos suaves como la seda. 74 ml \u212e 2.5 fl. oz. Precio de venta Cliente00.00","og:url":"https:\/\/monatglobal.com\/es\/hand-cream\/","article:published_time":"2021-11-15T08:45:41+00:00","article:modified_time":"2026-02-06T17:18:47+00:00","twitter:card":"summary_large_image","twitter:title":"Crema de manos Suave y Calmante | Cuidado de la piel MONAT | Cuidado corporal - MONAT Espa\u00f1a","twitter:description":"Crema de manos Suave y Calmante MONAT BODY CARE\u2122 Formulada con REJUVENIQE S\u2122 y nutritiva manteca de karit\u00e9, esta deliciosa crema de manos te mima con una profunda hidrataci\u00f3n y te protege frente a la sequedad para que siempre tengas unas manos suaves como la seda. 74 ml \u212e 2.5 fl. oz. Precio de venta Cliente00.00"},"aioseo_meta_data":{"post_id":"65421","title":null,"description":null,"keywords":null,"keyphrases":null,"primary_term":null,"canonical_url":null,"og_title":null,"og_description":null,"og_object_type":"default","og_image_type":"default","og_image_url":null,"og_image_width":null,"og_image_height":null,"og_image_custom_url":null,"og_image_custom_fields":null,"og_video":null,"og_custom_url":null,"og_article_section":null,"og_article_tags":null,"twitter_use_og":false,"twitter_card":"default","twitter_image_type":"default","twitter_image_url":null,"twitter_image_custom_url":null,"twitter_image_custom_fields":null,"twitter_title":null,"twitter_description":null,"schema":{"blockGraphs":[],"customGraphs":[],"default":{"data":{"Article":[],"Course":[],"Dataset":[],"FAQPage":[],"Movie":[],"Person":[],"Product":[],"ProductReview":[],"Car":[],"Recipe":[],"Service":[],"SoftwareApplication":[],"WebPage":[]},"graphName":"WebPage","isEnabled":true},"graphs":[]},"schema_type":"default","schema_type_options":null,"pillar_content":false,"robots_default":true,"robots_noindex":false,"robots_noarchive":false,"robots_nosnippet":false,"robots_nofollow":false,"robots_noimageindex":false,"robots_noodp":false,"robots_notranslate":false,"robots_max_snippet":null,"robots_max_videopreview":null,"robots_max_imagepreview":"large","priority":null,"frequency":null,"local_seo":null,"seo_analyzer_scan_date":"2025-08-14 17:25:56","limit_modified_date":false,"reviewed_by":null,"open_ai":null,"ai":null,"created":"2023-07-26 09:18:33","updated":"2026-02-10 05:18:10"},"aioseo_breadcrumb":"<div class=\"aioseo-breadcrumbs\"><span class=\"aioseo-breadcrumb\">\n\t<a href=\"https:\/\/monatglobal.com\/es\" title=\"Home\">Home<\/a>\n<\/span><span class=\"aioseo-breadcrumb-separator\">&raquo;<\/span><span class=\"aioseo-breadcrumb\">\n\tCrema de manos Suave y Calmante | Cuidado de la piel MONAT | Cuidado corporal\n<\/span><\/div>","aioseo_breadcrumb_json":[{"label":"Home","link":"https:\/\/monatglobal.com\/es"},{"label":"Crema de manos Suave y Calmante &#124; Cuidado de la piel MONAT &#124; Cuidado corporal","link":"https:\/\/monatglobal.com\/es\/hand-cream\/"}],"_links":{"self":[{"href":"https:\/\/monatglobal.com\/es\/wp-json\/wp\/v2\/pages\/65421","targetHints":{"allow":["GET"]}}],"collection":[{"href":"https:\/\/monatglobal.com\/es\/wp-json\/wp\/v2\/pages"}],"about":[{"href":"https:\/\/monatglobal.com\/es\/wp-json\/wp\/v2\/types\/page"}],"author":[{"embeddable":true,"href":"https:\/\/monatglobal.com\/es\/wp-json\/wp\/v2\/users\/31"}],"replies":[{"embeddable":true,"href":"https:\/\/monatglobal.com\/es\/wp-json\/wp\/v2\/comments?post=65421"}],"version-history":[{"count":19,"href":"https:\/\/monatglobal.com\/es\/wp-json\/wp\/v2\/pages\/65421\/revisions"}],"predecessor-version":[{"id":109016,"href":"https:\/\/monatglobal.com\/es\/wp-json\/wp\/v2\/pages\/65421\/revisions\/109016"}],"wp:featuredmedia":[{"embeddable":true,"href":"https:\/\/monatglobal.com\/es\/wp-json\/wp\/v2\/media\/65422"}],"wp:attachment":[{"href":"https:\/\/monatglobal.com\/es\/wp-json\/wp\/v2\/media?parent=65421"}],"wp:term":[{"taxonomy":"category","embeddable":true,"href":"https:\/\/monatglobal.com\/es\/wp-json\/wp\/v2\/categories?post=65421"},{"taxonomy":"post_tag","embeddable":true,"href":"https:\/\/monatglobal.com\/es\/wp-json\/wp\/v2\/tags?post=65421"}],"curies":[{"name":"wp","href":"https:\/\/api.w.org\/{rel}","templated":true}]}}