{"id":62872,"date":"2021-09-03T14:40:43","date_gmt":"2021-09-03T13:40:43","guid":{"rendered":"https:\/\/monatglobal.com\/es\/?page_id=62872"},"modified":"2023-03-23T19:31:37","modified_gmt":"2023-03-23T19:31:37","slug":"rejuveniqe","status":"publish","type":"page","link":"https:\/\/monatglobal.com\/es\/rejuveniqe\/","title":{"rendered":"rejuveniqe"},"content":{"rendered":"\n\n\t<link rel=\"stylesheet\" href=\"https:\/\/unpkg.com\/swiper\/swiper-bundle.min.css\" \/>\n<link rel=\"stylesheet\" href=\"https:\/\/monatglobal.com\/public_html\/wp-content\/creative_css\/product_styles_sheet.css\" \/>\n   <!--==================================================== ECOMM SECTION ====================================================-->\n      <!--==================================================== Ecomm image ====================================================-->\n      <img decoding=\"async\" src=\"https:\/\/monatglobal.com\/es\/wp-content\/uploads\/2021\/08\/REJUVENIQE\u00ae-Oil-Intensive.png\" alt=\"Advanced Hydrating Conditioner\"\/>\n      <!--==================================================== Ecomm information  ====================================================-->\n         NEW\n         <p>MONAT<\/p>\n         <h1>Rejuveniqe\u00ae<\/h1>\n         Hyaluronic Serum Plus\n         <p>La verdadera joya de la corona.<\/p>\n         <p>30 ml \u212e 1 fl. oz.<\/p>\n               <p>Retail Price<br \/>$00.00 (USD)<\/p>\n               <p>VIP Customer Price<br \/>$00.00 (USD)<\/p>\n         <p>Para conocer m\u00e1s sobre Rejuveniqe\u00ae, ponte en contacto con tu Market Partner de MONAT. <\/p>\n            <a href=\"https:\/\/mymonat.com\/shop\/products\/\" aria-label=\"Go to Hydration Booster\u2122 shop\">coming soon<\/a>\n   <!--==================================================== \/ECOMM SECTION  ====================================================-->\n   <!--==================================================== Benefits image ====================================================-->\n   \n      <source media=\"(max-width: 700px)\" srcset=\"https:\/\/monatglobal.com\/es\/wp-content\/uploads\/2021\/09\/Rejuveniqe\u00ae_Hero.png\"\/>\n      <img decoding=\"async\" src=\"https:\/\/monatglobal.com\/es\/wp-content\/uploads\/2021\/09\/Rejuveniqe\u00ae_Hero.png\" \n      alt=\"* * * TBD-update text * * *\"\/>\n   \n   <!--==================================================== Benefits text ====================================================-->\n         <h2>BENEFICIOS<\/h2>\n         <h3>Nutre y energiza tu cuero cabelludo con una estimulante mezcla de m\u00e1s de 13 plantas naturales y aceites esenciales <\/h3>\n         <br \/>\n         <p>Ricos en \u00e1cidos grasos omega, antioxidantes y nutrientes altamente compatibles con la piel y el cabello., obteniendo de inmediato un cabello con aspecto m\u00e1s sano y un brillo duradero.<\/p>\n         <h3>This hydrating booster serum balances the skin&#8217;s natural&nbsp;moisture.<\/h3>\n         <!--==================================================== features image  ====================================================-->\n         <img decoding=\"async\" src=\"https:\/\/monatglobal.com\/es\/wp-content\/uploads\/2021\/09\/Rejuveniqe\u00ae_2.png\" \n         alt=\"MONAT Hydrate &#038; Refresh serum set on bathroom's vanity. Background shows a towel and zen-type daylight scenario.\"\/>\n      <!--==================================================== features text ====================================================-->\n            <h3>Util\u00edzalo como tu elixir m\u00e1gico multifunci\u00f3n<\/h3>\n          <br \/>\n               <p> Los investigadores de MONAT han recorrido el mundo en busca de los aceites m\u00e1s exquisitos que ayuden a equilibrar, rejuvenecer y beneficiar el cabello y la piel. <br \/><br \/> El aceite de abisinia fue el primer ingrediente seleccionado por sus impresionantes propiedades rejuvenecedoras. Despu\u00e9s, creamos una mezcla de m\u00e1s de 13 ingredientes \u00fanicos que incluyen antioxidantes, beta-caroteno y \u00e1cidos grasos omega-3. As\u00ed es como naci\u00f3 REJUVENIQE\u00ae. Te ayuda a recuperar tu cabello y cuero cabelludo con los nutrientes que m\u00e1s necesitas, y que al mismo tiempo tienden a eliminarse con los lavados.<br \/><br \/> Puesto que REJUVENIQE\u00ae es apto para su uso en la piel, se absorbe f\u00e1cilmente sin dejar sensaci\u00f3n grasa. <\/p>\n         <h3><br \/>Una gota  &#8211;  es suficiente.<br \/><\/h3>\n   <!--==================================================== composition image mobile ====================================================-->\n   <img decoding=\"async\" src=\"https:\/\/monatglobal.com\/wp-content\/uploads\/2021\/08\/monat-hydration-booster-comp-1.jpg\"\n   alt=\"MONAT's Hydration Booster product is set over a solid pink background with serum spilled as additional texture.\"\/>\n   <!--==================================================== Why it works text ====================================================-->\n      <h2>EN RESUMEN<\/h2>\n      <h3>Ayuda a rejuvenecer el cabello y el cuero cabelludo.<br \/><\/h3>\n      Proporciona nutrici\u00f3n, beneficios antienvejecimiento y un brillo duradero sin siliconas<br \/>\n      \n<!--==================================================== Composition section ====================================================-->\n      <img decoding=\"async\" src=\"https:\/\/monatglobal.com\/es\/wp-content\/uploads\/2021\/09\/rejuveniqe-alcora.png\" \n      alt=\"MONAT's Hydration Booster product is set over a solid pink background with serum spilled as additional texture.\"\/>\n      <img decoding=\"async\" src=\"https:\/\/monatglobal.com\/es\/wp-content\/uploads\/2021\/09\/small-square.png\" \n      alt=\"An african-american woman looking directly at the camera while applying the serum with the eyedropper. Left hand \n      showcases MONAT's Hydration Booster.\"\/>\n            <!--==================================================== Directions text ====================================================--> \n               <h3>Instrucciones<br \/><br \/><\/h3>\n               <p>\/ CABELLO<\/p>\n               <p>  Tratamiento previo al champ\u00fa<\/p>\n               <p>  Aplicar una generosa cantidad sobre el cuero cabelludo y el cabello seco o h\u00famedo. Dejar actuar durante 15 minutos y aclarar abundantemente. Aplicar champ\u00fa y acondicionador como de costumbre.<\/p>\n               <p>  Tratamiento de hidrataci\u00f3n intensa<\/p>\n               <p>  Aplicar una generosa cantidad sobre el cuero cabelludo y el cabello h\u00famedo. Envolver la cabeza con una toalla caliente y h\u00fameda y dejar actuar durante 30 minutos. Aclarar abundantemente. Aplicar champ\u00fa y acondicionador como de costumbre.<\/p>\n               <p>  Tratamiento antiencrespamiento<\/p>\n               <p>  Extender una peque\u00f1a cantidad sobre las manos y aplicar sobre el cabello despu\u00e9s del peinado, centr\u00e1ndose en las puntas.<\/p>\n               <p>\/ CUERPO<\/p>\n               <p>  Hidratante facial<\/p>\n               <p>  Aplicar por la ma\u00f1ana y por la noche sobre rostro, cuello y zona del escote antes de la hidratante, concentr\u00e1ndose, para una hidrataci\u00f3n instant\u00e1nea,  en \u00e1reas problem\u00e1ticas como l\u00edneas de expresi\u00f3n y arrugas, consiguiendo adem\u00e1s una textura y tono mejorados.<\/p>\n            <!--==================================================== Directions video ====================================================-->\n      <p>MONAT<br \/> Hydration Booster\u2122<br \/>0:40<\/p>\n   <a href=\"https:\/\/mymonat.com\/shop\/products\/\" aria-label=\"Go to Hydration<br> Booster\u2122 shop&#8221;>coming soon<\/a>\n   <!--==================================================== Ingredients section  ====================================================-->\n      <h2>KEY ACTIVES<\/h2>\n               <p>Coconut Water<\/p>\n               <p>Polyglutamic Acid<\/p>\n               <p>Hyaluronic Acid<\/p>\n               <p>Vegan Collagen<\/p>\n               <p>Marine Algae<\/p>\n               <p>Vitamin B5<\/p>\n               <p>Watermelon Extract<\/p>\n        <button id=\"myBtn\" type=\"button\">LISTA DE INGREDIENTES<\/button>\n      <!--==================================================== Modal content  ====================================================-->\n         &times;\n         Limnanthes Alba (Meadowfoam) Seed Oil, Crambe Abyssinica Seed Oil, Camellia Oleifera Seed Oil, Solanum Lycopersicum (Tomato) Seed Oil, Daucus Carota Sativa (Carrot) Seed Oil, Citrus Limon (Lemon) Peel Oil, Citrus Aurantifolia (Lime) Oil, Citrus Aurantium Bergamia (Bergamot) Fruit Oil, Adansonia Digitata Oil, Mauritia Flexuosa Fruit Oil, Cocos Nucifera (Coconut) Oil, Gardenia Tahitensis Flower Extract, Moringa Oleifera Seed Oil, Caryocar Brasiliense Fruit Oil, Helianthus Annuus (Sunflower) Seed Oil.\n         \n   <!--==================================================== You might also like section ====================================================-->\n      <h2>PUEDE QUE TAMBI\u00c9N TE GUSTE<\/h2>\n      <!--==================================================== Slider YOU MIGHT ALSO LIKE ====================================================-->\n            <!--==================================================== Slides products ====================================================-->\n               <a href=\"#\" target=\"_blank\" aria-label=\"Go to MONAT Hydrate &#038; Refresh\u2122 Face Mist page\" rel=\"noopener\">\n                  <img decoding=\"async\" src=\"https:\/\/monatglobal.com\/wp-content\/uploads\/2021\/08\/MONAT_HYDRATE-REFRESH_ecomm-optimized.png\" alt=\"MONAT Hydrate &#038; Refresh\u2122 Face Mist\"\/>\n                  <p>MONAT Hydrate &#038; Refresh\u2122<br \/> Face Mist<\/p>\n               <\/a>\n               <a href=\"#\" target=\"_blank\" aria-label=\"Go to Cold Charcoal Mask page\" rel=\"noopener\">\n                  <img decoding=\"async\" src=\"https:\/\/monatglobal.com\/wp-content\/uploads\/2021\/02\/be-pcharcoal.png\" alt=\"Cold Charcoal Mask\"\/>\n                  <p>BE PURIFIED\u2122<br \/>COLD CHARCOAL MASK<\/p>\n               <\/a>\n               <a href=\"#\" target=\"_blank\" aria-label=\"Go to Oil-free moisturizer page\" rel=\"noopener\">\n                  <img decoding=\"async\" src=\"https:\/\/monatglobal.com\/wp-content\/uploads\/2021\/02\/be-pmois.png\" alt=\"BE PURIFIED\u2122 Oil-free moisturizer\"\/>\n                  <p>BE PURIFIED\u2122<br \/>OIL-FREE MOISTURIZER<\/p>\n               <\/a>\n         <!--==================================================== If we need navigation buttons  ====================================================-->\n         <!--==================================================== If we need paginations  ====================================================-->\n       <a href=\"\/?page_id=60725\" aria-label=\"Go to all skincare Products\" target=\"_blank\" rel=\"noopener\"><p>All Skincare Products<\/p><\/a>\n<!--==================================================== this link has to go last for it to work   ====================================================-->\n\n","protected":false},"excerpt":{"rendered":"<p>NEW MONAT Rejuveniqe\u00ae Hyaluronic Serum Plus La verdadera joya de la corona. 30 ml \u212e 1 fl. oz. Retail Price$00.00 (USD) VIP Customer Price$00.00 (USD) Para conocer m\u00e1s sobre Rejuveniqe\u00ae, ponte en contacto con tu Market Partner de MONAT. coming soon BENEFICIOS Nutre y energiza tu cuero cabelludo con una estimulante mezcla de m\u00e1s de&hellip;<\/p>\n","protected":false},"author":31,"featured_media":0,"parent":0,"menu_order":0,"comment_status":"closed","ping_status":"closed","template":"","meta":{"inline_featured_image":false,"om_disable_all_campaigns":false,"_monsterinsights_skip_tracking":false,"_monsterinsights_sitenote_active":false,"_monsterinsights_sitenote_note":"","_monsterinsights_sitenote_category":0,"footnotes":""},"categories":[],"tags":[],"class_list":["post-62872","page","type-page","status-publish","hentry"],"aioseo_notices":[],"aioseo_head":"\n\t\t<!-- All in One SEO Pro 4.9.6 - aioseo.com -->\n\t<meta name=\"description\" content=\"NEW MONAT Rejuveniqe\u00ae Hyaluronic Serum Plus La verdadera joya de la corona. 30 ml \u212e 1 fl. oz. Retail Price$00.00 (USD) VIP Customer Price$00.00 (USD) Para conocer m\u00e1s sobre Rejuveniqe\u00ae, ponte en contacto con tu Market Partner de MONAT. coming soon BENEFICIOS Nutre y energiza tu cuero cabelludo con una estimulante mezcla de m\u00e1s de\" \/>\n\t<meta name=\"robots\" content=\"max-image-preview:large\" \/>\n\t<link rel=\"canonical\" href=\"https:\/\/monatglobal.com\/es\/rejuveniqe\/\" \/>\n\t<meta name=\"generator\" content=\"All in One SEO Pro (AIOSEO) 4.9.6\" \/>\n\t\t<meta property=\"og:locale\" content=\"en_US\" \/>\n\t\t<meta property=\"og:site_name\" content=\"MONAT Espa\u00f1a - We Are Modern Nature\u00ae\" \/>\n\t\t<meta property=\"og:type\" content=\"article\" \/>\n\t\t<meta property=\"og:title\" content=\"rejuveniqe - MONAT Espa\u00f1a\" \/>\n\t\t<meta property=\"og:description\" content=\"NEW MONAT Rejuveniqe\u00ae Hyaluronic Serum Plus La verdadera joya de la corona. 30 ml \u212e 1 fl. oz. Retail Price$00.00 (USD) VIP Customer Price$00.00 (USD) Para conocer m\u00e1s sobre Rejuveniqe\u00ae, ponte en contacto con tu Market Partner de MONAT. coming soon BENEFICIOS Nutre y energiza tu cuero cabelludo con una estimulante mezcla de m\u00e1s de\" \/>\n\t\t<meta property=\"og:url\" content=\"https:\/\/monatglobal.com\/es\/rejuveniqe\/\" \/>\n\t\t<meta property=\"article:published_time\" content=\"2021-09-03T13:40:43+00:00\" \/>\n\t\t<meta property=\"article:modified_time\" content=\"2023-03-23T19:31:37+00:00\" \/>\n\t\t<meta name=\"twitter:card\" content=\"summary_large_image\" \/>\n\t\t<meta name=\"twitter:title\" content=\"rejuveniqe - MONAT Espa\u00f1a\" \/>\n\t\t<meta name=\"twitter:description\" content=\"NEW MONAT Rejuveniqe\u00ae Hyaluronic Serum Plus La verdadera joya de la corona. 30 ml \u212e 1 fl. oz. Retail Price$00.00 (USD) VIP Customer Price$00.00 (USD) Para conocer m\u00e1s sobre Rejuveniqe\u00ae, ponte en contacto con tu Market Partner de MONAT. coming soon BENEFICIOS Nutre y energiza tu cuero cabelludo con una estimulante mezcla de m\u00e1s de\" \/>\n\t\t<script type=\"application\/ld+json\" class=\"aioseo-schema\">\n\t\t\t{\"@context\":\"https:\\\/\\\/schema.org\",\"@graph\":[{\"@type\":\"BreadcrumbList\",\"@id\":\"https:\\\/\\\/monatglobal.com\\\/es\\\/rejuveniqe\\\/#breadcrumblist\",\"itemListElement\":[{\"@type\":\"ListItem\",\"@id\":\"https:\\\/\\\/monatglobal.com\\\/es#listItem\",\"position\":1,\"name\":\"Home\",\"item\":\"https:\\\/\\\/monatglobal.com\\\/es\",\"nextItem\":{\"@type\":\"ListItem\",\"@id\":\"https:\\\/\\\/monatglobal.com\\\/es\\\/rejuveniqe\\\/#listItem\",\"name\":\"rejuveniqe\"}},{\"@type\":\"ListItem\",\"@id\":\"https:\\\/\\\/monatglobal.com\\\/es\\\/rejuveniqe\\\/#listItem\",\"position\":2,\"name\":\"rejuveniqe\",\"previousItem\":{\"@type\":\"ListItem\",\"@id\":\"https:\\\/\\\/monatglobal.com\\\/es#listItem\",\"name\":\"Home\"}}]},{\"@type\":\"Organization\",\"@id\":\"https:\\\/\\\/monatglobal.com\\\/es\\\/#organization\",\"name\":\"MONAT Espa\\u00f1a\",\"description\":\"We Are Modern Nature\\u00ae\",\"url\":\"https:\\\/\\\/monatglobal.com\\\/es\\\/\"},{\"@type\":\"WebPage\",\"@id\":\"https:\\\/\\\/monatglobal.com\\\/es\\\/rejuveniqe\\\/#webpage\",\"url\":\"https:\\\/\\\/monatglobal.com\\\/es\\\/rejuveniqe\\\/\",\"name\":\"rejuveniqe - MONAT Espa\\u00f1a\",\"description\":\"NEW MONAT Rejuveniqe\\u00ae Hyaluronic Serum Plus La verdadera joya de la corona. 30 ml \\u212e 1 fl. oz. Retail Price$00.00 (USD) VIP Customer Price$00.00 (USD) Para conocer m\\u00e1s sobre Rejuveniqe\\u00ae, ponte en contacto con tu Market Partner de MONAT. coming soon BENEFICIOS Nutre y energiza tu cuero cabelludo con una estimulante mezcla de m\\u00e1s de\",\"inLanguage\":\"en-US\",\"isPartOf\":{\"@id\":\"https:\\\/\\\/monatglobal.com\\\/es\\\/#website\"},\"breadcrumb\":{\"@id\":\"https:\\\/\\\/monatglobal.com\\\/es\\\/rejuveniqe\\\/#breadcrumblist\"},\"datePublished\":\"2021-09-03T14:40:43+01:00\",\"dateModified\":\"2023-03-23T19:31:37+00:00\"},{\"@type\":\"WebSite\",\"@id\":\"https:\\\/\\\/monatglobal.com\\\/es\\\/#website\",\"url\":\"https:\\\/\\\/monatglobal.com\\\/es\\\/\",\"name\":\"MONAT Espa\\u00f1a\",\"description\":\"We Are Modern Nature\\u00ae\",\"inLanguage\":\"en-US\",\"publisher\":{\"@id\":\"https:\\\/\\\/monatglobal.com\\\/es\\\/#organization\"}}]}\n\t\t<\/script>\n\t\t<!-- All in One SEO Pro -->\r\n\t\t<title>rejuveniqe - MONAT Espa\u00f1a<\/title>\n\n","aioseo_head_json":{"title":"rejuveniqe - MONAT Espa\u00f1a","description":"NEW MONAT Rejuveniqe\u00ae Hyaluronic Serum Plus La verdadera joya de la corona. 30 ml \u212e 1 fl. oz. Retail Price$00.00 (USD) VIP Customer Price$00.00 (USD) Para conocer m\u00e1s sobre Rejuveniqe\u00ae, ponte en contacto con tu Market Partner de MONAT. coming soon BENEFICIOS Nutre y energiza tu cuero cabelludo con una estimulante mezcla de m\u00e1s de","canonical_url":"https:\/\/monatglobal.com\/es\/rejuveniqe\/","robots":"max-image-preview:large","keywords":"","webmasterTools":{"miscellaneous":""},"schema":{"@context":"https:\/\/schema.org","@graph":[{"@type":"BreadcrumbList","@id":"https:\/\/monatglobal.com\/es\/rejuveniqe\/#breadcrumblist","itemListElement":[{"@type":"ListItem","@id":"https:\/\/monatglobal.com\/es#listItem","position":1,"name":"Home","item":"https:\/\/monatglobal.com\/es","nextItem":{"@type":"ListItem","@id":"https:\/\/monatglobal.com\/es\/rejuveniqe\/#listItem","name":"rejuveniqe"}},{"@type":"ListItem","@id":"https:\/\/monatglobal.com\/es\/rejuveniqe\/#listItem","position":2,"name":"rejuveniqe","previousItem":{"@type":"ListItem","@id":"https:\/\/monatglobal.com\/es#listItem","name":"Home"}}]},{"@type":"Organization","@id":"https:\/\/monatglobal.com\/es\/#organization","name":"MONAT Espa\u00f1a","description":"We Are Modern Nature\u00ae","url":"https:\/\/monatglobal.com\/es\/"},{"@type":"WebPage","@id":"https:\/\/monatglobal.com\/es\/rejuveniqe\/#webpage","url":"https:\/\/monatglobal.com\/es\/rejuveniqe\/","name":"rejuveniqe - MONAT Espa\u00f1a","description":"NEW MONAT Rejuveniqe\u00ae Hyaluronic Serum Plus La verdadera joya de la corona. 30 ml \u212e 1 fl. oz. Retail Price$00.00 (USD) VIP Customer Price$00.00 (USD) Para conocer m\u00e1s sobre Rejuveniqe\u00ae, ponte en contacto con tu Market Partner de MONAT. coming soon BENEFICIOS Nutre y energiza tu cuero cabelludo con una estimulante mezcla de m\u00e1s de","inLanguage":"en-US","isPartOf":{"@id":"https:\/\/monatglobal.com\/es\/#website"},"breadcrumb":{"@id":"https:\/\/monatglobal.com\/es\/rejuveniqe\/#breadcrumblist"},"datePublished":"2021-09-03T14:40:43+01:00","dateModified":"2023-03-23T19:31:37+00:00"},{"@type":"WebSite","@id":"https:\/\/monatglobal.com\/es\/#website","url":"https:\/\/monatglobal.com\/es\/","name":"MONAT Espa\u00f1a","description":"We Are Modern Nature\u00ae","inLanguage":"en-US","publisher":{"@id":"https:\/\/monatglobal.com\/es\/#organization"}}]},"og:locale":"en_US","og:site_name":"MONAT Espa\u00f1a - We Are Modern Nature\u00ae","og:type":"article","og:title":"rejuveniqe - MONAT Espa\u00f1a","og:description":"NEW MONAT Rejuveniqe\u00ae Hyaluronic Serum Plus La verdadera joya de la corona. 30 ml \u212e 1 fl. oz. Retail Price$00.00 (USD) VIP Customer Price$00.00 (USD) Para conocer m\u00e1s sobre Rejuveniqe\u00ae, ponte en contacto con tu Market Partner de MONAT. coming soon BENEFICIOS Nutre y energiza tu cuero cabelludo con una estimulante mezcla de m\u00e1s de","og:url":"https:\/\/monatglobal.com\/es\/rejuveniqe\/","article:published_time":"2021-09-03T13:40:43+00:00","article:modified_time":"2023-03-23T19:31:37+00:00","twitter:card":"summary_large_image","twitter:title":"rejuveniqe - MONAT Espa\u00f1a","twitter:description":"NEW MONAT Rejuveniqe\u00ae Hyaluronic Serum Plus La verdadera joya de la corona. 30 ml \u212e 1 fl. oz. Retail Price$00.00 (USD) VIP Customer Price$00.00 (USD) Para conocer m\u00e1s sobre Rejuveniqe\u00ae, ponte en contacto con tu Market Partner de MONAT. coming soon BENEFICIOS Nutre y energiza tu cuero cabelludo con una estimulante mezcla de m\u00e1s de"},"aioseo_meta_data":{"post_id":"62872","title":null,"description":null,"keywords":null,"keyphrases":null,"primary_term":null,"canonical_url":null,"og_title":null,"og_description":null,"og_object_type":"default","og_image_type":"default","og_image_url":null,"og_image_width":null,"og_image_height":null,"og_image_custom_url":null,"og_image_custom_fields":null,"og_video":null,"og_custom_url":null,"og_article_section":null,"og_article_tags":null,"twitter_use_og":false,"twitter_card":"default","twitter_image_type":"default","twitter_image_url":null,"twitter_image_custom_url":null,"twitter_image_custom_fields":null,"twitter_title":null,"twitter_description":null,"schema":{"blockGraphs":[],"customGraphs":[],"default":{"data":{"Article":[],"Course":[],"Dataset":[],"FAQPage":[],"Movie":[],"Person":[],"Product":[],"ProductReview":[],"Car":[],"Recipe":[],"Service":[],"SoftwareApplication":[],"WebPage":[]},"graphName":"","isEnabled":true},"graphs":[]},"schema_type":"default","schema_type_options":null,"pillar_content":false,"robots_default":true,"robots_noindex":false,"robots_noarchive":false,"robots_nosnippet":false,"robots_nofollow":false,"robots_noimageindex":false,"robots_noodp":false,"robots_notranslate":false,"robots_max_snippet":null,"robots_max_videopreview":null,"robots_max_imagepreview":"large","priority":null,"frequency":null,"local_seo":null,"seo_analyzer_scan_date":"2025-08-14 17:20:52","limit_modified_date":false,"reviewed_by":null,"open_ai":null,"ai":null,"created":"2023-07-26 09:16:40","updated":"2025-08-14 17:20:52"},"aioseo_breadcrumb":"<div class=\"aioseo-breadcrumbs\"><span class=\"aioseo-breadcrumb\">\n\t<a href=\"https:\/\/monatglobal.com\/es\" title=\"Home\">Home<\/a>\n<\/span><span class=\"aioseo-breadcrumb-separator\">&raquo;<\/span><span class=\"aioseo-breadcrumb\">\n\trejuveniqe\n<\/span><\/div>","aioseo_breadcrumb_json":[{"label":"Home","link":"https:\/\/monatglobal.com\/es"},{"label":"rejuveniqe","link":"https:\/\/monatglobal.com\/es\/rejuveniqe\/"}],"_links":{"self":[{"href":"https:\/\/monatglobal.com\/es\/wp-json\/wp\/v2\/pages\/62872","targetHints":{"allow":["GET"]}}],"collection":[{"href":"https:\/\/monatglobal.com\/es\/wp-json\/wp\/v2\/pages"}],"about":[{"href":"https:\/\/monatglobal.com\/es\/wp-json\/wp\/v2\/types\/page"}],"author":[{"embeddable":true,"href":"https:\/\/monatglobal.com\/es\/wp-json\/wp\/v2\/users\/31"}],"replies":[{"embeddable":true,"href":"https:\/\/monatglobal.com\/es\/wp-json\/wp\/v2\/comments?post=62872"}],"version-history":[{"count":2,"href":"https:\/\/monatglobal.com\/es\/wp-json\/wp\/v2\/pages\/62872\/revisions"}],"predecessor-version":[{"id":72567,"href":"https:\/\/monatglobal.com\/es\/wp-json\/wp\/v2\/pages\/62872\/revisions\/72567"}],"wp:attachment":[{"href":"https:\/\/monatglobal.com\/es\/wp-json\/wp\/v2\/media?parent=62872"}],"wp:term":[{"taxonomy":"category","embeddable":true,"href":"https:\/\/monatglobal.com\/es\/wp-json\/wp\/v2\/categories?post=62872"},{"taxonomy":"post_tag","embeddable":true,"href":"https:\/\/monatglobal.com\/es\/wp-json\/wp\/v2\/tags?post=62872"}],"curies":[{"name":"wp","href":"https:\/\/api.w.org\/{rel}","templated":true}]}}