{"id":62642,"date":"2021-09-01T09:00:56","date_gmt":"2021-09-01T08:00:56","guid":{"rendered":"https:\/\/monatglobal.com\/es\/?page_id=62642"},"modified":"2026-04-01T12:30:42","modified_gmt":"2026-04-01T11:30:42","slug":"the-monat-opportunity","status":"publish","type":"page","link":"https:\/\/monatglobal.com\/es\/the-monat-opportunity\/","title":{"rendered":"La oportunidad"},"content":{"rendered":"\n\n\t<style>\n   :root {\n        --mediumSizeP: clamp(1.8rem, 1.6vw, 2.3rem);\n        --smallSizeP: clamp(1.4rem, 1.4vw, 1.8rem);\n        --bigGap: clamp(7rem, 9vw, 12rem);\n        --mediumGap: clamp(5.5rem, 8vw, 10rem);\n        --smallGap: clamp(4rem, 6vw, 6rem); \n   }  \n<\/style>\n    <a href=\"https:\/\/mymonat.com\/pyr_core\/v2_enrollments\/select_market?sponsor_id=&#038;enroll_params=profile_form_type%3Dexpress&#038;market=es&#038;lang_code=en\" target=\"_blank\">\u00daNETE AHORA<\/a>\n    <section id=\"bannerSec\">\n            <h1>Tu <br \/>transformaci\u00f3n <br \/>comienza aqu\u00ed<\/h1> \n            MIRAR VIDEO\n        <!--<video src=\"https:\/\/monatglobal.com\/wp-content\/uploads\/2024\/11\/opp_video-video-converter.com_.mp4\" loop muted autoplay><\/video>-->\n    <\/section>\n    <section id=\"introSec\">\n        <p>Imag\u00ednatelo: Construir una negocio que se adapta a tu vida mientras compartes tu rutina diaria de belleza utilizando productos de primera calidad, con ingredientes de baja toxicidad y que funcionan de verdad. <\/p>\n                 <video src=\"https:\/\/monatglobal.com\/wp-content\/uploads\/2024\/11\/opp_video-video-converter.com_.mp4\" loop muted autoplay><\/video>\n                 <img decoding=\"async\" src=\" https:\/\/monatglobal.com\/wp-content\/uploads\/2024\/11\/products-that-actually-work_img-web-min.jpg\" loading=\"lazy\"\/>\n                 <img decoding=\"async\" src=\"https:\/\/monatglobal.com\/wp-content\/uploads\/2019\/11\/play-btn-shadow.png\" loading=\"lazy\"\/>MIRAR VIDEO \n            <img decoding=\"async\" src=\"https:\/\/monatglobal.com\/wp-content\/uploads\/2024\/11\/low-tox-products_img-web-min.jpg\" loading=\"lazy\"\/>\n    <\/section>\n    <section id=\"slideSec\">\n                <h2>\u00bfPor qu\u00e9 <br \/>MONAT?<\/h2>\n                <p>No seguimos tendencias. Las marcamos.<\/p>\n                <img decoding=\"async\" src=\"https:\/\/monatglobal.com\/wp-content\/uploads\/2024\/11\/trends-we-set-them_slide1-min-2.jpg\" loading=\"lazy\"\/>\n                <img decoding=\"async\" src=\"https:\/\/monatglobal.com\/wp-content\/uploads\/2024\/11\/trends-we-set-them_slide2-min-2.jpg\" loading=\"lazy\"\/>\n                         <img decoding=\"async\" src=\"https:\/\/monatglobal.com\/wp-content\/uploads\/2024\/11\/trends-we-set-them_slide3-min.jpg\" loading=\"lazy\"\/>\n               <img decoding=\"async\" src=\"https:\/\/monatglobal.com\/wp-content\/uploads\/2024\/11\/trends-we-set-them_slide4-2024-min.jpg\" loading=\"lazy\"\/>\n                <img decoding=\"async\" src=\"https:\/\/monatglobal.com\/wp-content\/uploads\/2024\/11\/Why-MONAT-slide_img-5-2024-min.jpg\" loading=\"lazy\"\/>\n                   <img decoding=\"async\" src=\"https:\/\/monatglobal.com\/wp-content\/uploads\/2024\/11\/products-that-actually-work_img-web-min.jpg\" loading=\"lazy\"\/>\n            <!---->\n            <p>No somos una marca de belleza com\u00fan: somos los l\u00edderes en productos del cabello con el mayor crecimiento y los n\u00famero uno en venta directa de productos capilares de primera calidad en todo el mundo.<\/p>\n    <\/section>\n        <hr \/>\n        <section>\n                01\n                <h2>Productos <br \/>pr\u00e9mium, resultados<br \/> reales<\/h2>\n                <p>Desde 2014, MONAT ha sido innovadora en el cuidado del cuero cabelludo, incluso antes de que se volviera tendencia.<br \/><br \/> Nuestras f\u00f3rmulas innovadoras con ingredientes naturales de baja toxicidad brindan los mejores resultados para el cabello y la piel, elevando tu confianza al m\u00e1ximo. <\/p>\n                <img decoding=\"async\" src=\"https:\/\/monatglobal.com\/wp-content\/uploads\/2024\/11\/Premium-Products_img-web-min.jpg\" loading=\"lazy\"\/>\n                <img decoding=\"async\" src=\"https:\/\/monatglobal.com\/wp-content\/uploads\/2018\/03\/leaping-bunny-logo-600-540_400x600-e1520273768164.png\" loading=\"lazy\"\/>\n                <p>Adem\u00e1s, contamos con el certificado Leaping Bunny, demostrando que hablamos en serio con respecto a no ejercer crueldad animal.<\/p>\n                <img decoding=\"async\" src=\"https:\/\/monatglobal.com\/wp-content\/uploads\/2026\/01\/Premium-Products-Real-Results_awward-opportunity-min.jpg\" loading=\"lazy\"\/>\n                <p>\u00bfQuieres resultados comprobados? Revisa nuestros asombrosos cambios que comparan el antes y el despu\u00e9s y los m\u00e1s de 80 productos premiados. Con MONAT, tus clientes repetir\u00e1n siempre porque los resultados son buenos de <em>verdad.<\/em><\/p>\n        <\/section>\n        <hr \/>\n        <section> \n                02\n                <h2>Convierte tu rutina <br \/> de belleza en <br \/> una inversi\u00f3n<\/h2>\n                <p>Estas son las cifras de MONAT:<\/p>\n                    Hemos vendido m\u00e1s de $ 3,4 billones de d\u00f3lares en beneficios<br \/><br \/>\n                        Hemos pagado m\u00e1s de $ 1,5 billones de d\u00f3lares en comisiones  <br \/><br \/>\n                        Hemos ayudado a m\u00e1s de 100 personas a entrar en el club de un mill\u00f3n de d\u00f3lares<br \/><br \/>\n                        \u00a1Todo esto en solo 10 a\u00f1os! <br \/><br \/>\n                    \n                <img decoding=\"async\" src=\"https:\/\/monatglobal.com\/wp-content\/uploads\/2024\/11\/Monetize-Your-Beauty-Routine_img-web-min.jpg\" loading=\"lazy\"\/>\n            <p>Aqu\u00ed en MONAT tienes la flexibilidad, el apoyo y las herramientas para conseguir tus objetivos. \u00bfNo te gusta esperar? \u00a1Sabemos lo que necesitas! Tienes la oportunidad de cobrar 5 veces m\u00e1s cada mes cuando ayudes a otras personas a descubrir MONAT. <\/p>\n        <\/section>\n        <hr \/>\n        <section> \n                03\n                <h2>Una comunidad <br \/> inigualable<\/h2>\n                <p>Crecimiento personal? Claro que s\u00ed. \u00bfVictorias profesionales? Por&nbsp;supuesto. <\/p>\n                <p>No solo construimos negocios: tambi\u00e9n creamos comunidades. Te damos toda la ayuda que puedas necesitar: nunca te dejamos sola. Nuestra comunidad s\u00ed que es la mejor.<\/p>\n                <img decoding=\"async\" src=\"https:\/\/monatglobal.com\/wp-content\/uploads\/2024\/11\/community-vibes_img-web-min.jpg\" loading=\"lazy\"\/>\n            <p>Aqu\u00ed, avanzar de nivel es un estilo de vida y cuando alcanzas tu mejor versi\u00f3n, lideras el camino para que los dem\u00e1s hagan lo mismo. Esto es lo que nos hace imparables.<\/p>\n        <\/section>\n        <hr \/>\n        <section> \n                04\n                <h2>Marca la <br \/>diferencia <\/h2>\n                <p>En MONAT, compartir est\u00e1 en nuestro ADN. <\/p>\n                <img decoding=\"async\" src=\"https:\/\/monatglobal.com\/wp-content\/uploads\/2024\/11\/Make-a-Difference_img-web-min.jpg\" loading=\"lazy\"\/>\n                <p>A trav\u00e9s de nuestra fundaci\u00f3n Gratitude de MONAT, ya hemos donado 8 millones de d\u00f3lares para ayudar a familias, veteranos y programas educativos para los ni\u00f1os. Pero esto solo es el inicio. T\u00fa tambi\u00e9n puedes ser parte del movimiento.<\/p>\n            <p>Como Market Partner, tendr\u00e1s una oportunidad para marcar la diferencia tanto en tu comunidad local como en todo el mundo. Todos juntos estamos cambiando vidas y generando un impacto duradero.<\/p>\n        <\/section>\n        <hr \/>\n        <section> \n                05\n                <h2>Dise\u00f1ado para <br \/>brindar estabilidad<br \/> y \u00e9xito<\/h2>\n                <p>Nuestros productos se hacen en Estados Unidos y tambi\u00e9n cumplen estrictas normas europeas, lo que los convierte en unos de los productos m\u00e1s fiables en el mundo de la belleza.<\/p>\n                <p>MONAT es una empresa familiar con pleno control de su propia fabricaci\u00f3n, investigaci\u00f3n y desarrollo, en colaboraci\u00f3n con expertos de renombre mundial del sector de la belleza. Esto nos permite una innovaci\u00f3n r\u00e1pida y dominante, y una calidad constante de nuestros productos de primera calidad.<\/p>\n                <img decoding=\"async\" src=\"https:\/\/monatglobal.com\/wp-content\/uploads\/2024\/10\/Built-for-Stability-Success_img_web-min.jpg\" loading=\"lazy\"\/>\n            <p>Fue la familia Urdaneta quien fund\u00f3 MONAT, y son propietarios con d\u00e9cadas de experiencia y \u00e9xito en el sector.  Cuentan con el respaldo de un equipo corporativo experimentado y premiado que se enorgullece de su estrecha colaboraci\u00f3n con sus Market Partners. <\/p>\n        <\/section>\n        <hr \/>\n        <section>  \n                06\n                <h2>Un negocio <br \/>sin fronteras<\/h2>\n                <p>Y, teniendo en cuenta que se espera que el sector del cuidado del cabello alcance los 35 490 millones de d\u00f3lares en 2030, asociarse con un l\u00edder como MONAT es un gran triunfo.<\/p>\n                <img decoding=\"async\" src=\"https:\/\/monatglobal.com\/wp-content\/uploads\/2026\/03\/A-Business-Without-Borders_img-web-2026-countries-april-1.jpg\" loading=\"lazy\"\/>\n                <p>Desde Am\u00e9rica del Norte a Latinoam\u00e9rica, pasando por Europa y hasta Asia-Pac\u00edfico, estamos presentes en 17 pa\u00edses hasta la fecha.<\/p> \n            <p>MONAT es estrat\u00e9gica cuando se trata de expansi\u00f3n global. Llevamos a cabo una investigaci\u00f3n y una b\u00fasqueda antes de expandir nuestras operaciones a nuevos pa\u00edses, asegur\u00e1ndonos de que ponemos en marcha a nuestros Market Partners para tener \u00e9xito y un negocio rentable.<\/p>\n            <!-- US ONLY -->\n            <!-- -->\n            <!--    <p>It's your future, own it-with a chance to become a Visionary Founder in North America and potentially qualify for quarterly rewards based on top-selling markets.<\/p>-->\n            <!--    <img decoding=\"async\" src=\"https:\/\/monatglobal.com\/wp-content\/uploads\/2024\/11\/Visionary-Founder-in-North-America_img-web-min.jpg\"\/>-->\n            <!---->\n            <h2>Bienvenida <br \/> a tu pr\u00f3ximo <br \/> cap\u00edtulo<\/h2>\n            <p>\u00bfEst\u00e1s lista para decir S\u00cd? <\/p>\n            <p>Elige tu pack de productos, <br \/>enam\u00f3rate y comienza a brillar.<\/p>\n            <br \/>\n            <br \/>\n               <!-- TrustBox widget - Slider -->\n  <a href=\"https:\/\/es.trustpilot.com\/review\/monatglobal.com\" target=\"_blank\" rel=\"noopener\">Trustpilot<\/a>\n<!-- End TrustBox widget -->\n        <\/section>\n<br \/>\n<br \/>\n<br \/>\n<br \/> \n\n","protected":false},"excerpt":{"rendered":"<p>\u00daNETE AHORA Tu transformaci\u00f3n comienza aqu\u00ed MIRAR VIDEO Imag\u00ednatelo: Construir una negocio que se adapta a tu vida mientras compartes tu rutina diaria de belleza utilizando productos de primera calidad, con ingredientes de baja toxicidad y que funcionan de verdad. MIRAR VIDEO \u00bfPor qu\u00e9 MONAT? No seguimos tendencias. Las marcamos. No somos una marca de&hellip;<\/p>\n","protected":false},"author":31,"featured_media":0,"parent":0,"menu_order":0,"comment_status":"closed","ping_status":"closed","template":"","meta":{"inline_featured_image":false,"om_disable_all_campaigns":false,"_monsterinsights_skip_tracking":false,"_monsterinsights_sitenote_active":false,"_monsterinsights_sitenote_note":"","_monsterinsights_sitenote_category":0,"footnotes":""},"categories":[],"tags":[],"class_list":["post-62642","page","type-page","status-publish","hentry"],"aioseo_notices":[],"aioseo_head":"\n\t\t<!-- All in One SEO Pro 4.9.5.2 - aioseo.com -->\n\t<meta name=\"description\" content=\"\u00daNETE AHORA Tu transformaci\u00f3n comienza aqu\u00ed MIRAR VIDEO Imag\u00ednatelo: Construir una negocio que se adapta a tu vida mientras compartes tu rutina diaria de belleza utilizando productos de primera calidad, con ingredientes de baja toxicidad y que funcionan de verdad. MIRAR VIDEO \u00bfPor qu\u00e9 MONAT? No seguimos tendencias. Las marcamos. No somos una marca de\" \/>\n\t<meta name=\"robots\" content=\"max-image-preview:large\" \/>\n\t<link rel=\"canonical\" href=\"https:\/\/monatglobal.com\/es\/the-monat-opportunity\/\" \/>\n\t<meta name=\"generator\" content=\"All in One SEO Pro (AIOSEO) 4.9.5.2\" \/>\n\t\t<meta property=\"og:locale\" content=\"en_US\" \/>\n\t\t<meta property=\"og:site_name\" content=\"MONAT Espa\u00f1a - We Are Modern Nature\u00ae\" \/>\n\t\t<meta property=\"og:type\" content=\"article\" \/>\n\t\t<meta property=\"og:title\" content=\"La oportunidad - MONAT Espa\u00f1a\" \/>\n\t\t<meta property=\"og:description\" content=\"\u00daNETE AHORA Tu transformaci\u00f3n comienza aqu\u00ed MIRAR VIDEO Imag\u00ednatelo: Construir una negocio que se adapta a tu vida mientras compartes tu rutina diaria de belleza utilizando productos de primera calidad, con ingredientes de baja toxicidad y que funcionan de verdad. MIRAR VIDEO \u00bfPor qu\u00e9 MONAT? No seguimos tendencias. Las marcamos. No somos una marca de\" \/>\n\t\t<meta property=\"og:url\" content=\"https:\/\/monatglobal.com\/es\/the-monat-opportunity\/\" \/>\n\t\t<meta property=\"article:published_time\" content=\"2021-09-01T08:00:56+00:00\" \/>\n\t\t<meta property=\"article:modified_time\" content=\"2026-04-01T11:30:42+00:00\" \/>\n\t\t<meta name=\"twitter:card\" content=\"summary_large_image\" \/>\n\t\t<meta name=\"twitter:title\" content=\"La oportunidad - MONAT Espa\u00f1a\" \/>\n\t\t<meta name=\"twitter:description\" content=\"\u00daNETE AHORA Tu transformaci\u00f3n comienza aqu\u00ed MIRAR VIDEO Imag\u00ednatelo: Construir una negocio que se adapta a tu vida mientras compartes tu rutina diaria de belleza utilizando productos de primera calidad, con ingredientes de baja toxicidad y que funcionan de verdad. MIRAR VIDEO \u00bfPor qu\u00e9 MONAT? No seguimos tendencias. Las marcamos. No somos una marca de\" \/>\n\t\t<script type=\"application\/ld+json\" class=\"aioseo-schema\">\n\t\t\t{\"@context\":\"https:\\\/\\\/schema.org\",\"@graph\":[{\"@type\":\"BreadcrumbList\",\"@id\":\"https:\\\/\\\/monatglobal.com\\\/es\\\/the-monat-opportunity\\\/#breadcrumblist\",\"itemListElement\":[{\"@type\":\"ListItem\",\"@id\":\"https:\\\/\\\/monatglobal.com\\\/es#listItem\",\"position\":1,\"name\":\"Home\",\"item\":\"https:\\\/\\\/monatglobal.com\\\/es\",\"nextItem\":{\"@type\":\"ListItem\",\"@id\":\"https:\\\/\\\/monatglobal.com\\\/es\\\/the-monat-opportunity\\\/#listItem\",\"name\":\"La oportunidad\"}},{\"@type\":\"ListItem\",\"@id\":\"https:\\\/\\\/monatglobal.com\\\/es\\\/the-monat-opportunity\\\/#listItem\",\"position\":2,\"name\":\"La oportunidad\",\"previousItem\":{\"@type\":\"ListItem\",\"@id\":\"https:\\\/\\\/monatglobal.com\\\/es#listItem\",\"name\":\"Home\"}}]},{\"@type\":\"Organization\",\"@id\":\"https:\\\/\\\/monatglobal.com\\\/es\\\/#organization\",\"name\":\"MONAT Espa\\u00f1a\",\"description\":\"We Are Modern Nature\\u00ae\",\"url\":\"https:\\\/\\\/monatglobal.com\\\/es\\\/\"},{\"@type\":\"WebPage\",\"@id\":\"https:\\\/\\\/monatglobal.com\\\/es\\\/the-monat-opportunity\\\/#webpage\",\"url\":\"https:\\\/\\\/monatglobal.com\\\/es\\\/the-monat-opportunity\\\/\",\"name\":\"La oportunidad - MONAT Espa\\u00f1a\",\"description\":\"\\u00daNETE AHORA Tu transformaci\\u00f3n comienza aqu\\u00ed MIRAR VIDEO Imag\\u00ednatelo: Construir una negocio que se adapta a tu vida mientras compartes tu rutina diaria de belleza utilizando productos de primera calidad, con ingredientes de baja toxicidad y que funcionan de verdad. MIRAR VIDEO \\u00bfPor qu\\u00e9 MONAT? No seguimos tendencias. Las marcamos. No somos una marca de\",\"inLanguage\":\"en-US\",\"isPartOf\":{\"@id\":\"https:\\\/\\\/monatglobal.com\\\/es\\\/#website\"},\"breadcrumb\":{\"@id\":\"https:\\\/\\\/monatglobal.com\\\/es\\\/the-monat-opportunity\\\/#breadcrumblist\"},\"datePublished\":\"2021-09-01T09:00:56+01:00\",\"dateModified\":\"2026-04-01T12:30:42+01:00\"},{\"@type\":\"WebSite\",\"@id\":\"https:\\\/\\\/monatglobal.com\\\/es\\\/#website\",\"url\":\"https:\\\/\\\/monatglobal.com\\\/es\\\/\",\"name\":\"MONAT Espa\\u00f1a\",\"description\":\"We Are Modern Nature\\u00ae\",\"inLanguage\":\"en-US\",\"publisher\":{\"@id\":\"https:\\\/\\\/monatglobal.com\\\/es\\\/#organization\"}}]}\n\t\t<\/script>\n\t\t<!-- All in One SEO Pro -->\r\n\t\t<title>La oportunidad - MONAT Espa\u00f1a<\/title>\n\n","aioseo_head_json":{"title":"La oportunidad - MONAT Espa\u00f1a","description":"\u00daNETE AHORA Tu transformaci\u00f3n comienza aqu\u00ed MIRAR VIDEO Imag\u00ednatelo: Construir una negocio que se adapta a tu vida mientras compartes tu rutina diaria de belleza utilizando productos de primera calidad, con ingredientes de baja toxicidad y que funcionan de verdad. MIRAR VIDEO \u00bfPor qu\u00e9 MONAT? No seguimos tendencias. Las marcamos. No somos una marca de","canonical_url":"https:\/\/monatglobal.com\/es\/the-monat-opportunity\/","robots":"max-image-preview:large","keywords":"","webmasterTools":{"miscellaneous":""},"schema":{"@context":"https:\/\/schema.org","@graph":[{"@type":"BreadcrumbList","@id":"https:\/\/monatglobal.com\/es\/the-monat-opportunity\/#breadcrumblist","itemListElement":[{"@type":"ListItem","@id":"https:\/\/monatglobal.com\/es#listItem","position":1,"name":"Home","item":"https:\/\/monatglobal.com\/es","nextItem":{"@type":"ListItem","@id":"https:\/\/monatglobal.com\/es\/the-monat-opportunity\/#listItem","name":"La oportunidad"}},{"@type":"ListItem","@id":"https:\/\/monatglobal.com\/es\/the-monat-opportunity\/#listItem","position":2,"name":"La oportunidad","previousItem":{"@type":"ListItem","@id":"https:\/\/monatglobal.com\/es#listItem","name":"Home"}}]},{"@type":"Organization","@id":"https:\/\/monatglobal.com\/es\/#organization","name":"MONAT Espa\u00f1a","description":"We Are Modern Nature\u00ae","url":"https:\/\/monatglobal.com\/es\/"},{"@type":"WebPage","@id":"https:\/\/monatglobal.com\/es\/the-monat-opportunity\/#webpage","url":"https:\/\/monatglobal.com\/es\/the-monat-opportunity\/","name":"La oportunidad - MONAT Espa\u00f1a","description":"\u00daNETE AHORA Tu transformaci\u00f3n comienza aqu\u00ed MIRAR VIDEO Imag\u00ednatelo: Construir una negocio que se adapta a tu vida mientras compartes tu rutina diaria de belleza utilizando productos de primera calidad, con ingredientes de baja toxicidad y que funcionan de verdad. MIRAR VIDEO \u00bfPor qu\u00e9 MONAT? No seguimos tendencias. Las marcamos. No somos una marca de","inLanguage":"en-US","isPartOf":{"@id":"https:\/\/monatglobal.com\/es\/#website"},"breadcrumb":{"@id":"https:\/\/monatglobal.com\/es\/the-monat-opportunity\/#breadcrumblist"},"datePublished":"2021-09-01T09:00:56+01:00","dateModified":"2026-04-01T12:30:42+01:00"},{"@type":"WebSite","@id":"https:\/\/monatglobal.com\/es\/#website","url":"https:\/\/monatglobal.com\/es\/","name":"MONAT Espa\u00f1a","description":"We Are Modern Nature\u00ae","inLanguage":"en-US","publisher":{"@id":"https:\/\/monatglobal.com\/es\/#organization"}}]},"og:locale":"en_US","og:site_name":"MONAT Espa\u00f1a - We Are Modern Nature\u00ae","og:type":"article","og:title":"La oportunidad - MONAT Espa\u00f1a","og:description":"\u00daNETE AHORA Tu transformaci\u00f3n comienza aqu\u00ed MIRAR VIDEO Imag\u00ednatelo: Construir una negocio que se adapta a tu vida mientras compartes tu rutina diaria de belleza utilizando productos de primera calidad, con ingredientes de baja toxicidad y que funcionan de verdad. MIRAR VIDEO \u00bfPor qu\u00e9 MONAT? No seguimos tendencias. Las marcamos. No somos una marca de","og:url":"https:\/\/monatglobal.com\/es\/the-monat-opportunity\/","article:published_time":"2021-09-01T08:00:56+00:00","article:modified_time":"2026-04-01T11:30:42+00:00","twitter:card":"summary_large_image","twitter:title":"La oportunidad - MONAT Espa\u00f1a","twitter:description":"\u00daNETE AHORA Tu transformaci\u00f3n comienza aqu\u00ed MIRAR VIDEO Imag\u00ednatelo: Construir una negocio que se adapta a tu vida mientras compartes tu rutina diaria de belleza utilizando productos de primera calidad, con ingredientes de baja toxicidad y que funcionan de verdad. MIRAR VIDEO \u00bfPor qu\u00e9 MONAT? No seguimos tendencias. Las marcamos. No somos una marca de"},"aioseo_meta_data":{"post_id":"62642","title":null,"description":null,"keywords":null,"keyphrases":null,"primary_term":null,"canonical_url":null,"og_title":null,"og_description":null,"og_object_type":"default","og_image_type":"default","og_image_url":null,"og_image_width":null,"og_image_height":null,"og_image_custom_url":null,"og_image_custom_fields":null,"og_video":null,"og_custom_url":null,"og_article_section":null,"og_article_tags":null,"twitter_use_og":false,"twitter_card":"default","twitter_image_type":"default","twitter_image_url":null,"twitter_image_custom_url":null,"twitter_image_custom_fields":null,"twitter_title":null,"twitter_description":null,"schema":{"blockGraphs":[],"customGraphs":[],"default":{"data":{"Article":[],"Course":[],"Dataset":[],"FAQPage":[],"Movie":[],"Person":[],"Product":[],"ProductReview":[],"Car":[],"Recipe":[],"Service":[],"SoftwareApplication":[],"WebPage":[]},"graphName":"WebPage","isEnabled":true},"graphs":[]},"schema_type":"default","schema_type_options":null,"pillar_content":false,"robots_default":true,"robots_noindex":false,"robots_noarchive":false,"robots_nosnippet":false,"robots_nofollow":false,"robots_noimageindex":false,"robots_noodp":false,"robots_notranslate":false,"robots_max_snippet":null,"robots_max_videopreview":null,"robots_max_imagepreview":"large","priority":null,"frequency":null,"local_seo":null,"seo_analyzer_scan_date":"2026-04-01 12:41:10","limit_modified_date":false,"reviewed_by":null,"open_ai":null,"ai":null,"created":"2023-07-26 09:16:40","updated":"2026-04-01 12:42:09"},"aioseo_breadcrumb":"<div class=\"aioseo-breadcrumbs\"><span class=\"aioseo-breadcrumb\">\n\t<a href=\"https:\/\/monatglobal.com\/es\" title=\"Home\">Home<\/a>\n<\/span><span class=\"aioseo-breadcrumb-separator\">&raquo;<\/span><span class=\"aioseo-breadcrumb\">\n\tLa oportunidad\n<\/span><\/div>","aioseo_breadcrumb_json":[{"label":"Home","link":"https:\/\/monatglobal.com\/es"},{"label":"La oportunidad","link":"https:\/\/monatglobal.com\/es\/the-monat-opportunity\/"}],"_links":{"self":[{"href":"https:\/\/monatglobal.com\/es\/wp-json\/wp\/v2\/pages\/62642","targetHints":{"allow":["GET"]}}],"collection":[{"href":"https:\/\/monatglobal.com\/es\/wp-json\/wp\/v2\/pages"}],"about":[{"href":"https:\/\/monatglobal.com\/es\/wp-json\/wp\/v2\/types\/page"}],"author":[{"embeddable":true,"href":"https:\/\/monatglobal.com\/es\/wp-json\/wp\/v2\/users\/31"}],"replies":[{"embeddable":true,"href":"https:\/\/monatglobal.com\/es\/wp-json\/wp\/v2\/comments?post=62642"}],"version-history":[{"count":25,"href":"https:\/\/monatglobal.com\/es\/wp-json\/wp\/v2\/pages\/62642\/revisions"}],"predecessor-version":[{"id":109298,"href":"https:\/\/monatglobal.com\/es\/wp-json\/wp\/v2\/pages\/62642\/revisions\/109298"}],"wp:attachment":[{"href":"https:\/\/monatglobal.com\/es\/wp-json\/wp\/v2\/media?parent=62642"}],"wp:term":[{"taxonomy":"category","embeddable":true,"href":"https:\/\/monatglobal.com\/es\/wp-json\/wp\/v2\/categories?post=62642"},{"taxonomy":"post_tag","embeddable":true,"href":"https:\/\/monatglobal.com\/es\/wp-json\/wp\/v2\/tags?post=62642"}],"curies":[{"name":"wp","href":"https:\/\/api.w.org\/{rel}","templated":true}]}}