{"id":61629,"date":"2021-08-01T10:10:58","date_gmt":"2021-08-01T09:10:58","guid":{"rendered":"https:\/\/monatglobal.com\/es\/?page_id=61629"},"modified":"2022-05-31T21:26:24","modified_gmt":"2022-05-31T21:26:24","slug":"reunion-2022","status":"publish","type":"page","link":"https:\/\/monatglobal.com\/es\/reunion-2022\/","title":{"rendered":"Riviera Francesa Reunion 2022"},"content":{"rendered":"\n\n\t<style>\n   .col_3 { grid-template-columns: repeat(3, 1fr); }\n<\/style>\n<link rel='stylesheet' href='https:\/\/unpkg.com\/swiper\/swiper-bundle.min.css'\/>\n   <h1>Calificaci\u00f3n <br \/>1 de agosto de 2021 &#8211; 31 de enero de 2022<\/h1>\n         <p>AGOSTO ES AUTOM\u00c1TICO<\/p>\n         <h2>\u00a1Empieza tu calificaci\u00f3n en agosto!<\/h2>\n         \u00a1DUPLICA tu primer mes con 1.200 PV!<br \/><br \/>New Market Partners in August: <br \/>\n            \u00a1Certif\u00edcate autom\u00e1ticamente en tu primer mes!\n         <a href=\"#august\" aria-label=\"Go to August is automatic section\">\u00a1Consulta informaci\u00f3n abajo!<\/a>\n        <p>\u00a1El brillo, el glamour y los impresionantes complejos tur\u00edsticos de la Costa Azul te est\u00e1n esperando!<\/p>\n        Considerado uno de los destinos m\u00e1s bonitos del \n        mundo, no es de extra\u00f1ar que aqu\u00ed se re\u00fanan millonarios, estrellas de Hollywood y otras celebridades de la jet \n        set.<br \/><br \/>Acomp\u00e1\u00f1anos durante dos noches inolvidables en el coraz\u00f3n de Niza, la capital cosmopolita \n        y chic de la Riviera Francesa. \u00a1Descubre el m\u00e1gico mundo de Montecarlo de d\u00eda, y de noche, acomp\u00e1\u00f1anos en una \n        exclusiva Cena de Gala para celebrar y reconocer tus incre\u00edbles logros!\n          <img decoding=\"async\" src=\"https:\/\/monatglobal.com\/uk\/wp-content\/uploads\/sites\/6\/2021\/07\/Reunion-2022-cote-d-azur-slide2-1.jpg\" alt=\"Casino Monte-Carlo in the night, hotel de Paris, night illumination, luxury cars\"\/>\n          <img decoding=\"async\" src=\"https:\/\/monatglobal.com\/uk\/wp-content\/uploads\/sites\/6\/2021\/07\/Reunion-2022-cote-d-azur-slide1.jpg\" alt=\"Champagne outdoors on terrace during celebration night event front of the sea, street lights in the background.\"\/>\n          <img decoding=\"async\" src=\"https:\/\/monatglobal.com\/uk\/wp-content\/uploads\/sites\/6\/2021\/07\/Reunion-2022-cote-d-azur-slide4-1.jpg\" alt=\"View of the port of Nice and the hinterland\"\/>\n          <img decoding=\"async\" src=\"https:\/\/monatglobal.com\/uk\/wp-content\/uploads\/sites\/6\/2021\/07\/Reunion-2022-cote-d-azur-slide3-1.jpg\" alt=\"Panoramic aerial view of public beach in Nice in a beautiful summer day, France\"\/>\n      <h3>Criterios de calificaci\u00f3n <\/h3>\n      <p>Re\u00fane el requisito de VP en cinco de los seis meses del per\u00edodo de calificaci\u00f3n para conseguir uno de los tres&nbsp;niveles:<\/p>\n      <p>Calificaci\u00f3n:<br \/> 1 de agosto de 2021 &#8211; 31 de enero de 2022<\/p>\n         <p>Conseguir en 5 de los 6 meses del per\u00edodo, el requisito de VP<\/p>\n         <p>Rango de carrera:<br \/> MP, MMP, AMB y MB a partir del 1 de agosto de 2021<\/p>\n         <p>Rango de carrera:<br \/> MMB y superior a partir del 1 de agosto de 2021<\/p>\n         <p>Nivel 1<\/p>\n         <p>Premio<\/p>\n         <p>1 200 VP* <\/p>\n         <p>2 000 VP **<\/p>\n         <p>Viaje + habitaci\u00f3n compartida<\/p>\n         <p>Nivel 2<\/p>\n         <p>Premio<\/p>\n         <p>2 400 VP *<\/p>\n         <p>3 500 VP **<\/p>\n         <p>Viaje + habitaci\u00f3n individual + 250 \u00a3 para las comidas<\/p>\n         <p>Nivel 3<\/p>\n         <p>Premio<\/p>\n         <p>3 600 VP *<\/p>\n         <p>5 000 VP **<\/p>\n         <p>Viaje para 2 (segundo viaje de ida y vuelta para c\u00f3nyuge\/adulto acompa\u00f1ante no MP debe seguir el mismo itinerario) + habitaci\u00f3n doble + 250 \u00a3 para las comidas <\/p>\n         <p>*M\u00ednimo 600 VP debe proceder de las compras de clientes de cada mes (Cliente VIP o Cliente).<\/p>\n         <p>**M\u00ednimo 1.500 VP debe proceder de las compras de clientes de cada mes (Cliente VIP o Cliente).<\/p>\n         <p>El viaje incluye el trayecto de ida y vuelta, 2 noches de alojamiento, una cena de gala y \u00a1muchos detalles especiales y sorpresas de MONAT EU!<\/p>\n         <p>Todos los Market Partners deben ser pagados como MMP o superior en enero de 2022 para clasificarse.<\/p>\n        <h3>AGOSTO ES AUTOM\u00c1TICO<\/h3>\n   <p>\u00a1Da un SALTO en la calificaci\u00f3n!<\/p>\n   <p>Del 1 al 31 de agosto<\/p>\n   <p>DUPLICA tu primer mes<\/p>\n   Los Market Partners que consigan un Volumen Personal (VP) de 1.200 o m\u00e1s en agosto, recibir\u00e1n AUTOM\u00c1TICAMENTE un segundo mes que contar\u00e1 para su calificaci\u00f3n para el Nivel 1.\nSigue apuntando a lo m\u00e1s alto en VP en agosto, para tener la oportunidad de conseguir los premios de los niveles m\u00e1s altos.\n              <img decoding=\"async\" src=\"https:\/\/monatglobal.com\/wp-content\/uploads\/2018\/01\/UK-icon-normal-1.png\" alt=\"UK Flag\"\/>\n              <img decoding=\"async\" src=\"https:\/\/monatglobal.com\/wp-content\/uploads\/2019\/12\/ie-flag.png\" alt=\"Ireland Flag\"\/>\n              <img decoding=\"async\" src=\"https:\/\/monatglobal.com\/wp-content\/uploads\/2019\/12\/pl-flag.png\" alt=\"Poland Flag\"\/>\n         Nuevos Market Partners en Reino Unido, Irlanda y Polonia:<br \/> Enrol with any Product Pack in August and you&#8217;ll AUTOMATICALLY achieve \n         \u00a1Inscr\u00edbete con cualquier paquete de productos en agosto y conseguir\u00e1s AUTOM\u00c1TICAMENTE tu primer mes de la calificaci\u00f3n de Nivel 1! \u00a1Adem\u00e1s, contaremos un segundo mes si consigues m\u00e1s de 1.200 PV en tu mes inicial!\n              <img decoding=\"async\" src=\"https:\/\/monatglobal.com\/es\/wp-content\/uploads\/sites\/10\/2021\/04\/SPAIN-flag.jpg\" alt=\"Spain Flag\"\/>\n              <img decoding=\"async\" src=\"https:\/\/monatglobal.com\/lt\/wp-content\/uploads\/sites\/11\/2021\/04\/Lietuva-flag.png\" alt=\"Lithuania Flag\"\/>\n         Nuevos Market Partners en Espa\u00f1a y Lituania:\n         <br \/> \u00a1Los Market Partners en Espa\u00f1a y Lituania pueden conseguir AUTOM\u00c1TICAMENTE su primer mes de la calificaci\u00f3n de Nivel 1 al \n         inscribir dos nuevos Market Partners con un pack de productos en agosto! \u00a1Inscribe a tres nuevos Market Partners con un pack \n         de producto y a\u00f1adiremos un segundo mes! A partir de septiembre, los Marlket Partners de Espa\u00f1a y Lituania deber\u00e1n cumplir los \n         mismos criterios que los de Reino Unido, Irlanda y Polonia.\n         <img decoding=\"async\" src=\"https:\/\/monatglobal.com\/uk\/wp-content\/uploads\/sites\/6\/2021\/07\/WHO-MAY-PARTICIPATE-Eu.jpg\" alt=\"Young women walking together and admiring sightseeing attractions on the beautiful street during summer day time\"\/>\n            <h3>\u00bfQui\u00e9n puede participar?<\/h3>\n            <p>Todos los Market Partners en Reino Unido, Irlanda, Polonia, Espa\u00f1a y&nbsp;Lituania <\/p>\n   <h3>\u00bfQu\u00e9 incluye el viaje?<\/h3>\n         <p>Viaje de ida y vuelta desde aeropuertos seleccionados de Reino Unido, Irlanda, Polonia, Espa\u00f1a y&nbsp;Lituania*<\/p>\n         <p>2 noches de alojamiento y desayuno en Niza, sur de&nbsp;Francia<\/p>\n         <p>Cena de gala<\/p>\n   <a href=\"https:\/\/monatglobal.com\/es\/wp-content\/uploads\/sites\/10\/2021\/08\/ES_ESPA_Reunion-Europe-2022_FAQ_072821_V2.pdf\" target=\"_blank\" aria-label=\"go to FAQ\" rel=\"noopener\">FAQ<\/a>\n   <p>*Consulta los <a href=\"https:\/\/monatglobal.com\/es\/wp-content\/uploads\/sites\/10\/2021\/08\/SP_Reunion-2022_Terms-and-Conditions_073021_v2.pdf\" target=\"_blank\" aria-label=\"Go to Terms and Conditions\" rel=\"noopener\">T\u00e9rminos y condiciones<\/a> sobre la aceptaci\u00f3n de la tarifa a\u00e9rea pagada por MONAT Global.<\/p>\n<br \/><br \/><br \/>\n\n","protected":false},"excerpt":{"rendered":"<p>Calificaci\u00f3n 1 de agosto de 2021 &#8211; 31 de enero de 2022 AGOSTO ES AUTOM\u00c1TICO \u00a1Empieza tu calificaci\u00f3n en agosto! \u00a1DUPLICA tu primer mes con 1.200 PV! New Market Partners in August: \u00a1Certif\u00edcate autom\u00e1ticamente en tu primer mes! \u00a1Consulta informaci\u00f3n abajo! \u00a1El brillo, el glamour y los impresionantes complejos tur\u00edsticos de la Costa Azul te&hellip;<\/p>\n","protected":false},"author":31,"featured_media":61663,"parent":0,"menu_order":0,"comment_status":"closed","ping_status":"closed","template":"","meta":{"inline_featured_image":false,"om_disable_all_campaigns":false,"_monsterinsights_skip_tracking":false,"_monsterinsights_sitenote_active":false,"_monsterinsights_sitenote_note":"","_monsterinsights_sitenote_category":0,"footnotes":""},"categories":[],"tags":[],"class_list":["post-61629","page","type-page","status-publish","has-post-thumbnail","hentry"],"aioseo_notices":[],"aioseo_head":"\n\t\t<!-- All in One SEO Pro 4.9.6 - aioseo.com -->\n\t<meta name=\"description\" content=\"Calificaci\u00f3n 1 de agosto de 2021 - 31 de enero de 2022 AGOSTO ES AUTOM\u00c1TICO \u00a1Empieza tu calificaci\u00f3n en agosto! \u00a1DUPLICA tu primer mes con 1.200 PV!New Market Partners in August: \u00a1Certif\u00edcate autom\u00e1ticamente en tu primer mes! \u00a1Consulta informaci\u00f3n abajo! \u00a1El brillo, el glamour y los impresionantes complejos tur\u00edsticos de la Costa Azul te est\u00e1n\" \/>\n\t<meta name=\"robots\" content=\"max-image-preview:large\" \/>\n\t<link rel=\"canonical\" href=\"https:\/\/monatglobal.com\/es\/reunion-2022\/\" \/>\n\t<meta name=\"generator\" content=\"All in One SEO Pro (AIOSEO) 4.9.6\" \/>\n\t\t<meta property=\"og:locale\" content=\"en_US\" \/>\n\t\t<meta property=\"og:site_name\" content=\"MONAT Espa\u00f1a - We Are Modern Nature\u00ae\" \/>\n\t\t<meta property=\"og:type\" content=\"article\" \/>\n\t\t<meta property=\"og:title\" content=\"Riviera Francesa Reunion 2022 - MONAT Espa\u00f1a\" \/>\n\t\t<meta property=\"og:description\" content=\"Calificaci\u00f3n 1 de agosto de 2021 - 31 de enero de 2022 AGOSTO ES AUTOM\u00c1TICO \u00a1Empieza tu calificaci\u00f3n en agosto! \u00a1DUPLICA tu primer mes con 1.200 PV!New Market Partners in August: \u00a1Certif\u00edcate autom\u00e1ticamente en tu primer mes! \u00a1Consulta informaci\u00f3n abajo! \u00a1El brillo, el glamour y los impresionantes complejos tur\u00edsticos de la Costa Azul te est\u00e1n\" \/>\n\t\t<meta property=\"og:url\" content=\"https:\/\/monatglobal.com\/es\/reunion-2022\/\" \/>\n\t\t<meta property=\"article:published_time\" content=\"2021-08-01T09:10:58+00:00\" \/>\n\t\t<meta property=\"article:modified_time\" content=\"2022-05-31T21:26:24+00:00\" \/>\n\t\t<meta name=\"twitter:card\" content=\"summary_large_image\" \/>\n\t\t<meta name=\"twitter:title\" content=\"Riviera Francesa Reunion 2022 - MONAT Espa\u00f1a\" \/>\n\t\t<meta name=\"twitter:description\" content=\"Calificaci\u00f3n 1 de agosto de 2021 - 31 de enero de 2022 AGOSTO ES AUTOM\u00c1TICO \u00a1Empieza tu calificaci\u00f3n en agosto! \u00a1DUPLICA tu primer mes con 1.200 PV!New Market Partners in August: \u00a1Certif\u00edcate autom\u00e1ticamente en tu primer mes! \u00a1Consulta informaci\u00f3n abajo! \u00a1El brillo, el glamour y los impresionantes complejos tur\u00edsticos de la Costa Azul te est\u00e1n\" \/>\n\t\t<script type=\"application\/ld+json\" class=\"aioseo-schema\">\n\t\t\t{\"@context\":\"https:\\\/\\\/schema.org\",\"@graph\":[{\"@type\":\"BreadcrumbList\",\"@id\":\"https:\\\/\\\/monatglobal.com\\\/es\\\/reunion-2022\\\/#breadcrumblist\",\"itemListElement\":[{\"@type\":\"ListItem\",\"@id\":\"https:\\\/\\\/monatglobal.com\\\/es#listItem\",\"position\":1,\"name\":\"Home\",\"item\":\"https:\\\/\\\/monatglobal.com\\\/es\",\"nextItem\":{\"@type\":\"ListItem\",\"@id\":\"https:\\\/\\\/monatglobal.com\\\/es\\\/reunion-2022\\\/#listItem\",\"name\":\"Riviera Francesa Reunion 2022\"}},{\"@type\":\"ListItem\",\"@id\":\"https:\\\/\\\/monatglobal.com\\\/es\\\/reunion-2022\\\/#listItem\",\"position\":2,\"name\":\"Riviera Francesa Reunion 2022\",\"previousItem\":{\"@type\":\"ListItem\",\"@id\":\"https:\\\/\\\/monatglobal.com\\\/es#listItem\",\"name\":\"Home\"}}]},{\"@type\":\"Organization\",\"@id\":\"https:\\\/\\\/monatglobal.com\\\/es\\\/#organization\",\"name\":\"MONAT Espa\\u00f1a\",\"description\":\"We Are Modern Nature\\u00ae\",\"url\":\"https:\\\/\\\/monatglobal.com\\\/es\\\/\"},{\"@type\":\"WebPage\",\"@id\":\"https:\\\/\\\/monatglobal.com\\\/es\\\/reunion-2022\\\/#webpage\",\"url\":\"https:\\\/\\\/monatglobal.com\\\/es\\\/reunion-2022\\\/\",\"name\":\"Riviera Francesa Reunion 2022 - MONAT Espa\\u00f1a\",\"description\":\"Calificaci\\u00f3n 1 de agosto de 2021 - 31 de enero de 2022 AGOSTO ES AUTOM\\u00c1TICO \\u00a1Empieza tu calificaci\\u00f3n en agosto! \\u00a1DUPLICA tu primer mes con 1.200 PV!New Market Partners in August: \\u00a1Certif\\u00edcate autom\\u00e1ticamente en tu primer mes! \\u00a1Consulta informaci\\u00f3n abajo! \\u00a1El brillo, el glamour y los impresionantes complejos tur\\u00edsticos de la Costa Azul te est\\u00e1n\",\"inLanguage\":\"en-US\",\"isPartOf\":{\"@id\":\"https:\\\/\\\/monatglobal.com\\\/es\\\/#website\"},\"breadcrumb\":{\"@id\":\"https:\\\/\\\/monatglobal.com\\\/es\\\/reunion-2022\\\/#breadcrumblist\"},\"image\":{\"@type\":\"ImageObject\",\"url\":\"https:\\\/\\\/monatglobal.com\\\/es\\\/wp-content\\\/uploads\\\/sites\\\/10\\\/2021\\\/08\\\/Glamour-of-the-cote-dAzur-reunion-2021.jpg\",\"@id\":\"https:\\\/\\\/monatglobal.com\\\/es\\\/reunion-2022\\\/#mainImage\",\"width\":800,\"height\":446,\"caption\":\"Reunion 2022\"},\"primaryImageOfPage\":{\"@id\":\"https:\\\/\\\/monatglobal.com\\\/es\\\/reunion-2022\\\/#mainImage\"},\"datePublished\":\"2021-08-01T10:10:58+01:00\",\"dateModified\":\"2022-05-31T21:26:24+01:00\"},{\"@type\":\"WebSite\",\"@id\":\"https:\\\/\\\/monatglobal.com\\\/es\\\/#website\",\"url\":\"https:\\\/\\\/monatglobal.com\\\/es\\\/\",\"name\":\"MONAT Espa\\u00f1a\",\"description\":\"We Are Modern Nature\\u00ae\",\"inLanguage\":\"en-US\",\"publisher\":{\"@id\":\"https:\\\/\\\/monatglobal.com\\\/es\\\/#organization\"}}]}\n\t\t<\/script>\n\t\t<!-- All in One SEO Pro -->\r\n\t\t<title>Riviera Francesa Reunion 2022 - MONAT Espa\u00f1a<\/title>\n\n","aioseo_head_json":{"title":"Riviera Francesa Reunion 2022 - MONAT Espa\u00f1a","description":"Calificaci\u00f3n 1 de agosto de 2021 - 31 de enero de 2022 AGOSTO ES AUTOM\u00c1TICO \u00a1Empieza tu calificaci\u00f3n en agosto! \u00a1DUPLICA tu primer mes con 1.200 PV!New Market Partners in August: \u00a1Certif\u00edcate autom\u00e1ticamente en tu primer mes! \u00a1Consulta informaci\u00f3n abajo! \u00a1El brillo, el glamour y los impresionantes complejos tur\u00edsticos de la Costa Azul te est\u00e1n","canonical_url":"https:\/\/monatglobal.com\/es\/reunion-2022\/","robots":"max-image-preview:large","keywords":"","webmasterTools":{"miscellaneous":""},"schema":{"@context":"https:\/\/schema.org","@graph":[{"@type":"BreadcrumbList","@id":"https:\/\/monatglobal.com\/es\/reunion-2022\/#breadcrumblist","itemListElement":[{"@type":"ListItem","@id":"https:\/\/monatglobal.com\/es#listItem","position":1,"name":"Home","item":"https:\/\/monatglobal.com\/es","nextItem":{"@type":"ListItem","@id":"https:\/\/monatglobal.com\/es\/reunion-2022\/#listItem","name":"Riviera Francesa Reunion 2022"}},{"@type":"ListItem","@id":"https:\/\/monatglobal.com\/es\/reunion-2022\/#listItem","position":2,"name":"Riviera Francesa Reunion 2022","previousItem":{"@type":"ListItem","@id":"https:\/\/monatglobal.com\/es#listItem","name":"Home"}}]},{"@type":"Organization","@id":"https:\/\/monatglobal.com\/es\/#organization","name":"MONAT Espa\u00f1a","description":"We Are Modern Nature\u00ae","url":"https:\/\/monatglobal.com\/es\/"},{"@type":"WebPage","@id":"https:\/\/monatglobal.com\/es\/reunion-2022\/#webpage","url":"https:\/\/monatglobal.com\/es\/reunion-2022\/","name":"Riviera Francesa Reunion 2022 - MONAT Espa\u00f1a","description":"Calificaci\u00f3n 1 de agosto de 2021 - 31 de enero de 2022 AGOSTO ES AUTOM\u00c1TICO \u00a1Empieza tu calificaci\u00f3n en agosto! \u00a1DUPLICA tu primer mes con 1.200 PV!New Market Partners in August: \u00a1Certif\u00edcate autom\u00e1ticamente en tu primer mes! \u00a1Consulta informaci\u00f3n abajo! \u00a1El brillo, el glamour y los impresionantes complejos tur\u00edsticos de la Costa Azul te est\u00e1n","inLanguage":"en-US","isPartOf":{"@id":"https:\/\/monatglobal.com\/es\/#website"},"breadcrumb":{"@id":"https:\/\/monatglobal.com\/es\/reunion-2022\/#breadcrumblist"},"image":{"@type":"ImageObject","url":"https:\/\/monatglobal.com\/es\/wp-content\/uploads\/sites\/10\/2021\/08\/Glamour-of-the-cote-dAzur-reunion-2021.jpg","@id":"https:\/\/monatglobal.com\/es\/reunion-2022\/#mainImage","width":800,"height":446,"caption":"Reunion 2022"},"primaryImageOfPage":{"@id":"https:\/\/monatglobal.com\/es\/reunion-2022\/#mainImage"},"datePublished":"2021-08-01T10:10:58+01:00","dateModified":"2022-05-31T21:26:24+01:00"},{"@type":"WebSite","@id":"https:\/\/monatglobal.com\/es\/#website","url":"https:\/\/monatglobal.com\/es\/","name":"MONAT Espa\u00f1a","description":"We Are Modern Nature\u00ae","inLanguage":"en-US","publisher":{"@id":"https:\/\/monatglobal.com\/es\/#organization"}}]},"og:locale":"en_US","og:site_name":"MONAT Espa\u00f1a - We Are Modern Nature\u00ae","og:type":"article","og:title":"Riviera Francesa Reunion 2022 - MONAT Espa\u00f1a","og:description":"Calificaci\u00f3n 1 de agosto de 2021 - 31 de enero de 2022 AGOSTO ES AUTOM\u00c1TICO \u00a1Empieza tu calificaci\u00f3n en agosto! \u00a1DUPLICA tu primer mes con 1.200 PV!New Market Partners in August: \u00a1Certif\u00edcate autom\u00e1ticamente en tu primer mes! \u00a1Consulta informaci\u00f3n abajo! \u00a1El brillo, el glamour y los impresionantes complejos tur\u00edsticos de la Costa Azul te est\u00e1n","og:url":"https:\/\/monatglobal.com\/es\/reunion-2022\/","article:published_time":"2021-08-01T09:10:58+00:00","article:modified_time":"2022-05-31T21:26:24+00:00","twitter:card":"summary_large_image","twitter:title":"Riviera Francesa Reunion 2022 - MONAT Espa\u00f1a","twitter:description":"Calificaci\u00f3n 1 de agosto de 2021 - 31 de enero de 2022 AGOSTO ES AUTOM\u00c1TICO \u00a1Empieza tu calificaci\u00f3n en agosto! \u00a1DUPLICA tu primer mes con 1.200 PV!New Market Partners in August: \u00a1Certif\u00edcate autom\u00e1ticamente en tu primer mes! \u00a1Consulta informaci\u00f3n abajo! \u00a1El brillo, el glamour y los impresionantes complejos tur\u00edsticos de la Costa Azul te est\u00e1n"},"aioseo_meta_data":{"post_id":"61629","title":null,"description":null,"keywords":null,"keyphrases":null,"primary_term":null,"canonical_url":null,"og_title":null,"og_description":null,"og_object_type":"default","og_image_type":"default","og_image_url":null,"og_image_width":null,"og_image_height":null,"og_image_custom_url":null,"og_image_custom_fields":null,"og_video":null,"og_custom_url":null,"og_article_section":null,"og_article_tags":null,"twitter_use_og":false,"twitter_card":"default","twitter_image_type":"default","twitter_image_url":null,"twitter_image_custom_url":null,"twitter_image_custom_fields":null,"twitter_title":null,"twitter_description":null,"schema":{"blockGraphs":[],"customGraphs":[],"default":{"data":{"Article":[],"Course":[],"Dataset":[],"FAQPage":[],"Movie":[],"Person":[],"Product":[],"ProductReview":[],"Car":[],"Recipe":[],"Service":[],"SoftwareApplication":[],"WebPage":[]},"graphName":"","isEnabled":true},"graphs":[]},"schema_type":"default","schema_type_options":null,"pillar_content":false,"robots_default":true,"robots_noindex":false,"robots_noarchive":false,"robots_nosnippet":false,"robots_nofollow":false,"robots_noimageindex":false,"robots_noodp":false,"robots_notranslate":false,"robots_max_snippet":null,"robots_max_videopreview":null,"robots_max_imagepreview":"large","priority":null,"frequency":null,"local_seo":null,"seo_analyzer_scan_date":"2025-08-14 17:20:45","limit_modified_date":false,"reviewed_by":null,"open_ai":null,"ai":null,"created":"2023-07-26 09:15:43","updated":"2025-08-14 17:20:45"},"aioseo_breadcrumb":"<div class=\"aioseo-breadcrumbs\"><span class=\"aioseo-breadcrumb\">\n\t<a href=\"https:\/\/monatglobal.com\/es\" title=\"Home\">Home<\/a>\n<\/span><span class=\"aioseo-breadcrumb-separator\">&raquo;<\/span><span class=\"aioseo-breadcrumb\">\n\tRiviera Francesa Reunion 2022\n<\/span><\/div>","aioseo_breadcrumb_json":[{"label":"Home","link":"https:\/\/monatglobal.com\/es"},{"label":"Riviera Francesa Reunion 2022","link":"https:\/\/monatglobal.com\/es\/reunion-2022\/"}],"_links":{"self":[{"href":"https:\/\/monatglobal.com\/es\/wp-json\/wp\/v2\/pages\/61629","targetHints":{"allow":["GET"]}}],"collection":[{"href":"https:\/\/monatglobal.com\/es\/wp-json\/wp\/v2\/pages"}],"about":[{"href":"https:\/\/monatglobal.com\/es\/wp-json\/wp\/v2\/types\/page"}],"author":[{"embeddable":true,"href":"https:\/\/monatglobal.com\/es\/wp-json\/wp\/v2\/users\/31"}],"replies":[{"embeddable":true,"href":"https:\/\/monatglobal.com\/es\/wp-json\/wp\/v2\/comments?post=61629"}],"version-history":[{"count":4,"href":"https:\/\/monatglobal.com\/es\/wp-json\/wp\/v2\/pages\/61629\/revisions"}],"predecessor-version":[{"id":69725,"href":"https:\/\/monatglobal.com\/es\/wp-json\/wp\/v2\/pages\/61629\/revisions\/69725"}],"wp:featuredmedia":[{"embeddable":true,"href":"https:\/\/monatglobal.com\/es\/wp-json\/wp\/v2\/media\/61663"}],"wp:attachment":[{"href":"https:\/\/monatglobal.com\/es\/wp-json\/wp\/v2\/media?parent=61629"}],"wp:term":[{"taxonomy":"category","embeddable":true,"href":"https:\/\/monatglobal.com\/es\/wp-json\/wp\/v2\/categories?post=61629"},{"taxonomy":"post_tag","embeddable":true,"href":"https:\/\/monatglobal.com\/es\/wp-json\/wp\/v2\/tags?post=61629"}],"curies":[{"name":"wp","href":"https:\/\/api.w.org\/{rel}","templated":true}]}}