{"id":61341,"date":"2022-03-29T08:00:24","date_gmt":"2022-03-29T07:00:24","guid":{"rendered":"https:\/\/monatglobal.com\/ie\/?page_id=61341"},"modified":"2026-02-24T16:46:07","modified_gmt":"2026-02-24T16:46:07","slug":"volume-spray","status":"publish","type":"page","link":"https:\/\/monatglobal.com\/es\/volume-spray\/","title":{"rendered":"MONAT STUDIO ONE\u2122 Volume &#038; Lift Spray"},"content":{"rendered":"\n\n\t<link rel=\"stylesheet\" href=\"https:\/\/unpkg.com\/swiper\/swiper-bundle.min.css\" \/>\n<link rel=\"stylesheet\" href=\"https:\/\/monatglobal.com\/wp-content\/creative_css\/product_styles_sheet.css\" \/>\n   <!--==================================================== ECOMM SECTION ====================================================-->\n      <!--==================================================== Ecomm image ====================================================-->\n       \n      <img decoding=\"async\" src=\"https:\/\/monatglobal.com\/es\/wp-content\/uploads\/sites\/10\/2022\/03\/STUDIO-ONE-VOLUME-LIFT-SPRAY_-ecomm.png\" alt=\"BE PURIFIED\u2122 dr\u0117kinamasis kremas be aliejaus\" loading=\"lazy\"\/>\n         \n      <!--==================================================== Ecomm information  ====================================================-->\n         \n         <h1>Espray eleva <br \/>y voluminiza<\/h1>\n         <p>MONAT STUDIO ONE\u2122<\/p>\n         <p>Este potente spray l\u00edquido contiene activos que ayudan a elevar el cabello desde la ra\u00edz, aportando a los mechones finos y lisos un volumen ligero y un cuerpo y un movimiento de larga duraci\u00f3n.<\/p>\n         <p>134 ml \u212e 4.5 fl oz<\/p>\n         <!--==================================================== pricing box  ====================================================-->\n         <p>Precio de venta Cliente<br \/>00.00 \u20ac<\/p>\n         <p>Precio Cliente VIP<br \/>00.00 \u20ac<\/p>\n         <!--==================================================== pricing box  ====================================================-->\n         <p>Para conocer m\u00e1s sobre Espray eleva y voluminiza MONAT STUDIO ONE\u2122, ponte en contacto con tu Market Partner de&nbsp;MONAT.<\/p>\n          <a href=\"\" target=\"_blank\" role=\"button\" aria-label=\"\" rel=\"noopener\"><\/a>\n   <!--==================================================== \/ECOMM SECTION  ====================================================-->\n   <!--==================================================== Benefits image ====================================================-->\n  \n    <source media=\"(max-width: 700px)\" srcset=\"https:\/\/monatglobal.com\/es\/wp-content\/uploads\/sites\/10\/2022\/03\/benefits-mobile-Volume-Lift-Spray.jpg\" loading=\"lazy\"\/>\n      <img decoding=\"async\" src=\"https:\/\/monatglobal.com\/es\/wp-content\/uploads\/sites\/10\/2022\/03\/Volume-Lift-Spray-benefits.jpg\" \n      alt=\"\" loading=\"lazy\"\/>\n    \n   <!--==================================================== Benefits text ====================================================-->\n         <h2>BENEFICIOS<\/h2>\n         <h3>Transforma el cabello aplastado y sin vida en un cabello sinuoso y voluminoso.   <\/h3>\n         <p>Este ligero spray a\u00f1ade volumen de larga duraci\u00f3n, y un cuerpo y una vitalidad sin dejar una sensaci\u00f3n de rigidez.  <\/p>\n         <!--==================================================== features image  ====================================================-->\n         <img decoding=\"async\" alt=\"\" src=\"https:\/\/monatglobal.com\/es\/wp-content\/uploads\/sites\/10\/2022\/03\/Volume-Lift-Spray-.jpg\" loading=\"lazy\"\/>\n      <!--==================================================== features text ====================================================-->\n            <h3>A\u00f1ade al instante volumen, elevaci\u00f3n, plenitud, cuerpo y vitalidad al cabello. <\/h3>\n               <p>\/ Aporta una elevaci\u00f3n y un volumen de larga duraci\u00f3n<\/p>\n               <p>\/ Aporta cuerpo y densidad, y no permite que el cabello pierda elevaci\u00f3n durante el d\u00eda<\/p>\n               <p>\/ Mejora la densidad y la fuerza del cabello<\/p>\n               <p>\/  Aumenta el volumen desde la ra\u00edz<\/p>\n               <p>\/  El cabello se siente suave y maleable al tacto<\/p>\n               <p>\/  Apto para cabellos te\u00f1idos<\/p>\n               <br \/>\n            <p>Fragrance \/ Unwind and enjoy a coconut-forward, citrusy aroma with notes of blood orange, coconut husk, cashew nut and&nbsp;sandalwood. <\/p>\n            <p> Texture \/ Cream <\/p>\n   <!--==================================================== composition image mobile ====================================================-->\n   <img decoding=\"async\" alt=\"\" src=\"https:\/\/monatglobal.com\/es\/wp-content\/uploads\/sites\/10\/2022\/03\/Volume-Lift-Spray_.jpg\" loading=\"lazy\"\/>\n   <!--==================================================== Why it works text ====================================================-->\n      \n      <h3>Este ligero spray crea cuerpo y a\u00f1ade un volumen duradero al cabello fino y aplastado.<\/h3>\n      <p>Transforma el cabello aplastado y sin vida en un cabello sinuoso y voluminoso. Este ligero spray est\u00e1 dise\u00f1ado para a\u00f1adir volumen y cuerpo sin dejar el cabello r\u00edgido.<\/p>\n<!--==================================================== Composition section ====================================================-->\n      <img decoding=\"async\" alt=\"\" src=\"https:\/\/monatglobal.com\/es\/wp-content\/uploads\/sites\/10\/2022\/03\/Volume-Lift-Spray_.jpg\" loading=\"lazy\"\/>\n      <img decoding=\"async\" alt=\"\" \n      src=\"https:\/\/monatglobal.com\/es\/wp-content\/uploads\/sites\/10\/2022\/03\/Volume-Lift-Spray-comp-3.jpg\" loading=\"lazy\"\/>\n            <!--==================================================== Directions text ====================================================--> \n               <h3>Modo de uso<\/h3>\n                    <p>\/ Pulveriza sobre el cabello mojado, enfoc\u00e1ndote en la ra\u00edz y las puntas. <\/p>\n                    <p>\/ Cepilla el cabello para asegurar una distribuci\u00f3n uniforme. <\/p>\n                    <p>\/ Seca con el secador y peina como de costumbre.<\/p>\n            <!--==================================================== Directions video ====================================================-->\n      <p>Be Balanced\u2122 <br \/>Lightweight Moisturizer <br \/>0:35<\/p>\n      <a href=\"\" target=\"_blank\" role=\"button\" aria-label=\"\" rel=\"noopener\"><\/a>\n   <!--==================================================== Ingredients section  ====================================================-->\n      <h2>INGREDIENTES ACTIVOS CLAVE<\/h2>\n      <p>REJUVENIQE S\u2122 <\/p>\n      <p>KeraMatch\u2122<\/p>\n      <p>Aloe vera pantenol<\/p>\n      <p>Extracto de sand\u00eda <\/p>\n        <button id=\"myBtn\" type=\"button\">VER LA LISTA DE INGREDIENTES COMPLETA<\/button>\n      <!--==================================================== Modal content  ====================================================-->\n         &times;\n         <p>Alcohol Denat., Aqua\/Water\/Eau, Polyimide-1, Fragrance\/Parfum, Polyurethane-14, Citrus Limon (Lemon) Peel Oil, Citrus Aurantifolia (Lime) Oil, Citrus Aurantium Bergamia (Bergamot) Fruit Oil, Adansonia Digitata Oil, Mauritia Flexuosa Fruit Oil, Cocos Nucifera (Coconut) Oil, Gardenia Taitensis Flower Extract, Moringa Oleifera Seed Oil, Caryocar Brasiliense Fruit Oil, Helianthus Annuus (Sunflower) Seed Oil, Simmondsia Chinensis (Jojoba) Seed Extract, Daucus Carota Sativa (Carrot) Seed Oil, Olea Europaea (Olive) Fruit Oil, Camellia Oleifera Seed Oil, Solanum Lycopersicum (Tomato) Seed Oil, Crambe Abyssinica Seed Oil, Limnanthes Alba (Meadowfoam) Seed Oil, Pisum Sativum (Pea) Sprout Extract, Aminomethyl Propanol, AMP-Acrylates Copolymer, Cinnamidopropyltrimonium Chloride, Isomalt, PEG-8 Dimethicone, Aloe Barbadensis Leaf Juice, Citric Acid, Glycerin, Citrullus Lanatus (Watermelon) Fruit Extract, Hydrolyzed Pea Protein, Hydrolyzed Vegetable Protein, Panthenol, Potassium Sorbate, Sodium Benzoate.<\/p>\n   <!--==================================================== You might also like section ====================================================-->\n      <h2>PUEDE QUE TAMBI\u00c9N TE GUSTE<\/h2>\n      <!--==================================================== Slider YOU MIGHT ALSO LIKE ====================================================-->\n<!--          -->\n<!--             -->\n                <!-- Slides products-->\n<!--                -->\n<!--                   <a href=\"https:\/\/monatglobal.com\/es\/volumizing-revive-shampoo\/\" aria-label=\"Go to Champ\u00fa Volumen Revive\u2122 page\">-->\n<!--                    <img decoding=\"async\" src=\"https:\/\/monatglobal.com\/wp-content\/uploads\/2022\/12\/Volumizing-revive-shampoo_ecomm-min.png\" alt=\"Champ\u00fa Volumen Revive\u2122\" loading=\"lazy\"\/>-->\n<!--                    <p>Champ\u00fa Volumen<br \/> Revive\u2122<\/p>-->\n<!--                  <\/a>-->\n<!--                -->\n<!--                -->\n<!--                   <a href=\"https:\/\/monatglobal.com\/es\/volumizing-revitalize-conditioner\/\" aria-label=\"Go to Acondicionador Volumen Revitalize\u2122 page\">-->\n<!--                    <img decoding=\"async\" src=\"https:\/\/monatglobal.com\/wp-content\/uploads\/2022\/12\/Volumizing-revitalize-conditioner_Ecomm-min.png\" alt=\"Acondicionador Volumen Revitalize\u2122\" loading=\"lazy\"\/>-->\n<!--                    <p>Acondicionador<br \/> Volumen Revitalize\u2122<\/p>-->\n<!--                  <\/a>-->\n<!--                -->\n<!--                -->\n<!--                   <a href=\"https:\/\/monatglobal.com\/es\/conditioning-dry-shampoo\/\" aria-label=\"Go to Champ\u00fa Acondicionador En Seco Studio One\u2122 The Champ\u2122 page\">-->\n<!--                      <img decoding=\"async\" src=\"https:\/\/monatglobal.com\/wp-content\/uploads\/2022\/12\/CHAMPU-ACONDICIONADOR-EN-SECO-MONAT-STUDIO-ONE-THE-CHAMP-ecomm.png\" alt=\"Champ\u00fa Acondicionador En Seco Studio One\u2122 The Champ\u2122\" loading=\"lazy\"\/>-->\n<!--                      -->\n<!--Champ\u00fa Acondicionador<br \/> En Seco Studio One\u2122-->\n<!--<br \/>The Champ\u2122-->\n<!--                   <\/a>-->\n<!--                -->\n<!--             -->\n             <!-- If we need navigation buttons -->\n<!--             -->\n<!--             -->\n             <!-- If we need paginations -->\n<!--             -->\n<!--          -->\n         <!--==================================================== If we need navigation buttons  ====================================================-->\n         <!--==================================================== If we need paginations  ====================================================-->\n    <a href=\"\" aria-label=\"\"><\/a>\n<!--==================================================== this link has to go last for it to work   ====================================================-->\n\n","protected":false},"excerpt":{"rendered":"<p>Espray eleva y voluminiza MONAT STUDIO ONE\u2122 Este potente spray l\u00edquido contiene activos que ayudan a elevar el cabello desde la ra\u00edz, aportando a los mechones finos y lisos un volumen ligero y un cuerpo y un movimiento de larga duraci\u00f3n. 134 ml \u212e 4.5 fl oz Precio de venta Cliente00.00 \u20ac Precio Cliente VIP00.00&hellip;<\/p>\n","protected":false},"author":31,"featured_media":109231,"parent":0,"menu_order":0,"comment_status":"closed","ping_status":"closed","template":"","meta":{"inline_featured_image":false,"om_disable_all_campaigns":false,"_monsterinsights_skip_tracking":false,"_monsterinsights_sitenote_active":false,"_monsterinsights_sitenote_note":"","_monsterinsights_sitenote_category":0,"footnotes":""},"categories":[31],"tags":[],"class_list":["post-61341","page","type-page","status-publish","has-post-thumbnail","hentry","category-product-es"],"aioseo_notices":[],"aioseo_head":"\n\t\t<!-- All in One SEO Pro 4.9.5.2 - aioseo.com -->\n\t<meta name=\"description\" content=\"Espray eleva y voluminiza MONAT STUDIO ONE\u2122 Este potente spray l\u00edquido contiene activos que ayudan a elevar el cabello desde la ra\u00edz, aportando a los mechones finos y lisos un volumen ligero y un cuerpo y un movimiento de larga duraci\u00f3n. 134 ml \u212e 4.5 fl oz Precio de venta Cliente00.00 \u20ac Precio Cliente VIP00.00\" \/>\n\t<meta name=\"robots\" content=\"max-image-preview:large\" \/>\n\t<link rel=\"canonical\" href=\"https:\/\/monatglobal.com\/es\/volume-spray\/\" \/>\n\t<meta name=\"generator\" content=\"All in One SEO Pro (AIOSEO) 4.9.5.2\" \/>\n\t\t<meta property=\"og:locale\" content=\"en_US\" \/>\n\t\t<meta property=\"og:site_name\" content=\"MONAT Espa\u00f1a - We Are Modern Nature\u00ae\" \/>\n\t\t<meta property=\"og:type\" content=\"article\" \/>\n\t\t<meta property=\"og:title\" content=\"MONAT STUDIO ONE\u2122 Volume &amp; Lift Spray - MONAT Espa\u00f1a\" \/>\n\t\t<meta property=\"og:description\" content=\"Espray eleva y voluminiza MONAT STUDIO ONE\u2122 Este potente spray l\u00edquido contiene activos que ayudan a elevar el cabello desde la ra\u00edz, aportando a los mechones finos y lisos un volumen ligero y un cuerpo y un movimiento de larga duraci\u00f3n. 134 ml \u212e 4.5 fl oz Precio de venta Cliente00.00 \u20ac Precio Cliente VIP00.00\" \/>\n\t\t<meta property=\"og:url\" content=\"https:\/\/monatglobal.com\/es\/volume-spray\/\" \/>\n\t\t<meta property=\"article:published_time\" content=\"2022-03-29T07:00:24+00:00\" \/>\n\t\t<meta property=\"article:modified_time\" content=\"2026-02-24T16:46:07+00:00\" \/>\n\t\t<meta name=\"twitter:card\" content=\"summary_large_image\" \/>\n\t\t<meta name=\"twitter:title\" content=\"MONAT STUDIO ONE\u2122 Volume &amp; Lift Spray - MONAT Espa\u00f1a\" \/>\n\t\t<meta name=\"twitter:description\" content=\"Espray eleva y voluminiza MONAT STUDIO ONE\u2122 Este potente spray l\u00edquido contiene activos que ayudan a elevar el cabello desde la ra\u00edz, aportando a los mechones finos y lisos un volumen ligero y un cuerpo y un movimiento de larga duraci\u00f3n. 134 ml \u212e 4.5 fl oz Precio de venta Cliente00.00 \u20ac Precio Cliente VIP00.00\" \/>\n\t\t<script type=\"application\/ld+json\" class=\"aioseo-schema\">\n\t\t\t{\"@context\":\"https:\\\/\\\/schema.org\",\"@graph\":[{\"@type\":\"BreadcrumbList\",\"@id\":\"https:\\\/\\\/monatglobal.com\\\/es\\\/volume-spray\\\/#breadcrumblist\",\"itemListElement\":[{\"@type\":\"ListItem\",\"@id\":\"https:\\\/\\\/monatglobal.com\\\/es#listItem\",\"position\":1,\"name\":\"Home\",\"item\":\"https:\\\/\\\/monatglobal.com\\\/es\",\"nextItem\":{\"@type\":\"ListItem\",\"@id\":\"https:\\\/\\\/monatglobal.com\\\/es\\\/volume-spray\\\/#listItem\",\"name\":\"MONAT STUDIO ONE\\u2122 Volume &#038; Lift Spray\"}},{\"@type\":\"ListItem\",\"@id\":\"https:\\\/\\\/monatglobal.com\\\/es\\\/volume-spray\\\/#listItem\",\"position\":2,\"name\":\"MONAT STUDIO ONE\\u2122 Volume &#038; Lift Spray\",\"previousItem\":{\"@type\":\"ListItem\",\"@id\":\"https:\\\/\\\/monatglobal.com\\\/es#listItem\",\"name\":\"Home\"}}]},{\"@type\":\"Organization\",\"@id\":\"https:\\\/\\\/monatglobal.com\\\/es\\\/#organization\",\"name\":\"MONAT Espa\\u00f1a\",\"description\":\"We Are Modern Nature\\u00ae\",\"url\":\"https:\\\/\\\/monatglobal.com\\\/es\\\/\"},{\"@type\":\"WebPage\",\"@id\":\"https:\\\/\\\/monatglobal.com\\\/es\\\/volume-spray\\\/#webpage\",\"url\":\"https:\\\/\\\/monatglobal.com\\\/es\\\/volume-spray\\\/\",\"name\":\"MONAT STUDIO ONE\\u2122 Volume & Lift Spray - MONAT Espa\\u00f1a\",\"description\":\"Espray eleva y voluminiza MONAT STUDIO ONE\\u2122 Este potente spray l\\u00edquido contiene activos que ayudan a elevar el cabello desde la ra\\u00edz, aportando a los mechones finos y lisos un volumen ligero y un cuerpo y un movimiento de larga duraci\\u00f3n. 134 ml \\u212e 4.5 fl oz Precio de venta Cliente00.00 \\u20ac Precio Cliente VIP00.00\",\"inLanguage\":\"en-US\",\"isPartOf\":{\"@id\":\"https:\\\/\\\/monatglobal.com\\\/es\\\/#website\"},\"breadcrumb\":{\"@id\":\"https:\\\/\\\/monatglobal.com\\\/es\\\/volume-spray\\\/#breadcrumblist\"},\"image\":{\"@type\":\"ImageObject\",\"url\":\"https:\\\/\\\/monatglobal.com\\\/es\\\/wp-content\\\/uploads\\\/sites\\\/10\\\/2026\\\/02\\\/STUDIO-ONE-VOLUME-LIFT-SPRAY_876x1000.png\",\"@id\":\"https:\\\/\\\/monatglobal.com\\\/es\\\/volume-spray\\\/#mainImage\",\"width\":876,\"height\":1000},\"primaryImageOfPage\":{\"@id\":\"https:\\\/\\\/monatglobal.com\\\/es\\\/volume-spray\\\/#mainImage\"},\"datePublished\":\"2022-03-29T08:00:24+01:00\",\"dateModified\":\"2026-02-24T16:46:07+00:00\"},{\"@type\":\"WebSite\",\"@id\":\"https:\\\/\\\/monatglobal.com\\\/es\\\/#website\",\"url\":\"https:\\\/\\\/monatglobal.com\\\/es\\\/\",\"name\":\"MONAT Espa\\u00f1a\",\"description\":\"We Are Modern Nature\\u00ae\",\"inLanguage\":\"en-US\",\"publisher\":{\"@id\":\"https:\\\/\\\/monatglobal.com\\\/es\\\/#organization\"}}]}\n\t\t<\/script>\n\t\t<!-- All in One SEO Pro -->\r\n\t\t<title>MONAT STUDIO ONE\u2122 Volume &amp; Lift Spray - MONAT Espa\u00f1a<\/title>\n\n","aioseo_head_json":{"title":"MONAT STUDIO ONE\u2122 Volume & Lift Spray - MONAT Espa\u00f1a","description":"Espray eleva y voluminiza MONAT STUDIO ONE\u2122 Este potente spray l\u00edquido contiene activos que ayudan a elevar el cabello desde la ra\u00edz, aportando a los mechones finos y lisos un volumen ligero y un cuerpo y un movimiento de larga duraci\u00f3n. 134 ml \u212e 4.5 fl oz Precio de venta Cliente00.00 \u20ac Precio Cliente VIP00.00","canonical_url":"https:\/\/monatglobal.com\/es\/volume-spray\/","robots":"max-image-preview:large","keywords":"","webmasterTools":{"miscellaneous":""},"schema":{"@context":"https:\/\/schema.org","@graph":[{"@type":"BreadcrumbList","@id":"https:\/\/monatglobal.com\/es\/volume-spray\/#breadcrumblist","itemListElement":[{"@type":"ListItem","@id":"https:\/\/monatglobal.com\/es#listItem","position":1,"name":"Home","item":"https:\/\/monatglobal.com\/es","nextItem":{"@type":"ListItem","@id":"https:\/\/monatglobal.com\/es\/volume-spray\/#listItem","name":"MONAT STUDIO ONE\u2122 Volume &#038; Lift Spray"}},{"@type":"ListItem","@id":"https:\/\/monatglobal.com\/es\/volume-spray\/#listItem","position":2,"name":"MONAT STUDIO ONE\u2122 Volume &#038; Lift Spray","previousItem":{"@type":"ListItem","@id":"https:\/\/monatglobal.com\/es#listItem","name":"Home"}}]},{"@type":"Organization","@id":"https:\/\/monatglobal.com\/es\/#organization","name":"MONAT Espa\u00f1a","description":"We Are Modern Nature\u00ae","url":"https:\/\/monatglobal.com\/es\/"},{"@type":"WebPage","@id":"https:\/\/monatglobal.com\/es\/volume-spray\/#webpage","url":"https:\/\/monatglobal.com\/es\/volume-spray\/","name":"MONAT STUDIO ONE\u2122 Volume & Lift Spray - MONAT Espa\u00f1a","description":"Espray eleva y voluminiza MONAT STUDIO ONE\u2122 Este potente spray l\u00edquido contiene activos que ayudan a elevar el cabello desde la ra\u00edz, aportando a los mechones finos y lisos un volumen ligero y un cuerpo y un movimiento de larga duraci\u00f3n. 134 ml \u212e 4.5 fl oz Precio de venta Cliente00.00 \u20ac Precio Cliente VIP00.00","inLanguage":"en-US","isPartOf":{"@id":"https:\/\/monatglobal.com\/es\/#website"},"breadcrumb":{"@id":"https:\/\/monatglobal.com\/es\/volume-spray\/#breadcrumblist"},"image":{"@type":"ImageObject","url":"https:\/\/monatglobal.com\/es\/wp-content\/uploads\/sites\/10\/2026\/02\/STUDIO-ONE-VOLUME-LIFT-SPRAY_876x1000.png","@id":"https:\/\/monatglobal.com\/es\/volume-spray\/#mainImage","width":876,"height":1000},"primaryImageOfPage":{"@id":"https:\/\/monatglobal.com\/es\/volume-spray\/#mainImage"},"datePublished":"2022-03-29T08:00:24+01:00","dateModified":"2026-02-24T16:46:07+00:00"},{"@type":"WebSite","@id":"https:\/\/monatglobal.com\/es\/#website","url":"https:\/\/monatglobal.com\/es\/","name":"MONAT Espa\u00f1a","description":"We Are Modern Nature\u00ae","inLanguage":"en-US","publisher":{"@id":"https:\/\/monatglobal.com\/es\/#organization"}}]},"og:locale":"en_US","og:site_name":"MONAT Espa\u00f1a - We Are Modern Nature\u00ae","og:type":"article","og:title":"MONAT STUDIO ONE\u2122 Volume &amp; Lift Spray - MONAT Espa\u00f1a","og:description":"Espray eleva y voluminiza MONAT STUDIO ONE\u2122 Este potente spray l\u00edquido contiene activos que ayudan a elevar el cabello desde la ra\u00edz, aportando a los mechones finos y lisos un volumen ligero y un cuerpo y un movimiento de larga duraci\u00f3n. 134 ml \u212e 4.5 fl oz Precio de venta Cliente00.00 \u20ac Precio Cliente VIP00.00","og:url":"https:\/\/monatglobal.com\/es\/volume-spray\/","article:published_time":"2022-03-29T07:00:24+00:00","article:modified_time":"2026-02-24T16:46:07+00:00","twitter:card":"summary_large_image","twitter:title":"MONAT STUDIO ONE\u2122 Volume &amp; Lift Spray - MONAT Espa\u00f1a","twitter:description":"Espray eleva y voluminiza MONAT STUDIO ONE\u2122 Este potente spray l\u00edquido contiene activos que ayudan a elevar el cabello desde la ra\u00edz, aportando a los mechones finos y lisos un volumen ligero y un cuerpo y un movimiento de larga duraci\u00f3n. 134 ml \u212e 4.5 fl oz Precio de venta Cliente00.00 \u20ac Precio Cliente VIP00.00"},"aioseo_meta_data":{"post_id":"61341","title":null,"description":null,"keywords":null,"keyphrases":null,"primary_term":null,"canonical_url":null,"og_title":null,"og_description":null,"og_object_type":"default","og_image_type":"default","og_image_url":null,"og_image_width":null,"og_image_height":null,"og_image_custom_url":null,"og_image_custom_fields":null,"og_video":null,"og_custom_url":null,"og_article_section":null,"og_article_tags":null,"twitter_use_og":false,"twitter_card":"default","twitter_image_type":"default","twitter_image_url":null,"twitter_image_custom_url":null,"twitter_image_custom_fields":null,"twitter_title":null,"twitter_description":null,"schema":{"blockGraphs":[],"customGraphs":[],"default":{"data":{"Article":[],"Course":[],"Dataset":[],"FAQPage":[],"Movie":[],"Person":[],"Product":[],"ProductReview":[],"Car":[],"Recipe":[],"Service":[],"SoftwareApplication":[],"WebPage":[]},"graphName":"WebPage","isEnabled":true},"graphs":[]},"schema_type":"default","schema_type_options":null,"pillar_content":false,"robots_default":true,"robots_noindex":false,"robots_noarchive":false,"robots_nosnippet":false,"robots_nofollow":false,"robots_noimageindex":false,"robots_noodp":false,"robots_notranslate":false,"robots_max_snippet":null,"robots_max_videopreview":null,"robots_max_imagepreview":"large","priority":null,"frequency":null,"local_seo":null,"seo_analyzer_scan_date":"2026-02-24 16:46:52","limit_modified_date":false,"reviewed_by":null,"open_ai":null,"ai":null,"created":"2023-07-26 09:29:34","updated":"2026-02-24 16:55:50"},"aioseo_breadcrumb":"<div class=\"aioseo-breadcrumbs\"><span class=\"aioseo-breadcrumb\">\n\t<a href=\"https:\/\/monatglobal.com\/es\" title=\"Home\">Home<\/a>\n<\/span><span class=\"aioseo-breadcrumb-separator\">&raquo;<\/span><span class=\"aioseo-breadcrumb\">\n\tMONAT STUDIO ONE\u2122 Volume &amp; Lift Spray\n<\/span><\/div>","aioseo_breadcrumb_json":[{"label":"Home","link":"https:\/\/monatglobal.com\/es"},{"label":"MONAT STUDIO ONE\u2122 Volume &#038; Lift Spray","link":"https:\/\/monatglobal.com\/es\/volume-spray\/"}],"_links":{"self":[{"href":"https:\/\/monatglobal.com\/es\/wp-json\/wp\/v2\/pages\/61341","targetHints":{"allow":["GET"]}}],"collection":[{"href":"https:\/\/monatglobal.com\/es\/wp-json\/wp\/v2\/pages"}],"about":[{"href":"https:\/\/monatglobal.com\/es\/wp-json\/wp\/v2\/types\/page"}],"author":[{"embeddable":true,"href":"https:\/\/monatglobal.com\/es\/wp-json\/wp\/v2\/users\/31"}],"replies":[{"embeddable":true,"href":"https:\/\/monatglobal.com\/es\/wp-json\/wp\/v2\/comments?post=61341"}],"version-history":[{"count":44,"href":"https:\/\/monatglobal.com\/es\/wp-json\/wp\/v2\/pages\/61341\/revisions"}],"predecessor-version":[{"id":109232,"href":"https:\/\/monatglobal.com\/es\/wp-json\/wp\/v2\/pages\/61341\/revisions\/109232"}],"wp:featuredmedia":[{"embeddable":true,"href":"https:\/\/monatglobal.com\/es\/wp-json\/wp\/v2\/media\/109231"}],"wp:attachment":[{"href":"https:\/\/monatglobal.com\/es\/wp-json\/wp\/v2\/media?parent=61341"}],"wp:term":[{"taxonomy":"category","embeddable":true,"href":"https:\/\/monatglobal.com\/es\/wp-json\/wp\/v2\/categories?post=61341"},{"taxonomy":"post_tag","embeddable":true,"href":"https:\/\/monatglobal.com\/es\/wp-json\/wp\/v2\/tags?post=61341"}],"curies":[{"name":"wp","href":"https:\/\/api.w.org\/{rel}","templated":true}]}}