{"id":61333,"date":"2022-04-19T08:00:45","date_gmt":"2022-04-19T07:00:45","guid":{"rendered":"https:\/\/monatglobal.com\/ie\/?page_id=61333"},"modified":"2026-02-24T18:56:57","modified_gmt":"2026-02-24T18:56:57","slug":"charcoal-mask","status":"publish","type":"page","link":"https:\/\/monatglobal.com\/es\/charcoal-mask\/","title":{"rendered":"BE PURIFIED\u2122 Cold Charcoal Mask"},"content":{"rendered":"\n\n\t<link rel=\"stylesheet\" href=\"https:\/\/unpkg.com\/swiper\/swiper-bundle.min.css\" \/>\n<link rel=\"stylesheet\" href=\"https:\/\/monatglobal.com\/wp-content\/creative_css\/product_styles_sheet.css\" \/>\n   <!--==================================================== ECOMM SECTION ====================================================-->\n      <!--==================================================== Ecomm image ====================================================-->\n      <img decoding=\"async\" src=\"https:\/\/monatglobal.com\/pl\/wp-content\/uploads\/sites\/9\/2021\/12\/cold-charcoal-mask-ecomm-2022.png\" alt=\"Mascarilla de carb\u00f3n fr\u00edo\" loading=\"lazy\"\/>\n      <!--==================================================== Ecomm information  ====================================================-->\n        <h1>Mascarilla de<br \/> carb\u00f3n fr\u00edo<\/h1>\n         <p>BE PURIFIED\u2122 <\/p>\n         \n         <p>Una mezcla \u00fanica y refrescante de arcillas ricas en minerales y de carb\u00f3n purificante que ayuda a afinar los poros y aporta una limpieza profunda.<\/p>\n         <p>100 ml \u212e 3.4 fl. oz.<\/p>\n        <!--==================================================== pricing box  ====================================================--> \n         <p>Precio de venta Cliente<br \/>00.00 \u20ac<\/p>\n         <p>Precio Cliente VIP<br \/>00.00 \u20ac<\/p>\n         <!--==================================================== pricing box  ====================================================-->\n         <p>Para saber m\u00e1s sobre la Mascarilla de carb\u00f3n fr\u00edo BE PURIFIED\u2122, ponte en contacto con tu Market Partner de MONAT.<\/p>\n          <a href=\"\" target=\"_blank\" role=\"button\" aria-label=\"\" rel=\"noopener\"><\/a>\n   <!--==================================================== \/ECOMM SECTION  ====================================================-->\n   <!--==================================================== Benefits image ====================================================-->\n  \n    <source media=\"(max-width: 700px)\" srcset=\"https:\/\/monatglobal.com\/pl\/wp-content\/uploads\/sites\/9\/2021\/12\/BE-PURIFIED-cold-charcoal-Mask-benefits-.jpg\" loading=\"lazy\"\/>\n      <img decoding=\"async\" src=\"https:\/\/monatglobal.com\/pl\/wp-content\/uploads\/sites\/9\/2021\/12\/BE-PURIFIED-cold-charcoal-Mask-benefits-.jpg\" \n      alt=\"\" loading=\"lazy\"\/>\n    \n   <!--==================================================== Benefits text ====================================================-->\n         <h2>BENEFICIOS<\/h2>\n         <h3>Hecha espec\u00edficamente para pieles grasas, nuestra f\u00f3rmula sin aceites absorbe suavemente el exceso de aceite a la vez que aporta un frescor inmediato y refresca la experiencia del cuidado de la piel.<\/h3>\n         <!--==================================================== features image  ====================================================-->\n         <img decoding=\"async\" alt=\"\" src=\"https:\/\/monatglobal.com\/pl\/wp-content\/uploads\/sites\/9\/2021\/12\/BE-PURIFIED-cold-charcoal-Mask-features.jpg\" loading=\"lazy\"\/>\n      <!--==================================================== features text ====================================================-->\n            <h3>Caracter\u00edsticas<\/h3>\n               <p>\/ Reduce visiblemente la apariencia de los poros<\/p>\n               <p>\/ Matificante\/reduce el brillo hasta 8 horas<\/p>\n               <p>\/ Ayuda a desobstruir los poros<\/p>\n               <p>\/  Apto para pieles sensibles<\/p>\n               <br \/>\n            <p>Fragrance \/ Unwind and enjoy a coconut-forward, citrusy aroma with notes of blood orange, coconut husk, cashew nut and&nbsp;sandalwood. <\/p>\n            <p> Texture \/ Cream <\/p>\n   <!--==================================================== composition image mobile ====================================================-->\n   <img decoding=\"async\" alt=\"\" src=\"https:\/\/monatglobal.com\/pl\/wp-content\/uploads\/sites\/9\/2021\/12\/BE-PURIFIED-cold-charcoal-Mask-comp-1.jpg\" loading=\"lazy\"\/>\n   <!--==================================================== Why it works text ====================================================-->\n      \n      <h3>Reforzado con arcillas ricas en minerales, carb\u00f3n y \u00e1cido salic\u00edlico, esta mascarilla purificante desobstruye los poros y deja un efecto matificante instant\u00e1neo, reduciendo el brillo hasta 8 horas.<\/h3>\n<!--==================================================== Composition section ====================================================-->\n      <img decoding=\"async\" alt=\"\" src=\"https:\/\/monatglobal.com\/pl\/wp-content\/uploads\/sites\/9\/2021\/12\/BE-PURIFIED-cold-charcoal-Mask-comp-1.jpg\" loading=\"lazy\"\/>\n      <img decoding=\"async\" alt=\"\" \n      src=\"https:\/\/monatglobal.com\/pl\/wp-content\/uploads\/sites\/9\/2021\/12\/BE-PURIFIED-cold-charcoal-Mask-comp-3.jpg\" loading=\"lazy\"\/>\n            <!--==================================================== Directions text ====================================================--> \n               <h3>Modo de uso<\/h3>\n                    <p>\/ Aplica una peque\u00f1a cantidad en las yemas de los dedos.<\/p>\n                    <p>\/ Aplicar de manera uniforme en la piel limpia y&nbsp;seca.<\/p>\n                    <p>\/ Permite que la mascarilla se seque durante 10 a 15 minutos.<\/p>\n                    <p>\/ Aclara bien con agua templada y seca con peque\u00f1os toques.<\/p>\n                    <p>\/ Contin\u00faa el proceso con tu rutina para el Cuidado de la piel MONAT.<\/p>\n            <!--==================================================== Directions video ====================================================-->\n      <p>Be Balanced\u2122 <br \/>Lightweight Moisturizer <br \/>0:35<\/p>\n      <a href=\"\" target=\"_blank\" role=\"button\" aria-label=\"\" rel=\"noopener\"><\/a>\n   <!--==================================================== Ingredients section  ====================================================-->\n      <h2>ACTIVOS CLAVE<\/h2>\n      <p>Arcilla caol\u00edn<\/p>\n      <p>Arcilla benton\u00edtica<\/p>\n      <p>Carb\u00f3n<\/p>\n      <p>\u00c1cido salic\u00edlico<\/p>\n        <button id=\"myBtn\" type=\"button\">VER LISTA DE INGREDIENTES<\/button>\n      <!--==================================================== Modal content  ====================================================-->\n         &times;\n         Aqua\/Water\/Eau, Kaolin, Cetearyl Alcohol, Bentonite, Charcoal Powder, Propanediol, Sodium Laurylglucosides \n         Hydroxypropylsulfonate, Glycerin, Salicylic Acid, Lactic Acid, Menthol, Menthone, Maclura Cochinchinensis Leaf Prenylflavonoids, \n         Sodium Cocoamphoacetate, Xanthan Gum, Cocamidopropyl Hydroxysultaine, Sodium Phytate, Pentylene Glycol, Phenethyl Alcohol,&nbsp;Alcohol.\n   <!--==================================================== You might also like section ====================================================-->\n      <h2>PUEDE QUE TAMBI\u00c9N TE GUSTE<\/h2>\n      <!--==================================================== Slider YOU MIGHT ALSO LIKE ====================================================-->\n          <!---->\n          <!--   -->\n                <!-- Slides products-->\n          <!--      -->\n          <!--         <a href=\"\/es\/skin-clarifying-cleanser\" aria-label=\"Go to Limpiador aclarante BE PURIFIED\u2122 page\">-->\n          <!--          <img decoding=\"async\" src=\"https:\/\/monatglobal.com\/pl\/wp-content\/uploads\/sites\/9\/2021\/12\/be-purifying-creamy-cleanser-ecomm-2022.png\" alt=\"Limpiador aclarante BE PURIFIED\u2122\" loading=\"lazy\"\/>-->\n          <!--          <p>Limpiador aclarante<br \/> BE PURIFIED\u2122<\/p>-->\n          <!--        <\/a>-->\n          <!--      -->\n          <!--      -->\n          <!--         <a href=\"\/es\/skin-oil-free-moisturizer\/\" aria-label=\"Go to Hidratante sin aceites BE PURIFIED\u2122\">-->\n          <!--          <img decoding=\"async\" src=\"https:\/\/monatglobal.com\/wp-content\/uploads\/2022\/12\/oil-free-moisturizer-E_comm.png\" alt=\"Hidratante sin aceites BE PURIFIED\u2122\" loading=\"lazy\"\/>-->\n          <!--          <p>Hidratante sin aceites<br \/> BE PURIFIED\u2122<\/p>-->\n          <!--        <\/a>-->\n          <!--      -->\n          <!--      -->\n          <!--         <a href=\"\/es\/creamy-cleanser\/\" aria-label=\"Go to Limpiador Cremoso BE GENTLE\u2122 page\">-->\n          <!--            <img decoding=\"async\" src=\"https:\/\/monatglobal.com\/wp-content\/uploads\/2022\/12\/BE-GENTLE-Creamy-Cleanser-ecomm-2022-min.png\" alt=\"Limpiador Cremoso BE GENTLE\u2122\" loading=\"lazy\"\/>-->\n          <!--            <p>Limpiador Cremoso <br \/>BE GENTLE\u2122<\/p>-->\n          <!--         <\/a>-->\n          <!--      -->\n          <!--      -->\n          <!--         <a href=\"\/es\/sun-veil-sunscreen\/\" aria-label=\"Go to Protector mineral solar diario SPF 30 SUN VEIL\u2122 page\">-->\n          <!--            <img decoding=\"async\" src=\"https:\/\/monatglobal.com\/wp-content\/uploads\/2022\/12\/sun-veil-ecomm-2022-min.png\" alt=\"Protector mineral solar diario SPF 30 SUN VEIL\u2122\" loading=\"lazy\"\/>-->\n          <!--            <p>Protector mineral solar <br \/>diario SPF 30 SUN VEIL\u2122<\/p>-->\n          <!--         <\/a>-->\n          <!--       -->\n          <!--   -->\n             <!-- If we need navigation buttons -->\n          <!--   -->\n          <!--   -->\n             <!-- If we need paginations -->\n          <!--   -->\n          <!---->\n         <!--==================================================== If we need navigation buttons  ====================================================-->\n         <!--==================================================== If we need paginations  ====================================================-->\n    <a href=\"\" aria-label=\"\"><\/a>\n<!--==================================================== this link has to go last for it to work   ====================================================-->\n\n","protected":false},"excerpt":{"rendered":"<p>Mascarilla de carb\u00f3n fr\u00edo BE PURIFIED\u2122 Una mezcla \u00fanica y refrescante de arcillas ricas en minerales y de carb\u00f3n purificante que ayuda a afinar los poros y aporta una limpieza profunda. 100 ml \u212e 3.4 fl. oz. Precio de venta Cliente00.00 \u20ac Precio Cliente VIP00.00 \u20ac Para saber m\u00e1s sobre la Mascarilla de carb\u00f3n fr\u00edo&hellip;<\/p>\n","protected":false},"author":31,"featured_media":109250,"parent":0,"menu_order":0,"comment_status":"closed","ping_status":"closed","template":"","meta":{"inline_featured_image":false,"om_disable_all_campaigns":false,"_monsterinsights_skip_tracking":false,"_monsterinsights_sitenote_active":false,"_monsterinsights_sitenote_note":"","_monsterinsights_sitenote_category":0,"footnotes":""},"categories":[31],"tags":[],"class_list":["post-61333","page","type-page","status-publish","has-post-thumbnail","hentry","category-product-es"],"aioseo_notices":[],"aioseo_head":"\n\t\t<!-- All in One SEO Pro 4.9.6 - aioseo.com -->\n\t<meta name=\"description\" content=\"Mascarilla de carb\u00f3n fr\u00edo BE PURIFIED\u2122 Una mezcla \u00fanica y refrescante de arcillas ricas en minerales y de carb\u00f3n purificante que ayuda a afinar los poros y aporta una limpieza profunda. 100 ml \u212e 3.4 fl. oz. Precio de venta Cliente00.00 \u20ac Precio Cliente VIP00.00 \u20ac Para saber m\u00e1s sobre la Mascarilla de carb\u00f3n fr\u00edo\" \/>\n\t<meta name=\"robots\" content=\"max-image-preview:large\" \/>\n\t<link rel=\"canonical\" href=\"https:\/\/monatglobal.com\/es\/charcoal-mask\/\" \/>\n\t<meta name=\"generator\" content=\"All in One SEO Pro (AIOSEO) 4.9.6\" \/>\n\t\t<meta property=\"og:locale\" content=\"en_US\" \/>\n\t\t<meta property=\"og:site_name\" content=\"MONAT Espa\u00f1a - We Are Modern Nature\u00ae\" \/>\n\t\t<meta property=\"og:type\" content=\"article\" \/>\n\t\t<meta property=\"og:title\" content=\"BE PURIFIED\u2122 Cold Charcoal Mask\" \/>\n\t\t<meta property=\"og:description\" content=\"Mascarilla de carb\u00f3n fr\u00edo BE PURIFIED\u2122 Una mezcla \u00fanica y refrescante de arcillas ricas en minerales y de carb\u00f3n purificante que ayuda a afinar los poros y aporta una limpieza profunda. 100 ml \u212e 3.4 fl. oz. Precio de venta Cliente00.00 \u20ac Precio Cliente VIP00.00 \u20ac Para saber m\u00e1s sobre la Mascarilla de carb\u00f3n fr\u00edo\" \/>\n\t\t<meta property=\"og:url\" content=\"https:\/\/monatglobal.com\/es\/charcoal-mask\/\" \/>\n\t\t<meta property=\"article:published_time\" content=\"2022-04-19T07:00:45+00:00\" \/>\n\t\t<meta property=\"article:modified_time\" content=\"2026-02-24T18:56:57+00:00\" \/>\n\t\t<meta name=\"twitter:card\" content=\"summary_large_image\" \/>\n\t\t<meta name=\"twitter:title\" content=\"BE PURIFIED\u2122 Cold Charcoal Mask\" \/>\n\t\t<meta name=\"twitter:description\" content=\"Mascarilla de carb\u00f3n fr\u00edo BE PURIFIED\u2122 Una mezcla \u00fanica y refrescante de arcillas ricas en minerales y de carb\u00f3n purificante que ayuda a afinar los poros y aporta una limpieza profunda. 100 ml \u212e 3.4 fl. oz. Precio de venta Cliente00.00 \u20ac Precio Cliente VIP00.00 \u20ac Para saber m\u00e1s sobre la Mascarilla de carb\u00f3n fr\u00edo\" \/>\n\t\t<script type=\"application\/ld+json\" class=\"aioseo-schema\">\n\t\t\t{\"@context\":\"https:\\\/\\\/schema.org\",\"@graph\":[{\"@type\":\"BreadcrumbList\",\"@id\":\"https:\\\/\\\/monatglobal.com\\\/es\\\/charcoal-mask\\\/#breadcrumblist\",\"itemListElement\":[{\"@type\":\"ListItem\",\"@id\":\"https:\\\/\\\/monatglobal.com\\\/es#listItem\",\"position\":1,\"name\":\"Home\",\"item\":\"https:\\\/\\\/monatglobal.com\\\/es\",\"nextItem\":{\"@type\":\"ListItem\",\"@id\":\"https:\\\/\\\/monatglobal.com\\\/es\\\/charcoal-mask\\\/#listItem\",\"name\":\"BE PURIFIED\\u2122 Cold Charcoal Mask\"}},{\"@type\":\"ListItem\",\"@id\":\"https:\\\/\\\/monatglobal.com\\\/es\\\/charcoal-mask\\\/#listItem\",\"position\":2,\"name\":\"BE PURIFIED\\u2122 Cold Charcoal Mask\",\"previousItem\":{\"@type\":\"ListItem\",\"@id\":\"https:\\\/\\\/monatglobal.com\\\/es#listItem\",\"name\":\"Home\"}}]},{\"@type\":\"Organization\",\"@id\":\"https:\\\/\\\/monatglobal.com\\\/es\\\/#organization\",\"name\":\"MONAT Espa\\u00f1a\",\"description\":\"We Are Modern Nature\\u00ae\",\"url\":\"https:\\\/\\\/monatglobal.com\\\/es\\\/\"},{\"@type\":\"WebPage\",\"@id\":\"https:\\\/\\\/monatglobal.com\\\/es\\\/charcoal-mask\\\/#webpage\",\"url\":\"https:\\\/\\\/monatglobal.com\\\/es\\\/charcoal-mask\\\/\",\"name\":\"BE PURIFIED\\u2122 Cold Charcoal Mask\",\"description\":\"Mascarilla de carb\\u00f3n fr\\u00edo BE PURIFIED\\u2122 Una mezcla \\u00fanica y refrescante de arcillas ricas en minerales y de carb\\u00f3n purificante que ayuda a afinar los poros y aporta una limpieza profunda. 100 ml \\u212e 3.4 fl. oz. Precio de venta Cliente00.00 \\u20ac Precio Cliente VIP00.00 \\u20ac Para saber m\\u00e1s sobre la Mascarilla de carb\\u00f3n fr\\u00edo\",\"inLanguage\":\"en-US\",\"isPartOf\":{\"@id\":\"https:\\\/\\\/monatglobal.com\\\/es\\\/#website\"},\"breadcrumb\":{\"@id\":\"https:\\\/\\\/monatglobal.com\\\/es\\\/charcoal-mask\\\/#breadcrumblist\"},\"image\":{\"@type\":\"ImageObject\",\"url\":\"https:\\\/\\\/monatglobal.com\\\/es\\\/wp-content\\\/uploads\\\/sites\\\/10\\\/2026\\\/02\\\/Cold-Charcoal-Mask.png\",\"@id\":\"https:\\\/\\\/monatglobal.com\\\/es\\\/charcoal-mask\\\/#mainImage\",\"width\":341,\"height\":450},\"primaryImageOfPage\":{\"@id\":\"https:\\\/\\\/monatglobal.com\\\/es\\\/charcoal-mask\\\/#mainImage\"},\"datePublished\":\"2022-04-19T08:00:45+01:00\",\"dateModified\":\"2026-02-24T18:56:57+00:00\"},{\"@type\":\"WebSite\",\"@id\":\"https:\\\/\\\/monatglobal.com\\\/es\\\/#website\",\"url\":\"https:\\\/\\\/monatglobal.com\\\/es\\\/\",\"name\":\"MONAT Espa\\u00f1a\",\"description\":\"We Are Modern Nature\\u00ae\",\"inLanguage\":\"en-US\",\"publisher\":{\"@id\":\"https:\\\/\\\/monatglobal.com\\\/es\\\/#organization\"}}]}\n\t\t<\/script>\n\t\t<!-- All in One SEO Pro -->\r\n\t\t<title>BE PURIFIED\u2122 Cold Charcoal Mask<\/title>\n\n","aioseo_head_json":{"title":"BE PURIFIED\u2122 Cold Charcoal Mask","description":"Mascarilla de carb\u00f3n fr\u00edo BE PURIFIED\u2122 Una mezcla \u00fanica y refrescante de arcillas ricas en minerales y de carb\u00f3n purificante que ayuda a afinar los poros y aporta una limpieza profunda. 100 ml \u212e 3.4 fl. oz. Precio de venta Cliente00.00 \u20ac Precio Cliente VIP00.00 \u20ac Para saber m\u00e1s sobre la Mascarilla de carb\u00f3n fr\u00edo","canonical_url":"https:\/\/monatglobal.com\/es\/charcoal-mask\/","robots":"max-image-preview:large","keywords":"","webmasterTools":{"miscellaneous":""},"schema":{"@context":"https:\/\/schema.org","@graph":[{"@type":"BreadcrumbList","@id":"https:\/\/monatglobal.com\/es\/charcoal-mask\/#breadcrumblist","itemListElement":[{"@type":"ListItem","@id":"https:\/\/monatglobal.com\/es#listItem","position":1,"name":"Home","item":"https:\/\/monatglobal.com\/es","nextItem":{"@type":"ListItem","@id":"https:\/\/monatglobal.com\/es\/charcoal-mask\/#listItem","name":"BE PURIFIED\u2122 Cold Charcoal Mask"}},{"@type":"ListItem","@id":"https:\/\/monatglobal.com\/es\/charcoal-mask\/#listItem","position":2,"name":"BE PURIFIED\u2122 Cold Charcoal Mask","previousItem":{"@type":"ListItem","@id":"https:\/\/monatglobal.com\/es#listItem","name":"Home"}}]},{"@type":"Organization","@id":"https:\/\/monatglobal.com\/es\/#organization","name":"MONAT Espa\u00f1a","description":"We Are Modern Nature\u00ae","url":"https:\/\/monatglobal.com\/es\/"},{"@type":"WebPage","@id":"https:\/\/monatglobal.com\/es\/charcoal-mask\/#webpage","url":"https:\/\/monatglobal.com\/es\/charcoal-mask\/","name":"BE PURIFIED\u2122 Cold Charcoal Mask","description":"Mascarilla de carb\u00f3n fr\u00edo BE PURIFIED\u2122 Una mezcla \u00fanica y refrescante de arcillas ricas en minerales y de carb\u00f3n purificante que ayuda a afinar los poros y aporta una limpieza profunda. 100 ml \u212e 3.4 fl. oz. Precio de venta Cliente00.00 \u20ac Precio Cliente VIP00.00 \u20ac Para saber m\u00e1s sobre la Mascarilla de carb\u00f3n fr\u00edo","inLanguage":"en-US","isPartOf":{"@id":"https:\/\/monatglobal.com\/es\/#website"},"breadcrumb":{"@id":"https:\/\/monatglobal.com\/es\/charcoal-mask\/#breadcrumblist"},"image":{"@type":"ImageObject","url":"https:\/\/monatglobal.com\/es\/wp-content\/uploads\/sites\/10\/2026\/02\/Cold-Charcoal-Mask.png","@id":"https:\/\/monatglobal.com\/es\/charcoal-mask\/#mainImage","width":341,"height":450},"primaryImageOfPage":{"@id":"https:\/\/monatglobal.com\/es\/charcoal-mask\/#mainImage"},"datePublished":"2022-04-19T08:00:45+01:00","dateModified":"2026-02-24T18:56:57+00:00"},{"@type":"WebSite","@id":"https:\/\/monatglobal.com\/es\/#website","url":"https:\/\/monatglobal.com\/es\/","name":"MONAT Espa\u00f1a","description":"We Are Modern Nature\u00ae","inLanguage":"en-US","publisher":{"@id":"https:\/\/monatglobal.com\/es\/#organization"}}]},"og:locale":"en_US","og:site_name":"MONAT Espa\u00f1a - We Are Modern Nature\u00ae","og:type":"article","og:title":"BE PURIFIED\u2122 Cold Charcoal Mask","og:description":"Mascarilla de carb\u00f3n fr\u00edo BE PURIFIED\u2122 Una mezcla \u00fanica y refrescante de arcillas ricas en minerales y de carb\u00f3n purificante que ayuda a afinar los poros y aporta una limpieza profunda. 100 ml \u212e 3.4 fl. oz. Precio de venta Cliente00.00 \u20ac Precio Cliente VIP00.00 \u20ac Para saber m\u00e1s sobre la Mascarilla de carb\u00f3n fr\u00edo","og:url":"https:\/\/monatglobal.com\/es\/charcoal-mask\/","article:published_time":"2022-04-19T07:00:45+00:00","article:modified_time":"2026-02-24T18:56:57+00:00","twitter:card":"summary_large_image","twitter:title":"BE PURIFIED\u2122 Cold Charcoal Mask","twitter:description":"Mascarilla de carb\u00f3n fr\u00edo BE PURIFIED\u2122 Una mezcla \u00fanica y refrescante de arcillas ricas en minerales y de carb\u00f3n purificante que ayuda a afinar los poros y aporta una limpieza profunda. 100 ml \u212e 3.4 fl. oz. Precio de venta Cliente00.00 \u20ac Precio Cliente VIP00.00 \u20ac Para saber m\u00e1s sobre la Mascarilla de carb\u00f3n fr\u00edo"},"aioseo_meta_data":{"post_id":"61333","title":"BE PURIFIED\u2122 Cold Charcoal Mask","description":null,"keywords":null,"keyphrases":{"focus":{"keyphrase":"","score":0,"analysis":{"keyphraseInTitle":{"score":0,"maxScore":9,"error":1}}},"additional":[]},"primary_term":null,"canonical_url":null,"og_title":null,"og_description":null,"og_object_type":"default","og_image_type":"default","og_image_url":null,"og_image_width":null,"og_image_height":null,"og_image_custom_url":null,"og_image_custom_fields":null,"og_video":"","og_custom_url":null,"og_article_section":null,"og_article_tags":null,"twitter_use_og":false,"twitter_card":"default","twitter_image_type":"default","twitter_image_url":null,"twitter_image_custom_url":null,"twitter_image_custom_fields":null,"twitter_title":null,"twitter_description":null,"schema":{"blockGraphs":[],"customGraphs":[],"default":{"data":{"Article":[],"Course":[],"Dataset":[],"FAQPage":[],"Movie":[],"Person":[],"Product":[],"ProductReview":[],"Car":[],"Recipe":[],"Service":[],"SoftwareApplication":[],"WebPage":[]},"graphName":"WebPage","isEnabled":true},"graphs":[]},"schema_type":"default","schema_type_options":null,"pillar_content":false,"robots_default":true,"robots_noindex":false,"robots_noarchive":false,"robots_nosnippet":false,"robots_nofollow":false,"robots_noimageindex":false,"robots_noodp":false,"robots_notranslate":false,"robots_max_snippet":"-1","robots_max_videopreview":"-1","robots_max_imagepreview":"large","priority":null,"frequency":"default","local_seo":null,"seo_analyzer_scan_date":"2026-02-24 19:14:39","limit_modified_date":false,"reviewed_by":"0","open_ai":null,"ai":{"faqs":[],"keyPoints":[],"titles":[],"descriptions":[],"socialPosts":{"email":[],"linkedin":[],"twitter":[],"facebook":[],"instagram":[]}},"created":"2023-07-26 09:30:42","updated":"2026-02-24 19:14:39"},"aioseo_breadcrumb":"<div class=\"aioseo-breadcrumbs\"><span class=\"aioseo-breadcrumb\">\n\t<a href=\"https:\/\/monatglobal.com\/es\" title=\"Home\">Home<\/a>\n<\/span><span class=\"aioseo-breadcrumb-separator\">&raquo;<\/span><span class=\"aioseo-breadcrumb\">\n\tBE PURIFIED\u2122 Cold Charcoal Mask\n<\/span><\/div>","aioseo_breadcrumb_json":[{"label":"Home","link":"https:\/\/monatglobal.com\/es"},{"label":"BE PURIFIED\u2122 Cold Charcoal Mask","link":"https:\/\/monatglobal.com\/es\/charcoal-mask\/"}],"_links":{"self":[{"href":"https:\/\/monatglobal.com\/es\/wp-json\/wp\/v2\/pages\/61333","targetHints":{"allow":["GET"]}}],"collection":[{"href":"https:\/\/monatglobal.com\/es\/wp-json\/wp\/v2\/pages"}],"about":[{"href":"https:\/\/monatglobal.com\/es\/wp-json\/wp\/v2\/types\/page"}],"author":[{"embeddable":true,"href":"https:\/\/monatglobal.com\/es\/wp-json\/wp\/v2\/users\/31"}],"replies":[{"embeddable":true,"href":"https:\/\/monatglobal.com\/es\/wp-json\/wp\/v2\/comments?post=61333"}],"version-history":[{"count":23,"href":"https:\/\/monatglobal.com\/es\/wp-json\/wp\/v2\/pages\/61333\/revisions"}],"predecessor-version":[{"id":109253,"href":"https:\/\/monatglobal.com\/es\/wp-json\/wp\/v2\/pages\/61333\/revisions\/109253"}],"wp:featuredmedia":[{"embeddable":true,"href":"https:\/\/monatglobal.com\/es\/wp-json\/wp\/v2\/media\/109250"}],"wp:attachment":[{"href":"https:\/\/monatglobal.com\/es\/wp-json\/wp\/v2\/media?parent=61333"}],"wp:term":[{"taxonomy":"category","embeddable":true,"href":"https:\/\/monatglobal.com\/es\/wp-json\/wp\/v2\/categories?post=61333"},{"taxonomy":"post_tag","embeddable":true,"href":"https:\/\/monatglobal.com\/es\/wp-json\/wp\/v2\/tags?post=61333"}],"curies":[{"name":"wp","href":"https:\/\/api.w.org\/{rel}","templated":true}]}}