{"id":58676,"date":"2022-03-07T09:00:37","date_gmt":"2022-03-07T09:00:37","guid":{"rendered":"https:\/\/monatglobal.com\/ca\/?page_id=58675"},"modified":"2026-02-24T19:46:19","modified_gmt":"2026-02-24T19:46:19","slug":"men-face-wash","status":"publish","type":"page","link":"https:\/\/monatglobal.com\/es\/men-face-wash\/","title":{"rendered":"MONAT FOR MEN\u2122 Essential Face Wash"},"content":{"rendered":"\n\n\t<link rel=\"stylesheet\" href=\"https:\/\/unpkg.com\/swiper\/swiper-bundle.min.css\" \/>\n<link rel=\"stylesheet\" href=\"https:\/\/monatglobal.com\/wp-content\/creative_css\/product_styles_sheet.css\" \/>\n   <!--==================================================== ECOMM SECTION ====================================================-->\n      <!--==================================================== Ecomm image ====================================================-->\n      <img decoding=\"async\" src=\"https:\/\/monatglobal.com\/pl\/wp-content\/uploads\/sites\/9\/2022\/01\/essential-face-wash-ecomm-2022.png\" alt=\"Limpiador facial esencial MONAT FOR MEN\u2122\" loading=\"lazy\"\/>\n      <!--==================================================== Ecomm information  ====================================================-->\n         <h1>Limpiador <br \/>facial esencial<\/h1>\n         <p>MONAT FOR MEN\u2122 <\/p>\n         <p>Este estimulante y refrescante gel limpiador facial est\u00e1 dise\u00f1ado para limpiar en profundidad a la vez que estimula y refresca la&nbsp;piel.<\/p>\n         <p>100 ml \u212e 3.4 fl. oz.<\/p>\n        <!--==================================================== pricing box  ====================================================--> \n         <p>Precio de venta Cliente<br \/>00.00 \u20ac<\/p>\n         <p>Precio Cliente VIP<br \/>00.00 \u20ac<\/p>\n        <!--==================================================== pricing box  ====================================================-->\n        <p>Para conocer m\u00e1s sobre Limpiador facial esencial MONAT FOR MEN\u2122, ponte en contacto con tu Market Partner de&nbsp;MONAT.<\/p> \n          <a href=\"\" target=\"_blank\" role=\"button\" aria-label=\"\" rel=\"noopener\"><\/a>\n   <!--==================================================== \/ECOMM SECTION  ====================================================-->\n   <!--==================================================== Benefits image ====================================================-->\n  \n    <source media=\"(max-width: 700px)\" srcset=\"https:\/\/monatglobal.com\/pl\/wp-content\/uploads\/sites\/9\/2021\/12\/Essential-face-wash-benefits_mobile.jpg\" loading=\"lazy\"\/>\n      <img decoding=\"async\" src=\"https:\/\/monatglobal.com\/pl\/wp-content\/uploads\/sites\/9\/2021\/12\/skincare-benefits-Recovered.jpg\" \n      alt=\"\" loading=\"lazy\"\/>\n    \n   <!--==================================================== Benefits text ====================================================-->\n         <h2>BENEFICIOS<\/h2>\n         <h3>Promueve un cutis limpio y deja una sensaci\u00f3n instant\u00e1nea de limpieza, frescor e hidrataci\u00f3n en la&nbsp;piel.<\/h3>\n         <!--==================================================== features image  ====================================================-->\n         <img decoding=\"async\" alt=\"\" src=\"https:\/\/monatglobal.com\/pl\/wp-content\/uploads\/sites\/9\/2021\/12\/essential-face-wash-features.jpg\" loading=\"lazy\"\/>\n      <!--==================================================== features text ====================================================-->\n            <h3>Caracter\u00edsticas<\/h3>\n               <p>\/ Elimina el exceso de aceites e impurezas de la&nbsp;piel<\/p>\n               <p>\/ Revitaliza el cutis y estimula la&nbsp;piel<\/p>\n               <p>\/ Limpia en profundidad sin ara\u00f1ar la&nbsp;piel<\/p>\n               <p>\/ Aporta una experiencia m\u00e1s fresca y refrescante del cuidado de la&nbsp;piel<\/p>\n               <p>\/ Ligera y apta para todo tipo de pieles, incluidas las pieles&nbsp;sensibles<\/p>\n               <br \/>\n            <p>Fragrance \/ Unwind and enjoy a coconut-forward, citrusy aroma with notes of blood orange, coconut husk, cashew nut and&nbsp;sandalwood. <\/p>\n            <p> Texture \/ Cream <\/p>\n   <!--==================================================== composition image mobile ====================================================-->\n   <img decoding=\"async\" alt=\"\" src=\"https:\/\/monatglobal.com\/pl\/wp-content\/uploads\/sites\/9\/2021\/12\/essential-face-wash-features.jpg\" loading=\"lazy\"\/>\n   <!--==================================================== Why it works text ====================================================-->\n      \n      <h3>Hecho espec\u00edficamente para la piel de los hombres, este ligero gel de limpieza facial limpia en profundidad y aporta una explosi\u00f3n instant\u00e1nea de frescor a la piel, siendo un primer paso vital para una rutina efectiva del cuidado de la&nbsp;piel.<\/h3>\n<!--==================================================== Composition section ====================================================-->\n      <img decoding=\"async\" alt=\"\" src=\"https:\/\/monatglobal.com\/pl\/wp-content\/uploads\/sites\/9\/2021\/12\/Essential-face-wash-comp1.jpg\" loading=\"lazy\"\/>\n      <img decoding=\"async\" alt=\"\" \n      src=\"https:\/\/monatglobal.com\/pl\/wp-content\/uploads\/sites\/9\/2021\/12\/essential-face-moisturizer-composition3.jpg\" loading=\"lazy\"\/>\n            <!--==================================================== Directions text ====================================================--> \n               <h3>Modo de uso<\/h3>\n                    <p>\/ Aplica una peque\u00f1a cantidad en las yemas de los&nbsp;dedos.<\/p>\n                    <p>\/ Masajea suavemente en la piel mojada con movimientos circulares para crear espuma. Evita el \u00e1rea de los&nbsp;ojos.<\/p> \n                    <p>\/ Aclara bien con agua caliente y secar con peque\u00f1os&nbsp;toques.<\/p> \n                    <p>\/ Puede usarse tanto por el d\u00eda como por la&nbsp;noche.<\/p>\n                    <p>\/ Continuar despu\u00e9s con el Hidratante facial esencial MONAT FOR&nbsp;MEN\u2122.<\/p>\n            <!--==================================================== Directions video ====================================================-->\n      <p>Be Balanced\u2122 <br \/>Lightweight Moisturizer <br \/>0:35<\/p>\n      <a href=\"\" target=\"_blank\" role=\"button\" aria-label=\"\" rel=\"noopener\"><\/a>\n   <!--==================================================== Ingredients section  ====================================================-->\n      <h2>INGREDIENTES ACTIVOS CLAVE<\/h2>\n      <p>REJUVENIQE S\u2122<\/p>\n      <p>\u00c1cidos de frutas naturales AHAS<\/p>\n      <p>Niacinamida vitamina B3<\/p>\n      <p>Extracto de semilla de caf\u00e9 ar\u00e1bica<\/p>\n      <p>Complejo calmante<\/p>\n        <button id=\"myBtn\" type=\"button\">VER LA LISTA DE INGREDIENTES&nbsp;COMPLETA<\/button>\n      <!--==================================================== Modal content  ====================================================-->\n         &times;\n         Aqua\/Water\/Eau, Sodium Cocoyl Isethionate, C12-16 Alcohols, Cocos Nucifera (Coconut) Shell Powder, Glycerin, \n         Lecithin, Palmitic Acid, Coffea Arabica (Coffee) Seed Powder, Xanthan Gum, Sclerotium Gum, Bisabolol, Pullulan, Menthol, Menthone, \n         Calendula Officinalis Flower Extract, Caffeine, Coffea Arabica (Coffee) Seed Extract, Zingiber Officinale (Ginger) Root Extract, \n         Limnanthes Alba (Meadowfoam) Seed Oil, Crambe Abyssinica Seed Oil, Camellia Oleifera Seed Oil, Solanum Lycopersicum (Tomato) Seed \n         Oil, Daucus Carota Sativa (Carrot) Seed Oil, Citrus Limon (Lemon) Peel Oil, Citrus Aurantifolia (Lime) Oil, Citrus Aurantium \n         Bergamia (Bergamot) Fruit Oil, Adansonia Digitata Oil, Mauritia Flexuosa Fruit Oil, Cocos Nucifera (Coconut) Oil, Gardenia Taitensis \n         Flower Extract, Moringa Oleifera Seed Oil, Caryocar Brasiliense Fruit Oil, Helianthus Annuus (Sunflower) Seed Oil, Olea Europaea \n         (Olive) Fruit Oil, Simmondsia Chinensis (Jojoba) Seed Extract, Disodium EDTA-Copper, Benzyl Alcohol, Ethylhexylglycerin, Tocopherol, \n         Fragrance\/Parfum, Limonene, Linalool, Benzyl&nbsp;Benzoate.\n   <!--==================================================== You might also like section ====================================================-->\n      <h2>PUEDE QUE TAMBI\u00c9N TE GUSTE<\/h2>\n      <!--==================================================== Slider YOU MIGHT ALSO LIKE ====================================================-->\n         <!--==================================================== If we need navigation buttons  ====================================================-->\n         <!--==================================================== If we need paginations  ====================================================-->\n    <a href=\"\" aria-label=\"\"><\/a>\n<!--==================================================== this link has to go last for it to work   ====================================================-->\n\n","protected":false},"excerpt":{"rendered":"<p>Limpiador facial esencial MONAT FOR MEN\u2122 Este estimulante y refrescante gel limpiador facial est\u00e1 dise\u00f1ado para limpiar en profundidad a la vez que estimula y refresca la&nbsp;piel. 100 ml \u212e 3.4 fl. oz. Precio de venta Cliente00.00 \u20ac Precio Cliente VIP00.00 \u20ac Para conocer m\u00e1s sobre Limpiador facial esencial MONAT FOR MEN\u2122, ponte en contacto&hellip;<\/p>\n","protected":false},"author":31,"featured_media":109267,"parent":0,"menu_order":0,"comment_status":"closed","ping_status":"closed","template":"","meta":{"inline_featured_image":false,"om_disable_all_campaigns":false,"_monsterinsights_skip_tracking":false,"_monsterinsights_sitenote_active":false,"_monsterinsights_sitenote_note":"","_monsterinsights_sitenote_category":0,"footnotes":""},"categories":[31],"tags":[],"class_list":["post-58676","page","type-page","status-publish","has-post-thumbnail","hentry","category-product-es"],"aioseo_notices":[],"aioseo_head":"\n\t\t<!-- All in One SEO Pro 4.9.5.2 - aioseo.com -->\n\t<meta name=\"description\" content=\"Limpiador facial esencial MONAT FOR MEN\u2122 Este estimulante y refrescante gel limpiador facial est\u00e1 dise\u00f1ado para limpiar en profundidad a la vez que estimula y refresca la piel. 100 ml \u212e 3.4 fl. oz. Precio de venta Cliente00.00 \u20ac Precio Cliente VIP00.00 \u20ac Para conocer m\u00e1s sobre Limpiador facial esencial MONAT FOR MEN\u2122, ponte en contacto\" \/>\n\t<meta name=\"robots\" content=\"max-image-preview:large\" \/>\n\t<link rel=\"canonical\" href=\"https:\/\/monatglobal.com\/es\/men-face-wash\/\" \/>\n\t<meta name=\"generator\" content=\"All in One SEO Pro (AIOSEO) 4.9.5.2\" \/>\n\t\t<meta property=\"og:locale\" content=\"en_US\" \/>\n\t\t<meta property=\"og:site_name\" content=\"MONAT Espa\u00f1a - We Are Modern Nature\u00ae\" \/>\n\t\t<meta property=\"og:type\" content=\"article\" \/>\n\t\t<meta property=\"og:title\" content=\"MONAT FOR MEN\u2122 Essential Face Wash - MONAT Espa\u00f1a\" \/>\n\t\t<meta property=\"og:description\" content=\"Limpiador facial esencial MONAT FOR MEN\u2122 Este estimulante y refrescante gel limpiador facial est\u00e1 dise\u00f1ado para limpiar en profundidad a la vez que estimula y refresca la piel. 100 ml \u212e 3.4 fl. oz. Precio de venta Cliente00.00 \u20ac Precio Cliente VIP00.00 \u20ac Para conocer m\u00e1s sobre Limpiador facial esencial MONAT FOR MEN\u2122, ponte en contacto\" \/>\n\t\t<meta property=\"og:url\" content=\"https:\/\/monatglobal.com\/es\/men-face-wash\/\" \/>\n\t\t<meta property=\"article:published_time\" content=\"2022-03-07T09:00:37+00:00\" \/>\n\t\t<meta property=\"article:modified_time\" content=\"2026-02-24T19:46:19+00:00\" \/>\n\t\t<meta name=\"twitter:card\" content=\"summary_large_image\" \/>\n\t\t<meta name=\"twitter:title\" content=\"MONAT FOR MEN\u2122 Essential Face Wash - MONAT Espa\u00f1a\" \/>\n\t\t<meta name=\"twitter:description\" content=\"Limpiador facial esencial MONAT FOR MEN\u2122 Este estimulante y refrescante gel limpiador facial est\u00e1 dise\u00f1ado para limpiar en profundidad a la vez que estimula y refresca la piel. 100 ml \u212e 3.4 fl. oz. Precio de venta Cliente00.00 \u20ac Precio Cliente VIP00.00 \u20ac Para conocer m\u00e1s sobre Limpiador facial esencial MONAT FOR MEN\u2122, ponte en contacto\" \/>\n\t\t<script type=\"application\/ld+json\" class=\"aioseo-schema\">\n\t\t\t{\"@context\":\"https:\\\/\\\/schema.org\",\"@graph\":[{\"@type\":\"BreadcrumbList\",\"@id\":\"https:\\\/\\\/monatglobal.com\\\/es\\\/men-face-wash\\\/#breadcrumblist\",\"itemListElement\":[{\"@type\":\"ListItem\",\"@id\":\"https:\\\/\\\/monatglobal.com\\\/es#listItem\",\"position\":1,\"name\":\"Home\",\"item\":\"https:\\\/\\\/monatglobal.com\\\/es\",\"nextItem\":{\"@type\":\"ListItem\",\"@id\":\"https:\\\/\\\/monatglobal.com\\\/es\\\/men-face-wash\\\/#listItem\",\"name\":\"MONAT FOR MEN\\u2122 Essential Face Wash\"}},{\"@type\":\"ListItem\",\"@id\":\"https:\\\/\\\/monatglobal.com\\\/es\\\/men-face-wash\\\/#listItem\",\"position\":2,\"name\":\"MONAT FOR MEN\\u2122 Essential Face Wash\",\"previousItem\":{\"@type\":\"ListItem\",\"@id\":\"https:\\\/\\\/monatglobal.com\\\/es#listItem\",\"name\":\"Home\"}}]},{\"@type\":\"Organization\",\"@id\":\"https:\\\/\\\/monatglobal.com\\\/es\\\/#organization\",\"name\":\"MONAT Espa\\u00f1a\",\"description\":\"We Are Modern Nature\\u00ae\",\"url\":\"https:\\\/\\\/monatglobal.com\\\/es\\\/\"},{\"@type\":\"WebPage\",\"@id\":\"https:\\\/\\\/monatglobal.com\\\/es\\\/men-face-wash\\\/#webpage\",\"url\":\"https:\\\/\\\/monatglobal.com\\\/es\\\/men-face-wash\\\/\",\"name\":\"MONAT FOR MEN\\u2122 Essential Face Wash - MONAT Espa\\u00f1a\",\"description\":\"Limpiador facial esencial MONAT FOR MEN\\u2122 Este estimulante y refrescante gel limpiador facial est\\u00e1 dise\\u00f1ado para limpiar en profundidad a la vez que estimula y refresca la piel. 100 ml \\u212e 3.4 fl. oz. Precio de venta Cliente00.00 \\u20ac Precio Cliente VIP00.00 \\u20ac Para conocer m\\u00e1s sobre Limpiador facial esencial MONAT FOR MEN\\u2122, ponte en contacto\",\"inLanguage\":\"en-US\",\"isPartOf\":{\"@id\":\"https:\\\/\\\/monatglobal.com\\\/es\\\/#website\"},\"breadcrumb\":{\"@id\":\"https:\\\/\\\/monatglobal.com\\\/es\\\/men-face-wash\\\/#breadcrumblist\"},\"image\":{\"@type\":\"ImageObject\",\"url\":\"https:\\\/\\\/monatglobal.com\\\/es\\\/wp-content\\\/uploads\\\/sites\\\/10\\\/2026\\\/02\\\/Essential-Face-Wash.png\",\"@id\":\"https:\\\/\\\/monatglobal.com\\\/es\\\/men-face-wash\\\/#mainImage\",\"width\":438,\"height\":546},\"primaryImageOfPage\":{\"@id\":\"https:\\\/\\\/monatglobal.com\\\/es\\\/men-face-wash\\\/#mainImage\"},\"datePublished\":\"2022-03-07T09:00:37+00:00\",\"dateModified\":\"2026-02-24T19:46:19+00:00\"},{\"@type\":\"WebSite\",\"@id\":\"https:\\\/\\\/monatglobal.com\\\/es\\\/#website\",\"url\":\"https:\\\/\\\/monatglobal.com\\\/es\\\/\",\"name\":\"MONAT Espa\\u00f1a\",\"description\":\"We Are Modern Nature\\u00ae\",\"inLanguage\":\"en-US\",\"publisher\":{\"@id\":\"https:\\\/\\\/monatglobal.com\\\/es\\\/#organization\"}}]}\n\t\t<\/script>\n\t\t<!-- All in One SEO Pro -->\r\n\t\t<title>MONAT FOR MEN\u2122 Essential Face Wash - MONAT Espa\u00f1a<\/title>\n\n","aioseo_head_json":{"title":"MONAT FOR MEN\u2122 Essential Face Wash - MONAT Espa\u00f1a","description":"Limpiador facial esencial MONAT FOR MEN\u2122 Este estimulante y refrescante gel limpiador facial est\u00e1 dise\u00f1ado para limpiar en profundidad a la vez que estimula y refresca la piel. 100 ml \u212e 3.4 fl. oz. Precio de venta Cliente00.00 \u20ac Precio Cliente VIP00.00 \u20ac Para conocer m\u00e1s sobre Limpiador facial esencial MONAT FOR MEN\u2122, ponte en contacto","canonical_url":"https:\/\/monatglobal.com\/es\/men-face-wash\/","robots":"max-image-preview:large","keywords":"","webmasterTools":{"miscellaneous":""},"schema":{"@context":"https:\/\/schema.org","@graph":[{"@type":"BreadcrumbList","@id":"https:\/\/monatglobal.com\/es\/men-face-wash\/#breadcrumblist","itemListElement":[{"@type":"ListItem","@id":"https:\/\/monatglobal.com\/es#listItem","position":1,"name":"Home","item":"https:\/\/monatglobal.com\/es","nextItem":{"@type":"ListItem","@id":"https:\/\/monatglobal.com\/es\/men-face-wash\/#listItem","name":"MONAT FOR MEN\u2122 Essential Face Wash"}},{"@type":"ListItem","@id":"https:\/\/monatglobal.com\/es\/men-face-wash\/#listItem","position":2,"name":"MONAT FOR MEN\u2122 Essential Face Wash","previousItem":{"@type":"ListItem","@id":"https:\/\/monatglobal.com\/es#listItem","name":"Home"}}]},{"@type":"Organization","@id":"https:\/\/monatglobal.com\/es\/#organization","name":"MONAT Espa\u00f1a","description":"We Are Modern Nature\u00ae","url":"https:\/\/monatglobal.com\/es\/"},{"@type":"WebPage","@id":"https:\/\/monatglobal.com\/es\/men-face-wash\/#webpage","url":"https:\/\/monatglobal.com\/es\/men-face-wash\/","name":"MONAT FOR MEN\u2122 Essential Face Wash - MONAT Espa\u00f1a","description":"Limpiador facial esencial MONAT FOR MEN\u2122 Este estimulante y refrescante gel limpiador facial est\u00e1 dise\u00f1ado para limpiar en profundidad a la vez que estimula y refresca la piel. 100 ml \u212e 3.4 fl. oz. Precio de venta Cliente00.00 \u20ac Precio Cliente VIP00.00 \u20ac Para conocer m\u00e1s sobre Limpiador facial esencial MONAT FOR MEN\u2122, ponte en contacto","inLanguage":"en-US","isPartOf":{"@id":"https:\/\/monatglobal.com\/es\/#website"},"breadcrumb":{"@id":"https:\/\/monatglobal.com\/es\/men-face-wash\/#breadcrumblist"},"image":{"@type":"ImageObject","url":"https:\/\/monatglobal.com\/es\/wp-content\/uploads\/sites\/10\/2026\/02\/Essential-Face-Wash.png","@id":"https:\/\/monatglobal.com\/es\/men-face-wash\/#mainImage","width":438,"height":546},"primaryImageOfPage":{"@id":"https:\/\/monatglobal.com\/es\/men-face-wash\/#mainImage"},"datePublished":"2022-03-07T09:00:37+00:00","dateModified":"2026-02-24T19:46:19+00:00"},{"@type":"WebSite","@id":"https:\/\/monatglobal.com\/es\/#website","url":"https:\/\/monatglobal.com\/es\/","name":"MONAT Espa\u00f1a","description":"We Are Modern Nature\u00ae","inLanguage":"en-US","publisher":{"@id":"https:\/\/monatglobal.com\/es\/#organization"}}]},"og:locale":"en_US","og:site_name":"MONAT Espa\u00f1a - We Are Modern Nature\u00ae","og:type":"article","og:title":"MONAT FOR MEN\u2122 Essential Face Wash - MONAT Espa\u00f1a","og:description":"Limpiador facial esencial MONAT FOR MEN\u2122 Este estimulante y refrescante gel limpiador facial est\u00e1 dise\u00f1ado para limpiar en profundidad a la vez que estimula y refresca la piel. 100 ml \u212e 3.4 fl. oz. Precio de venta Cliente00.00 \u20ac Precio Cliente VIP00.00 \u20ac Para conocer m\u00e1s sobre Limpiador facial esencial MONAT FOR MEN\u2122, ponte en contacto","og:url":"https:\/\/monatglobal.com\/es\/men-face-wash\/","article:published_time":"2022-03-07T09:00:37+00:00","article:modified_time":"2026-02-24T19:46:19+00:00","twitter:card":"summary_large_image","twitter:title":"MONAT FOR MEN\u2122 Essential Face Wash - MONAT Espa\u00f1a","twitter:description":"Limpiador facial esencial MONAT FOR MEN\u2122 Este estimulante y refrescante gel limpiador facial est\u00e1 dise\u00f1ado para limpiar en profundidad a la vez que estimula y refresca la piel. 100 ml \u212e 3.4 fl. oz. Precio de venta Cliente00.00 \u20ac Precio Cliente VIP00.00 \u20ac Para conocer m\u00e1s sobre Limpiador facial esencial MONAT FOR MEN\u2122, ponte en contacto"},"aioseo_meta_data":{"post_id":"58676","title":null,"description":null,"keywords":null,"keyphrases":null,"primary_term":null,"canonical_url":null,"og_title":null,"og_description":null,"og_object_type":"default","og_image_type":"default","og_image_url":null,"og_image_width":null,"og_image_height":null,"og_image_custom_url":null,"og_image_custom_fields":null,"og_video":null,"og_custom_url":null,"og_article_section":null,"og_article_tags":null,"twitter_use_og":false,"twitter_card":"default","twitter_image_type":"default","twitter_image_url":null,"twitter_image_custom_url":null,"twitter_image_custom_fields":null,"twitter_title":null,"twitter_description":null,"schema":{"blockGraphs":[],"customGraphs":[],"default":{"data":{"Article":[],"Course":[],"Dataset":[],"FAQPage":[],"Movie":[],"Person":[],"Product":[],"ProductReview":[],"Car":[],"Recipe":[],"Service":[],"SoftwareApplication":[],"WebPage":[]},"graphName":"WebPage","isEnabled":true},"graphs":[]},"schema_type":"default","schema_type_options":null,"pillar_content":false,"robots_default":true,"robots_noindex":false,"robots_noarchive":false,"robots_nosnippet":false,"robots_nofollow":false,"robots_noimageindex":false,"robots_noodp":false,"robots_notranslate":false,"robots_max_snippet":null,"robots_max_videopreview":null,"robots_max_imagepreview":"large","priority":null,"frequency":null,"local_seo":null,"seo_analyzer_scan_date":"2026-02-24 20:16:24","limit_modified_date":false,"reviewed_by":null,"open_ai":null,"ai":null,"created":"2023-07-26 09:29:34","updated":"2026-02-24 20:16:24"},"aioseo_breadcrumb":"<div class=\"aioseo-breadcrumbs\"><span class=\"aioseo-breadcrumb\">\n\t<a href=\"https:\/\/monatglobal.com\/es\" title=\"Home\">Home<\/a>\n<\/span><span class=\"aioseo-breadcrumb-separator\">&raquo;<\/span><span class=\"aioseo-breadcrumb\">\n\tMONAT FOR MEN\u2122 Essential Face Wash\n<\/span><\/div>","aioseo_breadcrumb_json":[{"label":"Home","link":"https:\/\/monatglobal.com\/es"},{"label":"MONAT FOR MEN\u2122 Essential Face Wash","link":"https:\/\/monatglobal.com\/es\/men-face-wash\/"}],"_links":{"self":[{"href":"https:\/\/monatglobal.com\/es\/wp-json\/wp\/v2\/pages\/58676","targetHints":{"allow":["GET"]}}],"collection":[{"href":"https:\/\/monatglobal.com\/es\/wp-json\/wp\/v2\/pages"}],"about":[{"href":"https:\/\/monatglobal.com\/es\/wp-json\/wp\/v2\/types\/page"}],"author":[{"embeddable":true,"href":"https:\/\/monatglobal.com\/es\/wp-json\/wp\/v2\/users\/31"}],"replies":[{"embeddable":true,"href":"https:\/\/monatglobal.com\/es\/wp-json\/wp\/v2\/comments?post=58676"}],"version-history":[{"count":22,"href":"https:\/\/monatglobal.com\/es\/wp-json\/wp\/v2\/pages\/58676\/revisions"}],"predecessor-version":[{"id":109266,"href":"https:\/\/monatglobal.com\/es\/wp-json\/wp\/v2\/pages\/58676\/revisions\/109266"}],"wp:featuredmedia":[{"embeddable":true,"href":"https:\/\/monatglobal.com\/es\/wp-json\/wp\/v2\/media\/109267"}],"wp:attachment":[{"href":"https:\/\/monatglobal.com\/es\/wp-json\/wp\/v2\/media?parent=58676"}],"wp:term":[{"taxonomy":"category","embeddable":true,"href":"https:\/\/monatglobal.com\/es\/wp-json\/wp\/v2\/categories?post=58676"},{"taxonomy":"post_tag","embeddable":true,"href":"https:\/\/monatglobal.com\/es\/wp-json\/wp\/v2\/tags?post=58676"}],"curies":[{"name":"wp","href":"https:\/\/api.w.org\/{rel}","templated":true}]}}