{"id":49965,"date":"2020-01-21T12:35:15","date_gmt":"2020-01-21T17:35:15","guid":{"rendered":"https:\/\/monatglobal.com\/?page_id=49907"},"modified":"2026-02-23T20:36:30","modified_gmt":"2026-02-23T20:36:30","slug":"unknot-detangler","status":"publish","type":"page","link":"https:\/\/monatglobal.com\/es\/unknot-detangler\/","title":{"rendered":"Desenredante de nudos | MONAT Productos"},"content":{"rendered":"\n<link rel=\"stylesheet\" href=\"https:\/\/unpkg.com\/swiper\/swiper-bundle.min.css\">\n<link rel=\"stylesheet\" href=\"https:\/\/monatglobal.com\/wp-content\/creative_css\/product_styles_sheet.css\">\n   <!--==================================================== ECOMM SECTION ====================================================-->\n      <!--==================================================== Ecomm image ====================================================-->\n       \n      <img decoding=\"async\" src=\"https:\/\/monatglobal.com\/es\/wp-content\/uploads\/sites\/10\/2022\/07\/unknot-detangler-ecomm.png\" alt=\"Imagen del producto Desenredante de nudos\" loading=\"lazy\">\n         \n      <!--==================================================== Ecomm information  ====================================================-->\n         \n         <h1>Desenredante<br>de nudos<\/h1>\n         <p>Reforzado con REJUVENIQE S\u2122<\/p>\n         <p>Un ligero desenredante que acondiciona y restaura el cabello, dejando los mechones suaves y sin nudos.<\/p>\n         <p>134 ml \u212e 4.5 fl oz<\/p>\n       <!--==================================================== pricing box  ====================================================-->  \n         <p>Precio de venta Cliente<br>00.00 \u20ac<\/p>\n         <p>Precio Cliente VIP<br>00.00 \u20ac<\/p>\n        <!--==================================================== pricing box  ====================================================--> \n         <p>Para conocer m\u00e1s sobre el Desenredante de nudos MONAT STUDIO ONE\u2122 ponte en contacto con tu Market Partner de&nbsp;MONAT.<\/p>\n          <a href=\"\" target=\"_blank\" role=\"button\" aria-label=\"\" rel=\"noopener\"><\/a>\n   <!--==================================================== \/ECOMM SECTION  ====================================================-->\n   <!--==================================================== Benefits image ====================================================-->\n  \n    <source media=\"(max-width: 700px)\" srcset=\"https:\/\/monatglobal.com\/es\/wp-content\/uploads\/sites\/10\/2022\/07\/unknot-detangler-benefits-700-1.jpg\" loading=\"lazy\">\n      <img decoding=\"async\" src=\"https:\/\/monatglobal.com\/es\/wp-content\/uploads\/sites\/10\/2022\/07\/unknot-detangler-benefits-1.jpg\" alt=\"Mujer casta\u00f1a sonriendo mientras sujeta su voluminoso cabello.\" loading=\"lazy\">\n    \n   <!--==================================================== Benefits text ====================================================-->\n         <h2>BENEFICIOS<\/h2>\n         <h3>Deja el cabello con una sensaci\u00f3n suave, desenredado y acondicionado.<\/h3>\n         <p>Controla el encrespamiento y ayuda a reducir la electricidad est\u00e1tica. Contiene un absorbente de rayos UV para ayudar a proteger la p\u00e9rdida de color. Fortalece y protege el cabello de las roturas causadas por el cepillado. Prepara el cabello antes de usar los productos para Peinar. Puede usarse a diario sobre el cabello seco y h\u00famedo.<\/p>\n         <!--==================================================== features image  ====================================================-->\n         <img decoding=\"async\" alt=\"El Desenredante de nudos tumbado sobre un largo cabello rubio sobre un fondo blanco.\" src=\"https:\/\/monatglobal.com\/es\/wp-content\/uploads\/sites\/10\/2022\/07\/unknot-features.jpg\" loading=\"lazy\">\n      <!--==================================================== features text ====================================================-->\n            <h3>Propiedades<\/h3>\n               <p>\/ F\u00f3rmula ligera para desenredar al instante sin apelmazar<\/p>\n               <p>\/ Ayuda a fortalecer a la vez que mantiene la hidrataci\u00f3n y suavidad del cabello<\/p>\n               <p>\/ Apto para cabellos te\u00f1idos<\/p>\n               <p>\/ Fant\u00e1stico para todo tipo de cabello y texturas<\/p>\n               <p>\/ Sometido a pruebas dermatol\u00f3gicas<\/p>\n               <p>\/ Sin crueldad animal<\/p>\n               <p>\/ Vegano<\/p>\n               <br>\n            <p>Fragrance \/ Unwind and enjoy a coconut-forward, citrusy aroma with notes of blood orange, coconut husk, cashew nut and&nbsp;sandalwood. <\/p>\n            <p> Texture \/ Cream <\/p>\n   <!--==================================================== composition image mobile ====================================================-->\n   <img decoding=\"async\" alt=\"Un envase de Desenredante de nudos abierto sobre una baldosa de m\u00e1rmol, junto a un peine morado, una toalla y un peque\u00f1o plato blanco.\" src=\"https:\/\/monatglobal.com\/es\/wp-content\/uploads\/sites\/10\/2022\/07\/unknot-detangler-comp-1-1.jpg\" loading=\"lazy\">\n   <!--==================================================== Why it works text ====================================================-->\n      \n      <h3>Acondiciona. Suaviza. Fortalece.<\/h3>\n      <p>Crear el estilo perfecto no deber\u00eda liarte entre nudos. Con el Desenredante de nudos MONAT conseguir\u00e1s un cabello suave y manejable, dejando atr\u00e1s los enredos y los nudos. Reforzado con REJUVENIQE S\u2122, este desenredante multiusos sin aclarado desenreda, fortalece y acondiciona ya que quita los nudos de manera instant\u00e1nea y regula el encrespamiento, dejando un cabello sedoso y suave al tacto.<\/p>\n<!--==================================================== Composition section ====================================================-->\n      <img decoding=\"async\" alt=\"Un envase de Desenredante de nudos abierto sobre una baldosa de m\u00e1rmol, junto a un peine morado, una toalla y un peque\u00f1o plato blanco.\" src=\"https:\/\/monatglobal.com\/es\/wp-content\/uploads\/sites\/10\/2022\/07\/unknot-detangler-comp-1-1.jpg\" loading=\"lazy\">\n      <img decoding=\"async\" alt=\"Mujer casta\u00f1a sonriendo y cepill\u00e1ndose el cabello sobre un brillante fondo p\u00farpura.\" src=\"https:\/\/monatglobal.com\/es\/wp-content\/uploads\/sites\/10\/2022\/07\/unknot-detangler-comp-3.jpg\" loading=\"lazy\">\n            <!--==================================================== Directions text ====================================================--> \n               <h3>Modo de uso<\/h3>\n                    <p>\/ Pulverizar sobre el cabello previamente secado con una toalla, centr\u00e1ndose en las zonas con nudos. <\/p>\n                    <p>\/ Cepillar y peinar como de costumbre.<\/p>\n            <!--==================================================== Directions video ====================================================-->\n      <p>Be Balanced\u2122 <br>Lightweight Moisturizer <br>0:35<\/p>\n      <a href=\"\" target=\"_blank\" role=\"button\" aria-label=\"\" rel=\"noopener\"><\/a>\n   <!--==================================================== Ingredients section  ====================================================-->\n      <h2>INGREDIENTES ACTIVOS CLAVE<\/h2>\n      <p>REJUVENIQE S\u2122 <\/p>\n      <p>Fiber Rescue\u2122<\/p>\n      <p>Procataline\u2122<\/p>\n      <p>Crodasorb\u2122<\/p>\n      <p>Rejuvasoft\u2122<\/p>\n        <button id=\"myBtn\" type=\"button\">VER LA LISTA DE INGREDIENTES COMPLETA<\/button>\n      <!--==================================================== Modal content  ====================================================-->\n         \u00d7\n         <p>Aqua\/Water\/Eau, Cetearyl Alcohol, Coconut Alkanes, Panthenol, Pisum Sativum (Pea) Extract, Prunus Amygdalus Dulcis (Sweet Almond) Protein, Limnanthes Alba (Meadowfoam) Seed Oil, Crambe Abyssinica Seed Oil, Camellia Oleifera Seed Oil, Solanum Lycopersicum (Tomato) Seed Oil, Daucus Carota Sativa (Carrot) Seed Oil, Citrus Limon (Lemon) Peel Oil, Citrus Aurantifolia (Lime) Oil, Citrus Aurantium Bergamia (Bergamot) Fruit Oil, Adansonia Digitata Oil, Mauritia Flexuosa Fruit Oil, Cocos Nucifera (Coconut) Oil, Gardenia Taitensis Flower Extract, Moringa Oleifera Seed Oil, Caryocar Brasiliense Fruit Oil, Helianthus Annuus (Sunflower) Seed Oil, Olea Europaea (Olive) Fruit Oil, Simmondsia Chinensis (Jojoba) Seed Extract, Tocopherol, Glycerin, Lauryl Glucoside, Myristyl Glucoside, Polyglyceryl-6 Laurate, Quaternium-91, Myristyl Myristate, Behentrimonium Chloride, Coco-Caprylate\/Caprate, Cinnamidopropyltrimonium Chloride, Sodium Palmitate, Fragrance\/Parfum, Ethylhexylglycerin, Benzyl Alcohol, Limonene, Linalool.<\/p>\n   <!--==================================================== You might also like section ====================================================-->\n      <h2>PUEDE QUE TAMBI\u00c9N TE GUSTE<\/h2>\n      <!--==================================================== Slider YOU MIGHT ALSO LIKE ====================================================-->\n         <!--==================================================== If we need navigation buttons  ====================================================-->\n         <!--==================================================== If we need paginations  ====================================================-->\n    <a href=\"\" aria-label=\"\"><\/a>\n<!--==================================================== this link has to go last for it to work   ====================================================-->\n","protected":false},"excerpt":{"rendered":"<p>Desenredantede nudos Reforzado con REJUVENIQE S\u2122 Un ligero desenredante que acondiciona y restaura el cabello, dejando los mechones suaves y sin nudos. 134 ml \u212e 4.5 fl oz Precio de venta Cliente00.00 \u20ac Precio Cliente VIP00.00 \u20ac Para conocer m\u00e1s sobre el Desenredante de nudos MONAT STUDIO ONE\u2122 ponte en contacto con tu Market Partner&hellip;<\/p>\n","protected":false},"author":31,"featured_media":72258,"parent":0,"menu_order":0,"comment_status":"closed","ping_status":"closed","template":"","meta":{"inline_featured_image":false,"om_disable_all_campaigns":false,"_monsterinsights_skip_tracking":false,"_monsterinsights_sitenote_active":false,"_monsterinsights_sitenote_note":"","_monsterinsights_sitenote_category":0,"footnotes":""},"categories":[31],"tags":[],"class_list":["post-49965","page","type-page","status-publish","has-post-thumbnail","hentry","category-product-es"],"aioseo_notices":[],"aioseo_head":"\n\t\t<!-- All in One SEO Pro 4.9.6 - aioseo.com -->\n\t<meta name=\"description\" content=\"Desenredantede nudos Reforzado con REJUVENIQE S\u2122 Un ligero desenredante que acondiciona y restaura el cabello, dejando los mechones suaves y sin nudos. 134 ml \u212e 4.5 fl oz Precio de venta Cliente00.00 \u20ac Precio Cliente VIP00.00 \u20ac Para conocer m\u00e1s sobre el Desenredante de nudos MONAT STUDIO ONE\u2122 ponte en contacto con tu Market Partner\" \/>\n\t<meta name=\"robots\" content=\"max-image-preview:large\" \/>\n\t<link rel=\"canonical\" href=\"https:\/\/monatglobal.com\/es\/unknot-detangler\/\" \/>\n\t<meta name=\"generator\" content=\"All in One SEO Pro (AIOSEO) 4.9.6\" \/>\n\t\t<meta property=\"og:locale\" content=\"en_US\" \/>\n\t\t<meta property=\"og:site_name\" content=\"MONAT Espa\u00f1a - We Are Modern Nature\u00ae\" \/>\n\t\t<meta property=\"og:type\" content=\"article\" \/>\n\t\t<meta property=\"og:title\" content=\"Desenredante de nudos | MONAT Productos\" \/>\n\t\t<meta property=\"og:description\" content=\"Desenredantede nudos Reforzado con REJUVENIQE S\u2122 Un ligero desenredante que acondiciona y restaura el cabello, dejando los mechones suaves y sin nudos. 134 ml \u212e 4.5 fl oz Precio de venta Cliente00.00 \u20ac Precio Cliente VIP00.00 \u20ac Para conocer m\u00e1s sobre el Desenredante de nudos MONAT STUDIO ONE\u2122 ponte en contacto con tu Market Partner\" \/>\n\t\t<meta property=\"og:url\" content=\"https:\/\/monatglobal.com\/es\/unknot-detangler\/\" \/>\n\t\t<meta property=\"article:published_time\" content=\"2020-01-21T17:35:15+00:00\" \/>\n\t\t<meta property=\"article:modified_time\" content=\"2026-02-23T20:36:30+00:00\" \/>\n\t\t<meta name=\"twitter:card\" content=\"summary_large_image\" \/>\n\t\t<meta name=\"twitter:title\" content=\"Desenredante de nudos | MONAT Productos\" \/>\n\t\t<meta name=\"twitter:description\" content=\"Desenredantede nudos Reforzado con REJUVENIQE S\u2122 Un ligero desenredante que acondiciona y restaura el cabello, dejando los mechones suaves y sin nudos. 134 ml \u212e 4.5 fl oz Precio de venta Cliente00.00 \u20ac Precio Cliente VIP00.00 \u20ac Para conocer m\u00e1s sobre el Desenredante de nudos MONAT STUDIO ONE\u2122 ponte en contacto con tu Market Partner\" \/>\n\t\t<script type=\"application\/ld+json\" class=\"aioseo-schema\">\n\t\t\t{\"@context\":\"https:\\\/\\\/schema.org\",\"@graph\":[{\"@type\":\"BreadcrumbList\",\"@id\":\"https:\\\/\\\/monatglobal.com\\\/es\\\/unknot-detangler\\\/#breadcrumblist\",\"itemListElement\":[{\"@type\":\"ListItem\",\"@id\":\"https:\\\/\\\/monatglobal.com\\\/es#listItem\",\"position\":1,\"name\":\"Home\",\"item\":\"https:\\\/\\\/monatglobal.com\\\/es\",\"nextItem\":{\"@type\":\"ListItem\",\"@id\":\"https:\\\/\\\/monatglobal.com\\\/es\\\/unknot-detangler\\\/#listItem\",\"name\":\"Desenredante de nudos | MONAT Productos\"}},{\"@type\":\"ListItem\",\"@id\":\"https:\\\/\\\/monatglobal.com\\\/es\\\/unknot-detangler\\\/#listItem\",\"position\":2,\"name\":\"Desenredante de nudos | MONAT Productos\",\"previousItem\":{\"@type\":\"ListItem\",\"@id\":\"https:\\\/\\\/monatglobal.com\\\/es#listItem\",\"name\":\"Home\"}}]},{\"@type\":\"Organization\",\"@id\":\"https:\\\/\\\/monatglobal.com\\\/es\\\/#organization\",\"name\":\"MONAT Espa\\u00f1a\",\"description\":\"We Are Modern Nature\\u00ae\",\"url\":\"https:\\\/\\\/monatglobal.com\\\/es\\\/\"},{\"@type\":\"WebPage\",\"@id\":\"https:\\\/\\\/monatglobal.com\\\/es\\\/unknot-detangler\\\/#webpage\",\"url\":\"https:\\\/\\\/monatglobal.com\\\/es\\\/unknot-detangler\\\/\",\"name\":\"Desenredante de nudos | MONAT Productos\",\"description\":\"Desenredantede nudos Reforzado con REJUVENIQE S\\u2122 Un ligero desenredante que acondiciona y restaura el cabello, dejando los mechones suaves y sin nudos. 134 ml \\u212e 4.5 fl oz Precio de venta Cliente00.00 \\u20ac Precio Cliente VIP00.00 \\u20ac Para conocer m\\u00e1s sobre el Desenredante de nudos MONAT STUDIO ONE\\u2122 ponte en contacto con tu Market Partner\",\"inLanguage\":\"en-US\",\"isPartOf\":{\"@id\":\"https:\\\/\\\/monatglobal.com\\\/es\\\/#website\"},\"breadcrumb\":{\"@id\":\"https:\\\/\\\/monatglobal.com\\\/es\\\/unknot-detangler\\\/#breadcrumblist\"},\"image\":{\"@type\":\"ImageObject\",\"url\":\"https:\\\/\\\/monatglobal.com\\\/es\\\/wp-content\\\/uploads\\\/sites\\\/10\\\/2022\\\/07\\\/unknot-detangler-ecomm.png\",\"@id\":\"https:\\\/\\\/monatglobal.com\\\/es\\\/unknot-detangler\\\/#mainImage\",\"width\":641,\"height\":800},\"primaryImageOfPage\":{\"@id\":\"https:\\\/\\\/monatglobal.com\\\/es\\\/unknot-detangler\\\/#mainImage\"},\"datePublished\":\"2020-01-21T12:35:15+00:00\",\"dateModified\":\"2026-02-23T20:36:30+00:00\"},{\"@type\":\"WebSite\",\"@id\":\"https:\\\/\\\/monatglobal.com\\\/es\\\/#website\",\"url\":\"https:\\\/\\\/monatglobal.com\\\/es\\\/\",\"name\":\"MONAT Espa\\u00f1a\",\"description\":\"We Are Modern Nature\\u00ae\",\"inLanguage\":\"en-US\",\"publisher\":{\"@id\":\"https:\\\/\\\/monatglobal.com\\\/es\\\/#organization\"}}]}\n\t\t<\/script>\n\t\t<!-- All in One SEO Pro -->\r\n\t\t<title>Desenredante de nudos | MONAT Productos<\/title>\n\n","aioseo_head_json":{"title":"Desenredante de nudos | MONAT Productos","description":"Desenredantede nudos Reforzado con REJUVENIQE S\u2122 Un ligero desenredante que acondiciona y restaura el cabello, dejando los mechones suaves y sin nudos. 134 ml \u212e 4.5 fl oz Precio de venta Cliente00.00 \u20ac Precio Cliente VIP00.00 \u20ac Para conocer m\u00e1s sobre el Desenredante de nudos MONAT STUDIO ONE\u2122 ponte en contacto con tu Market Partner","canonical_url":"https:\/\/monatglobal.com\/es\/unknot-detangler\/","robots":"max-image-preview:large","keywords":"","webmasterTools":{"miscellaneous":""},"schema":{"@context":"https:\/\/schema.org","@graph":[{"@type":"BreadcrumbList","@id":"https:\/\/monatglobal.com\/es\/unknot-detangler\/#breadcrumblist","itemListElement":[{"@type":"ListItem","@id":"https:\/\/monatglobal.com\/es#listItem","position":1,"name":"Home","item":"https:\/\/monatglobal.com\/es","nextItem":{"@type":"ListItem","@id":"https:\/\/monatglobal.com\/es\/unknot-detangler\/#listItem","name":"Desenredante de nudos | MONAT Productos"}},{"@type":"ListItem","@id":"https:\/\/monatglobal.com\/es\/unknot-detangler\/#listItem","position":2,"name":"Desenredante de nudos | MONAT Productos","previousItem":{"@type":"ListItem","@id":"https:\/\/monatglobal.com\/es#listItem","name":"Home"}}]},{"@type":"Organization","@id":"https:\/\/monatglobal.com\/es\/#organization","name":"MONAT Espa\u00f1a","description":"We Are Modern Nature\u00ae","url":"https:\/\/monatglobal.com\/es\/"},{"@type":"WebPage","@id":"https:\/\/monatglobal.com\/es\/unknot-detangler\/#webpage","url":"https:\/\/monatglobal.com\/es\/unknot-detangler\/","name":"Desenredante de nudos | MONAT Productos","description":"Desenredantede nudos Reforzado con REJUVENIQE S\u2122 Un ligero desenredante que acondiciona y restaura el cabello, dejando los mechones suaves y sin nudos. 134 ml \u212e 4.5 fl oz Precio de venta Cliente00.00 \u20ac Precio Cliente VIP00.00 \u20ac Para conocer m\u00e1s sobre el Desenredante de nudos MONAT STUDIO ONE\u2122 ponte en contacto con tu Market Partner","inLanguage":"en-US","isPartOf":{"@id":"https:\/\/monatglobal.com\/es\/#website"},"breadcrumb":{"@id":"https:\/\/monatglobal.com\/es\/unknot-detangler\/#breadcrumblist"},"image":{"@type":"ImageObject","url":"https:\/\/monatglobal.com\/es\/wp-content\/uploads\/sites\/10\/2022\/07\/unknot-detangler-ecomm.png","@id":"https:\/\/monatglobal.com\/es\/unknot-detangler\/#mainImage","width":641,"height":800},"primaryImageOfPage":{"@id":"https:\/\/monatglobal.com\/es\/unknot-detangler\/#mainImage"},"datePublished":"2020-01-21T12:35:15+00:00","dateModified":"2026-02-23T20:36:30+00:00"},{"@type":"WebSite","@id":"https:\/\/monatglobal.com\/es\/#website","url":"https:\/\/monatglobal.com\/es\/","name":"MONAT Espa\u00f1a","description":"We Are Modern Nature\u00ae","inLanguage":"en-US","publisher":{"@id":"https:\/\/monatglobal.com\/es\/#organization"}}]},"og:locale":"en_US","og:site_name":"MONAT Espa\u00f1a - We Are Modern Nature\u00ae","og:type":"article","og:title":"Desenredante de nudos | MONAT Productos","og:description":"Desenredantede nudos Reforzado con REJUVENIQE S\u2122 Un ligero desenredante que acondiciona y restaura el cabello, dejando los mechones suaves y sin nudos. 134 ml \u212e 4.5 fl oz Precio de venta Cliente00.00 \u20ac Precio Cliente VIP00.00 \u20ac Para conocer m\u00e1s sobre el Desenredante de nudos MONAT STUDIO ONE\u2122 ponte en contacto con tu Market Partner","og:url":"https:\/\/monatglobal.com\/es\/unknot-detangler\/","article:published_time":"2020-01-21T17:35:15+00:00","article:modified_time":"2026-02-23T20:36:30+00:00","twitter:card":"summary_large_image","twitter:title":"Desenredante de nudos | MONAT Productos","twitter:description":"Desenredantede nudos Reforzado con REJUVENIQE S\u2122 Un ligero desenredante que acondiciona y restaura el cabello, dejando los mechones suaves y sin nudos. 134 ml \u212e 4.5 fl oz Precio de venta Cliente00.00 \u20ac Precio Cliente VIP00.00 \u20ac Para conocer m\u00e1s sobre el Desenredante de nudos MONAT STUDIO ONE\u2122 ponte en contacto con tu Market Partner"},"aioseo_meta_data":{"post_id":"49965","title":"Desenredante de nudos | MONAT Productos","description":null,"keywords":null,"keyphrases":{"focus":{"keyphrase":"","score":0,"analysis":{"keyphraseInTitle":{"score":0,"maxScore":9,"error":1}}},"additional":[]},"primary_term":null,"canonical_url":null,"og_title":null,"og_description":null,"og_object_type":"default","og_image_type":"default","og_image_url":null,"og_image_width":null,"og_image_height":null,"og_image_custom_url":null,"og_image_custom_fields":null,"og_video":"","og_custom_url":null,"og_article_section":null,"og_article_tags":null,"twitter_use_og":false,"twitter_card":"default","twitter_image_type":"default","twitter_image_url":null,"twitter_image_custom_url":null,"twitter_image_custom_fields":null,"twitter_title":null,"twitter_description":null,"schema":{"blockGraphs":[],"customGraphs":[],"default":{"data":{"Article":[],"Course":[],"Dataset":[],"FAQPage":[],"Movie":[],"Person":[],"Product":[],"ProductReview":[],"Car":[],"Recipe":[],"Service":[],"SoftwareApplication":[],"WebPage":[]},"graphName":"WebPage","isEnabled":true},"graphs":[]},"schema_type":"default","schema_type_options":null,"pillar_content":false,"robots_default":true,"robots_noindex":false,"robots_noarchive":false,"robots_nosnippet":false,"robots_nofollow":false,"robots_noimageindex":false,"robots_noodp":false,"robots_notranslate":false,"robots_max_snippet":"-1","robots_max_videopreview":"-1","robots_max_imagepreview":"large","priority":null,"frequency":"default","local_seo":null,"seo_analyzer_scan_date":"2026-02-23 20:50:49","limit_modified_date":false,"reviewed_by":"0","open_ai":null,"ai":{"faqs":[],"keyPoints":[],"titles":[],"descriptions":[],"socialPosts":{"email":[],"linkedin":[],"twitter":[],"facebook":[],"instagram":[]}},"created":"2023-07-26 09:15:43","updated":"2026-02-23 20:50:49"},"aioseo_breadcrumb":"<div class=\"aioseo-breadcrumbs\"><span class=\"aioseo-breadcrumb\">\n\t<a href=\"https:\/\/monatglobal.com\/es\" title=\"Home\">Home<\/a>\n<\/span><span class=\"aioseo-breadcrumb-separator\">&raquo;<\/span><span class=\"aioseo-breadcrumb\">\n\tDesenredante de nudos | MONAT Productos\n<\/span><\/div>","aioseo_breadcrumb_json":[{"label":"Home","link":"https:\/\/monatglobal.com\/es"},{"label":"Desenredante de nudos | MONAT Productos","link":"https:\/\/monatglobal.com\/es\/unknot-detangler\/"}],"_links":{"self":[{"href":"https:\/\/monatglobal.com\/es\/wp-json\/wp\/v2\/pages\/49965","targetHints":{"allow":["GET"]}}],"collection":[{"href":"https:\/\/monatglobal.com\/es\/wp-json\/wp\/v2\/pages"}],"about":[{"href":"https:\/\/monatglobal.com\/es\/wp-json\/wp\/v2\/types\/page"}],"author":[{"embeddable":true,"href":"https:\/\/monatglobal.com\/es\/wp-json\/wp\/v2\/users\/31"}],"replies":[{"embeddable":true,"href":"https:\/\/monatglobal.com\/es\/wp-json\/wp\/v2\/comments?post=49965"}],"version-history":[{"count":51,"href":"https:\/\/monatglobal.com\/es\/wp-json\/wp\/v2\/pages\/49965\/revisions"}],"predecessor-version":[{"id":109182,"href":"https:\/\/monatglobal.com\/es\/wp-json\/wp\/v2\/pages\/49965\/revisions\/109182"}],"wp:featuredmedia":[{"embeddable":true,"href":"https:\/\/monatglobal.com\/es\/wp-json\/wp\/v2\/media\/72258"}],"wp:attachment":[{"href":"https:\/\/monatglobal.com\/es\/wp-json\/wp\/v2\/media?parent=49965"}],"wp:term":[{"taxonomy":"category","embeddable":true,"href":"https:\/\/monatglobal.com\/es\/wp-json\/wp\/v2\/categories?post=49965"},{"taxonomy":"post_tag","embeddable":true,"href":"https:\/\/monatglobal.com\/es\/wp-json\/wp\/v2\/tags?post=49965"}],"curies":[{"name":"wp","href":"https:\/\/api.w.org\/{rel}","templated":true}]}}