{"id":20989,"date":"2017-08-27T00:17:42","date_gmt":"2017-08-27T05:17:42","guid":{"rendered":"https:\/\/monatglobal.com\/uk\/?page_id=20989"},"modified":"2026-02-23T20:17:15","modified_gmt":"2026-02-23T20:17:15","slug":"super-moisture-masque","status":"publish","type":"page","link":"https:\/\/monatglobal.com\/es\/super-moisture-masque\/","title":{"rendered":"Mascarilla superhidratante | Mascarilla capilar | MONAT productos para el cuidado del cabello"},"content":{"rendered":"\n<link rel=\"stylesheet\" href=\"https:\/\/monatglobal.com\/wp-content\/creative_css\/product_styles_sheet.css\">\n   <!--==================================================== ECOMM SECTION ====================================================-->\n      <!--==================================================== Ecomm image ====================================================-->\n         NEW\n               <img decoding=\"async\" alt=\"Product shot of the Super Moisture Masque\" src=\"https:\/\/monatglobal.com\/wp-content\/uploads\/2024\/01\/A-tube-Renew-Conditioner-on-a-purple-surface.-Super-Moisture-Masque-ecomm-min.png\" loading=\"lazy\"> \n               <img decoding=\"async\" alt=\"A woman holding a jar of Super Moisture Masque in her hand, ready to apply it on her hair for moisturizing purposes.\" src=\"https:\/\/monatglobal.com\/wp-content\/uploads\/2024\/01\/Super-Moisture-Masque-ecomm-closeup-min.jpg\" loading=\"lazy\">\n                  <img decoding=\"async\" alt=\"Product shot of Super Moisture Masque\" src=\"https:\/\/monatglobal.com\/wp-content\/uploads\/2024\/01\/A-tube-Renew-Conditioner-on-a-purple-surface.-Super-Moisture-Masque-ecomm-min.png\" data-lbxp=\"\" loading=\"lazy\">\n                  <img decoding=\"async\" alt=\"A woman holding a jar of Super Moisture Masque in her hand, ready to apply it on her hair for moisturizing purposes.\" src=\"https:\/\/monatglobal.com\/wp-content\/uploads\/2024\/01\/Super-Moisture-Masque-ecomm-closeup-min.jpg\" loading=\"lazy\">\n      <!--==================================================== Ecomm information  ====================================================-->\n         NEW\n         <h1>Mascarilla <br> superhidratante<\/h1>\n         <p>Una rica f\u00f3rmula que favorece una hidrataci\u00f3n nutritiva para devolver al cabello seco, apagado y fr\u00e1gil su sedosa suavidad.<\/p>\n         <p>134 ml \u212e 4.5 fl. oz.<\/p>\n        <!--==================================================== pricing box  ====================================================-->     \n               <p>Precio cliente<br>00.00 \u20ac<\/p>\n               <p>Precio cliente VIP<br>00.00 \u20ac<\/p>\n        <!--==================================================== pricing box  ====================================================--> \n         <p>Para conocer m\u00e1s sobre la Mascarilla superhidratante, ponte en contacto con tu Market Partner de MONAT.<\/p>\n          <a href=\"\" target=\"_blank\" role=\"button\" aria-label=\"\" rel=\"noopener\"><\/a>\n   <!--==================================================== \/ECOMM SECTION  ====================================================-->\n    <!--==================================================== Benefits image ====================================================-->\n   \n      <source media=\"(max-width: 700px)\" srcset=\"https:\/\/monatglobal.com\/wp-content\/uploads\/2024\/01\/Super-Moisture-Masque-benefits-mobile-min-min.jpg\" loading=\"lazy\">\n      <img decoding=\"async\" alt=\"A brunette female in a white shirt is posing in front of a green leaf.\" src=\"https:\/\/monatglobal.com\/wp-content\/uploads\/2024\/01\/Super-Moisture-Masque-benefits-desktop-min-min.jpg\" loading=\"lazy\">\n   \n   <!--==================================================== Benefits text ====================================================-->\n         <h2>BENEFICIOS<\/h2>\n         <h3>Proporciona al cabello seco y apagado la hidrataci\u00f3n nutritiva que necesita para estar suave, brillante y m\u00e1s manejable.\n <\/h3>\n         <!--==================================================== features image  ====================================================-->\n         <img decoding=\"async\" alt=\" A jar Super Moisture Masque with a yellow powder next to it on a white backgorund.\" src=\"https:\/\/monatglobal.com\/wp-content\/uploads\/2024\/01\/Super-Moisture-Masque-features-min.jpg\" loading=\"lazy\">\n      <!--==================================================== features text ====================================================-->\n            <h3>Caracter\u00edsticas<\/h3>\n               <p>\/ Nutre para dejar el cabello con una sensaci\u00f3n de suavidad y sedosidad<\/p>\n               <p>\/ Repone la nutrici\u00f3n vital y la hidrataci\u00f3n en profundidad del cabello<\/p>\n               <p>\/ Ayuda a mejorar la textura, la elasticidad y la manejabilidad del cabello<\/p>\n               <p>\/ Aporta el equilibrio de hidrataci\u00f3n adecuado para combatir la fragilidad<\/p>\n               <p>\/ Hace que el cabello responda mejor a los peinados<\/p>\n               <br>\n            <p>Fragancia \/ granada salvia <\/p>\n            <p> Textura \/ crema  <\/p>\n   <!--==================================================== composition image mobile ====================================================-->\n   <img decoding=\"async\" alt=\"a woman holding a Super Moisture Masque \" src=\"https:\/\/monatglobal.com\/wp-content\/uploads\/2024\/01\/Super-Moisture-Masque-standalone-min.jpg\" loading=\"lazy\">\n   <!--==================================================== Why it works text  ====================================================-->\n      <h2>REPONE LA HIDRATACI\u00d3N VITAL<\/h2>\n      <h3>Con REJUVENIQE<sup>\u00ae<\/sup> y un complejo de amino\u00e1cidos, esta mascarilla ultranutritiva recupera la sedosidad, suavidad y brillo del cabello&nbsp;seco.  <\/h3>\n      <p> Esta rica f\u00f3rmula tambi\u00e9n combate la fragilidad y mejorar la hidrataci\u00f3n y la maleabilidad del cabello. <\/p>\n<!--==================================================== Composition section ====================================================-->\n      <img decoding=\"async\" alt=\"A female holding a jar of Super Moisture Masque\" src=\"https:\/\/monatglobal.com\/wp-content\/uploads\/2024\/01\/Super-Moisture-Masque-standalone-min.jpg\" loading=\"lazy\">\n      <img decoding=\"async\" alt=\"A female holding a jar of Super Moisture Masque\" src=\"https:\/\/monatglobal.com\/wp-content\/uploads\/2024\/01\/Super-Moisture-Masque-comp-min.jpg\" loading=\"lazy\">\n            <!--==================================================== Directions text ====================================================--> \n               <h3>Instrucciones<\/h3>\n               <p>\/ Apl\u00edcala uniformemente en el cabello limpio, h\u00famedo o seco con una toalla.  <\/p>\n               <p>\/ D\u00e9jala actuar entre 5 y 10 minutos; despu\u00e9s aclara bien.  <\/p>\n               <p>\/ Puedes usarla de 1 a 2 veces por semana. <\/p>\n            <!--==================================================== Directions video ====================================================-->\n      <p>MONAT IR Clinical\u2122 <br> Clear Brow Gel <br>7:21<\/p>\n      <a href=\"\" target=\"_blank\" role=\"button\" aria-label=\"\" rel=\"noopener\"><\/a>\n   <!--==================================================== Ingredients section  ====================================================-->\n      <h2>INGREDIENTES CLAVE<\/h2>\n              <img decoding=\"async\" src=\"https:\/\/monatglobal.com\/wp-content\/uploads\/2022\/11\/REJUVENIQE\u2122.svg\" alt=\"REJUVENIQE Icon\">\n               <p>REJUVENIQE<sup>\u00ae<\/sup><\/p>\n\t\t\t<img decoding=\"async\" src=\"https:\/\/monatglobal.com\/wp-content\/uploads\/2022\/11\/Macadamia-Seed-Oil.svg\" alt=\"Macadamia Seed Oil\">\n               <p>Aceite de semilla de macadamia<\/p>\n\t\t\t<img decoding=\"async\" src=\"https:\/\/monatglobal.com\/wp-content\/uploads\/2022\/11\/Amino-Acid-Complex.svg\" alt=\"Amino-Acid-Complex\">\n               <p>Complejo de amino\u00e1cidos<\/p>\n\t\t\t<img decoding=\"async\" src=\"https:\/\/monatglobal.com\/wp-content\/uploads\/2022\/11\/Coconut-Oil.svg\" alt=\"Coconut-Oil\">\n               <p>Aceite de coco <\/p>\n      <button id=\"myBtn\" type=\"button\">LISTA DE INGREDIENTES<\/button>\n      <!--==================================================== Modal content  ====================================================-->\n         \u00d7\n         <p>Water (Aqua), Cetearyl Alcohol, Brassicamidopropyl Dimethylamine, Behentrimonium Chloride, Orbignya Speciosa Kernel Oil, Fragrance (Parfum), Pisum Sativum (Pea) Extract, Prunus Amygdalus Dulcis (Sweet Almond) Oil, Macadamia Integrifolia Seed Oil, Linum Usitatissimum (Linseed) Seed Oil, Hydrogenated Soybean Oil, Limnanthes Alba (Meadowfoam) Seed Oil, Crambe Abyssinica Seed Oil, Camellia Oleifera Seed Oil, Solanum Lycopersicum (Tomato) Seed Oil, Daucus Carota Sativa (Carrot) Seed Oil, Citrus Limon (Lemon) Peel Oil, Citrus Aurantifolia (Lime) Oil, Citrus Aurantium Bergamia (Bergamot) Fruit Oil, Adansonia Digitata Oil, Mauritia Flexuosa Fruit Oil, Cocos Nucifera (Coconut) Oil, Gardenia Taitensis Flower Extract, Moringa Oleifera Seed Oil, Caryocar Brasiliense Fruit Oil, Helianthus Annuus (Sunflower) Seed Oil, Glycerin, Wheat Amino Acids, Soy Amino Acids, Arginine HCl, Serine, Threonine, Disodium EDTA, Limonene, Citric Acid, Benzyl Alcohol, Dehydroacetic Acid.<\/p>\n   <!--==================================================== You might also like section ====================================================-->\n      <h2>PUEDE QUE TAMBI\u00c9N TE GUSTE<\/h2>\n      <!--==================================================== Slider YOU MIGHT ALSO LIKE ====================================================-->\n         <!--==================================================== If we need navigation buttons  ====================================================-->\n         <!--==================================================== If we need paginations  ====================================================-->\n    <a href=\"\" aria-label=\"\"><\/a>\n","protected":false},"excerpt":{"rendered":"<p>NEW NEW Mascarilla superhidratante Una rica f\u00f3rmula que favorece una hidrataci\u00f3n nutritiva para devolver al cabello seco, apagado y fr\u00e1gil su sedosa suavidad. 134 ml \u212e 4.5 fl. oz. Precio cliente00.00 \u20ac Precio cliente VIP00.00 \u20ac Para conocer m\u00e1s sobre la Mascarilla superhidratante, ponte en contacto con tu Market Partner de MONAT. BENEFICIOS Proporciona al&hellip;<\/p>\n","protected":false},"author":31,"featured_media":84086,"parent":0,"menu_order":0,"comment_status":"closed","ping_status":"closed","template":"","meta":{"inline_featured_image":false,"om_disable_all_campaigns":false,"_monsterinsights_skip_tracking":false,"_monsterinsights_sitenote_active":false,"_monsterinsights_sitenote_note":"","_monsterinsights_sitenote_category":0,"footnotes":""},"categories":[31],"tags":[],"class_list":["post-20989","page","type-page","status-publish","has-post-thumbnail","hentry","category-product-es"],"aioseo_notices":[],"aioseo_head":"\n\t\t<!-- All in One SEO Pro 4.9.5.2 - aioseo.com -->\n\t<meta name=\"description\" content=\"NEW NEW Mascarilla superhidratante Una rica f\u00f3rmula que favorece una hidrataci\u00f3n nutritiva para devolver al cabello seco, apagado y fr\u00e1gil su sedosa suavidad. 134 ml \u212e 4.5 fl. oz. Precio cliente00.00 \u20ac Precio cliente VIP00.00 \u20ac Para conocer m\u00e1s sobre la Mascarilla superhidratante, ponte en contacto con tu Market Partner de MONAT. BENEFICIOS Proporciona al\" \/>\n\t<meta name=\"robots\" content=\"max-image-preview:large\" \/>\n\t<link rel=\"canonical\" href=\"https:\/\/monatglobal.com\/es\/super-moisture-masque\/\" \/>\n\t<meta name=\"generator\" content=\"All in One SEO Pro (AIOSEO) 4.9.5.2\" \/>\n\t\t<meta property=\"og:locale\" content=\"en_US\" \/>\n\t\t<meta property=\"og:site_name\" content=\"MONAT Espa\u00f1a - We Are Modern Nature\u00ae\" \/>\n\t\t<meta property=\"og:type\" content=\"article\" \/>\n\t\t<meta property=\"og:title\" content=\"Mascarilla superhidratante | Mascarilla capilar | MONAT productos para el cuidado del cabello\" \/>\n\t\t<meta property=\"og:description\" content=\"NEW NEW Mascarilla superhidratante Una rica f\u00f3rmula que favorece una hidrataci\u00f3n nutritiva para devolver al cabello seco, apagado y fr\u00e1gil su sedosa suavidad. 134 ml \u212e 4.5 fl. oz. Precio cliente00.00 \u20ac Precio cliente VIP00.00 \u20ac Para conocer m\u00e1s sobre la Mascarilla superhidratante, ponte en contacto con tu Market Partner de MONAT. BENEFICIOS Proporciona al\" \/>\n\t\t<meta property=\"og:url\" content=\"https:\/\/monatglobal.com\/es\/super-moisture-masque\/\" \/>\n\t\t<meta property=\"article:published_time\" content=\"2017-08-27T05:17:42+00:00\" \/>\n\t\t<meta property=\"article:modified_time\" content=\"2026-02-23T20:17:15+00:00\" \/>\n\t\t<meta name=\"twitter:card\" content=\"summary_large_image\" \/>\n\t\t<meta name=\"twitter:title\" content=\"Mascarilla superhidratante | Mascarilla capilar | MONAT productos para el cuidado del cabello\" \/>\n\t\t<meta name=\"twitter:description\" content=\"NEW NEW Mascarilla superhidratante Una rica f\u00f3rmula que favorece una hidrataci\u00f3n nutritiva para devolver al cabello seco, apagado y fr\u00e1gil su sedosa suavidad. 134 ml \u212e 4.5 fl. oz. Precio cliente00.00 \u20ac Precio cliente VIP00.00 \u20ac Para conocer m\u00e1s sobre la Mascarilla superhidratante, ponte en contacto con tu Market Partner de MONAT. BENEFICIOS Proporciona al\" \/>\n\t\t<script type=\"application\/ld+json\" class=\"aioseo-schema\">\n\t\t\t{\"@context\":\"https:\\\/\\\/schema.org\",\"@graph\":[{\"@type\":\"BreadcrumbList\",\"@id\":\"https:\\\/\\\/monatglobal.com\\\/es\\\/super-moisture-masque\\\/#breadcrumblist\",\"itemListElement\":[{\"@type\":\"ListItem\",\"@id\":\"https:\\\/\\\/monatglobal.com\\\/es#listItem\",\"position\":1,\"name\":\"Home\",\"item\":\"https:\\\/\\\/monatglobal.com\\\/es\",\"nextItem\":{\"@type\":\"ListItem\",\"@id\":\"https:\\\/\\\/monatglobal.com\\\/es\\\/super-moisture-masque\\\/#listItem\",\"name\":\"Mascarilla superhidratante | Mascarilla capilar | MONAT productos para el cuidado del cabello\"}},{\"@type\":\"ListItem\",\"@id\":\"https:\\\/\\\/monatglobal.com\\\/es\\\/super-moisture-masque\\\/#listItem\",\"position\":2,\"name\":\"Mascarilla superhidratante | Mascarilla capilar | MONAT productos para el cuidado del cabello\",\"previousItem\":{\"@type\":\"ListItem\",\"@id\":\"https:\\\/\\\/monatglobal.com\\\/es#listItem\",\"name\":\"Home\"}}]},{\"@type\":\"Organization\",\"@id\":\"https:\\\/\\\/monatglobal.com\\\/es\\\/#organization\",\"name\":\"MONAT Espa\\u00f1a\",\"description\":\"We Are Modern Nature\\u00ae\",\"url\":\"https:\\\/\\\/monatglobal.com\\\/es\\\/\"},{\"@type\":\"WebPage\",\"@id\":\"https:\\\/\\\/monatglobal.com\\\/es\\\/super-moisture-masque\\\/#webpage\",\"url\":\"https:\\\/\\\/monatglobal.com\\\/es\\\/super-moisture-masque\\\/\",\"name\":\"Mascarilla superhidratante | Mascarilla capilar | MONAT productos para el cuidado del cabello\",\"description\":\"NEW NEW Mascarilla superhidratante Una rica f\\u00f3rmula que favorece una hidrataci\\u00f3n nutritiva para devolver al cabello seco, apagado y fr\\u00e1gil su sedosa suavidad. 134 ml \\u212e 4.5 fl. oz. Precio cliente00.00 \\u20ac Precio cliente VIP00.00 \\u20ac Para conocer m\\u00e1s sobre la Mascarilla superhidratante, ponte en contacto con tu Market Partner de MONAT. BENEFICIOS Proporciona al\",\"inLanguage\":\"en-US\",\"isPartOf\":{\"@id\":\"https:\\\/\\\/monatglobal.com\\\/es\\\/#website\"},\"breadcrumb\":{\"@id\":\"https:\\\/\\\/monatglobal.com\\\/es\\\/super-moisture-masque\\\/#breadcrumblist\"},\"image\":{\"@type\":\"ImageObject\",\"url\":\"https:\\\/\\\/monatglobal.com\\\/es\\\/wp-content\\\/uploads\\\/sites\\\/10\\\/2024\\\/01\\\/A-tube-Renew-Conditioner-on-a-purple-surface.-Super-Moisture-Masque-ecomm-min.png\",\"@id\":\"https:\\\/\\\/monatglobal.com\\\/es\\\/super-moisture-masque\\\/#mainImage\",\"width\":641,\"height\":800},\"primaryImageOfPage\":{\"@id\":\"https:\\\/\\\/monatglobal.com\\\/es\\\/super-moisture-masque\\\/#mainImage\"},\"datePublished\":\"2017-08-27T00:17:42+01:00\",\"dateModified\":\"2026-02-23T20:17:15+00:00\"},{\"@type\":\"WebSite\",\"@id\":\"https:\\\/\\\/monatglobal.com\\\/es\\\/#website\",\"url\":\"https:\\\/\\\/monatglobal.com\\\/es\\\/\",\"name\":\"MONAT Espa\\u00f1a\",\"description\":\"We Are Modern Nature\\u00ae\",\"inLanguage\":\"en-US\",\"publisher\":{\"@id\":\"https:\\\/\\\/monatglobal.com\\\/es\\\/#organization\"}}]}\n\t\t<\/script>\n\t\t<!-- All in One SEO Pro -->\r\n\t\t<title>Mascarilla superhidratante | Mascarilla capilar | MONAT productos para el cuidado del cabello<\/title>\n\n","aioseo_head_json":{"title":"Mascarilla superhidratante | Mascarilla capilar | MONAT productos para el cuidado del cabello","description":"NEW NEW Mascarilla superhidratante Una rica f\u00f3rmula que favorece una hidrataci\u00f3n nutritiva para devolver al cabello seco, apagado y fr\u00e1gil su sedosa suavidad. 134 ml \u212e 4.5 fl. oz. Precio cliente00.00 \u20ac Precio cliente VIP00.00 \u20ac Para conocer m\u00e1s sobre la Mascarilla superhidratante, ponte en contacto con tu Market Partner de MONAT. BENEFICIOS Proporciona al","canonical_url":"https:\/\/monatglobal.com\/es\/super-moisture-masque\/","robots":"max-image-preview:large","keywords":"","webmasterTools":{"miscellaneous":""},"schema":{"@context":"https:\/\/schema.org","@graph":[{"@type":"BreadcrumbList","@id":"https:\/\/monatglobal.com\/es\/super-moisture-masque\/#breadcrumblist","itemListElement":[{"@type":"ListItem","@id":"https:\/\/monatglobal.com\/es#listItem","position":1,"name":"Home","item":"https:\/\/monatglobal.com\/es","nextItem":{"@type":"ListItem","@id":"https:\/\/monatglobal.com\/es\/super-moisture-masque\/#listItem","name":"Mascarilla superhidratante | Mascarilla capilar | MONAT productos para el cuidado del cabello"}},{"@type":"ListItem","@id":"https:\/\/monatglobal.com\/es\/super-moisture-masque\/#listItem","position":2,"name":"Mascarilla superhidratante | Mascarilla capilar | MONAT productos para el cuidado del cabello","previousItem":{"@type":"ListItem","@id":"https:\/\/monatglobal.com\/es#listItem","name":"Home"}}]},{"@type":"Organization","@id":"https:\/\/monatglobal.com\/es\/#organization","name":"MONAT Espa\u00f1a","description":"We Are Modern Nature\u00ae","url":"https:\/\/monatglobal.com\/es\/"},{"@type":"WebPage","@id":"https:\/\/monatglobal.com\/es\/super-moisture-masque\/#webpage","url":"https:\/\/monatglobal.com\/es\/super-moisture-masque\/","name":"Mascarilla superhidratante | Mascarilla capilar | MONAT productos para el cuidado del cabello","description":"NEW NEW Mascarilla superhidratante Una rica f\u00f3rmula que favorece una hidrataci\u00f3n nutritiva para devolver al cabello seco, apagado y fr\u00e1gil su sedosa suavidad. 134 ml \u212e 4.5 fl. oz. Precio cliente00.00 \u20ac Precio cliente VIP00.00 \u20ac Para conocer m\u00e1s sobre la Mascarilla superhidratante, ponte en contacto con tu Market Partner de MONAT. BENEFICIOS Proporciona al","inLanguage":"en-US","isPartOf":{"@id":"https:\/\/monatglobal.com\/es\/#website"},"breadcrumb":{"@id":"https:\/\/monatglobal.com\/es\/super-moisture-masque\/#breadcrumblist"},"image":{"@type":"ImageObject","url":"https:\/\/monatglobal.com\/es\/wp-content\/uploads\/sites\/10\/2024\/01\/A-tube-Renew-Conditioner-on-a-purple-surface.-Super-Moisture-Masque-ecomm-min.png","@id":"https:\/\/monatglobal.com\/es\/super-moisture-masque\/#mainImage","width":641,"height":800},"primaryImageOfPage":{"@id":"https:\/\/monatglobal.com\/es\/super-moisture-masque\/#mainImage"},"datePublished":"2017-08-27T00:17:42+01:00","dateModified":"2026-02-23T20:17:15+00:00"},{"@type":"WebSite","@id":"https:\/\/monatglobal.com\/es\/#website","url":"https:\/\/monatglobal.com\/es\/","name":"MONAT Espa\u00f1a","description":"We Are Modern Nature\u00ae","inLanguage":"en-US","publisher":{"@id":"https:\/\/monatglobal.com\/es\/#organization"}}]},"og:locale":"en_US","og:site_name":"MONAT Espa\u00f1a - We Are Modern Nature\u00ae","og:type":"article","og:title":"Mascarilla superhidratante | Mascarilla capilar | MONAT productos para el cuidado del cabello","og:description":"NEW NEW Mascarilla superhidratante Una rica f\u00f3rmula que favorece una hidrataci\u00f3n nutritiva para devolver al cabello seco, apagado y fr\u00e1gil su sedosa suavidad. 134 ml \u212e 4.5 fl. oz. Precio cliente00.00 \u20ac Precio cliente VIP00.00 \u20ac Para conocer m\u00e1s sobre la Mascarilla superhidratante, ponte en contacto con tu Market Partner de MONAT. BENEFICIOS Proporciona al","og:url":"https:\/\/monatglobal.com\/es\/super-moisture-masque\/","article:published_time":"2017-08-27T05:17:42+00:00","article:modified_time":"2026-02-23T20:17:15+00:00","twitter:card":"summary_large_image","twitter:title":"Mascarilla superhidratante | Mascarilla capilar | MONAT productos para el cuidado del cabello","twitter:description":"NEW NEW Mascarilla superhidratante Una rica f\u00f3rmula que favorece una hidrataci\u00f3n nutritiva para devolver al cabello seco, apagado y fr\u00e1gil su sedosa suavidad. 134 ml \u212e 4.5 fl. oz. Precio cliente00.00 \u20ac Precio cliente VIP00.00 \u20ac Para conocer m\u00e1s sobre la Mascarilla superhidratante, ponte en contacto con tu Market Partner de MONAT. BENEFICIOS Proporciona al"},"aioseo_meta_data":{"post_id":"20989","title":"Mascarilla superhidratante | Mascarilla capilar | MONAT productos para el cuidado del cabello","description":null,"keywords":null,"keyphrases":{"focus":{"keyphrase":"","score":0,"analysis":{"keyphraseInTitle":{"score":0,"maxScore":9,"error":1}}},"additional":[]},"primary_term":null,"canonical_url":null,"og_title":null,"og_description":null,"og_object_type":"default","og_image_type":"default","og_image_url":null,"og_image_width":null,"og_image_height":null,"og_image_custom_url":null,"og_image_custom_fields":null,"og_video":"","og_custom_url":null,"og_article_section":null,"og_article_tags":null,"twitter_use_og":false,"twitter_card":"default","twitter_image_type":"default","twitter_image_url":null,"twitter_image_custom_url":null,"twitter_image_custom_fields":null,"twitter_title":null,"twitter_description":null,"schema":{"blockGraphs":[],"customGraphs":[],"default":{"data":{"Article":[],"Course":[],"Dataset":[],"FAQPage":[],"Movie":[],"Person":[],"Product":[],"ProductReview":[],"Car":[],"Recipe":[],"Service":[],"SoftwareApplication":[],"WebPage":[]},"graphName":"WebPage","isEnabled":true},"graphs":[]},"schema_type":"default","schema_type_options":null,"pillar_content":false,"robots_default":true,"robots_noindex":false,"robots_noarchive":false,"robots_nosnippet":false,"robots_nofollow":false,"robots_noimageindex":false,"robots_noodp":false,"robots_notranslate":false,"robots_max_snippet":"-1","robots_max_videopreview":"-1","robots_max_imagepreview":"large","priority":null,"frequency":"default","local_seo":null,"seo_analyzer_scan_date":"2026-02-23 20:29:15","limit_modified_date":false,"reviewed_by":"0","open_ai":null,"ai":{"faqs":[],"keyPoints":[],"titles":[],"descriptions":[],"socialPosts":{"email":[],"linkedin":[],"twitter":[],"facebook":[],"instagram":[]}},"created":"2024-01-24 16:07:40","updated":"2026-02-23 20:29:15"},"aioseo_breadcrumb":"<div class=\"aioseo-breadcrumbs\"><span class=\"aioseo-breadcrumb\">\n\t<a href=\"https:\/\/monatglobal.com\/es\" title=\"Home\">Home<\/a>\n<\/span><span class=\"aioseo-breadcrumb-separator\">&raquo;<\/span><span class=\"aioseo-breadcrumb\">\n\tMascarilla superhidratante | Mascarilla capilar | MONAT productos para el cuidado del cabello\n<\/span><\/div>","aioseo_breadcrumb_json":[{"label":"Home","link":"https:\/\/monatglobal.com\/es"},{"label":"Mascarilla superhidratante | Mascarilla capilar | MONAT productos para el cuidado del cabello","link":"https:\/\/monatglobal.com\/es\/super-moisture-masque\/"}],"_links":{"self":[{"href":"https:\/\/monatglobal.com\/es\/wp-json\/wp\/v2\/pages\/20989","targetHints":{"allow":["GET"]}}],"collection":[{"href":"https:\/\/monatglobal.com\/es\/wp-json\/wp\/v2\/pages"}],"about":[{"href":"https:\/\/monatglobal.com\/es\/wp-json\/wp\/v2\/types\/page"}],"author":[{"embeddable":true,"href":"https:\/\/monatglobal.com\/es\/wp-json\/wp\/v2\/users\/31"}],"replies":[{"embeddable":true,"href":"https:\/\/monatglobal.com\/es\/wp-json\/wp\/v2\/comments?post=20989"}],"version-history":[{"count":29,"href":"https:\/\/monatglobal.com\/es\/wp-json\/wp\/v2\/pages\/20989\/revisions"}],"predecessor-version":[{"id":109175,"href":"https:\/\/monatglobal.com\/es\/wp-json\/wp\/v2\/pages\/20989\/revisions\/109175"}],"wp:featuredmedia":[{"embeddable":true,"href":"https:\/\/monatglobal.com\/es\/wp-json\/wp\/v2\/media\/84086"}],"wp:attachment":[{"href":"https:\/\/monatglobal.com\/es\/wp-json\/wp\/v2\/media?parent=20989"}],"wp:term":[{"taxonomy":"category","embeddable":true,"href":"https:\/\/monatglobal.com\/es\/wp-json\/wp\/v2\/categories?post=20989"},{"taxonomy":"post_tag","embeddable":true,"href":"https:\/\/monatglobal.com\/es\/wp-json\/wp\/v2\/tags?post=20989"}],"curies":[{"name":"wp","href":"https:\/\/api.w.org\/{rel}","templated":true}]}}