{"id":19179,"date":"2017-06-22T17:20:16","date_gmt":"2017-06-22T17:20:16","guid":{"rendered":"https:\/\/monatglobal.com\/uk\/?page_id=19179"},"modified":"2026-05-08T20:51:06","modified_gmt":"2026-05-08T19:51:06","slug":"blow-out-cream","status":"publish","type":"page","link":"https:\/\/monatglobal.com\/es\/blow-out-cream\/","title":{"rendered":"MONAT STUDIO ONE\u2122\ufe0f BLOW OUT CREAM"},"content":{"rendered":"\n\n\t<link rel=\"stylesheet\" href=\"https:\/\/unpkg.com\/swiper\/swiper-bundle.min.css\" \/>\n<link rel=\"stylesheet\" href=\"https:\/\/monatglobal.com\/wp-content\/creative_css\/product_styles_sheet.css\" \/>\n   <!--==================================================== ECOMM SECTION ====================================================-->\n      <!--==================================================== Ecomm image ====================================================-->\n      <img decoding=\"async\" src=\"https:\/\/monatglobal.com\/wp-content\/uploads\/2022\/06\/blow-out-cream-e-comm.png\" alt=\"MONAT Studio One\u2122 Blow Out Cream\" loading=\"lazy\"\/>\n      <!--==================================================== Ecomm information  ====================================================-->\n         <p>MONAT STUDIO ONE\u2122<\/p>\n         <h1>Crema de<br \/>secado con calor<\/h1>\n         <p>MONAT STUDIO ONE\u2122<\/p>\n         <p>Reforzado con REJUVENIQE<sup>\u00ae<\/sup><\/p>\n         <p>Una crema de peinado que reduce el encrespamiento y ayuda a alisar y suavizar el cabello durante el peinado con&nbsp;calor.<\/p>\n         <p>118 ml \u212e 4 fl. oz.<\/p>\n       <!--==================================================== pricing box  ====================================================--> \n         <p>Precio de venta Cliente<br \/>00.00 \u20ac<\/p>\n         <p>Precio Cliente VIP<br \/>00.00 \u20ac<\/p>\n       <!--==================================================== pricing box  ====================================================-->   \n         <p>Para conocer m\u00e1s sobre la Crema de secado con calor MONAT STUDIO ONE\u2122, ponte en contacto con tu Market Partner de&nbsp;MONAT.<\/p>\n          <a href=\"\" target=\"_blank\" role=\"button\" aria-label=\"\"><\/a>\n   <!--==================================================== \/ECOMM SECTION  ====================================================-->\n   <!--==================================================== Benefits image ====================================================-->\n   \n      <source media=\"(max-width: 700px)\" srcset=\"https:\/\/monatglobal.com\/wp-content\/uploads\/2022\/06\/blow-out-cream-benefits-mobile.jpg\" loading=\"lazy\"\/>\n      <img decoding=\"async\" alt=\"A brunette woman smiling and holding a piece of her hair.\" \n      src=\"https:\/\/monatglobal.com\/wp-content\/uploads\/2022\/06\/blow-out-cream-benefits.jpg\" loading=\"lazy\"\/>\n   \n   <!--==================================================== Benefits text ====================================================-->\n         <h2>BENEFICIOS<\/h2>\n         <h3>Reduce el encrespamiento y los cabellos rebeldes hasta en un 60% dejando el cabello m\u00e1s suave durante todo el d\u00eda, a la vez que protege de la humedad y el da\u00f1o causado por las herramientas&nbsp;t\u00e9rmicas.<\/h3>\n         <p>This richly textured leave-in cr\u00e8me reduces breakage and protects hair from future&nbsp;damage.<\/p>\n         <!--==================================================== features image  ====================================================-->\n         <img decoding=\"async\" alt=\"MONAT STUDIO ONE\u2122 Blow Out Cream laying on marble tile surrounded by ingredients such as tomatos, limes, carrots and pomegranates.\" \n         src=\"https:\/\/monatglobal.com\/wp-content\/uploads\/2022\/06\/blow-out-cream-features.jpg\" loading=\"lazy\"\/>\n      <!--==================================================== features text ====================================================-->\n            <h3>Caracter\u00edsticas<\/h3>\n               <p>\/ Formulado con plantas naturales, ayuda a aportar una sensaci\u00f3n de suavidad&nbsp;satinada<\/p>\n               <p>\/ Extracto de guisante que mantiene el cabello con un aspecto&nbsp;sano<\/p>\n               <br \/>\n            Fragancia \/ La fragancia frutal, contiene notas de melocot\u00f3n, mango, naranja y granada, atenuadas por la salvia, el jazm\u00edn y la&nbsp;vainilla.\n             Textura \/ Crema espesa\n   <!--==================================================== composition image mobile ====================================================-->\n   <img decoding=\"async\" alt=\"MONAT STUDIO ONE\u2122 Blow Out Cream on top of a beige surface, next to dispersed product.\" src=\"https:\/\/monatglobal.com\/wp-content\/uploads\/2022\/06\/blow-out-cream-comp1.jpg\" loading=\"lazy\"\/>\n   <!--==================================================== Why it works text ====================================================-->\n      <h2>REDUCE EL TIEMPO DE PEINADO Y PROTEGE AL CABELLO DEL&nbsp;DA\u00d1O.<\/h2>\n      <h3>Los ingredientes de origen natural combinados con REJUVENIQE<sup>\u00ae<\/sup> reducen el encrespamiento para suavizar el cabello en un solo secado, mientras protegen de la humedad y de los da\u00f1os causados por las herramientas t\u00e9rmicas preservando el&nbsp;color.<\/h3>\n      With hints of neroli and orange flower fragrances, it protects hair from heat styling and \n      environmental elements while giving strands radiant shine.\n<!--==================================================== Composition section ====================================================-->\n      <img decoding=\"async\" alt=\"MONAT STUDIO ONE\u2122 Blow Out Cream on top of a beige surface, next to dispersed product.\" src=\"https:\/\/monatglobal.com\/wp-content\/uploads\/2022\/06\/blow-out-cream-comp1.jpg\" loading=\"lazy\"\/>\n      <img decoding=\"async\" alt=\"Brunette woman with damp hair, running her fingers through her hair while overlapping a texture shot of MONAT STUDIO ONE\u2122 Blow Out Cream.\" src=\"https:\/\/monatglobal.com\/wp-content\/uploads\/2022\/06\/blow-out-cream-comp3.jpg\" loading=\"lazy\"\/>\n            <!--==================================================== Directions text ====================================================--> \n               <h3>Instrucciones<\/h3>\n               <p>\/ Apl\u00edcalo desde las ra\u00edces hacia las puntas del cabello limpio y secado con&nbsp;toalla.<\/p>\n               <p>\/ Seca con secador y peina como habitualmente.<\/p>\n            <!--==================================================== Directions video ====================================================-->\n      <p>Damage Repair <br \/>Bond-Fortifying Hair Leave-In Cr\u00e8me  <br \/>1:28<\/p>\n      <a href=\"\" target=\"_blank\"  role=\"button\" aria-label=\"\"><\/a>\n   <!--==================================================== Ingredients section  ====================================================-->\n      <h2>INGREDIENTES CLAVE<\/h2>\n              <img decoding=\"async\" src=\"https:\/\/monatglobal.com\/wp-content\/uploads\/2022\/11\/REJUVENIQE\u2122.svg\" alt=\"REJUVENIQE\u2122\"\/>\n               <p>REJUVENIQE<sup>\u00ae<\/sup><\/p>\n\t\t\t\t<img decoding=\"async\" src=\"https:\/\/monatglobal.com\/wp-content\/uploads\/2022\/12\/Vegetable-Emollients.svg\" alt=\"Emolientes vegetales\"\/>\n               <p>Emolientes vegetales<\/p>\n\t\t\t\t<img decoding=\"async\" src=\"https:\/\/monatglobal.com\/wp-content\/uploads\/2022\/11\/Pea-extract.svg\" alt=\"Extracto de guisante\"\/>\n               <p>Extracto de guisante<\/p>\n\t\t\t\t<img decoding=\"async\" src=\"https:\/\/monatglobal.com\/wp-content\/uploads\/2022\/08\/Vegan-uv-protect.svg\" alt=\"Protector vegano contra los rayos UV\"\/>\n               <p>Protector vegano contra los rayos UV<\/p>\n        <button id=\"myBtn\" type=\"button\">LISTA DE INGREDIENTES<\/button>\n      <!--==================================================== Modal content  ====================================================-->\n         &times;\n         <p>Aqua\/Water\/Eau, Cetearyl Alcohol, Isoamyl Laurate, Behentrimonium Chloride, Glycerin, Linum Usitatissimum (Linseed) Seed Extract, Salvia Hispanica Seed Extract, Trifolium Pratense (Clover) Flower Extract, Pisum Sativum (Pea) Extract, Limnanthes Alba (Meadowfoam) Seed Oil, Crambe Abyssinica Seed Oil, Camellia Oleifera Seed Oil, Solanum Lycopersicum (Tomato) Seed Oil, Daucus Carota Sativa (Carrot) Seed Oil, Citrus Limon (Lemon) Peel Oil, Citrus Aurantifolia (Lime) Oil, Citrus Aurantium Bergamia (Bergamot) Fruit Oil, Adansonia Digitata Oil, Mauritia Flexuosa Fruit Oil, Cocos Nucifera (Coconut) Oil, Gardenia Taitensis Flower Extract, Moringa Oleifera Seed Oil, Caryocar Brasiliense Fruit Oil, Helianthus Annuus (Sunflower) Seed Oil, Stearamidopropyl Dimethylamine, Dextran, Acetyl Tetrapeptide-3, Cinnamidopropyltrimonium Chloride, Butylene Glycol, Tocopherol, Fragrance\/Parfum, Benzyl Alcohol, Ethylhexylglycerin, Xylitol, Caprylic Acid, Sodium Benzoate, Limonene, Dimethyl Phenethyl Acetate, Citrus Aurantium Amara (Bitter Orange) Peel Oil.<\/p>\n   <!--==================================================== You might also like section ====================================================-->\n      <h2>PUEDE QUE TAMBI\u00c9N TE GUSTE<\/h2>\n      <!--==================================================== Slider YOU MIGHT ALSO LIKE ====================================================-->\n      <!---->\n      <!--   -->\n            <!--==================================================== Slides products ====================================================-->\n      <!--      -->\n      <!--         <a href=\"https:\/\/corp.mymonat.com\/shop\/products\/monat-studio-one-frizz-fix-smoothing-hair-primer-6000003942?taxon_id=30\" target=\"_blank\" aria-label=\"Go to Base suavizante antiencrespamiento MONAT STUDIO ONE\u2122 page\">-->\n      <!--            <img decoding=\"async\" src=\"https:\/\/monatglobal.com\/wp-content\/uploads\/2023\/01\/Frizz-fix-smoothing-hair-primer-e_comm-min.png\" alt=\"Base suavizante antiencrespamiento MONAT STUDIO ONE\u2122\" loading=\"lazy\"\/>-->\n      <!--            <p>Base suavizante<br \/>antiencrespamiento<br \/>MONAT STUDIO ONE\u2122<\/p>-->\n      <!--         <\/a>-->\n      <!--      -->\n      <!--      -->\n      <!--         <a href=\"\/es\/smoothing-shampoo\/\" aria-label=\"Go to Champ\u00fa Smoothing Anti-Frizz\u2122  page\">-->\n      <!--            <img decoding=\"async\" src=\"https:\/\/monatglobal.com\/wp-content\/uploads\/2022\/12\/anti-frizz-shampoo-ecomm-min.png\" alt=\"Champ\u00fa Smoothing Anti-Frizz\u2122 \" loading=\"lazy\"\/>-->\n      <!--            <p>Champ\u00fa<br \/>Smoothing Anti-Frizz\u2122<\/p>-->\n      <!--         <\/a>-->\n      <!--      -->\n      <!--      -->\n      <!--         <a href=\"\/es\/smoothing-deep-conditioner\/\" aria-label=\"Go to Acondicionador Smoothing Anti-Frizz\u2122 page\">-->\n      <!--            <img decoding=\"async\" src=\"https:\/\/monatglobal.com\/wp-content\/uploads\/2022\/12\/anti-frizz-deep-conditioner-ecomm-min.png\" alt=\"Acondicionador Smoothing Anti-Frizz\u2122\" loading=\"lazy\"\/>-->\n      <!--            <p>Acondicionador<br \/>Smoothing Anti-Frizz\u2122<\/p>-->\n      <!--         <\/a>-->\n      <!--      -->\n      <!--   -->\n         <!--==================================================== If we need navigation buttons  ====================================================-->\n      <!--   -->\n      <!--   -->\n         <!--==================================================== If we need paginations  ====================================================-->\n      <!--   -->\n      <!---->\n         <!--==================================================== If we need navigation buttons  ====================================================-->\n         <!--==================================================== If we need paginations  ====================================================-->\n    <a href=\"\" aria-label=\"\"><\/a>\n<!--==================================================== this link has to go last for it to work   ====================================================-->\n\n","protected":false},"excerpt":{"rendered":"<p>MONAT STUDIO ONE\u2122 Crema desecado con calor MONAT STUDIO ONE\u2122 Reforzado con REJUVENIQE\u00ae Una crema de peinado que reduce el encrespamiento y ayuda a alisar y suavizar el cabello durante el peinado con&nbsp;calor. 118 ml \u212e 4 fl. oz. Precio de venta Cliente00.00 \u20ac Precio Cliente VIP00.00 \u20ac Para conocer m\u00e1s sobre la Crema de&hellip;<\/p>\n","protected":false},"author":31,"featured_media":71392,"parent":0,"menu_order":0,"comment_status":"closed","ping_status":"closed","template":"","meta":{"inline_featured_image":false,"om_disable_all_campaigns":false,"_monsterinsights_skip_tracking":false,"_monsterinsights_sitenote_active":false,"_monsterinsights_sitenote_note":"","_monsterinsights_sitenote_category":0,"footnotes":""},"categories":[31],"tags":[],"class_list":["post-19179","page","type-page","status-publish","has-post-thumbnail","hentry","category-product-es"],"aioseo_notices":[],"aioseo_head":"\n\t\t<!-- All in One SEO Pro 4.9.6 - aioseo.com -->\n\t<meta name=\"description\" content=\"MONAT STUDIO ONE\u2122 Crema desecado con calor MONAT STUDIO ONE\u2122 Reforzado con REJUVENIQE\u00ae Una crema de peinado que reduce el encrespamiento y ayuda a alisar y suavizar el cabello durante el peinado con calor. 118 ml \u212e 4 fl. oz. Precio de venta Cliente00.00 \u20ac Precio Cliente VIP00.00 \u20ac Para conocer m\u00e1s sobre la Crema de\" \/>\n\t<meta name=\"robots\" content=\"max-image-preview:large\" \/>\n\t<link rel=\"canonical\" href=\"https:\/\/monatglobal.com\/es\/blow-out-cream\/\" \/>\n\t<meta name=\"generator\" content=\"All in One SEO Pro (AIOSEO) 4.9.6\" \/>\n\t\t<meta property=\"og:locale\" content=\"en_US\" \/>\n\t\t<meta property=\"og:site_name\" content=\"MONAT Espa\u00f1a - We Are Modern Nature\u00ae\" \/>\n\t\t<meta property=\"og:type\" content=\"article\" \/>\n\t\t<meta property=\"og:title\" content=\"MONAT STUDIO ONE\u2122\ufe0f BLOW OUT CREAM - MONAT Espa\u00f1a\" \/>\n\t\t<meta property=\"og:description\" content=\"MONAT STUDIO ONE\u2122 Crema desecado con calor MONAT STUDIO ONE\u2122 Reforzado con REJUVENIQE\u00ae Una crema de peinado que reduce el encrespamiento y ayuda a alisar y suavizar el cabello durante el peinado con calor. 118 ml \u212e 4 fl. oz. Precio de venta Cliente00.00 \u20ac Precio Cliente VIP00.00 \u20ac Para conocer m\u00e1s sobre la Crema de\" \/>\n\t\t<meta property=\"og:url\" content=\"https:\/\/monatglobal.com\/es\/blow-out-cream\/\" \/>\n\t\t<meta property=\"article:published_time\" content=\"2017-06-22T17:20:16+00:00\" \/>\n\t\t<meta property=\"article:modified_time\" content=\"2026-05-08T19:51:06+00:00\" \/>\n\t\t<meta name=\"twitter:card\" content=\"summary_large_image\" \/>\n\t\t<meta name=\"twitter:title\" content=\"MONAT STUDIO ONE\u2122\ufe0f BLOW OUT CREAM - MONAT Espa\u00f1a\" \/>\n\t\t<meta name=\"twitter:description\" content=\"MONAT STUDIO ONE\u2122 Crema desecado con calor MONAT STUDIO ONE\u2122 Reforzado con REJUVENIQE\u00ae Una crema de peinado que reduce el encrespamiento y ayuda a alisar y suavizar el cabello durante el peinado con calor. 118 ml \u212e 4 fl. oz. Precio de venta Cliente00.00 \u20ac Precio Cliente VIP00.00 \u20ac Para conocer m\u00e1s sobre la Crema de\" \/>\n\t\t<script type=\"application\/ld+json\" class=\"aioseo-schema\">\n\t\t\t{\"@context\":\"https:\\\/\\\/schema.org\",\"@graph\":[{\"@type\":\"BreadcrumbList\",\"@id\":\"https:\\\/\\\/monatglobal.com\\\/es\\\/blow-out-cream\\\/#breadcrumblist\",\"itemListElement\":[{\"@type\":\"ListItem\",\"@id\":\"https:\\\/\\\/monatglobal.com\\\/es#listItem\",\"position\":1,\"name\":\"Home\",\"item\":\"https:\\\/\\\/monatglobal.com\\\/es\",\"nextItem\":{\"@type\":\"ListItem\",\"@id\":\"https:\\\/\\\/monatglobal.com\\\/es\\\/blow-out-cream\\\/#listItem\",\"name\":\"MONAT STUDIO ONE\\u2122\\ufe0f BLOW OUT CREAM\"}},{\"@type\":\"ListItem\",\"@id\":\"https:\\\/\\\/monatglobal.com\\\/es\\\/blow-out-cream\\\/#listItem\",\"position\":2,\"name\":\"MONAT STUDIO ONE\\u2122\\ufe0f BLOW OUT CREAM\",\"previousItem\":{\"@type\":\"ListItem\",\"@id\":\"https:\\\/\\\/monatglobal.com\\\/es#listItem\",\"name\":\"Home\"}}]},{\"@type\":\"Organization\",\"@id\":\"https:\\\/\\\/monatglobal.com\\\/es\\\/#organization\",\"name\":\"MONAT Espa\\u00f1a\",\"description\":\"We Are Modern Nature\\u00ae\",\"url\":\"https:\\\/\\\/monatglobal.com\\\/es\\\/\"},{\"@type\":\"WebPage\",\"@id\":\"https:\\\/\\\/monatglobal.com\\\/es\\\/blow-out-cream\\\/#webpage\",\"url\":\"https:\\\/\\\/monatglobal.com\\\/es\\\/blow-out-cream\\\/\",\"name\":\"MONAT STUDIO ONE\\u2122\\ufe0f BLOW OUT CREAM - MONAT Espa\\u00f1a\",\"description\":\"MONAT STUDIO ONE\\u2122 Crema desecado con calor MONAT STUDIO ONE\\u2122 Reforzado con REJUVENIQE\\u00ae Una crema de peinado que reduce el encrespamiento y ayuda a alisar y suavizar el cabello durante el peinado con calor. 118 ml \\u212e 4 fl. oz. Precio de venta Cliente00.00 \\u20ac Precio Cliente VIP00.00 \\u20ac Para conocer m\\u00e1s sobre la Crema de\",\"inLanguage\":\"en-US\",\"isPartOf\":{\"@id\":\"https:\\\/\\\/monatglobal.com\\\/es\\\/#website\"},\"breadcrumb\":{\"@id\":\"https:\\\/\\\/monatglobal.com\\\/es\\\/blow-out-cream\\\/#breadcrumblist\"},\"image\":{\"@type\":\"ImageObject\",\"url\":\"https:\\\/\\\/monatglobal.com\\\/es\\\/wp-content\\\/uploads\\\/sites\\\/10\\\/2021\\\/04\\\/STUDIO-ONE-BLOW-OUT-CREAM-500x438-1.png\",\"@id\":\"https:\\\/\\\/monatglobal.com\\\/es\\\/blow-out-cream\\\/#mainImage\",\"width\":438,\"height\":500},\"primaryImageOfPage\":{\"@id\":\"https:\\\/\\\/monatglobal.com\\\/es\\\/blow-out-cream\\\/#mainImage\"},\"datePublished\":\"2017-06-22T17:20:16+01:00\",\"dateModified\":\"2026-05-08T20:51:06+01:00\"},{\"@type\":\"WebSite\",\"@id\":\"https:\\\/\\\/monatglobal.com\\\/es\\\/#website\",\"url\":\"https:\\\/\\\/monatglobal.com\\\/es\\\/\",\"name\":\"MONAT Espa\\u00f1a\",\"description\":\"We Are Modern Nature\\u00ae\",\"inLanguage\":\"en-US\",\"publisher\":{\"@id\":\"https:\\\/\\\/monatglobal.com\\\/es\\\/#organization\"}}]}\n\t\t<\/script>\n\t\t<!-- All in One SEO Pro -->\r\n\t\t<title>MONAT STUDIO ONE\u2122\ufe0f BLOW OUT CREAM - MONAT Espa\u00f1a<\/title>\n\n","aioseo_head_json":{"title":"MONAT STUDIO ONE\u2122\ufe0f BLOW OUT CREAM - MONAT Espa\u00f1a","description":"MONAT STUDIO ONE\u2122 Crema desecado con calor MONAT STUDIO ONE\u2122 Reforzado con REJUVENIQE\u00ae Una crema de peinado que reduce el encrespamiento y ayuda a alisar y suavizar el cabello durante el peinado con calor. 118 ml \u212e 4 fl. oz. Precio de venta Cliente00.00 \u20ac Precio Cliente VIP00.00 \u20ac Para conocer m\u00e1s sobre la Crema de","canonical_url":"https:\/\/monatglobal.com\/es\/blow-out-cream\/","robots":"max-image-preview:large","keywords":"","webmasterTools":{"miscellaneous":""},"schema":{"@context":"https:\/\/schema.org","@graph":[{"@type":"BreadcrumbList","@id":"https:\/\/monatglobal.com\/es\/blow-out-cream\/#breadcrumblist","itemListElement":[{"@type":"ListItem","@id":"https:\/\/monatglobal.com\/es#listItem","position":1,"name":"Home","item":"https:\/\/monatglobal.com\/es","nextItem":{"@type":"ListItem","@id":"https:\/\/monatglobal.com\/es\/blow-out-cream\/#listItem","name":"MONAT STUDIO ONE\u2122\ufe0f BLOW OUT CREAM"}},{"@type":"ListItem","@id":"https:\/\/monatglobal.com\/es\/blow-out-cream\/#listItem","position":2,"name":"MONAT STUDIO ONE\u2122\ufe0f BLOW OUT CREAM","previousItem":{"@type":"ListItem","@id":"https:\/\/monatglobal.com\/es#listItem","name":"Home"}}]},{"@type":"Organization","@id":"https:\/\/monatglobal.com\/es\/#organization","name":"MONAT Espa\u00f1a","description":"We Are Modern Nature\u00ae","url":"https:\/\/monatglobal.com\/es\/"},{"@type":"WebPage","@id":"https:\/\/monatglobal.com\/es\/blow-out-cream\/#webpage","url":"https:\/\/monatglobal.com\/es\/blow-out-cream\/","name":"MONAT STUDIO ONE\u2122\ufe0f BLOW OUT CREAM - MONAT Espa\u00f1a","description":"MONAT STUDIO ONE\u2122 Crema desecado con calor MONAT STUDIO ONE\u2122 Reforzado con REJUVENIQE\u00ae Una crema de peinado que reduce el encrespamiento y ayuda a alisar y suavizar el cabello durante el peinado con calor. 118 ml \u212e 4 fl. oz. Precio de venta Cliente00.00 \u20ac Precio Cliente VIP00.00 \u20ac Para conocer m\u00e1s sobre la Crema de","inLanguage":"en-US","isPartOf":{"@id":"https:\/\/monatglobal.com\/es\/#website"},"breadcrumb":{"@id":"https:\/\/monatglobal.com\/es\/blow-out-cream\/#breadcrumblist"},"image":{"@type":"ImageObject","url":"https:\/\/monatglobal.com\/es\/wp-content\/uploads\/sites\/10\/2021\/04\/STUDIO-ONE-BLOW-OUT-CREAM-500x438-1.png","@id":"https:\/\/monatglobal.com\/es\/blow-out-cream\/#mainImage","width":438,"height":500},"primaryImageOfPage":{"@id":"https:\/\/monatglobal.com\/es\/blow-out-cream\/#mainImage"},"datePublished":"2017-06-22T17:20:16+01:00","dateModified":"2026-05-08T20:51:06+01:00"},{"@type":"WebSite","@id":"https:\/\/monatglobal.com\/es\/#website","url":"https:\/\/monatglobal.com\/es\/","name":"MONAT Espa\u00f1a","description":"We Are Modern Nature\u00ae","inLanguage":"en-US","publisher":{"@id":"https:\/\/monatglobal.com\/es\/#organization"}}]},"og:locale":"en_US","og:site_name":"MONAT Espa\u00f1a - We Are Modern Nature\u00ae","og:type":"article","og:title":"MONAT STUDIO ONE\u2122\ufe0f BLOW OUT CREAM - MONAT Espa\u00f1a","og:description":"MONAT STUDIO ONE\u2122 Crema desecado con calor MONAT STUDIO ONE\u2122 Reforzado con REJUVENIQE\u00ae Una crema de peinado que reduce el encrespamiento y ayuda a alisar y suavizar el cabello durante el peinado con calor. 118 ml \u212e 4 fl. oz. Precio de venta Cliente00.00 \u20ac Precio Cliente VIP00.00 \u20ac Para conocer m\u00e1s sobre la Crema de","og:url":"https:\/\/monatglobal.com\/es\/blow-out-cream\/","article:published_time":"2017-06-22T17:20:16+00:00","article:modified_time":"2026-05-08T19:51:06+00:00","twitter:card":"summary_large_image","twitter:title":"MONAT STUDIO ONE\u2122\ufe0f BLOW OUT CREAM - MONAT Espa\u00f1a","twitter:description":"MONAT STUDIO ONE\u2122 Crema desecado con calor MONAT STUDIO ONE\u2122 Reforzado con REJUVENIQE\u00ae Una crema de peinado que reduce el encrespamiento y ayuda a alisar y suavizar el cabello durante el peinado con calor. 118 ml \u212e 4 fl. oz. Precio de venta Cliente00.00 \u20ac Precio Cliente VIP00.00 \u20ac Para conocer m\u00e1s sobre la Crema de"},"aioseo_meta_data":{"post_id":"19179","title":"MONAT STUDIO ONE\u2122\ufe0f BLOW OUT CREAM - MONAT Espa\u00f1a","description":null,"keywords":null,"keyphrases":{"focus":{"keyphrase":"","score":0,"analysis":{"keyphraseInTitle":{"score":0,"maxScore":9,"error":1}}},"additional":[]},"primary_term":null,"canonical_url":null,"og_title":null,"og_description":null,"og_object_type":"default","og_image_type":"default","og_image_url":null,"og_image_width":null,"og_image_height":null,"og_image_custom_url":null,"og_image_custom_fields":null,"og_video":"","og_custom_url":null,"og_article_section":null,"og_article_tags":null,"twitter_use_og":false,"twitter_card":"default","twitter_image_type":"default","twitter_image_url":null,"twitter_image_custom_url":null,"twitter_image_custom_fields":null,"twitter_title":null,"twitter_description":null,"schema":{"blockGraphs":[],"customGraphs":[],"default":{"data":{"Article":[],"Course":[],"Dataset":[],"FAQPage":[],"Movie":[],"Person":[],"Product":[],"ProductReview":[],"Car":[],"Recipe":[],"Service":[],"SoftwareApplication":[],"WebPage":[]},"graphName":"WebPage","isEnabled":true},"graphs":[]},"schema_type":"default","schema_type_options":null,"pillar_content":false,"robots_default":true,"robots_noindex":false,"robots_noarchive":false,"robots_nosnippet":false,"robots_nofollow":false,"robots_noimageindex":false,"robots_noodp":false,"robots_notranslate":false,"robots_max_snippet":"-1","robots_max_videopreview":"-1","robots_max_imagepreview":"large","priority":null,"frequency":"default","local_seo":null,"seo_analyzer_scan_date":null,"limit_modified_date":false,"reviewed_by":"0","open_ai":null,"ai":{"faqs":[],"keyPoints":[],"titles":[],"descriptions":[],"socialPosts":{"email":[],"linkedin":[],"twitter":[],"facebook":[],"instagram":[]}},"created":"2023-07-26 09:15:43","updated":"2026-05-08 20:05:03"},"aioseo_breadcrumb":"<div class=\"aioseo-breadcrumbs\"><span class=\"aioseo-breadcrumb\">\n\t<a href=\"https:\/\/monatglobal.com\/es\" title=\"Home\">Home<\/a>\n<\/span><span class=\"aioseo-breadcrumb-separator\">&raquo;<\/span><span class=\"aioseo-breadcrumb\">\n\tMONAT STUDIO ONE\u2122\ufe0f BLOW OUT CREAM\n<\/span><\/div>","aioseo_breadcrumb_json":[{"label":"Home","link":"https:\/\/monatglobal.com\/es"},{"label":"MONAT STUDIO ONE\u2122\ufe0f BLOW OUT CREAM","link":"https:\/\/monatglobal.com\/es\/blow-out-cream\/"}],"_links":{"self":[{"href":"https:\/\/monatglobal.com\/es\/wp-json\/wp\/v2\/pages\/19179","targetHints":{"allow":["GET"]}}],"collection":[{"href":"https:\/\/monatglobal.com\/es\/wp-json\/wp\/v2\/pages"}],"about":[{"href":"https:\/\/monatglobal.com\/es\/wp-json\/wp\/v2\/types\/page"}],"author":[{"embeddable":true,"href":"https:\/\/monatglobal.com\/es\/wp-json\/wp\/v2\/users\/31"}],"replies":[{"embeddable":true,"href":"https:\/\/monatglobal.com\/es\/wp-json\/wp\/v2\/comments?post=19179"}],"version-history":[{"count":41,"href":"https:\/\/monatglobal.com\/es\/wp-json\/wp\/v2\/pages\/19179\/revisions"}],"predecessor-version":[{"id":109365,"href":"https:\/\/monatglobal.com\/es\/wp-json\/wp\/v2\/pages\/19179\/revisions\/109365"}],"wp:featuredmedia":[{"embeddable":true,"href":"https:\/\/monatglobal.com\/es\/wp-json\/wp\/v2\/media\/71392"}],"wp:attachment":[{"href":"https:\/\/monatglobal.com\/es\/wp-json\/wp\/v2\/media?parent=19179"}],"wp:term":[{"taxonomy":"category","embeddable":true,"href":"https:\/\/monatglobal.com\/es\/wp-json\/wp\/v2\/categories?post=19179"},{"taxonomy":"post_tag","embeddable":true,"href":"https:\/\/monatglobal.com\/es\/wp-json\/wp\/v2\/tags?post=19179"}],"curies":[{"name":"wp","href":"https:\/\/api.w.org\/{rel}","templated":true}]}}