{"id":18244,"date":"2017-05-02T14:00:48","date_gmt":"2017-05-02T18:00:48","guid":{"rendered":"https:\/\/monatglobal.com\/uk\/?page_id=18244"},"modified":"2026-04-06T16:50:44","modified_gmt":"2026-04-06T15:50:44","slug":"rejuvabeads","status":"publish","type":"page","link":"https:\/\/monatglobal.com\/es\/rejuvabeads\/","title":{"rendered":"Rejuvabeads\u00ae"},"content":{"rendered":"\n\n\t<link rel=\"stylesheet\" href=\"https:\/\/unpkg.com\/swiper\/swiper-bundle.min.css\" \/>\n<link rel=\"stylesheet\" href=\"https:\/\/monatglobal.com\/wp-content\/creative_css\/product_styles_sheet.css\" \/>\n   <!--==================================================== ECOMM SECTION ====================================================-->\n    <p>M\u00c1S VENDIDOS<\/p>\n      <!--==================================================== Ecomm image ====================================================-->\n      <img decoding=\"async\" src=\"https:\/\/monatglobal.com\/es\/wp-content\/uploads\/sites\/10\/2021\/10\/Rejevabeads-ecomm.png\" alt=\"Rejuvabeads\u00ae\" loading=\"lazy\"\/>\n      <!--==================================================== Ecomm information  ====================================================-->\n         \n          <p>M\u00c1S VENDIDOS<\/p>\n         <h1>REJUVABEADS<sup>\u00ae<\/sup><\/h1> \n         <p>Reforzado con REJUVENIQE<sup>\u00ae<\/sup><\/p>\n         <p>Un tratamiento revolucionario sin aclarado que trata y repara las puntas&nbsp;abiertas.<\/p>\n         <p>70 ml \u212e 2.4 fl. oz.<\/p>\n       <!--==================================================== pricing box  ====================================================-->  \n               <p>Precio cliente<br \/>00.00 \u20ac<\/p>\n               <p>Precio cliente VIP<br \/>00.00 \u20ac<\/p>\n       <!--==================================================== pricing box  ====================================================-->  \n         <p>Para conocer m\u00e1s sobre REJUVABEADS<sup>\u00ae<\/sup>, ponte en contacto con tu Market Partner de&nbsp;MONAT.<\/p>\n          <a href=\"\" target=\"_blank\" role=\"button\" aria-label=\"\"><\/a>\n   <!--==================================================== \/ECOMM SECTION  ====================================================-->\n   <!--==================================================== Benefits image ====================================================-->\n   \n      <source media=\"(max-width: 700px)\" srcset=\"https:\/\/monatglobal.com\/nz\/wp-content\/uploads\/sites\/15\/2022\/10\/Rejuvabeads-benefits_mobile.jpg\" loading=\"lazy\"\/>\n      <img decoding=\"async\" src=\"https:\/\/monatglobal.com\/nz\/wp-content\/uploads\/sites\/15\/2022\/10\/Rejuvabeads-benefits.jpg\" \n      alt=\"A blonde female smiling while holding REJUVABEADS\u00ae by MONAT\" loading=\"lazy\"\/>\n   \n   <!--==================================================== Benefits text ====================================================-->\n         <h2>BENEFICIOS<\/h2>\n         <h3>Reduce instant\u00e1neamente las puntas abiertas en un 47 % durante 24 horas con este s\u00e9rum que repara y&nbsp;sella.<\/h3>\n         <p> Aporta suavidad a las puntas fr\u00e1giles para lucir un cabello m\u00e1s&nbsp;saludable.<\/p>\n         <!--==================================================== features image  ====================================================-->\n         <img decoding=\"async\" alt=\"REJUVABEADS\u00ae by MONAT laying on a flat surface, along with ingredients such as lemon slices, lime slices, seeds, carrots and tomatoes\" src=\"https:\/\/monatglobal.com\/nz\/wp-content\/uploads\/sites\/15\/2022\/10\/Rejuvabeads-features.jpg\" loading=\"lazy\"\/>\n      <!--==================================================== features text ====================================================-->\n            <h3>Caracter\u00edsticas<\/h3>\n               <p>\/ S\u00e9rum ligero sin aclarado para un cabello m\u00e1s saludable y con menos puntas&nbsp;abiertas<\/p>\n               <p>\/ Tecnolog\u00eda que sella los enlaces para reparar las puntas al&nbsp;instante<\/p>\n               <br \/>\n            <p>Fragancia \/ Toques de frutas dulces, como el melocot\u00f3n, el mango, la naranja y la granada, con salvia, jazm\u00edn y vainilla&nbsp;arom\u00e1tica.<\/p>\n            <p> Textura \/ S\u00e9rum ligero<\/p>\n   <!--==================================================== composition image mobile ====================================================-->\n   <img decoding=\"async\" alt=\"REJUVABEADS\u00ae by MONAT laying on a wooden tray sitting on a counter next to a mirror, plant, a wooden comb and wooden brush\" src=\"https:\/\/monatglobal.com\/nz\/wp-content\/uploads\/sites\/15\/2022\/10\/Rejuvabeads-composition-1.jpg\" loading=\"lazy\"\/>\n   <!--==================================================== Why it works text ====================================================-->\n      <h2>Disfruta al instante de un cabello m\u00e1s saludable y con menos puntas&nbsp;abiertas.<\/h2>\n      <h3>Impulsado por una exclusiva tecnolog\u00eda enfocada en la salud del cabello con REJUVENIQE<sup>\u00ae<\/sup> y extracto de semilla de ch\u00eda para unir instant\u00e1neamente las puntas&nbsp;abiertas.<\/h3>\n      <p>Through micro-encapsulation, this revolutionary formula temporarily mends split ends for healthier,&nbsp;hair.<\/p>\n<!--==================================================== Composition section ====================================================-->\n      <img decoding=\"async\" alt=\"Blonde female holding REJUVABEADS\u00ae by MONAT, overlaying a texture shot of REJUVABEADS\u00ae by MONAT\" src=\"https:\/\/monatglobal.com\/nz\/wp-content\/uploads\/sites\/15\/2022\/10\/Rejuvabeads-composition-1.jpg\" loading=\"lazy\"\/>\n      <img decoding=\"async\" alt=\"\" \n      src=\"https:\/\/monatglobal.com\/nz\/wp-content\/uploads\/sites\/15\/2022\/10\/Rejuvabeads-composition-3.jpg\" loading=\"lazy\"\/>\n            <!--==================================================== Directions text ====================================================--> \n               <h3>Instrucciones de uso<\/h3>\n                    <p>\/ Apl\u00edcalo en la parte media y las puntas del cabello lavado y secado con&nbsp;toalla.<\/p>\n                    <p>\/ Deja que act\u00fae por un&nbsp;minuto.<\/p>\n                    <p>\/ Peina el cabello como de&nbsp;costumbre.<\/p>\n            <!--==================================================== Directions video ====================================================-->\n      <p>REJUVENIQE<sup>\u00ae<\/sup> <br \/>0:00<\/p>\n      <a href=\"\" target=\"_blank\"  role=\"button\" aria-label=\"\"><\/a>\n   <!--==================================================== Ingredients section  ====================================================-->\n      <h2>INGREDIENTES CLAVE<\/h2>\n               <p>REJUVENIQE<sup>\u00ae<\/sup><\/p>\n               <p>Extracto de semillas de&nbsp;ch\u00eda<\/p>\n        <button id=\"myBtn\" type=\"button\">LISTA DE INGREDIENTES<\/button>\n      <!--==================================================== Modal content  ====================================================-->\n         &times;\n         <p>Aqua\/Water\/Eau, Cetearyl Alcohol, Isoamyl Laurate, Behentrimonium Chloride, Glycerin, Limnanthes Alba (Meadowfoam) Seed Oil, Crambe Abyssinica Seed Oil, Camellia Oleifera Seed Oil, Solanum Lycopersicum (Tomato) Seed Oil, Daucus Carota Sativa (Carrot) Seed Oil, Citrus Limon (Lemon) Peel Oil, Citrus Aurantifolia (Lime) Oil, Citrus Aurantium Bergamia (Bergamot) Fruit Oil, Adansonia Digitata Oil, Mauritia Flexuosa Fruit Oil, Cocos Nucifera (Coconut) Oil, Gardenia Taitensis Flower Extract, Moringa Oleifera Seed Oil, Caryocar Brasiliense Fruit Oil, Helianthus Annuus (Sunflower) Seed Oil, Linum Usitatissimum (Linseed) Seed Extract, Salvia Hispanica Seed Extract, Tocopherol, Xanthan Gum, Carrageenan, Algin, Guar Hydroxypropyltrimonium Chloride, Chitosan, Caprylic\/Capric Triglyceride, Coco-Glucoside, Sorbitan Oleate, Fragrance\/Parfum,  Stearamidopropyl Dimethylamine, Benzyl Alcohol, Ethylhexylglycerin, Limonene.<\/p>\n   <!--==================================================== You might also like section ====================================================-->\n      <h2>PUEDE QUE TAMBI\u00c9N TE GUSTE<\/h2>\n      <!--==================================================== Slider YOU MIGHT ALSO LIKE ====================================================-->\n         <!--==================================================== If we need navigation buttons  ====================================================-->\n         <!--==================================================== If we need paginations  ====================================================-->\n    <a href=\"\" aria-label=\"\"><\/a>\n<!--==================================================== this link has to go last for it to work   ====================================================-->\n\n","protected":false},"excerpt":{"rendered":"<p>M\u00c1S VENDIDOS M\u00c1S VENDIDOS REJUVABEADS\u00ae Reforzado con REJUVENIQE\u00ae Un tratamiento revolucionario sin aclarado que trata y repara las puntas&nbsp;abiertas. 70 ml \u212e 2.4 fl. oz. Precio cliente00.00 \u20ac Precio cliente VIP00.00 \u20ac Para conocer m\u00e1s sobre REJUVABEADS\u00ae, ponte en contacto con tu Market Partner de&nbsp;MONAT. BENEFICIOS Reduce instant\u00e1neamente las puntas abiertas en un 47 %&hellip;<\/p>\n","protected":false},"author":31,"featured_media":71360,"parent":0,"menu_order":0,"comment_status":"closed","ping_status":"closed","template":"","meta":{"inline_featured_image":false,"om_disable_all_campaigns":false,"_monsterinsights_skip_tracking":false,"_monsterinsights_sitenote_active":false,"_monsterinsights_sitenote_note":"","_monsterinsights_sitenote_category":0,"footnotes":""},"categories":[31],"tags":[],"class_list":["post-18244","page","type-page","status-publish","has-post-thumbnail","hentry","category-product-es"],"aioseo_notices":[],"aioseo_head":"\n\t\t<!-- All in One SEO Pro 4.9.6 - aioseo.com -->\n\t<meta name=\"description\" content=\"M\u00c1S VENDIDOS M\u00c1S VENDIDOS REJUVABEADS\u00ae Reforzado con REJUVENIQE\u00ae Un tratamiento revolucionario sin aclarado que trata y repara las puntas abiertas. 70 ml \u212e 2.4 fl. oz. Precio cliente00.00 \u20ac Precio cliente VIP00.00 \u20ac Para conocer m\u00e1s sobre REJUVABEADS\u00ae, ponte en contacto con tu Market Partner de MONAT. BENEFICIOS Reduce instant\u00e1neamente las puntas abiertas en un 47 %\" \/>\n\t<meta name=\"robots\" content=\"max-image-preview:large\" \/>\n\t<link rel=\"canonical\" href=\"https:\/\/monatglobal.com\/es\/rejuvabeads\/\" \/>\n\t<meta name=\"generator\" content=\"All in One SEO Pro (AIOSEO) 4.9.6\" \/>\n\t\t<meta property=\"og:locale\" content=\"en_US\" \/>\n\t\t<meta property=\"og:site_name\" content=\"MONAT Espa\u00f1a - We Are Modern Nature\u00ae\" \/>\n\t\t<meta property=\"og:type\" content=\"article\" \/>\n\t\t<meta property=\"og:title\" content=\"Rejuvabeads\u00ae\" \/>\n\t\t<meta property=\"og:description\" content=\"M\u00c1S VENDIDOS M\u00c1S VENDIDOS REJUVABEADS\u00ae Reforzado con REJUVENIQE\u00ae Un tratamiento revolucionario sin aclarado que trata y repara las puntas abiertas. 70 ml \u212e 2.4 fl. oz. Precio cliente00.00 \u20ac Precio cliente VIP00.00 \u20ac Para conocer m\u00e1s sobre REJUVABEADS\u00ae, ponte en contacto con tu Market Partner de MONAT. BENEFICIOS Reduce instant\u00e1neamente las puntas abiertas en un 47 %\" \/>\n\t\t<meta property=\"og:url\" content=\"https:\/\/monatglobal.com\/es\/rejuvabeads\/\" \/>\n\t\t<meta property=\"article:published_time\" content=\"2017-05-02T18:00:48+00:00\" \/>\n\t\t<meta property=\"article:modified_time\" content=\"2026-04-06T15:50:44+00:00\" \/>\n\t\t<meta name=\"twitter:card\" content=\"summary_large_image\" \/>\n\t\t<meta name=\"twitter:title\" content=\"Rejuvabeads\u00ae\" \/>\n\t\t<meta name=\"twitter:description\" content=\"M\u00c1S VENDIDOS M\u00c1S VENDIDOS REJUVABEADS\u00ae Reforzado con REJUVENIQE\u00ae Un tratamiento revolucionario sin aclarado que trata y repara las puntas abiertas. 70 ml \u212e 2.4 fl. oz. Precio cliente00.00 \u20ac Precio cliente VIP00.00 \u20ac Para conocer m\u00e1s sobre REJUVABEADS\u00ae, ponte en contacto con tu Market Partner de MONAT. BENEFICIOS Reduce instant\u00e1neamente las puntas abiertas en un 47 %\" \/>\n\t\t<script type=\"application\/ld+json\" class=\"aioseo-schema\">\n\t\t\t{\"@context\":\"https:\\\/\\\/schema.org\",\"@graph\":[{\"@type\":\"BreadcrumbList\",\"@id\":\"https:\\\/\\\/monatglobal.com\\\/es\\\/rejuvabeads\\\/#breadcrumblist\",\"itemListElement\":[{\"@type\":\"ListItem\",\"@id\":\"https:\\\/\\\/monatglobal.com\\\/es#listItem\",\"position\":1,\"name\":\"Home\",\"item\":\"https:\\\/\\\/monatglobal.com\\\/es\",\"nextItem\":{\"@type\":\"ListItem\",\"@id\":\"https:\\\/\\\/monatglobal.com\\\/es\\\/rejuvabeads\\\/#listItem\",\"name\":\"Rejuvabeads\\u00ae\"}},{\"@type\":\"ListItem\",\"@id\":\"https:\\\/\\\/monatglobal.com\\\/es\\\/rejuvabeads\\\/#listItem\",\"position\":2,\"name\":\"Rejuvabeads\\u00ae\",\"previousItem\":{\"@type\":\"ListItem\",\"@id\":\"https:\\\/\\\/monatglobal.com\\\/es#listItem\",\"name\":\"Home\"}}]},{\"@type\":\"Organization\",\"@id\":\"https:\\\/\\\/monatglobal.com\\\/es\\\/#organization\",\"name\":\"MONAT Espa\\u00f1a\",\"description\":\"We Are Modern Nature\\u00ae\",\"url\":\"https:\\\/\\\/monatglobal.com\\\/es\\\/\"},{\"@type\":\"WebPage\",\"@id\":\"https:\\\/\\\/monatglobal.com\\\/es\\\/rejuvabeads\\\/#webpage\",\"url\":\"https:\\\/\\\/monatglobal.com\\\/es\\\/rejuvabeads\\\/\",\"name\":\"Rejuvabeads\\u00ae\",\"description\":\"M\\u00c1S VENDIDOS M\\u00c1S VENDIDOS REJUVABEADS\\u00ae Reforzado con REJUVENIQE\\u00ae Un tratamiento revolucionario sin aclarado que trata y repara las puntas abiertas. 70 ml \\u212e 2.4 fl. oz. Precio cliente00.00 \\u20ac Precio cliente VIP00.00 \\u20ac Para conocer m\\u00e1s sobre REJUVABEADS\\u00ae, ponte en contacto con tu Market Partner de MONAT. BENEFICIOS Reduce instant\\u00e1neamente las puntas abiertas en un 47 %\",\"inLanguage\":\"en-US\",\"isPartOf\":{\"@id\":\"https:\\\/\\\/monatglobal.com\\\/es\\\/#website\"},\"breadcrumb\":{\"@id\":\"https:\\\/\\\/monatglobal.com\\\/es\\\/rejuvabeads\\\/#breadcrumblist\"},\"image\":{\"@type\":\"ImageObject\",\"url\":\"https:\\\/\\\/monatglobal.com\\\/es\\\/wp-content\\\/uploads\\\/sites\\\/10\\\/2021\\\/03\\\/REJUVABEADS-500x438-1.png\",\"@id\":\"https:\\\/\\\/monatglobal.com\\\/es\\\/rejuvabeads\\\/#mainImage\",\"width\":438,\"height\":500},\"primaryImageOfPage\":{\"@id\":\"https:\\\/\\\/monatglobal.com\\\/es\\\/rejuvabeads\\\/#mainImage\"},\"datePublished\":\"2017-05-02T14:00:48+01:00\",\"dateModified\":\"2026-04-06T16:50:44+01:00\"},{\"@type\":\"WebSite\",\"@id\":\"https:\\\/\\\/monatglobal.com\\\/es\\\/#website\",\"url\":\"https:\\\/\\\/monatglobal.com\\\/es\\\/\",\"name\":\"MONAT Espa\\u00f1a\",\"description\":\"We Are Modern Nature\\u00ae\",\"inLanguage\":\"en-US\",\"publisher\":{\"@id\":\"https:\\\/\\\/monatglobal.com\\\/es\\\/#organization\"}}]}\n\t\t<\/script>\n\t\t<!-- All in One SEO Pro -->\r\n\t\t<title>Rejuvabeads\u00ae<\/title>\n\n","aioseo_head_json":{"title":"Rejuvabeads\u00ae","description":"M\u00c1S VENDIDOS M\u00c1S VENDIDOS REJUVABEADS\u00ae Reforzado con REJUVENIQE\u00ae Un tratamiento revolucionario sin aclarado que trata y repara las puntas abiertas. 70 ml \u212e 2.4 fl. oz. Precio cliente00.00 \u20ac Precio cliente VIP00.00 \u20ac Para conocer m\u00e1s sobre REJUVABEADS\u00ae, ponte en contacto con tu Market Partner de MONAT. BENEFICIOS Reduce instant\u00e1neamente las puntas abiertas en un 47 %","canonical_url":"https:\/\/monatglobal.com\/es\/rejuvabeads\/","robots":"max-image-preview:large","keywords":"","webmasterTools":{"miscellaneous":""},"schema":{"@context":"https:\/\/schema.org","@graph":[{"@type":"BreadcrumbList","@id":"https:\/\/monatglobal.com\/es\/rejuvabeads\/#breadcrumblist","itemListElement":[{"@type":"ListItem","@id":"https:\/\/monatglobal.com\/es#listItem","position":1,"name":"Home","item":"https:\/\/monatglobal.com\/es","nextItem":{"@type":"ListItem","@id":"https:\/\/monatglobal.com\/es\/rejuvabeads\/#listItem","name":"Rejuvabeads\u00ae"}},{"@type":"ListItem","@id":"https:\/\/monatglobal.com\/es\/rejuvabeads\/#listItem","position":2,"name":"Rejuvabeads\u00ae","previousItem":{"@type":"ListItem","@id":"https:\/\/monatglobal.com\/es#listItem","name":"Home"}}]},{"@type":"Organization","@id":"https:\/\/monatglobal.com\/es\/#organization","name":"MONAT Espa\u00f1a","description":"We Are Modern Nature\u00ae","url":"https:\/\/monatglobal.com\/es\/"},{"@type":"WebPage","@id":"https:\/\/monatglobal.com\/es\/rejuvabeads\/#webpage","url":"https:\/\/monatglobal.com\/es\/rejuvabeads\/","name":"Rejuvabeads\u00ae","description":"M\u00c1S VENDIDOS M\u00c1S VENDIDOS REJUVABEADS\u00ae Reforzado con REJUVENIQE\u00ae Un tratamiento revolucionario sin aclarado que trata y repara las puntas abiertas. 70 ml \u212e 2.4 fl. oz. Precio cliente00.00 \u20ac Precio cliente VIP00.00 \u20ac Para conocer m\u00e1s sobre REJUVABEADS\u00ae, ponte en contacto con tu Market Partner de MONAT. BENEFICIOS Reduce instant\u00e1neamente las puntas abiertas en un 47 %","inLanguage":"en-US","isPartOf":{"@id":"https:\/\/monatglobal.com\/es\/#website"},"breadcrumb":{"@id":"https:\/\/monatglobal.com\/es\/rejuvabeads\/#breadcrumblist"},"image":{"@type":"ImageObject","url":"https:\/\/monatglobal.com\/es\/wp-content\/uploads\/sites\/10\/2021\/03\/REJUVABEADS-500x438-1.png","@id":"https:\/\/monatglobal.com\/es\/rejuvabeads\/#mainImage","width":438,"height":500},"primaryImageOfPage":{"@id":"https:\/\/monatglobal.com\/es\/rejuvabeads\/#mainImage"},"datePublished":"2017-05-02T14:00:48+01:00","dateModified":"2026-04-06T16:50:44+01:00"},{"@type":"WebSite","@id":"https:\/\/monatglobal.com\/es\/#website","url":"https:\/\/monatglobal.com\/es\/","name":"MONAT Espa\u00f1a","description":"We Are Modern Nature\u00ae","inLanguage":"en-US","publisher":{"@id":"https:\/\/monatglobal.com\/es\/#organization"}}]},"og:locale":"en_US","og:site_name":"MONAT Espa\u00f1a - We Are Modern Nature\u00ae","og:type":"article","og:title":"Rejuvabeads\u00ae","og:description":"M\u00c1S VENDIDOS M\u00c1S VENDIDOS REJUVABEADS\u00ae Reforzado con REJUVENIQE\u00ae Un tratamiento revolucionario sin aclarado que trata y repara las puntas abiertas. 70 ml \u212e 2.4 fl. oz. Precio cliente00.00 \u20ac Precio cliente VIP00.00 \u20ac Para conocer m\u00e1s sobre REJUVABEADS\u00ae, ponte en contacto con tu Market Partner de MONAT. BENEFICIOS Reduce instant\u00e1neamente las puntas abiertas en un 47 %","og:url":"https:\/\/monatglobal.com\/es\/rejuvabeads\/","article:published_time":"2017-05-02T18:00:48+00:00","article:modified_time":"2026-04-06T15:50:44+00:00","twitter:card":"summary_large_image","twitter:title":"Rejuvabeads\u00ae","twitter:description":"M\u00c1S VENDIDOS M\u00c1S VENDIDOS REJUVABEADS\u00ae Reforzado con REJUVENIQE\u00ae Un tratamiento revolucionario sin aclarado que trata y repara las puntas abiertas. 70 ml \u212e 2.4 fl. oz. Precio cliente00.00 \u20ac Precio cliente VIP00.00 \u20ac Para conocer m\u00e1s sobre REJUVABEADS\u00ae, ponte en contacto con tu Market Partner de MONAT. BENEFICIOS Reduce instant\u00e1neamente las puntas abiertas en un 47 %"},"aioseo_meta_data":{"post_id":"18244","title":"Rejuvabeads\u00ae","description":null,"keywords":null,"keyphrases":{"focus":{"keyphrase":"","score":0,"analysis":{"keyphraseInTitle":{"score":0,"maxScore":9,"error":1}}},"additional":[]},"primary_term":null,"canonical_url":null,"og_title":null,"og_description":null,"og_object_type":"default","og_image_type":"default","og_image_url":null,"og_image_width":null,"og_image_height":null,"og_image_custom_url":null,"og_image_custom_fields":null,"og_video":"","og_custom_url":null,"og_article_section":null,"og_article_tags":null,"twitter_use_og":false,"twitter_card":"default","twitter_image_type":"default","twitter_image_url":null,"twitter_image_custom_url":null,"twitter_image_custom_fields":null,"twitter_title":null,"twitter_description":null,"schema":{"blockGraphs":[],"customGraphs":[],"default":{"data":{"Article":[],"Course":[],"Dataset":[],"FAQPage":[],"Movie":[],"Person":[],"Product":[],"ProductReview":[],"Car":[],"Recipe":[],"Service":[],"SoftwareApplication":[],"WebPage":[]},"graphName":"WebPage","isEnabled":true},"graphs":[]},"schema_type":"default","schema_type_options":null,"pillar_content":false,"robots_default":true,"robots_noindex":false,"robots_noarchive":false,"robots_nosnippet":false,"robots_nofollow":false,"robots_noimageindex":false,"robots_noodp":false,"robots_notranslate":false,"robots_max_snippet":"-1","robots_max_videopreview":"-1","robots_max_imagepreview":"large","priority":null,"frequency":"default","local_seo":null,"seo_analyzer_scan_date":"2026-04-06 16:13:38","limit_modified_date":false,"reviewed_by":"0","open_ai":null,"ai":{"faqs":[],"keyPoints":[],"titles":[],"descriptions":[],"socialPosts":{"email":[],"linkedin":[],"twitter":[],"facebook":[],"instagram":[]}},"created":"2023-07-26 09:15:43","updated":"2026-04-06 16:23:07"},"aioseo_breadcrumb":"<div class=\"aioseo-breadcrumbs\"><span class=\"aioseo-breadcrumb\">\n\t<a href=\"https:\/\/monatglobal.com\/es\" title=\"Home\">Home<\/a>\n<\/span><span class=\"aioseo-breadcrumb-separator\">&raquo;<\/span><span class=\"aioseo-breadcrumb\">\n\tRejuvabeads\u00ae\n<\/span><\/div>","aioseo_breadcrumb_json":[{"label":"Home","link":"https:\/\/monatglobal.com\/es"},{"label":"Rejuvabeads\u00ae","link":"https:\/\/monatglobal.com\/es\/rejuvabeads\/"}],"_links":{"self":[{"href":"https:\/\/monatglobal.com\/es\/wp-json\/wp\/v2\/pages\/18244","targetHints":{"allow":["GET"]}}],"collection":[{"href":"https:\/\/monatglobal.com\/es\/wp-json\/wp\/v2\/pages"}],"about":[{"href":"https:\/\/monatglobal.com\/es\/wp-json\/wp\/v2\/types\/page"}],"author":[{"embeddable":true,"href":"https:\/\/monatglobal.com\/es\/wp-json\/wp\/v2\/users\/31"}],"replies":[{"embeddable":true,"href":"https:\/\/monatglobal.com\/es\/wp-json\/wp\/v2\/comments?post=18244"}],"version-history":[{"count":39,"href":"https:\/\/monatglobal.com\/es\/wp-json\/wp\/v2\/pages\/18244\/revisions"}],"predecessor-version":[{"id":109301,"href":"https:\/\/monatglobal.com\/es\/wp-json\/wp\/v2\/pages\/18244\/revisions\/109301"}],"wp:featuredmedia":[{"embeddable":true,"href":"https:\/\/monatglobal.com\/es\/wp-json\/wp\/v2\/media\/71360"}],"wp:attachment":[{"href":"https:\/\/monatglobal.com\/es\/wp-json\/wp\/v2\/media?parent=18244"}],"wp:term":[{"taxonomy":"category","embeddable":true,"href":"https:\/\/monatglobal.com\/es\/wp-json\/wp\/v2\/categories?post=18244"},{"taxonomy":"post_tag","embeddable":true,"href":"https:\/\/monatglobal.com\/es\/wp-json\/wp\/v2\/tags?post=18244"}],"curies":[{"name":"wp","href":"https:\/\/api.w.org\/{rel}","templated":true}]}}