{"id":15959,"date":"2017-02-06T15:27:05","date_gmt":"2017-02-06T20:27:05","guid":{"rendered":"https:\/\/monatglobal.com\/uk\/?page_id=15959"},"modified":"2026-02-23T20:42:45","modified_gmt":"2026-02-23T20:42:45","slug":"intense-repair-treatment-conditioner","status":"publish","type":"page","link":"https:\/\/monatglobal.com\/es\/intense-repair-treatment-conditioner\/","title":{"rendered":"Acondicionador espesante IR Clinical\u2122"},"content":{"rendered":"\n<link rel=\"stylesheet\" href=\"https:\/\/unpkg.com\/swiper\/swiper-bundle.min.css\">\n<link rel=\"stylesheet\" href=\"https:\/\/monatglobal.com\/wp-content\/creative_css\/product_styles_sheet.css\">\n\t<!--==================================================== ECOMM SECTION ====================================================--> \n\t <p>M\u00c1S VENDIDOS<\/p>\n\t\t<!--==================================================== Ecomm image ====================================================-->\n\t\t<img decoding=\"async\" src=\"https:\/\/monatglobal.com\/wp-content\/uploads\/2022\/08\/IR-CLINICAL-THICKENING-CONDITIONER_ecomm-2022_web_page.png\" alt=\"Product shot of IR CLINICAL\u2122 Thickening Conditioner\" loading=\"lazy\">\n\t\t<!--==================================================== Ecomm information  ====================================================-->\n\t\t\t\n\t\t\t\tNUEVO\n\t\t\t\t<p>M\u00c1S VENDIDOS<\/p>\n\t\t\t<h1>Acondicionador <br> espesante<\/h1>\n            <p>IR Clinical\u2122<\/p>\n\t\t\t\n\t\t\t<p>Una experiencia de limpieza estimulante para un cabello m\u00e1s grueso y con m\u00e1s&nbsp;volumen*.<\/p>\n\t\t\t<p>*Basado en una prueba instrumental que mide el di\u00e1metro de la fibra capilar tras la aplicaci\u00f3n del&nbsp;producto.<\/p>\n\t\t\t<p>178 ml \u212e 6fl. oz.<\/p>   \n\t\t<!--==================================================== pricing box  ====================================================-->\t\n         <p>Precio de venta Cliente<br>00.00 \u20ac<\/p>\n         <p>Precio Cliente VIP<br>00.00 \u20ac<\/p>\n\t\t<!--==================================================== pricing box  ====================================================-->\t\n\t\t\t<p>Para saber m\u00e1s sobre el Acondicionador espesante IR Clinical\u2122, ponte en contacto con tu Market Partner de&nbsp;MONAT.<\/p>\n          <a href=\"\" target=\"_blank\" role=\"button\" aria-label=\"\" rel=\"noopener\"><\/a>\n\t<!--==================================================== \/ECOMM SECTION  ====================================================-->\n\t<!--==================================================== Benefits image ====================================================-->\n\t\n\t\t<source media=\"(max-width: 700px)\" srcset=\"https:\/\/monatglobal.com\/wp-content\/uploads\/2022\/08\/benefits-mobile-Ir-clinical-CONDITIONER-BENEFITS.jpg\" loading=\"lazy\">\n\t\t\t<img decoding=\"async\" alt=\"Brunette female smirking while looking down.\" src=\"https:\/\/monatglobal.com\/wp-content\/uploads\/2022\/08\/Smooth-Renew-Body-Lotion-benefits-1.jpg\" loading=\"lazy\">\n\t\t\n\t\t<!--==================================================== Benefits text ====================================================-->\n\t\t\t\t<h2>BENEFICIOS<\/h2>\n\t\t\t\t<h3>Fortalece la debilidad para defenderlo de la ca\u00edda y revela un cabello m\u00e1s fuerte, con m\u00e1s volumen y m\u00e1s radiante.* Esta f\u00f3rmula desarrollada cl\u00ednicamente desenreda e hidrata a la vez que engrosa el cabello tras su uso&nbsp;repetido. **<\/h3>\n                    <p>*Basado en un estudio de rotura del cabello tras el peinado y el cepillado.<br> ** Basado en una prueba instrumental que mide el di\u00e1metro de la fibra capilar tras dos&nbsp;lavados.<\/p> \n\t\t\t\t<!--==================================================== features image  ====================================================-->\n\t\t\t\t<img decoding=\"async\" alt=\"Petri dishes with different ingredients sitting on a lavendar surface.\" src=\"https:\/\/monatglobal.com\/wp-content\/uploads\/2022\/09\/IR-Clinical-Composition-2-2.jpg\" loading=\"lazy\">\n\t\t\t<!--==================================================== features text ====================================================-->\n\t\t\t\t\t<h3>Propiedades<\/h3> \n\t\t\t\t\t    <p>\/ CAPIXYL\u2122 ayuda a fortalecer, engrosar y aumentar la&nbsp;densidad<\/p>\n\t\t\t\t\t\t<p>\/ REJUVENIQE<sup>\u00ae<\/sup>, con \u00e1cidos grasos omega, antioxidantes y&nbsp;nutrientes<\/p>\n\t\t\t\t\t\t<p>\/ Extracto de guisante para apoyar el aspecto sano del&nbsp;cabello<\/p>\n\t\t\t\t\t<br>\n\t\t\t\t\t<p>Fragancia \/ Notas refrescantes de aceite de romero y&nbsp;menta<\/p>\n\t\t\t\t\t<p> Textura \/ Acondicionador rico<\/p>\n\t\t<!--==================================================== composition image mobile ====================================================-->\n\t\t<img decoding=\"async\" alt=\"IR CLINICAL\u2122 Thickening Conditioner on a white surface, infront of test tubes filled with purple liquid.\" src=\"https:\/\/monatglobal.com\/wp-content\/uploads\/2022\/08\/IR-Clinical-Aconditioner-Comp1.jpg\" loading=\"lazy\">\n\t\t<!--==================================================== Why it works text ====================================================-->\n\t\t\t<h2>POR QU\u00c9 FUNCIONA<\/h2>\n\t\t\t<h3> Cabello con un aspecto m\u00e1s grueso y con&nbsp;volumen*<\/h3>\n             <p>*Basado en una prueba instrumental que mide el di\u00e1metro de la fibra capilar tras la aplicaci\u00f3n del&nbsp;producto.<\/p> \n              <p>Una mezcla \u00fanica con activos para engrosar y fortalecer el cabello y con REJUVENIQE<sup>\u00ae<\/sup> que trabajan para satisfacer la necesidad de un cabello con aspecto m\u00e1s grueso y con m\u00e1s volumen, a la vez que proporcionan una experiencia de acondicionador&nbsp;vigorizante.<\/p>\n\t<!--==================================================== Composition section ====================================================-->\n\t\t\t<img decoding=\"async\" alt=\"MIR CLINICAL\u2122 Thickening Conditioner on a white surface, infront of test tubes filled with purple liquid.\" src=\"https:\/\/monatglobal.com\/wp-content\/uploads\/2022\/08\/IR-Clinical-Aconditioner-Comp1.jpg\" loading=\"lazy\">\n\t\t\t<img decoding=\"async\" alt=\"A female washing her hair in the shower, overlaying a photo of bubbles on an iridescent background.\" src=\"https:\/\/monatglobal.com\/wp-content\/uploads\/2022\/08\/IR-Clinical-Comps-Recovered.jpg\" loading=\"lazy\">\n\t\t\t\t\t<!--==================================================== Directions text ====================================================--> \n\t\t\t\t\t\t<h3>Instrucciones de uso<\/h3>\n\t\t\t\t\t\t\t<p>\/ Usar despu\u00e9s de haber aplicado el Champ\u00fa espesante IR Clinical\u2122. Eliminar el exceso de agua del cabello y aplicar desde el cuero cabelludo hasta las&nbsp;puntas.<\/p>\n\t\t\t\t\t\t\t<p>\/ Dejar que act\u00fae de 3 a 5 minutos.<\/p>\n\t\t\t\t\t\t\t<p>\/ Aclarar bien.<\/p>\n\t\t\t\t\t<!--==================================================== Directions video ====================================================-->\n\t\t<p>Acondicionador espesante <br> IR Clinical\u2122 <br>0:43<\/p>\n      <a href=\"\" target=\"_blank\" role=\"button\" aria-label=\"\" rel=\"noopener\"><\/a>\n\t<!--==================================================== Ingredients section   ====================================================-->\n\t\t<h2>INGREDIENTES PRINCIPALES<\/h2>\n\t\t<img decoding=\"async\" src=\"https:\/\/monatglobal.com\/wp-content\/uploads\/2022\/11\/REJUVENIQE\u2122.svg\" alt=\"REJUVENIQE\u2122\">\n\t<p>REJUVENIQE<sup>\u00ae<\/sup><\/p>\n\t\t<img decoding=\"async\" src=\"https:\/\/monatglobal.com\/wp-content\/uploads\/2022\/11\/capixyl.svg\" alt=\"Capixyl\u2122 Icon\">\n\t\t\t<p>CAPIXYL\u2122 <\/p>\n\t\t<img decoding=\"async\" src=\"https:\/\/monatglobal.com\/wp-content\/uploads\/2022\/11\/Pea-extract.svg\" alt=\"Extracto de guisante\">\n\t\t<p>Extracto de guisante<\/p>\n\t\t<img decoding=\"async\" src=\"https:\/\/monatglobal.com\/wp-content\/uploads\/2022\/08\/Vegan-uv-protect.svg\" alt=\"Protector UV vegano\">\n\t<p>Protector UV vegano<\/p>\n\t\t<img decoding=\"async\" src=\"https:\/\/monatglobal.com\/wp-content\/uploads\/2022\/11\/Peppermint-Oil.svg\" alt=\"Aceite de hierbabuena\">\n\t<p>Aceite de hierbabuena<\/p>\n\t<img decoding=\"async\" src=\"https:\/\/monatglobal.com\/wp-content\/uploads\/2022\/11\/Rosemary-Oil.svg\" alt=\"Aceite de romero\">\n\t<p>Aceite de romero<\/p>\n\t<button id=\"myBtn\" type=\"button\">LISTA DE INGREDIENTES<\/button>\n\t<!--==================================================== Modal content  ====================================================-->\n\t\t\u00d7\n\t\t<p>Aqua\/Water\/Eau, Cetearyl Alcohol, Isoamyl Laurate, Behentrimonium Chloride, Glycerin, Stearamidopropyl Dimethylamine,  Linum Usitatissimum (Linseed) Seed Extract, , Pisum Sativum (Pea) Extract, Acetyl Tetrapeptide-3, Trifolium Pratense (Clover) Flower Extract, Limnanthes Alba (Meadowfoam) Seed Oil, Crambe Abyssinica Seed Oil, Camellia Oleifera Seed Oil, Solanum Lycopersicum (Tomato) Seed Oil, Daucus Carota Sativa (Carrot) Seed Oil, Citrus Limon (Lemon) Peel Oil, Citrus Aurantifolia (Lime) Oil, Citrus Aurantium Bergamia (Bergamot) Fruit Oil, Adansonia Digitata Oil, Mauritia Flexuosa Fruit Oil, Cocos Nucifera (Coconut) Oil, Gardenia Taitensis Flower Extract, Moringa Oleifera Seed Oil, Caryocar Brasiliense Fruit Oil, Helianthus Annuus (Sunflower) Seed Oil, Mentha Piperita (Peppermint) Oil, Rosmarinus Officinalis (Rosemary) Leaf Oil, Salvia Hispanica Seed Extract, Cinnamidopropyltrimonium Chloride, Dextran, Citric Acid, Glyceryl Caprylate, Caprylhydroxamic Acid, Butylene Glycol, Benzyl Alcohol, Dehydroacetic Acid, Xylitol, Caprylic Acid, Sodium Benzoate.<\/p>\n<!--==================================================== You might also like section ====================================================-->\n\t<h2>PUEDE QUE TAMBI\u00c9N TE GUSTE<\/h2>\n\t<!--==================================================== Slider YOU MIGHT ALSO LIKE ====================================================-->\n\t<!---->\n\t<!--\t-->\n\t\t\t<!--==================================================== Slides products ====================================================-->\n\t<!--\t\t-->\n\t<!--\t\t\t<a href=\"\/es\/irt-shampoo\/\" aria-label=\"Go to Champ\u00fa espesante IR Clinical\u2122 page\">-->\n\t<!--\t\t\t\t<img decoding=\"async\" src=\"https:\/\/monatglobal.com\/wp-content\/uploads\/2022\/12\/IR-CLINICAL-THICKENING-SHAMPOO_Ecomm-min-1.png\" alt=\"Champ\u00fa espesante IR Clinical\u2122\" loading=\"lazy\"\/>-->\n\t<!--\t\t\t\t<p>Champ\u00fa espesante <br \/> IR Clinical\u2122<\/p>-->\n\t<!--\t\t\t<\/a>-->\n\t<!--\t\t-->\n\t<!--\t\t-->\n\t<!--\t\t\t<a href=\"\/es\/intense-repair-serum\/\" aria-label=\"Go to S\u00e9rum para el cuero cabelludo Cuidado para cabellos debilitados IR Clinical\u2122 page\">-->\n\t<!--\t\t\t\t<img decoding=\"async\" src=\"https:\/\/monatglobal.com\/wp-content\/uploads\/2022\/12\/IR-CLINICAL-HAIR-THINNING-DEFENSE-SERUM_E_comm-min.png\" alt=\"S\u00e9rum para el cuero cabelludo Cuidado para cabellos debilitados IR Clinical\u2122\" loading=\"lazy\"\/>-->\n\t<!--\t\t\t\t<p>S\u00e9rum para el cuero cabelludo <br \/> Cuidado para cabellos debilitados <br \/> IR Clinical\u2122<\/p>-->\n\t<!--\t\t\t<\/a>-->\n\t<!--\t\t-->\n\t<!--\t\t-->\n\t<!--\t\t\t<a href=\"\/es\/volume-spray\/\" aria-label=\"Go to Spray eleva y voluminiza MONAT STUDIO ONE\u2122 page\">-->\n\t<!--\t\t\t\t<img decoding=\"async\" src=\"https:\/\/monatglobal.com\/wp-content\/uploads\/2022\/12\/IR-CLINICAL-THICKENING-CONDITIONER_E_comm-min.png\" alt=\"Spray eleva y voluminiza MONAT STUDIO ONE\u2122\" loading=\"lazy\"\/>-->\n\t<!--\t\t\t\t<p>Spray eleva y voluminiza <br \/> MONAT STUDIO ONE\u2122<\/p>-->\n\t<!--\t\t\t<\/a>-->\n\t<!--\t\t-->\n\t<!--\t-->\n\t\t<!--==================================================== If we need navigation buttons  ====================================================-->\n\t<!--\t-->\n\t<!--\t-->\n\t\t<!--==================================================== If we need paginations  ====================================================-->\n\t<!--\t-->\n\t<!---->\n         <!--==================================================== If we need navigation buttons  ====================================================-->\n         <!--==================================================== If we need paginations  ====================================================-->\n    <a href=\"\" aria-label=\"\"><\/a>\n<!--==================================================== this link has to go last for it to work   ====================================================-->\n","protected":false},"excerpt":{"rendered":"<p>M\u00c1S VENDIDOS NUEVO M\u00c1S VENDIDOS Acondicionador espesante IR Clinical\u2122 Una experiencia de limpieza estimulante para un cabello m\u00e1s grueso y con m\u00e1s&nbsp;volumen*. *Basado en una prueba instrumental que mide el di\u00e1metro de la fibra capilar tras la aplicaci\u00f3n del&nbsp;producto. 178 ml \u212e 6fl. oz. Precio de venta Cliente00.00 \u20ac Precio Cliente VIP00.00 \u20ac Para saber&hellip;<\/p>\n","protected":false},"author":31,"featured_media":70373,"parent":0,"menu_order":0,"comment_status":"closed","ping_status":"closed","template":"","meta":{"inline_featured_image":false,"om_disable_all_campaigns":false,"_monsterinsights_skip_tracking":false,"_monsterinsights_sitenote_active":false,"_monsterinsights_sitenote_note":"","_monsterinsights_sitenote_category":0,"footnotes":""},"categories":[31],"tags":[],"class_list":["post-15959","page","type-page","status-publish","has-post-thumbnail","hentry","category-product-es"],"aioseo_notices":[],"aioseo_head":"\n\t\t<!-- All in One SEO Pro 4.9.6 - aioseo.com -->\n\t<meta name=\"description\" content=\"M\u00c1S VENDIDOS --&gt;\" \/>\n\t<meta name=\"robots\" content=\"max-image-preview:large\" \/>\n\t<link rel=\"canonical\" href=\"https:\/\/monatglobal.com\/es\/intense-repair-treatment-conditioner\/\" \/>\n\t<meta name=\"generator\" content=\"All in One SEO Pro (AIOSEO) 4.9.6\" \/>\n\t\t<meta property=\"og:locale\" content=\"en_US\" \/>\n\t\t<meta property=\"og:site_name\" content=\"MONAT Espa\u00f1a - We Are Modern Nature\u00ae\" \/>\n\t\t<meta property=\"og:type\" content=\"article\" \/>\n\t\t<meta property=\"og:title\" content=\"Acondicionador espesante IR Clinical\u2122\" \/>\n\t\t<meta property=\"og:description\" content=\"M\u00c1S VENDIDOS --&gt;\" \/>\n\t\t<meta property=\"og:url\" content=\"https:\/\/monatglobal.com\/es\/intense-repair-treatment-conditioner\/\" \/>\n\t\t<meta property=\"article:published_time\" content=\"2017-02-06T20:27:05+00:00\" \/>\n\t\t<meta property=\"article:modified_time\" content=\"2026-02-23T20:42:45+00:00\" \/>\n\t\t<meta name=\"twitter:card\" content=\"summary_large_image\" \/>\n\t\t<meta name=\"twitter:title\" content=\"Acondicionador espesante IR Clinical\u2122\" \/>\n\t\t<meta name=\"twitter:description\" content=\"M\u00c1S VENDIDOS --&gt;\" \/>\n\t\t<script type=\"application\/ld+json\" class=\"aioseo-schema\">\n\t\t\t{\"@context\":\"https:\\\/\\\/schema.org\",\"@graph\":[{\"@type\":\"BreadcrumbList\",\"@id\":\"https:\\\/\\\/monatglobal.com\\\/es\\\/intense-repair-treatment-conditioner\\\/#breadcrumblist\",\"itemListElement\":[{\"@type\":\"ListItem\",\"@id\":\"https:\\\/\\\/monatglobal.com\\\/es#listItem\",\"position\":1,\"name\":\"Home\",\"item\":\"https:\\\/\\\/monatglobal.com\\\/es\",\"nextItem\":{\"@type\":\"ListItem\",\"@id\":\"https:\\\/\\\/monatglobal.com\\\/es\\\/intense-repair-treatment-conditioner\\\/#listItem\",\"name\":\"Acondicionador espesante IR Clinical\\u2122\"}},{\"@type\":\"ListItem\",\"@id\":\"https:\\\/\\\/monatglobal.com\\\/es\\\/intense-repair-treatment-conditioner\\\/#listItem\",\"position\":2,\"name\":\"Acondicionador espesante IR Clinical\\u2122\",\"previousItem\":{\"@type\":\"ListItem\",\"@id\":\"https:\\\/\\\/monatglobal.com\\\/es#listItem\",\"name\":\"Home\"}}]},{\"@type\":\"Organization\",\"@id\":\"https:\\\/\\\/monatglobal.com\\\/es\\\/#organization\",\"name\":\"MONAT Espa\\u00f1a\",\"description\":\"We Are Modern Nature\\u00ae\",\"url\":\"https:\\\/\\\/monatglobal.com\\\/es\\\/\"},{\"@type\":\"WebPage\",\"@id\":\"https:\\\/\\\/monatglobal.com\\\/es\\\/intense-repair-treatment-conditioner\\\/#webpage\",\"url\":\"https:\\\/\\\/monatglobal.com\\\/es\\\/intense-repair-treatment-conditioner\\\/\",\"name\":\"Acondicionador espesante IR Clinical\\u2122\",\"description\":\"M\\u00c1S VENDIDOS -->\",\"inLanguage\":\"en-US\",\"isPartOf\":{\"@id\":\"https:\\\/\\\/monatglobal.com\\\/es\\\/#website\"},\"breadcrumb\":{\"@id\":\"https:\\\/\\\/monatglobal.com\\\/es\\\/intense-repair-treatment-conditioner\\\/#breadcrumblist\"},\"image\":{\"@type\":\"ImageObject\",\"url\":\"https:\\\/\\\/monatglobal.com\\\/es\\\/wp-content\\\/uploads\\\/sites\\\/10\\\/2022\\\/09\\\/IR-CLINICAL-THICKENING-CONDITIONER_ecomm-2022_web_page.png\",\"@id\":\"https:\\\/\\\/monatglobal.com\\\/es\\\/intense-repair-treatment-conditioner\\\/#mainImage\",\"width\":641,\"height\":800},\"primaryImageOfPage\":{\"@id\":\"https:\\\/\\\/monatglobal.com\\\/es\\\/intense-repair-treatment-conditioner\\\/#mainImage\"},\"datePublished\":\"2017-02-06T15:27:05+00:00\",\"dateModified\":\"2026-02-23T20:42:45+00:00\"},{\"@type\":\"WebSite\",\"@id\":\"https:\\\/\\\/monatglobal.com\\\/es\\\/#website\",\"url\":\"https:\\\/\\\/monatglobal.com\\\/es\\\/\",\"name\":\"MONAT Espa\\u00f1a\",\"description\":\"We Are Modern Nature\\u00ae\",\"inLanguage\":\"en-US\",\"publisher\":{\"@id\":\"https:\\\/\\\/monatglobal.com\\\/es\\\/#organization\"}}]}\n\t\t<\/script>\n\t\t<!-- All in One SEO Pro -->\r\n\t\t<title>Acondicionador espesante IR Clinical\u2122<\/title>\n\n","aioseo_head_json":{"title":"Acondicionador espesante IR Clinical\u2122","description":"M\u00c1S VENDIDOS -->","canonical_url":"https:\/\/monatglobal.com\/es\/intense-repair-treatment-conditioner\/","robots":"max-image-preview:large","keywords":"","webmasterTools":{"miscellaneous":""},"schema":{"@context":"https:\/\/schema.org","@graph":[{"@type":"BreadcrumbList","@id":"https:\/\/monatglobal.com\/es\/intense-repair-treatment-conditioner\/#breadcrumblist","itemListElement":[{"@type":"ListItem","@id":"https:\/\/monatglobal.com\/es#listItem","position":1,"name":"Home","item":"https:\/\/monatglobal.com\/es","nextItem":{"@type":"ListItem","@id":"https:\/\/monatglobal.com\/es\/intense-repair-treatment-conditioner\/#listItem","name":"Acondicionador espesante IR Clinical\u2122"}},{"@type":"ListItem","@id":"https:\/\/monatglobal.com\/es\/intense-repair-treatment-conditioner\/#listItem","position":2,"name":"Acondicionador espesante IR Clinical\u2122","previousItem":{"@type":"ListItem","@id":"https:\/\/monatglobal.com\/es#listItem","name":"Home"}}]},{"@type":"Organization","@id":"https:\/\/monatglobal.com\/es\/#organization","name":"MONAT Espa\u00f1a","description":"We Are Modern Nature\u00ae","url":"https:\/\/monatglobal.com\/es\/"},{"@type":"WebPage","@id":"https:\/\/monatglobal.com\/es\/intense-repair-treatment-conditioner\/#webpage","url":"https:\/\/monatglobal.com\/es\/intense-repair-treatment-conditioner\/","name":"Acondicionador espesante IR Clinical\u2122","description":"M\u00c1S VENDIDOS -->","inLanguage":"en-US","isPartOf":{"@id":"https:\/\/monatglobal.com\/es\/#website"},"breadcrumb":{"@id":"https:\/\/monatglobal.com\/es\/intense-repair-treatment-conditioner\/#breadcrumblist"},"image":{"@type":"ImageObject","url":"https:\/\/monatglobal.com\/es\/wp-content\/uploads\/sites\/10\/2022\/09\/IR-CLINICAL-THICKENING-CONDITIONER_ecomm-2022_web_page.png","@id":"https:\/\/monatglobal.com\/es\/intense-repair-treatment-conditioner\/#mainImage","width":641,"height":800},"primaryImageOfPage":{"@id":"https:\/\/monatglobal.com\/es\/intense-repair-treatment-conditioner\/#mainImage"},"datePublished":"2017-02-06T15:27:05+00:00","dateModified":"2026-02-23T20:42:45+00:00"},{"@type":"WebSite","@id":"https:\/\/monatglobal.com\/es\/#website","url":"https:\/\/monatglobal.com\/es\/","name":"MONAT Espa\u00f1a","description":"We Are Modern Nature\u00ae","inLanguage":"en-US","publisher":{"@id":"https:\/\/monatglobal.com\/es\/#organization"}}]},"og:locale":"en_US","og:site_name":"MONAT Espa\u00f1a - We Are Modern Nature\u00ae","og:type":"article","og:title":"Acondicionador espesante IR Clinical\u2122","og:description":"M\u00c1S VENDIDOS --&gt;","og:url":"https:\/\/monatglobal.com\/es\/intense-repair-treatment-conditioner\/","article:published_time":"2017-02-06T20:27:05+00:00","article:modified_time":"2026-02-23T20:42:45+00:00","twitter:card":"summary_large_image","twitter:title":"Acondicionador espesante IR Clinical\u2122","twitter:description":"M\u00c1S VENDIDOS --&gt;"},"aioseo_meta_data":{"post_id":"15959","title":"Acondicionador espesante IR Clinical\u2122","description":null,"keywords":null,"keyphrases":{"focus":{"keyphrase":"","score":0,"analysis":{"keyphraseInTitle":{"score":0,"maxScore":9,"error":1}}},"additional":[]},"primary_term":null,"canonical_url":null,"og_title":null,"og_description":null,"og_object_type":"default","og_image_type":"default","og_image_url":null,"og_image_width":null,"og_image_height":null,"og_image_custom_url":null,"og_image_custom_fields":null,"og_video":"","og_custom_url":null,"og_article_section":null,"og_article_tags":null,"twitter_use_og":false,"twitter_card":"default","twitter_image_type":"default","twitter_image_url":null,"twitter_image_custom_url":null,"twitter_image_custom_fields":null,"twitter_title":null,"twitter_description":null,"schema":{"blockGraphs":[],"customGraphs":[],"default":{"data":{"Article":[],"Course":[],"Dataset":[],"FAQPage":[],"Movie":[],"Person":[],"Product":[],"ProductReview":[],"Car":[],"Recipe":[],"Service":[],"SoftwareApplication":[],"WebPage":[]},"graphName":"WebPage","isEnabled":true},"graphs":[]},"schema_type":"default","schema_type_options":null,"pillar_content":false,"robots_default":true,"robots_noindex":false,"robots_noarchive":false,"robots_nosnippet":false,"robots_nofollow":false,"robots_noimageindex":false,"robots_noodp":false,"robots_notranslate":false,"robots_max_snippet":"-1","robots_max_videopreview":"-1","robots_max_imagepreview":"large","priority":null,"frequency":"default","local_seo":null,"seo_analyzer_scan_date":"2026-02-23 20:50:48","limit_modified_date":false,"reviewed_by":"0","open_ai":null,"ai":{"faqs":[],"keyPoints":[],"titles":[],"descriptions":[],"socialPosts":{"email":[],"linkedin":[],"twitter":[],"facebook":[],"instagram":[]}},"created":"2023-07-26 09:15:43","updated":"2026-02-23 20:50:48"},"aioseo_breadcrumb":"<div class=\"aioseo-breadcrumbs\"><span class=\"aioseo-breadcrumb\">\n\t<a href=\"https:\/\/monatglobal.com\/es\" title=\"Home\">Home<\/a>\n<\/span><span class=\"aioseo-breadcrumb-separator\">&raquo;<\/span><span class=\"aioseo-breadcrumb\">\n\tAcondicionador espesante IR Clinical\u2122\n<\/span><\/div>","aioseo_breadcrumb_json":[{"label":"Home","link":"https:\/\/monatglobal.com\/es"},{"label":"Acondicionador espesante IR Clinical\u2122","link":"https:\/\/monatglobal.com\/es\/intense-repair-treatment-conditioner\/"}],"_links":{"self":[{"href":"https:\/\/monatglobal.com\/es\/wp-json\/wp\/v2\/pages\/15959","targetHints":{"allow":["GET"]}}],"collection":[{"href":"https:\/\/monatglobal.com\/es\/wp-json\/wp\/v2\/pages"}],"about":[{"href":"https:\/\/monatglobal.com\/es\/wp-json\/wp\/v2\/types\/page"}],"author":[{"embeddable":true,"href":"https:\/\/monatglobal.com\/es\/wp-json\/wp\/v2\/users\/31"}],"replies":[{"embeddable":true,"href":"https:\/\/monatglobal.com\/es\/wp-json\/wp\/v2\/comments?post=15959"}],"version-history":[{"count":33,"href":"https:\/\/monatglobal.com\/es\/wp-json\/wp\/v2\/pages\/15959\/revisions"}],"predecessor-version":[{"id":109183,"href":"https:\/\/monatglobal.com\/es\/wp-json\/wp\/v2\/pages\/15959\/revisions\/109183"}],"wp:featuredmedia":[{"embeddable":true,"href":"https:\/\/monatglobal.com\/es\/wp-json\/wp\/v2\/media\/70373"}],"wp:attachment":[{"href":"https:\/\/monatglobal.com\/es\/wp-json\/wp\/v2\/media?parent=15959"}],"wp:term":[{"taxonomy":"category","embeddable":true,"href":"https:\/\/monatglobal.com\/es\/wp-json\/wp\/v2\/categories?post=15959"},{"taxonomy":"post_tag","embeddable":true,"href":"https:\/\/monatglobal.com\/es\/wp-json\/wp\/v2\/tags?post=15959"}],"curies":[{"name":"wp","href":"https:\/\/api.w.org\/{rel}","templated":true}]}}