{"id":13709,"date":"2016-09-17T18:00:45","date_gmt":"2016-09-17T17:00:45","guid":{"rendered":"https:\/\/monatglobal.com\/uk\/?page_id=13709"},"modified":"2026-02-24T15:51:04","modified_gmt":"2026-02-24T15:51:04","slug":"conditioning-dry-shampoo","status":"publish","type":"page","link":"https:\/\/monatglobal.com\/es\/conditioning-dry-shampoo\/","title":{"rendered":"MONAT STUDIO ONE\u2122 THE CHAMP\u2122 CONDITIONING DRY SHAMPOO"},"content":{"rendered":"\n\n\t<link rel=\"stylesheet\" href=\"https:\/\/unpkg.com\/swiper\/swiper-bundle.min.css\" \/>\n<link rel=\"stylesheet\" href=\"https:\/\/monatglobal.com\/wp-content\/creative_css\/product_styles_sheet.css\" \/>  \n   <!--==================================================== ECOMM SECTION ====================================================-->\n   <p>M\u00c1S VENDIDOS<\/p>\n      <!--==================================================== Ecomm image ====================================================-->\n      <img decoding=\"async\" src=\"https:\/\/monatglobal.com\/es\/wp-content\/uploads\/sites\/10\/2021\/10\/CHAMPU-ACONDICIONADOR-EN-SECO-MONAT-STUDIO-ONE-THE-CHAMP-ecomm.png\" alt=\"Product shot of MONAT STUDIO ONE\u2122 The Champ Conditioning Dry Shampoo.\" loading=\"lazy\"\/>\n      <!--==================================================== Ecomm information  ====================================================-->\n         \n         <p>M\u00c1S VENDIDOS<\/p>\n         <h1>Champ\u00fa<br \/>acondicionador<br \/>en seco<\/h1>\n         <p>MONAT STUDIO ONE\u2122<br \/>THE CHAMP\u2122<\/p>\n         <p>Reforzado con REJUVENIQE<sup>\u00ae<\/sup><\/p>\n         <p>Champ\u00fa sin agua que absorbe la grasa, la suciedad y las impurezas entre&nbsp;lavados.<\/p>\n         <p>Net wt. 113g\/4 oz. \u212e 108 ml\/3.7 fl. oz.<\/p>\n        <!--==================================================== pricing box  ====================================================-->\n         <p>Precio de venta Cliente<br \/>00.00 \u20ac<\/p>\n         <p>Precio Cliente VIP<br \/>00.00 \u20ac<\/p>\n        <!--==================================================== pricing box  ====================================================-->  \n         <p>Para conocer m\u00e1s sobre el Champ\u00fa acondicionador en seco MONAT STUDIO ONE\u2122 THE CHAMP\u2122, ponte en contacto con tu Market Partner de&nbsp;MONAT.<\/p>\n          <a href=\"\" target=\"_blank\" role=\"button\" aria-label=\"\" rel=\"noopener\"><\/a>\n   <!--==================================================== \/ECOMM SECTION  ====================================================-->\n   <!--==================================================== Benefits image ====================================================-->\n \n  <source media=\"(max-width: 700px)\" srcset=\"https:\/\/monatglobal.com\/nz\/wp-content\/uploads\/sites\/15\/2022\/10\/benefits-the-champ-mobile.jpg\" loading=\"lazy\"\/>\n    <img decoding=\"async\" src=\"https:\/\/monatglobal.com\/nz\/wp-content\/uploads\/sites\/15\/2022\/10\/benefits-the-champ-desk.jpg\" \n    alt=\"Blonde female smiling while holding MONAT STUDIO ONE\u2122 The Champ Conditioning Dry Shampoo.\" loading=\"lazy\"\/>\n  \n   <!--==================================================== Benefits text ====================================================-->\n         <h2>BENEFICIOS<\/h2>\n         <h3>Este champ\u00fa en seco usa almid\u00f3n de arroz ultrafino para absorber la grasa, permitiendo que puedas seguir con tu peinado los d\u00edas en los que no uses&nbsp;champ\u00fa.<\/h3>\n         <p>Excelente para todo tipo de cabellos, seguro para cabellos te\u00f1idos, hipoalerg\u00e9nico y dermatol\u00f3gicamente&nbsp;testado. <\/p>\n         <!--==================================================== features image  ====================================================-->\n         <img decoding=\"async\" alt=\"MONAT STUDIO ONE\u2122 The Champ Conditioning Dry Shampoo laying on a flat surface, along with ingredients such as lemon and lime slices, tomatoes, coconut pieces and sunflower seeds.\" src=\"https:\/\/monatglobal.com\/nz\/wp-content\/uploads\/sites\/15\/2022\/10\/The-champ-features.jpg\" loading=\"lazy\"\/>\n      <!--==================================================== features text ====================================================-->\n            <h3>Caracter\u00edsticas<\/h3>\n                <p>\/ Absorbe la grasa de las&nbsp;ra\u00edces<\/p>\n                <p>\/ A\u00f1ade volumen y&nbsp;textura<\/p>\n               <br \/>\n            <p>Fragancia \/  Presenta una fragancia c\u00edtrica ba\u00f1ada por el sol, con flores primaverales como el jazm\u00edn y la rosa, mezcladas con mandarina y mandarina&nbsp;satsuma.<\/p>\n            <p> Textura \/ Polvo seco<\/p>\n   <!--==================================================== composition image mobile ====================================================-->\n   <img decoding=\"async\" alt=\"MONAT STUDIO ONE\u2122 The Champ Conditioning Dry Shampoo laying on a purple surface with hair rollers and small pumpkins.\" src=\"https:\/\/monatglobal.com\/nz\/wp-content\/uploads\/sites\/15\/2022\/10\/The-champ-comp1.jpg\" loading=\"lazy\"\/>\n   <!--==================================================== Why it works text ====================================================-->\n      <h2>Haz que la grasa del cabello desaparezca  con el Champ\u00fa acondicionador en seco MONAT STUDIO ONE\u2122 THE&nbsp;CHAMP\u2122<\/h2>\n      <h3>THE CHAMP\u2122 refresca r\u00e1pida y f\u00e1cilmente tu peinado entre&nbsp;lavados.<\/h3>\n      <p>Este champ\u00fa en seco se deshace de la suciedad, la grasa y las impurezas para una apariencia como&nbsp;nueva.<\/p>\n<!--==================================================== Composition section ====================================================-->\n      <img decoding=\"async\" alt=\"MONAT STUDIO ONE\u2122 The Champ Conditioning Dry Shampoo laying on a purple surface with hair rollers and small pumpkins.\" src=\"https:\/\/monatglobal.com\/nz\/wp-content\/uploads\/sites\/15\/2022\/10\/The-champ-comp1.jpg\" loading=\"lazy\"\/>\n      <img decoding=\"async\" alt=\"Blonde female smiling while touching her hair, overlaying a purple background.\" \n      src=\"https:\/\/monatglobal.com\/nz\/wp-content\/uploads\/sites\/15\/2022\/10\/The-champ-comp2.jpg\" loading=\"lazy\"\/>\n            <!--==================================================== Directions text ====================================================--> \n               <h3>Instrucciones de uso<\/h3>\n                    <p>\/ Agitar bien antes de&nbsp;usar.<\/p>\n                    <p>\/ Pulverizar uniformemente desde 26-27 cm de distancia del cabello y centrarse en las&nbsp;ra\u00edces.<\/p>\n                    <p>\/ Dejar que act\u00fae durante 1 o 2&nbsp;minutos.<\/p>\n            <!--==================================================== Directions video ====================================================-->\n      <p>REJUVENIQE<sup>\u00ae<\/sup> <br \/>0:00<\/p> \n      <a href=\"\" target=\"_blank\" role=\"button\" aria-label=\"\" rel=\"noopener\"><\/a>\n   <!--==================================================== Ingredients section  ====================================================-->\n      <h2>INGREDIENTES CLAVE<\/h2>\n   <p>REJUVENIQE<sup>\u00ae<\/sup><\/p>\n <p>Almid\u00f3n de arroz&nbsp;agrana<\/p>\n        <button id=\"myBtn\" type=\"button\">LISTA DE INGREDIENTES<\/button>\n      <!--==================================================== Modal content  ====================================================-->\n         &times;\n         <p>Tetrafluoropropene, Alcohol Denat., Oryza Sativa (Rice) Starch, Quaternium-90 Sepiolite, Isopropyl Myristate, Fragrance\/Parfum, Limnanthes Alba (Meadowfoam) Seed Oil, Crambe Abyssinica Seed Oil, Cocos Nucifera (Coconut) Oil, Camellia Oleifera Seed Oil, Solanum Lycopersicum (Tomato) Seed Oil, Daucus Carota Sativa (Carrot) Seed Oil, Citrus Limon (Lemon) Peel Oil, Citrus Aurantifolia (Lime) Oil, Citrus Aurantium Bergamia (Bergamot) Fruit Oil, Adansonia Digitata Oil, Mauritia Flexuosa Fruit Oil, Gardenia Taitensis Flower Extract, Moringa Oleifera Seed Oil, Caryocar Brasiliense Fruit Oil, Helianthus Annuus (Sunflower) Seed Oil, Cetrimonium Chloride, Quaternium-90 Montmorillonite, Hydroxycitronellal, Limonene, Linalool.<\/p>\n   <!--==================================================== You might also like section ====================================================-->\n      <h2>PUEDE QUE TAMBI\u00c9N TE GUSTE<\/h2>\n      <!--==================================================== Slider YOU MIGHT ALSO LIKE ====================================================-->\n      <!---->\n      <!--   -->\n            <!--==================================================== Slides products ====================================================-->\n      <!--          -->\n      <!--               <a href=\"https:\/\/corp.mymonat.com\/shop\/products\/champu-micelar-calmante\/?globallanguage=es&globalmarket=es&_gl=1*i7z2ur*_ga*NjgzMTgwODE4LjE2NjA5NDMxMzU.*_ga_NEVL8VM1F8*MTY2OTczNTk5OC4yOTQuMS4xNjY5NzM2OTEyLjAuMC4w\" target=\"_blank\" aria-label=\"Go to Champ\u00fa micelar calmante page\" rel=\"noopener\">-->\n      <!--                <img decoding=\"async\" src=\"https:\/\/monatglobal.com\/wp-content\/uploads\/2022\/12\/soothing-micellar_ecomm-min.png\" alt=\"Champ\u00fa micelar calmante\" loading=\"lazy\"\/>-->\n      <!--                <p>Champ\u00fa micelar<br \/>calmante<\/p>-->\n      <!--              <\/a>-->\n      <!--          -->\n      <!--          -->\n      <!--             <a href=\"\/es\/volume-spray\/\" aria-label=\"Go to Spray eleva y voluminiza MONAT STUDIO ONE\u2122 SHAMPOO page\">-->\n      <!--              <img decoding=\"async\" src=\"https:\/\/monatglobal.com\/wp-content\/uploads\/2022\/12\/STUDIO-ONE-VOLUME-LIFT-SPRAY_-ecomm-min.png\" alt=\"Spray eleva y voluminiza MONAT STUDIO ONE\u2122\" loading=\"lazy\"\/>-->\n      <!--              <p>Spray eleva y voluminiza<br \/>MONAT STUDIO ONE\u2122<\/p>-->\n      <!--            <\/a>-->\n      <!--          -->\n      <!--          -->\n      <!--           <a href=\"\/es\/makeup-vanishing-balm\/\" aria-label=\"Go to Makeup Vanishing Balm\u2122 page\">-->\n      <!--              <img decoding=\"async\" src=\"https:\/\/monatglobal.com\/wp-content\/uploads\/2022\/12\/makeup-vanishing-balm-ecomm-2022-min.png\" alt=\"Makeup Vanishing Balm\u2122\" loading=\"lazy\"\/>-->\n      <!--              <p>Makeup Vanishing Balm\u2122<\/p>-->\n      <!--           <\/a>-->\n      <!--          -->\n      <!--   -->\n         <!--==================================================== If we need navigation buttons  ====================================================-->\n      <!--   -->\n      <!--   -->\n         <!--==================================================== If we need paginations  ====================================================-->\n      <!--   -->\n      <!---->\n         <!--==================================================== If we need navigation buttons  ====================================================-->\n         <!--==================================================== If we need paginations  ====================================================-->\n    <a href=\"\" aria-label=\"\"><\/a>\n<!--==================================================== this link has to go last for it to work   ====================================================-->\n\n","protected":false},"excerpt":{"rendered":"<p>M\u00c1S VENDIDOS M\u00c1S VENDIDOS Champ\u00faacondicionadoren seco MONAT STUDIO ONE\u2122THE CHAMP\u2122 Reforzado con REJUVENIQE\u00ae Champ\u00fa sin agua que absorbe la grasa, la suciedad y las impurezas entre&nbsp;lavados. Net wt. 113g\/4 oz. \u212e 108 ml\/3.7 fl. oz. Precio de venta Cliente00.00 \u20ac Precio Cliente VIP00.00 \u20ac Para conocer m\u00e1s sobre el Champ\u00fa acondicionador en seco MONAT STUDIO&hellip;<\/p>\n","protected":false},"author":31,"featured_media":67040,"parent":0,"menu_order":0,"comment_status":"closed","ping_status":"closed","template":"","meta":{"inline_featured_image":false,"om_disable_all_campaigns":false,"_monsterinsights_skip_tracking":false,"_monsterinsights_sitenote_active":false,"_monsterinsights_sitenote_note":"","_monsterinsights_sitenote_category":0,"footnotes":""},"categories":[31],"tags":[],"class_list":["post-13709","page","type-page","status-publish","has-post-thumbnail","hentry","category-product-es"],"aioseo_notices":[],"aioseo_head":"\n\t\t<!-- All in One SEO Pro 4.9.5.2 - aioseo.com -->\n\t<meta name=\"description\" content=\"M\u00c1S VENDIDOS M\u00c1S VENDIDOS Champ\u00faacondicionadoren seco MONAT STUDIO ONE\u2122THE CHAMP\u2122 Reforzado con REJUVENIQE\u00ae Champ\u00fa sin agua que absorbe la grasa, la suciedad y las impurezas entre lavados. Net wt. 113g\/4 oz. \u212e 108 ml\/3.7 fl. oz. Precio de venta Cliente00.00 \u20ac Precio Cliente VIP00.00 \u20ac Para conocer m\u00e1s sobre el Champ\u00fa acondicionador en seco MONAT STUDIO\" \/>\n\t<meta name=\"robots\" content=\"max-image-preview:large\" \/>\n\t<link rel=\"canonical\" href=\"https:\/\/monatglobal.com\/es\/conditioning-dry-shampoo\/\" \/>\n\t<meta name=\"generator\" content=\"All in One SEO Pro (AIOSEO) 4.9.5.2\" \/>\n\t\t<meta property=\"og:locale\" content=\"en_US\" \/>\n\t\t<meta property=\"og:site_name\" content=\"MONAT Espa\u00f1a - We Are Modern Nature\u00ae\" \/>\n\t\t<meta property=\"og:type\" content=\"article\" \/>\n\t\t<meta property=\"og:title\" content=\"MONAT STUDIO ONE\u2122 THE CHAMP\u2122 CONDITIONING DRY SHAMPOO - MONAT Espa\u00f1a\" \/>\n\t\t<meta property=\"og:description\" content=\"M\u00c1S VENDIDOS M\u00c1S VENDIDOS Champ\u00faacondicionadoren seco MONAT STUDIO ONE\u2122THE CHAMP\u2122 Reforzado con REJUVENIQE\u00ae Champ\u00fa sin agua que absorbe la grasa, la suciedad y las impurezas entre lavados. Net wt. 113g\/4 oz. \u212e 108 ml\/3.7 fl. oz. Precio de venta Cliente00.00 \u20ac Precio Cliente VIP00.00 \u20ac Para conocer m\u00e1s sobre el Champ\u00fa acondicionador en seco MONAT STUDIO\" \/>\n\t\t<meta property=\"og:url\" content=\"https:\/\/monatglobal.com\/es\/conditioning-dry-shampoo\/\" \/>\n\t\t<meta property=\"article:published_time\" content=\"2016-09-17T17:00:45+00:00\" \/>\n\t\t<meta property=\"article:modified_time\" content=\"2026-02-24T15:51:04+00:00\" \/>\n\t\t<meta name=\"twitter:card\" content=\"summary_large_image\" \/>\n\t\t<meta name=\"twitter:title\" content=\"MONAT STUDIO ONE\u2122 THE CHAMP\u2122 CONDITIONING DRY SHAMPOO - MONAT Espa\u00f1a\" \/>\n\t\t<meta name=\"twitter:description\" content=\"M\u00c1S VENDIDOS M\u00c1S VENDIDOS Champ\u00faacondicionadoren seco MONAT STUDIO ONE\u2122THE CHAMP\u2122 Reforzado con REJUVENIQE\u00ae Champ\u00fa sin agua que absorbe la grasa, la suciedad y las impurezas entre lavados. Net wt. 113g\/4 oz. \u212e 108 ml\/3.7 fl. oz. Precio de venta Cliente00.00 \u20ac Precio Cliente VIP00.00 \u20ac Para conocer m\u00e1s sobre el Champ\u00fa acondicionador en seco MONAT STUDIO\" \/>\n\t\t<script type=\"application\/ld+json\" class=\"aioseo-schema\">\n\t\t\t{\"@context\":\"https:\\\/\\\/schema.org\",\"@graph\":[{\"@type\":\"BreadcrumbList\",\"@id\":\"https:\\\/\\\/monatglobal.com\\\/es\\\/conditioning-dry-shampoo\\\/#breadcrumblist\",\"itemListElement\":[{\"@type\":\"ListItem\",\"@id\":\"https:\\\/\\\/monatglobal.com\\\/es#listItem\",\"position\":1,\"name\":\"Home\",\"item\":\"https:\\\/\\\/monatglobal.com\\\/es\",\"nextItem\":{\"@type\":\"ListItem\",\"@id\":\"https:\\\/\\\/monatglobal.com\\\/es\\\/conditioning-dry-shampoo\\\/#listItem\",\"name\":\"MONAT STUDIO ONE\\u2122 THE CHAMP\\u2122 CONDITIONING DRY SHAMPOO\"}},{\"@type\":\"ListItem\",\"@id\":\"https:\\\/\\\/monatglobal.com\\\/es\\\/conditioning-dry-shampoo\\\/#listItem\",\"position\":2,\"name\":\"MONAT STUDIO ONE\\u2122 THE CHAMP\\u2122 CONDITIONING DRY SHAMPOO\",\"previousItem\":{\"@type\":\"ListItem\",\"@id\":\"https:\\\/\\\/monatglobal.com\\\/es#listItem\",\"name\":\"Home\"}}]},{\"@type\":\"Organization\",\"@id\":\"https:\\\/\\\/monatglobal.com\\\/es\\\/#organization\",\"name\":\"MONAT Espa\\u00f1a\",\"description\":\"We Are Modern Nature\\u00ae\",\"url\":\"https:\\\/\\\/monatglobal.com\\\/es\\\/\"},{\"@type\":\"WebPage\",\"@id\":\"https:\\\/\\\/monatglobal.com\\\/es\\\/conditioning-dry-shampoo\\\/#webpage\",\"url\":\"https:\\\/\\\/monatglobal.com\\\/es\\\/conditioning-dry-shampoo\\\/\",\"name\":\"MONAT STUDIO ONE\\u2122 THE CHAMP\\u2122 CONDITIONING DRY SHAMPOO - MONAT Espa\\u00f1a\",\"description\":\"M\\u00c1S VENDIDOS M\\u00c1S VENDIDOS Champ\\u00faacondicionadoren seco MONAT STUDIO ONE\\u2122THE CHAMP\\u2122 Reforzado con REJUVENIQE\\u00ae Champ\\u00fa sin agua que absorbe la grasa, la suciedad y las impurezas entre lavados. Net wt. 113g\\\/4 oz. \\u212e 108 ml\\\/3.7 fl. oz. Precio de venta Cliente00.00 \\u20ac Precio Cliente VIP00.00 \\u20ac Para conocer m\\u00e1s sobre el Champ\\u00fa acondicionador en seco MONAT STUDIO\",\"inLanguage\":\"en-US\",\"isPartOf\":{\"@id\":\"https:\\\/\\\/monatglobal.com\\\/es\\\/#website\"},\"breadcrumb\":{\"@id\":\"https:\\\/\\\/monatglobal.com\\\/es\\\/conditioning-dry-shampoo\\\/#breadcrumblist\"},\"image\":{\"@type\":\"ImageObject\",\"url\":\"https:\\\/\\\/monatglobal.com\\\/es\\\/wp-content\\\/uploads\\\/sites\\\/10\\\/2021\\\/12\\\/The-champ-conditioning-dry-shampoo-ecomm-2022.png\",\"@id\":\"https:\\\/\\\/monatglobal.com\\\/es\\\/conditioning-dry-shampoo\\\/#mainImage\",\"width\":641,\"height\":800},\"primaryImageOfPage\":{\"@id\":\"https:\\\/\\\/monatglobal.com\\\/es\\\/conditioning-dry-shampoo\\\/#mainImage\"},\"datePublished\":\"2016-09-17T18:00:45+01:00\",\"dateModified\":\"2026-02-24T15:51:04+00:00\"},{\"@type\":\"WebSite\",\"@id\":\"https:\\\/\\\/monatglobal.com\\\/es\\\/#website\",\"url\":\"https:\\\/\\\/monatglobal.com\\\/es\\\/\",\"name\":\"MONAT Espa\\u00f1a\",\"description\":\"We Are Modern Nature\\u00ae\",\"inLanguage\":\"en-US\",\"publisher\":{\"@id\":\"https:\\\/\\\/monatglobal.com\\\/es\\\/#organization\"}}]}\n\t\t<\/script>\n\t\t<!-- All in One SEO Pro -->\r\n\t\t<title>MONAT STUDIO ONE\u2122 THE CHAMP\u2122 CONDITIONING DRY SHAMPOO - MONAT Espa\u00f1a<\/title>\n\n","aioseo_head_json":{"title":"MONAT STUDIO ONE\u2122 THE CHAMP\u2122 CONDITIONING DRY SHAMPOO - MONAT Espa\u00f1a","description":"M\u00c1S VENDIDOS M\u00c1S VENDIDOS Champ\u00faacondicionadoren seco MONAT STUDIO ONE\u2122THE CHAMP\u2122 Reforzado con REJUVENIQE\u00ae Champ\u00fa sin agua que absorbe la grasa, la suciedad y las impurezas entre lavados. Net wt. 113g\/4 oz. \u212e 108 ml\/3.7 fl. oz. Precio de venta Cliente00.00 \u20ac Precio Cliente VIP00.00 \u20ac Para conocer m\u00e1s sobre el Champ\u00fa acondicionador en seco MONAT STUDIO","canonical_url":"https:\/\/monatglobal.com\/es\/conditioning-dry-shampoo\/","robots":"max-image-preview:large","keywords":"","webmasterTools":{"miscellaneous":""},"schema":{"@context":"https:\/\/schema.org","@graph":[{"@type":"BreadcrumbList","@id":"https:\/\/monatglobal.com\/es\/conditioning-dry-shampoo\/#breadcrumblist","itemListElement":[{"@type":"ListItem","@id":"https:\/\/monatglobal.com\/es#listItem","position":1,"name":"Home","item":"https:\/\/monatglobal.com\/es","nextItem":{"@type":"ListItem","@id":"https:\/\/monatglobal.com\/es\/conditioning-dry-shampoo\/#listItem","name":"MONAT STUDIO ONE\u2122 THE CHAMP\u2122 CONDITIONING DRY SHAMPOO"}},{"@type":"ListItem","@id":"https:\/\/monatglobal.com\/es\/conditioning-dry-shampoo\/#listItem","position":2,"name":"MONAT STUDIO ONE\u2122 THE CHAMP\u2122 CONDITIONING DRY SHAMPOO","previousItem":{"@type":"ListItem","@id":"https:\/\/monatglobal.com\/es#listItem","name":"Home"}}]},{"@type":"Organization","@id":"https:\/\/monatglobal.com\/es\/#organization","name":"MONAT Espa\u00f1a","description":"We Are Modern Nature\u00ae","url":"https:\/\/monatglobal.com\/es\/"},{"@type":"WebPage","@id":"https:\/\/monatglobal.com\/es\/conditioning-dry-shampoo\/#webpage","url":"https:\/\/monatglobal.com\/es\/conditioning-dry-shampoo\/","name":"MONAT STUDIO ONE\u2122 THE CHAMP\u2122 CONDITIONING DRY SHAMPOO - MONAT Espa\u00f1a","description":"M\u00c1S VENDIDOS M\u00c1S VENDIDOS Champ\u00faacondicionadoren seco MONAT STUDIO ONE\u2122THE CHAMP\u2122 Reforzado con REJUVENIQE\u00ae Champ\u00fa sin agua que absorbe la grasa, la suciedad y las impurezas entre lavados. Net wt. 113g\/4 oz. \u212e 108 ml\/3.7 fl. oz. Precio de venta Cliente00.00 \u20ac Precio Cliente VIP00.00 \u20ac Para conocer m\u00e1s sobre el Champ\u00fa acondicionador en seco MONAT STUDIO","inLanguage":"en-US","isPartOf":{"@id":"https:\/\/monatglobal.com\/es\/#website"},"breadcrumb":{"@id":"https:\/\/monatglobal.com\/es\/conditioning-dry-shampoo\/#breadcrumblist"},"image":{"@type":"ImageObject","url":"https:\/\/monatglobal.com\/es\/wp-content\/uploads\/sites\/10\/2021\/12\/The-champ-conditioning-dry-shampoo-ecomm-2022.png","@id":"https:\/\/monatglobal.com\/es\/conditioning-dry-shampoo\/#mainImage","width":641,"height":800},"primaryImageOfPage":{"@id":"https:\/\/monatglobal.com\/es\/conditioning-dry-shampoo\/#mainImage"},"datePublished":"2016-09-17T18:00:45+01:00","dateModified":"2026-02-24T15:51:04+00:00"},{"@type":"WebSite","@id":"https:\/\/monatglobal.com\/es\/#website","url":"https:\/\/monatglobal.com\/es\/","name":"MONAT Espa\u00f1a","description":"We Are Modern Nature\u00ae","inLanguage":"en-US","publisher":{"@id":"https:\/\/monatglobal.com\/es\/#organization"}}]},"og:locale":"en_US","og:site_name":"MONAT Espa\u00f1a - We Are Modern Nature\u00ae","og:type":"article","og:title":"MONAT STUDIO ONE\u2122 THE CHAMP\u2122 CONDITIONING DRY SHAMPOO - MONAT Espa\u00f1a","og:description":"M\u00c1S VENDIDOS M\u00c1S VENDIDOS Champ\u00faacondicionadoren seco MONAT STUDIO ONE\u2122THE CHAMP\u2122 Reforzado con REJUVENIQE\u00ae Champ\u00fa sin agua que absorbe la grasa, la suciedad y las impurezas entre lavados. Net wt. 113g\/4 oz. \u212e 108 ml\/3.7 fl. oz. Precio de venta Cliente00.00 \u20ac Precio Cliente VIP00.00 \u20ac Para conocer m\u00e1s sobre el Champ\u00fa acondicionador en seco MONAT STUDIO","og:url":"https:\/\/monatglobal.com\/es\/conditioning-dry-shampoo\/","article:published_time":"2016-09-17T17:00:45+00:00","article:modified_time":"2026-02-24T15:51:04+00:00","twitter:card":"summary_large_image","twitter:title":"MONAT STUDIO ONE\u2122 THE CHAMP\u2122 CONDITIONING DRY SHAMPOO - MONAT Espa\u00f1a","twitter:description":"M\u00c1S VENDIDOS M\u00c1S VENDIDOS Champ\u00faacondicionadoren seco MONAT STUDIO ONE\u2122THE CHAMP\u2122 Reforzado con REJUVENIQE\u00ae Champ\u00fa sin agua que absorbe la grasa, la suciedad y las impurezas entre lavados. Net wt. 113g\/4 oz. \u212e 108 ml\/3.7 fl. oz. Precio de venta Cliente00.00 \u20ac Precio Cliente VIP00.00 \u20ac Para conocer m\u00e1s sobre el Champ\u00fa acondicionador en seco MONAT STUDIO"},"aioseo_meta_data":{"post_id":"13709","title":null,"description":null,"keywords":null,"keyphrases":{"focus":{"keyphrase":"","score":0,"analysis":{"keyphraseInTitle":{"score":0,"maxScore":9,"error":1}}},"additional":[]},"primary_term":null,"canonical_url":null,"og_title":null,"og_description":null,"og_object_type":"default","og_image_type":"default","og_image_url":null,"og_image_width":null,"og_image_height":null,"og_image_custom_url":null,"og_image_custom_fields":null,"og_video":"","og_custom_url":null,"og_article_section":null,"og_article_tags":null,"twitter_use_og":false,"twitter_card":"default","twitter_image_type":"default","twitter_image_url":null,"twitter_image_custom_url":null,"twitter_image_custom_fields":null,"twitter_title":null,"twitter_description":null,"schema":{"blockGraphs":[],"customGraphs":[],"default":{"data":{"Article":[],"Course":[],"Dataset":[],"FAQPage":[],"Movie":[],"Person":[],"Product":[],"ProductReview":[],"Car":[],"Recipe":[],"Service":[],"SoftwareApplication":[],"WebPage":[]},"graphName":"WebPage","isEnabled":true},"graphs":[]},"schema_type":"default","schema_type_options":null,"pillar_content":false,"robots_default":true,"robots_noindex":false,"robots_noarchive":false,"robots_nosnippet":false,"robots_nofollow":false,"robots_noimageindex":false,"robots_noodp":false,"robots_notranslate":false,"robots_max_snippet":"-1","robots_max_videopreview":"-1","robots_max_imagepreview":"large","priority":null,"frequency":"default","local_seo":null,"seo_analyzer_scan_date":"2026-02-24 15:51:41","limit_modified_date":false,"reviewed_by":null,"open_ai":null,"ai":null,"created":"2023-07-26 09:13:11","updated":"2026-02-24 15:58:52"},"aioseo_breadcrumb":"<div class=\"aioseo-breadcrumbs\"><span class=\"aioseo-breadcrumb\">\n\t<a href=\"https:\/\/monatglobal.com\/es\" title=\"Home\">Home<\/a>\n<\/span><span class=\"aioseo-breadcrumb-separator\">&raquo;<\/span><span class=\"aioseo-breadcrumb\">\n\tMONAT STUDIO ONE\u2122 THE CHAMP\u2122 CONDITIONING DRY SHAMPOO\n<\/span><\/div>","aioseo_breadcrumb_json":[{"label":"Home","link":"https:\/\/monatglobal.com\/es"},{"label":"MONAT STUDIO ONE\u2122 THE CHAMP\u2122 CONDITIONING DRY SHAMPOO","link":"https:\/\/monatglobal.com\/es\/conditioning-dry-shampoo\/"}],"_links":{"self":[{"href":"https:\/\/monatglobal.com\/es\/wp-json\/wp\/v2\/pages\/13709","targetHints":{"allow":["GET"]}}],"collection":[{"href":"https:\/\/monatglobal.com\/es\/wp-json\/wp\/v2\/pages"}],"about":[{"href":"https:\/\/monatglobal.com\/es\/wp-json\/wp\/v2\/types\/page"}],"author":[{"embeddable":true,"href":"https:\/\/monatglobal.com\/es\/wp-json\/wp\/v2\/users\/31"}],"replies":[{"embeddable":true,"href":"https:\/\/monatglobal.com\/es\/wp-json\/wp\/v2\/comments?post=13709"}],"version-history":[{"count":40,"href":"https:\/\/monatglobal.com\/es\/wp-json\/wp\/v2\/pages\/13709\/revisions"}],"predecessor-version":[{"id":109219,"href":"https:\/\/monatglobal.com\/es\/wp-json\/wp\/v2\/pages\/13709\/revisions\/109219"}],"wp:featuredmedia":[{"embeddable":true,"href":"https:\/\/monatglobal.com\/es\/wp-json\/wp\/v2\/media\/67040"}],"wp:attachment":[{"href":"https:\/\/monatglobal.com\/es\/wp-json\/wp\/v2\/media?parent=13709"}],"wp:term":[{"taxonomy":"category","embeddable":true,"href":"https:\/\/monatglobal.com\/es\/wp-json\/wp\/v2\/categories?post=13709"},{"taxonomy":"post_tag","embeddable":true,"href":"https:\/\/monatglobal.com\/es\/wp-json\/wp\/v2\/tags?post=13709"}],"curies":[{"name":"wp","href":"https:\/\/api.w.org\/{rel}","templated":true}]}}