{"id":13351,"date":"2016-08-08T15:01:24","date_gmt":"2016-08-08T15:01:24","guid":{"rendered":"https:\/\/monatglobal.com\/uk\/?page_id=13351"},"modified":"2026-02-23T20:46:43","modified_gmt":"2026-02-23T20:46:43","slug":"irt-shampoo","status":"publish","type":"page","link":"https:\/\/monatglobal.com\/es\/irt-shampoo\/","title":{"rendered":"Champ\u00fa espesante IR Clinical\u2122"},"content":{"rendered":"\n<link rel=\"stylesheet\" href=\"https:\/\/unpkg.com\/swiper\/swiper-bundle.min.css\">\n<link rel=\"stylesheet\" href=\"https:\/\/monatglobal.com\/wp-content\/creative_css\/product_styles_sheet.css\">\n\t<!--==================================================== ECOMM SECTION ====================================================-->\n\t <p>M\u00c1S VENDIDOS<\/p>\n\t\t<!--==================================================== Ecomm image ====================================================-->\n\t\t<img decoding=\"async\" alt=\"Product shot of IR Clinical\u2122 Thickening Shampoo.\" src=\"https:\/\/monatglobal.com\/wp-content\/uploads\/2022\/08\/IR-CLINICAL-THICKENING-SHAMPOO_ecomm-2022_web-page.png\" loading=\"lazy\">\n\t\t<!--==================================================== Ecomm information  ====================================================-->\n\t\t\t\n\t\t\tNUEVO \n\t\t\t <p>M\u00c1S VENDIDOS<\/p>\n\t\t\t<h1>Champ\u00fa <br> espesante<\/h1>\n         <p>IR Clinical\u2122<\/p>\n\t\t\t\n\t\t\t<p>Una experiencia de limpieza estimulante para un cabello m\u00e1s fuerte y con m\u00e1s volumen*.<\/p>\n\t\t\t<p>*Basado en una prueba instrumental que mide el di\u00e1metro de la fibra capilar tras la aplicaci\u00f3n del producto.<\/p>\n\t\t\t<p>237 ml \u212e 8 fl. oz.<\/p>   \n\t\t<!--==================================================== pricing box  ====================================================-->\n         <p>Precio de venta Cliente<br>00.00 \u20ac<\/p>\n         <p>Precio Cliente VIP<br>00.00 \u20ac<\/p>\n\t\t<!--==================================================== pricing box  ====================================================-->\t\n\t\t\t<p>Para saber m\u00e1s sobre el Champ\u00fa espesante IR Clinical\u2122, ponte en contacto con tu Market Partner de&nbsp;MONAT.<\/p>\n          <a href=\"\" target=\"_blank\" role=\"button\" aria-label=\"\" rel=\"noopener\"><\/a>\n\t<!--==================================================== \/ECOMM SECTION  ====================================================-->\n\t<!--==================================================== Benefits image ====================================================-->\n\t\n\t\t<source media=\"(max-width: 700px)\" srcset=\"https:\/\/monatglobal.com\/wp-content\/uploads\/2022\/08\/benefits-mobile-Ir-clinical-shampoo.jpg\" loading=\"lazy\">\n\t\t\t<img decoding=\"async\" alt=\"Blonde female infront of a white background.\" src=\"https:\/\/monatglobal.com\/wp-content\/uploads\/2022\/08\/IRC-Shampoo-desktop-benefits.jpg\" loading=\"lazy\">\n\t\t\n\t\t<!--==================================================== Benefits text ====================================================-->\n\t\t\t\t<h2>BENEFICIOS<\/h2>\n\t\t\t\t<h3>Prep\u00e1rate para luchar contra la ca\u00edda del cabello y conseguir un cabello m\u00e1s fuerte, con m\u00e1s volumen y m\u00e1s radiante. *  Esta f\u00f3rmula desarrollada cl\u00ednicamente elimina el sebo y la contaminaci\u00f3n y engrosa el cabello tras su uso&nbsp;repetido.** <\/h3>\n                     <p>* Basado en un estudio de rotura del cabello tras el peinado y el cepillado. <br> ** Basado en una prueba instrumental que mide el di\u00e1metro de la fibra capilar tras dos aplicaciones.<\/p> \n\t\t\t\t<!--==================================================== features image  ====================================================-->\n\t\t\t\t<img decoding=\"async\" alt=\"Petri dishes with different ingredients sitting on a lavendar surface.\" src=\"https:\/\/monatglobal.com\/wp-content\/uploads\/2022\/08\/IR-Clinical-ingredients-mobile-.jpg\" loading=\"lazy\">\n\t\t\t<!--==================================================== features text ====================================================-->\n\t\t\t\t\t<h3>Propiedades<\/h3>  \n\t\t\t\t\t    <p>\/ CAPIXYL\u2122 ayuda a fortalecer, engrosar y aumentar la densidad<\/p>\n\t\t\t\t\t\t<p>\/ REJUVENIQE<sup>\u00ae<\/sup>, con \u00e1cidos grasos omega, antioxidantes y nutrientes<\/p>\n\t\t\t\t\t\t<p>\/ Extracto de guisante para apoyar el aspecto sano del cabello<\/p>\n\t\t\t\t\t\t<br>\n\t\t\t\t\t<p> Fragancia \/ Notas refrescantes de aceite de romero y menta<\/p>\n\t\t\t\t\t<p> Textura \/ Champ\u00fa rico en espuma<\/p>\n\t\t<!--==================================================== composition image mobile ====================================================-->\n\t\t<img decoding=\"async\" alt=\"IR Clinical\u2122 Thickening Shampoo on a white surface, infront of test tubes filled with purple liquid.\" src=\"https:\/\/monatglobal.com\/wp-content\/uploads\/2022\/08\/IR-Clinical-Shampo-Comp1.jpg\" loading=\"lazy\">\n\t\t<!--==================================================== Why it works text ====================================================-->\n\t\t\t<h2>Thicker, fuller-looking hair* <\/h2>\n\t\t\t<h3> Cabello con un aspecto m\u00e1s grueso y con volumen*<\/h3>\n             <p>*Basado en una prueba instrumental que mide el di\u00e1metro de la fibra capilar tras la aplicaci\u00f3n del producto.<\/p> \n              <p>Una mezcla \u00fanica con activos para engrosar y fortalecer el cabello y con REJUVENIQE<sup>\u00ae<\/sup> que trabajan para satisfacer la necesidad de un cabello m\u00e1s grueso y con m\u00e1s volumen, a la vez que proporcionan una experiencia de champ\u00fa&nbsp;vigorizante.<\/p>\n\t<!--==================================================== Composition section ====================================================-->\n\t\t\t<img decoding=\"async\" alt=\"IR Clinical\u2122 Thickening Shampoo on a white surface, infront of test tubes filled with purple liquid.\" src=\"https:\/\/monatglobal.com\/wp-content\/uploads\/2022\/08\/IR-Clinical-Shampo-Comp1.jpg\" loading=\"lazy\">\n\t\t\t<img decoding=\"async\" alt=\"A blonde female washing her hair in the shower, overlaying a photo of bubbles on a purple background.\" src=\"https:\/\/monatglobal.com\/wp-content\/uploads\/2022\/08\/IR-Clinical-Composition-2.jpg\" loading=\"lazy\">\n\t\t\t\t\t<!--==================================================== Directions text ====================================================--> \n\t\t\t\t\t\t<h3>Instrucciones de uso<\/h3>\n\t\t\t\t\t\t\t<p>\/ Aplicar sobre el cabello mojado. <\/p>\n\t\t\t\t\t\t\t<p>\/ Masajear para crear espuma durante 1 o 2 minutos. Aclarar y repetir.<\/p>\n\t\t\t\t\t\t\t<p>\/ Usa despu\u00e9s el Acondicionador espesante IR Clinical\u2122.<\/p>\n\t\t\t\t\t<!--==================================================== Directions video ====================================================-->\n\t\tChamp\u00fa espesante<br>\n\t\tIR Clinical\u2122<br>0:43\n      <a href=\"\" target=\"_blank\" role=\"button\" aria-label=\"\" rel=\"noopener\"><\/a>\n\t<!--==================================================== Ingredients section  ====================================================-->\n\t\t<h2>INGREDIENTES PRINCIPALES\n<\/h2>\n\t<img decoding=\"async\" src=\"https:\/\/monatglobal.com\/wp-content\/uploads\/2022\/11\/Rosemary-Oil.svg\" alt=\"Rosemary Oil\">\n\t\nAceite de romero \n\t\t<img decoding=\"async\" src=\"https:\/\/monatglobal.com\/wp-content\/uploads\/2022\/11\/Peppermint-Oil.svg\" alt=\"Peppermint Oil\">\n\t<p>Aceite de menta<\/p>\n\t\t\t<img decoding=\"async\" src=\"https:\/\/monatglobal.com\/wp-content\/uploads\/2022\/11\/REJUVENIQE\u2122.svg\" alt=\"REJUVENIQE\u2122\">\n\t\t\t\t<p>REJUVENIQE<sup>\u00ae<\/sup><\/p>\n\t\t<img decoding=\"async\" src=\"https:\/\/monatglobal.com\/wp-content\/uploads\/2022\/11\/capixyl.svg\" alt=\"Capixyl\u2122 Icon\">\n\t\t\t<p>CAPIXYL\u2122 <\/p>\n\t\t<img decoding=\"async\" src=\"https:\/\/monatglobal.com\/wp-content\/uploads\/2022\/11\/Pea-extract.svg\" alt=\"Pea Extract\">\n\t\t<p>Extracto de guisante<\/p>\n<img decoding=\"async\" src=\"https:\/\/monatglobal.com\/wp-content\/uploads\/2022\/08\/Vegan-uv-protect.svg\">\t\n\t<p>Protector UV vegano<\/p>\n\t<button id=\"myBtn\" type=\"button\">LISTA DE INGREDIENTES<\/button>\n\t<!--==================================================== Modal content  ====================================================-->\n\t\t\u00d7\n\t\t<p>Aqua\/Water\/Eau, Sodium Lauroyl Methyl Isethionate, Sodium Cocoyl Isethionate, Acrylates Copolymer, Lauramidopropyl Betaine, Glycol Distearate, Glycereth-26, Cetearyl Alcohol, Pisum Sativum (Pea) Extract, Acetyl Tetrapeptide-3, Trifolium Pratense (Clover) Flower Extract, Limnanthes Alba (Meadowfoam) Seed Oil, Crambe Abyssinica Seed Oil, Camellia Oleifera Seed Oil, Solanum Lycopersicum (Tomato) Seed Oil, Daucus Carota Sativa (Carrot) Seed Oil, Citrus Limon (Lemon) Peel Oil, Citrus Aurantifolia (Lime) Oil, Citrus Aurantium Bergamia (Bergamot) Fruit Oil, Adansonia Digitata Oil, Mauritia Flexuosa Fruit Oil, Cocos Nucifera (Coconut) Oil, Gardenia Taitensis Flower Extract, Moringa Oleifera Seed Oil, Caryocar Brasiliense Fruit Oil, Helianthus Annuus (Sunflower) Seed Oil, Mentha Piperita (Peppermint) Oil, Rosmarinus Officinalis (Rosemary) Leaf Oil, Glycerin, Cinnamidopropyltrimonium Chloride, Dextran, Polyquaternium-7, Butylene Glycol, Citric Acid, Vanillyl Butyl Ether, Polyquaternium-10, Disodium EDTA, Sodium Hydroxide, Benzyl Alcohol, Caprylyl Glycol, Benzoic Acid, Sodium Isethionate, Coconut Aid, Trisodium Ethylenediamine Disuccinate, Sodium Benzoate.<\/p>\n<!--==================================================== You might also like section ====================================================-->\n\t<h2>PUEDE QUE TAMBI\u00c9N TE GUSTE<\/h2>\n\t<!--==================================================== Slider YOU MIGHT ALSO LIKE ====================================================-->\n\t<!---->\n\t<!--\t-->\n\t\t\t<!--==================================================== Slides products ====================================================-->\n\t<!--\t\t-->\n\t<!--\t\t\t<a href=\"\/es\/intense-repair-treatment-conditioner\/\" aria-label=\"Go to Acondicionador espesante IR Clinical\u2122 page\">-->\n\t<!--\t\t\t\t<img decoding=\"async\" src=\"https:\/\/monatglobal.com\/wp-content\/uploads\/2022\/12\/IR-CLINICAL-THICKENING-CONDITIONER_E_comm-min.png\" alt=\"Acondicionador espesante IR Clinical\u2122\" loading=\"lazy\"\/>-->\n\t<!--\t\t\t\t<p>Acondicionador espesante <br \/> IR Clinical\u2122<\/p>-->\n\t<!--\t\t\t<\/a>-->\n\t<!--\t\t-->\n\t<!--\t\t-->\n\t<!--\t\t\t<a href=\"\/es\/intense-repair-serum\/\" aria-label=\"Go to S\u00e9rum para el cuero cabelludo Cuidado para cabellos debilitados IR Clinical\u2122 page\">-->\n\t<!--\t\t\t\t<img decoding=\"async\" src=\"https:\/\/monatglobal.com\/wp-content\/uploads\/2022\/12\/IR-CLINICAL-HAIR-THINNING-DEFENSE-SERUM_E_comm-min.png\" alt=\"S\u00e9rum para el cuero cabelludo Cuidado para cabellos debilitados IR Clinical\u2122\" loading=\"lazy\"\/>-->\n\t<!--\t\t\t\t<p>S\u00e9rum para el cuero cabelludo Cuidado para cabellos debilitados IR Clinical\u2122<\/p>-->\n\t<!--\t\t\t<\/a>-->\n\t<!--\t\t-->\n\t<!--\t\t-->\n\t<!--\t\t\t<a href=\"\/es\/volume-spray\/\" aria-label=\"Go to Spray eleva y voluminiza MONAT STUDIO ONE\u2122 page\">-->\n\t<!--\t\t\t\t<img decoding=\"async\" src=\"https:\/\/monatglobal.com\/wp-content\/uploads\/2022\/12\/STUDIO-ONE-VOLUME-LIFT-SPRAY_-ecomm-min.png\" alt=\"Spray eleva y voluminiza  MONAT STUDIO ONE\u2122\" loading=\"lazy\"\/>-->\n\t<!--\t\t\t\t<p>Spray eleva y voluminiza <br \/> MONAT STUDIO ONE\u2122<\/p>-->\n\t<!--\t\t\t<\/a>-->\n\t<!--\t\t-->\n\t<!--\t-->\n\t\t<!--==================================================== If we need navigation buttons  ====================================================-->\n\t<!--\t-->\n\t<!--\t-->\n\t\t<!--==================================================== If we need paginations  ====================================================-->\n\t<!--\t-->\n\t<!---->\n         <!--==================================================== If we need navigation buttons  ====================================================-->\n         <!--==================================================== If we need paginations  ====================================================-->\n    <a href=\"\" aria-label=\"\"><\/a>\n<!--==================================================== this link has to go last for it to work   ====================================================-->\n","protected":false},"excerpt":{"rendered":"<p>M\u00c1S VENDIDOS NUEVO M\u00c1S VENDIDOS Champ\u00fa espesante IR Clinical\u2122 Una experiencia de limpieza estimulante para un cabello m\u00e1s fuerte y con m\u00e1s volumen*. *Basado en una prueba instrumental que mide el di\u00e1metro de la fibra capilar tras la aplicaci\u00f3n del producto. 237 ml \u212e 8 fl. oz. Precio de venta Cliente00.00 \u20ac Precio Cliente VIP00.00&hellip;<\/p>\n","protected":false},"author":31,"featured_media":70372,"parent":0,"menu_order":0,"comment_status":"closed","ping_status":"closed","template":"","meta":{"inline_featured_image":false,"om_disable_all_campaigns":false,"_monsterinsights_skip_tracking":false,"_monsterinsights_sitenote_active":false,"_monsterinsights_sitenote_note":"","_monsterinsights_sitenote_category":0,"footnotes":""},"categories":[31],"tags":[],"class_list":["post-13351","page","type-page","status-publish","has-post-thumbnail","hentry","category-product-es"],"aioseo_notices":[],"aioseo_head":"\n\t\t<!-- All in One SEO Pro 4.9.6 - aioseo.com -->\n\t<meta name=\"description\" content=\"M\u00c1S VENDIDOS --&gt;\" \/>\n\t<meta name=\"robots\" content=\"max-image-preview:large\" \/>\n\t<link rel=\"canonical\" href=\"https:\/\/monatglobal.com\/es\/irt-shampoo\/\" \/>\n\t<meta name=\"generator\" content=\"All in One SEO Pro (AIOSEO) 4.9.6\" \/>\n\t\t<meta property=\"og:locale\" content=\"en_US\" \/>\n\t\t<meta property=\"og:site_name\" content=\"MONAT Espa\u00f1a - We Are Modern Nature\u00ae\" \/>\n\t\t<meta property=\"og:type\" content=\"article\" \/>\n\t\t<meta property=\"og:title\" content=\"Champ\u00fa espesante IR Clinical\u2122\" \/>\n\t\t<meta property=\"og:description\" content=\"M\u00c1S VENDIDOS --&gt;\" \/>\n\t\t<meta property=\"og:url\" content=\"https:\/\/monatglobal.com\/es\/irt-shampoo\/\" \/>\n\t\t<meta property=\"article:published_time\" content=\"2016-08-08T15:01:24+00:00\" \/>\n\t\t<meta property=\"article:modified_time\" content=\"2026-02-23T20:46:43+00:00\" \/>\n\t\t<meta name=\"twitter:card\" content=\"summary_large_image\" \/>\n\t\t<meta name=\"twitter:title\" content=\"Champ\u00fa espesante IR Clinical\u2122\" \/>\n\t\t<meta name=\"twitter:description\" content=\"M\u00c1S VENDIDOS --&gt;\" \/>\n\t\t<script type=\"application\/ld+json\" class=\"aioseo-schema\">\n\t\t\t{\"@context\":\"https:\\\/\\\/schema.org\",\"@graph\":[{\"@type\":\"BreadcrumbList\",\"@id\":\"https:\\\/\\\/monatglobal.com\\\/es\\\/irt-shampoo\\\/#breadcrumblist\",\"itemListElement\":[{\"@type\":\"ListItem\",\"@id\":\"https:\\\/\\\/monatglobal.com\\\/es#listItem\",\"position\":1,\"name\":\"Home\",\"item\":\"https:\\\/\\\/monatglobal.com\\\/es\",\"nextItem\":{\"@type\":\"ListItem\",\"@id\":\"https:\\\/\\\/monatglobal.com\\\/es\\\/irt-shampoo\\\/#listItem\",\"name\":\"Champ\\u00fa espesante IR Clinical\\u2122\"}},{\"@type\":\"ListItem\",\"@id\":\"https:\\\/\\\/monatglobal.com\\\/es\\\/irt-shampoo\\\/#listItem\",\"position\":2,\"name\":\"Champ\\u00fa espesante IR Clinical\\u2122\",\"previousItem\":{\"@type\":\"ListItem\",\"@id\":\"https:\\\/\\\/monatglobal.com\\\/es#listItem\",\"name\":\"Home\"}}]},{\"@type\":\"Organization\",\"@id\":\"https:\\\/\\\/monatglobal.com\\\/es\\\/#organization\",\"name\":\"MONAT Espa\\u00f1a\",\"description\":\"We Are Modern Nature\\u00ae\",\"url\":\"https:\\\/\\\/monatglobal.com\\\/es\\\/\"},{\"@type\":\"WebPage\",\"@id\":\"https:\\\/\\\/monatglobal.com\\\/es\\\/irt-shampoo\\\/#webpage\",\"url\":\"https:\\\/\\\/monatglobal.com\\\/es\\\/irt-shampoo\\\/\",\"name\":\"Champ\\u00fa espesante IR Clinical\\u2122\",\"description\":\"M\\u00c1S VENDIDOS -->\",\"inLanguage\":\"en-US\",\"isPartOf\":{\"@id\":\"https:\\\/\\\/monatglobal.com\\\/es\\\/#website\"},\"breadcrumb\":{\"@id\":\"https:\\\/\\\/monatglobal.com\\\/es\\\/irt-shampoo\\\/#breadcrumblist\"},\"image\":{\"@type\":\"ImageObject\",\"url\":\"https:\\\/\\\/monatglobal.com\\\/es\\\/wp-content\\\/uploads\\\/sites\\\/10\\\/2022\\\/09\\\/IR-CLINICAL-THICKENING-SHAMPOO_ecomm-2022_web-page.png\",\"@id\":\"https:\\\/\\\/monatglobal.com\\\/es\\\/irt-shampoo\\\/#mainImage\",\"width\":641,\"height\":800},\"primaryImageOfPage\":{\"@id\":\"https:\\\/\\\/monatglobal.com\\\/es\\\/irt-shampoo\\\/#mainImage\"},\"datePublished\":\"2016-08-08T15:01:24+01:00\",\"dateModified\":\"2026-02-23T20:46:43+00:00\"},{\"@type\":\"WebSite\",\"@id\":\"https:\\\/\\\/monatglobal.com\\\/es\\\/#website\",\"url\":\"https:\\\/\\\/monatglobal.com\\\/es\\\/\",\"name\":\"MONAT Espa\\u00f1a\",\"description\":\"We Are Modern Nature\\u00ae\",\"inLanguage\":\"en-US\",\"publisher\":{\"@id\":\"https:\\\/\\\/monatglobal.com\\\/es\\\/#organization\"}}]}\n\t\t<\/script>\n\t\t<!-- All in One SEO Pro -->\r\n\t\t<title>Champ\u00fa espesante IR Clinical\u2122<\/title>\n\n","aioseo_head_json":{"title":"Champ\u00fa espesante IR Clinical\u2122","description":"M\u00c1S VENDIDOS -->","canonical_url":"https:\/\/monatglobal.com\/es\/irt-shampoo\/","robots":"max-image-preview:large","keywords":"","webmasterTools":{"miscellaneous":""},"schema":{"@context":"https:\/\/schema.org","@graph":[{"@type":"BreadcrumbList","@id":"https:\/\/monatglobal.com\/es\/irt-shampoo\/#breadcrumblist","itemListElement":[{"@type":"ListItem","@id":"https:\/\/monatglobal.com\/es#listItem","position":1,"name":"Home","item":"https:\/\/monatglobal.com\/es","nextItem":{"@type":"ListItem","@id":"https:\/\/monatglobal.com\/es\/irt-shampoo\/#listItem","name":"Champ\u00fa espesante IR Clinical\u2122"}},{"@type":"ListItem","@id":"https:\/\/monatglobal.com\/es\/irt-shampoo\/#listItem","position":2,"name":"Champ\u00fa espesante IR Clinical\u2122","previousItem":{"@type":"ListItem","@id":"https:\/\/monatglobal.com\/es#listItem","name":"Home"}}]},{"@type":"Organization","@id":"https:\/\/monatglobal.com\/es\/#organization","name":"MONAT Espa\u00f1a","description":"We Are Modern Nature\u00ae","url":"https:\/\/monatglobal.com\/es\/"},{"@type":"WebPage","@id":"https:\/\/monatglobal.com\/es\/irt-shampoo\/#webpage","url":"https:\/\/monatglobal.com\/es\/irt-shampoo\/","name":"Champ\u00fa espesante IR Clinical\u2122","description":"M\u00c1S VENDIDOS -->","inLanguage":"en-US","isPartOf":{"@id":"https:\/\/monatglobal.com\/es\/#website"},"breadcrumb":{"@id":"https:\/\/monatglobal.com\/es\/irt-shampoo\/#breadcrumblist"},"image":{"@type":"ImageObject","url":"https:\/\/monatglobal.com\/es\/wp-content\/uploads\/sites\/10\/2022\/09\/IR-CLINICAL-THICKENING-SHAMPOO_ecomm-2022_web-page.png","@id":"https:\/\/monatglobal.com\/es\/irt-shampoo\/#mainImage","width":641,"height":800},"primaryImageOfPage":{"@id":"https:\/\/monatglobal.com\/es\/irt-shampoo\/#mainImage"},"datePublished":"2016-08-08T15:01:24+01:00","dateModified":"2026-02-23T20:46:43+00:00"},{"@type":"WebSite","@id":"https:\/\/monatglobal.com\/es\/#website","url":"https:\/\/monatglobal.com\/es\/","name":"MONAT Espa\u00f1a","description":"We Are Modern Nature\u00ae","inLanguage":"en-US","publisher":{"@id":"https:\/\/monatglobal.com\/es\/#organization"}}]},"og:locale":"en_US","og:site_name":"MONAT Espa\u00f1a - We Are Modern Nature\u00ae","og:type":"article","og:title":"Champ\u00fa espesante IR Clinical\u2122","og:description":"M\u00c1S VENDIDOS --&gt;","og:url":"https:\/\/monatglobal.com\/es\/irt-shampoo\/","article:published_time":"2016-08-08T15:01:24+00:00","article:modified_time":"2026-02-23T20:46:43+00:00","twitter:card":"summary_large_image","twitter:title":"Champ\u00fa espesante IR Clinical\u2122","twitter:description":"M\u00c1S VENDIDOS --&gt;"},"aioseo_meta_data":{"post_id":"13351","title":"Champ\u00fa espesante IR Clinical\u2122","description":null,"keywords":null,"keyphrases":{"focus":{"keyphrase":"","score":0,"analysis":{"keyphraseInTitle":{"score":0,"maxScore":9,"error":1}}},"additional":[]},"primary_term":null,"canonical_url":null,"og_title":null,"og_description":null,"og_object_type":"default","og_image_type":"default","og_image_url":null,"og_image_width":null,"og_image_height":null,"og_image_custom_url":null,"og_image_custom_fields":null,"og_video":"","og_custom_url":null,"og_article_section":null,"og_article_tags":null,"twitter_use_og":false,"twitter_card":"default","twitter_image_type":"default","twitter_image_url":null,"twitter_image_custom_url":null,"twitter_image_custom_fields":null,"twitter_title":null,"twitter_description":null,"schema":{"blockGraphs":[],"customGraphs":[],"default":{"data":{"Article":[],"Course":[],"Dataset":[],"FAQPage":[],"Movie":[],"Person":[],"Product":[],"ProductReview":[],"Car":[],"Recipe":[],"Service":[],"SoftwareApplication":[],"WebPage":[]},"graphName":"WebPage","isEnabled":true},"graphs":[]},"schema_type":"default","schema_type_options":null,"pillar_content":false,"robots_default":true,"robots_noindex":false,"robots_noarchive":false,"robots_nosnippet":false,"robots_nofollow":false,"robots_noimageindex":false,"robots_noodp":false,"robots_notranslate":false,"robots_max_snippet":"-1","robots_max_videopreview":"-1","robots_max_imagepreview":"large","priority":null,"frequency":"default","local_seo":null,"seo_analyzer_scan_date":"2026-02-23 20:50:45","limit_modified_date":false,"reviewed_by":"0","open_ai":null,"ai":{"faqs":[],"keyPoints":[],"titles":[],"descriptions":[],"socialPosts":{"email":[],"linkedin":[],"twitter":[],"facebook":[],"instagram":[]}},"created":"2023-07-26 09:13:11","updated":"2026-02-23 20:50:45"},"aioseo_breadcrumb":"<div class=\"aioseo-breadcrumbs\"><span class=\"aioseo-breadcrumb\">\n\t<a href=\"https:\/\/monatglobal.com\/es\" title=\"Home\">Home<\/a>\n<\/span><span class=\"aioseo-breadcrumb-separator\">&raquo;<\/span><span class=\"aioseo-breadcrumb\">\n\tChamp\u00fa espesante IR Clinical\u2122\n<\/span><\/div>","aioseo_breadcrumb_json":[{"label":"Home","link":"https:\/\/monatglobal.com\/es"},{"label":"Champ\u00fa espesante IR Clinical\u2122","link":"https:\/\/monatglobal.com\/es\/irt-shampoo\/"}],"_links":{"self":[{"href":"https:\/\/monatglobal.com\/es\/wp-json\/wp\/v2\/pages\/13351","targetHints":{"allow":["GET"]}}],"collection":[{"href":"https:\/\/monatglobal.com\/es\/wp-json\/wp\/v2\/pages"}],"about":[{"href":"https:\/\/monatglobal.com\/es\/wp-json\/wp\/v2\/types\/page"}],"author":[{"embeddable":true,"href":"https:\/\/monatglobal.com\/es\/wp-json\/wp\/v2\/users\/31"}],"replies":[{"embeddable":true,"href":"https:\/\/monatglobal.com\/es\/wp-json\/wp\/v2\/comments?post=13351"}],"version-history":[{"count":29,"href":"https:\/\/monatglobal.com\/es\/wp-json\/wp\/v2\/pages\/13351\/revisions"}],"predecessor-version":[{"id":109184,"href":"https:\/\/monatglobal.com\/es\/wp-json\/wp\/v2\/pages\/13351\/revisions\/109184"}],"wp:featuredmedia":[{"embeddable":true,"href":"https:\/\/monatglobal.com\/es\/wp-json\/wp\/v2\/media\/70372"}],"wp:attachment":[{"href":"https:\/\/monatglobal.com\/es\/wp-json\/wp\/v2\/media?parent=13351"}],"wp:term":[{"taxonomy":"category","embeddable":true,"href":"https:\/\/monatglobal.com\/es\/wp-json\/wp\/v2\/categories?post=13351"},{"taxonomy":"post_tag","embeddable":true,"href":"https:\/\/monatglobal.com\/es\/wp-json\/wp\/v2\/tags?post=13351"}],"curies":[{"name":"wp","href":"https:\/\/api.w.org\/{rel}","templated":true}]}}